{"id":1017,"date":"2013-11-14T15:06:18","date_gmt":"2013-11-14T13:06:18","guid":{"rendered":"https:\/\/www.finbandy.fi\/fi\/?page_id=1017"},"modified":"2025-10-15T11:19:50","modified_gmt":"2025-10-15T08:19:50","slug":"kv-kilpailujen-saannot-ja-ohjeet","status":"publish","type":"page","link":"https:\/\/www.finbandy.fi\/fi\/maajoukkueet\/kv-kilpailujen-saannot-ja-ohjeet\/","title":{"rendered":"KV-kilpailujen s\u00e4\u00e4nn\u00f6t ja ohjeet"},"content":{"rendered":"<div id=\"wp_fb_like_button\" style=\"margin:5px 0;float:none;height:50px;\"><script src=\"http:\/\/connect.facebook.net\/en_US\/all.js#xfbml=1\"><\/script><fb:like href=\"https:\/\/www.finbandy.fi\/fi\/maajoukkueet\/kv-kilpailujen-saannot-ja-ohjeet\/\" send=\"true\" layout=\"button_count\" width=\"400\" show_faces=\"false\" font=\"arial\" action=\"like\" colorscheme=\"light\"><\/fb:like><\/div><h3>Kansainv\u00e4listen kilpailujen s\u00e4\u00e4nn\u00f6t ja ohjeet<\/h3>\n<p>T\u00e4lt\u00e4 sivustolta p\u00e4\u00e4set FIB:n kotisivujen kohtaan, mist\u00e4 l\u00f6ytyy tietoa sallituista <a href=\"https:\/\/www.finbandy.fi\/fi\/wp-content\/uploads\/2025\/10\/Equipment-13-12-2024.pdf\">kilpailuv\u00e4lineist\u00e4<\/a>, ohjeet <a href=\"https:\/\/www.worldbandy.com\/wp-content\/uploads\/2024\/07\/FIB-Guidelines-to-Organizers1.pdf\">kisaj\u00e4rjest\u00e4j\u00e4lle<\/a>, <a href=\"https:\/\/www.worldbandy.com\/wp-content\/uploads\/2024\/07\/FIB-Conditions-for-WCS-Senior-05-07-2024.pdf\">MM-kisojen s\u00e4\u00e4nn\u00f6t<\/a>, <a href=\"https:\/\/www.worldbandy.com\/wp-content\/uploads\/2023\/08\/FIB-OFFICIAL-RULE-BOOK-2023-2024.pdf\">kv. pelis\u00e4\u00e4nn\u00f6t.<\/a><\/p>\n<p><a title=\"SJPL:n antidopingohjelma\" href=\"https:\/\/www.finbandy.fi\/fi\/wp-content\/uploads\/2021\/09\/Antidopingohjelma.pdf\">SJPL:n antidopingohjelma<\/a><\/p>\n<p><strong>SUEK ASIAT <\/strong><\/p>\n<p>Ohessa on linkki kiellettyjen ja sallittujen aineiden listalle sek\u00e4 erivapausanomuslomakkeelle.<\/p>\n<p>Erivapautta haetaan SUEK:lta ja se on pyydett\u00e4v\u00e4 englanninkielisen\u00e4.<\/p>\n<p><a href=\"http:\/\/www.antidoping.fi\/view.cfm?page=main&amp;CFID=552653&amp;CFTOKEN=92587467\">http:\/\/www.antidoping.fi\/view.cfm?page=main&amp;CFID=552653&amp;CFTOKEN=92587467<\/a><\/p>\n<p>Yhteyshenkil\u00f6n\u00e4 J\u00e4\u00e4palloliitossa antidoping-asioissa on toiminnanjohtaja Tobias Karlsson, s\u00e4hk\u00f6posti: tobias.karlsson@finbandy.fi<\/p>\n<h3>Vedonly\u00f6nti<\/h3>\n<p>Liiton ja maajoukkueiden toimihenkil\u00f6t, valmentajat tai maajoukkueiden urheilijat eiv\u00e4t mainosta tai markkinoi Veikkauksen kanssa samalla toimialalla olevia yrityksi\u00e4 tai niiden tuotteita.<\/p>\n<p>Maajoukkueenjohto ja pelaajat toimenpiteill\u00e4\u00e4n edist\u00e4v\u00e4t vedonly\u00f6nnin rehellisyytt\u00e4 ja he itse tai v\u00e4lillisesti eiv\u00e4t osallistu omia otteluitaan koskevaan vedonly\u00f6ntiin tai veikkaukseen ja ett\u00e4 he muutoinkin pid\u00e4tt\u00e4ytyv\u00e4t kaikesta sellaisesta toiminnasta, joka saattaa aiheuttaa heid\u00e4n suhteensa vedonly\u00f6nti- ja veikkaustoimintaan n\u00e4hden kyseenalaiseen asemaan.<\/p>\n<p>Vedonly\u00f6nnin yhdyshenkil\u00f6 on Tobias Karlsson.<\/p>\n","protected":false},"excerpt":{"rendered":"<p>Kansainv\u00e4listen kilpailujen s\u00e4\u00e4nn\u00f6t ja ohjeet T\u00e4lt\u00e4 sivustolta p\u00e4\u00e4set FIB:n kotisivujen kohtaan, mist\u00e4 l\u00f6ytyy tietoa sallituista kilpailuv\u00e4lineist\u00e4, ohjeet kisaj\u00e4rjest\u00e4j\u00e4lle, MM-kisojen s\u00e4\u00e4nn\u00f6t, kv. pelis\u00e4\u00e4nn\u00f6t. SJPL:n antidopingohjelma SUEK ASIAT Ohessa on linkki kiellettyjen ja sallittujen aineiden listalle sek\u00e4 erivapausanomuslomakkeelle. Erivapautta haetaan SUEK:lta ja se on pyydett\u00e4v\u00e4 englanninkielisen\u00e4. http:\/\/www.antidoping.fi\/view.cfm?page=main&amp;CFID=552653&amp;CFTOKEN=92587467 Yhteyshenkil\u00f6n\u00e4 J\u00e4\u00e4palloliitossa antidoping-asioissa on toiminnanjohtaja Tobias Karlsson, s\u00e4hk\u00f6posti: tobias.karlsson@finbandy.fi Vedonly\u00f6nti [&hellip;]<\/p>\n","protected":false},"author":1,"featured_media":0,"parent":744,"menu_order":40,"comment_status":"open","ping_status":"open","template":"","meta":{"_monsterinsights_skip_tracking":false,"_monsterinsights_sitenote_active":false,"_monsterinsights_sitenote_note":"","_monsterinsights_sitenote_category":0,"site-sidebar-layout":"default","site-content-layout":"default","ast-site-content-layout":"default","site-content-style":"default","site-sidebar-style":"default","ast-global-header-display":"","ast-banner-title-visibility":"","ast-main-header-display":"","ast-hfb-above-header-display":"","ast-hfb-below-header-display":"","ast-hfb-mobile-header-display":"","site-post-title":"","ast-breadcrumbs-content":"","ast-featured-img":"","footer-sml-layout":"","theme-transparent-header-meta":"default","adv-header-id-meta":"","stick-header-meta":"","header-above-stick-meta":"","header-main-stick-meta":"","header-below-stick-meta":"","astra-migrate-meta-layouts":"set","ast-page-background-enabled":"default","ast-page-background-meta":{"desktop":{"background-color":"var(--ast-global-color-4)","background-image":"","background-repeat":"repeat","background-position":"center center","background-size":"auto","background-attachment":"scroll","background-type":"","background-media":"","overlay-type":"","overlay-color":"","overlay-opacity":"","overlay-gradient":""},"tablet":{"background-color":"","background-image":"","background-repeat":"repeat","background-position":"center center","background-size":"auto","background-attachment":"scroll","background-type":"","background-media":"","overlay-type":"","overlay-color":"","overlay-opacity":"","overlay-gradient":""},"mobile":{"background-color":"","background-image":"","background-repeat":"repeat","background-position":"center center","background-size":"auto","background-attachment":"scroll","background-type":"","background-media":"","overlay-type":"","overlay-color":"","overlay-opacity":"","overlay-gradient":""}},"ast-content-background-meta":{"desktop":{"background-color":"var(--ast-global-color-5)","background-image":"","background-repeat":"repeat","background-position":"center center","background-size":"auto","background-attachment":"scroll","background-type":"","background-media":"","overlay-type":"","overlay-color":"","overlay-opacity":"","overlay-gradient":""},"tablet":{"background-color":"var(--ast-global-color-5)","background-image":"","background-repeat":"repeat","background-position":"center center","background-size":"auto","background-attachment":"scroll","background-type":"","background-media":"","overlay-type":"","overlay-color":"","overlay-opacity":"","overlay-gradient":""},"mobile":{"background-color":"var(--ast-global-color-5)","background-image":"","background-repeat":"repeat","background-position":"center center","background-size":"auto","background-attachment":"scroll","background-type":"","background-media":"","overlay-type":"","overlay-color":"","overlay-opacity":"","overlay-gradient":""}},"footnotes":"","_expiration-date-status":"","_expiration-date":0,"_expiration-date-type":"","_expiration-date-categories":[],"_expiration-date-options":[]},"class_list":["post-1017","page","type-page","status-publish","hentry"],"yoast_head":"<!-- This site is optimized with the Yoast SEO plugin v19.7.1 - https:\/\/yoast.com\/wordpress\/plugins\/seo\/ -->\n<title>KV-kilpailujen s\u00e4\u00e4nn\u00f6t ja ohjeet - Suomen J\u00e4\u00e4palloliitto<\/title>\n<meta name=\"robots\" content=\"index, follow, max-snippet:-1, max-image-preview:large, max-video-preview:-1\" \/>\n<link rel=\"canonical\" href=\"https:\/\/www.finbandy.fi\/fi\/maajoukkueet\/kv-kilpailujen-saannot-ja-ohjeet\/\" \/>\n<meta property=\"og:locale\" content=\"fi_FI\" \/>\n<meta property=\"og:type\" content=\"article\" \/>\n<meta property=\"og:title\" content=\"KV-kilpailujen s\u00e4\u00e4nn\u00f6t ja ohjeet - Suomen J\u00e4\u00e4palloliitto\" \/>\n<meta property=\"og:description\" content=\"Kansainv\u00e4listen kilpailujen s\u00e4\u00e4nn\u00f6t ja ohjeet T\u00e4lt\u00e4 sivustolta p\u00e4\u00e4set FIB:n kotisivujen kohtaan, mist\u00e4 l\u00f6ytyy tietoa sallituista kilpailuv\u00e4lineist\u00e4, ohjeet kisaj\u00e4rjest\u00e4j\u00e4lle, MM-kisojen s\u00e4\u00e4nn\u00f6t, kv. pelis\u00e4\u00e4nn\u00f6t. SJPL:n antidopingohjelma SUEK ASIAT Ohessa on linkki kiellettyjen ja sallittujen aineiden listalle sek\u00e4 erivapausanomuslomakkeelle. Erivapautta haetaan SUEK:lta ja se on pyydett\u00e4v\u00e4 englanninkielisen\u00e4. http:\/\/www.antidoping.fi\/view.cfm?page=main&amp;CFID=552653&amp;CFTOKEN=92587467 Yhteyshenkil\u00f6n\u00e4 J\u00e4\u00e4palloliitossa antidoping-asioissa on toiminnanjohtaja Tobias Karlsson, s\u00e4hk\u00f6posti: tobias.karlsson@finbandy.fi Vedonly\u00f6nti [&hellip;]\" \/>\n<meta property=\"og:url\" content=\"https:\/\/www.finbandy.fi\/fi\/maajoukkueet\/kv-kilpailujen-saannot-ja-ohjeet\/\" \/>\n<meta property=\"og:site_name\" content=\"Suomen J\u00e4\u00e4palloliitto\" \/>\n<meta property=\"article:modified_time\" content=\"2025-10-15T08:19:50+00:00\" \/>\n<meta name=\"twitter:card\" content=\"summary_large_image\" \/>\n<meta name=\"twitter:label1\" content=\"Arvioitu lukuaika\" \/>\n\t<meta name=\"twitter:data1\" content=\"1 minuutti\" \/>\n<script type=\"application\/ld+json\" class=\"yoast-schema-graph\">{\"@context\":\"https:\/\/schema.org\",\"@graph\":[{\"@type\":\"WebPage\",\"@id\":\"https:\/\/www.finbandy.fi\/fi\/maajoukkueet\/kv-kilpailujen-saannot-ja-ohjeet\/\",\"url\":\"https:\/\/www.finbandy.fi\/fi\/maajoukkueet\/kv-kilpailujen-saannot-ja-ohjeet\/\",\"name\":\"KV-kilpailujen s\u00e4\u00e4nn\u00f6t ja ohjeet - Suomen J\u00e4\u00e4palloliitto\",\"isPartOf\":{\"@id\":\"https:\/\/www.finbandy.fi\/fi\/#website\"},\"datePublished\":\"2013-11-14T13:06:18+00:00\",\"dateModified\":\"2025-10-15T08:19:50+00:00\",\"breadcrumb\":{\"@id\":\"https:\/\/www.finbandy.fi\/fi\/maajoukkueet\/kv-kilpailujen-saannot-ja-ohjeet\/#breadcrumb\"},\"inLanguage\":\"fi\",\"potentialAction\":[{\"@type\":\"ReadAction\",\"target\":[\"https:\/\/www.finbandy.fi\/fi\/maajoukkueet\/kv-kilpailujen-saannot-ja-ohjeet\/\"]}]},{\"@type\":\"BreadcrumbList\",\"@id\":\"https:\/\/www.finbandy.fi\/fi\/maajoukkueet\/kv-kilpailujen-saannot-ja-ohjeet\/#breadcrumb\",\"itemListElement\":[{\"@type\":\"ListItem\",\"position\":1,\"name\":\"Etusivu\",\"item\":\"https:\/\/www.finbandy.fi\/fi\/\"},{\"@type\":\"ListItem\",\"position\":2,\"name\":\"Maajoukkueet\",\"item\":\"https:\/\/www.finbandy.fi\/fi\/maajoukkueet\/\"},{\"@type\":\"ListItem\",\"position\":3,\"name\":\"KV-kilpailujen s\u00e4\u00e4nn\u00f6t ja ohjeet\"}]},{\"@type\":\"WebSite\",\"@id\":\"https:\/\/www.finbandy.fi\/fi\/#website\",\"url\":\"https:\/\/www.finbandy.fi\/fi\/\",\"name\":\"Suomen J\u00e4\u00e4palloliitto\",\"description\":\"\",\"potentialAction\":[{\"@type\":\"SearchAction\",\"target\":{\"@type\":\"EntryPoint\",\"urlTemplate\":\"https:\/\/www.finbandy.fi\/fi\/?s={search_term_string}\"},\"query-input\":\"required name=search_term_string\"}],\"inLanguage\":\"fi\"}]}<\/script>\n<!-- \/ Yoast SEO plugin. -->","yoast_head_json":{"title":"KV-kilpailujen s\u00e4\u00e4nn\u00f6t ja ohjeet - Suomen J\u00e4\u00e4palloliitto","robots":{"index":"index","follow":"follow","max-snippet":"max-snippet:-1","max-image-preview":"max-image-preview:large","max-video-preview":"max-video-preview:-1"},"canonical":"https:\/\/www.finbandy.fi\/fi\/maajoukkueet\/kv-kilpailujen-saannot-ja-ohjeet\/","og_locale":"fi_FI","og_type":"article","og_title":"KV-kilpailujen s\u00e4\u00e4nn\u00f6t ja ohjeet - Suomen J\u00e4\u00e4palloliitto","og_description":"Kansainv\u00e4listen kilpailujen s\u00e4\u00e4nn\u00f6t ja ohjeet T\u00e4lt\u00e4 sivustolta p\u00e4\u00e4set FIB:n kotisivujen kohtaan, mist\u00e4 l\u00f6ytyy tietoa sallituista kilpailuv\u00e4lineist\u00e4, ohjeet kisaj\u00e4rjest\u00e4j\u00e4lle, MM-kisojen s\u00e4\u00e4nn\u00f6t, kv. pelis\u00e4\u00e4nn\u00f6t. SJPL:n antidopingohjelma SUEK ASIAT Ohessa on linkki kiellettyjen ja sallittujen aineiden listalle sek\u00e4 erivapausanomuslomakkeelle. Erivapautta haetaan SUEK:lta ja se on pyydett\u00e4v\u00e4 englanninkielisen\u00e4. http:\/\/www.antidoping.fi\/view.cfm?page=main&amp;CFID=552653&amp;CFTOKEN=92587467 Yhteyshenkil\u00f6n\u00e4 J\u00e4\u00e4palloliitossa antidoping-asioissa on toiminnanjohtaja Tobias Karlsson, s\u00e4hk\u00f6posti: tobias.karlsson@finbandy.fi Vedonly\u00f6nti [&hellip;]","og_url":"https:\/\/www.finbandy.fi\/fi\/maajoukkueet\/kv-kilpailujen-saannot-ja-ohjeet\/","og_site_name":"Suomen J\u00e4\u00e4palloliitto","article_modified_time":"2025-10-15T08:19:50+00:00","twitter_card":"summary_large_image","twitter_misc":{"Arvioitu lukuaika":"1 minuutti"},"schema":{"@context":"https:\/\/schema.org","@graph":[{"@type":"WebPage","@id":"https:\/\/www.finbandy.fi\/fi\/maajoukkueet\/kv-kilpailujen-saannot-ja-ohjeet\/","url":"https:\/\/www.finbandy.fi\/fi\/maajoukkueet\/kv-kilpailujen-saannot-ja-ohjeet\/","name":"KV-kilpailujen s\u00e4\u00e4nn\u00f6t ja ohjeet - Suomen J\u00e4\u00e4palloliitto","isPartOf":{"@id":"https:\/\/www.finbandy.fi\/fi\/#website"},"datePublished":"2013-11-14T13:06:18+00:00","dateModified":"2025-10-15T08:19:50+00:00","breadcrumb":{"@id":"https:\/\/www.finbandy.fi\/fi\/maajoukkueet\/kv-kilpailujen-saannot-ja-ohjeet\/#breadcrumb"},"inLanguage":"fi","potentialAction":[{"@type":"ReadAction","target":["https:\/\/www.finbandy.fi\/fi\/maajoukkueet\/kv-kilpailujen-saannot-ja-ohjeet\/"]}]},{"@type":"BreadcrumbList","@id":"https:\/\/www.finbandy.fi\/fi\/maajoukkueet\/kv-kilpailujen-saannot-ja-ohjeet\/#breadcrumb","itemListElement":[{"@type":"ListItem","position":1,"name":"Etusivu","item":"https:\/\/www.finbandy.fi\/fi\/"},{"@type":"ListItem","position":2,"name":"Maajoukkueet","item":"https:\/\/www.finbandy.fi\/fi\/maajoukkueet\/"},{"@type":"ListItem","position":3,"name":"KV-kilpailujen s\u00e4\u00e4nn\u00f6t ja ohjeet"}]},{"@type":"WebSite","@id":"https:\/\/www.finbandy.fi\/fi\/#website","url":"https:\/\/www.finbandy.fi\/fi\/","name":"Suomen J\u00e4\u00e4palloliitto","description":"","potentialAction":[{"@type":"SearchAction","target":{"@type":"EntryPoint","urlTemplate":"https:\/\/www.finbandy.fi\/fi\/?s={search_term_string}"},"query-input":"required name=search_term_string"}],"inLanguage":"fi"}]}},"_links":{"self":[{"href":"https:\/\/www.finbandy.fi\/fi\/wp-json\/wp\/v2\/pages\/1017"}],"collection":[{"href":"https:\/\/www.finbandy.fi\/fi\/wp-json\/wp\/v2\/pages"}],"about":[{"href":"https:\/\/www.finbandy.fi\/fi\/wp-json\/wp\/v2\/types\/page"}],"author":[{"embeddable":true,"href":"https:\/\/www.finbandy.fi\/fi\/wp-json\/wp\/v2\/users\/1"}],"replies":[{"embeddable":true,"href":"https:\/\/www.finbandy.fi\/fi\/wp-json\/wp\/v2\/comments?post=1017"}],"version-history":[{"count":11,"href":"https:\/\/www.finbandy.fi\/fi\/wp-json\/wp\/v2\/pages\/1017\/revisions"}],"predecessor-version":[{"id":23907,"href":"https:\/\/www.finbandy.fi\/fi\/wp-json\/wp\/v2\/pages\/1017\/revisions\/23907"}],"up":[{"embeddable":true,"href":"https:\/\/www.finbandy.fi\/fi\/wp-json\/wp\/v2\/pages\/744"}],"wp:attachment":[{"href":"https:\/\/www.finbandy.fi\/fi\/wp-json\/wp\/v2\/media?parent=1017"}],"curies":[{"name":"wp","href":"https:\/\/api.w.org\/{rel}","templated":true}]}}