{"id":1021,"date":"2013-11-14T15:08:25","date_gmt":"2013-11-14T13:08:25","guid":{"rendered":"https:\/\/www.finbandy.fi\/fi\/?page_id=1021"},"modified":"2017-12-04T10:36:51","modified_gmt":"2017-12-04T08:36:51","slug":"yleista-junnujaapallosta","status":"publish","type":"page","link":"https:\/\/www.finbandy.fi\/fi\/junnusivut\/yleista-junnujaapallosta\/","title":{"rendered":"Yleist\u00e4 junnuj\u00e4\u00e4pallosta"},"content":{"rendered":"<div id=\"wp_fb_like_button\" style=\"margin:5px 0;float:none;height:50px;\"><script src=\"http:\/\/connect.facebook.net\/en_US\/all.js#xfbml=1\"><\/script><fb:like href=\"https:\/\/www.finbandy.fi\/fi\/junnusivut\/yleista-junnujaapallosta\/\" send=\"true\" layout=\"button_count\" width=\"400\" show_faces=\"false\" font=\"arial\" action=\"like\" colorscheme=\"light\"><\/fb:like><\/div><h3><span style=\"background-color: #ffffff; color: #0000ff;\"><strong>Lajitietoa<\/strong><\/span><\/h3>\n<p>&nbsp;<\/p>\n<p><a href=\"https:\/\/www.finbandy.fi\/fi\/wp-content\/uploads\/2014\/01\/finnbandy_print_finalised_2.pdf\">Katso t\u00e4st\u00e4 tietoisku j\u00e4\u00e4pallosta!(2016)<\/a><\/p>\n<p><a href=\"https:\/\/vimeo.com\/87221222\">Katso t\u00e4st\u00e4 my\u00f6s video maailman nopeimmasta joukkepelist\u00e4!<\/a><\/p>\n<p>&nbsp;<\/p>\n<p>J\u00e4\u00e4palloa on helppo harrastaa. V\u00e4lineet ovat edullisia ja tarvitaan vain luistimet, h\u00e4kill\u00e4 varustettu kyp\u00e4r\u00e4, maila ja pallo.<\/p>\n<p>S\u00e4\u00e4nt\u00f6j\u00e4 voi soveltaa tarpeen mukaan. Pelin voi k\u00e4ynnist\u00e4\u00e4 pienell\u00e4kin ryhm\u00e4ll\u00e4, mutta peliin voi samanaikaisesti osallistua jopa yli 20 pelaajaa. Pelialueeksi k\u00e4y mik\u00e4 tahansa j\u00e4\u00e4dytetty alue.<\/p>\n<p>J\u00e4\u00e4palloilu lajina vaatii osanottajiltaan teknisi\u00e4 ja taktisia taitoja mutta my\u00f6s hyv\u00e4\u00e4 kuntoa. Ottelussa pelaaja luistelee eri tehoilla jopa 25 kilometri\u00e4, joten j\u00e4\u00e4palloa pelaamalla kuntokin paranee.<\/p>\n<p>&nbsp;<\/p>\n<h3><span style=\"color: #0000ff;\"><strong>J\u00e4\u00e4pallo ja muut lajit<\/strong><\/span><\/h3>\n<p>&nbsp;<\/p>\n<p>J\u00e4\u00e4pallosta sanotaan, ett\u00e4 se on \u201dfutista j\u00e4\u00e4ll\u00e4\u201d. J\u00e4\u00e4- ja jalkapallossa onkin paljon yhteisi\u00e4 piirteit\u00e4: kent\u00e4n koko on sama, samoin kentt\u00e4pelaajien lukum\u00e4\u00e4r\u00e4. My\u00f6s pelaajien ryhmittely on pitk\u00e4lti samankaltainen.<\/p>\n<p>Monen lajin nuorisotoiminnassa <span style=\"color: #0000ff;\">on<\/span> ollut havaittavissa muotoja, jotka ovat johtamassa yksipuoliseen lajiharjoitteluun jo lapsilla. Monet koti- ja kansainv\u00e4liset tutkimuksen osoittavat, ett\u00e4 lapsilla ja murrosik\u00e4isill\u00e4 tulisi kilpaurheilun harrastamisen my\u00f6t\u00e4 erilaiset lajiharjoittelut olla mahdollisimman monipuolisia. Eri lajien taito- ja tekniikkaominaisuudet palvelevat kokonaisvaltaisesti lapsen liikunnallista kehityst\u00e4.<\/p>\n<p>Ohessa on listattu j\u00e4\u00e4pallon lajiominaisuuksia, jotka tukevat muiden lajien harjoittelua:<\/p>\n<ul>\n<li>J\u00e4\u00e4pallon pelaaminen ja harjoittelu monipuolistavat harjoittelua talvikaudella.<\/li>\n<li>J\u00e4\u00e4pallo on taktisena pelin\u00e4 l\u00e4hell\u00e4 jalkapalloa ja tarjoaa siten mahdollisuuden hy\u00f6dynt\u00e4\u00e4 eri taktiikkoja lajien v\u00e4lill\u00e4.<\/li>\n<li>Luistelutekniikan oppiminen lis\u00e4\u00e4 lasten ja nuorten liikunnallisuutta ja koordinaatiokyky\u00e4.<\/li>\n<li>J\u00e4\u00e4pallossa korostuu aerobinen kunto kuten jalkapallossakin. Nopeat spurtit ja pyr\u00e4hdykset muistuttavat urheilusuorituksena jalkapallon vastaavia tilanteita.<\/li>\n<li>Eri pelipaikkoihin (puolustus, keskikentt\u00e4, hy\u00f6kk\u00e4ys) tutustumalla j\u00e4\u00e4pallon pelaaminen voi lis\u00e4t\u00e4 mm. jalkapalloilijan taktisia valmiuksia oman lajin parissa.<\/li>\n<\/ul>\n<p>Suomen j\u00e4\u00e4palloliiton(SJPL) sek\u00e4 sen j\u00e4senyhdistysten tavoitteena on lis\u00e4t\u00e4 j\u00e4\u00e4pallon harrastajien m\u00e4\u00e4r\u00e4\u00e4 ja samalla tarjota nuorille harjoitusmahdollisuuden talvikaudella. Monipuolinen liikunnan harrastaminen jo nuorella i\u00e4ll\u00e4 lis\u00e4\u00e4 intoa elinik\u00e4iseen liikkumiseen ja urheiluun. T\u00e4m\u00e4 on my\u00f6s SJPL:n tavoitteena lasten ja nuorten urheilu- ja liikuntatoiminnan kehitt\u00e4misess\u00e4.<\/p>\n<p>&nbsp;<\/p>\n<h3><strong><span style=\"color: #0000ff;\">Junnuj\u00e4\u00e4palloa Suomessa<\/span><\/strong><\/h3>\n<p>&nbsp;<\/p>\n<p><a href=\"https:\/\/www.finbandy.fi\/fi\/?page_id=1025\">Katso t\u00e4st\u00e4 koko Suomen j\u00e4\u00e4pallokoulut<\/a><\/p>\n<p>&nbsp;<\/p>\n<p><a href=\"https:\/\/www.finbandy.fi\/fi\/?page_id=1032\"><\/a><\/p>\n<p>&nbsp;<\/p>\n","protected":false},"excerpt":{"rendered":"<p>Lajitietoa &nbsp; Katso t\u00e4st\u00e4 tietoisku j\u00e4\u00e4pallosta!(2016) Katso t\u00e4st\u00e4 my\u00f6s video maailman nopeimmasta joukkepelist\u00e4! &nbsp; J\u00e4\u00e4palloa on helppo harrastaa. V\u00e4lineet ovat edullisia ja tarvitaan vain luistimet, h\u00e4kill\u00e4 varustettu kyp\u00e4r\u00e4, maila ja pallo. S\u00e4\u00e4nt\u00f6j\u00e4 voi soveltaa tarpeen mukaan. Pelin voi k\u00e4ynnist\u00e4\u00e4 pienell\u00e4kin ryhm\u00e4ll\u00e4, mutta peliin voi samanaikaisesti osallistua jopa yli 20 pelaajaa. Pelialueeksi k\u00e4y mik\u00e4 tahansa j\u00e4\u00e4dytetty [&hellip;]<\/p>\n","protected":false},"author":1,"featured_media":0,"parent":1019,"menu_order":1,"comment_status":"open","ping_status":"open","template":"yksittainen.php","meta":{"_monsterinsights_skip_tracking":false,"_monsterinsights_sitenote_active":false,"_monsterinsights_sitenote_note":"","_monsterinsights_sitenote_category":0,"site-sidebar-layout":"default","site-content-layout":"","ast-site-content-layout":"","site-content-style":"default","site-sidebar-style":"default","ast-global-header-display":"","ast-banner-title-visibility":"","ast-main-header-display":"","ast-hfb-above-header-display":"","ast-hfb-below-header-display":"","ast-hfb-mobile-header-display":"","site-post-title":"","ast-breadcrumbs-content":"","ast-featured-img":"","footer-sml-layout":"","theme-transparent-header-meta":"","adv-header-id-meta":"","stick-header-meta":"","header-above-stick-meta":"","header-main-stick-meta":"","header-below-stick-meta":"","astra-migrate-meta-layouts":"default","ast-page-background-enabled":"default","ast-page-background-meta":{"desktop":{"background-color":"var(--ast-global-color-4)","background-image":"","background-repeat":"repeat","background-position":"center center","background-size":"auto","background-attachment":"scroll","background-type":"","background-media":"","overlay-type":"","overlay-color":"","overlay-opacity":"","overlay-gradient":""},"tablet":{"background-color":"","background-image":"","background-repeat":"repeat","background-position":"center center","background-size":"auto","background-attachment":"scroll","background-type":"","background-media":"","overlay-type":"","overlay-color":"","overlay-opacity":"","overlay-gradient":""},"mobile":{"background-color":"","background-image":"","background-repeat":"repeat","background-position":"center center","background-size":"auto","background-attachment":"scroll","background-type":"","background-media":"","overlay-type":"","overlay-color":"","overlay-opacity":"","overlay-gradient":""}},"ast-content-background-meta":{"desktop":{"background-color":"var(--ast-global-color-5)","background-image":"","background-repeat":"repeat","background-position":"center center","background-size":"auto","background-attachment":"scroll","background-type":"","background-media":"","overlay-type":"","overlay-color":"","overlay-opacity":"","overlay-gradient":""},"tablet":{"background-color":"var(--ast-global-color-5)","background-image":"","background-repeat":"repeat","background-position":"center center","background-size":"auto","background-attachment":"scroll","background-type":"","background-media":"","overlay-type":"","overlay-color":"","overlay-opacity":"","overlay-gradient":""},"mobile":{"background-color":"var(--ast-global-color-5)","background-image":"","background-repeat":"repeat","background-position":"center center","background-size":"auto","background-attachment":"scroll","background-type":"","background-media":"","overlay-type":"","overlay-color":"","overlay-opacity":"","overlay-gradient":""}},"footnotes":"","_expiration-date-status":"saved","_expiration-date":0,"_expiration-date-type":"","_expiration-date-categories":[],"_expiration-date-options":[]},"class_list":["post-1021","page","type-page","status-publish","hentry"],"yoast_head":"<!-- This site is optimized with the Yoast SEO plugin v19.7.1 - https:\/\/yoast.com\/wordpress\/plugins\/seo\/ -->\n<title>Yleist\u00e4 junnuj\u00e4\u00e4pallosta - Suomen J\u00e4\u00e4palloliitto<\/title>\n<meta name=\"robots\" content=\"index, follow, max-snippet:-1, max-image-preview:large, max-video-preview:-1\" \/>\n<link rel=\"canonical\" href=\"https:\/\/www.finbandy.fi\/fi\/junnusivut\/yleista-junnujaapallosta\/\" \/>\n<meta property=\"og:locale\" content=\"fi_FI\" \/>\n<meta property=\"og:type\" content=\"article\" \/>\n<meta property=\"og:title\" content=\"Yleist\u00e4 junnuj\u00e4\u00e4pallosta - Suomen J\u00e4\u00e4palloliitto\" \/>\n<meta property=\"og:description\" content=\"Lajitietoa &nbsp; Katso t\u00e4st\u00e4 tietoisku j\u00e4\u00e4pallosta!(2016) Katso t\u00e4st\u00e4 my\u00f6s video maailman nopeimmasta joukkepelist\u00e4! &nbsp; J\u00e4\u00e4palloa on helppo harrastaa. V\u00e4lineet ovat edullisia ja tarvitaan vain luistimet, h\u00e4kill\u00e4 varustettu kyp\u00e4r\u00e4, maila ja pallo. S\u00e4\u00e4nt\u00f6j\u00e4 voi soveltaa tarpeen mukaan. Pelin voi k\u00e4ynnist\u00e4\u00e4 pienell\u00e4kin ryhm\u00e4ll\u00e4, mutta peliin voi samanaikaisesti osallistua jopa yli 20 pelaajaa. Pelialueeksi k\u00e4y mik\u00e4 tahansa j\u00e4\u00e4dytetty [&hellip;]\" \/>\n<meta property=\"og:url\" content=\"https:\/\/www.finbandy.fi\/fi\/junnusivut\/yleista-junnujaapallosta\/\" \/>\n<meta property=\"og:site_name\" content=\"Suomen J\u00e4\u00e4palloliitto\" \/>\n<meta property=\"article:modified_time\" content=\"2017-12-04T08:36:51+00:00\" \/>\n<meta name=\"twitter:card\" content=\"summary_large_image\" \/>\n<meta name=\"twitter:label1\" content=\"Arvioitu lukuaika\" \/>\n\t<meta name=\"twitter:data1\" content=\"2 minuuttia\" \/>\n<script type=\"application\/ld+json\" class=\"yoast-schema-graph\">{\"@context\":\"https:\/\/schema.org\",\"@graph\":[{\"@type\":\"WebPage\",\"@id\":\"https:\/\/www.finbandy.fi\/fi\/junnusivut\/yleista-junnujaapallosta\/\",\"url\":\"https:\/\/www.finbandy.fi\/fi\/junnusivut\/yleista-junnujaapallosta\/\",\"name\":\"Yleist\u00e4 junnuj\u00e4\u00e4pallosta - Suomen J\u00e4\u00e4palloliitto\",\"isPartOf\":{\"@id\":\"https:\/\/www.finbandy.fi\/fi\/#website\"},\"datePublished\":\"2013-11-14T13:08:25+00:00\",\"dateModified\":\"2017-12-04T08:36:51+00:00\",\"breadcrumb\":{\"@id\":\"https:\/\/www.finbandy.fi\/fi\/junnusivut\/yleista-junnujaapallosta\/#breadcrumb\"},\"inLanguage\":\"fi\",\"potentialAction\":[{\"@type\":\"ReadAction\",\"target\":[\"https:\/\/www.finbandy.fi\/fi\/junnusivut\/yleista-junnujaapallosta\/\"]}]},{\"@type\":\"BreadcrumbList\",\"@id\":\"https:\/\/www.finbandy.fi\/fi\/junnusivut\/yleista-junnujaapallosta\/#breadcrumb\",\"itemListElement\":[{\"@type\":\"ListItem\",\"position\":1,\"name\":\"Etusivu\",\"item\":\"https:\/\/www.finbandy.fi\/fi\/\"},{\"@type\":\"ListItem\",\"position\":2,\"name\":\"Junnusivut\",\"item\":\"https:\/\/www.finbandy.fi\/fi\/junnusivut\/\"},{\"@type\":\"ListItem\",\"position\":3,\"name\":\"Yleist\u00e4 junnuj\u00e4\u00e4pallosta\"}]},{\"@type\":\"WebSite\",\"@id\":\"https:\/\/www.finbandy.fi\/fi\/#website\",\"url\":\"https:\/\/www.finbandy.fi\/fi\/\",\"name\":\"Suomen J\u00e4\u00e4palloliitto\",\"description\":\"\",\"potentialAction\":[{\"@type\":\"SearchAction\",\"target\":{\"@type\":\"EntryPoint\",\"urlTemplate\":\"https:\/\/www.finbandy.fi\/fi\/?s={search_term_string}\"},\"query-input\":\"required name=search_term_string\"}],\"inLanguage\":\"fi\"}]}<\/script>\n<!-- \/ Yoast SEO plugin. -->","yoast_head_json":{"title":"Yleist\u00e4 junnuj\u00e4\u00e4pallosta - Suomen J\u00e4\u00e4palloliitto","robots":{"index":"index","follow":"follow","max-snippet":"max-snippet:-1","max-image-preview":"max-image-preview:large","max-video-preview":"max-video-preview:-1"},"canonical":"https:\/\/www.finbandy.fi\/fi\/junnusivut\/yleista-junnujaapallosta\/","og_locale":"fi_FI","og_type":"article","og_title":"Yleist\u00e4 junnuj\u00e4\u00e4pallosta - Suomen J\u00e4\u00e4palloliitto","og_description":"Lajitietoa &nbsp; Katso t\u00e4st\u00e4 tietoisku j\u00e4\u00e4pallosta!(2016) Katso t\u00e4st\u00e4 my\u00f6s video maailman nopeimmasta joukkepelist\u00e4! &nbsp; J\u00e4\u00e4palloa on helppo harrastaa. V\u00e4lineet ovat edullisia ja tarvitaan vain luistimet, h\u00e4kill\u00e4 varustettu kyp\u00e4r\u00e4, maila ja pallo. S\u00e4\u00e4nt\u00f6j\u00e4 voi soveltaa tarpeen mukaan. Pelin voi k\u00e4ynnist\u00e4\u00e4 pienell\u00e4kin ryhm\u00e4ll\u00e4, mutta peliin voi samanaikaisesti osallistua jopa yli 20 pelaajaa. Pelialueeksi k\u00e4y mik\u00e4 tahansa j\u00e4\u00e4dytetty [&hellip;]","og_url":"https:\/\/www.finbandy.fi\/fi\/junnusivut\/yleista-junnujaapallosta\/","og_site_name":"Suomen J\u00e4\u00e4palloliitto","article_modified_time":"2017-12-04T08:36:51+00:00","twitter_card":"summary_large_image","twitter_misc":{"Arvioitu lukuaika":"2 minuuttia"},"schema":{"@context":"https:\/\/schema.org","@graph":[{"@type":"WebPage","@id":"https:\/\/www.finbandy.fi\/fi\/junnusivut\/yleista-junnujaapallosta\/","url":"https:\/\/www.finbandy.fi\/fi\/junnusivut\/yleista-junnujaapallosta\/","name":"Yleist\u00e4 junnuj\u00e4\u00e4pallosta - Suomen J\u00e4\u00e4palloliitto","isPartOf":{"@id":"https:\/\/www.finbandy.fi\/fi\/#website"},"datePublished":"2013-11-14T13:08:25+00:00","dateModified":"2017-12-04T08:36:51+00:00","breadcrumb":{"@id":"https:\/\/www.finbandy.fi\/fi\/junnusivut\/yleista-junnujaapallosta\/#breadcrumb"},"inLanguage":"fi","potentialAction":[{"@type":"ReadAction","target":["https:\/\/www.finbandy.fi\/fi\/junnusivut\/yleista-junnujaapallosta\/"]}]},{"@type":"BreadcrumbList","@id":"https:\/\/www.finbandy.fi\/fi\/junnusivut\/yleista-junnujaapallosta\/#breadcrumb","itemListElement":[{"@type":"ListItem","position":1,"name":"Etusivu","item":"https:\/\/www.finbandy.fi\/fi\/"},{"@type":"ListItem","position":2,"name":"Junnusivut","item":"https:\/\/www.finbandy.fi\/fi\/junnusivut\/"},{"@type":"ListItem","position":3,"name":"Yleist\u00e4 junnuj\u00e4\u00e4pallosta"}]},{"@type":"WebSite","@id":"https:\/\/www.finbandy.fi\/fi\/#website","url":"https:\/\/www.finbandy.fi\/fi\/","name":"Suomen J\u00e4\u00e4palloliitto","description":"","potentialAction":[{"@type":"SearchAction","target":{"@type":"EntryPoint","urlTemplate":"https:\/\/www.finbandy.fi\/fi\/?s={search_term_string}"},"query-input":"required name=search_term_string"}],"inLanguage":"fi"}]}},"_links":{"self":[{"href":"https:\/\/www.finbandy.fi\/fi\/wp-json\/wp\/v2\/pages\/1021"}],"collection":[{"href":"https:\/\/www.finbandy.fi\/fi\/wp-json\/wp\/v2\/pages"}],"about":[{"href":"https:\/\/www.finbandy.fi\/fi\/wp-json\/wp\/v2\/types\/page"}],"author":[{"embeddable":true,"href":"https:\/\/www.finbandy.fi\/fi\/wp-json\/wp\/v2\/users\/1"}],"replies":[{"embeddable":true,"href":"https:\/\/www.finbandy.fi\/fi\/wp-json\/wp\/v2\/comments?post=1021"}],"version-history":[{"count":23,"href":"https:\/\/www.finbandy.fi\/fi\/wp-json\/wp\/v2\/pages\/1021\/revisions"}],"predecessor-version":[{"id":12371,"href":"https:\/\/www.finbandy.fi\/fi\/wp-json\/wp\/v2\/pages\/1021\/revisions\/12371"}],"up":[{"embeddable":true,"href":"https:\/\/www.finbandy.fi\/fi\/wp-json\/wp\/v2\/pages\/1019"}],"wp:attachment":[{"href":"https:\/\/www.finbandy.fi\/fi\/wp-json\/wp\/v2\/media?parent=1021"}],"curies":[{"name":"wp","href":"https:\/\/api.w.org\/{rel}","templated":true}]}}