{"id":1025,"date":"2013-11-14T15:11:45","date_gmt":"2013-11-14T13:11:45","guid":{"rendered":"https:\/\/www.finbandy.fi\/fi\/?page_id=1025"},"modified":"2024-09-02T15:05:37","modified_gmt":"2024-09-02T12:05:37","slug":"jaapallokoulut","status":"publish","type":"page","link":"https:\/\/www.finbandy.fi\/fi\/junnusivut\/jaapallokoulut\/","title":{"rendered":"J\u00e4\u00e4pallokoulut"},"content":{"rendered":"<div id=\"wp_fb_like_button\" style=\"margin:5px 0;float:none;height:50px;\"><script src=\"http:\/\/connect.facebook.net\/en_US\/all.js#xfbml=1\"><\/script><fb:like href=\"https:\/\/www.finbandy.fi\/fi\/junnusivut\/jaapallokoulut\/\" send=\"true\" layout=\"button_count\" width=\"400\" show_faces=\"false\" font=\"arial\" action=\"like\" colorscheme=\"light\"><\/fb:like><\/div><h3>J\u00e4\u00e4pallokoulut kaudelle 2024-2025<\/h3>\n<p>Voitte ilmoittaa liittoon oman paikkakuntanne j\u00e4\u00e4pallokouluista. Tiedot julkaistaan t\u00e4h\u00e4n.<\/p>\n\n\n<h3 class=\"wp-block-heading\"><strong>J\u00e4\u00e4pallokoulut kaikille j\u00e4\u00e4pallopaikkakunnille!<\/strong><\/h3>\n\n\n\n<p><strong>Seppo Jolkkonen<br><\/strong><strong>Porvoon J\u00e4\u00e4pallokoulun aktiivi<\/strong><\/p>\n\n\n\n<p>J\u00e4\u00e4pallokouluilla on ainutlaatuinen mahdollisuus tarjota ulkoliikuntaa talvisaikaan. Kun nykyisin l\u00e4hes kaikki liikunta ja muukin harrastustoiminta on siirtynyt sis\u00e4tiloihin talvisin, niin liukkaalla j\u00e4\u00e4ll\u00e4 luistimin ja jp-mailan kanssa voidaan lapsille tarjota tervett\u00e4 liikuntaa raikkaassa s\u00e4\u00e4ss\u00e4. T\u00e4t\u00e4 pit\u00e4isi Suomen J\u00e4\u00e4palloliiton ja j\u00e4senseurojen tarjota ainakin jokaisella paikkakunnalla, jossa on aktiivista j\u00e4\u00e4pallotoimintaa. J\u00e4\u00e4pallokoulut eiv\u00e4t saa olla liian vakavahenkisi\u00e4, vaan niiss\u00e4 pit\u00e4\u00e4 olla hauskaa ja lasten pit\u00e4\u00e4 saada leikki\u00e4 omissa ik\u00e4luokissaan.<\/p>\n\n\n\n<p>Porvoossa olemme py\u00f6ritt\u00e4neet J\u00e4\u00e4pallokoulua jo 11 vuoden ajan. Kerran viikossa aina tiistai-iltaisin on pidetty ilmainen tunnin kest\u00e4v\u00e4 ilotteluhetki j\u00e4\u00e4ll\u00e4. Koulun suosio on ollut ilmi\u00f6m\u00e4inen. Ensimm\u00e4isen vuoden reilusta sadasta osanottajasta olemme kasvaneet joka vuosi niin, ett\u00e4 kaudella 2009\u201310 j\u00e4\u00e4pallokouluumme osallistui yhteens\u00e4 258 eri lasta. Kerrallaan suurin osanottajajoukko oli 156! Silloin oli iso tekoj\u00e4\u00e4kin ahdas.<\/p>\n\n\n\n<p>T\u00e4t\u00e4 kautta olemme pyrkineet muodostamaan joka vuosi uuden ik\u00e4luokan joukkueen seuraavan kauden piirin tai SM-sarjan peleihin. Aivan t\u00e4m\u00e4 ei ole onnistunut l\u00e4hinn\u00e4 vet\u00e4j\u00e4pulan takia. Mutta Porvoon j\u00e4\u00e4pallotoiminnassa on ainakin nelj\u00e4 junnujoukkuetta tulevana kautena pelaamassa. Moneen vuoteen junnuporukoita ei ollut Porvoossa yht\u00e4\u00e4n.<\/p>\n\n\n\n<p>J\u00e4\u00e4pallokoulujen kautta olemme saaneet paljon uusia lajin harrastajia ja my\u00f6s vanhempia toimintaan mukaan. Vaikka lajimme ei olekaan supersuosittujen lajien joukossa, niin j\u00e4\u00e4palloonkin riitt\u00e4\u00e4 harrastajia, kunhan siihen annetaan mahdollisuus. Eik\u00e4 ensimm\u00e4isen\u00e4 olla &#8221;rahastamassa&#8221;.<\/p>\n\n\n\n<p>Jotain hyv\u00e4\u00e4 on meid\u00e4n toiminnassa ollut, koska se on todella noussut mahtavaan suosioon. Vuosien kokemuksella uskallan tarjota meid\u00e4n konseptimme kaikkien k\u00e4ytt\u00f6\u00f6n. Eik\u00e4 pid\u00e4 j\u00e4\u00e4d\u00e4 odottelemaan ja tekem\u00e4\u00e4n monivuotisia tulevaisuuden suunnitelmia, vaan j\u00e4\u00e4pallokoulujen toiminnat pit\u00e4\u00e4 k\u00e4ynnist\u00e4\u00e4 v\u00e4litt\u00f6m\u00e4sti! Harrastajam\u00e4\u00e4rien lis\u00e4\u00e4minen j\u00e4\u00e4pallokoulujen kautta on pitk\u00e4 tie. Mutta eip\u00e4 taida olla muitakaan mahdollisuuksia pysyv\u00e4sti kasvattaa j\u00e4\u00e4palloperhett\u00e4mme.<\/p>\n\n\n\n<p>On paljon helpompi l\u00e4hte\u00e4 tarjoamaan J\u00e4\u00e4pallokoulua kaikkialla Suomessa, kun on jotain kokemusta ja k\u00e4yt\u00e4nn\u00f6n tietoa toiminnasta. Siksi tuon oman n\u00e4kemykseni siit\u00e4, miten voitaisiin l\u00e4hte\u00e4 nopeasti liikkeelle. T\u00e4m\u00e4 on toki vain yksi malli, josta kuitenkin riitt\u00e4\u00e4 hyvi\u00e4 kokemuksia.<\/p>\n\n\n\n<p><strong>J\u00e4\u00e4pallokoulut vauhtiin \u2013 Porvoon konsepti<\/strong><\/p>\n\n\n\n<p><strong>Vet\u00e4j\u00e4t<\/strong><br>Paikkakunnalla 3\u20134 j\u00e4\u00e4palloihmisen ydinryhm\u00e4, joka valmistelee asioita hyviss\u00e4 ajoin ennen toiminnan aloittamista. Lis\u00e4ksi apuohjaajia tarpeeksi paljon mm. edustusjoukkueen pelaajat velvoitettava mukaan, samoin vanhemmat junnut, lasten vanhempia, entisi\u00e4 pelaajia<\/p>\n\n\n\n<p><strong>Aloitus<br><\/strong>Heti, kun isot j\u00e4\u00e4t saadaan kuntoon. Sit\u00e4 ennen jo infoa eri tavoin (netti, s\u00e4hk\u00f6postit, ilmoitukset, lehdist\u00f6 yms.). Varusteet, kentt\u00e4varaukset, toimintav\u00e4lineet (pallot, mailat ym) teht\u00e4v\u00e4 hyviss\u00e4 ajoin.<\/p>\n\n\n\n<p><strong>Kuinka usein?<\/strong><br>Ei pid\u00e4 ahnehtia liian suurta kakkua, vaan kerran viikossa, aina samana iltana (esim. ti klo 18\u201319). Lapsille pit\u00e4\u00e4 antaa mahdollisuus harrastaa muutakin.<\/p>\n\n\n\n<p><strong>Varusteet<\/strong><br>Luistimet ja kyp\u00e4r\u00e4 ovat pakolliset! Muut varusteet kuten suojat ym. suositellaan. Oma MAILA mukaan, jos on. Meill\u00e4 on koko ajan ollut satakunta vanhaa mailaa korjattuna, liimattuna ja teipattuna 200 litran tynnyriss\u00e4, josta jokainen voi ottaa se lainaksi tunnin ajaksi. Mailanpalautus on heti tunnin p\u00e4\u00e4tytty\u00e4.<\/p>\n\n\n\n<p><strong>K\u00e4siohjelma \/ tietopaketti vanhemmille<\/strong><br>Toiminta j\u00e4\u00e4ll\u00e4 on saatava muutamassa minuutissa vauhtiin. Siksi vain avausiltana jokainen osanottaja k\u00e4y antamassa nimens\u00e4, mutta seuraaville kerroilla he tuovat nimilappunsa tai t\u00e4ytt\u00e4v\u00e4t itse tai vanhemmat nimilappunsa tulleessaan kent\u00e4lle. N\u00e4in ei mene aikaa kirjautumiseen.<\/p>\n\n\n\n<p>Avaustunnin p\u00e4\u00e4tteeksi jaetaan kaikille j\u00e4\u00e4pallokoulun k\u00e4siohjelma tai tietopaketti, jossa on kaikki tarpeellinen tieto koulun toiminnasta. My\u00f6s nimilappuosa voidaan sis\u00e4llytt\u00e4\u00e4 k\u00e4siohjelmaan, josta jokainen sen leikkaa irti ja palauttaa kent\u00e4ll\u00e4 olevaan laatikkoon.<\/p>\n\n\n\n<p>Nimilaput toimivat samalla arpalippuina, kun jokainen tunti p\u00e4\u00e4ttyy 5\u201310 erilaisen esineen arvontaan. T\u00e4m\u00e4 osio on ollut eritt\u00e4in suosittu.<\/p>\n\n\n\n<p><strong>Miten toimitaan?<\/strong><br>Aloitamme yhteisell\u00e4 parin kierroksen luistelulla, jota vet\u00e4v\u00e4t edustusjoukkueen peliasuiset pelaajat. Sen j\u00e4lkeen lapset jaetaan kolmeen ik\u00e4ryhm\u00e4\u00e4n: 10\u201311 v., 8\u20139 v. sek\u00e4 7 v. ja nuoremmat omaansa.<\/p>\n\n\n\n<p>Vanhimmassa ik\u00e4ryhm\u00e4ss\u00e4 pari edustuspelaajaa vet\u00e4\u00e4 jo hieman lajinomaisia harjoitteita, keskimm\u00e4isess\u00e4 opetellaan hieman vaikeampiakin perusasioita, Nuorimmat jaetaan yleens\u00e4 viel\u00e4 4, 5, 6 ja 7 -vuotiaisiin ja selv\u00e4sti pienempiin ryhmiin. N\u00e4iss\u00e4 ryhmiss\u00e4 tarvitaan eniten my\u00f6s vet\u00e4ji\u00e4, koska taitotason on hyvin alhainen. Pienimm\u00e4t opettelevat vasta luistelua, mutta mailan kanssa sekin on helpompaa.<\/p>\n\n\n\n<p>Kun tunti p\u00e4\u00e4ttyy, niin j\u00e4lleen kokoonnutaan keskelle kentt\u00e4\u00e4, palautetaan lainamailat ja pallot. Kaksi kierrosta luistellaan taas edustuspelaajien johdolla. Sitten onkin arvontojen aika ja koko tunti p\u00e4\u00e4tet\u00e4\u00e4n yhteiseen &#8221;Hei, hei!&#8221; huutoihin, kuten ottelutkin.<\/p>\n\n\n\n<p><strong>Pient\u00e4 \u201dporkkanaa\u201d ja yll\u00e4tyksi\u00e4<\/strong><br>Pienen\u00e4 kiihokkeena ja tunnustuksena olemme jakaneet hyv\u00e4laatuisia harjoituspaitoja ja viime vuonna my\u00f6s jokaiselle oman j\u00e4\u00e4pallomailan. Ne on annettu lapsille kuitenkin vasta viiden k\u00e4yntikerran j\u00e4lkeen. Yleens\u00e4 sen aikana lapset joko jatkavat harrastusta tai eiv\u00e4t. Parina viime vuonna jaoimme reilusti toista sataa paitaa ja mailoja meni viime kaudella 128 kpl. Kauden aikana j\u00e4rjest\u00e4mme n. kerran kuukaudessa jonkinlaisen yll\u00e4tyksen lapsille. Joulupukki on jakanut aina viimeisen\u00e4 tiistaina ennen joulua varsin kattavan lahjapussin kaikille, uudenvuoden rakettejakin on ammuttu ja laskiaistiistaina olemme tarjonneet pullaa ja mehua. My\u00f6s j\u00e4\u00e4pallovarusteiden esittely ja myynti\u00e4 paikallisliikkeen kanssa on tehty ja maajoukkuepelaajien vierailuista on saatu nauttia usein.<\/p>\n\n\n\n<p><strong>Miksi ilmainen?<\/strong><br>Alusta alkaen olemme halunneet tarjota liikuntamahdollisuuden kaikille lapsille. Se tarkoittaa sit\u00e4, ettei raha saa olla esteen\u00e4 mukaan tulolle. Tietysti toimintamme maksaa meille j\u00e4rjest\u00e4jille tuhansia euroa vuodessa, mutta olemme ne varat ker\u00e4nneet muuta kautta.<\/p>\n\n\n\n<p><strong>Mit\u00e4 maksaa?<\/strong><br>Vaikka Porvoossa j\u00e4rjestetty j\u00e4\u00e4pallokoulu on lapsille ilmainen, niin ilman kustannuksia ei toimintaa voida py\u00f6ritt\u00e4\u00e4. Jo j\u00e4\u00e4vuorojen, pakollisten varusteiden ja toimintaa tukevien v\u00e4lineiden hankinnat maksavat vuositasolla v\u00e4hint\u00e4\u00e4n 2 000\u20133 000 euroa. Olemme onnistuneet saamaan vuosittain p\u00e4\u00e4tukijan (ST1 ja Neste Oil), jotka ovat edustusjoukkueen tukemisen ohella antaneet m\u00e4\u00e4r\u00e4rahan J\u00e4\u00e4pallokoululle. S\u00e4\u00e4st\u00f6pankki, Lions Club, Akilleen kannatusyhdistys, Lasten Hyv\u00e4ksi Yhdistys ja monet liikelaitokset ovat suhtautuneet toimintamme avustamiseen kiitett\u00e4v\u00e4n my\u00f6nteisesti. My\u00f6s j\u00e4\u00e4pallokoulun omalla k\u00e4siohjelmalla olemme hankkineet tarvittavia varoja.<\/p>\n\n\n\n<p>Yh\u00e4 lis\u00e4\u00e4ntyv\u00e4ss\u00e4 m\u00e4\u00e4rin my\u00f6skin lasten vanhemmat ovat tuoneet mm. arvontapalkintoja firmoistaan, ty\u00f6paikoiltaan tai ostaneet jopa itse makeisia ja muita palkintoja.<\/p>\n\n\n\n<p><strong>Seurat paikallisesti, j\u00e4\u00e4palloliitolta alkupaketti<\/strong><br>J\u00e4\u00e4palloseurat eri paikkakunnilla ovat tietysti toiminnan moottoreita kaikissa asioissa. Mutta J\u00e4\u00e4palloliitto voisi hankkia tukevan aloituspaketin ja hankkia kokeneen j\u00e4\u00e4palloihmisen k\u00e4ynnist\u00e4m\u00e4\u00e4n koulut ymp\u00e4ri maata. Alkupaketti voisi olla esim. 100 mailaa, 100 palloa. N\u00e4ill\u00e4 m\u00e4\u00e4rill\u00e4 toiminta saataisiin heti k\u00e4yntiin. Eiv\u00e4tk\u00e4 n\u00e4m\u00e4 v\u00e4lineet voi menn\u00e4 muuhun kuin j\u00e4\u00e4pallokoululaisten k\u00e4ytt\u00f6\u00f6n. T\u00e4m\u00e4n paketin veisi paikkakunnille liiton hankkima henkil\u00f6 kauden ensimm\u00e4iseen j\u00e4\u00e4pallokouluun. Alkupaketin ja tarvittavan henkil\u00f6n hankkimiseksi tarvitaan tietysti varoja. Liittotasolla t\u00e4m\u00e4 tuskin on ylivoimainen este.<\/p>\n\n\n\n<p><strong>T\u00e4rke\u00e4\u00e4<\/strong><br>Kaiken t\u00e4m\u00e4n toiminnan onnistumisen perustana on, ett\u00e4 l\u00f6ydet\u00e4\u00e4n seuroista j\u00e4\u00e4palloihmisi\u00e4, jotka sitoutuvat ja antautuvat asialle t\u00e4ydell\u00e4 syd\u00e4mell\u00e4. N\u00e4m\u00e4 ihmiset eiv\u00e4t saisi olla niit\u00e4 samoja harvoja, jotka jo nyt ovat t\u00e4ysin kiinni jossakin seuran junnuporukassa tai muussa toiminnassa. Toki heid\u00e4nkin apua tarvitaan.<\/p>\n\n\n\n<p>Nyt ei pid\u00e4 j\u00e4\u00e4d\u00e4 odottelemaan syksy\u00e4. Silloin on jo liian my\u00f6h\u00e4ist\u00e4 tehd\u00e4 valmisteluja. Nyt HETI toimeen ja hyviss\u00e4 ajoin ennen uuden bandykauden alkua hommat kuntoon.<\/p>\n\n\n\n<p><strong>Lopuksi<\/strong><br>T\u00e4ss\u00e4 on meid\u00e4n J\u00e4\u00e4pallokoulumme konsepti, joka on toiminut hyvin. Sen siirt\u00e4minen minne tahansa on helppoa ja sit\u00e4 saa vapaasti k\u00e4ytt\u00e4\u00e4. Toki jokainen saa parannella toimintamallia mielin m\u00e4\u00e4rin ja toivottavasti saamme uusia ajatuksia yh\u00e4 parempien j\u00e4\u00e4pallokoulujen rakentamiseksi.<\/p>\n\n\n\n<p><em>Me porvoolaiset olemme valmiita konsultoimaan kaikissa j\u00e4\u00e4pallokouluasioissa milloin tahansa.<\/em><\/p>\n","protected":false},"excerpt":{"rendered":"<p>J\u00e4\u00e4pallokoulut kaudelle 2024-2025 Voitte ilmoittaa liittoon oman paikkakuntanne j\u00e4\u00e4pallokouluista. Tiedot julkaistaan t\u00e4h\u00e4n. J\u00e4\u00e4pallokoulut kaikille j\u00e4\u00e4pallopaikkakunnille! Seppo JolkkonenPorvoon J\u00e4\u00e4pallokoulun aktiivi J\u00e4\u00e4pallokouluilla on ainutlaatuinen mahdollisuus tarjota ulkoliikuntaa talvisaikaan. Kun nykyisin l\u00e4hes kaikki liikunta ja muukin harrastustoiminta on siirtynyt sis\u00e4tiloihin talvisin, niin liukkaalla j\u00e4\u00e4ll\u00e4 luistimin ja jp-mailan kanssa voidaan lapsille tarjota tervett\u00e4 liikuntaa raikkaassa s\u00e4\u00e4ss\u00e4. T\u00e4t\u00e4 pit\u00e4isi Suomen [&hellip;]<\/p>\n","protected":false},"author":1,"featured_media":0,"parent":1019,"menu_order":2,"comment_status":"open","ping_status":"open","template":"","meta":{"_monsterinsights_skip_tracking":false,"_monsterinsights_sitenote_active":false,"_monsterinsights_sitenote_note":"","_monsterinsights_sitenote_category":0,"site-sidebar-layout":"default","site-content-layout":"default","ast-site-content-layout":"","site-content-style":"default","site-sidebar-style":"default","ast-global-header-display":"","ast-banner-title-visibility":"","ast-main-header-display":"","ast-hfb-above-header-display":"","ast-hfb-below-header-display":"","ast-hfb-mobile-header-display":"","site-post-title":"","ast-breadcrumbs-content":"","ast-featured-img":"","footer-sml-layout":"","theme-transparent-header-meta":"default","adv-header-id-meta":"","stick-header-meta":"","header-above-stick-meta":"","header-main-stick-meta":"","header-below-stick-meta":"","astra-migrate-meta-layouts":"default","ast-page-background-enabled":"default","ast-page-background-meta":{"desktop":{"background-color":"var(--ast-global-color-4)","background-image":"","background-repeat":"repeat","background-position":"center center","background-size":"auto","background-attachment":"scroll","background-type":"","background-media":"","overlay-type":"","overlay-color":"","overlay-opacity":"","overlay-gradient":""},"tablet":{"background-color":"","background-image":"","background-repeat":"repeat","background-position":"center center","background-size":"auto","background-attachment":"scroll","background-type":"","background-media":"","overlay-type":"","overlay-color":"","overlay-opacity":"","overlay-gradient":""},"mobile":{"background-color":"","background-image":"","background-repeat":"repeat","background-position":"center center","background-size":"auto","background-attachment":"scroll","background-type":"","background-media":"","overlay-type":"","overlay-color":"","overlay-opacity":"","overlay-gradient":""}},"ast-content-background-meta":{"desktop":{"background-color":"var(--ast-global-color-5)","background-image":"","background-repeat":"repeat","background-position":"center center","background-size":"auto","background-attachment":"scroll","background-type":"","background-media":"","overlay-type":"","overlay-color":"","overlay-opacity":"","overlay-gradient":""},"tablet":{"background-color":"var(--ast-global-color-5)","background-image":"","background-repeat":"repeat","background-position":"center center","background-size":"auto","background-attachment":"scroll","background-type":"","background-media":"","overlay-type":"","overlay-color":"","overlay-opacity":"","overlay-gradient":""},"mobile":{"background-color":"var(--ast-global-color-5)","background-image":"","background-repeat":"repeat","background-position":"center center","background-size":"auto","background-attachment":"scroll","background-type":"","background-media":"","overlay-type":"","overlay-color":"","overlay-opacity":"","overlay-gradient":""}},"footnotes":"","_expiration-date-status":"","_expiration-date":1725278618,"_expiration-date-type":"draft","_expiration-date-categories":[],"_expiration-date-options":[]},"class_list":["post-1025","page","type-page","status-publish","hentry"],"yoast_head":"<!-- This site is optimized with the Yoast SEO plugin v19.7.1 - https:\/\/yoast.com\/wordpress\/plugins\/seo\/ -->\n<title>J\u00e4\u00e4pallokoulut - Suomen J\u00e4\u00e4palloliitto<\/title>\n<meta name=\"robots\" content=\"index, follow, max-snippet:-1, max-image-preview:large, max-video-preview:-1\" \/>\n<link rel=\"canonical\" href=\"https:\/\/www.finbandy.fi\/fi\/junnusivut\/jaapallokoulut\/\" \/>\n<meta property=\"og:locale\" content=\"fi_FI\" \/>\n<meta property=\"og:type\" content=\"article\" \/>\n<meta property=\"og:title\" content=\"J\u00e4\u00e4pallokoulut - Suomen J\u00e4\u00e4palloliitto\" \/>\n<meta property=\"og:description\" content=\"J\u00e4\u00e4pallokoulut kaudelle 2024-2025 Voitte ilmoittaa liittoon oman paikkakuntanne j\u00e4\u00e4pallokouluista. Tiedot julkaistaan t\u00e4h\u00e4n. J\u00e4\u00e4pallokoulut kaikille j\u00e4\u00e4pallopaikkakunnille! Seppo JolkkonenPorvoon J\u00e4\u00e4pallokoulun aktiivi J\u00e4\u00e4pallokouluilla on ainutlaatuinen mahdollisuus tarjota ulkoliikuntaa talvisaikaan. Kun nykyisin l\u00e4hes kaikki liikunta ja muukin harrastustoiminta on siirtynyt sis\u00e4tiloihin talvisin, niin liukkaalla j\u00e4\u00e4ll\u00e4 luistimin ja jp-mailan kanssa voidaan lapsille tarjota tervett\u00e4 liikuntaa raikkaassa s\u00e4\u00e4ss\u00e4. T\u00e4t\u00e4 pit\u00e4isi Suomen [&hellip;]\" \/>\n<meta property=\"og:url\" content=\"https:\/\/www.finbandy.fi\/fi\/junnusivut\/jaapallokoulut\/\" \/>\n<meta property=\"og:site_name\" content=\"Suomen J\u00e4\u00e4palloliitto\" \/>\n<meta property=\"article:modified_time\" content=\"2024-09-02T12:05:37+00:00\" \/>\n<meta name=\"twitter:card\" content=\"summary_large_image\" \/>\n<meta name=\"twitter:label1\" content=\"Arvioitu lukuaika\" \/>\n\t<meta name=\"twitter:data1\" content=\"7 minuuttia\" \/>\n<script type=\"application\/ld+json\" class=\"yoast-schema-graph\">{\"@context\":\"https:\/\/schema.org\",\"@graph\":[{\"@type\":\"WebPage\",\"@id\":\"https:\/\/www.finbandy.fi\/fi\/junnusivut\/jaapallokoulut\/\",\"url\":\"https:\/\/www.finbandy.fi\/fi\/junnusivut\/jaapallokoulut\/\",\"name\":\"J\u00e4\u00e4pallokoulut - Suomen J\u00e4\u00e4palloliitto\",\"isPartOf\":{\"@id\":\"https:\/\/www.finbandy.fi\/fi\/#website\"},\"datePublished\":\"2013-11-14T13:11:45+00:00\",\"dateModified\":\"2024-09-02T12:05:37+00:00\",\"breadcrumb\":{\"@id\":\"https:\/\/www.finbandy.fi\/fi\/junnusivut\/jaapallokoulut\/#breadcrumb\"},\"inLanguage\":\"fi\",\"potentialAction\":[{\"@type\":\"ReadAction\",\"target\":[\"https:\/\/www.finbandy.fi\/fi\/junnusivut\/jaapallokoulut\/\"]}]},{\"@type\":\"BreadcrumbList\",\"@id\":\"https:\/\/www.finbandy.fi\/fi\/junnusivut\/jaapallokoulut\/#breadcrumb\",\"itemListElement\":[{\"@type\":\"ListItem\",\"position\":1,\"name\":\"Etusivu\",\"item\":\"https:\/\/www.finbandy.fi\/fi\/\"},{\"@type\":\"ListItem\",\"position\":2,\"name\":\"Junnusivut\",\"item\":\"https:\/\/www.finbandy.fi\/fi\/junnusivut\/\"},{\"@type\":\"ListItem\",\"position\":3,\"name\":\"J\u00e4\u00e4pallokoulut\"}]},{\"@type\":\"WebSite\",\"@id\":\"https:\/\/www.finbandy.fi\/fi\/#website\",\"url\":\"https:\/\/www.finbandy.fi\/fi\/\",\"name\":\"Suomen J\u00e4\u00e4palloliitto\",\"description\":\"\",\"potentialAction\":[{\"@type\":\"SearchAction\",\"target\":{\"@type\":\"EntryPoint\",\"urlTemplate\":\"https:\/\/www.finbandy.fi\/fi\/?s={search_term_string}\"},\"query-input\":\"required name=search_term_string\"}],\"inLanguage\":\"fi\"}]}<\/script>\n<!-- \/ Yoast SEO plugin. -->","yoast_head_json":{"title":"J\u00e4\u00e4pallokoulut - Suomen J\u00e4\u00e4palloliitto","robots":{"index":"index","follow":"follow","max-snippet":"max-snippet:-1","max-image-preview":"max-image-preview:large","max-video-preview":"max-video-preview:-1"},"canonical":"https:\/\/www.finbandy.fi\/fi\/junnusivut\/jaapallokoulut\/","og_locale":"fi_FI","og_type":"article","og_title":"J\u00e4\u00e4pallokoulut - Suomen J\u00e4\u00e4palloliitto","og_description":"J\u00e4\u00e4pallokoulut kaudelle 2024-2025 Voitte ilmoittaa liittoon oman paikkakuntanne j\u00e4\u00e4pallokouluista. Tiedot julkaistaan t\u00e4h\u00e4n. J\u00e4\u00e4pallokoulut kaikille j\u00e4\u00e4pallopaikkakunnille! Seppo JolkkonenPorvoon J\u00e4\u00e4pallokoulun aktiivi J\u00e4\u00e4pallokouluilla on ainutlaatuinen mahdollisuus tarjota ulkoliikuntaa talvisaikaan. Kun nykyisin l\u00e4hes kaikki liikunta ja muukin harrastustoiminta on siirtynyt sis\u00e4tiloihin talvisin, niin liukkaalla j\u00e4\u00e4ll\u00e4 luistimin ja jp-mailan kanssa voidaan lapsille tarjota tervett\u00e4 liikuntaa raikkaassa s\u00e4\u00e4ss\u00e4. T\u00e4t\u00e4 pit\u00e4isi Suomen [&hellip;]","og_url":"https:\/\/www.finbandy.fi\/fi\/junnusivut\/jaapallokoulut\/","og_site_name":"Suomen J\u00e4\u00e4palloliitto","article_modified_time":"2024-09-02T12:05:37+00:00","twitter_card":"summary_large_image","twitter_misc":{"Arvioitu lukuaika":"7 minuuttia"},"schema":{"@context":"https:\/\/schema.org","@graph":[{"@type":"WebPage","@id":"https:\/\/www.finbandy.fi\/fi\/junnusivut\/jaapallokoulut\/","url":"https:\/\/www.finbandy.fi\/fi\/junnusivut\/jaapallokoulut\/","name":"J\u00e4\u00e4pallokoulut - Suomen J\u00e4\u00e4palloliitto","isPartOf":{"@id":"https:\/\/www.finbandy.fi\/fi\/#website"},"datePublished":"2013-11-14T13:11:45+00:00","dateModified":"2024-09-02T12:05:37+00:00","breadcrumb":{"@id":"https:\/\/www.finbandy.fi\/fi\/junnusivut\/jaapallokoulut\/#breadcrumb"},"inLanguage":"fi","potentialAction":[{"@type":"ReadAction","target":["https:\/\/www.finbandy.fi\/fi\/junnusivut\/jaapallokoulut\/"]}]},{"@type":"BreadcrumbList","@id":"https:\/\/www.finbandy.fi\/fi\/junnusivut\/jaapallokoulut\/#breadcrumb","itemListElement":[{"@type":"ListItem","position":1,"name":"Etusivu","item":"https:\/\/www.finbandy.fi\/fi\/"},{"@type":"ListItem","position":2,"name":"Junnusivut","item":"https:\/\/www.finbandy.fi\/fi\/junnusivut\/"},{"@type":"ListItem","position":3,"name":"J\u00e4\u00e4pallokoulut"}]},{"@type":"WebSite","@id":"https:\/\/www.finbandy.fi\/fi\/#website","url":"https:\/\/www.finbandy.fi\/fi\/","name":"Suomen J\u00e4\u00e4palloliitto","description":"","potentialAction":[{"@type":"SearchAction","target":{"@type":"EntryPoint","urlTemplate":"https:\/\/www.finbandy.fi\/fi\/?s={search_term_string}"},"query-input":"required name=search_term_string"}],"inLanguage":"fi"}]}},"_links":{"self":[{"href":"https:\/\/www.finbandy.fi\/fi\/wp-json\/wp\/v2\/pages\/1025"}],"collection":[{"href":"https:\/\/www.finbandy.fi\/fi\/wp-json\/wp\/v2\/pages"}],"about":[{"href":"https:\/\/www.finbandy.fi\/fi\/wp-json\/wp\/v2\/types\/page"}],"author":[{"embeddable":true,"href":"https:\/\/www.finbandy.fi\/fi\/wp-json\/wp\/v2\/users\/1"}],"replies":[{"embeddable":true,"href":"https:\/\/www.finbandy.fi\/fi\/wp-json\/wp\/v2\/comments?post=1025"}],"version-history":[{"count":61,"href":"https:\/\/www.finbandy.fi\/fi\/wp-json\/wp\/v2\/pages\/1025\/revisions"}],"predecessor-version":[{"id":22748,"href":"https:\/\/www.finbandy.fi\/fi\/wp-json\/wp\/v2\/pages\/1025\/revisions\/22748"}],"up":[{"embeddable":true,"href":"https:\/\/www.finbandy.fi\/fi\/wp-json\/wp\/v2\/pages\/1019"}],"wp:attachment":[{"href":"https:\/\/www.finbandy.fi\/fi\/wp-json\/wp\/v2\/media?parent=1025"}],"curies":[{"name":"wp","href":"https:\/\/api.w.org\/{rel}","templated":true}]}}