{"id":1089,"date":"2013-11-14T20:39:04","date_gmt":"2013-11-14T18:39:04","guid":{"rendered":"https:\/\/www.finbandy.fi\/fi\/?page_id=1089"},"modified":"2026-01-28T10:57:13","modified_gmt":"2026-01-28T08:57:13","slug":"k-lupahakemus","status":"publish","type":"page","link":"https:\/\/www.finbandy.fi\/fi\/asiointi-lomakkeet\/lomakkeet\/k-lupahakemus\/","title":{"rendered":"K-lupahakemus"},"content":{"rendered":"<div id=\"wp_fb_like_button\" style=\"margin:5px 0;float:none;height:50px;\"><script src=\"http:\/\/connect.facebook.net\/en_US\/all.js#xfbml=1\"><\/script><fb:like href=\"https:\/\/www.finbandy.fi\/fi\/asiointi-lomakkeet\/lomakkeet\/k-lupahakemus\/\" send=\"true\" layout=\"button_count\" width=\"400\" show_faces=\"false\" font=\"arial\" action=\"like\" colorscheme=\"light\"><\/fb:like><\/div>\t\t<div data-elementor-type=\"wp-page\" data-elementor-id=\"1089\" class=\"elementor elementor-1089\" data-elementor-post-type=\"page\">\n\t\t\t\t\t\t<section class=\"elementor-section elementor-top-section elementor-element elementor-element-4ebe2d66 elementor-section-boxed elementor-section-height-default elementor-section-height-default\" data-id=\"4ebe2d66\" data-element_type=\"section\">\n\t\t\t\t\t\t<div class=\"elementor-container elementor-column-gap-default\">\n\t\t\t\t\t<div class=\"elementor-column elementor-col-100 elementor-top-column elementor-element elementor-element-68454858\" data-id=\"68454858\" data-element_type=\"column\">\n\t\t\t<div class=\"elementor-widget-wrap elementor-element-populated\">\n\t\t\t\t\t\t<div class=\"elementor-element elementor-element-52e49d60 elementor-widget elementor-widget-text-editor\" data-id=\"52e49d60\" data-element_type=\"widget\" data-widget_type=\"text-editor.default\">\n\t\t\t\t<div class=\"elementor-widget-container\">\n\t\t\t\t\t\t\t<h4><a href=\"https:\/\/www.finbandy.fi\/fi\/wp-content\/uploads\/2026\/01\/K-lupahakemukset-2025-2026-28012026.pdf\">K-lupahakemukset kaudella 2025-26<\/a><\/h4><h4>\u00a0<\/h4><h3>Kaksoisedustus<\/h3><p><strong>K-lupahakemus on toimitettava liittoon 31.12.2025 menness\u00e4<\/strong>, t\u00e4m\u00e4n j\u00e4lkeen j\u00e4tettyj\u00e4 hakemuksia ei en\u00e4\u00e4 k\u00e4sitell\u00e4.<\/p><h3>Kaksoisedustus eri seurojen v\u00e4lill\u00e4<\/h3><p>Kaksoisedustusoikeuden voi saada<\/p><ol><li><span style=\"font-size: 1rem; font-weight: inherit;\">Juniori-ik\u00e4inen pelaaja edustaakseen toisen seuran aikuisjoukkuetta. Kaksoisedustusoikeuden ollessa voimassa pelaaja voi edustaa vain sit\u00e4 aikuisten joukkuetta, johon kaksoisedustus on my\u00f6nnetty.\u00a0<\/span><\/li><li>Kaksoisedustus eri seurojen kesken on mahdollista nuorten ik\u00e4luokissa. Pelaaja voi pelata oman ik\u00e4luokkansa joukkueessa eri seurassa.<\/li><\/ol><p>Seurat voivat hakea kaksoisedustusta enint\u00e4\u00e4n 5 pelaajalle, ottelukohtaisesti voidaan kuitenkin k\u00e4ytt\u00e4\u00e4 vain kahta pelaajaa. \u00a0Pelaajilla on edustusoikeus my\u00f6s lopputurnauksessa.<\/p><p>K-edustuksessa poikkeuksen muodostavat maalivahdit, joita voi tilap\u00e4isesti erityistilanteissa peluuttaa kumpaakin suuntaan.<\/p><h3>Seuran sis\u00e4iset K-luvat<\/h3><p><strong><u>U16- ja U18-sarjat<\/u><\/strong><\/p><p>Seuran joukkueet voivat hakea kaksoisedustusta enint\u00e4\u00e4n 5 pelaajalle. Ottelukohtaisesti voidaan kuitenkin k\u00e4ytt\u00e4\u00e4 vain kolmea pelaajaa. K-luvat eiv\u00e4t ole voimassa Ylemm\u00e4ss\u00e4 lopputurnauksessa.<\/p><p>Mik\u00e4li seuralla on nuorten sarjassa mukana useampi joukkue samassa ik\u00e4luokassa, seura voi vapaasti t\u00e4ydent\u00e4\u00e4 joukkueita nuoremmista pelaajista ja n\u00e4ille pelaajille ei tarvitse hakea maksullisia K-lupia.<\/p><p>Mik\u00e4li seura osallistuu alkusarjaan useammalla joukkueella, mutta osallistuu lopputurnaukseen ainoastaan yhdell\u00e4 joukkueella, on ik\u00e4luokan molempien joukkueiden pelaajilla edustusoikeus lopputurnaukseen osallistuvassa joukkueessa.<\/p><p>Sis\u00e4isen K-luvan tarkoituksena on mahdollistaa joukkueiden sarjaan osallistuminen ja saada lis\u00e4\u00e4 peliaikaa kehittyville pelaajille. Ylemm\u00e4n lohkon k\u00e4rkipelaajille ei tule hakea tai my\u00f6nt\u00e4\u00e4 lupaa alemman lohkon kilpailuedun tavoittelemiseksi. Seuran joukkueet eiv\u00e4t my\u00f6sk\u00e4\u00e4n saa hy\u00f6ty\u00e4 lopputurnauksen lohkojaossa siit\u00e4, ett\u00e4 ovat kierr\u00e4tt\u00e4m\u00e4ll\u00e4 voineet hankkia seuran joukkueille alkusarjan k\u00e4rkisijoitukset.<\/p><p>Ylemm\u00e4ss\u00e4 lopputurnauksessa pelaavien joukkueiden kokoonpanot ilmoitetaan liittoon 2 viikkoa ennen ko. turnauksen alkua ja pelaajatiedot tulee p\u00e4ivitt\u00e4\u00e4 tulospalveluohjelmaan viimeist\u00e4\u00e4n 3 vrk ennen turnauksen alkua. Nuorten joukkueiden pelaajam\u00e4\u00e4r\u00e4\u00e4 ei ole rajoitettu lopputurnauksessa.<\/p><p><strong><u>U14 ja U12-sarjat<\/u><\/strong><\/p><p>Pelaaja voi pelata oman seuransa sis\u00e4ll\u00e4 rajoituksetta seuran omassa tai vanhemman ik\u00e4luokan joukkueissa runkosarjassa ja osaturnauksissa. Seuran joukkueet voivat vapaasti kierr\u00e4tt\u00e4\u00e4 pelaajiaan oman seuran eri joukkueissa runkosarjassa my\u00f6s samassa ik\u00e4luokassa ja osaturnauksissa.<\/p><h3>Naisten sarjan K-luvat<\/h3><p>Naisten sarjan kaksoisedustusluvat k\u00e4sittelee Kilpailuvaliokunta. Jokainen Naisten Bandyliigaan osallistuva joukkue tekee valiokunnalle listan kaikista niist\u00e4 pelaajista, joilla on edustusoikeus muualla kuin siin\u00e4 naisten Bandyliigajoukkueessa, jossa aikovat pelata Naisten Bandyliigaa. Lista on toimitettava valiokunnalle hyviss\u00e4 ajoin ennen ensimm\u00e4ist\u00e4 ottelua.<\/p><p>Kilpailuvaliokunta hyv\u00e4ksyy Naisten Bandyliigan pelaajalistat.<\/p><p>Tytt\u00f6- ja naispelaajat voivat edustaa samanaikaisesti sek\u00e4 nuorten sarjassa ett\u00e4 naisten Bandyliigassa pelaavaa joukkuetta. Kaksoisedustuksesta tulee tehd\u00e4 ilmoitus kilpailuvaliokunnalle.<\/p><p>K-luvan saanut pelaaja on merkitt\u00e4v\u00e4 ottelup\u00f6yt\u00e4kirjan pelaajatietoihin K-kirjaimella. Mik\u00e4li merkint\u00e4\u00e4 ei ole tehty ottelup\u00f6yt\u00e4kirjaan, tai mik\u00e4li K-pelaaja peluutetaan m\u00e4\u00e4r\u00e4p\u00e4iv\u00e4n j\u00e4lkeen, rangaistaan seuraa 50 euron sanktiolla\/pelaaja.<\/p><h3>Maksut<\/h3><p>K-lupahakemuksista maksetaan <strong>20 euroa\/pelaaja<\/strong> kirjaamismaksua. Bandyliiga <strong>50 euroa\/pelaaja<\/strong>.<\/p><p>Maksut maksetaan Suomen J\u00e4\u00e4palloliiton pankkitilille Nordeaan<br \/>IBAN: FI70 2001 1800 0890 73<br \/>BIC: NDEAFIHH<\/p><p>K-luvat astuvat voimaan Kilpailuvaliokunnan k\u00e4sittelyn j\u00e4lkeen. Liitto ilmoittaa junioripelaajien edustusoikeuksista verkkosivuillaan.<\/p><p>Liitolla on oikeus peruuttaa K\u2013lupa, jos ilmenee, ett\u00e4 ilmoituksessa on esitetty erheellisi\u00e4 tietoja. T\u00e4m\u00e4n lis\u00e4ksi noudatetaan liiton rangaistusseuraamuksia.<\/p><h3>K-lupahakemuslomake<\/h3><div role=\"form\" class=\"wpcf7\" id=\"wpcf7-f20089-o1\" lang=\"fi\" dir=\"ltr\">\n<div class=\"screen-reader-response\"><p role=\"status\" aria-live=\"polite\" aria-atomic=\"true\"><\/p> <ul><\/ul><\/div>\n<form action=\"\/fi\/wp-json\/wp\/v2\/pages\/1089#wpcf7-f20089-o1\" method=\"post\" class=\"wpcf7-form init\" novalidate=\"novalidate\" data-status=\"init\">\n<div style=\"display: none;\">\n<input type=\"hidden\" name=\"_wpcf7\" value=\"20089\" \/>\n<input type=\"hidden\" name=\"_wpcf7_version\" value=\"5.6.3\" \/>\n<input type=\"hidden\" name=\"_wpcf7_locale\" value=\"fi\" \/>\n<input type=\"hidden\" name=\"_wpcf7_unit_tag\" value=\"wpcf7-f20089-o1\" \/>\n<input type=\"hidden\" name=\"_wpcf7_container_post\" value=\"0\" \/>\n<input type=\"hidden\" name=\"_wpcf7_posted_data_hash\" value=\"\" \/>\n<\/div>\n<p><label> Hakemustyyppi:<br \/>\n    <span class=\"wpcf7-form-control-wrap\" data-name=\"Hakemustyyppi\"><input type=\"text\" name=\"Hakemustyyppi\" value=\"\" size=\"40\" class=\"wpcf7-form-control wpcf7-text wpcf7-validates-as-required\" aria-required=\"true\" aria-invalid=\"false\" \/><\/span> <\/label><\/p>\n<p><label> Pelaajan nykyinen seura (mihin seuraan pelaajan lisenssi on osoitettu):<br \/>\n    <span class=\"wpcf7-form-control-wrap\" data-name=\"Pelaajan-seura\"><input type=\"text\" name=\"Pelaajan-seura\" value=\"\" size=\"40\" class=\"wpcf7-form-control wpcf7-text wpcf7-validates-as-required\" aria-required=\"true\" aria-invalid=\"false\" \/><\/span> <\/label><\/p>\n<p><label> K-lupaa haetaan seuraavalle pelaajalle:<br \/>\n    <span class=\"wpcf7-form-control-wrap\" data-name=\"Pelaaja\"><input type=\"text\" name=\"Pelaaja\" value=\"\" size=\"40\" class=\"wpcf7-form-control wpcf7-text wpcf7-validates-as-required\" aria-required=\"true\" aria-invalid=\"false\" \/><\/span> <\/label><\/p>\n<p><label> Pelaajan syntym\u00e4aika:<br \/>\n    <span class=\"wpcf7-form-control-wrap\" data-name=\"Pelaajan-syntymaaika\"><input type=\"text\" name=\"Pelaajan-syntymaaika\" value=\"\" size=\"40\" class=\"wpcf7-form-control wpcf7-text wpcf7-validates-as-required\" aria-required=\"true\" aria-invalid=\"false\" \/><\/span> <\/label><\/p>\n<p><label> Pelaajan nykyinen joukkue:<br \/>\n    <span class=\"wpcf7-form-control-wrap\" data-name=\"Nykyinen-joukkue\"><input type=\"text\" name=\"Nykyinen-joukkue\" value=\"\" size=\"40\" class=\"wpcf7-form-control wpcf7-text wpcf7-validates-as-required\" aria-required=\"true\" aria-invalid=\"false\" \/><\/span> <\/label><\/p>\n<p><label> Seuran yhteyshenkil\u00f6:<br \/>\n    <span class=\"wpcf7-form-control-wrap\" data-name=\"Seuran-yhteyshenkilo\"><input type=\"text\" name=\"Seuran-yhteyshenkilo\" value=\"\" size=\"40\" class=\"wpcf7-form-control wpcf7-text wpcf7-validates-as-required\" aria-required=\"true\" aria-invalid=\"false\" \/><\/span> <\/label><\/p>\n<p><label> Joukkue ja ik\u00e4luokka, johon K-lupaa haetaan:<br \/>\n    <span class=\"wpcf7-form-control-wrap\" data-name=\"Joukkue-ja-ikaluokka\"><input type=\"text\" name=\"Joukkue-ja-ikaluokka\" value=\"\" size=\"40\" class=\"wpcf7-form-control wpcf7-text wpcf7-validates-as-required\" aria-required=\"true\" aria-invalid=\"false\" \/><\/span> <\/label><\/p>\n<p><label> K-luvan pituus:<br \/>\n    <span class=\"wpcf7-form-control-wrap\" data-name=\"K-luvan-pituus\"><input type=\"text\" name=\"K-luvan-pituus\" value=\"\" size=\"40\" class=\"wpcf7-form-control wpcf7-text wpcf7-validates-as-required\" aria-required=\"true\" aria-invalid=\"false\" \/><\/span> <\/label><\/p>\n<p><label> Perustelut k-luvan hakemiseksi:<br \/>\n    <span class=\"wpcf7-form-control-wrap\" data-name=\"Perustelut\"><textarea name=\"Perustelut\" cols=\"40\" rows=\"10\" class=\"wpcf7-form-control wpcf7-textarea wpcf7-validates-as-required\" aria-required=\"true\" aria-invalid=\"false\"><\/textarea><\/span> <\/label><\/p>\n<p><label> Pelaajan nykyisen seuran yhteyshenkil\u00f6 ja yhteystiedot (s-posti\/puh.):<br \/>\n    <span class=\"wpcf7-form-control-wrap\" data-name=\"Pelaajan-yhteyshenkilo\"><input type=\"text\" name=\"Pelaajan-yhteyshenkilo\" value=\"\" size=\"40\" class=\"wpcf7-form-control wpcf7-text wpcf7-validates-as-required\" aria-required=\"true\" aria-invalid=\"false\" \/><\/span> <\/label><\/p>\n<p><label> K-lupaa hakevan joukkueen yhteyshenkil\u00f6 ja yhteystiedot (s-posti\/puh.):<br \/>\n    <span class=\"wpcf7-form-control-wrap\" data-name=\"Joukkueen-yhteyshenkilo\"><input type=\"text\" name=\"Joukkueen-yhteyshenkilo\" value=\"\" size=\"40\" class=\"wpcf7-form-control wpcf7-text wpcf7-validates-as-required\" aria-required=\"true\" aria-invalid=\"false\" \/><\/span> <\/label><\/p>\n<p>K-luvan maksu: 20\u20ac\/pelaaja<br \/>\nBandyliiga: 50\u20ac\/pelaaja<br \/>\n<label> Maksup\u00e4iv\u00e4m\u00e4\u00e4r\u00e4:<br \/>\n    <span class=\"wpcf7-form-control-wrap\" data-name=\"Maksupaivamaara\"><input type=\"text\" name=\"Maksupaivamaara\" value=\"\" size=\"40\" class=\"wpcf7-form-control wpcf7-text wpcf7-validates-as-required\" aria-required=\"true\" aria-invalid=\"false\" \/><\/span> <\/label><\/p>\n<p><input type=\"submit\" value=\"L\u00e4het\u00e4\" class=\"wpcf7-form-control has-spinner wpcf7-submit\" \/><\/p>\n<div class=\"wpcf7-response-output\" aria-hidden=\"true\"><\/div><\/form><\/div>\t\t\t\t\t\t<\/div>\n\t\t\t\t<\/div>\n\t\t\t\t\t<\/div>\n\t\t<\/div>\n\t\t\t\t\t<\/div>\n\t\t<\/section>\n\t\t\t\t<\/div>\n\t\t","protected":false},"excerpt":{"rendered":"<p>K-lupahakemukset kaudella 2025-26 \u00a0 Kaksoisedustus K-lupahakemus on toimitettava liittoon 31.12.2025 menness\u00e4, t\u00e4m\u00e4n j\u00e4lkeen j\u00e4tettyj\u00e4 hakemuksia ei en\u00e4\u00e4 k\u00e4sitell\u00e4. Kaksoisedustus eri seurojen v\u00e4lill\u00e4 Kaksoisedustusoikeuden voi saada Juniori-ik\u00e4inen pelaaja edustaakseen toisen seuran aikuisjoukkuetta. Kaksoisedustusoikeuden ollessa voimassa pelaaja voi edustaa vain sit\u00e4 aikuisten joukkuetta, johon kaksoisedustus on my\u00f6nnetty.\u00a0 Kaksoisedustus eri seurojen kesken on mahdollista nuorten ik\u00e4luokissa. Pelaaja voi [&hellip;]<\/p>\n","protected":false},"author":1,"featured_media":0,"parent":1080,"menu_order":1,"comment_status":"open","ping_status":"open","template":"","meta":{"_monsterinsights_skip_tracking":false,"_monsterinsights_sitenote_active":false,"_monsterinsights_sitenote_note":"","_monsterinsights_sitenote_category":0,"site-sidebar-layout":"default","site-content-layout":"default","ast-site-content-layout":"","site-content-style":"default","site-sidebar-style":"default","ast-global-header-display":"","ast-banner-title-visibility":"","ast-main-header-display":"","ast-hfb-above-header-display":"","ast-hfb-below-header-display":"","ast-hfb-mobile-header-display":"","site-post-title":"","ast-breadcrumbs-content":"","ast-featured-img":"","footer-sml-layout":"","theme-transparent-header-meta":"default","adv-header-id-meta":"","stick-header-meta":"","header-above-stick-meta":"","header-main-stick-meta":"","header-below-stick-meta":"","astra-migrate-meta-layouts":"default","ast-page-background-enabled":"default","ast-page-background-meta":{"desktop":{"background-color":"var(--ast-global-color-4)","background-image":"","background-repeat":"repeat","background-position":"center center","background-size":"auto","background-attachment":"scroll","background-type":"","background-media":"","overlay-type":"","overlay-color":"","overlay-opacity":"","overlay-gradient":""},"tablet":{"background-color":"","background-image":"","background-repeat":"repeat","background-position":"center center","background-size":"auto","background-attachment":"scroll","background-type":"","background-media":"","overlay-type":"","overlay-color":"","overlay-opacity":"","overlay-gradient":""},"mobile":{"background-color":"","background-image":"","background-repeat":"repeat","background-position":"center center","background-size":"auto","background-attachment":"scroll","background-type":"","background-media":"","overlay-type":"","overlay-color":"","overlay-opacity":"","overlay-gradient":""}},"ast-content-background-meta":{"desktop":{"background-color":"var(--ast-global-color-5)","background-image":"","background-repeat":"repeat","background-position":"center center","background-size":"auto","background-attachment":"scroll","background-type":"","background-media":"","overlay-type":"","overlay-color":"","overlay-opacity":"","overlay-gradient":""},"tablet":{"background-color":"var(--ast-global-color-5)","background-image":"","background-repeat":"repeat","background-position":"center center","background-size":"auto","background-attachment":"scroll","background-type":"","background-media":"","overlay-type":"","overlay-color":"","overlay-opacity":"","overlay-gradient":""},"mobile":{"background-color":"var(--ast-global-color-5)","background-image":"","background-repeat":"repeat","background-position":"center center","background-size":"auto","background-attachment":"scroll","background-type":"","background-media":"","overlay-type":"","overlay-color":"","overlay-opacity":"","overlay-gradient":""}},"footnotes":"","_expiration-date-status":"","_expiration-date":0,"_expiration-date-type":"","_expiration-date-categories":[],"_expiration-date-options":[]},"class_list":["post-1089","page","type-page","status-publish","hentry"],"yoast_head":"<!-- This site is optimized with the Yoast SEO plugin v19.7.1 - https:\/\/yoast.com\/wordpress\/plugins\/seo\/ -->\n<title>K-lupahakemus - Suomen J\u00e4\u00e4palloliitto<\/title>\n<meta name=\"robots\" content=\"index, follow, max-snippet:-1, max-image-preview:large, max-video-preview:-1\" \/>\n<link rel=\"canonical\" href=\"https:\/\/www.finbandy.fi\/fi\/asiointi-lomakkeet\/lomakkeet\/k-lupahakemus\/\" \/>\n<meta property=\"og:locale\" content=\"fi_FI\" \/>\n<meta property=\"og:type\" content=\"article\" \/>\n<meta property=\"og:title\" content=\"K-lupahakemus - Suomen J\u00e4\u00e4palloliitto\" \/>\n<meta property=\"og:description\" content=\"K-lupahakemukset kaudella 2025-26 \u00a0 Kaksoisedustus K-lupahakemus on toimitettava liittoon 31.12.2025 menness\u00e4, t\u00e4m\u00e4n j\u00e4lkeen j\u00e4tettyj\u00e4 hakemuksia ei en\u00e4\u00e4 k\u00e4sitell\u00e4. Kaksoisedustus eri seurojen v\u00e4lill\u00e4 Kaksoisedustusoikeuden voi saada Juniori-ik\u00e4inen pelaaja edustaakseen toisen seuran aikuisjoukkuetta. Kaksoisedustusoikeuden ollessa voimassa pelaaja voi edustaa vain sit\u00e4 aikuisten joukkuetta, johon kaksoisedustus on my\u00f6nnetty.\u00a0 Kaksoisedustus eri seurojen kesken on mahdollista nuorten ik\u00e4luokissa. Pelaaja voi [&hellip;]\" \/>\n<meta property=\"og:url\" content=\"https:\/\/www.finbandy.fi\/fi\/asiointi-lomakkeet\/lomakkeet\/k-lupahakemus\/\" \/>\n<meta property=\"og:site_name\" content=\"Suomen J\u00e4\u00e4palloliitto\" \/>\n<meta property=\"article:modified_time\" content=\"2026-01-28T08:57:13+00:00\" \/>\n<meta name=\"twitter:card\" content=\"summary_large_image\" \/>\n<meta name=\"twitter:label1\" content=\"Arvioitu lukuaika\" \/>\n\t<meta name=\"twitter:data1\" content=\"3 minuuttia\" \/>\n<script type=\"application\/ld+json\" class=\"yoast-schema-graph\">{\"@context\":\"https:\/\/schema.org\",\"@graph\":[{\"@type\":\"WebPage\",\"@id\":\"https:\/\/www.finbandy.fi\/fi\/asiointi-lomakkeet\/lomakkeet\/k-lupahakemus\/\",\"url\":\"https:\/\/www.finbandy.fi\/fi\/asiointi-lomakkeet\/lomakkeet\/k-lupahakemus\/\",\"name\":\"K-lupahakemus - Suomen J\u00e4\u00e4palloliitto\",\"isPartOf\":{\"@id\":\"https:\/\/www.finbandy.fi\/fi\/#website\"},\"datePublished\":\"2013-11-14T18:39:04+00:00\",\"dateModified\":\"2026-01-28T08:57:13+00:00\",\"breadcrumb\":{\"@id\":\"https:\/\/www.finbandy.fi\/fi\/asiointi-lomakkeet\/lomakkeet\/k-lupahakemus\/#breadcrumb\"},\"inLanguage\":\"fi\",\"potentialAction\":[{\"@type\":\"ReadAction\",\"target\":[\"https:\/\/www.finbandy.fi\/fi\/asiointi-lomakkeet\/lomakkeet\/k-lupahakemus\/\"]}]},{\"@type\":\"BreadcrumbList\",\"@id\":\"https:\/\/www.finbandy.fi\/fi\/asiointi-lomakkeet\/lomakkeet\/k-lupahakemus\/#breadcrumb\",\"itemListElement\":[{\"@type\":\"ListItem\",\"position\":1,\"name\":\"Etusivu\",\"item\":\"https:\/\/www.finbandy.fi\/fi\/\"},{\"@type\":\"ListItem\",\"position\":2,\"name\":\"Asiointi &#038; Lomakkeet\",\"item\":\"https:\/\/www.finbandy.fi\/fi\/asiointi-lomakkeet\/\"},{\"@type\":\"ListItem\",\"position\":3,\"name\":\"Lomakkeet\",\"item\":\"https:\/\/www.finbandy.fi\/fi\/asiointi-lomakkeet\/lomakkeet\/\"},{\"@type\":\"ListItem\",\"position\":4,\"name\":\"K-lupahakemus\"}]},{\"@type\":\"WebSite\",\"@id\":\"https:\/\/www.finbandy.fi\/fi\/#website\",\"url\":\"https:\/\/www.finbandy.fi\/fi\/\",\"name\":\"Suomen J\u00e4\u00e4palloliitto\",\"description\":\"\",\"potentialAction\":[{\"@type\":\"SearchAction\",\"target\":{\"@type\":\"EntryPoint\",\"urlTemplate\":\"https:\/\/www.finbandy.fi\/fi\/?s={search_term_string}\"},\"query-input\":\"required name=search_term_string\"}],\"inLanguage\":\"fi\"}]}<\/script>\n<!-- \/ Yoast SEO plugin. -->","yoast_head_json":{"title":"K-lupahakemus - Suomen J\u00e4\u00e4palloliitto","robots":{"index":"index","follow":"follow","max-snippet":"max-snippet:-1","max-image-preview":"max-image-preview:large","max-video-preview":"max-video-preview:-1"},"canonical":"https:\/\/www.finbandy.fi\/fi\/asiointi-lomakkeet\/lomakkeet\/k-lupahakemus\/","og_locale":"fi_FI","og_type":"article","og_title":"K-lupahakemus - Suomen J\u00e4\u00e4palloliitto","og_description":"K-lupahakemukset kaudella 2025-26 \u00a0 Kaksoisedustus K-lupahakemus on toimitettava liittoon 31.12.2025 menness\u00e4, t\u00e4m\u00e4n j\u00e4lkeen j\u00e4tettyj\u00e4 hakemuksia ei en\u00e4\u00e4 k\u00e4sitell\u00e4. Kaksoisedustus eri seurojen v\u00e4lill\u00e4 Kaksoisedustusoikeuden voi saada Juniori-ik\u00e4inen pelaaja edustaakseen toisen seuran aikuisjoukkuetta. Kaksoisedustusoikeuden ollessa voimassa pelaaja voi edustaa vain sit\u00e4 aikuisten joukkuetta, johon kaksoisedustus on my\u00f6nnetty.\u00a0 Kaksoisedustus eri seurojen kesken on mahdollista nuorten ik\u00e4luokissa. Pelaaja voi [&hellip;]","og_url":"https:\/\/www.finbandy.fi\/fi\/asiointi-lomakkeet\/lomakkeet\/k-lupahakemus\/","og_site_name":"Suomen J\u00e4\u00e4palloliitto","article_modified_time":"2026-01-28T08:57:13+00:00","twitter_card":"summary_large_image","twitter_misc":{"Arvioitu lukuaika":"3 minuuttia"},"schema":{"@context":"https:\/\/schema.org","@graph":[{"@type":"WebPage","@id":"https:\/\/www.finbandy.fi\/fi\/asiointi-lomakkeet\/lomakkeet\/k-lupahakemus\/","url":"https:\/\/www.finbandy.fi\/fi\/asiointi-lomakkeet\/lomakkeet\/k-lupahakemus\/","name":"K-lupahakemus - Suomen J\u00e4\u00e4palloliitto","isPartOf":{"@id":"https:\/\/www.finbandy.fi\/fi\/#website"},"datePublished":"2013-11-14T18:39:04+00:00","dateModified":"2026-01-28T08:57:13+00:00","breadcrumb":{"@id":"https:\/\/www.finbandy.fi\/fi\/asiointi-lomakkeet\/lomakkeet\/k-lupahakemus\/#breadcrumb"},"inLanguage":"fi","potentialAction":[{"@type":"ReadAction","target":["https:\/\/www.finbandy.fi\/fi\/asiointi-lomakkeet\/lomakkeet\/k-lupahakemus\/"]}]},{"@type":"BreadcrumbList","@id":"https:\/\/www.finbandy.fi\/fi\/asiointi-lomakkeet\/lomakkeet\/k-lupahakemus\/#breadcrumb","itemListElement":[{"@type":"ListItem","position":1,"name":"Etusivu","item":"https:\/\/www.finbandy.fi\/fi\/"},{"@type":"ListItem","position":2,"name":"Asiointi &#038; Lomakkeet","item":"https:\/\/www.finbandy.fi\/fi\/asiointi-lomakkeet\/"},{"@type":"ListItem","position":3,"name":"Lomakkeet","item":"https:\/\/www.finbandy.fi\/fi\/asiointi-lomakkeet\/lomakkeet\/"},{"@type":"ListItem","position":4,"name":"K-lupahakemus"}]},{"@type":"WebSite","@id":"https:\/\/www.finbandy.fi\/fi\/#website","url":"https:\/\/www.finbandy.fi\/fi\/","name":"Suomen J\u00e4\u00e4palloliitto","description":"","potentialAction":[{"@type":"SearchAction","target":{"@type":"EntryPoint","urlTemplate":"https:\/\/www.finbandy.fi\/fi\/?s={search_term_string}"},"query-input":"required name=search_term_string"}],"inLanguage":"fi"}]}},"_links":{"self":[{"href":"https:\/\/www.finbandy.fi\/fi\/wp-json\/wp\/v2\/pages\/1089"}],"collection":[{"href":"https:\/\/www.finbandy.fi\/fi\/wp-json\/wp\/v2\/pages"}],"about":[{"href":"https:\/\/www.finbandy.fi\/fi\/wp-json\/wp\/v2\/types\/page"}],"author":[{"embeddable":true,"href":"https:\/\/www.finbandy.fi\/fi\/wp-json\/wp\/v2\/users\/1"}],"replies":[{"embeddable":true,"href":"https:\/\/www.finbandy.fi\/fi\/wp-json\/wp\/v2\/comments?post=1089"}],"version-history":[{"count":170,"href":"https:\/\/www.finbandy.fi\/fi\/wp-json\/wp\/v2\/pages\/1089\/revisions"}],"predecessor-version":[{"id":24447,"href":"https:\/\/www.finbandy.fi\/fi\/wp-json\/wp\/v2\/pages\/1089\/revisions\/24447"}],"up":[{"embeddable":true,"href":"https:\/\/www.finbandy.fi\/fi\/wp-json\/wp\/v2\/pages\/1080"}],"wp:attachment":[{"href":"https:\/\/www.finbandy.fi\/fi\/wp-json\/wp\/v2\/media?parent=1089"}],"curies":[{"name":"wp","href":"https:\/\/api.w.org\/{rel}","templated":true}]}}