{"id":1096,"date":"2013-11-14T21:14:24","date_gmt":"2013-11-14T19:14:24","guid":{"rendered":"https:\/\/www.finbandy.fi\/fi\/?page_id=1096"},"modified":"2025-12-16T20:04:20","modified_gmt":"2025-12-16T18:04:20","slug":"y-hakemus","status":"publish","type":"page","link":"https:\/\/www.finbandy.fi\/fi\/asiointi-lomakkeet\/lomakkeet\/y-hakemus\/","title":{"rendered":"Y-lupahakemus"},"content":{"rendered":"<div id=\"wp_fb_like_button\" style=\"margin:5px 0;float:none;height:50px;\"><script src=\"http:\/\/connect.facebook.net\/en_US\/all.js#xfbml=1\"><\/script><fb:like href=\"https:\/\/www.finbandy.fi\/fi\/asiointi-lomakkeet\/lomakkeet\/y-hakemus\/\" send=\"true\" layout=\"button_count\" width=\"400\" show_faces=\"false\" font=\"arial\" action=\"like\" colorscheme=\"light\"><\/fb:like><\/div>\t\t<div data-elementor-type=\"wp-page\" data-elementor-id=\"1096\" class=\"elementor elementor-1096\" data-elementor-post-type=\"page\">\n\t\t\t\t\t\t<section class=\"elementor-section elementor-top-section elementor-element elementor-element-7cd22ded elementor-section-boxed elementor-section-height-default elementor-section-height-default\" data-id=\"7cd22ded\" data-element_type=\"section\">\n\t\t\t\t\t\t<div class=\"elementor-container elementor-column-gap-default\">\n\t\t\t\t\t<div class=\"elementor-column elementor-col-100 elementor-top-column elementor-element elementor-element-792a0a74\" data-id=\"792a0a74\" data-element_type=\"column\">\n\t\t\t<div class=\"elementor-widget-wrap elementor-element-populated\">\n\t\t\t\t\t\t<div class=\"elementor-element elementor-element-4644e47c elementor-widget elementor-widget-text-editor\" data-id=\"4644e47c\" data-element_type=\"widget\" data-widget_type=\"text-editor.default\">\n\t\t\t\t<div class=\"elementor-widget-container\">\n\t\t\t\t\t\t\t<h4><a href=\"https:\/\/www.finbandy.fi\/fi\/wp-content\/uploads\/2025\/12\/Myonnetyt-Y-lupahakemukset-2025-2026-1.pdf\"><span style=\"font-size: 14pt;\">Y-lupahakemukset kaudella 2025-2026<\/span><\/a><\/h4><h4>\u00a0<\/h4><h3>Y-luvan hakeminen<\/h3><p><span style=\"font-style: inherit; font-weight: inherit; color: var( --e-global-color-text ); font-family: var( --e-global-typography-text-font-family ), Sans-serif;\">Seura voi nuorten ik\u00e4luokissa tehd\u00e4 kirjallisen hakemuksen Nuorisovaliokunnalle Y-pelaajan k\u00e4ytt\u00e4misest\u00e4 tietyss\u00e4 nuorten joukkueessaan.<\/span><\/p><p><strong>Y-lupahakemus on toimitettava liittoon 31.12.2025 menness\u00e4<\/strong>\u00a0kuitenkin niin, ett\u00e4 sen tulee olla my\u00f6nnetty ennen kuin pelaaja pelaa ensimm\u00e4isen ottelunsa Y-pelaajana. K\u00e4sittelyaika Y-lupien osalta on 10 p\u00e4iv\u00e4\u00e4.<\/p><p>Y-luvat ovat poikkeustapauksia. Yli-ik\u00e4isen pelaajan ei tule taidoiltaan selke\u00e4sti erottua joukkueesta muuta joukkuetta parempina ja pelej\u00e4 ratkaisevina pelaajina.<\/p><p>Yli-ik\u00e4isyyss\u00e4\u00e4nn\u00f6n tarkoituksena on pit\u00e4\u00e4 lajin parissa sellaisia junioreita, jotka eiv\u00e4t omien taitojensa ja fyysisten ominaisuuksiensa takia voi pelata omassa ik\u00e4luokassaan, vaan heid\u00e4n tulee kehitty\u00e4 tasoistensa kanssa. Tarkoituksena ei ole saada etua joukkueelle, vaan pelimahdollisuus nuorelle pelaajalle.<\/p><p><b>Yli-ik\u00e4ist\u00e4 pelaajaa koskevat rajoitukset<\/b><\/p><p>Pelaaja, jolle on my\u00f6nnetty Y-lupa, ei saa osallistua omaa ik\u00e4luokkaansa vanhempien sarjaan.<\/p><p>Yksitt\u00e4iselle pelaajalle ei my\u00f6nnet\u00e4 sek\u00e4 Y- ja K-lupaa saman seuran joukkueeseen.<\/p><p>Y-lupaa ei my\u00f6nnet\u00e4 maajoukkueeseen kuuluvalle pelaajalle. Mik\u00e4li Y-luvan saanut pelaaja tulee valituksi ik\u00e4luokkansa maajoukkueeseen, Y-lupa raukeaa. P19-maaotteluita pelanneelle juniorille ei voida my\u00f6nt\u00e4\u00e4 Y-lupaa.<\/p><p>Yli 30 bandyliigapeli\u00e4 pelanneelle pelaajalle ei ole mahdollista hakea Y-lupaa Nuorten bandyliigaan. Mik\u00e4li yli-ik\u00e4iseksi hyv\u00e4ksytty pelaaja pelaa viisi (5) Bandyliigan j\u00e4\u00e4pallo-ottelua kuluvan kauden aikana, h\u00e4n menett\u00e4\u00e4 oikeutensa pelata yli-ik\u00e4isen\u00e4.<\/p><p><b>Nuorten sarjojen yli-ik\u00e4isyydet<\/b><\/p><p>Joukkue saa k\u00e4ytt\u00e4\u00e4 samassa ottelussa korkeintaan s\u00e4\u00e4nt\u00f6jen mukaisen m\u00e4\u00e4r\u00e4n Y-pelaajia.<\/p><p><b>Nuorten Bandyliigassa (U21)<\/b> sallitaan kolme (3) enint\u00e4\u00e4n 2 vuotta yli-ik\u00e4ist\u00e4 kentt\u00e4pelaajaa kokoonpanossa, muuten m\u00e4\u00e4r\u00e4\u00e4 ei rajoiteta. Y-pelaajilla on osallistumisoikeus my\u00f6s v\u00e4lier\u00e4- ja mitaliotteluissa. Yli-ik\u00e4ist\u00e4 maalivahtia ei lasketa yli-ik\u00e4isten kiinti\u00f6\u00f6n.<\/p><p><strong>U18-nuorissa<\/strong>\u00a0sallitaan kaudella 2025-2026 kolme (3) yli-ik\u00e4ist\u00e4 kentt\u00e4pelaajaa kokoonpanossa, muuten m\u00e4\u00e4r\u00e4\u00e4 ei rajoiteta. Yli-ik\u00e4ist\u00e4 maalivahtia ei lasketa yli-ik\u00e4isten kiinti\u00f6\u00f6n.<\/p><p><strong>U16-nuorissa<\/strong>\u00a0sallitaan kaudella 2025-2026 kolme (3) yli-ik\u00e4ist\u00e4 kentt\u00e4pelaajaa kokoonpanossa, muuten m\u00e4\u00e4r\u00e4\u00e4 ei rajoiteta. Yli-ik\u00e4ist\u00e4 maalivahtia ei lasketa yli-ik\u00e4isten kiinti\u00f6\u00f6n.<\/p><p><strong>U14-nuorissa<\/strong>\u00a0sallitaan kaudella 2025-2026 kaksi \u00a0(2) yli-ik\u00e4ist\u00e4 kentt\u00e4pelaajaa kokoonpanossa, muuten m\u00e4\u00e4r\u00e4\u00e4 ei rajoiteta. Yli-ik\u00e4ist\u00e4 maalivahtia ei lasketa yli-ik\u00e4isten kiinti\u00f6\u00f6n.<\/p><p><strong>U12-nuorissa<\/strong>\u00a0sallitaan kaudella 2025-2026 kaksi (2) yli-ik\u00e4ist\u00e4 kentt\u00e4pelaajaa kokoonpanossa, muuten m\u00e4\u00e4r\u00e4\u00e4 ei rajoiteta. Yli-ik\u00e4ist\u00e4 maalivahtia ei lasketa yli-ik\u00e4isten kiinti\u00f6\u00f6n.<\/p><p>Y-pelaajilla on osallistumisoikeus my\u00f6s v\u00e4lier\u00e4- ja mitaliotteluissa\/lopputurnauksessa.<\/p><p>Yli-ik\u00e4iset pelaajat on ehdottomasti merkitt\u00e4v\u00e4 ottelup\u00f6yt\u00e4kirjassa Y-kirjaimella. Seurat valvovat itse, ett\u00e4 pelaajat on merkitty ottelup\u00f6yt\u00e4kirjaan.<\/p><h3>Nais- ja tytt\u00f6pelaajien edustusoikeus nuorten sarjoissa<\/h3><p>Naiset ja tyt\u00f6t voivat pelata nuorten sarjoissa seuraavasti: <strong>U16 ja sit\u00e4 vanhempien nuorten sarjoissa<\/strong> naiset ja tyt\u00f6t saavat pelata ilman rajoituksia. N\u00e4it\u00e4 pelaajia ei lasketa yli-ik\u00e4isyyskiinti\u00f6ihin ja n\u00e4ill\u00e4 pelaajilla on edustusoikeus my\u00f6s lopputurnauksessa.<\/p><p><strong>U14- nuorten sarjassa<\/strong> saa pelata kolme (3) vuotta yli-ik\u00e4iset tyt\u00f6t, n\u00e4it\u00e4 pelaajia ei lasketa yli-ik\u00e4isyyskiinti\u00f6ihin ja n\u00e4ill\u00e4 pelaajilla on edustusoikeus my\u00f6s lopputurnauksessa<\/p><p><strong>U12 ja sit\u00e4 nuorempien<\/strong> nuorten sarjoissa saa pelata kaksi (2) vuotta yli-ik\u00e4iset tyt\u00f6t, n\u00e4it\u00e4 pelaajia ei lasketa yli-ik\u00e4isyyskiinti\u00f6ihin ja n\u00e4ill\u00e4 pelaajilla on edustusoikeus my\u00f6s lopputurnauksessa.<\/p><p>Naisten joukkue voi osallistua U16 alempaan sarjaan, mutta ei lopputurnaukseen. Naisten joukkueen pisteit\u00e4 ei poisteta sarjataulukosta.<\/p><h3>Maksut<\/h3><p>Y-luvan kirjaamismaksu on <strong>30 euroa \/ k\u00e4sitelty lupa.<\/strong> Tiedonantokohtaan merkit\u00e4\u00e4n pelaajan\/pelaajien nimet sek\u00e4 maininta \u201dyli-ik\u00e4isyys\u201d.<\/p><p>Maksut maksetaan Suomen J\u00e4\u00e4palloliiton pankkitilille Nordeaan<br \/>IBAN: FI70 2001 1800 0890 73<br \/>BIC: NDEAFIHH<\/p><p>Y-luvat astuvat voimaan Nuorisovaliokunnan k\u00e4sittelyn j\u00e4lkeen. Liitto ilmoittaa junioripelaajien edustusoikeuksista verkkosivuillaan.<\/p><p>Liitolla on oikeus peruuttaa Y&#8211;lupa, jos ilmenee, ett\u00e4 ilmoituksessa on esitetty erheellisi\u00e4 tietoja. T\u00e4m\u00e4n lis\u00e4ksi noudatetaan liiton rangaistusseuraamuksia.<\/p><h3>Y-hakemuslomake<\/h3><div role=\"form\" class=\"wpcf7\" id=\"wpcf7-f20084-o1\" lang=\"fi\" dir=\"ltr\">\n<div class=\"screen-reader-response\"><p role=\"status\" aria-live=\"polite\" aria-atomic=\"true\"><\/p> <ul><\/ul><\/div>\n<form action=\"\/fi\/wp-json\/wp\/v2\/pages\/1096#wpcf7-f20084-o1\" method=\"post\" class=\"wpcf7-form init\" novalidate=\"novalidate\" data-status=\"init\">\n<div style=\"display: none;\">\n<input type=\"hidden\" name=\"_wpcf7\" value=\"20084\" \/>\n<input type=\"hidden\" name=\"_wpcf7_version\" value=\"5.6.3\" \/>\n<input type=\"hidden\" name=\"_wpcf7_locale\" value=\"fi\" \/>\n<input type=\"hidden\" name=\"_wpcf7_unit_tag\" value=\"wpcf7-f20084-o1\" \/>\n<input type=\"hidden\" name=\"_wpcf7_container_post\" value=\"0\" \/>\n<input type=\"hidden\" name=\"_wpcf7_posted_data_hash\" value=\"\" \/>\n<\/div>\n<p><label> Seura<br \/>\n    <span class=\"wpcf7-form-control-wrap\" data-name=\"Seura\"><input type=\"text\" name=\"Seura\" value=\"\" size=\"40\" class=\"wpcf7-form-control wpcf7-text wpcf7-validates-as-required\" aria-required=\"true\" aria-invalid=\"false\" \/><\/span> <\/label><\/p>\n<p><label> Pelaajan nimi<br \/>\n    <span class=\"wpcf7-form-control-wrap\" data-name=\"Pelaajan-nimi\"><input type=\"text\" name=\"Pelaajan-nimi\" value=\"\" size=\"40\" class=\"wpcf7-form-control wpcf7-text wpcf7-validates-as-required\" aria-required=\"true\" aria-invalid=\"false\" \/><\/span> <\/label><\/p>\n<p><label> Joukkueen nimi ja ik\u00e4luokka, johon Y-lupaa haetaan:<br \/>\n    <span class=\"wpcf7-form-control-wrap\" data-name=\"Joukkueen-nimi\"><input type=\"text\" name=\"Joukkueen-nimi\" value=\"\" size=\"40\" class=\"wpcf7-form-control wpcf7-text wpcf7-validates-as-required\" aria-required=\"true\" aria-invalid=\"false\" \/><\/span> <\/label><\/p>\n<p><label> Pelaajan syntym\u00e4aika<br \/>\n    <span class=\"wpcf7-form-control-wrap\" data-name=\"Pelaajan-syntymaaika\"><input type=\"text\" name=\"Pelaajan-syntymaaika\" value=\"\" size=\"40\" class=\"wpcf7-form-control wpcf7-text wpcf7-validates-as-required\" aria-required=\"true\" aria-invalid=\"false\" \/><\/span> <\/label><\/p>\n<p><label> Perustelut (on oltava linjassa SJPL:n p\u00e4\u00e4t\u00f6sten kanssa):<br \/>\n    <span class=\"wpcf7-form-control-wrap\" data-name=\"Perustelut\"><textarea name=\"Perustelut\" cols=\"40\" rows=\"10\" class=\"wpcf7-form-control wpcf7-textarea wpcf7-validates-as-required\" aria-required=\"true\" aria-invalid=\"false\"><\/textarea><\/span> <\/label><\/p>\n<p><label> Seuran yhteyshenkil\u00f6:<br \/>\n    <span class=\"wpcf7-form-control-wrap\" data-name=\"Seuran-yhteyshenkilo\"><input type=\"text\" name=\"Seuran-yhteyshenkilo\" value=\"\" size=\"40\" class=\"wpcf7-form-control wpcf7-text wpcf7-validates-as-required\" aria-required=\"true\" aria-invalid=\"false\" \/><\/span> <\/label><\/p>\n<p><label> Yhteyshenkil\u00f6n osoite ja postitoimipaikka:<br \/>\n    <span class=\"wpcf7-form-control-wrap\" data-name=\"Yhteyshenkilon-osoite\"><input type=\"text\" name=\"Yhteyshenkilon-osoite\" value=\"\" size=\"40\" class=\"wpcf7-form-control wpcf7-text wpcf7-validates-as-required\" aria-required=\"true\" aria-invalid=\"false\" \/><\/span> <\/label><\/p>\n<p><label> Yhteyshenkil\u00f6n puhelinnumero:<br \/>\n    <span class=\"wpcf7-form-control-wrap\" data-name=\"Yhteyshenkilon-puhelinnumero\"><input type=\"text\" name=\"Yhteyshenkilon-puhelinnumero\" value=\"\" size=\"40\" class=\"wpcf7-form-control wpcf7-text wpcf7-validates-as-required\" aria-required=\"true\" aria-invalid=\"false\" \/><\/span> <\/label><\/p>\n<p><label> Yhteyshenkil\u00f6n s\u00e4hk\u00f6posti:<br \/>\n    <span class=\"wpcf7-form-control-wrap\" data-name=\"Yhteyshenkilon-sahkoposti\"><input type=\"email\" name=\"Yhteyshenkilon-sahkoposti\" value=\"\" size=\"40\" class=\"wpcf7-form-control wpcf7-text wpcf7-email wpcf7-validates-as-required wpcf7-validates-as-email\" aria-required=\"true\" aria-invalid=\"false\" \/><\/span> <\/label><\/p>\n<p><label> Y-luvan maksu (20\u20ac\/pelaaja)<br \/>\nMaksup\u00e4iv\u00e4m\u00e4\u00e4r\u00e4:<br \/>\n    <span class=\"wpcf7-form-control-wrap\" data-name=\"Maksupaivamaara\"><input type=\"text\" name=\"Maksupaivamaara\" value=\"\" size=\"40\" class=\"wpcf7-form-control wpcf7-text wpcf7-validates-as-required\" aria-required=\"true\" aria-invalid=\"false\" \/><\/span> <\/label><\/p>\n<p><input type=\"submit\" value=\"L\u00e4het\u00e4\" class=\"wpcf7-form-control has-spinner wpcf7-submit\" \/><\/p>\n<div class=\"wpcf7-response-output\" aria-hidden=\"true\"><\/div><\/form><\/div>\t\t\t\t\t\t<\/div>\n\t\t\t\t<\/div>\n\t\t\t\t\t<\/div>\n\t\t<\/div>\n\t\t\t\t\t<\/div>\n\t\t<\/section>\n\t\t\t\t<\/div>\n\t\t","protected":false},"excerpt":{"rendered":"<p>Y-lupahakemukset kaudella 2025-2026 \u00a0 Y-luvan hakeminen Seura voi nuorten ik\u00e4luokissa tehd\u00e4 kirjallisen hakemuksen Nuorisovaliokunnalle Y-pelaajan k\u00e4ytt\u00e4misest\u00e4 tietyss\u00e4 nuorten joukkueessaan. Y-lupahakemus on toimitettava liittoon 31.12.2025 menness\u00e4\u00a0kuitenkin niin, ett\u00e4 sen tulee olla my\u00f6nnetty ennen kuin pelaaja pelaa ensimm\u00e4isen ottelunsa Y-pelaajana. K\u00e4sittelyaika Y-lupien osalta on 10 p\u00e4iv\u00e4\u00e4. Y-luvat ovat poikkeustapauksia. Yli-ik\u00e4isen pelaajan ei tule taidoiltaan selke\u00e4sti erottua joukkueesta [&hellip;]<\/p>\n","protected":false},"author":1,"featured_media":0,"parent":1080,"menu_order":2,"comment_status":"open","ping_status":"open","template":"","meta":{"_monsterinsights_skip_tracking":false,"_monsterinsights_sitenote_active":false,"_monsterinsights_sitenote_note":"","_monsterinsights_sitenote_category":0,"site-sidebar-layout":"default","site-content-layout":"default","ast-site-content-layout":"default","site-content-style":"default","site-sidebar-style":"default","ast-global-header-display":"","ast-banner-title-visibility":"","ast-main-header-display":"","ast-hfb-above-header-display":"","ast-hfb-below-header-display":"","ast-hfb-mobile-header-display":"","site-post-title":"","ast-breadcrumbs-content":"","ast-featured-img":"","footer-sml-layout":"","theme-transparent-header-meta":"default","adv-header-id-meta":"","stick-header-meta":"","header-above-stick-meta":"","header-main-stick-meta":"","header-below-stick-meta":"","astra-migrate-meta-layouts":"set","ast-page-background-enabled":"default","ast-page-background-meta":{"desktop":{"background-color":"var(--ast-global-color-4)","background-image":"","background-repeat":"repeat","background-position":"center center","background-size":"auto","background-attachment":"scroll","background-type":"","background-media":"","overlay-type":"","overlay-color":"","overlay-opacity":"","overlay-gradient":""},"tablet":{"background-color":"","background-image":"","background-repeat":"repeat","background-position":"center center","background-size":"auto","background-attachment":"scroll","background-type":"","background-media":"","overlay-type":"","overlay-color":"","overlay-opacity":"","overlay-gradient":""},"mobile":{"background-color":"","background-image":"","background-repeat":"repeat","background-position":"center center","background-size":"auto","background-attachment":"scroll","background-type":"","background-media":"","overlay-type":"","overlay-color":"","overlay-opacity":"","overlay-gradient":""}},"ast-content-background-meta":{"desktop":{"background-color":"var(--ast-global-color-5)","background-image":"","background-repeat":"repeat","background-position":"center center","background-size":"auto","background-attachment":"scroll","background-type":"","background-media":"","overlay-type":"","overlay-color":"","overlay-opacity":"","overlay-gradient":""},"tablet":{"background-color":"var(--ast-global-color-5)","background-image":"","background-repeat":"repeat","background-position":"center center","background-size":"auto","background-attachment":"scroll","background-type":"","background-media":"","overlay-type":"","overlay-color":"","overlay-opacity":"","overlay-gradient":""},"mobile":{"background-color":"var(--ast-global-color-5)","background-image":"","background-repeat":"repeat","background-position":"center center","background-size":"auto","background-attachment":"scroll","background-type":"","background-media":"","overlay-type":"","overlay-color":"","overlay-opacity":"","overlay-gradient":""}},"footnotes":"","_expiration-date-status":"","_expiration-date":0,"_expiration-date-type":"","_expiration-date-categories":[],"_expiration-date-options":[]},"class_list":["post-1096","page","type-page","status-publish","hentry"],"yoast_head":"<!-- This site is optimized with the Yoast SEO plugin v19.7.1 - https:\/\/yoast.com\/wordpress\/plugins\/seo\/ -->\n<title>Y-lupahakemus - Suomen J\u00e4\u00e4palloliitto<\/title>\n<meta name=\"robots\" content=\"index, follow, max-snippet:-1, max-image-preview:large, max-video-preview:-1\" \/>\n<link rel=\"canonical\" href=\"https:\/\/www.finbandy.fi\/fi\/asiointi-lomakkeet\/lomakkeet\/y-hakemus\/\" \/>\n<meta property=\"og:locale\" content=\"fi_FI\" \/>\n<meta property=\"og:type\" content=\"article\" \/>\n<meta property=\"og:title\" content=\"Y-lupahakemus - Suomen J\u00e4\u00e4palloliitto\" \/>\n<meta property=\"og:description\" content=\"Y-lupahakemukset kaudella 2025-2026 \u00a0 Y-luvan hakeminen Seura voi nuorten ik\u00e4luokissa tehd\u00e4 kirjallisen hakemuksen Nuorisovaliokunnalle Y-pelaajan k\u00e4ytt\u00e4misest\u00e4 tietyss\u00e4 nuorten joukkueessaan. Y-lupahakemus on toimitettava liittoon 31.12.2025 menness\u00e4\u00a0kuitenkin niin, ett\u00e4 sen tulee olla my\u00f6nnetty ennen kuin pelaaja pelaa ensimm\u00e4isen ottelunsa Y-pelaajana. K\u00e4sittelyaika Y-lupien osalta on 10 p\u00e4iv\u00e4\u00e4. Y-luvat ovat poikkeustapauksia. Yli-ik\u00e4isen pelaajan ei tule taidoiltaan selke\u00e4sti erottua joukkueesta [&hellip;]\" \/>\n<meta property=\"og:url\" content=\"https:\/\/www.finbandy.fi\/fi\/asiointi-lomakkeet\/lomakkeet\/y-hakemus\/\" \/>\n<meta property=\"og:site_name\" content=\"Suomen J\u00e4\u00e4palloliitto\" \/>\n<meta property=\"article:modified_time\" content=\"2025-12-16T18:04:20+00:00\" \/>\n<meta name=\"twitter:card\" content=\"summary_large_image\" \/>\n<meta name=\"twitter:label1\" content=\"Arvioitu lukuaika\" \/>\n\t<meta name=\"twitter:data1\" content=\"3 minuuttia\" \/>\n<script type=\"application\/ld+json\" class=\"yoast-schema-graph\">{\"@context\":\"https:\/\/schema.org\",\"@graph\":[{\"@type\":\"WebPage\",\"@id\":\"https:\/\/www.finbandy.fi\/fi\/asiointi-lomakkeet\/lomakkeet\/y-hakemus\/\",\"url\":\"https:\/\/www.finbandy.fi\/fi\/asiointi-lomakkeet\/lomakkeet\/y-hakemus\/\",\"name\":\"Y-lupahakemus - Suomen J\u00e4\u00e4palloliitto\",\"isPartOf\":{\"@id\":\"https:\/\/www.finbandy.fi\/fi\/#website\"},\"datePublished\":\"2013-11-14T19:14:24+00:00\",\"dateModified\":\"2025-12-16T18:04:20+00:00\",\"breadcrumb\":{\"@id\":\"https:\/\/www.finbandy.fi\/fi\/asiointi-lomakkeet\/lomakkeet\/y-hakemus\/#breadcrumb\"},\"inLanguage\":\"fi\",\"potentialAction\":[{\"@type\":\"ReadAction\",\"target\":[\"https:\/\/www.finbandy.fi\/fi\/asiointi-lomakkeet\/lomakkeet\/y-hakemus\/\"]}]},{\"@type\":\"BreadcrumbList\",\"@id\":\"https:\/\/www.finbandy.fi\/fi\/asiointi-lomakkeet\/lomakkeet\/y-hakemus\/#breadcrumb\",\"itemListElement\":[{\"@type\":\"ListItem\",\"position\":1,\"name\":\"Etusivu\",\"item\":\"https:\/\/www.finbandy.fi\/fi\/\"},{\"@type\":\"ListItem\",\"position\":2,\"name\":\"Asiointi &#038; Lomakkeet\",\"item\":\"https:\/\/www.finbandy.fi\/fi\/asiointi-lomakkeet\/\"},{\"@type\":\"ListItem\",\"position\":3,\"name\":\"Lomakkeet\",\"item\":\"https:\/\/www.finbandy.fi\/fi\/asiointi-lomakkeet\/lomakkeet\/\"},{\"@type\":\"ListItem\",\"position\":4,\"name\":\"Y-lupahakemus\"}]},{\"@type\":\"WebSite\",\"@id\":\"https:\/\/www.finbandy.fi\/fi\/#website\",\"url\":\"https:\/\/www.finbandy.fi\/fi\/\",\"name\":\"Suomen J\u00e4\u00e4palloliitto\",\"description\":\"\",\"potentialAction\":[{\"@type\":\"SearchAction\",\"target\":{\"@type\":\"EntryPoint\",\"urlTemplate\":\"https:\/\/www.finbandy.fi\/fi\/?s={search_term_string}\"},\"query-input\":\"required name=search_term_string\"}],\"inLanguage\":\"fi\"}]}<\/script>\n<!-- \/ Yoast SEO plugin. -->","yoast_head_json":{"title":"Y-lupahakemus - Suomen J\u00e4\u00e4palloliitto","robots":{"index":"index","follow":"follow","max-snippet":"max-snippet:-1","max-image-preview":"max-image-preview:large","max-video-preview":"max-video-preview:-1"},"canonical":"https:\/\/www.finbandy.fi\/fi\/asiointi-lomakkeet\/lomakkeet\/y-hakemus\/","og_locale":"fi_FI","og_type":"article","og_title":"Y-lupahakemus - Suomen J\u00e4\u00e4palloliitto","og_description":"Y-lupahakemukset kaudella 2025-2026 \u00a0 Y-luvan hakeminen Seura voi nuorten ik\u00e4luokissa tehd\u00e4 kirjallisen hakemuksen Nuorisovaliokunnalle Y-pelaajan k\u00e4ytt\u00e4misest\u00e4 tietyss\u00e4 nuorten joukkueessaan. Y-lupahakemus on toimitettava liittoon 31.12.2025 menness\u00e4\u00a0kuitenkin niin, ett\u00e4 sen tulee olla my\u00f6nnetty ennen kuin pelaaja pelaa ensimm\u00e4isen ottelunsa Y-pelaajana. K\u00e4sittelyaika Y-lupien osalta on 10 p\u00e4iv\u00e4\u00e4. Y-luvat ovat poikkeustapauksia. Yli-ik\u00e4isen pelaajan ei tule taidoiltaan selke\u00e4sti erottua joukkueesta [&hellip;]","og_url":"https:\/\/www.finbandy.fi\/fi\/asiointi-lomakkeet\/lomakkeet\/y-hakemus\/","og_site_name":"Suomen J\u00e4\u00e4palloliitto","article_modified_time":"2025-12-16T18:04:20+00:00","twitter_card":"summary_large_image","twitter_misc":{"Arvioitu lukuaika":"3 minuuttia"},"schema":{"@context":"https:\/\/schema.org","@graph":[{"@type":"WebPage","@id":"https:\/\/www.finbandy.fi\/fi\/asiointi-lomakkeet\/lomakkeet\/y-hakemus\/","url":"https:\/\/www.finbandy.fi\/fi\/asiointi-lomakkeet\/lomakkeet\/y-hakemus\/","name":"Y-lupahakemus - Suomen J\u00e4\u00e4palloliitto","isPartOf":{"@id":"https:\/\/www.finbandy.fi\/fi\/#website"},"datePublished":"2013-11-14T19:14:24+00:00","dateModified":"2025-12-16T18:04:20+00:00","breadcrumb":{"@id":"https:\/\/www.finbandy.fi\/fi\/asiointi-lomakkeet\/lomakkeet\/y-hakemus\/#breadcrumb"},"inLanguage":"fi","potentialAction":[{"@type":"ReadAction","target":["https:\/\/www.finbandy.fi\/fi\/asiointi-lomakkeet\/lomakkeet\/y-hakemus\/"]}]},{"@type":"BreadcrumbList","@id":"https:\/\/www.finbandy.fi\/fi\/asiointi-lomakkeet\/lomakkeet\/y-hakemus\/#breadcrumb","itemListElement":[{"@type":"ListItem","position":1,"name":"Etusivu","item":"https:\/\/www.finbandy.fi\/fi\/"},{"@type":"ListItem","position":2,"name":"Asiointi &#038; Lomakkeet","item":"https:\/\/www.finbandy.fi\/fi\/asiointi-lomakkeet\/"},{"@type":"ListItem","position":3,"name":"Lomakkeet","item":"https:\/\/www.finbandy.fi\/fi\/asiointi-lomakkeet\/lomakkeet\/"},{"@type":"ListItem","position":4,"name":"Y-lupahakemus"}]},{"@type":"WebSite","@id":"https:\/\/www.finbandy.fi\/fi\/#website","url":"https:\/\/www.finbandy.fi\/fi\/","name":"Suomen J\u00e4\u00e4palloliitto","description":"","potentialAction":[{"@type":"SearchAction","target":{"@type":"EntryPoint","urlTemplate":"https:\/\/www.finbandy.fi\/fi\/?s={search_term_string}"},"query-input":"required name=search_term_string"}],"inLanguage":"fi"}]}},"_links":{"self":[{"href":"https:\/\/www.finbandy.fi\/fi\/wp-json\/wp\/v2\/pages\/1096"}],"collection":[{"href":"https:\/\/www.finbandy.fi\/fi\/wp-json\/wp\/v2\/pages"}],"about":[{"href":"https:\/\/www.finbandy.fi\/fi\/wp-json\/wp\/v2\/types\/page"}],"author":[{"embeddable":true,"href":"https:\/\/www.finbandy.fi\/fi\/wp-json\/wp\/v2\/users\/1"}],"replies":[{"embeddable":true,"href":"https:\/\/www.finbandy.fi\/fi\/wp-json\/wp\/v2\/comments?post=1096"}],"version-history":[{"count":245,"href":"https:\/\/www.finbandy.fi\/fi\/wp-json\/wp\/v2\/pages\/1096\/revisions"}],"predecessor-version":[{"id":24237,"href":"https:\/\/www.finbandy.fi\/fi\/wp-json\/wp\/v2\/pages\/1096\/revisions\/24237"}],"up":[{"embeddable":true,"href":"https:\/\/www.finbandy.fi\/fi\/wp-json\/wp\/v2\/pages\/1080"}],"wp:attachment":[{"href":"https:\/\/www.finbandy.fi\/fi\/wp-json\/wp\/v2\/media?parent=1096"}],"curies":[{"name":"wp","href":"https:\/\/api.w.org\/{rel}","templated":true}]}}