{"id":1115,"date":"2013-11-14T21:46:00","date_gmt":"2013-11-14T19:46:00","guid":{"rendered":"https:\/\/www.finbandy.fi\/fi\/?page_id=1115"},"modified":"2020-11-25T10:05:39","modified_gmt":"2020-11-25T08:05:39","slug":"kilpailusaannot","status":"publish","type":"page","link":"https:\/\/www.finbandy.fi\/fi\/asiointi-lomakkeet\/liiton-saannot\/kilpailusaannot\/","title":{"rendered":"Kilpailus\u00e4\u00e4nn\u00f6t"},"content":{"rendered":"<div id=\"wp_fb_like_button\" style=\"margin:5px 0;float:none;height:50px;\"><script src=\"http:\/\/connect.facebook.net\/en_US\/all.js#xfbml=1\"><\/script><fb:like href=\"https:\/\/www.finbandy.fi\/fi\/asiointi-lomakkeet\/liiton-saannot\/kilpailusaannot\/\" send=\"true\" layout=\"button_count\" width=\"400\" show_faces=\"false\" font=\"arial\" action=\"like\" colorscheme=\"light\"><\/fb:like><\/div><p><strong>SUOMEN J\u00c4\u00c4PALLOLIITTO ry KILPAILUS\u00c4\u00c4NN\u00d6T HYV\u00c4KSYTTY 17.10.2020\u00a0\u00a0<\/strong><\/p>\n<p><strong><a href=\"https:\/\/www.finbandy.fi\/fi\/wp-content\/uploads\/2020\/11\/Kilpailu-ja-rangaistuss\u00e4\u00e4nn\u00f6t-2020-21.pdf\">Kilpailus\u00e4\u00e4nn\u00f6t kausi 2020-21<\/a><\/strong><strong>\u00a0 \u00a0 \u00a0 \u00a0\u00a0<\/strong><\/p>\n<p>Kilpailus\u00e4\u00e4nn\u00f6t luvuittain:<\/p>\n<ol>\n<li><a href=\"https:\/\/www.finbandy.fi\/fi\/wp-content\/uploads\/2020\/10\/1Yleism\u00e4\u00e4r\u00e4ykset.pdf\">Yleism\u00e4\u00e4r\u00e4ykset<\/a><\/li>\n<li><a href=\"https:\/\/www.finbandy.fi\/fi\/wp-content\/uploads\/2020\/10\/2Eettiset-periaatteet.pdf\">Eettiset periaatteet<\/a><\/li>\n<li><a href=\"https:\/\/www.finbandy.fi\/fi\/wp-content\/uploads\/2020\/10\/3Kilpailutoiminnan-j\u00e4rjest\u00e4minen.pdf\">Kilpailutoiminnan j\u00e4rjest\u00e4minen<\/a><\/li>\n<li><a href=\"https:\/\/www.finbandy.fi\/fi\/wp-content\/uploads\/2020\/10\/4Osallistuminen-kilpailutoimintaan.pdf\">Osallistuminen kilpailutoimintaan<\/a><\/li>\n<li><a href=\"https:\/\/www.finbandy.fi\/fi\/wp-content\/uploads\/2020\/10\/5Viralliset-ottelutapahtumat.pdf\">Viralliset ottelutapahtumat<\/a><\/li>\n<li><a href=\"https:\/\/www.finbandy.fi\/fi\/wp-content\/uploads\/2020\/10\/6Muut-ottelut-ja-tapahtumat.pdf\">Muut ottelut ja tapahtumat<\/a><\/li>\n<li><a href=\"https:\/\/www.finbandy.fi\/fi\/wp-content\/uploads\/2020\/10\/7Pelaajaa-ja-toimihenkil\u00f6\u00e4-koskevat-s\u00e4\u00e4nn\u00f6t.pdf\">Pelaajaa ja toimitsijaa koskevat s\u00e4\u00e4nn\u00f6t<\/a><\/li>\n<li><a href=\"https:\/\/www.finbandy.fi\/fi\/wp-content\/uploads\/2020\/10\/8Pelaajasiirrot.pdf\">Pelaajasiirrot<\/a><\/li>\n<li><a href=\"https:\/\/www.finbandy.fi\/fi\/wp-content\/uploads\/2020\/10\/9Erotuomari-otteluvalvoja-ja-ottelusihteeri.pdf\">Erotuomari, otteluvalvoja ja ottelusihteeri<\/a><\/li>\n<li><a href=\"https:\/\/www.finbandy.fi\/fi\/wp-content\/uploads\/2020\/11\/Rangaistuss\u00e4\u00e4nn\u00f6t.pdf\">Rangaistuss\u00e4\u00e4nn\u00f6t<\/a><\/li>\n<\/ol>\n<p><strong>\u00a0 \u00a0 \u00a0 \u00a0 \u00a0 \u00a0 \u00a0 \u00a0 \u00a0 \u00a0 \u00a0 \u00a0 \u00a0 \u00a0 \u00a0 \u00a0<\/strong><\/p>\n<p><strong>Kilpailuv\u00e4lineet<\/strong><\/p>\n<p><strong>Varusteet\u00a0<\/strong><\/p>\n<p>Liittokokous vahvistaa vuosittain kilpailum\u00e4\u00e4r\u00e4yksiss\u00e4:<\/p>\n<p>&#8211; ne hyv\u00e4ksytyt peliv\u00e4lineet, joita tulee k\u00e4ytt\u00e4\u00e4 liiton virallisissa otteluissa, harjoitusotteluissa ja muissa tapahtumissa, joissa on liiton hyv\u00e4ksym\u00e4 erotuomari ja<\/p>\n<p>&#8211; mink\u00e4 ik\u00e4luokan pelaajaa ja maalivahti on velvollinen k\u00e4ytt\u00e4m\u00e4\u00e4n CE-hyv\u00e4ksytty\u00e4 koko kasvot peitt\u00e4v\u00e4\u00e4 kasvosuojusta ja mink\u00e4 ik\u00e4luokan pelaaja voi pelata ilman puoli- tai kokokasvosuojaa.<\/p>\n<p>Pelaajat voivat p\u00e4\u00e4tt\u00e4\u00e4 k\u00e4ytt\u00e4v\u00e4tk\u00f6 CE-hyv\u00e4ksytty\u00e4 hammassuojaa tai ns. vanhan mallin leukasuojaa. Vanhan mallisen leukasuojan ei tarvitse olla CE- merkitty.<\/p>\n<p><strong>Juniori-ik\u00e4iset pelaajat<\/strong><\/p>\n<p>Juniori-ik\u00e4isen pelaajan on k\u00e4ytett\u00e4v\u00e4 Bandyliigassa koko kasvot peitt\u00e4v\u00e4\u00e4 kasvosuojusta.<\/p>\n<p>Kasvo- sek\u00e4 kaulasuojus ovat pakollisia kaikissa nuorten sarjojen otteluissa. Kasvosuojuksen tulee olla koko kasvot peitt\u00e4v\u00e4.<\/p>\n<h1>Hyv\u00e4ksytyt kilpailuv\u00e4lineet<\/h1>\n<p>Ainoastaan alla mainittuja virallisia v\u00e4lineit\u00e4 saa k\u00e4ytt\u00e4\u00e4 SJPL:n ja sen j\u00e4rjest\u00e4miss\u00e4 ja valvomissa j\u00e4\u00e4- ja kaukalopallo-otteluissa.<\/p>\n<p><strong>Varusteiden tulee olla CE merkittyj\u00e4 (FIB:n varustelista).<\/strong><\/p>\n<ol>\n<li><strong> KAULASUOJUKSET<\/strong><br \/>\nErillinen kaulasuoja<\/li>\n<\/ol>\n<p>Canadien, CCM, Cooper, Easton, Itech, Jofa, Koho, Kosa, Bauer, Pallas, Tackla, Reebok<\/p>\n<ol start=\"2\">\n<li><strong> KASVOSUOJUKSET, VERKOT JA VISIIRIT *<\/strong><br \/>\nHuom! oltava merkkikohtaisesti yhteensopiva samanmerkkisen kyp\u00e4r\u00e4n kanssa eik\u00e4 saa tehd\u00e4 rakenteellisia muutoksia<\/li>\n<\/ol>\n<p>Canadien, CCM, Cooper, Itech, Jofa, Kosa, Bauer, Reebok<\/p>\n<ol start=\"3\">\n<li><strong> KYP\u00c4R\u00c4T<\/strong><\/li>\n<\/ol>\n<p>Canadien, CCM, Cooper, Itech, Jofa, Koho, Reebok, Bauer<\/p>\n<ol start=\"4\">\n<li><strong> LEUKA- ja HAMMASSUOJUKSET<\/strong><\/li>\n<\/ol>\n<p>Jofa, Reebok, Kosa, Bauer, Sisu<\/p>\n<ol start=\"5\">\n<li><strong> MAILAT J\u00c4\u00c4PALLOON<\/strong><\/li>\n<\/ol>\n<p>Dynamo Vesta, Koho, Icefighter 3 eri mallia, Kosa mailat, RW-maila, Sirius, Sport EWA, TAC,<br \/>\nTitan, X-Bend, Icefighter XP, Nor Top, Jofa, CCM, One1More, RBK, BS, BS Nova, BS Hydra<br \/>\nV\u00e4nersborg, Optimized, X5 Carbon, Tackla Advantage 951, Master<\/p>\n<p>Muut mailat sovittava erikseen liiton kanssa.<\/p>\n<ol start=\"6\">\n<li><strong> MAILAT VAIN KAUKALOPALLOON<\/strong><\/li>\n<\/ol>\n<p>Huom! kaukalopallomailalla saa pelata vain kaukalopalloa ja kaukaloj\u00e4\u00e4palloa EI J\u00c4\u00c4PALLOA<\/p>\n<p>Canadien, Cooper, CCM, Jofa, Kaustick, Koho, Kosa, Laser Hema, Montreal, Tac, Tackla, Titan, One1more,<\/p>\n<p>Muut mailat sovittava erikseen liiton kanssa.<\/p>\n<ol start=\"7\">\n<li><strong> PALLOT<\/strong><\/li>\n<\/ol>\n<p>Kaikki sarjat pelataan 63 + 2 mm kokoisella pallolla ns. isolla pallolla<\/p>\n<p>Jofa, Kosa, Reebok, IPV<\/p>\n<ol start=\"8\">\n<li><strong> SUOJAT JA PELIK\u00c4SINEET<\/strong><\/li>\n<\/ol>\n<p>Canadien, Cooper, Easton, Jofa, Koho, Kosa, Bauer, Pallas, Sherwood, Reebok, Mv:n Powertek patjat. MV:n suojien maksimimitat: korkeus 80 cm ja leveys 30,5 cm.<\/p>\n<p>Huom! maalivahdin k\u00e4sineiss\u00e4 tulee sormien selv\u00e4sti erottua toisistaan. K\u00e4sineiden suurin leveys on 29 cm (peukalon kohdalta) ja etusormen kohdalta 24 cm. \u201dKorkeus suurimmillaan on 28 cm (keskisormi), 27 cm etusormen ja 24 cm pikkusormen kohdalla.<\/p>\n<p>SJPL:ll\u00e4 on oikeus tehd\u00e4 luetteloon muutoksia ja lis\u00e4yksi\u00e4.<\/p>\n<p><strong>KASVO- JA KAULASUOJUS &#8211; kansallinen kilpailutoiminta<\/strong><\/p>\n<p><strong>Kasvo<\/strong>&#8211; sek\u00e4 <strong>kaulasuojus<\/strong> ovat pakollisia kaikissa nuorten ja naisten sarjojen otteluissa. Kasvosuojuksen tulee olla koko kasvot peitt\u00e4v\u00e4.<\/p>\n<p>Maalivahtien ja kentt\u00e4pelaajien &#8211; jotka ovat syntyneet vuonna <strong>2000<\/strong> tai my\u00f6hemmin on k\u00e4ytett\u00e4v\u00e4 CE-hyv\u00e4ksytty\u00e4 kokokasvot peitt\u00e4v\u00e4\u00e4 suojusta.<\/p>\n<p>Pelaajat, jotka ovat syntyneet <strong>1999<\/strong> tai aikaisemmin voivat pelata ilman \u00bd\/kokokasvosuojaa.<\/p>\n<p>Lis\u00e4ksi he voivat p\u00e4\u00e4tt\u00e4\u00e4 k\u00e4ytt\u00e4v\u00e4tk\u00f6 CE-hyv\u00e4ksytty\u00e4 hammassuojaa tai vanhan tyypin leukasuojaa, tai molempia. Ns. vanhan mallisen leukasuojan ei tarvitse olla CE merkitty.<\/p>\n<p>Viiltosuojapaidalla saa pelata, mutta silloin viiltosuojapaidan lis\u00e4ksi pit\u00e4\u00e4 olla kaulasuoja.<\/p>\n<p>My\u00f6s P21-nuorissa pelaavien yli-ik\u00e4isten pelaajien on k\u00e4ytett\u00e4v\u00e4 CE-hyv\u00e4ksytty\u00e4 kokokasvot peitt\u00e4v\u00e4\u00e4 suojusta ja kaulasuojusta<\/p>\n","protected":false},"excerpt":{"rendered":"<p>SUOMEN J\u00c4\u00c4PALLOLIITTO ry KILPAILUS\u00c4\u00c4NN\u00d6T HYV\u00c4KSYTTY 17.10.2020\u00a0\u00a0 Kilpailus\u00e4\u00e4nn\u00f6t kausi 2020-21\u00a0 \u00a0 \u00a0 \u00a0\u00a0 Kilpailus\u00e4\u00e4nn\u00f6t luvuittain: Yleism\u00e4\u00e4r\u00e4ykset Eettiset periaatteet Kilpailutoiminnan j\u00e4rjest\u00e4minen Osallistuminen kilpailutoimintaan Viralliset ottelutapahtumat Muut ottelut ja tapahtumat Pelaajaa ja toimitsijaa koskevat s\u00e4\u00e4nn\u00f6t Pelaajasiirrot Erotuomari, otteluvalvoja ja ottelusihteeri Rangaistuss\u00e4\u00e4nn\u00f6t \u00a0 \u00a0 \u00a0 \u00a0 \u00a0 \u00a0 \u00a0 \u00a0 \u00a0 \u00a0 \u00a0 \u00a0 \u00a0 \u00a0 \u00a0 \u00a0 Kilpailuv\u00e4lineet [&hellip;]<\/p>\n","protected":false},"author":1,"featured_media":0,"parent":1099,"menu_order":2,"comment_status":"open","ping_status":"open","template":"yksittainen.php","meta":{"_monsterinsights_skip_tracking":false,"_monsterinsights_sitenote_active":false,"_monsterinsights_sitenote_note":"","_monsterinsights_sitenote_category":0,"site-sidebar-layout":"default","site-content-layout":"","ast-site-content-layout":"","site-content-style":"default","site-sidebar-style":"default","ast-global-header-display":"","ast-banner-title-visibility":"","ast-main-header-display":"","ast-hfb-above-header-display":"","ast-hfb-below-header-display":"","ast-hfb-mobile-header-display":"","site-post-title":"","ast-breadcrumbs-content":"","ast-featured-img":"","footer-sml-layout":"","theme-transparent-header-meta":"","adv-header-id-meta":"","stick-header-meta":"","header-above-stick-meta":"","header-main-stick-meta":"","header-below-stick-meta":"","astra-migrate-meta-layouts":"default","ast-page-background-enabled":"default","ast-page-background-meta":{"desktop":{"background-color":"var(--ast-global-color-4)","background-image":"","background-repeat":"repeat","background-position":"center center","background-size":"auto","background-attachment":"scroll","background-type":"","background-media":"","overlay-type":"","overlay-color":"","overlay-opacity":"","overlay-gradient":""},"tablet":{"background-color":"","background-image":"","background-repeat":"repeat","background-position":"center center","background-size":"auto","background-attachment":"scroll","background-type":"","background-media":"","overlay-type":"","overlay-color":"","overlay-opacity":"","overlay-gradient":""},"mobile":{"background-color":"","background-image":"","background-repeat":"repeat","background-position":"center center","background-size":"auto","background-attachment":"scroll","background-type":"","background-media":"","overlay-type":"","overlay-color":"","overlay-opacity":"","overlay-gradient":""}},"ast-content-background-meta":{"desktop":{"background-color":"var(--ast-global-color-5)","background-image":"","background-repeat":"repeat","background-position":"center center","background-size":"auto","background-attachment":"scroll","background-type":"","background-media":"","overlay-type":"","overlay-color":"","overlay-opacity":"","overlay-gradient":""},"tablet":{"background-color":"var(--ast-global-color-5)","background-image":"","background-repeat":"repeat","background-position":"center center","background-size":"auto","background-attachment":"scroll","background-type":"","background-media":"","overlay-type":"","overlay-color":"","overlay-opacity":"","overlay-gradient":""},"mobile":{"background-color":"var(--ast-global-color-5)","background-image":"","background-repeat":"repeat","background-position":"center center","background-size":"auto","background-attachment":"scroll","background-type":"","background-media":"","overlay-type":"","overlay-color":"","overlay-opacity":"","overlay-gradient":""}},"footnotes":"","_expiration-date-status":"saved","_expiration-date":0,"_expiration-date-type":"","_expiration-date-categories":[],"_expiration-date-options":[]},"class_list":["post-1115","page","type-page","status-publish","hentry"],"yoast_head":"<!-- This site is optimized with the Yoast SEO plugin v19.7.1 - https:\/\/yoast.com\/wordpress\/plugins\/seo\/ -->\n<title>Kilpailus\u00e4\u00e4nn\u00f6t - Suomen J\u00e4\u00e4palloliitto<\/title>\n<meta name=\"robots\" content=\"index, follow, max-snippet:-1, max-image-preview:large, max-video-preview:-1\" \/>\n<link rel=\"canonical\" href=\"https:\/\/www.finbandy.fi\/fi\/asiointi-lomakkeet\/liiton-saannot\/kilpailusaannot\/\" \/>\n<meta property=\"og:locale\" content=\"fi_FI\" \/>\n<meta property=\"og:type\" content=\"article\" \/>\n<meta property=\"og:title\" content=\"Kilpailus\u00e4\u00e4nn\u00f6t - Suomen J\u00e4\u00e4palloliitto\" \/>\n<meta property=\"og:description\" content=\"SUOMEN J\u00c4\u00c4PALLOLIITTO ry KILPAILUS\u00c4\u00c4NN\u00d6T HYV\u00c4KSYTTY 17.10.2020\u00a0\u00a0 Kilpailus\u00e4\u00e4nn\u00f6t kausi 2020-21\u00a0 \u00a0 \u00a0 \u00a0\u00a0 Kilpailus\u00e4\u00e4nn\u00f6t luvuittain: Yleism\u00e4\u00e4r\u00e4ykset Eettiset periaatteet Kilpailutoiminnan j\u00e4rjest\u00e4minen Osallistuminen kilpailutoimintaan Viralliset ottelutapahtumat Muut ottelut ja tapahtumat Pelaajaa ja toimitsijaa koskevat s\u00e4\u00e4nn\u00f6t Pelaajasiirrot Erotuomari, otteluvalvoja ja ottelusihteeri Rangaistuss\u00e4\u00e4nn\u00f6t \u00a0 \u00a0 \u00a0 \u00a0 \u00a0 \u00a0 \u00a0 \u00a0 \u00a0 \u00a0 \u00a0 \u00a0 \u00a0 \u00a0 \u00a0 \u00a0 Kilpailuv\u00e4lineet [&hellip;]\" \/>\n<meta property=\"og:url\" content=\"https:\/\/www.finbandy.fi\/fi\/asiointi-lomakkeet\/liiton-saannot\/kilpailusaannot\/\" \/>\n<meta property=\"og:site_name\" content=\"Suomen J\u00e4\u00e4palloliitto\" \/>\n<meta property=\"article:modified_time\" content=\"2020-11-25T08:05:39+00:00\" \/>\n<meta name=\"twitter:card\" content=\"summary_large_image\" \/>\n<meta name=\"twitter:label1\" content=\"Arvioitu lukuaika\" \/>\n\t<meta name=\"twitter:data1\" content=\"3 minuuttia\" \/>\n<script type=\"application\/ld+json\" class=\"yoast-schema-graph\">{\"@context\":\"https:\/\/schema.org\",\"@graph\":[{\"@type\":\"WebPage\",\"@id\":\"https:\/\/www.finbandy.fi\/fi\/asiointi-lomakkeet\/liiton-saannot\/kilpailusaannot\/\",\"url\":\"https:\/\/www.finbandy.fi\/fi\/asiointi-lomakkeet\/liiton-saannot\/kilpailusaannot\/\",\"name\":\"Kilpailus\u00e4\u00e4nn\u00f6t - Suomen J\u00e4\u00e4palloliitto\",\"isPartOf\":{\"@id\":\"https:\/\/www.finbandy.fi\/fi\/#website\"},\"datePublished\":\"2013-11-14T19:46:00+00:00\",\"dateModified\":\"2020-11-25T08:05:39+00:00\",\"breadcrumb\":{\"@id\":\"https:\/\/www.finbandy.fi\/fi\/asiointi-lomakkeet\/liiton-saannot\/kilpailusaannot\/#breadcrumb\"},\"inLanguage\":\"fi\",\"potentialAction\":[{\"@type\":\"ReadAction\",\"target\":[\"https:\/\/www.finbandy.fi\/fi\/asiointi-lomakkeet\/liiton-saannot\/kilpailusaannot\/\"]}]},{\"@type\":\"BreadcrumbList\",\"@id\":\"https:\/\/www.finbandy.fi\/fi\/asiointi-lomakkeet\/liiton-saannot\/kilpailusaannot\/#breadcrumb\",\"itemListElement\":[{\"@type\":\"ListItem\",\"position\":1,\"name\":\"Etusivu\",\"item\":\"https:\/\/www.finbandy.fi\/fi\/\"},{\"@type\":\"ListItem\",\"position\":2,\"name\":\"Asiointi &#038; Lomakkeet\",\"item\":\"https:\/\/www.finbandy.fi\/fi\/asiointi-lomakkeet\/\"},{\"@type\":\"ListItem\",\"position\":3,\"name\":\"Liiton s\u00e4\u00e4nn\u00f6t\",\"item\":\"https:\/\/www.finbandy.fi\/fi\/asiointi-lomakkeet\/liiton-saannot\/\"},{\"@type\":\"ListItem\",\"position\":4,\"name\":\"Kilpailus\u00e4\u00e4nn\u00f6t\"}]},{\"@type\":\"WebSite\",\"@id\":\"https:\/\/www.finbandy.fi\/fi\/#website\",\"url\":\"https:\/\/www.finbandy.fi\/fi\/\",\"name\":\"Suomen J\u00e4\u00e4palloliitto\",\"description\":\"\",\"potentialAction\":[{\"@type\":\"SearchAction\",\"target\":{\"@type\":\"EntryPoint\",\"urlTemplate\":\"https:\/\/www.finbandy.fi\/fi\/?s={search_term_string}\"},\"query-input\":\"required name=search_term_string\"}],\"inLanguage\":\"fi\"}]}<\/script>\n<!-- \/ Yoast SEO plugin. -->","yoast_head_json":{"title":"Kilpailus\u00e4\u00e4nn\u00f6t - Suomen J\u00e4\u00e4palloliitto","robots":{"index":"index","follow":"follow","max-snippet":"max-snippet:-1","max-image-preview":"max-image-preview:large","max-video-preview":"max-video-preview:-1"},"canonical":"https:\/\/www.finbandy.fi\/fi\/asiointi-lomakkeet\/liiton-saannot\/kilpailusaannot\/","og_locale":"fi_FI","og_type":"article","og_title":"Kilpailus\u00e4\u00e4nn\u00f6t - Suomen J\u00e4\u00e4palloliitto","og_description":"SUOMEN J\u00c4\u00c4PALLOLIITTO ry KILPAILUS\u00c4\u00c4NN\u00d6T HYV\u00c4KSYTTY 17.10.2020\u00a0\u00a0 Kilpailus\u00e4\u00e4nn\u00f6t kausi 2020-21\u00a0 \u00a0 \u00a0 \u00a0\u00a0 Kilpailus\u00e4\u00e4nn\u00f6t luvuittain: Yleism\u00e4\u00e4r\u00e4ykset Eettiset periaatteet Kilpailutoiminnan j\u00e4rjest\u00e4minen Osallistuminen kilpailutoimintaan Viralliset ottelutapahtumat Muut ottelut ja tapahtumat Pelaajaa ja toimitsijaa koskevat s\u00e4\u00e4nn\u00f6t Pelaajasiirrot Erotuomari, otteluvalvoja ja ottelusihteeri Rangaistuss\u00e4\u00e4nn\u00f6t \u00a0 \u00a0 \u00a0 \u00a0 \u00a0 \u00a0 \u00a0 \u00a0 \u00a0 \u00a0 \u00a0 \u00a0 \u00a0 \u00a0 \u00a0 \u00a0 Kilpailuv\u00e4lineet [&hellip;]","og_url":"https:\/\/www.finbandy.fi\/fi\/asiointi-lomakkeet\/liiton-saannot\/kilpailusaannot\/","og_site_name":"Suomen J\u00e4\u00e4palloliitto","article_modified_time":"2020-11-25T08:05:39+00:00","twitter_card":"summary_large_image","twitter_misc":{"Arvioitu lukuaika":"3 minuuttia"},"schema":{"@context":"https:\/\/schema.org","@graph":[{"@type":"WebPage","@id":"https:\/\/www.finbandy.fi\/fi\/asiointi-lomakkeet\/liiton-saannot\/kilpailusaannot\/","url":"https:\/\/www.finbandy.fi\/fi\/asiointi-lomakkeet\/liiton-saannot\/kilpailusaannot\/","name":"Kilpailus\u00e4\u00e4nn\u00f6t - Suomen J\u00e4\u00e4palloliitto","isPartOf":{"@id":"https:\/\/www.finbandy.fi\/fi\/#website"},"datePublished":"2013-11-14T19:46:00+00:00","dateModified":"2020-11-25T08:05:39+00:00","breadcrumb":{"@id":"https:\/\/www.finbandy.fi\/fi\/asiointi-lomakkeet\/liiton-saannot\/kilpailusaannot\/#breadcrumb"},"inLanguage":"fi","potentialAction":[{"@type":"ReadAction","target":["https:\/\/www.finbandy.fi\/fi\/asiointi-lomakkeet\/liiton-saannot\/kilpailusaannot\/"]}]},{"@type":"BreadcrumbList","@id":"https:\/\/www.finbandy.fi\/fi\/asiointi-lomakkeet\/liiton-saannot\/kilpailusaannot\/#breadcrumb","itemListElement":[{"@type":"ListItem","position":1,"name":"Etusivu","item":"https:\/\/www.finbandy.fi\/fi\/"},{"@type":"ListItem","position":2,"name":"Asiointi &#038; Lomakkeet","item":"https:\/\/www.finbandy.fi\/fi\/asiointi-lomakkeet\/"},{"@type":"ListItem","position":3,"name":"Liiton s\u00e4\u00e4nn\u00f6t","item":"https:\/\/www.finbandy.fi\/fi\/asiointi-lomakkeet\/liiton-saannot\/"},{"@type":"ListItem","position":4,"name":"Kilpailus\u00e4\u00e4nn\u00f6t"}]},{"@type":"WebSite","@id":"https:\/\/www.finbandy.fi\/fi\/#website","url":"https:\/\/www.finbandy.fi\/fi\/","name":"Suomen J\u00e4\u00e4palloliitto","description":"","potentialAction":[{"@type":"SearchAction","target":{"@type":"EntryPoint","urlTemplate":"https:\/\/www.finbandy.fi\/fi\/?s={search_term_string}"},"query-input":"required name=search_term_string"}],"inLanguage":"fi"}]}},"_links":{"self":[{"href":"https:\/\/www.finbandy.fi\/fi\/wp-json\/wp\/v2\/pages\/1115"}],"collection":[{"href":"https:\/\/www.finbandy.fi\/fi\/wp-json\/wp\/v2\/pages"}],"about":[{"href":"https:\/\/www.finbandy.fi\/fi\/wp-json\/wp\/v2\/types\/page"}],"author":[{"embeddable":true,"href":"https:\/\/www.finbandy.fi\/fi\/wp-json\/wp\/v2\/users\/1"}],"replies":[{"embeddable":true,"href":"https:\/\/www.finbandy.fi\/fi\/wp-json\/wp\/v2\/comments?post=1115"}],"version-history":[{"count":49,"href":"https:\/\/www.finbandy.fi\/fi\/wp-json\/wp\/v2\/pages\/1115\/revisions"}],"predecessor-version":[{"id":17793,"href":"https:\/\/www.finbandy.fi\/fi\/wp-json\/wp\/v2\/pages\/1115\/revisions\/17793"}],"up":[{"embeddable":true,"href":"https:\/\/www.finbandy.fi\/fi\/wp-json\/wp\/v2\/pages\/1099"}],"wp:attachment":[{"href":"https:\/\/www.finbandy.fi\/fi\/wp-json\/wp\/v2\/media?parent=1115"}],"curies":[{"name":"wp","href":"https:\/\/api.w.org\/{rel}","templated":true}]}}