{"id":1143,"date":"2013-11-17T17:41:49","date_gmt":"2013-11-17T15:41:49","guid":{"rendered":"https:\/\/www.finbandy.fi\/fi\/?page_id=1143"},"modified":"2020-11-23T10:38:48","modified_gmt":"2020-11-23T08:38:48","slug":"jaapallosaannot","status":"publish","type":"page","link":"https:\/\/www.finbandy.fi\/fi\/asiointi-lomakkeet\/liiton-saannot\/jaapallosaannot\/","title":{"rendered":"J\u00e4\u00e4pallos\u00e4\u00e4nn\u00f6t"},"content":{"rendered":"<div id=\"wp_fb_like_button\" style=\"margin:5px 0;float:none;height:50px;\"><script src=\"http:\/\/connect.facebook.net\/en_US\/all.js#xfbml=1\"><\/script><fb:like href=\"https:\/\/www.finbandy.fi\/fi\/asiointi-lomakkeet\/liiton-saannot\/jaapallosaannot\/\" send=\"true\" layout=\"button_count\" width=\"400\" show_faces=\"false\" font=\"arial\" action=\"like\" colorscheme=\"light\"><\/fb:like><\/div><p><a href=\"http:\/\/www.finbandy.fi\/sjpl\/doc\/JPkentat ja maalit.pdf\">J\u00e4\u00e4pallokenttien ja maalien mitat<\/a><\/p>\n<h3><span style=\"font-size: 12pt;\">J\u00e4\u00e4pallos\u00e4\u00e4nn\u00f6t &#8211; FIB <strong>s\u00e4\u00e4nn\u00f6t<\/strong><br \/>\n<\/span><\/h3>\n<p><a href=\"http:\/\/www.worldbandy.com\/wp-content\/uploads\/2019\/08\/Int.-bandyregler_19-1.pdf\">http:\/\/www.worldbandy.com\/wp-content\/uploads\/2019\/08\/Int.-bandyregler_19-1.pdf\u00a0 <\/a><\/p>\n<p><strong>Suomenkielinen J\u00e4\u00e4pallos\u00e4\u00e4nt\u00f6kirja 2020-2021<\/strong><\/p>\n<p><a href=\"https:\/\/www.finbandy.fi\/fi\/wp-content\/uploads\/2020\/11\/J\u00e4\u00e4pallos\u00e4\u00e4nn\u00f6t_2020-21.pdf\">Linkki s\u00e4\u00e4nt\u00f6kirjaan.\u00a0<\/a><\/p>\n<p><strong>S<\/strong><b>\u00e4\u00e4nt\u00f6kirjan tarkoituksena on<\/b> antaa erotuomareille, pelaajille, valmentajille, seuratoimitsijoille ja muille j\u00e4\u00e4pallon yst\u00e4ville selvitys niist\u00e4 s\u00e4\u00e4nn\u00f6ist\u00e4 jotka on saatettu voimaan my\u00f6s kansainv\u00e4lisiss\u00e4 s\u00e4\u00e4nn\u00f6iss\u00e4.<br \/>\nS\u00e4\u00e4nt\u00f6j\u00e4 edellytet\u00e4\u00e4n noudatettavan kaikissa kansallisissa ja kansainv\u00e4lisiss\u00e4 j\u00e4\u00e4pallo-otteluissa. Jokaisen on syyt\u00e4 tutustua tarkasti s\u00e4\u00e4nt\u00f6jen virallisiin tulkintoihin, sovellutuksiin ja Suomen J\u00e4\u00e4palloliiton omiin ohjeisiin.<\/p>\n<p>S\u00e4\u00e4nt\u00f6jen tulkinta ja soveltaminen ovat erotuomareiden teht\u00e4v\u00e4. Persoonallisuus on yksi erotuomarilta vaadittavista ominaisuuksista, siihen kuuluu my\u00f6s t\u00e4ydellinen s\u00e4\u00e4nt\u00f6tuntemus ja s\u00e4\u00e4nt\u00f6jen soveltami-nen, joka oikealla tavalla toteutettuna lis\u00e4\u00e4 erotuomarin luotettavuutta kent\u00e4ll\u00e4.<br \/>\nSuomen J\u00e4\u00e4palloliitto antaa kaikille mahdollisuuden olla mukana vauhdikkaassa ja reilusta pelist\u00e4 tunnetussa j\u00e4\u00e4pallossa. Erityisen t\u00e4rke\u00e4\u00e4 on jakaa nuorisolle s\u00e4\u00e4nt\u00f6tietoutta j\u00e4\u00e4palloon kuuluvan reilun pelin asenteen lis\u00e4ksi.<\/p>\n<p>J\u00e4\u00e4pallossakin on ilmennyt viime vuosien aikana lievi\u00e4 merkkej\u00e4 rasismista. Suomen J\u00e4\u00e4palloliitto irtisanoutuu kaikenlaisesta t\u00e4m\u00e4nkaltaisesta ajatusmaailmasta.<br \/>\nJ\u00e4\u00e4pallos\u00e4\u00e4nn\u00f6t suovat valtuutuksen toimia rasisminvastaisen toiminnan edist\u00e4j\u00e4n\u00e4 ja toivomme kaikkien sidosryhmienkin toimivan samassa hengess\u00e4.<\/p>\n<p>Kaikkien j\u00e4\u00e4pallon parissa toimivien paremman s\u00e4\u00e4nt\u00f6tuntemuksen my\u00f6t\u00e4 v\u00e4lttyisimme monilta v\u00e4\u00e4rink\u00e4sityksilt\u00e4 ja osapuolten v\u00e4linen yhteisty\u00f6 sek\u00e4 ymm\u00e4rrys vahvistuisivat. Suomen J\u00e4\u00e4palloliitto toivoo seurojen kutsuvan paikallisia erotuomarikouluttajia ja erotuomareita kertomaan s\u00e4\u00e4nn\u00f6ist\u00e4 tilaisuuksiinsa.<\/p>\n<p>S\u00e4\u00e4nt\u00f6tuntemus, s\u00e4\u00e4nt\u00f6jen noudattaminen ja niiden oikea toteuttaminen takaavat vauhdikkaassa lajissamme el\u00e4myksi\u00e4 ja vakuuden, ett\u00e4 siit\u00e4 voivat nauttia niin pelaajat kuin katsojat.<\/p>\n<h3><\/h3>\n","protected":false},"excerpt":{"rendered":"<p>J\u00e4\u00e4pallokenttien ja maalien mitat J\u00e4\u00e4pallos\u00e4\u00e4nn\u00f6t &#8211; FIB s\u00e4\u00e4nn\u00f6t http:\/\/www.worldbandy.com\/wp-content\/uploads\/2019\/08\/Int.-bandyregler_19-1.pdf\u00a0 Suomenkielinen J\u00e4\u00e4pallos\u00e4\u00e4nt\u00f6kirja 2020-2021 Linkki s\u00e4\u00e4nt\u00f6kirjaan.\u00a0 S\u00e4\u00e4nt\u00f6kirjan tarkoituksena on antaa erotuomareille, pelaajille, valmentajille, seuratoimitsijoille ja muille j\u00e4\u00e4pallon yst\u00e4ville selvitys niist\u00e4 s\u00e4\u00e4nn\u00f6ist\u00e4 jotka on saatettu voimaan my\u00f6s kansainv\u00e4lisiss\u00e4 s\u00e4\u00e4nn\u00f6iss\u00e4. S\u00e4\u00e4nt\u00f6j\u00e4 edellytet\u00e4\u00e4n noudatettavan kaikissa kansallisissa ja kansainv\u00e4lisiss\u00e4 j\u00e4\u00e4pallo-otteluissa. Jokaisen on syyt\u00e4 tutustua tarkasti s\u00e4\u00e4nt\u00f6jen virallisiin tulkintoihin, sovellutuksiin ja Suomen [&hellip;]<\/p>\n","protected":false},"author":1,"featured_media":0,"parent":1099,"menu_order":3,"comment_status":"open","ping_status":"open","template":"yksittainen.php","meta":{"_monsterinsights_skip_tracking":false,"_monsterinsights_sitenote_active":false,"_monsterinsights_sitenote_note":"","_monsterinsights_sitenote_category":0,"site-sidebar-layout":"default","site-content-layout":"","ast-site-content-layout":"","site-content-style":"default","site-sidebar-style":"default","ast-global-header-display":"","ast-banner-title-visibility":"","ast-main-header-display":"","ast-hfb-above-header-display":"","ast-hfb-below-header-display":"","ast-hfb-mobile-header-display":"","site-post-title":"","ast-breadcrumbs-content":"","ast-featured-img":"","footer-sml-layout":"","theme-transparent-header-meta":"","adv-header-id-meta":"","stick-header-meta":"","header-above-stick-meta":"","header-main-stick-meta":"","header-below-stick-meta":"","astra-migrate-meta-layouts":"default","ast-page-background-enabled":"default","ast-page-background-meta":{"desktop":{"background-color":"var(--ast-global-color-4)","background-image":"","background-repeat":"repeat","background-position":"center center","background-size":"auto","background-attachment":"scroll","background-type":"","background-media":"","overlay-type":"","overlay-color":"","overlay-opacity":"","overlay-gradient":""},"tablet":{"background-color":"","background-image":"","background-repeat":"repeat","background-position":"center center","background-size":"auto","background-attachment":"scroll","background-type":"","background-media":"","overlay-type":"","overlay-color":"","overlay-opacity":"","overlay-gradient":""},"mobile":{"background-color":"","background-image":"","background-repeat":"repeat","background-position":"center center","background-size":"auto","background-attachment":"scroll","background-type":"","background-media":"","overlay-type":"","overlay-color":"","overlay-opacity":"","overlay-gradient":""}},"ast-content-background-meta":{"desktop":{"background-color":"var(--ast-global-color-5)","background-image":"","background-repeat":"repeat","background-position":"center center","background-size":"auto","background-attachment":"scroll","background-type":"","background-media":"","overlay-type":"","overlay-color":"","overlay-opacity":"","overlay-gradient":""},"tablet":{"background-color":"var(--ast-global-color-5)","background-image":"","background-repeat":"repeat","background-position":"center center","background-size":"auto","background-attachment":"scroll","background-type":"","background-media":"","overlay-type":"","overlay-color":"","overlay-opacity":"","overlay-gradient":""},"mobile":{"background-color":"var(--ast-global-color-5)","background-image":"","background-repeat":"repeat","background-position":"center center","background-size":"auto","background-attachment":"scroll","background-type":"","background-media":"","overlay-type":"","overlay-color":"","overlay-opacity":"","overlay-gradient":""}},"footnotes":"","_expiration-date-status":"saved","_expiration-date":0,"_expiration-date-type":"","_expiration-date-categories":[],"_expiration-date-options":[]},"class_list":["post-1143","page","type-page","status-publish","hentry"],"yoast_head":"<!-- This site is optimized with the Yoast SEO plugin v19.7.1 - https:\/\/yoast.com\/wordpress\/plugins\/seo\/ -->\n<title>J\u00e4\u00e4pallos\u00e4\u00e4nn\u00f6t - Suomen J\u00e4\u00e4palloliitto<\/title>\n<meta name=\"robots\" content=\"index, follow, max-snippet:-1, max-image-preview:large, max-video-preview:-1\" \/>\n<link rel=\"canonical\" href=\"https:\/\/www.finbandy.fi\/fi\/asiointi-lomakkeet\/liiton-saannot\/jaapallosaannot\/\" \/>\n<meta property=\"og:locale\" content=\"fi_FI\" \/>\n<meta property=\"og:type\" content=\"article\" \/>\n<meta property=\"og:title\" content=\"J\u00e4\u00e4pallos\u00e4\u00e4nn\u00f6t - Suomen J\u00e4\u00e4palloliitto\" \/>\n<meta property=\"og:description\" content=\"J\u00e4\u00e4pallokenttien ja maalien mitat J\u00e4\u00e4pallos\u00e4\u00e4nn\u00f6t &#8211; FIB s\u00e4\u00e4nn\u00f6t http:\/\/www.worldbandy.com\/wp-content\/uploads\/2019\/08\/Int.-bandyregler_19-1.pdf\u00a0 Suomenkielinen J\u00e4\u00e4pallos\u00e4\u00e4nt\u00f6kirja 2020-2021 Linkki s\u00e4\u00e4nt\u00f6kirjaan.\u00a0 S\u00e4\u00e4nt\u00f6kirjan tarkoituksena on antaa erotuomareille, pelaajille, valmentajille, seuratoimitsijoille ja muille j\u00e4\u00e4pallon yst\u00e4ville selvitys niist\u00e4 s\u00e4\u00e4nn\u00f6ist\u00e4 jotka on saatettu voimaan my\u00f6s kansainv\u00e4lisiss\u00e4 s\u00e4\u00e4nn\u00f6iss\u00e4. S\u00e4\u00e4nt\u00f6j\u00e4 edellytet\u00e4\u00e4n noudatettavan kaikissa kansallisissa ja kansainv\u00e4lisiss\u00e4 j\u00e4\u00e4pallo-otteluissa. Jokaisen on syyt\u00e4 tutustua tarkasti s\u00e4\u00e4nt\u00f6jen virallisiin tulkintoihin, sovellutuksiin ja Suomen [&hellip;]\" \/>\n<meta property=\"og:url\" content=\"https:\/\/www.finbandy.fi\/fi\/asiointi-lomakkeet\/liiton-saannot\/jaapallosaannot\/\" \/>\n<meta property=\"og:site_name\" content=\"Suomen J\u00e4\u00e4palloliitto\" \/>\n<meta property=\"article:modified_time\" content=\"2020-11-23T08:38:48+00:00\" \/>\n<meta name=\"twitter:card\" content=\"summary_large_image\" \/>\n<meta name=\"twitter:label1\" content=\"Arvioitu lukuaika\" \/>\n\t<meta name=\"twitter:data1\" content=\"1 minuutti\" \/>\n<script type=\"application\/ld+json\" class=\"yoast-schema-graph\">{\"@context\":\"https:\/\/schema.org\",\"@graph\":[{\"@type\":\"WebPage\",\"@id\":\"https:\/\/www.finbandy.fi\/fi\/asiointi-lomakkeet\/liiton-saannot\/jaapallosaannot\/\",\"url\":\"https:\/\/www.finbandy.fi\/fi\/asiointi-lomakkeet\/liiton-saannot\/jaapallosaannot\/\",\"name\":\"J\u00e4\u00e4pallos\u00e4\u00e4nn\u00f6t - Suomen J\u00e4\u00e4palloliitto\",\"isPartOf\":{\"@id\":\"https:\/\/www.finbandy.fi\/fi\/#website\"},\"datePublished\":\"2013-11-17T15:41:49+00:00\",\"dateModified\":\"2020-11-23T08:38:48+00:00\",\"breadcrumb\":{\"@id\":\"https:\/\/www.finbandy.fi\/fi\/asiointi-lomakkeet\/liiton-saannot\/jaapallosaannot\/#breadcrumb\"},\"inLanguage\":\"fi\",\"potentialAction\":[{\"@type\":\"ReadAction\",\"target\":[\"https:\/\/www.finbandy.fi\/fi\/asiointi-lomakkeet\/liiton-saannot\/jaapallosaannot\/\"]}]},{\"@type\":\"BreadcrumbList\",\"@id\":\"https:\/\/www.finbandy.fi\/fi\/asiointi-lomakkeet\/liiton-saannot\/jaapallosaannot\/#breadcrumb\",\"itemListElement\":[{\"@type\":\"ListItem\",\"position\":1,\"name\":\"Etusivu\",\"item\":\"https:\/\/www.finbandy.fi\/fi\/\"},{\"@type\":\"ListItem\",\"position\":2,\"name\":\"Asiointi &#038; Lomakkeet\",\"item\":\"https:\/\/www.finbandy.fi\/fi\/asiointi-lomakkeet\/\"},{\"@type\":\"ListItem\",\"position\":3,\"name\":\"Liiton s\u00e4\u00e4nn\u00f6t\",\"item\":\"https:\/\/www.finbandy.fi\/fi\/asiointi-lomakkeet\/liiton-saannot\/\"},{\"@type\":\"ListItem\",\"position\":4,\"name\":\"J\u00e4\u00e4pallos\u00e4\u00e4nn\u00f6t\"}]},{\"@type\":\"WebSite\",\"@id\":\"https:\/\/www.finbandy.fi\/fi\/#website\",\"url\":\"https:\/\/www.finbandy.fi\/fi\/\",\"name\":\"Suomen J\u00e4\u00e4palloliitto\",\"description\":\"\",\"potentialAction\":[{\"@type\":\"SearchAction\",\"target\":{\"@type\":\"EntryPoint\",\"urlTemplate\":\"https:\/\/www.finbandy.fi\/fi\/?s={search_term_string}\"},\"query-input\":\"required name=search_term_string\"}],\"inLanguage\":\"fi\"}]}<\/script>\n<!-- \/ Yoast SEO plugin. -->","yoast_head_json":{"title":"J\u00e4\u00e4pallos\u00e4\u00e4nn\u00f6t - Suomen J\u00e4\u00e4palloliitto","robots":{"index":"index","follow":"follow","max-snippet":"max-snippet:-1","max-image-preview":"max-image-preview:large","max-video-preview":"max-video-preview:-1"},"canonical":"https:\/\/www.finbandy.fi\/fi\/asiointi-lomakkeet\/liiton-saannot\/jaapallosaannot\/","og_locale":"fi_FI","og_type":"article","og_title":"J\u00e4\u00e4pallos\u00e4\u00e4nn\u00f6t - Suomen J\u00e4\u00e4palloliitto","og_description":"J\u00e4\u00e4pallokenttien ja maalien mitat J\u00e4\u00e4pallos\u00e4\u00e4nn\u00f6t &#8211; FIB s\u00e4\u00e4nn\u00f6t http:\/\/www.worldbandy.com\/wp-content\/uploads\/2019\/08\/Int.-bandyregler_19-1.pdf\u00a0 Suomenkielinen J\u00e4\u00e4pallos\u00e4\u00e4nt\u00f6kirja 2020-2021 Linkki s\u00e4\u00e4nt\u00f6kirjaan.\u00a0 S\u00e4\u00e4nt\u00f6kirjan tarkoituksena on antaa erotuomareille, pelaajille, valmentajille, seuratoimitsijoille ja muille j\u00e4\u00e4pallon yst\u00e4ville selvitys niist\u00e4 s\u00e4\u00e4nn\u00f6ist\u00e4 jotka on saatettu voimaan my\u00f6s kansainv\u00e4lisiss\u00e4 s\u00e4\u00e4nn\u00f6iss\u00e4. S\u00e4\u00e4nt\u00f6j\u00e4 edellytet\u00e4\u00e4n noudatettavan kaikissa kansallisissa ja kansainv\u00e4lisiss\u00e4 j\u00e4\u00e4pallo-otteluissa. Jokaisen on syyt\u00e4 tutustua tarkasti s\u00e4\u00e4nt\u00f6jen virallisiin tulkintoihin, sovellutuksiin ja Suomen [&hellip;]","og_url":"https:\/\/www.finbandy.fi\/fi\/asiointi-lomakkeet\/liiton-saannot\/jaapallosaannot\/","og_site_name":"Suomen J\u00e4\u00e4palloliitto","article_modified_time":"2020-11-23T08:38:48+00:00","twitter_card":"summary_large_image","twitter_misc":{"Arvioitu lukuaika":"1 minuutti"},"schema":{"@context":"https:\/\/schema.org","@graph":[{"@type":"WebPage","@id":"https:\/\/www.finbandy.fi\/fi\/asiointi-lomakkeet\/liiton-saannot\/jaapallosaannot\/","url":"https:\/\/www.finbandy.fi\/fi\/asiointi-lomakkeet\/liiton-saannot\/jaapallosaannot\/","name":"J\u00e4\u00e4pallos\u00e4\u00e4nn\u00f6t - Suomen J\u00e4\u00e4palloliitto","isPartOf":{"@id":"https:\/\/www.finbandy.fi\/fi\/#website"},"datePublished":"2013-11-17T15:41:49+00:00","dateModified":"2020-11-23T08:38:48+00:00","breadcrumb":{"@id":"https:\/\/www.finbandy.fi\/fi\/asiointi-lomakkeet\/liiton-saannot\/jaapallosaannot\/#breadcrumb"},"inLanguage":"fi","potentialAction":[{"@type":"ReadAction","target":["https:\/\/www.finbandy.fi\/fi\/asiointi-lomakkeet\/liiton-saannot\/jaapallosaannot\/"]}]},{"@type":"BreadcrumbList","@id":"https:\/\/www.finbandy.fi\/fi\/asiointi-lomakkeet\/liiton-saannot\/jaapallosaannot\/#breadcrumb","itemListElement":[{"@type":"ListItem","position":1,"name":"Etusivu","item":"https:\/\/www.finbandy.fi\/fi\/"},{"@type":"ListItem","position":2,"name":"Asiointi &#038; Lomakkeet","item":"https:\/\/www.finbandy.fi\/fi\/asiointi-lomakkeet\/"},{"@type":"ListItem","position":3,"name":"Liiton s\u00e4\u00e4nn\u00f6t","item":"https:\/\/www.finbandy.fi\/fi\/asiointi-lomakkeet\/liiton-saannot\/"},{"@type":"ListItem","position":4,"name":"J\u00e4\u00e4pallos\u00e4\u00e4nn\u00f6t"}]},{"@type":"WebSite","@id":"https:\/\/www.finbandy.fi\/fi\/#website","url":"https:\/\/www.finbandy.fi\/fi\/","name":"Suomen J\u00e4\u00e4palloliitto","description":"","potentialAction":[{"@type":"SearchAction","target":{"@type":"EntryPoint","urlTemplate":"https:\/\/www.finbandy.fi\/fi\/?s={search_term_string}"},"query-input":"required name=search_term_string"}],"inLanguage":"fi"}]}},"_links":{"self":[{"href":"https:\/\/www.finbandy.fi\/fi\/wp-json\/wp\/v2\/pages\/1143"}],"collection":[{"href":"https:\/\/www.finbandy.fi\/fi\/wp-json\/wp\/v2\/pages"}],"about":[{"href":"https:\/\/www.finbandy.fi\/fi\/wp-json\/wp\/v2\/types\/page"}],"author":[{"embeddable":true,"href":"https:\/\/www.finbandy.fi\/fi\/wp-json\/wp\/v2\/users\/1"}],"replies":[{"embeddable":true,"href":"https:\/\/www.finbandy.fi\/fi\/wp-json\/wp\/v2\/comments?post=1143"}],"version-history":[{"count":28,"href":"https:\/\/www.finbandy.fi\/fi\/wp-json\/wp\/v2\/pages\/1143\/revisions"}],"predecessor-version":[{"id":17778,"href":"https:\/\/www.finbandy.fi\/fi\/wp-json\/wp\/v2\/pages\/1143\/revisions\/17778"}],"up":[{"embeddable":true,"href":"https:\/\/www.finbandy.fi\/fi\/wp-json\/wp\/v2\/pages\/1099"}],"wp:attachment":[{"href":"https:\/\/www.finbandy.fi\/fi\/wp-json\/wp\/v2\/media?parent=1143"}],"curies":[{"name":"wp","href":"https:\/\/api.w.org\/{rel}","templated":true}]}}