{"id":1189,"date":"2013-11-17T18:57:12","date_gmt":"2013-11-17T16:57:12","guid":{"rendered":"https:\/\/www.finbandy.fi\/fi\/?page_id=1189"},"modified":"2025-09-25T10:55:13","modified_gmt":"2025-09-25T07:55:13","slug":"lisenssi","status":"publish","type":"page","link":"https:\/\/www.finbandy.fi\/fi\/asiointi-lomakkeet\/lisenssi\/","title":{"rendered":"Lisenssit ja vakuutus"},"content":{"rendered":"<div id=\"wp_fb_like_button\" style=\"margin:5px 0;float:none;height:50px;\"><script src=\"http:\/\/connect.facebook.net\/en_US\/all.js#xfbml=1\"><\/script><fb:like href=\"https:\/\/www.finbandy.fi\/fi\/asiointi-lomakkeet\/lisenssi\/\" send=\"true\" layout=\"button_count\" width=\"400\" show_faces=\"false\" font=\"arial\" action=\"like\" colorscheme=\"light\"><\/fb:like><\/div>\t\t<div data-elementor-type=\"wp-page\" data-elementor-id=\"1189\" class=\"elementor elementor-1189\" data-elementor-post-type=\"page\">\n\t\t\t\t\t\t<section class=\"elementor-section elementor-top-section elementor-element elementor-element-6866e781 elementor-section-boxed elementor-section-height-default elementor-section-height-default\" data-id=\"6866e781\" data-element_type=\"section\">\n\t\t\t\t\t\t<div class=\"elementor-container elementor-column-gap-default\">\n\t\t\t\t\t<div class=\"elementor-column elementor-col-100 elementor-top-column elementor-element elementor-element-2b2ccd41\" data-id=\"2b2ccd41\" data-element_type=\"column\">\n\t\t\t<div class=\"elementor-widget-wrap elementor-element-populated\">\n\t\t\t\t\t\t<div class=\"elementor-element elementor-element-2a1593a8 elementor-widget elementor-widget-text-editor\" data-id=\"2a1593a8\" data-element_type=\"widget\" data-widget_type=\"text-editor.default\">\n\t\t\t\t<div class=\"elementor-widget-container\">\n\t\t\t\t\t\t\t<h3>Lisenssikausi 2025-2026<\/h3>\n<p>Suomen J\u00e4\u00e4palloliiton lisenssit ja vakuutukset myyd\u00e4\u00e4n <a href=\"https:\/\/info.suomisport.fi\/\">Suomisportin<\/a> kautta.<\/p>\n<p>Uusi lisenssikausi alkaa 1.9.2025.<\/p>\n<p>Alla linkki lisenssin ostoon.<\/p>\n<p><a href=\"https:\/\/www.suomisport.fi\/\">https:\/\/www.suomisport.fi\/<\/a><\/p>\n<p>Tietosi ovat luottamuksellisia, k\u00e4sittelemme henkil\u00f6tietojasi voimassa olevien s\u00e4\u00e4d\u00f6sten ja tietosuojalausekkeen ja selosteen mukaisesti.<\/p>\n<p><span style=\"font-size: 12pt;\"><a href=\"https:\/\/www.op.fi\/tac?did=Heurh0000002707&amp;cs=e724bd84516ae055135aad0d80a3aff0502a16b6d0b581d3a55bd5b6b7cf84f9\" target=\"_blank\" rel=\"noopener\">Vakuutusehdot<\/a><\/span><\/p>\n<p><a href=\"https:\/\/www.op.fi\/tietosuoja\/tietosuojaselosteet-ja-yhteystiedot\/vahinkovakuutusyhtioiden-tietosuojaseloste\" target=\"_blank\" rel=\"noopener\">Vakuutuksen rekisteriseloste<\/a><\/p>\n<p><a href=\"https:\/\/www.finbandy.fi\/fi\/wp-content\/uploads\/2025\/08\/Sporttiturvan-vakuutustietoasiakirja.pdf\">Sporttiturvan vakuutustietoasiakirja<\/a><\/p>\n<p>Sporttiturvan tuoteopas: <a href=\"https:\/\/www.finbandy.fi\/fi\/wp-content\/uploads\/2025\/08\/Sporttiturvan-tuoteopas-2025-2026.pdf\">Tuoteseloste ja maksut<\/a><\/p>\n<p>Lisenssivaihtoehdot: <a href=\"https:\/\/www.finbandy.fi\/fi\/wp-content\/uploads\/2025\/09\/Lisenssihinnasto-2025-2026-1.pdf\">Hinnat kaudella 2025-2026<\/a><\/p>\n<p>Try-Out: <a href=\"https:\/\/www.finbandy.fi\/fi\/wp-content\/uploads\/2025\/08\/Try-out-tuoteseloste-2025-2026.pdf\">Tuoteseloste ja maksut<\/a><\/p>\n<p><a href=\"https:\/\/www.finbandy.fi\/fi\/wp-content\/uploads\/2023\/08\/Suomisportin-rekisteriseloste-2023-24.pdf\">Suomisport rekisteriseloste<\/a><\/p>\n<p><strong>Kilpailulisenssit ja vakuutukset<br \/><\/strong><\/p>\n<p>Lisenssi vaaditaan jokaiselta pelaajalta, valmentajalta, joukkueenjohtajalta, huoltajalta ja erotuomarilta, joka osallistuu Suomen J\u00e4\u00e4palloliiton alaiseen toimintaan.<\/p>\n<p><strong>En tarvitse en\u00e4\u00e4 Sporttiturvaa, haluan perua sen. Miten peruminen onnistuu?<\/strong><\/p>\n<p>Voit irtisanoa oman tai alaik\u00e4isen huollettavan lapsen Sporttiturvan kirjallisesti kesken kauden l\u00e4hett\u00e4m\u00e4ll\u00e4 verkkoviestin osoitteessa pohjola.fi tai suojatun s\u00e4hk\u00f6postin osoitteeseen <a href=\"mailto:urheiluvakuutukset@pohjola.fi\">urheiluvakuutukset@pohjola.fi<\/a>. Ilmoita heille vakuutetun nimi, henkil\u00f6tunnus, lajiliitto, palautustili IBAN-muodossa ja s\u00e4hk\u00f6postiosoite. Suojatun s\u00e4hk\u00f6postin voit l\u00e4hett\u00e4\u00e4 omasta s\u00e4hk\u00f6postistasi avaamalla internet-selaimella osoitteen <a href=\"https:\/\/securemail.op.fi\">https:\/\/securemail.pohjola.fi<\/a> ja toimimalla siell\u00e4 annettujen ohjeiden mukaisesti.<\/p>\n<p>Pohjola Vakuutus kertoo J\u00e4\u00e4palloliitolle, mik\u00e4 osuus vakuutuksesta on palautettavaa. Pohjola veloittaa vakuutuksen hoitamisen ajasta v\u00e4hint\u00e4\u00e4n 16 euron korvauksen. J\u00e4\u00e4palloliitto veloittaa vakuutusmaksun palauttamisesta 10 euron\u00a0palvelumaksun.<\/p>\n<p><strong>En pelannut yht\u00e4\u00e4n peli\u00e4, mutta ehdin maksaa lisenssin. Voiko lisenssin palauttaa?<\/strong><\/p>\n<p>Lisenssimaksun voi palauttaa 14 vuorokauden sis\u00e4ll\u00e4 lisenssin maksamisesta, mik\u00e4li pelaaja ei ole pelannut yht\u00e4\u00e4n ottelua. Ainoastaan l\u00e4\u00e4k\u00e4rintodistusta vastaan k\u00e4ytt\u00e4m\u00e4t\u00f6n lisenssi voidaan palauttaa yli 14 vuorokautta oston j\u00e4lkeen. Palautustapauksessa l\u00e4het\u00e4 viesti Suomen J\u00e4\u00e4palloliittoon <a href=\"mailto:andreas.sjoblom@finbandy.fi\">andreas.sjoblom@finbandy.fi<\/a> jossa kerrot pelaajan nimen, sportti-id:n\u00a0 ja palautustilinumeron IBAN muodossa.<\/p>\n<p>J\u00e4\u00e4palloliitto veloittaa kaikista palautuksista <em>10 euron palvelumaksun<\/em>. Virheellisesti maksettuja j\u00e4\u00e4pallokoululisenssej\u00e4 ei palauteta<\/p>\n<p><strong>Huom! Tryout-lisenssi <\/strong>on lyhytaikaiseen vakuuttamiseen, pelaajakokeilu, viikonlopun tapahtuma jne. ja se on voimassa 7 vrk.<\/p>\n<p>Pohjola Vakuutus suosittaa vahinkotilanteissa ottamaan yhteytt\u00e4 Pohjola Terveysmestariin, joka tekee my\u00f6s ajanvarauksia ymp\u00e4ri Suomen l\u00e4\u00e4k\u00e4rikumppaneille <a href=\"https:\/\/www.pohjolasairaala.fi\/fi\/palvelumme\/pohjola-terveysmestari\">https:\/\/www.pohjolasairaala.fi\/fi\/palvelumme\/pohjola-terveysmestari<\/a><\/p>\n<p>Vahinkojen toimintaohjeet l\u00f6ytyv\u00e4t Pohjola Vahinkoavusta:<\/p>\n<p><a href=\"https:\/\/vahinkoapu.op.fi\/\">https:\/\/vahinkoapu.pohjola.fi\/<\/a><\/p>\n<p><a href=\"https:\/\/vahinkoapu.pohjola.fi\/henkiloasiakkaat\/tapaturma\/loukkasin-itseni-urheillessa\">https:\/\/vahinkoapu.pohjola.fi\/tapaturma\/loukkasin-itseni-urheillessa.html<\/a><\/p>\n<p><strong>Huom! U12, U10 ja Tyt\u00f6t, syntyneet 2012 tai my\u00f6hemmin \u00a0\u2013 Sporttiturvassa ei omavastuuta ja voimassa my\u00f6s muissa urheilulajeissa<\/strong><\/p>\n<p><strong>J\u00e4\u00e4pallo ja luistelukoulut \u2013 Sporttiturvassa ei omavastuuta<\/strong><\/p>\n<p><strong>Vakuutuksen voimaantulo<\/strong><br \/>Kilpalisenssiin sis\u00e4ltyv\u00e4 vakuutus (nro 06-21852) tulee voimaan kauden alusta 1.9.2025 mik\u00e4li maksu on maksettu syyskuun 2025 aikana. My\u00f6hemmin maksettaessa vakuutus tulee voimaan maksup\u00e4iv\u00e4n\u00e4 klo 24.00 tai maksuhetkell\u00e4, mik\u00e4li suorituksesta on esitt\u00e4\u00e4 maksutosite, josta k\u00e4y ilmi maksuaika. Vakuutus p\u00e4\u00e4ttyy 31.8.2026.<\/p>\n<p><strong>Toimitsijalisenssit<\/strong><\/p>\n<p>Kaikkien vapaaehtoistoimijoiden (joukkueenjohtajat, valmentajat, huoltajat ym.) tulee hankkia Toimitsijalisenssi kaudelle 2025-2026. Lisenssin hinta on 13 \u20ac \/ henkil\u00f6. Liitto on vakuuttanut kaikki Toimitsijalisenssin haltijat Pohjola tuplaturvavakuutuksella.<\/p>\n<p><a href=\"https:\/\/www.olympiakomitea.fi\/olympiakomitea\/jasenpalvelut\/edut-sopimukset-liitoille-seuroille\/tuplaturva\/\">https:\/\/www.olympiakomitea.fi\/olympiakomitea\/jasenpalvelut\/edut-sopimukset-liitoille-seuroille\/tuplaturva\/<\/a><\/p>\n<h3>\u00a0<\/h3>\n<!-- wp:tadv\/classic-paragraph \/-->\t\t\t\t\t\t<\/div>\n\t\t\t\t<\/div>\n\t\t\t\t\t<\/div>\n\t\t<\/div>\n\t\t\t\t\t<\/div>\n\t\t<\/section>\n\t\t\t\t<\/div>\n\t\t","protected":false},"excerpt":{"rendered":"<p>Lisenssikausi 2025-2026 Suomen J\u00e4\u00e4palloliiton lisenssit ja vakuutukset myyd\u00e4\u00e4n Suomisportin kautta. Uusi lisenssikausi alkaa 1.9.2025. Alla linkki lisenssin ostoon. https:\/\/www.suomisport.fi\/ Tietosi ovat luottamuksellisia, k\u00e4sittelemme henkil\u00f6tietojasi voimassa olevien s\u00e4\u00e4d\u00f6sten ja tietosuojalausekkeen ja selosteen mukaisesti. Vakuutusehdot Vakuutuksen rekisteriseloste Sporttiturvan vakuutustietoasiakirja Sporttiturvan tuoteopas: Tuoteseloste ja maksut Lisenssivaihtoehdot: Hinnat kaudella 2025-2026 Try-Out: Tuoteseloste ja maksut Suomisport rekisteriseloste Kilpailulisenssit ja vakuutukset [&hellip;]<\/p>\n","protected":false},"author":1,"featured_media":0,"parent":1078,"menu_order":6,"comment_status":"open","ping_status":"open","template":"","meta":{"_monsterinsights_skip_tracking":false,"_monsterinsights_sitenote_active":false,"_monsterinsights_sitenote_note":"","_monsterinsights_sitenote_category":0,"site-sidebar-layout":"default","site-content-layout":"default","ast-site-content-layout":"","site-content-style":"default","site-sidebar-style":"default","ast-global-header-display":"","ast-banner-title-visibility":"","ast-main-header-display":"","ast-hfb-above-header-display":"","ast-hfb-below-header-display":"","ast-hfb-mobile-header-display":"","site-post-title":"","ast-breadcrumbs-content":"","ast-featured-img":"","footer-sml-layout":"","theme-transparent-header-meta":"default","adv-header-id-meta":"","stick-header-meta":"","header-above-stick-meta":"","header-main-stick-meta":"","header-below-stick-meta":"","astra-migrate-meta-layouts":"default","ast-page-background-enabled":"default","ast-page-background-meta":{"desktop":{"background-color":"var(--ast-global-color-4)","background-image":"","background-repeat":"repeat","background-position":"center center","background-size":"auto","background-attachment":"scroll","background-type":"","background-media":"","overlay-type":"","overlay-color":"","overlay-opacity":"","overlay-gradient":""},"tablet":{"background-color":"","background-image":"","background-repeat":"repeat","background-position":"center center","background-size":"auto","background-attachment":"scroll","background-type":"","background-media":"","overlay-type":"","overlay-color":"","overlay-opacity":"","overlay-gradient":""},"mobile":{"background-color":"","background-image":"","background-repeat":"repeat","background-position":"center center","background-size":"auto","background-attachment":"scroll","background-type":"","background-media":"","overlay-type":"","overlay-color":"","overlay-opacity":"","overlay-gradient":""}},"ast-content-background-meta":{"desktop":{"background-color":"var(--ast-global-color-5)","background-image":"","background-repeat":"repeat","background-position":"center center","background-size":"auto","background-attachment":"scroll","background-type":"","background-media":"","overlay-type":"","overlay-color":"","overlay-opacity":"","overlay-gradient":""},"tablet":{"background-color":"var(--ast-global-color-5)","background-image":"","background-repeat":"repeat","background-position":"center center","background-size":"auto","background-attachment":"scroll","background-type":"","background-media":"","overlay-type":"","overlay-color":"","overlay-opacity":"","overlay-gradient":""},"mobile":{"background-color":"var(--ast-global-color-5)","background-image":"","background-repeat":"repeat","background-position":"center center","background-size":"auto","background-attachment":"scroll","background-type":"","background-media":"","overlay-type":"","overlay-color":"","overlay-opacity":"","overlay-gradient":""}},"footnotes":"","_expiration-date-status":"","_expiration-date":0,"_expiration-date-type":"","_expiration-date-categories":[],"_expiration-date-options":[]},"class_list":["post-1189","page","type-page","status-publish","hentry"],"yoast_head":"<!-- This site is optimized with the Yoast SEO plugin v19.7.1 - https:\/\/yoast.com\/wordpress\/plugins\/seo\/ -->\n<title>Lisenssit ja vakuutus - Suomen J\u00e4\u00e4palloliitto<\/title>\n<meta name=\"robots\" content=\"index, follow, max-snippet:-1, max-image-preview:large, max-video-preview:-1\" \/>\n<link rel=\"canonical\" href=\"https:\/\/www.finbandy.fi\/fi\/asiointi-lomakkeet\/lisenssi\/\" \/>\n<meta property=\"og:locale\" content=\"fi_FI\" \/>\n<meta property=\"og:type\" content=\"article\" \/>\n<meta property=\"og:title\" content=\"Lisenssit ja vakuutus - Suomen J\u00e4\u00e4palloliitto\" \/>\n<meta property=\"og:description\" content=\"Lisenssikausi 2025-2026 Suomen J\u00e4\u00e4palloliiton lisenssit ja vakuutukset myyd\u00e4\u00e4n Suomisportin kautta. Uusi lisenssikausi alkaa 1.9.2025. Alla linkki lisenssin ostoon. https:\/\/www.suomisport.fi\/ Tietosi ovat luottamuksellisia, k\u00e4sittelemme henkil\u00f6tietojasi voimassa olevien s\u00e4\u00e4d\u00f6sten ja tietosuojalausekkeen ja selosteen mukaisesti. Vakuutusehdot Vakuutuksen rekisteriseloste Sporttiturvan vakuutustietoasiakirja Sporttiturvan tuoteopas: Tuoteseloste ja maksut Lisenssivaihtoehdot: Hinnat kaudella 2025-2026 Try-Out: Tuoteseloste ja maksut Suomisport rekisteriseloste Kilpailulisenssit ja vakuutukset [&hellip;]\" \/>\n<meta property=\"og:url\" content=\"https:\/\/www.finbandy.fi\/fi\/asiointi-lomakkeet\/lisenssi\/\" \/>\n<meta property=\"og:site_name\" content=\"Suomen J\u00e4\u00e4palloliitto\" \/>\n<meta property=\"article:modified_time\" content=\"2025-09-25T07:55:13+00:00\" \/>\n<meta name=\"twitter:card\" content=\"summary_large_image\" \/>\n<meta name=\"twitter:label1\" content=\"Arvioitu lukuaika\" \/>\n\t<meta name=\"twitter:data1\" content=\"3 minuuttia\" \/>\n<script type=\"application\/ld+json\" class=\"yoast-schema-graph\">{\"@context\":\"https:\/\/schema.org\",\"@graph\":[{\"@type\":\"WebPage\",\"@id\":\"https:\/\/www.finbandy.fi\/fi\/asiointi-lomakkeet\/lisenssi\/\",\"url\":\"https:\/\/www.finbandy.fi\/fi\/asiointi-lomakkeet\/lisenssi\/\",\"name\":\"Lisenssit ja vakuutus - Suomen J\u00e4\u00e4palloliitto\",\"isPartOf\":{\"@id\":\"https:\/\/www.finbandy.fi\/fi\/#website\"},\"datePublished\":\"2013-11-17T16:57:12+00:00\",\"dateModified\":\"2025-09-25T07:55:13+00:00\",\"breadcrumb\":{\"@id\":\"https:\/\/www.finbandy.fi\/fi\/asiointi-lomakkeet\/lisenssi\/#breadcrumb\"},\"inLanguage\":\"fi\",\"potentialAction\":[{\"@type\":\"ReadAction\",\"target\":[\"https:\/\/www.finbandy.fi\/fi\/asiointi-lomakkeet\/lisenssi\/\"]}]},{\"@type\":\"BreadcrumbList\",\"@id\":\"https:\/\/www.finbandy.fi\/fi\/asiointi-lomakkeet\/lisenssi\/#breadcrumb\",\"itemListElement\":[{\"@type\":\"ListItem\",\"position\":1,\"name\":\"Etusivu\",\"item\":\"https:\/\/www.finbandy.fi\/fi\/\"},{\"@type\":\"ListItem\",\"position\":2,\"name\":\"Asiointi &#038; Lomakkeet\",\"item\":\"https:\/\/www.finbandy.fi\/fi\/asiointi-lomakkeet\/\"},{\"@type\":\"ListItem\",\"position\":3,\"name\":\"Lisenssit ja vakuutus\"}]},{\"@type\":\"WebSite\",\"@id\":\"https:\/\/www.finbandy.fi\/fi\/#website\",\"url\":\"https:\/\/www.finbandy.fi\/fi\/\",\"name\":\"Suomen J\u00e4\u00e4palloliitto\",\"description\":\"\",\"potentialAction\":[{\"@type\":\"SearchAction\",\"target\":{\"@type\":\"EntryPoint\",\"urlTemplate\":\"https:\/\/www.finbandy.fi\/fi\/?s={search_term_string}\"},\"query-input\":\"required name=search_term_string\"}],\"inLanguage\":\"fi\"}]}<\/script>\n<!-- \/ Yoast SEO plugin. -->","yoast_head_json":{"title":"Lisenssit ja vakuutus - Suomen J\u00e4\u00e4palloliitto","robots":{"index":"index","follow":"follow","max-snippet":"max-snippet:-1","max-image-preview":"max-image-preview:large","max-video-preview":"max-video-preview:-1"},"canonical":"https:\/\/www.finbandy.fi\/fi\/asiointi-lomakkeet\/lisenssi\/","og_locale":"fi_FI","og_type":"article","og_title":"Lisenssit ja vakuutus - Suomen J\u00e4\u00e4palloliitto","og_description":"Lisenssikausi 2025-2026 Suomen J\u00e4\u00e4palloliiton lisenssit ja vakuutukset myyd\u00e4\u00e4n Suomisportin kautta. Uusi lisenssikausi alkaa 1.9.2025. Alla linkki lisenssin ostoon. https:\/\/www.suomisport.fi\/ Tietosi ovat luottamuksellisia, k\u00e4sittelemme henkil\u00f6tietojasi voimassa olevien s\u00e4\u00e4d\u00f6sten ja tietosuojalausekkeen ja selosteen mukaisesti. Vakuutusehdot Vakuutuksen rekisteriseloste Sporttiturvan vakuutustietoasiakirja Sporttiturvan tuoteopas: Tuoteseloste ja maksut Lisenssivaihtoehdot: Hinnat kaudella 2025-2026 Try-Out: Tuoteseloste ja maksut Suomisport rekisteriseloste Kilpailulisenssit ja vakuutukset [&hellip;]","og_url":"https:\/\/www.finbandy.fi\/fi\/asiointi-lomakkeet\/lisenssi\/","og_site_name":"Suomen J\u00e4\u00e4palloliitto","article_modified_time":"2025-09-25T07:55:13+00:00","twitter_card":"summary_large_image","twitter_misc":{"Arvioitu lukuaika":"3 minuuttia"},"schema":{"@context":"https:\/\/schema.org","@graph":[{"@type":"WebPage","@id":"https:\/\/www.finbandy.fi\/fi\/asiointi-lomakkeet\/lisenssi\/","url":"https:\/\/www.finbandy.fi\/fi\/asiointi-lomakkeet\/lisenssi\/","name":"Lisenssit ja vakuutus - Suomen J\u00e4\u00e4palloliitto","isPartOf":{"@id":"https:\/\/www.finbandy.fi\/fi\/#website"},"datePublished":"2013-11-17T16:57:12+00:00","dateModified":"2025-09-25T07:55:13+00:00","breadcrumb":{"@id":"https:\/\/www.finbandy.fi\/fi\/asiointi-lomakkeet\/lisenssi\/#breadcrumb"},"inLanguage":"fi","potentialAction":[{"@type":"ReadAction","target":["https:\/\/www.finbandy.fi\/fi\/asiointi-lomakkeet\/lisenssi\/"]}]},{"@type":"BreadcrumbList","@id":"https:\/\/www.finbandy.fi\/fi\/asiointi-lomakkeet\/lisenssi\/#breadcrumb","itemListElement":[{"@type":"ListItem","position":1,"name":"Etusivu","item":"https:\/\/www.finbandy.fi\/fi\/"},{"@type":"ListItem","position":2,"name":"Asiointi &#038; Lomakkeet","item":"https:\/\/www.finbandy.fi\/fi\/asiointi-lomakkeet\/"},{"@type":"ListItem","position":3,"name":"Lisenssit ja vakuutus"}]},{"@type":"WebSite","@id":"https:\/\/www.finbandy.fi\/fi\/#website","url":"https:\/\/www.finbandy.fi\/fi\/","name":"Suomen J\u00e4\u00e4palloliitto","description":"","potentialAction":[{"@type":"SearchAction","target":{"@type":"EntryPoint","urlTemplate":"https:\/\/www.finbandy.fi\/fi\/?s={search_term_string}"},"query-input":"required name=search_term_string"}],"inLanguage":"fi"}]}},"_links":{"self":[{"href":"https:\/\/www.finbandy.fi\/fi\/wp-json\/wp\/v2\/pages\/1189"}],"collection":[{"href":"https:\/\/www.finbandy.fi\/fi\/wp-json\/wp\/v2\/pages"}],"about":[{"href":"https:\/\/www.finbandy.fi\/fi\/wp-json\/wp\/v2\/types\/page"}],"author":[{"embeddable":true,"href":"https:\/\/www.finbandy.fi\/fi\/wp-json\/wp\/v2\/users\/1"}],"replies":[{"embeddable":true,"href":"https:\/\/www.finbandy.fi\/fi\/wp-json\/wp\/v2\/comments?post=1189"}],"version-history":[{"count":125,"href":"https:\/\/www.finbandy.fi\/fi\/wp-json\/wp\/v2\/pages\/1189\/revisions"}],"predecessor-version":[{"id":23844,"href":"https:\/\/www.finbandy.fi\/fi\/wp-json\/wp\/v2\/pages\/1189\/revisions\/23844"}],"up":[{"embeddable":true,"href":"https:\/\/www.finbandy.fi\/fi\/wp-json\/wp\/v2\/pages\/1078"}],"wp:attachment":[{"href":"https:\/\/www.finbandy.fi\/fi\/wp-json\/wp\/v2\/media?parent=1189"}],"curies":[{"name":"wp","href":"https:\/\/api.w.org\/{rel}","templated":true}]}}