{"id":1192,"date":"2013-11-17T18:59:00","date_gmt":"2013-11-17T16:59:00","guid":{"rendered":"https:\/\/www.finbandy.fi\/fi\/?page_id=1192"},"modified":"2020-12-22T13:42:20","modified_gmt":"2020-12-22T11:42:20","slug":"yhdenvertaisuus","status":"publish","type":"page","link":"https:\/\/www.finbandy.fi\/fi\/asiointi-lomakkeet\/yhdenvertaisuus\/","title":{"rendered":"Yhdenvertaisuus ja tasa-arvo"},"content":{"rendered":"<div id=\"wp_fb_like_button\" style=\"margin:5px 0;float:none;height:50px;\"><script src=\"http:\/\/connect.facebook.net\/en_US\/all.js#xfbml=1\"><\/script><fb:like href=\"https:\/\/www.finbandy.fi\/fi\/asiointi-lomakkeet\/yhdenvertaisuus\/\" send=\"true\" layout=\"button_count\" width=\"400\" show_faces=\"false\" font=\"arial\" action=\"like\" colorscheme=\"light\"><\/fb:like><\/div>\n<p>Suomen J\u00e4\u00e4palloliiton Yhdenvertaisuus- ja tasa-arvosuunnitelma vuosille 2020-2022 on ladattavissa <a href=\"https:\/\/www.finbandy.fi\/fi\/wp-content\/uploads\/2020\/11\/SJPL-Yhdenvertaisuus-ja-tasa-arvosuunnitelma-2020-2022.pdf\">t\u00e4\u00e4lt\u00e4<\/a><\/p>\n\n\n\n<p>Suomen J\u00e4\u00e4palloliiton Toimintaohje h\u00e4irint\u00e4tapausten ennaltaehk\u00e4isemiseksi ja k\u00e4sittelyn on ladattavissa <a href=\"https:\/\/www.finbandy.fi\/fi\/wp-content\/uploads\/2020\/11\/SJPL-Toimintaohje-h\u00e4irint\u00e4tapauksen-ennaltaehk\u00e4isemiseksi-ja-k\u00e4sittelyyn.pdf\">t\u00e4\u00e4lt\u00e4<\/a><\/p>\n\n\n\n<p>Suomen Olympiakomitean opas Lupa v\u00e4litt\u00e4\u00e4, lupa puuttua &#8211; seksuaalinen ja sukupuoleen perustuva h\u00e4irint\u00e4 urheilussa, on ladattavissa <a href=\"https:\/\/www.finbandy.fi\/fi\/wp-content\/uploads\/2020\/11\/OK-lupa-valittaa-lupa-puuttua.pdf\">t\u00e4\u00e4lt\u00e4<\/a><\/p>\n\n\n\n<p><\/p>\n\n\n\n<h3 class=\"wp-block-heading\">Et ole yksin -sivusto<\/h3>\n\n\n\n<p><\/p>\n\n\n\n<figure class=\"wp-block-image\"><img fetchpriority=\"high\" decoding=\"async\" width=\"800\" height=\"320\" src=\"https:\/\/www.finbandy.fi\/fi\/wp-content\/uploads\/2020\/12\/KLUE_EOY_banneri1000x400_2.jpg\" alt=\"\" class=\"wp-image-18020\" srcset=\"https:\/\/www.finbandy.fi\/fi\/wp-content\/uploads\/2020\/12\/KLUE_EOY_banneri1000x400_2.jpg 800w, https:\/\/www.finbandy.fi\/fi\/wp-content\/uploads\/2020\/12\/KLUE_EOY_banneri1000x400_2-300x120.jpg 300w, https:\/\/www.finbandy.fi\/fi\/wp-content\/uploads\/2020\/12\/KLUE_EOY_banneri1000x400_2-600x240.jpg 600w, https:\/\/www.finbandy.fi\/fi\/wp-content\/uploads\/2020\/12\/KLUE_EOY_banneri1000x400_2-768x307.jpg 768w\" sizes=\"(max-width: 800px) 100vw, 800px\" \/><figcaption>www.etoleyksin.fi<\/figcaption><\/figure>\n\n\n\n<p><a href=\"https:\/\/www.etoleyksin.fi\/\">Et ole yksin<\/a> on V\u00e4est\u00f6liiton ja suomalaisen urheilun yhteishanke, jonka p\u00e4\u00e4m\u00e4\u00e4r\u00e4n\u00e4 on ennaltaehk\u00e4ist\u00e4 ja v\u00e4hent\u00e4\u00e4 kiusaamista, seksuaalisen h\u00e4irinn\u00e4n ja kaikenlaisen v\u00e4kivallan kokemuksia urheilussa.<\/p>\n\n\n\n<p>Tutustu Et ole yksin -sivuston materiaaleihin <a href=\"https:\/\/www.etoleyksin.fi\/materiaalipankki\/\">t\u00e4\u00e4ll\u00e4. <\/a><\/p>\n","protected":false},"excerpt":{"rendered":"<p>Suomen J\u00e4\u00e4palloliiton Yhdenvertaisuus- ja tasa-arvosuunnitelma vuosille 2020-2022 on ladattavissa t\u00e4\u00e4lt\u00e4 Suomen J\u00e4\u00e4palloliiton Toimintaohje h\u00e4irint\u00e4tapausten ennaltaehk\u00e4isemiseksi ja k\u00e4sittelyn on ladattavissa t\u00e4\u00e4lt\u00e4 Suomen Olympiakomitean opas Lupa v\u00e4litt\u00e4\u00e4, lupa puuttua &#8211; seksuaalinen ja sukupuoleen perustuva h\u00e4irint\u00e4 urheilussa, on ladattavissa t\u00e4\u00e4lt\u00e4 Et ole yksin -sivusto Et ole yksin on V\u00e4est\u00f6liiton ja suomalaisen urheilun yhteishanke, jonka p\u00e4\u00e4m\u00e4\u00e4r\u00e4n\u00e4 on ennaltaehk\u00e4ist\u00e4 ja [&hellip;]<\/p>\n","protected":false},"author":1,"featured_media":0,"parent":1078,"menu_order":7,"comment_status":"open","ping_status":"open","template":"yksittainen.php","meta":{"_monsterinsights_skip_tracking":false,"_monsterinsights_sitenote_active":false,"_monsterinsights_sitenote_note":"","_monsterinsights_sitenote_category":0,"site-sidebar-layout":"default","site-content-layout":"","ast-site-content-layout":"","site-content-style":"default","site-sidebar-style":"default","ast-global-header-display":"","ast-banner-title-visibility":"","ast-main-header-display":"","ast-hfb-above-header-display":"","ast-hfb-below-header-display":"","ast-hfb-mobile-header-display":"","site-post-title":"","ast-breadcrumbs-content":"","ast-featured-img":"","footer-sml-layout":"","theme-transparent-header-meta":"","adv-header-id-meta":"","stick-header-meta":"","header-above-stick-meta":"","header-main-stick-meta":"","header-below-stick-meta":"","astra-migrate-meta-layouts":"default","ast-page-background-enabled":"default","ast-page-background-meta":{"desktop":{"background-color":"var(--ast-global-color-4)","background-image":"","background-repeat":"repeat","background-position":"center center","background-size":"auto","background-attachment":"scroll","background-type":"","background-media":"","overlay-type":"","overlay-color":"","overlay-opacity":"","overlay-gradient":""},"tablet":{"background-color":"","background-image":"","background-repeat":"repeat","background-position":"center center","background-size":"auto","background-attachment":"scroll","background-type":"","background-media":"","overlay-type":"","overlay-color":"","overlay-opacity":"","overlay-gradient":""},"mobile":{"background-color":"","background-image":"","background-repeat":"repeat","background-position":"center center","background-size":"auto","background-attachment":"scroll","background-type":"","background-media":"","overlay-type":"","overlay-color":"","overlay-opacity":"","overlay-gradient":""}},"ast-content-background-meta":{"desktop":{"background-color":"var(--ast-global-color-5)","background-image":"","background-repeat":"repeat","background-position":"center center","background-size":"auto","background-attachment":"scroll","background-type":"","background-media":"","overlay-type":"","overlay-color":"","overlay-opacity":"","overlay-gradient":""},"tablet":{"background-color":"var(--ast-global-color-5)","background-image":"","background-repeat":"repeat","background-position":"center center","background-size":"auto","background-attachment":"scroll","background-type":"","background-media":"","overlay-type":"","overlay-color":"","overlay-opacity":"","overlay-gradient":""},"mobile":{"background-color":"var(--ast-global-color-5)","background-image":"","background-repeat":"repeat","background-position":"center center","background-size":"auto","background-attachment":"scroll","background-type":"","background-media":"","overlay-type":"","overlay-color":"","overlay-opacity":"","overlay-gradient":""}},"footnotes":"","_expiration-date-status":"saved","_expiration-date":0,"_expiration-date-type":"","_expiration-date-categories":[],"_expiration-date-options":[]},"class_list":["post-1192","page","type-page","status-publish","hentry"],"yoast_head":"<!-- This site is optimized with the Yoast SEO plugin v19.7.1 - https:\/\/yoast.com\/wordpress\/plugins\/seo\/ -->\n<title>Yhdenvertaisuus ja tasa-arvo - Suomen J\u00e4\u00e4palloliitto<\/title>\n<meta name=\"robots\" content=\"index, follow, max-snippet:-1, max-image-preview:large, max-video-preview:-1\" \/>\n<link rel=\"canonical\" href=\"https:\/\/www.finbandy.fi\/fi\/asiointi-lomakkeet\/yhdenvertaisuus\/\" \/>\n<meta property=\"og:locale\" content=\"fi_FI\" \/>\n<meta property=\"og:type\" content=\"article\" \/>\n<meta property=\"og:title\" content=\"Yhdenvertaisuus ja tasa-arvo - Suomen J\u00e4\u00e4palloliitto\" \/>\n<meta property=\"og:description\" content=\"Suomen J\u00e4\u00e4palloliiton Yhdenvertaisuus- ja tasa-arvosuunnitelma vuosille 2020-2022 on ladattavissa t\u00e4\u00e4lt\u00e4 Suomen J\u00e4\u00e4palloliiton Toimintaohje h\u00e4irint\u00e4tapausten ennaltaehk\u00e4isemiseksi ja k\u00e4sittelyn on ladattavissa t\u00e4\u00e4lt\u00e4 Suomen Olympiakomitean opas Lupa v\u00e4litt\u00e4\u00e4, lupa puuttua &#8211; seksuaalinen ja sukupuoleen perustuva h\u00e4irint\u00e4 urheilussa, on ladattavissa t\u00e4\u00e4lt\u00e4 Et ole yksin -sivusto Et ole yksin on V\u00e4est\u00f6liiton ja suomalaisen urheilun yhteishanke, jonka p\u00e4\u00e4m\u00e4\u00e4r\u00e4n\u00e4 on ennaltaehk\u00e4ist\u00e4 ja [&hellip;]\" \/>\n<meta property=\"og:url\" content=\"https:\/\/www.finbandy.fi\/fi\/asiointi-lomakkeet\/yhdenvertaisuus\/\" \/>\n<meta property=\"og:site_name\" content=\"Suomen J\u00e4\u00e4palloliitto\" \/>\n<meta property=\"article:modified_time\" content=\"2020-12-22T11:42:20+00:00\" \/>\n<meta property=\"og:image\" content=\"http:\/\/www.finbandy.fi\/fi\/wp-content\/uploads\/2020\/12\/KLUE_EOY_banneri1000x400_2.jpg\" \/>\n<meta name=\"twitter:card\" content=\"summary_large_image\" \/>\n<script type=\"application\/ld+json\" class=\"yoast-schema-graph\">{\"@context\":\"https:\/\/schema.org\",\"@graph\":[{\"@type\":\"WebPage\",\"@id\":\"https:\/\/www.finbandy.fi\/fi\/asiointi-lomakkeet\/yhdenvertaisuus\/\",\"url\":\"https:\/\/www.finbandy.fi\/fi\/asiointi-lomakkeet\/yhdenvertaisuus\/\",\"name\":\"Yhdenvertaisuus ja tasa-arvo - Suomen J\u00e4\u00e4palloliitto\",\"isPartOf\":{\"@id\":\"https:\/\/www.finbandy.fi\/fi\/#website\"},\"datePublished\":\"2013-11-17T16:59:00+00:00\",\"dateModified\":\"2020-12-22T11:42:20+00:00\",\"breadcrumb\":{\"@id\":\"https:\/\/www.finbandy.fi\/fi\/asiointi-lomakkeet\/yhdenvertaisuus\/#breadcrumb\"},\"inLanguage\":\"fi\",\"potentialAction\":[{\"@type\":\"ReadAction\",\"target\":[\"https:\/\/www.finbandy.fi\/fi\/asiointi-lomakkeet\/yhdenvertaisuus\/\"]}]},{\"@type\":\"BreadcrumbList\",\"@id\":\"https:\/\/www.finbandy.fi\/fi\/asiointi-lomakkeet\/yhdenvertaisuus\/#breadcrumb\",\"itemListElement\":[{\"@type\":\"ListItem\",\"position\":1,\"name\":\"Etusivu\",\"item\":\"https:\/\/www.finbandy.fi\/fi\/\"},{\"@type\":\"ListItem\",\"position\":2,\"name\":\"Asiointi &#038; Lomakkeet\",\"item\":\"https:\/\/www.finbandy.fi\/fi\/asiointi-lomakkeet\/\"},{\"@type\":\"ListItem\",\"position\":3,\"name\":\"Yhdenvertaisuus ja tasa-arvo\"}]},{\"@type\":\"WebSite\",\"@id\":\"https:\/\/www.finbandy.fi\/fi\/#website\",\"url\":\"https:\/\/www.finbandy.fi\/fi\/\",\"name\":\"Suomen J\u00e4\u00e4palloliitto\",\"description\":\"\",\"potentialAction\":[{\"@type\":\"SearchAction\",\"target\":{\"@type\":\"EntryPoint\",\"urlTemplate\":\"https:\/\/www.finbandy.fi\/fi\/?s={search_term_string}\"},\"query-input\":\"required name=search_term_string\"}],\"inLanguage\":\"fi\"}]}<\/script>\n<!-- \/ Yoast SEO plugin. -->","yoast_head_json":{"title":"Yhdenvertaisuus ja tasa-arvo - Suomen J\u00e4\u00e4palloliitto","robots":{"index":"index","follow":"follow","max-snippet":"max-snippet:-1","max-image-preview":"max-image-preview:large","max-video-preview":"max-video-preview:-1"},"canonical":"https:\/\/www.finbandy.fi\/fi\/asiointi-lomakkeet\/yhdenvertaisuus\/","og_locale":"fi_FI","og_type":"article","og_title":"Yhdenvertaisuus ja tasa-arvo - Suomen J\u00e4\u00e4palloliitto","og_description":"Suomen J\u00e4\u00e4palloliiton Yhdenvertaisuus- ja tasa-arvosuunnitelma vuosille 2020-2022 on ladattavissa t\u00e4\u00e4lt\u00e4 Suomen J\u00e4\u00e4palloliiton Toimintaohje h\u00e4irint\u00e4tapausten ennaltaehk\u00e4isemiseksi ja k\u00e4sittelyn on ladattavissa t\u00e4\u00e4lt\u00e4 Suomen Olympiakomitean opas Lupa v\u00e4litt\u00e4\u00e4, lupa puuttua &#8211; seksuaalinen ja sukupuoleen perustuva h\u00e4irint\u00e4 urheilussa, on ladattavissa t\u00e4\u00e4lt\u00e4 Et ole yksin -sivusto Et ole yksin on V\u00e4est\u00f6liiton ja suomalaisen urheilun yhteishanke, jonka p\u00e4\u00e4m\u00e4\u00e4r\u00e4n\u00e4 on ennaltaehk\u00e4ist\u00e4 ja [&hellip;]","og_url":"https:\/\/www.finbandy.fi\/fi\/asiointi-lomakkeet\/yhdenvertaisuus\/","og_site_name":"Suomen J\u00e4\u00e4palloliitto","article_modified_time":"2020-12-22T11:42:20+00:00","og_image":[{"url":"http:\/\/www.finbandy.fi\/fi\/wp-content\/uploads\/2020\/12\/KLUE_EOY_banneri1000x400_2.jpg"}],"twitter_card":"summary_large_image","schema":{"@context":"https:\/\/schema.org","@graph":[{"@type":"WebPage","@id":"https:\/\/www.finbandy.fi\/fi\/asiointi-lomakkeet\/yhdenvertaisuus\/","url":"https:\/\/www.finbandy.fi\/fi\/asiointi-lomakkeet\/yhdenvertaisuus\/","name":"Yhdenvertaisuus ja tasa-arvo - Suomen J\u00e4\u00e4palloliitto","isPartOf":{"@id":"https:\/\/www.finbandy.fi\/fi\/#website"},"datePublished":"2013-11-17T16:59:00+00:00","dateModified":"2020-12-22T11:42:20+00:00","breadcrumb":{"@id":"https:\/\/www.finbandy.fi\/fi\/asiointi-lomakkeet\/yhdenvertaisuus\/#breadcrumb"},"inLanguage":"fi","potentialAction":[{"@type":"ReadAction","target":["https:\/\/www.finbandy.fi\/fi\/asiointi-lomakkeet\/yhdenvertaisuus\/"]}]},{"@type":"BreadcrumbList","@id":"https:\/\/www.finbandy.fi\/fi\/asiointi-lomakkeet\/yhdenvertaisuus\/#breadcrumb","itemListElement":[{"@type":"ListItem","position":1,"name":"Etusivu","item":"https:\/\/www.finbandy.fi\/fi\/"},{"@type":"ListItem","position":2,"name":"Asiointi &#038; Lomakkeet","item":"https:\/\/www.finbandy.fi\/fi\/asiointi-lomakkeet\/"},{"@type":"ListItem","position":3,"name":"Yhdenvertaisuus ja tasa-arvo"}]},{"@type":"WebSite","@id":"https:\/\/www.finbandy.fi\/fi\/#website","url":"https:\/\/www.finbandy.fi\/fi\/","name":"Suomen J\u00e4\u00e4palloliitto","description":"","potentialAction":[{"@type":"SearchAction","target":{"@type":"EntryPoint","urlTemplate":"https:\/\/www.finbandy.fi\/fi\/?s={search_term_string}"},"query-input":"required name=search_term_string"}],"inLanguage":"fi"}]}},"_links":{"self":[{"href":"https:\/\/www.finbandy.fi\/fi\/wp-json\/wp\/v2\/pages\/1192"}],"collection":[{"href":"https:\/\/www.finbandy.fi\/fi\/wp-json\/wp\/v2\/pages"}],"about":[{"href":"https:\/\/www.finbandy.fi\/fi\/wp-json\/wp\/v2\/types\/page"}],"author":[{"embeddable":true,"href":"https:\/\/www.finbandy.fi\/fi\/wp-json\/wp\/v2\/users\/1"}],"replies":[{"embeddable":true,"href":"https:\/\/www.finbandy.fi\/fi\/wp-json\/wp\/v2\/comments?post=1192"}],"version-history":[{"count":11,"href":"https:\/\/www.finbandy.fi\/fi\/wp-json\/wp\/v2\/pages\/1192\/revisions"}],"predecessor-version":[{"id":18022,"href":"https:\/\/www.finbandy.fi\/fi\/wp-json\/wp\/v2\/pages\/1192\/revisions\/18022"}],"up":[{"embeddable":true,"href":"https:\/\/www.finbandy.fi\/fi\/wp-json\/wp\/v2\/pages\/1078"}],"wp:attachment":[{"href":"https:\/\/www.finbandy.fi\/fi\/wp-json\/wp\/v2\/media?parent=1192"}],"curies":[{"name":"wp","href":"https:\/\/api.w.org\/{rel}","templated":true}]}}