{"id":1198,"date":"2013-11-17T19:03:07","date_gmt":"2013-11-17T17:03:07","guid":{"rendered":"https:\/\/www.finbandy.fi\/fi\/?page_id=1198"},"modified":"2023-10-13T11:31:48","modified_gmt":"2023-10-13T08:31:48","slug":"antidoping-ohjelma","status":"publish","type":"page","link":"https:\/\/www.finbandy.fi\/fi\/asiointi-lomakkeet\/doping-info\/antidoping-ohjelma\/","title":{"rendered":"Antidopingohjelma"},"content":{"rendered":"<div id=\"wp_fb_like_button\" style=\"margin:5px 0;float:none;height:50px;\"><script src=\"http:\/\/connect.facebook.net\/en_US\/all.js#xfbml=1\"><\/script><fb:like href=\"https:\/\/www.finbandy.fi\/fi\/asiointi-lomakkeet\/doping-info\/antidoping-ohjelma\/\" send=\"true\" layout=\"button_count\" width=\"400\" show_faces=\"false\" font=\"arial\" action=\"like\" colorscheme=\"light\"><\/fb:like><\/div><h3><\/h3>\n<h3><span style=\"font-size: 12pt;\"><a href=\"https:\/\/www.finbandy.fi\/fi\/wp-content\/uploads\/2023\/06\/SJPL-Antidopingohjelma-2023.pdf\">Suomen J\u00e4\u00e4palloliiton Antidopingohjelma<\/a> hyv\u00e4ksytty hallituksessa 26.2.2023.<\/span><\/h3>\n<p>Jokaisella on oikeus ilmoittaa, jos ep\u00e4ilee doping-, kilpailumanipulaatio- tai katsomoturvallisuusrikkomusta tai muuta eettist\u00e4 rikkomusta urheilussa. Linkki SUEK:in (Suomen urheilun eettinen keskus SUEK ry) ILMO-palveluun l\u00f6ytyy <a href=\"https:\/\/ilmo.suek.fi\/\">t\u00e4\u00e4lt\u00e4<\/a>.<\/p>\n<p>KAMU -l\u00e4\u00e4kehaussa voi tarkistaa vain Suomesta saatavia resepti- ja itsehoitol\u00e4\u00e4kevalmisteita. Suomen urheilun eettinen keskus SUEK ry:n KAMU -l\u00e4\u00e4kehaku pohjautuu Maailman antidopingtoimisto WADAn kiellettyjen aineiden ja menetelmien luetteloon 2023, jonka mukaan l\u00e4\u00e4keaineet on luokiteltu kielletyiksi, ehdoin kielletyiksi ja sallituiksi. Linkki KAMU-l\u00e4\u00e4kehakuun l\u00f6ytyy <a href=\"https:\/\/kamu.suek.fi\/fi\/\">t\u00e4\u00e4lt\u00e4<\/a>.<\/p>\n<p>Puhtaasti paras on verkkokoulutus, jonka avulla niin urheilijat, urheilijan tukihenkil\u00f6t kuin kaikki muutkin urheilutoimijat voivat oppia ja varmistaa tietonsa antidopingasioista. Koulutuksen sis\u00e4lt\u00f6 perustuu Maailman antidopings\u00e4\u00e4nn\u00f6st\u00f6\u00f6n, joka tuli voimaan 1.1.2021.\u00a0 Linkki Puhtaasti paras verkkokoulutukseen l\u00f6ytyy <a href=\"https:\/\/suek.fi\/koulutus\/koulutusmateriaalit\/puhtaasti-paras-verkkokoulutus\/\">t\u00e4\u00e4lt\u00e4<\/a>.<\/p>\n<p>Asioissa koskien erivapauksia suosittelemme olemaan yhteydess\u00e4 liiton toiminnanjohtajaan. Asiasta voi lukea tarkemmin osoitteessa; <a href=\"https:\/\/eur01.safelinks.protection.outlook.com\/?url=https%3A%2F%2Fsuek.fi%2Fantidopingtoiminta%2Ferivapaus-urheilijan-laakityksessa%2F&amp;data=05%7C01%7C%7C7d15d4beb20d4a3a59eb08dbcbb2f399%7C53add30f915348d7ab6b152b39da8111%7C0%7C0%7C638327741675343976%7CUnknown%7CTWFpbGZsb3d8eyJWIjoiMC4wLjAwMDAiLCJQIjoiV2luMzIiLCJBTiI6Ik1haWwiLCJXVCI6Mn0%3D%7C3000%7C%7C%7C&amp;sdata=hZstE2KL%2BERX0OMtR%2FSW5g%2B3ESgtefnAxiYY4ntzhQ4%3D&amp;reserved=0\">https:\/\/suek.fi\/antidopingtoiminta\/erivapaus-urheilijan-laakityksessa\/<\/a><\/p>\n","protected":false},"excerpt":{"rendered":"<p>Suomen J\u00e4\u00e4palloliiton Antidopingohjelma hyv\u00e4ksytty hallituksessa 26.2.2023. Jokaisella on oikeus ilmoittaa, jos ep\u00e4ilee doping-, kilpailumanipulaatio- tai katsomoturvallisuusrikkomusta tai muuta eettist\u00e4 rikkomusta urheilussa. Linkki SUEK:in (Suomen urheilun eettinen keskus SUEK ry) ILMO-palveluun l\u00f6ytyy t\u00e4\u00e4lt\u00e4. KAMU -l\u00e4\u00e4kehaussa voi tarkistaa vain Suomesta saatavia resepti- ja itsehoitol\u00e4\u00e4kevalmisteita. Suomen urheilun eettinen keskus SUEK ry:n KAMU -l\u00e4\u00e4kehaku pohjautuu Maailman antidopingtoimisto WADAn kiellettyjen [&hellip;]<\/p>\n","protected":false},"author":1,"featured_media":0,"parent":1195,"menu_order":1,"comment_status":"open","ping_status":"open","template":"","meta":{"_monsterinsights_skip_tracking":false,"_monsterinsights_sitenote_active":false,"_monsterinsights_sitenote_note":"","_monsterinsights_sitenote_category":0,"site-sidebar-layout":"default","site-content-layout":"default","ast-site-content-layout":"","site-content-style":"default","site-sidebar-style":"default","ast-global-header-display":"","ast-banner-title-visibility":"","ast-main-header-display":"","ast-hfb-above-header-display":"","ast-hfb-below-header-display":"","ast-hfb-mobile-header-display":"","site-post-title":"","ast-breadcrumbs-content":"","ast-featured-img":"","footer-sml-layout":"","theme-transparent-header-meta":"default","adv-header-id-meta":"","stick-header-meta":"","header-above-stick-meta":"","header-main-stick-meta":"","header-below-stick-meta":"","astra-migrate-meta-layouts":"default","ast-page-background-enabled":"default","ast-page-background-meta":{"desktop":{"background-color":"var(--ast-global-color-4)","background-image":"","background-repeat":"repeat","background-position":"center center","background-size":"auto","background-attachment":"scroll","background-type":"","background-media":"","overlay-type":"","overlay-color":"","overlay-opacity":"","overlay-gradient":""},"tablet":{"background-color":"","background-image":"","background-repeat":"repeat","background-position":"center center","background-size":"auto","background-attachment":"scroll","background-type":"","background-media":"","overlay-type":"","overlay-color":"","overlay-opacity":"","overlay-gradient":""},"mobile":{"background-color":"","background-image":"","background-repeat":"repeat","background-position":"center center","background-size":"auto","background-attachment":"scroll","background-type":"","background-media":"","overlay-type":"","overlay-color":"","overlay-opacity":"","overlay-gradient":""}},"ast-content-background-meta":{"desktop":{"background-color":"var(--ast-global-color-5)","background-image":"","background-repeat":"repeat","background-position":"center center","background-size":"auto","background-attachment":"scroll","background-type":"","background-media":"","overlay-type":"","overlay-color":"","overlay-opacity":"","overlay-gradient":""},"tablet":{"background-color":"var(--ast-global-color-5)","background-image":"","background-repeat":"repeat","background-position":"center center","background-size":"auto","background-attachment":"scroll","background-type":"","background-media":"","overlay-type":"","overlay-color":"","overlay-opacity":"","overlay-gradient":""},"mobile":{"background-color":"var(--ast-global-color-5)","background-image":"","background-repeat":"repeat","background-position":"center center","background-size":"auto","background-attachment":"scroll","background-type":"","background-media":"","overlay-type":"","overlay-color":"","overlay-opacity":"","overlay-gradient":""}},"footnotes":"","_expiration-date-status":"","_expiration-date":0,"_expiration-date-type":"","_expiration-date-categories":[],"_expiration-date-options":[]},"class_list":["post-1198","page","type-page","status-publish","hentry"],"yoast_head":"<!-- This site is optimized with the Yoast SEO plugin v19.7.1 - https:\/\/yoast.com\/wordpress\/plugins\/seo\/ -->\n<title>Antidopingohjelma - Suomen J\u00e4\u00e4palloliitto<\/title>\n<meta name=\"robots\" content=\"index, follow, max-snippet:-1, max-image-preview:large, max-video-preview:-1\" \/>\n<link rel=\"canonical\" href=\"https:\/\/www.finbandy.fi\/fi\/asiointi-lomakkeet\/doping-info\/antidoping-ohjelma\/\" \/>\n<meta property=\"og:locale\" content=\"fi_FI\" \/>\n<meta property=\"og:type\" content=\"article\" \/>\n<meta property=\"og:title\" content=\"Antidopingohjelma - Suomen J\u00e4\u00e4palloliitto\" \/>\n<meta property=\"og:description\" content=\"Suomen J\u00e4\u00e4palloliiton Antidopingohjelma hyv\u00e4ksytty hallituksessa 26.2.2023. Jokaisella on oikeus ilmoittaa, jos ep\u00e4ilee doping-, kilpailumanipulaatio- tai katsomoturvallisuusrikkomusta tai muuta eettist\u00e4 rikkomusta urheilussa. Linkki SUEK:in (Suomen urheilun eettinen keskus SUEK ry) ILMO-palveluun l\u00f6ytyy t\u00e4\u00e4lt\u00e4. KAMU -l\u00e4\u00e4kehaussa voi tarkistaa vain Suomesta saatavia resepti- ja itsehoitol\u00e4\u00e4kevalmisteita. Suomen urheilun eettinen keskus SUEK ry:n KAMU -l\u00e4\u00e4kehaku pohjautuu Maailman antidopingtoimisto WADAn kiellettyjen [&hellip;]\" \/>\n<meta property=\"og:url\" content=\"https:\/\/www.finbandy.fi\/fi\/asiointi-lomakkeet\/doping-info\/antidoping-ohjelma\/\" \/>\n<meta property=\"og:site_name\" content=\"Suomen J\u00e4\u00e4palloliitto\" \/>\n<meta property=\"article:modified_time\" content=\"2023-10-13T08:31:48+00:00\" \/>\n<meta name=\"twitter:card\" content=\"summary_large_image\" \/>\n<meta name=\"twitter:label1\" content=\"Arvioitu lukuaika\" \/>\n\t<meta name=\"twitter:data1\" content=\"1 minuutti\" \/>\n<script type=\"application\/ld+json\" class=\"yoast-schema-graph\">{\"@context\":\"https:\/\/schema.org\",\"@graph\":[{\"@type\":\"WebPage\",\"@id\":\"https:\/\/www.finbandy.fi\/fi\/asiointi-lomakkeet\/doping-info\/antidoping-ohjelma\/\",\"url\":\"https:\/\/www.finbandy.fi\/fi\/asiointi-lomakkeet\/doping-info\/antidoping-ohjelma\/\",\"name\":\"Antidopingohjelma - Suomen J\u00e4\u00e4palloliitto\",\"isPartOf\":{\"@id\":\"https:\/\/www.finbandy.fi\/fi\/#website\"},\"datePublished\":\"2013-11-17T17:03:07+00:00\",\"dateModified\":\"2023-10-13T08:31:48+00:00\",\"breadcrumb\":{\"@id\":\"https:\/\/www.finbandy.fi\/fi\/asiointi-lomakkeet\/doping-info\/antidoping-ohjelma\/#breadcrumb\"},\"inLanguage\":\"fi\",\"potentialAction\":[{\"@type\":\"ReadAction\",\"target\":[\"https:\/\/www.finbandy.fi\/fi\/asiointi-lomakkeet\/doping-info\/antidoping-ohjelma\/\"]}]},{\"@type\":\"BreadcrumbList\",\"@id\":\"https:\/\/www.finbandy.fi\/fi\/asiointi-lomakkeet\/doping-info\/antidoping-ohjelma\/#breadcrumb\",\"itemListElement\":[{\"@type\":\"ListItem\",\"position\":1,\"name\":\"Etusivu\",\"item\":\"https:\/\/www.finbandy.fi\/fi\/\"},{\"@type\":\"ListItem\",\"position\":2,\"name\":\"Asiointi &#038; Lomakkeet\",\"item\":\"https:\/\/www.finbandy.fi\/fi\/asiointi-lomakkeet\/\"},{\"@type\":\"ListItem\",\"position\":3,\"name\":\"Doping-info\",\"item\":\"https:\/\/www.finbandy.fi\/fi\/asiointi-lomakkeet\/doping-info\/\"},{\"@type\":\"ListItem\",\"position\":4,\"name\":\"Antidopingohjelma\"}]},{\"@type\":\"WebSite\",\"@id\":\"https:\/\/www.finbandy.fi\/fi\/#website\",\"url\":\"https:\/\/www.finbandy.fi\/fi\/\",\"name\":\"Suomen J\u00e4\u00e4palloliitto\",\"description\":\"\",\"potentialAction\":[{\"@type\":\"SearchAction\",\"target\":{\"@type\":\"EntryPoint\",\"urlTemplate\":\"https:\/\/www.finbandy.fi\/fi\/?s={search_term_string}\"},\"query-input\":\"required name=search_term_string\"}],\"inLanguage\":\"fi\"}]}<\/script>\n<!-- \/ Yoast SEO plugin. -->","yoast_head_json":{"title":"Antidopingohjelma - Suomen J\u00e4\u00e4palloliitto","robots":{"index":"index","follow":"follow","max-snippet":"max-snippet:-1","max-image-preview":"max-image-preview:large","max-video-preview":"max-video-preview:-1"},"canonical":"https:\/\/www.finbandy.fi\/fi\/asiointi-lomakkeet\/doping-info\/antidoping-ohjelma\/","og_locale":"fi_FI","og_type":"article","og_title":"Antidopingohjelma - Suomen J\u00e4\u00e4palloliitto","og_description":"Suomen J\u00e4\u00e4palloliiton Antidopingohjelma hyv\u00e4ksytty hallituksessa 26.2.2023. Jokaisella on oikeus ilmoittaa, jos ep\u00e4ilee doping-, kilpailumanipulaatio- tai katsomoturvallisuusrikkomusta tai muuta eettist\u00e4 rikkomusta urheilussa. Linkki SUEK:in (Suomen urheilun eettinen keskus SUEK ry) ILMO-palveluun l\u00f6ytyy t\u00e4\u00e4lt\u00e4. KAMU -l\u00e4\u00e4kehaussa voi tarkistaa vain Suomesta saatavia resepti- ja itsehoitol\u00e4\u00e4kevalmisteita. Suomen urheilun eettinen keskus SUEK ry:n KAMU -l\u00e4\u00e4kehaku pohjautuu Maailman antidopingtoimisto WADAn kiellettyjen [&hellip;]","og_url":"https:\/\/www.finbandy.fi\/fi\/asiointi-lomakkeet\/doping-info\/antidoping-ohjelma\/","og_site_name":"Suomen J\u00e4\u00e4palloliitto","article_modified_time":"2023-10-13T08:31:48+00:00","twitter_card":"summary_large_image","twitter_misc":{"Arvioitu lukuaika":"1 minuutti"},"schema":{"@context":"https:\/\/schema.org","@graph":[{"@type":"WebPage","@id":"https:\/\/www.finbandy.fi\/fi\/asiointi-lomakkeet\/doping-info\/antidoping-ohjelma\/","url":"https:\/\/www.finbandy.fi\/fi\/asiointi-lomakkeet\/doping-info\/antidoping-ohjelma\/","name":"Antidopingohjelma - Suomen J\u00e4\u00e4palloliitto","isPartOf":{"@id":"https:\/\/www.finbandy.fi\/fi\/#website"},"datePublished":"2013-11-17T17:03:07+00:00","dateModified":"2023-10-13T08:31:48+00:00","breadcrumb":{"@id":"https:\/\/www.finbandy.fi\/fi\/asiointi-lomakkeet\/doping-info\/antidoping-ohjelma\/#breadcrumb"},"inLanguage":"fi","potentialAction":[{"@type":"ReadAction","target":["https:\/\/www.finbandy.fi\/fi\/asiointi-lomakkeet\/doping-info\/antidoping-ohjelma\/"]}]},{"@type":"BreadcrumbList","@id":"https:\/\/www.finbandy.fi\/fi\/asiointi-lomakkeet\/doping-info\/antidoping-ohjelma\/#breadcrumb","itemListElement":[{"@type":"ListItem","position":1,"name":"Etusivu","item":"https:\/\/www.finbandy.fi\/fi\/"},{"@type":"ListItem","position":2,"name":"Asiointi &#038; Lomakkeet","item":"https:\/\/www.finbandy.fi\/fi\/asiointi-lomakkeet\/"},{"@type":"ListItem","position":3,"name":"Doping-info","item":"https:\/\/www.finbandy.fi\/fi\/asiointi-lomakkeet\/doping-info\/"},{"@type":"ListItem","position":4,"name":"Antidopingohjelma"}]},{"@type":"WebSite","@id":"https:\/\/www.finbandy.fi\/fi\/#website","url":"https:\/\/www.finbandy.fi\/fi\/","name":"Suomen J\u00e4\u00e4palloliitto","description":"","potentialAction":[{"@type":"SearchAction","target":{"@type":"EntryPoint","urlTemplate":"https:\/\/www.finbandy.fi\/fi\/?s={search_term_string}"},"query-input":"required name=search_term_string"}],"inLanguage":"fi"}]}},"_links":{"self":[{"href":"https:\/\/www.finbandy.fi\/fi\/wp-json\/wp\/v2\/pages\/1198"}],"collection":[{"href":"https:\/\/www.finbandy.fi\/fi\/wp-json\/wp\/v2\/pages"}],"about":[{"href":"https:\/\/www.finbandy.fi\/fi\/wp-json\/wp\/v2\/types\/page"}],"author":[{"embeddable":true,"href":"https:\/\/www.finbandy.fi\/fi\/wp-json\/wp\/v2\/users\/1"}],"replies":[{"embeddable":true,"href":"https:\/\/www.finbandy.fi\/fi\/wp-json\/wp\/v2\/comments?post=1198"}],"version-history":[{"count":10,"href":"https:\/\/www.finbandy.fi\/fi\/wp-json\/wp\/v2\/pages\/1198\/revisions"}],"predecessor-version":[{"id":22031,"href":"https:\/\/www.finbandy.fi\/fi\/wp-json\/wp\/v2\/pages\/1198\/revisions\/22031"}],"up":[{"embeddable":true,"href":"https:\/\/www.finbandy.fi\/fi\/wp-json\/wp\/v2\/pages\/1195"}],"wp:attachment":[{"href":"https:\/\/www.finbandy.fi\/fi\/wp-json\/wp\/v2\/media?parent=1198"}],"curies":[{"name":"wp","href":"https:\/\/api.w.org\/{rel}","templated":true}]}}