{"id":1227,"date":"2013-11-18T00:22:57","date_gmt":"2013-11-17T22:22:57","guid":{"rendered":"https:\/\/www.finbandy.fi\/fi\/?page_id=1227"},"modified":"2018-08-21T10:22:59","modified_gmt":"2018-08-21T07:22:59","slug":"materiaalisalkku","status":"publish","type":"page","link":"https:\/\/www.finbandy.fi\/fi\/asiointi-lomakkeet\/koulutus\/materiaalisalkku\/","title":{"rendered":"Materiaalisalkku"},"content":{"rendered":"<div id=\"wp_fb_like_button\" style=\"margin:5px 0;float:none;height:50px;\"><script src=\"http:\/\/connect.facebook.net\/en_US\/all.js#xfbml=1\"><\/script><fb:like href=\"https:\/\/www.finbandy.fi\/fi\/asiointi-lomakkeet\/koulutus\/materiaalisalkku\/\" send=\"true\" layout=\"button_count\" width=\"400\" show_faces=\"false\" font=\"arial\" action=\"like\" colorscheme=\"light\"><\/fb:like><\/div><h3>Urheilijan ruokavalio<\/h3>\n<div>\n<p><a href=\"https:\/\/storage.googleapis.com\/valo-production\/2016\/12\/urheilijan-ravitsemusopas-hk.pdf\">Suomen Olympiakomitea, huippu-urheilijan ravitsemus<\/a><\/p>\n<p>&nbsp;<\/p>\n<h3>Antidoping<\/h3>\n<p><a href=\"http:\/\/www.antidoping.fi\/view.cfm?page=55E966A8-5540-48B0-8690-40269A8CF390\">Kielletyt ja sallitut aineet urheilussa<\/a><br \/>\n<a href=\"http:\/\/www.antidoping.fi\/view.cfm?page=72894690-EC3F-46CA-AA58-754E1521A452\">Ravintolis\u00e4t<\/a><br \/>\n<a href=\"http:\/\/www.antidoping.fi\/view.cfm?page=1FA63493-0674-4A36-A11C-F6D3FF707163\">Erivapaus urheilijan l\u00e4\u00e4kityksess\u00e4<\/a><br \/>\n<a href=\"http:\/\/www.antidoping.fi\/view.cfm?page=DDCAE475-62E8-45ED-A3A7-420D5CA260E3\">Urheilija ulkomailla<\/a><\/p>\n<p>&nbsp;<\/p>\n<h3>Suunnittelun taustamaterialia<\/h3>\n<p>Kauden 2016-17 alku l\u00e4hestyy ja on aika alkaa suunnitelemaan tulevan kauden harjoittelua. SJPL:n koulutusvaliokunta on koonnut valmentajakoulutusmateriaaleista paketin mist\u00e4 voi olla apua harjoittelun suunnittelun. Paketissa huomioidaan eri ik\u00e4isten harjoittelua.<\/p>\n<p>J\u00e4\u00e4pallon l<a href=\"http:\/\/www.finbandy.fi\/sjpl\/doc\/LAJIANALYYSI.pdf\">ajianalyysi<\/a>, t\u00e4ss\u00e4 on ker\u00e4tty\u00e4 tietoa mm. j\u00e4\u00e4pallosta tehdyist\u00e4 tutkimuksista. Osin tiedot ovat muuttuneet mm. pelaajan luistelema matka on noussut jo 28 kilometriin.<\/p>\n<p>Esa M\u00e4\u00e4t\u00e4n alustuksia KKK-tapahtumassa 2015: <a href=\"http:\/\/www.finbandy.fi\/sjpl\/doc\/EMHP.pdf\">Huippupelaajan polku<\/a> ja <a href=\"http:\/\/www.finbandy.fi\/sjpl\/doc\/EMMJ.pdf\">eri-ik\u00e4isten maajoukkueiden vaatimuksista sek\u00e4 mill\u00e4 keinoilla Suomi p\u00e4rj\u00e4\u00e4 kilpailussa.<\/a><\/p>\n<p>Harri Hakkarainen on luennoinut SJPL:n valmentajap\u00e4ivill\u00e4 ja h\u00e4nell\u00e4 mielenkiintoisia artikkeleja: <a href=\"http:\/\/www.finbandy.fi\/sjpl\/doc\/Hakkarainen.pdf\">fyysinen kehitys ja urheiluharrastus,<\/a><a href=\"http:\/\/www.finbandy.fi\/sjpl\/doc\/harri2.pdf\">fyysisen ja lajiharjoittelun yhdist\u00e4minen<\/a>, <a href=\"http:\/\/www.finbandy.fi\/sjpl\/doc\/harri3.pdf\">pelaajien herkkyyskaudet ja fyysisen ja taidon harjoittelemisen kannalta<\/a>.<\/p>\n<p>I\u00e4nmukaisuus harjoittelussa,<a href=\"http:\/\/www.finbandy.fi\/sjpl\/doc\/mitaruotsi.doc\"> Ruotsin malli.<\/a><\/p>\n<p><a href=\"http:\/\/www.finbandy.fi\/sjpl\/doc\/jpfysharj.ppt\">J\u00e4\u00e4palloilijan fyysisen harjoittelun ohjelmointi<\/a>, <a href=\"http:\/\/www.finbandy.fi\/sjpl\/doc\/kausisuunnitelma.pdf\">vuosisuunnitelma, esimerkki<\/a> (Salmela, Alasaukko-oja).<\/p>\n<p>Yleist\u00e4 ohjeistusta <a href=\"http:\/\/www.finbandy.fi\/sjpl\/doc\/harjoittelun%20suunnittelu.doc\">harjoittelun suunnitteluun<\/a> eri-ik\u00e4isille.<\/p>\n<p>Koulutusvaliokunta suunnittelee koulutusohjelmia ja mielell\u00e4\u00e4n otamme toiveita huomioon.<\/p>\n<p>Voit tutustua <a href=\"http:\/\/www.finbandy.fi\/SJPL%20-%20Valmennuskoulutus%201.6.doc\">J\u00e4\u00e4palloliiton koulutusj\u00e4rjestelm\u00e4\u00e4n<\/a><\/p>\n<p><a href=\"http:\/\/www.worldbandy.com\/template1.asp?pageID=30\">J\u00e4\u00e4harjoitteita FIB:n kotisivuilta<\/a><\/p>\n<p>Luonnos <a href=\"http:\/\/www.kihu.fi\/urapolku\/julkinen_index.php?page=taulukko&amp;laji=100\">j\u00e4\u00e4palloilijan pelaajapolusta<\/a><\/p>\n<p>Nuorisoprojekti Vera M\u00e4kel\u00e4n johdolla on laatinut 2015 oppaan j\u00e4\u00e4pallon perustaitojen opettamiseen, <a href=\"http:\/\/www.finbandy.fi\/sjpl\/doc\/ohjaajaopas.pdf\">tutustu ja k\u00e4yt\u00e4!<\/a><\/p>\n<p><a href=\"http:\/\/www.finbandy.fi\/sjpl\/doc\/lajitekniikat%20startti.pdf\">lajin perustaitojen opettaminen<\/a><\/p>\n<p><a href=\"http:\/\/www.finbandy.fi\/sjpl\/doc\/testipatteri%20mv.pdf\">Testipatteri<\/a><\/p>\n<p><a href=\"http:\/\/www.finbandy.fi\/sjpl\/doc\/JPFYYSISETVAATIMUKSET.pdf\">J\u00e4\u00e4palloilijan fyysiset vaatimukset<\/a><\/p>\n<p><a href=\"http:\/\/www.finbandy.fi\/sjpl\/doc\/HARJOITUSPAIVAKIRJA.pdf\">Harjoitusp\u00e4iv\u00e4kirja<\/a><\/p>\n<p><a href=\"http:\/\/www.finbandy.fi\/sjpl\/doc\/OHJELMIANUORTENVALMENTAJILLE.pdf\">Ohjelmia nuorten valmentajille<\/a><\/p>\n<p><a href=\"http:\/\/www.finbandy.fi\/sjpl\/doc\/mv.pdf\">Maalivahtiharjoittelu<\/a><\/p>\n<p>&nbsp;<\/p>\n<p><strong>FIB tieteellinen konferenssi 1988<\/strong><\/p>\n<p><a href=\"http:\/\/www.finbandy.fi\/sjpl\/doc\/jp%20fyysharjoittelu%20kk.pdf\">&#8211; J\u00e4\u00e4palloilijan suorituskyvyn muutokset kilpailukauden aikana &#8211; H\u00e4kkinen\/Sinnem\u00e4ki<br \/>\n<\/a><a href=\"http:\/\/www.finbandy.fi\/sjpl\/doc\/kv%20taktiikka.pdf\">&#8211; Eri maiden hy\u00f6kk\u00e4yspelianalyysi kv. tasolla &#8211; Pekka Luhtanen<br \/>\n<\/a><a href=\"http:\/\/www.finbandy.fi\/sjpl\/doc\/anaerkynnya.pdf\">&#8211; Anaerobisen kynnyksen mittaaminen, kontrollointi ja harjoittelu &#8211; Jussi Saarela<br \/>\n<\/a><a href=\"http:\/\/www.finbandy.fi\/sjpl\/doc\/syke%20liike%20jp.pdf\">&#8211; Sykkeen vaihtelu ja laktaatin muodostuminen j\u00e4\u00e4pallo-ottelun aikana &#8211; Antti Parviainen<br \/>\n<\/a><a href=\"http:\/\/www.finbandy.fi\/sjpl\/doc\/villa%20bk.pdf\">&#8211; Villa BK:n harjoittelu &#8211; Per Anders Gustafsson<\/a><\/p>\n<p><strong>Valmentajap\u00e4ivien satoa<\/strong><\/p>\n<p><a href=\"http:\/\/www.finbandy.fi\/sjpl\/doc\/LUONTITEKNIIKKA.pdf\">&#8211; Ly\u00f6ntitekniikan parantaminen &#8211; Pekka Luhtanen<\/a><br \/>\n<a href=\"http:\/\/www.finbandy.fi\/sjpl\/doc\/pikaluistelu.pdf\">&#8211; Pikaluistelijan fyysisen kunnon harjoittelu &#8211; Esa Puolakka<\/a><br \/>\n<a href=\"http:\/\/www.finbandy.fi\/sjpl\/doc\/Palloveikot.pdf\">&#8211; Tornion Palloveikot 4 kultaa &#8211; Jukka Ohtonen<\/a><br \/>\n<a href=\"http:\/\/www.finbandy.fi\/sjpl\/doc\/Hakkarainen.pdf\">&#8211; Fyysinen kehitys ja urheiluharrastus &#8211; Harri M Hakkarainen<\/a><br \/>\n<a href=\"http:\/\/www.finbandy.fi\/sjpl\/doc\/LAJIANALYYSI.pdf\">&#8211; J\u00e4\u00e4pallon lajianalyysi &#8211; Pekka Liikanen<\/a><\/p>\n<\/div>\n","protected":false},"excerpt":{"rendered":"<p>Urheilijan ruokavalio Suomen Olympiakomitea, huippu-urheilijan ravitsemus &nbsp; Antidoping Kielletyt ja sallitut aineet urheilussa Ravintolis\u00e4t Erivapaus urheilijan l\u00e4\u00e4kityksess\u00e4 Urheilija ulkomailla &nbsp; Suunnittelun taustamaterialia Kauden 2016-17 alku l\u00e4hestyy ja on aika alkaa suunnitelemaan tulevan kauden harjoittelua. SJPL:n koulutusvaliokunta on koonnut valmentajakoulutusmateriaaleista paketin mist\u00e4 voi olla apua harjoittelun suunnittelun. Paketissa huomioidaan eri ik\u00e4isten harjoittelua. J\u00e4\u00e4pallon lajianalyysi, t\u00e4ss\u00e4 on [&hellip;]<\/p>\n","protected":false},"author":1,"featured_media":0,"parent":1208,"menu_order":5,"comment_status":"open","ping_status":"open","template":"yksittainen.php","meta":{"_monsterinsights_skip_tracking":false,"_monsterinsights_sitenote_active":false,"_monsterinsights_sitenote_note":"","_monsterinsights_sitenote_category":0,"site-sidebar-layout":"default","site-content-layout":"","ast-site-content-layout":"","site-content-style":"default","site-sidebar-style":"default","ast-global-header-display":"","ast-banner-title-visibility":"","ast-main-header-display":"","ast-hfb-above-header-display":"","ast-hfb-below-header-display":"","ast-hfb-mobile-header-display":"","site-post-title":"","ast-breadcrumbs-content":"","ast-featured-img":"","footer-sml-layout":"","theme-transparent-header-meta":"","adv-header-id-meta":"","stick-header-meta":"","header-above-stick-meta":"","header-main-stick-meta":"","header-below-stick-meta":"","astra-migrate-meta-layouts":"default","ast-page-background-enabled":"default","ast-page-background-meta":{"desktop":{"background-color":"var(--ast-global-color-4)","background-image":"","background-repeat":"repeat","background-position":"center center","background-size":"auto","background-attachment":"scroll","background-type":"","background-media":"","overlay-type":"","overlay-color":"","overlay-opacity":"","overlay-gradient":""},"tablet":{"background-color":"","background-image":"","background-repeat":"repeat","background-position":"center center","background-size":"auto","background-attachment":"scroll","background-type":"","background-media":"","overlay-type":"","overlay-color":"","overlay-opacity":"","overlay-gradient":""},"mobile":{"background-color":"","background-image":"","background-repeat":"repeat","background-position":"center center","background-size":"auto","background-attachment":"scroll","background-type":"","background-media":"","overlay-type":"","overlay-color":"","overlay-opacity":"","overlay-gradient":""}},"ast-content-background-meta":{"desktop":{"background-color":"var(--ast-global-color-5)","background-image":"","background-repeat":"repeat","background-position":"center center","background-size":"auto","background-attachment":"scroll","background-type":"","background-media":"","overlay-type":"","overlay-color":"","overlay-opacity":"","overlay-gradient":""},"tablet":{"background-color":"var(--ast-global-color-5)","background-image":"","background-repeat":"repeat","background-position":"center center","background-size":"auto","background-attachment":"scroll","background-type":"","background-media":"","overlay-type":"","overlay-color":"","overlay-opacity":"","overlay-gradient":""},"mobile":{"background-color":"var(--ast-global-color-5)","background-image":"","background-repeat":"repeat","background-position":"center center","background-size":"auto","background-attachment":"scroll","background-type":"","background-media":"","overlay-type":"","overlay-color":"","overlay-opacity":"","overlay-gradient":""}},"footnotes":"","_expiration-date-status":"saved","_expiration-date":0,"_expiration-date-type":"","_expiration-date-categories":[],"_expiration-date-options":[]},"class_list":["post-1227","page","type-page","status-publish","hentry"],"yoast_head":"<!-- This site is optimized with the Yoast SEO plugin v19.7.1 - https:\/\/yoast.com\/wordpress\/plugins\/seo\/ -->\n<title>Materiaalisalkku - Suomen J\u00e4\u00e4palloliitto<\/title>\n<meta name=\"robots\" content=\"index, follow, max-snippet:-1, max-image-preview:large, max-video-preview:-1\" \/>\n<link rel=\"canonical\" href=\"https:\/\/www.finbandy.fi\/fi\/asiointi-lomakkeet\/koulutus\/materiaalisalkku\/\" \/>\n<meta property=\"og:locale\" content=\"fi_FI\" \/>\n<meta property=\"og:type\" content=\"article\" \/>\n<meta property=\"og:title\" content=\"Materiaalisalkku - Suomen J\u00e4\u00e4palloliitto\" \/>\n<meta property=\"og:description\" content=\"Urheilijan ruokavalio Suomen Olympiakomitea, huippu-urheilijan ravitsemus &nbsp; Antidoping Kielletyt ja sallitut aineet urheilussa Ravintolis\u00e4t Erivapaus urheilijan l\u00e4\u00e4kityksess\u00e4 Urheilija ulkomailla &nbsp; Suunnittelun taustamaterialia Kauden 2016-17 alku l\u00e4hestyy ja on aika alkaa suunnitelemaan tulevan kauden harjoittelua. SJPL:n koulutusvaliokunta on koonnut valmentajakoulutusmateriaaleista paketin mist\u00e4 voi olla apua harjoittelun suunnittelun. Paketissa huomioidaan eri ik\u00e4isten harjoittelua. J\u00e4\u00e4pallon lajianalyysi, t\u00e4ss\u00e4 on [&hellip;]\" \/>\n<meta property=\"og:url\" content=\"https:\/\/www.finbandy.fi\/fi\/asiointi-lomakkeet\/koulutus\/materiaalisalkku\/\" \/>\n<meta property=\"og:site_name\" content=\"Suomen J\u00e4\u00e4palloliitto\" \/>\n<meta property=\"article:modified_time\" content=\"2018-08-21T07:22:59+00:00\" \/>\n<meta name=\"twitter:card\" content=\"summary_large_image\" \/>\n<meta name=\"twitter:label1\" content=\"Arvioitu lukuaika\" \/>\n\t<meta name=\"twitter:data1\" content=\"2 minuuttia\" \/>\n<script type=\"application\/ld+json\" class=\"yoast-schema-graph\">{\"@context\":\"https:\/\/schema.org\",\"@graph\":[{\"@type\":\"WebPage\",\"@id\":\"https:\/\/www.finbandy.fi\/fi\/asiointi-lomakkeet\/koulutus\/materiaalisalkku\/\",\"url\":\"https:\/\/www.finbandy.fi\/fi\/asiointi-lomakkeet\/koulutus\/materiaalisalkku\/\",\"name\":\"Materiaalisalkku - Suomen J\u00e4\u00e4palloliitto\",\"isPartOf\":{\"@id\":\"https:\/\/www.finbandy.fi\/fi\/#website\"},\"datePublished\":\"2013-11-17T22:22:57+00:00\",\"dateModified\":\"2018-08-21T07:22:59+00:00\",\"breadcrumb\":{\"@id\":\"https:\/\/www.finbandy.fi\/fi\/asiointi-lomakkeet\/koulutus\/materiaalisalkku\/#breadcrumb\"},\"inLanguage\":\"fi\",\"potentialAction\":[{\"@type\":\"ReadAction\",\"target\":[\"https:\/\/www.finbandy.fi\/fi\/asiointi-lomakkeet\/koulutus\/materiaalisalkku\/\"]}]},{\"@type\":\"BreadcrumbList\",\"@id\":\"https:\/\/www.finbandy.fi\/fi\/asiointi-lomakkeet\/koulutus\/materiaalisalkku\/#breadcrumb\",\"itemListElement\":[{\"@type\":\"ListItem\",\"position\":1,\"name\":\"Etusivu\",\"item\":\"https:\/\/www.finbandy.fi\/fi\/\"},{\"@type\":\"ListItem\",\"position\":2,\"name\":\"Asiointi &#038; Lomakkeet\",\"item\":\"https:\/\/www.finbandy.fi\/fi\/asiointi-lomakkeet\/\"},{\"@type\":\"ListItem\",\"position\":3,\"name\":\"Koulutus\",\"item\":\"https:\/\/www.finbandy.fi\/fi\/asiointi-lomakkeet\/koulutus\/\"},{\"@type\":\"ListItem\",\"position\":4,\"name\":\"Materiaalisalkku\"}]},{\"@type\":\"WebSite\",\"@id\":\"https:\/\/www.finbandy.fi\/fi\/#website\",\"url\":\"https:\/\/www.finbandy.fi\/fi\/\",\"name\":\"Suomen J\u00e4\u00e4palloliitto\",\"description\":\"\",\"potentialAction\":[{\"@type\":\"SearchAction\",\"target\":{\"@type\":\"EntryPoint\",\"urlTemplate\":\"https:\/\/www.finbandy.fi\/fi\/?s={search_term_string}\"},\"query-input\":\"required name=search_term_string\"}],\"inLanguage\":\"fi\"}]}<\/script>\n<!-- \/ Yoast SEO plugin. -->","yoast_head_json":{"title":"Materiaalisalkku - Suomen J\u00e4\u00e4palloliitto","robots":{"index":"index","follow":"follow","max-snippet":"max-snippet:-1","max-image-preview":"max-image-preview:large","max-video-preview":"max-video-preview:-1"},"canonical":"https:\/\/www.finbandy.fi\/fi\/asiointi-lomakkeet\/koulutus\/materiaalisalkku\/","og_locale":"fi_FI","og_type":"article","og_title":"Materiaalisalkku - Suomen J\u00e4\u00e4palloliitto","og_description":"Urheilijan ruokavalio Suomen Olympiakomitea, huippu-urheilijan ravitsemus &nbsp; Antidoping Kielletyt ja sallitut aineet urheilussa Ravintolis\u00e4t Erivapaus urheilijan l\u00e4\u00e4kityksess\u00e4 Urheilija ulkomailla &nbsp; Suunnittelun taustamaterialia Kauden 2016-17 alku l\u00e4hestyy ja on aika alkaa suunnitelemaan tulevan kauden harjoittelua. SJPL:n koulutusvaliokunta on koonnut valmentajakoulutusmateriaaleista paketin mist\u00e4 voi olla apua harjoittelun suunnittelun. Paketissa huomioidaan eri ik\u00e4isten harjoittelua. J\u00e4\u00e4pallon lajianalyysi, t\u00e4ss\u00e4 on [&hellip;]","og_url":"https:\/\/www.finbandy.fi\/fi\/asiointi-lomakkeet\/koulutus\/materiaalisalkku\/","og_site_name":"Suomen J\u00e4\u00e4palloliitto","article_modified_time":"2018-08-21T07:22:59+00:00","twitter_card":"summary_large_image","twitter_misc":{"Arvioitu lukuaika":"2 minuuttia"},"schema":{"@context":"https:\/\/schema.org","@graph":[{"@type":"WebPage","@id":"https:\/\/www.finbandy.fi\/fi\/asiointi-lomakkeet\/koulutus\/materiaalisalkku\/","url":"https:\/\/www.finbandy.fi\/fi\/asiointi-lomakkeet\/koulutus\/materiaalisalkku\/","name":"Materiaalisalkku - Suomen J\u00e4\u00e4palloliitto","isPartOf":{"@id":"https:\/\/www.finbandy.fi\/fi\/#website"},"datePublished":"2013-11-17T22:22:57+00:00","dateModified":"2018-08-21T07:22:59+00:00","breadcrumb":{"@id":"https:\/\/www.finbandy.fi\/fi\/asiointi-lomakkeet\/koulutus\/materiaalisalkku\/#breadcrumb"},"inLanguage":"fi","potentialAction":[{"@type":"ReadAction","target":["https:\/\/www.finbandy.fi\/fi\/asiointi-lomakkeet\/koulutus\/materiaalisalkku\/"]}]},{"@type":"BreadcrumbList","@id":"https:\/\/www.finbandy.fi\/fi\/asiointi-lomakkeet\/koulutus\/materiaalisalkku\/#breadcrumb","itemListElement":[{"@type":"ListItem","position":1,"name":"Etusivu","item":"https:\/\/www.finbandy.fi\/fi\/"},{"@type":"ListItem","position":2,"name":"Asiointi &#038; Lomakkeet","item":"https:\/\/www.finbandy.fi\/fi\/asiointi-lomakkeet\/"},{"@type":"ListItem","position":3,"name":"Koulutus","item":"https:\/\/www.finbandy.fi\/fi\/asiointi-lomakkeet\/koulutus\/"},{"@type":"ListItem","position":4,"name":"Materiaalisalkku"}]},{"@type":"WebSite","@id":"https:\/\/www.finbandy.fi\/fi\/#website","url":"https:\/\/www.finbandy.fi\/fi\/","name":"Suomen J\u00e4\u00e4palloliitto","description":"","potentialAction":[{"@type":"SearchAction","target":{"@type":"EntryPoint","urlTemplate":"https:\/\/www.finbandy.fi\/fi\/?s={search_term_string}"},"query-input":"required name=search_term_string"}],"inLanguage":"fi"}]}},"_links":{"self":[{"href":"https:\/\/www.finbandy.fi\/fi\/wp-json\/wp\/v2\/pages\/1227"}],"collection":[{"href":"https:\/\/www.finbandy.fi\/fi\/wp-json\/wp\/v2\/pages"}],"about":[{"href":"https:\/\/www.finbandy.fi\/fi\/wp-json\/wp\/v2\/types\/page"}],"author":[{"embeddable":true,"href":"https:\/\/www.finbandy.fi\/fi\/wp-json\/wp\/v2\/users\/1"}],"replies":[{"embeddable":true,"href":"https:\/\/www.finbandy.fi\/fi\/wp-json\/wp\/v2\/comments?post=1227"}],"version-history":[{"count":9,"href":"https:\/\/www.finbandy.fi\/fi\/wp-json\/wp\/v2\/pages\/1227\/revisions"}],"predecessor-version":[{"id":13980,"href":"https:\/\/www.finbandy.fi\/fi\/wp-json\/wp\/v2\/pages\/1227\/revisions\/13980"}],"up":[{"embeddable":true,"href":"https:\/\/www.finbandy.fi\/fi\/wp-json\/wp\/v2\/pages\/1208"}],"wp:attachment":[{"href":"https:\/\/www.finbandy.fi\/fi\/wp-json\/wp\/v2\/media?parent=1227"}],"curies":[{"name":"wp","href":"https:\/\/api.w.org\/{rel}","templated":true}]}}