{"id":1262,"date":"2013-11-18T00:54:24","date_gmt":"2013-11-17T22:54:24","guid":{"rendered":"https:\/\/www.finbandy.fi\/fi\/?page_id=1262"},"modified":"2021-01-20T15:20:47","modified_gmt":"2021-01-20T13:20:47","slug":"yhteystiedot","status":"publish","type":"page","link":"https:\/\/www.finbandy.fi\/fi\/yhteystiedot\/","title":{"rendered":"Yhteystiedot"},"content":{"rendered":"<div id=\"wp_fb_like_button\" style=\"margin:5px 0;float:none;height:50px;\"><script src=\"http:\/\/connect.facebook.net\/en_US\/all.js#xfbml=1\"><\/script><fb:like href=\"https:\/\/www.finbandy.fi\/fi\/yhteystiedot\/\" send=\"true\" layout=\"button_count\" width=\"400\" show_faces=\"false\" font=\"arial\" action=\"like\" colorscheme=\"light\"><\/fb:like><\/div><h3><img decoding=\"async\" class=\"alignright wp-image-9775 size-medium\" src=\"https:\/\/www.finbandy.fi\/fi\/wp-content\/uploads\/2013\/11\/SJPLlogo4v-1-300x130.jpg\" alt=\"\" width=\"300\" height=\"130\" srcset=\"https:\/\/www.finbandy.fi\/fi\/wp-content\/uploads\/2013\/11\/SJPLlogo4v-1-300x130.jpg 300w, https:\/\/www.finbandy.fi\/fi\/wp-content\/uploads\/2013\/11\/SJPLlogo4v-1.jpg 663w\" sizes=\"(max-width: 300px) 100vw, 300px\" \/><\/h3>\n<h3><a href=\"https:\/\/www.finbandy.fi\/fi\/yhteystiedot\/suomen-jaapalloliitto\/\"><strong>Suomen j\u00e4\u00e4palloliitto ry:n yhteystiedot<\/strong><\/a><\/h3>\n<p>\u00a0<\/p>\n<ul>\n<li>Toimisto<\/li>\n<li>Liittohallitus<\/li>\n<li>Toimihenkil\u00f6t<\/li>\n<li>Valiokunnat<\/li>\n<li>Maajoukkueiden johtoryhm\u00e4t<\/li>\n<li>Valioerotuomarit<\/li>\n<\/ul>\n<p>\u00a0<\/p>\n<p><strong>Suomen J\u00e4\u00e4palloliiton toimisto<\/strong><\/p>\n<p>Sporttitalo<br \/>Valimotie 10 (6.kerros)<br \/>00380 Helsinki<\/p>\n<p>\u00a0<\/p>\n\n\n<h3 class=\"wp-block-heading\"><a href=\"https:\/\/www.finbandy.fi\/fi\/yhteystiedot\/the-finnish-bandy-federation-in-english\/\">The Finnish Bandy Federation contact information<\/a><\/h3>\n\n\n\n<div style=\"height:60px\" aria-hidden=\"true\" class=\"wp-block-spacer\"><\/div>\n\n\n\n<h3 class=\"wp-block-heading\"><a href=\"https:\/\/www.finbandy.fi\/fi\/yhteystiedot\/finlands-bandyforbund-rf-pa-svenska\/\">Finlands Bandyf\u00f6rbund RF&nbsp;kontakt information<\/a><\/h3>\n","protected":false},"excerpt":{"rendered":"<p>Suomen j\u00e4\u00e4palloliitto ry:n yhteystiedot \u00a0 Toimisto Liittohallitus Toimihenkil\u00f6t Valiokunnat Maajoukkueiden johtoryhm\u00e4t Valioerotuomarit \u00a0 Suomen J\u00e4\u00e4palloliiton toimisto SporttitaloValimotie 10 (6.kerros)00380 Helsinki \u00a0 The Finnish Bandy Federation contact information Finlands Bandyf\u00f6rbund RF&nbsp;kontakt information<\/p>\n","protected":false},"author":1,"featured_media":0,"parent":0,"menu_order":8,"comment_status":"open","ping_status":"open","template":"yksittainen.php","meta":{"_monsterinsights_skip_tracking":false,"_monsterinsights_sitenote_active":false,"_monsterinsights_sitenote_note":"","_monsterinsights_sitenote_category":0,"site-sidebar-layout":"default","site-content-layout":"","ast-site-content-layout":"","site-content-style":"default","site-sidebar-style":"default","ast-global-header-display":"","ast-banner-title-visibility":"","ast-main-header-display":"","ast-hfb-above-header-display":"","ast-hfb-below-header-display":"","ast-hfb-mobile-header-display":"","site-post-title":"","ast-breadcrumbs-content":"","ast-featured-img":"","footer-sml-layout":"","theme-transparent-header-meta":"","adv-header-id-meta":"","stick-header-meta":"","header-above-stick-meta":"","header-main-stick-meta":"","header-below-stick-meta":"","astra-migrate-meta-layouts":"default","ast-page-background-enabled":"default","ast-page-background-meta":{"desktop":{"background-color":"var(--ast-global-color-4)","background-image":"","background-repeat":"repeat","background-position":"center center","background-size":"auto","background-attachment":"scroll","background-type":"","background-media":"","overlay-type":"","overlay-color":"","overlay-opacity":"","overlay-gradient":""},"tablet":{"background-color":"","background-image":"","background-repeat":"repeat","background-position":"center center","background-size":"auto","background-attachment":"scroll","background-type":"","background-media":"","overlay-type":"","overlay-color":"","overlay-opacity":"","overlay-gradient":""},"mobile":{"background-color":"","background-image":"","background-repeat":"repeat","background-position":"center center","background-size":"auto","background-attachment":"scroll","background-type":"","background-media":"","overlay-type":"","overlay-color":"","overlay-opacity":"","overlay-gradient":""}},"ast-content-background-meta":{"desktop":{"background-color":"var(--ast-global-color-5)","background-image":"","background-repeat":"repeat","background-position":"center center","background-size":"auto","background-attachment":"scroll","background-type":"","background-media":"","overlay-type":"","overlay-color":"","overlay-opacity":"","overlay-gradient":""},"tablet":{"background-color":"var(--ast-global-color-5)","background-image":"","background-repeat":"repeat","background-position":"center center","background-size":"auto","background-attachment":"scroll","background-type":"","background-media":"","overlay-type":"","overlay-color":"","overlay-opacity":"","overlay-gradient":""},"mobile":{"background-color":"var(--ast-global-color-5)","background-image":"","background-repeat":"repeat","background-position":"center center","background-size":"auto","background-attachment":"scroll","background-type":"","background-media":"","overlay-type":"","overlay-color":"","overlay-opacity":"","overlay-gradient":""}},"footnotes":"","_expiration-date-status":"saved","_expiration-date":0,"_expiration-date-type":"","_expiration-date-categories":[],"_expiration-date-options":[]},"class_list":["post-1262","page","type-page","status-publish","hentry"],"yoast_head":"<!-- This site is optimized with the Yoast SEO plugin v19.7.1 - https:\/\/yoast.com\/wordpress\/plugins\/seo\/ -->\n<title>Yhteystiedot - Suomen J\u00e4\u00e4palloliitto<\/title>\n<meta name=\"robots\" content=\"index, follow, max-snippet:-1, max-image-preview:large, max-video-preview:-1\" \/>\n<link rel=\"canonical\" href=\"https:\/\/www.finbandy.fi\/fi\/yhteystiedot\/\" \/>\n<meta property=\"og:locale\" content=\"fi_FI\" \/>\n<meta property=\"og:type\" content=\"article\" \/>\n<meta property=\"og:title\" content=\"Yhteystiedot - Suomen J\u00e4\u00e4palloliitto\" \/>\n<meta property=\"og:description\" content=\"Suomen j\u00e4\u00e4palloliitto ry:n yhteystiedot \u00a0 Toimisto Liittohallitus Toimihenkil\u00f6t Valiokunnat Maajoukkueiden johtoryhm\u00e4t Valioerotuomarit \u00a0 Suomen J\u00e4\u00e4palloliiton toimisto SporttitaloValimotie 10 (6.kerros)00380 Helsinki \u00a0 The Finnish Bandy Federation contact information Finlands Bandyf\u00f6rbund RF&nbsp;kontakt information\" \/>\n<meta property=\"og:url\" content=\"https:\/\/www.finbandy.fi\/fi\/yhteystiedot\/\" \/>\n<meta property=\"og:site_name\" content=\"Suomen J\u00e4\u00e4palloliitto\" \/>\n<meta property=\"article:modified_time\" content=\"2021-01-20T13:20:47+00:00\" \/>\n<meta property=\"og:image\" content=\"http:\/\/www.finbandy.fi\/fi\/wp-content\/uploads\/2013\/11\/SJPLlogo4v-1-300x130.jpg\" \/>\n<meta name=\"twitter:card\" content=\"summary_large_image\" \/>\n<script type=\"application\/ld+json\" class=\"yoast-schema-graph\">{\"@context\":\"https:\/\/schema.org\",\"@graph\":[{\"@type\":\"WebPage\",\"@id\":\"https:\/\/www.finbandy.fi\/fi\/yhteystiedot\/\",\"url\":\"https:\/\/www.finbandy.fi\/fi\/yhteystiedot\/\",\"name\":\"Yhteystiedot - Suomen J\u00e4\u00e4palloliitto\",\"isPartOf\":{\"@id\":\"https:\/\/www.finbandy.fi\/fi\/#website\"},\"datePublished\":\"2013-11-17T22:54:24+00:00\",\"dateModified\":\"2021-01-20T13:20:47+00:00\",\"breadcrumb\":{\"@id\":\"https:\/\/www.finbandy.fi\/fi\/yhteystiedot\/#breadcrumb\"},\"inLanguage\":\"fi\",\"potentialAction\":[{\"@type\":\"ReadAction\",\"target\":[\"https:\/\/www.finbandy.fi\/fi\/yhteystiedot\/\"]}]},{\"@type\":\"BreadcrumbList\",\"@id\":\"https:\/\/www.finbandy.fi\/fi\/yhteystiedot\/#breadcrumb\",\"itemListElement\":[{\"@type\":\"ListItem\",\"position\":1,\"name\":\"Etusivu\",\"item\":\"https:\/\/www.finbandy.fi\/fi\/\"},{\"@type\":\"ListItem\",\"position\":2,\"name\":\"Yhteystiedot\"}]},{\"@type\":\"WebSite\",\"@id\":\"https:\/\/www.finbandy.fi\/fi\/#website\",\"url\":\"https:\/\/www.finbandy.fi\/fi\/\",\"name\":\"Suomen J\u00e4\u00e4palloliitto\",\"description\":\"\",\"potentialAction\":[{\"@type\":\"SearchAction\",\"target\":{\"@type\":\"EntryPoint\",\"urlTemplate\":\"https:\/\/www.finbandy.fi\/fi\/?s={search_term_string}\"},\"query-input\":\"required name=search_term_string\"}],\"inLanguage\":\"fi\"}]}<\/script>\n<!-- \/ Yoast SEO plugin. -->","yoast_head_json":{"title":"Yhteystiedot - Suomen J\u00e4\u00e4palloliitto","robots":{"index":"index","follow":"follow","max-snippet":"max-snippet:-1","max-image-preview":"max-image-preview:large","max-video-preview":"max-video-preview:-1"},"canonical":"https:\/\/www.finbandy.fi\/fi\/yhteystiedot\/","og_locale":"fi_FI","og_type":"article","og_title":"Yhteystiedot - Suomen J\u00e4\u00e4palloliitto","og_description":"Suomen j\u00e4\u00e4palloliitto ry:n yhteystiedot \u00a0 Toimisto Liittohallitus Toimihenkil\u00f6t Valiokunnat Maajoukkueiden johtoryhm\u00e4t Valioerotuomarit \u00a0 Suomen J\u00e4\u00e4palloliiton toimisto SporttitaloValimotie 10 (6.kerros)00380 Helsinki \u00a0 The Finnish Bandy Federation contact information Finlands Bandyf\u00f6rbund RF&nbsp;kontakt information","og_url":"https:\/\/www.finbandy.fi\/fi\/yhteystiedot\/","og_site_name":"Suomen J\u00e4\u00e4palloliitto","article_modified_time":"2021-01-20T13:20:47+00:00","og_image":[{"url":"http:\/\/www.finbandy.fi\/fi\/wp-content\/uploads\/2013\/11\/SJPLlogo4v-1-300x130.jpg"}],"twitter_card":"summary_large_image","schema":{"@context":"https:\/\/schema.org","@graph":[{"@type":"WebPage","@id":"https:\/\/www.finbandy.fi\/fi\/yhteystiedot\/","url":"https:\/\/www.finbandy.fi\/fi\/yhteystiedot\/","name":"Yhteystiedot - Suomen J\u00e4\u00e4palloliitto","isPartOf":{"@id":"https:\/\/www.finbandy.fi\/fi\/#website"},"datePublished":"2013-11-17T22:54:24+00:00","dateModified":"2021-01-20T13:20:47+00:00","breadcrumb":{"@id":"https:\/\/www.finbandy.fi\/fi\/yhteystiedot\/#breadcrumb"},"inLanguage":"fi","potentialAction":[{"@type":"ReadAction","target":["https:\/\/www.finbandy.fi\/fi\/yhteystiedot\/"]}]},{"@type":"BreadcrumbList","@id":"https:\/\/www.finbandy.fi\/fi\/yhteystiedot\/#breadcrumb","itemListElement":[{"@type":"ListItem","position":1,"name":"Etusivu","item":"https:\/\/www.finbandy.fi\/fi\/"},{"@type":"ListItem","position":2,"name":"Yhteystiedot"}]},{"@type":"WebSite","@id":"https:\/\/www.finbandy.fi\/fi\/#website","url":"https:\/\/www.finbandy.fi\/fi\/","name":"Suomen J\u00e4\u00e4palloliitto","description":"","potentialAction":[{"@type":"SearchAction","target":{"@type":"EntryPoint","urlTemplate":"https:\/\/www.finbandy.fi\/fi\/?s={search_term_string}"},"query-input":"required name=search_term_string"}],"inLanguage":"fi"}]}},"_links":{"self":[{"href":"https:\/\/www.finbandy.fi\/fi\/wp-json\/wp\/v2\/pages\/1262"}],"collection":[{"href":"https:\/\/www.finbandy.fi\/fi\/wp-json\/wp\/v2\/pages"}],"about":[{"href":"https:\/\/www.finbandy.fi\/fi\/wp-json\/wp\/v2\/types\/page"}],"author":[{"embeddable":true,"href":"https:\/\/www.finbandy.fi\/fi\/wp-json\/wp\/v2\/users\/1"}],"replies":[{"embeddable":true,"href":"https:\/\/www.finbandy.fi\/fi\/wp-json\/wp\/v2\/comments?post=1262"}],"version-history":[{"count":13,"href":"https:\/\/www.finbandy.fi\/fi\/wp-json\/wp\/v2\/pages\/1262\/revisions"}],"predecessor-version":[{"id":19559,"href":"https:\/\/www.finbandy.fi\/fi\/wp-json\/wp\/v2\/pages\/1262\/revisions\/19559"}],"wp:attachment":[{"href":"https:\/\/www.finbandy.fi\/fi\/wp-json\/wp\/v2\/media?parent=1262"}],"curies":[{"name":"wp","href":"https:\/\/api.w.org\/{rel}","templated":true}]}}