{"id":17829,"date":"2020-11-27T16:36:46","date_gmt":"2020-11-27T14:36:46","guid":{"rendered":"https:\/\/www.finbandy.fi\/fi\/?page_id=17829"},"modified":"2026-03-09T11:11:38","modified_gmt":"2026-03-09T09:11:38","slug":"kurinpitopaatokset","status":"publish","type":"page","link":"https:\/\/www.finbandy.fi\/fi\/bandyliiga\/kurinpitopaatokset\/","title":{"rendered":"Kurinpitop\u00e4\u00e4t\u00f6kset"},"content":{"rendered":"<div id=\"wp_fb_like_button\" style=\"margin:5px 0;float:none;height:50px;\"><script src=\"http:\/\/connect.facebook.net\/en_US\/all.js#xfbml=1\"><\/script><fb:like href=\"https:\/\/www.finbandy.fi\/fi\/bandyliiga\/kurinpitopaatokset\/\" send=\"true\" layout=\"button_count\" width=\"400\" show_faces=\"false\" font=\"arial\" action=\"like\" colorscheme=\"light\"><\/fb:like><\/div>\t\t<div data-elementor-type=\"wp-page\" data-elementor-id=\"17829\" class=\"elementor elementor-17829\" data-elementor-post-type=\"page\">\n\t\t\t\t\t\t<section class=\"elementor-section elementor-top-section elementor-element elementor-element-2beb5a68 elementor-section-boxed elementor-section-height-default elementor-section-height-default\" data-id=\"2beb5a68\" data-element_type=\"section\">\n\t\t\t\t\t\t<div class=\"elementor-container elementor-column-gap-default\">\n\t\t\t\t\t<div class=\"elementor-column elementor-col-100 elementor-top-column elementor-element elementor-element-1a6e8b38\" data-id=\"1a6e8b38\" data-element_type=\"column\">\n\t\t\t<div class=\"elementor-widget-wrap elementor-element-populated\">\n\t\t\t\t\t\t<div class=\"elementor-element elementor-element-41c2de4c elementor-widget elementor-widget-text-editor\" data-id=\"41c2de4c\" data-element_type=\"widget\" data-widget_type=\"text-editor.default\">\n\t\t\t\t<div class=\"elementor-widget-container\">\n\t\t\t\t\t\t\t<p><!-- wp:tadv\/classic-paragraph \/--><!-- wp:heading {\"fontSize\":\"medium\"} --><\/p>\n<h2 class=\"wp-block-heading has-medium-font-size\">Kausi 2025-26, kurinpitolautakunnan p\u00e4\u00e4t\u00f6kset<\/h2>\n<div>\u00a0<\/div>\n<p><strong>7.12.2025 pelattu Bandyliigan ottelu OLS-Botnia<\/strong><\/p>\n<p><a href=\"https:\/\/www.finbandy.fi\/fi\/wp-content\/uploads\/2025\/12\/Kurinpitolautakunta-paatos-1-20251211.pdf\">Kurinpitolautakunnan p\u00e4\u00e4t\u00f6s 11.12.2025<\/a><\/p>\n<p><strong>7.12.2025 pelattu Bandyliigan ottelu OLS-Botnia<\/strong><\/p>\n<p><a href=\"https:\/\/www.finbandy.fi\/fi\/wp-content\/uploads\/2025\/12\/Kurinpitolautakunta-paatos-2-20251211.pdf\">Kurinpitolautakunnan p\u00e4\u00e4t\u00f6s 11.12.2025<\/a><\/p>\n<p><strong>7.12.2025 pelattu Bandyliigan ottelu Naruker\u00e4-Veiter\u00e4<\/strong><\/p>\n<p><a href=\"https:\/\/www.finbandy.fi\/fi\/wp-content\/uploads\/2025\/12\/Kurinpitolautakunta-paatos-3-20251211.pdf\">Kurinpitolautakunnan p\u00e4\u00e4t\u00f6s 11.12.2025<\/a><\/p>\n<p><strong>14.12.2025 pelattu Bandyliigan ottelu WP 35-Naruker\u00e4<\/strong><\/p>\n<p><a href=\"https:\/\/www.finbandy.fi\/fi\/wp-content\/uploads\/2025\/12\/Kurinpitolautakunta-paatos-4-20251218.pdf\">Kurinpitolautakunnan p\u00e4\u00e4t\u00f6s 18.12.2025<\/a><\/p>\n<p><strong>13.12.2025 pelattu U16-sarjan ottelu Naruker\u00e4-OLS<\/strong><\/p>\n<p><a href=\"https:\/\/www.finbandy.fi\/fi\/wp-content\/uploads\/2025\/12\/Kurinpitolautakunta-paatos-5-20251219.pdf\">Kurinpitolautakunnan p\u00e4\u00e4t\u00f6s 19.12.2005<\/a><\/p>\n<p><strong>19.12.2025 pelattu Bandyliigan ottelu Veiter\u00e4-WP 35<\/strong><\/p>\n<p><a href=\"https:\/\/www.finbandy.fi\/fi\/wp-content\/uploads\/2025\/12\/Kurinpitolautakunta-paatos-6-20251229.pdf\">Kurinpitolautakunnan p\u00e4\u00e4t\u00f6s 29.12.2025<\/a><\/p>\n<p><strong>20.12.2025 pelattu U16-sarjan ottelu Akilles-JPS<\/strong><\/p>\n<p><a href=\"https:\/\/www.finbandy.fi\/fi\/wp-content\/uploads\/2025\/12\/Kurinpitolautakunta-paatos-7-20251230.pdf\">Kurinpitolautakunnan p\u00e4\u00e4t\u00f6s 30.12.2025.<\/a><\/p>\n<p><strong>8.2.2026 sosiaalisessa mediassa esiintynyt julkaisu<\/strong><\/p>\n<p><a href=\"https:\/\/www.finbandy.fi\/fi\/wp-content\/uploads\/2026\/02\/Kurinpitolautakunnan-antama-huomautus.pdf\">Kurinpitolautakunnan antama huomautus 14.2.2026<\/a><\/p>\n<p><strong>Naruker\u00e4n 19.2.2026 tekem\u00e4 vastalause<\/strong><\/p>\n<p><a href=\"https:\/\/www.finbandy.fi\/fi\/wp-content\/uploads\/2026\/03\/Kurinpitolautakunta-Vastalauseratkaisu-20260220.pdf\">Kurinpitolautakunnan vastalauseratkaisu 20.2.2026<\/a><\/p>\n<p><strong>25.2.2026 pelattu Bandyliigan ottelu HIFK-JPS<\/strong><\/p>\n<p><a href=\"https:\/\/www.finbandy.fi\/fi\/wp-content\/uploads\/2026\/02\/Kurinpitolautakunta-paatos-9-2026.pdf\">Kurinpitolautakunnan p\u00e4\u00e4t\u00f6s 27.2.2026<\/a><\/p>\n<p><strong>20.2.2026 pelattu Bandyliigan ottelu Kampparit-Botnia<\/strong><\/p>\n<p><a href=\"https:\/\/www.finbandy.fi\/fi\/wp-content\/uploads\/2026\/03\/Kurinpitolautakunta-paatos-10-2026.pdf\">Kurinpitolautakunnan p\u00e4\u00e4t\u00f6s 1.3.2026<\/a><\/p>\n<p><strong>4.3.2026 pelattu Bandyliigan ottelu HIFK-JPS<\/strong><\/p>\n<p><a href=\"https:\/\/www.finbandy.fi\/fi\/wp-content\/uploads\/2026\/03\/Kurinpitolautakunta-11-20260309.pdf\">Kurinpitolautakunnan p\u00e4\u00e4t\u00f6s 9.3.2026<\/a><\/p>\n<h2 class=\"wp-block-heading has-medium-font-size\">Kausi 2024-25, kurinpitolautakunnan p\u00e4\u00e4t\u00f6kset<\/h2>\n<p>\u00a0<\/p>\n<p><!-- \/wp:heading --><!-- wp:tadv\/classic-paragraph \/--><!-- wp:tadv\/classic-paragraph --><\/p>\n<p><strong>4.12.2024 pelattu Nuorten Bandyliigan ottelu JPS-Kampparit<\/strong><\/p>\n<p><!-- \/wp:tadv\/classic-paragraph --><!-- wp:tadv\/classic-paragraph --><\/p>\n<p><a href=\"https:\/\/www.finbandy.fi\/fi\/wp-content\/uploads\/2024\/12\/Kurinpitolautakunta-paatos-1-2024-2025.pdf\">Kurinpitolautakunnan p\u00e4\u00e4t\u00f6s 7.12.2024<\/a><\/p>\n<p><strong>18.12.2024 pelattu Nuorten Bandyliigan ottelu WP 35-Helsinki<\/strong><\/p>\n<p><!-- \/wp:tadv\/classic-paragraph --><!-- wp:tadv\/classic-paragraph --><\/p>\n<p><a href=\"https:\/\/www.finbandy.fi\/fi\/wp-content\/uploads\/2024\/12\/Kurinpitolautakunta-paatos-2-2024-2025.pdf\">Kurinpitolautakunnan p\u00e4\u00e4t\u00f6s 21.12.202<\/a>4<\/p>\n<p><strong>4.1.2025 pelattu Bandyliigan ottelu HIFK-JPS<\/strong><\/p>\n<p><a href=\"https:\/\/www.finbandy.fi\/fi\/wp-content\/uploads\/2025\/01\/Kurinpitolautakunta-paatos-3-2024-2025.pdf\">Kurinpitolautakunnan p\u00e4\u00e4t\u00f6s 8.1.2025<\/a><\/p>\n<p><strong>12.1.2025 pelattu Bandyliigan ottelu Botnia-OLS<\/strong><\/p>\n<p><a href=\"https:\/\/www.finbandy.fi\/fi\/wp-content\/uploads\/2025\/01\/Kurinpitolautakunta-paatos-4-2024-2025.pdf\">Kurinpitolautakunnan p\u00e4\u00e4t\u00f6s 17.1.2025<\/a><\/p>\n<p><strong>12.2.2025 pelattu Bandyliigan ottelu Veiter\u00e4-HIFK<\/strong><\/p>\n<p><a href=\"https:\/\/www.finbandy.fi\/fi\/wp-content\/uploads\/2025\/02\/Kurinpitolautakunta-paatos-5-2024-2025.pdf\">Kurinpitolautakunnan p\u00e4\u00e4t\u00f6s 15.2.2025<\/a><\/p>\n<p><strong>19.2.2025 pelattu Bandyliigan ottelu Naruker\u00e4-Akilles<\/strong><\/p>\n<p><a href=\"https:\/\/www.finbandy.fi\/fi\/wp-content\/uploads\/2025\/02\/Kurinpitolautakunta-paatos-6-2024-2025.pdf\">Kurinpitolautakunnan p\u00e4\u00e4t\u00f6s 21.2.2025<\/a><\/p>\n<p><strong>19.2.2025 pelattu Bandyliigan ottelu HIFK-Botnia<\/strong><\/p>\n<p><a href=\"https:\/\/www.finbandy.fi\/fi\/wp-content\/uploads\/2025\/02\/Kurinpitolautakunta-paatos-7-2024-2025.pdf\">Kurinpitolautakunnan p\u00e4\u00e4t\u00f6s 21.2.2025<\/a><\/p>\n<p><strong>21.2.2025 pelattu Bandyliigan ottelu Akilles-Naruker\u00e4<\/strong><\/p>\n<p><a href=\"https:\/\/www.finbandy.fi\/fi\/wp-content\/uploads\/2025\/02\/Kurinpitolautakunta-paatos-8-2024-2025.pdf\">Kurinpitolautakunnan p\u00e4\u00e4t\u00f6s 23.2.2025<\/a><\/p>\n<p><strong>17.2.2025 pelattu Nuorten Bandyliigan ottelu Naruker\u00e4-Akilles<\/strong><\/p>\n<p><a href=\"https:\/\/www.finbandy.fi\/fi\/wp-content\/uploads\/2025\/03\/Kurinpitolautakunta-paatos-9-2024-2025.pdf\">Kurinpitolautakunnan p\u00e4\u00e4t\u00f6s 2.3.2025<\/a><\/p>\n<p><strong>5.3.2025 pelattu Bandyliigan ottelu JPS-Naruker\u00e4<\/strong><\/p>\n<p><a href=\"https:\/\/www.finbandy.fi\/fi\/wp-content\/uploads\/2025\/03\/Kurinpitolautakunta-paatos-10-2024-2025.pdf\">Kurinpitolautakunnan p\u00e4\u00e4t\u00f6s 12.3.2025<\/a><\/p>\n<p>\u00a0<\/p>\n<p><!-- \/wp:tadv\/classic-paragraph --><!-- wp:tadv\/classic-paragraph --><\/p>\n<h2 class=\"wp-block-heading has-medium-font-size\">Kausi 2023-24, kurinpitolautakunnan p\u00e4\u00e4t\u00f6kset<\/h2>\n<p><!-- \/wp:tadv\/classic-paragraph --><!-- wp:paragraph --><\/p>\n<p><!-- \/wp:paragraph --><!-- wp:paragraph --><\/p>\n<p><strong>14.12.2023 pelattu Helsingin piirisarjan ottelu HIFK\/3-Botnia\/ik<\/strong><\/p>\n<p><!-- \/wp:paragraph --><!-- wp:paragraph --><\/p>\n<p><a href=\"https:\/\/www.finbandy.fi\/fi\/wp-content\/uploads\/2023\/12\/Suomen-Jaapalloliitto-kurinpitopaatos-1_2023_2024.pdf\">Kurinpitolautakunnan p\u00e4\u00e4t\u00f6s 22.12.2023<\/a><\/p>\n<p><!-- \/wp:paragraph --><!-- wp:paragraph --><\/p>\n<p><strong>28.1.2024 pelattu Bandyliigan ottelu Kampparit-Akilles<\/strong><\/p>\n<p><!-- \/wp:paragraph --><!-- wp:paragraph --><\/p>\n<p><a href=\"https:\/\/www.finbandy.fi\/fi\/wp-content\/uploads\/2024\/02\/Suomen-Jaapalloliitto-kurinpitopaatos-3_2023_2024.pdf\">Kurinpitolautakunnan p\u00e4\u00e4t\u00f6s 1.2.2024.<\/a><\/p>\n<p><!-- \/wp:paragraph --><!-- wp:paragraph --><\/p>\n<p><strong>4.2.2024 pelattu Bandyliigan ottelu OLS-Botnia<\/strong><\/p>\n<p><!-- \/wp:paragraph --><!-- wp:paragraph --><\/p>\n<p><a href=\"https:\/\/www.finbandy.fi\/fi\/wp-content\/uploads\/2024\/02\/Suomen-Jaapalloliitto-kurinpitopaatos-4_2023_2024.pdf\">Kurinpitolautakunnan p\u00e4\u00e4t\u00f6s 5.2.2024<\/a><\/p>\n<p><!-- \/wp:paragraph --><!-- wp:paragraph --><\/p>\n<p><strong>3.2.2024 pelattu Bandyliigan ottelu OLS-WP 35<\/strong><\/p>\n<p><!-- \/wp:paragraph --><!-- wp:paragraph --><\/p>\n<p><a href=\"https:\/\/www.finbandy.fi\/fi\/wp-content\/uploads\/2024\/02\/Suomen-Jaapalloliitto-kurinpitopaatos-5_2023_2024.pdf\">Kurinpitolautakunnan p\u00e4\u00e4t\u00f6s 5.2.2024.<\/a><\/p>\n<p><!-- \/wp:paragraph --><!-- wp:paragraph --><\/p>\n<p><strong>7.2.2024 pelattu Bandyliigan ottelu Naruker\u00e4-JPS.<\/strong><\/p>\n<p><!-- \/wp:paragraph --><!-- wp:paragraph --><\/p>\n<p><a href=\"https:\/\/www.finbandy.fi\/fi\/wp-content\/uploads\/2024\/02\/Suomen-Jaapalloliitto-kurinpitopaatos-6_2023_2024.pdf\">Kurinpitolautakunnan p\u00e4\u00e4t\u00f6s 10.2.2024<\/a><\/p>\n<p><!-- \/wp:paragraph --><!-- wp:paragraph --><\/p>\n<p><strong>21.2.2024 pelattu Bandyliigan ottelu Naruker\u00e4-Botnia.<\/strong><\/p>\n<p><!-- \/wp:paragraph --><!-- wp:paragraph --><\/p>\n<p><a href=\"https:\/\/www.finbandy.fi\/fi\/wp-content\/uploads\/2024\/02\/Suomen-Jaapalloliitto-kurinpitopaatos-8_2023_2024.pdf\">Kurinpitolautakunnan p\u00e4\u00e4t\u00f6s 24.2.2024.<\/a><\/p>\n<p><!-- \/wp:paragraph --><!-- wp:paragraph --><\/p>\n<p><strong>2.3.2024 pelattu Bandyliigan ottelu Akilles-JPS<\/strong><\/p>\n<p><!-- \/wp:paragraph --><!-- wp:paragraph --><\/p>\n<p><a href=\"https:\/\/www.finbandy.fi\/fi\/wp-content\/uploads\/2024\/03\/Suomen-Jaapalloliitto-kurinpitopaatos-9_2023_2024.pdf\">Kurinpitolautakunnan p\u00e4\u00e4t\u00f6s 5.3.2024<\/a><\/p>\n<p><!-- \/wp:paragraph --><!-- wp:paragraph --><\/p>\n<p><strong>6.3.2024 pelattu Bandyliigan ottelu JPS-Akilles<\/strong><\/p>\n<p><!-- \/wp:paragraph --><!-- wp:paragraph --><\/p>\n<p><a href=\"https:\/\/www.finbandy.fi\/fi\/wp-content\/uploads\/2024\/03\/Suomen-Jaapalloliitto-kurinpitopaatos-10_2023_2024.pdf\">Kurinpitolautakunnan p\u00e4\u00e4t\u00f6s 7.3.2024<\/a><\/p>\n<p><!-- \/wp:paragraph --><!-- wp:paragraph --><\/p>\n<p><strong>17.2.2024 pelattu Bandyliigan ottelu WP 35-Botnia<\/strong><\/p>\n<p><!-- \/wp:paragraph --><!-- wp:paragraph --><\/p>\n<p><a href=\"https:\/\/www.finbandy.fi\/fi\/wp-content\/uploads\/2024\/03\/Suomen-Jaapalloliitto-kurinpitopaatos-7_2023_2024-002.pdf\">Kurinpitolautakunnan p\u00e4\u00e4t\u00f6s 15.3.2024<\/a><\/p>\n<p><!-- \/wp:paragraph --><!-- wp:tadv\/classic-paragraph \/--><\/p>\t\t\t\t\t\t<\/div>\n\t\t\t\t<\/div>\n\t\t\t\t\t<\/div>\n\t\t<\/div>\n\t\t\t\t\t<\/div>\n\t\t<\/section>\n\t\t\t\t<\/div>\n\t\t","protected":false},"excerpt":{"rendered":"<p>Kausi 2025-26, kurinpitolautakunnan p\u00e4\u00e4t\u00f6kset \u00a0 7.12.2025 pelattu Bandyliigan ottelu OLS-Botnia Kurinpitolautakunnan p\u00e4\u00e4t\u00f6s 11.12.2025 7.12.2025 pelattu Bandyliigan ottelu OLS-Botnia Kurinpitolautakunnan p\u00e4\u00e4t\u00f6s 11.12.2025 7.12.2025 pelattu Bandyliigan ottelu Naruker\u00e4-Veiter\u00e4 Kurinpitolautakunnan p\u00e4\u00e4t\u00f6s 11.12.2025 14.12.2025 pelattu Bandyliigan ottelu WP 35-Naruker\u00e4 Kurinpitolautakunnan p\u00e4\u00e4t\u00f6s 18.12.2025 13.12.2025 pelattu U16-sarjan ottelu Naruker\u00e4-OLS Kurinpitolautakunnan p\u00e4\u00e4t\u00f6s 19.12.2005 19.12.2025 pelattu Bandyliigan ottelu Veiter\u00e4-WP 35 Kurinpitolautakunnan p\u00e4\u00e4t\u00f6s 29.12.2025 [&hellip;]<\/p>\n","protected":false},"author":20,"featured_media":0,"parent":242,"menu_order":9,"comment_status":"closed","ping_status":"closed","template":"","meta":{"_monsterinsights_skip_tracking":false,"_monsterinsights_sitenote_active":false,"_monsterinsights_sitenote_note":"","_monsterinsights_sitenote_category":0,"site-sidebar-layout":"default","site-content-layout":"default","ast-site-content-layout":"default","site-content-style":"default","site-sidebar-style":"default","ast-global-header-display":"","ast-banner-title-visibility":"","ast-main-header-display":"","ast-hfb-above-header-display":"","ast-hfb-below-header-display":"","ast-hfb-mobile-header-display":"","site-post-title":"","ast-breadcrumbs-content":"","ast-featured-img":"","footer-sml-layout":"","theme-transparent-header-meta":"default","adv-header-id-meta":"","stick-header-meta":"","header-above-stick-meta":"","header-main-stick-meta":"","header-below-stick-meta":"","astra-migrate-meta-layouts":"set","ast-page-background-enabled":"default","ast-page-background-meta":{"desktop":{"background-color":"var(--ast-global-color-4)","background-image":"","background-repeat":"repeat","background-position":"center center","background-size":"auto","background-attachment":"scroll","background-type":"","background-media":"","overlay-type":"","overlay-color":"","overlay-opacity":"","overlay-gradient":""},"tablet":{"background-color":"","background-image":"","background-repeat":"repeat","background-position":"center center","background-size":"auto","background-attachment":"scroll","background-type":"","background-media":"","overlay-type":"","overlay-color":"","overlay-opacity":"","overlay-gradient":""},"mobile":{"background-color":"","background-image":"","background-repeat":"repeat","background-position":"center center","background-size":"auto","background-attachment":"scroll","background-type":"","background-media":"","overlay-type":"","overlay-color":"","overlay-opacity":"","overlay-gradient":""}},"ast-content-background-meta":{"desktop":{"background-color":"var(--ast-global-color-5)","background-image":"","background-repeat":"repeat","background-position":"center center","background-size":"auto","background-attachment":"scroll","background-type":"","background-media":"","overlay-type":"","overlay-color":"","overlay-opacity":"","overlay-gradient":""},"tablet":{"background-color":"var(--ast-global-color-5)","background-image":"","background-repeat":"repeat","background-position":"center center","background-size":"auto","background-attachment":"scroll","background-type":"","background-media":"","overlay-type":"","overlay-color":"","overlay-opacity":"","overlay-gradient":""},"mobile":{"background-color":"var(--ast-global-color-5)","background-image":"","background-repeat":"repeat","background-position":"center center","background-size":"auto","background-attachment":"scroll","background-type":"","background-media":"","overlay-type":"","overlay-color":"","overlay-opacity":"","overlay-gradient":""}},"footnotes":"","_expiration-date-status":"","_expiration-date":0,"_expiration-date-type":"","_expiration-date-categories":[],"_expiration-date-options":[]},"class_list":["post-17829","page","type-page","status-publish","hentry"],"yoast_head":"<!-- This site is optimized with the Yoast SEO plugin v19.7.1 - https:\/\/yoast.com\/wordpress\/plugins\/seo\/ -->\n<title>Kurinpitop\u00e4\u00e4t\u00f6kset - Suomen J\u00e4\u00e4palloliitto<\/title>\n<meta name=\"robots\" content=\"index, follow, max-snippet:-1, max-image-preview:large, max-video-preview:-1\" \/>\n<link rel=\"canonical\" href=\"https:\/\/www.finbandy.fi\/fi\/bandyliiga\/kurinpitopaatokset\/\" \/>\n<meta property=\"og:locale\" content=\"fi_FI\" \/>\n<meta property=\"og:type\" content=\"article\" \/>\n<meta property=\"og:title\" content=\"Kurinpitop\u00e4\u00e4t\u00f6kset - Suomen J\u00e4\u00e4palloliitto\" \/>\n<meta property=\"og:description\" content=\"Kausi 2025-26, kurinpitolautakunnan p\u00e4\u00e4t\u00f6kset \u00a0 7.12.2025 pelattu Bandyliigan ottelu OLS-Botnia Kurinpitolautakunnan p\u00e4\u00e4t\u00f6s 11.12.2025 7.12.2025 pelattu Bandyliigan ottelu OLS-Botnia Kurinpitolautakunnan p\u00e4\u00e4t\u00f6s 11.12.2025 7.12.2025 pelattu Bandyliigan ottelu Naruker\u00e4-Veiter\u00e4 Kurinpitolautakunnan p\u00e4\u00e4t\u00f6s 11.12.2025 14.12.2025 pelattu Bandyliigan ottelu WP 35-Naruker\u00e4 Kurinpitolautakunnan p\u00e4\u00e4t\u00f6s 18.12.2025 13.12.2025 pelattu U16-sarjan ottelu Naruker\u00e4-OLS Kurinpitolautakunnan p\u00e4\u00e4t\u00f6s 19.12.2005 19.12.2025 pelattu Bandyliigan ottelu Veiter\u00e4-WP 35 Kurinpitolautakunnan p\u00e4\u00e4t\u00f6s 29.12.2025 [&hellip;]\" \/>\n<meta property=\"og:url\" content=\"https:\/\/www.finbandy.fi\/fi\/bandyliiga\/kurinpitopaatokset\/\" \/>\n<meta property=\"og:site_name\" content=\"Suomen J\u00e4\u00e4palloliitto\" \/>\n<meta property=\"article:modified_time\" content=\"2026-03-09T09:11:38+00:00\" \/>\n<meta name=\"twitter:card\" content=\"summary_large_image\" \/>\n<meta name=\"twitter:label1\" content=\"Arvioitu lukuaika\" \/>\n\t<meta name=\"twitter:data1\" content=\"2 minuuttia\" \/>\n<script type=\"application\/ld+json\" class=\"yoast-schema-graph\">{\"@context\":\"https:\/\/schema.org\",\"@graph\":[{\"@type\":\"WebPage\",\"@id\":\"https:\/\/www.finbandy.fi\/fi\/bandyliiga\/kurinpitopaatokset\/\",\"url\":\"https:\/\/www.finbandy.fi\/fi\/bandyliiga\/kurinpitopaatokset\/\",\"name\":\"Kurinpitop\u00e4\u00e4t\u00f6kset - Suomen J\u00e4\u00e4palloliitto\",\"isPartOf\":{\"@id\":\"https:\/\/www.finbandy.fi\/fi\/#website\"},\"datePublished\":\"2020-11-27T14:36:46+00:00\",\"dateModified\":\"2026-03-09T09:11:38+00:00\",\"breadcrumb\":{\"@id\":\"https:\/\/www.finbandy.fi\/fi\/bandyliiga\/kurinpitopaatokset\/#breadcrumb\"},\"inLanguage\":\"fi\",\"potentialAction\":[{\"@type\":\"ReadAction\",\"target\":[\"https:\/\/www.finbandy.fi\/fi\/bandyliiga\/kurinpitopaatokset\/\"]}]},{\"@type\":\"BreadcrumbList\",\"@id\":\"https:\/\/www.finbandy.fi\/fi\/bandyliiga\/kurinpitopaatokset\/#breadcrumb\",\"itemListElement\":[{\"@type\":\"ListItem\",\"position\":1,\"name\":\"Etusivu\",\"item\":\"https:\/\/www.finbandy.fi\/fi\/\"},{\"@type\":\"ListItem\",\"position\":2,\"name\":\"Bandyliiga\",\"item\":\"https:\/\/www.finbandy.fi\/fi\/bandyliiga\/\"},{\"@type\":\"ListItem\",\"position\":3,\"name\":\"Kurinpitop\u00e4\u00e4t\u00f6kset\"}]},{\"@type\":\"WebSite\",\"@id\":\"https:\/\/www.finbandy.fi\/fi\/#website\",\"url\":\"https:\/\/www.finbandy.fi\/fi\/\",\"name\":\"Suomen J\u00e4\u00e4palloliitto\",\"description\":\"\",\"potentialAction\":[{\"@type\":\"SearchAction\",\"target\":{\"@type\":\"EntryPoint\",\"urlTemplate\":\"https:\/\/www.finbandy.fi\/fi\/?s={search_term_string}\"},\"query-input\":\"required name=search_term_string\"}],\"inLanguage\":\"fi\"}]}<\/script>\n<!-- \/ Yoast SEO plugin. -->","yoast_head_json":{"title":"Kurinpitop\u00e4\u00e4t\u00f6kset - Suomen J\u00e4\u00e4palloliitto","robots":{"index":"index","follow":"follow","max-snippet":"max-snippet:-1","max-image-preview":"max-image-preview:large","max-video-preview":"max-video-preview:-1"},"canonical":"https:\/\/www.finbandy.fi\/fi\/bandyliiga\/kurinpitopaatokset\/","og_locale":"fi_FI","og_type":"article","og_title":"Kurinpitop\u00e4\u00e4t\u00f6kset - Suomen J\u00e4\u00e4palloliitto","og_description":"Kausi 2025-26, kurinpitolautakunnan p\u00e4\u00e4t\u00f6kset \u00a0 7.12.2025 pelattu Bandyliigan ottelu OLS-Botnia Kurinpitolautakunnan p\u00e4\u00e4t\u00f6s 11.12.2025 7.12.2025 pelattu Bandyliigan ottelu OLS-Botnia Kurinpitolautakunnan p\u00e4\u00e4t\u00f6s 11.12.2025 7.12.2025 pelattu Bandyliigan ottelu Naruker\u00e4-Veiter\u00e4 Kurinpitolautakunnan p\u00e4\u00e4t\u00f6s 11.12.2025 14.12.2025 pelattu Bandyliigan ottelu WP 35-Naruker\u00e4 Kurinpitolautakunnan p\u00e4\u00e4t\u00f6s 18.12.2025 13.12.2025 pelattu U16-sarjan ottelu Naruker\u00e4-OLS Kurinpitolautakunnan p\u00e4\u00e4t\u00f6s 19.12.2005 19.12.2025 pelattu Bandyliigan ottelu Veiter\u00e4-WP 35 Kurinpitolautakunnan p\u00e4\u00e4t\u00f6s 29.12.2025 [&hellip;]","og_url":"https:\/\/www.finbandy.fi\/fi\/bandyliiga\/kurinpitopaatokset\/","og_site_name":"Suomen J\u00e4\u00e4palloliitto","article_modified_time":"2026-03-09T09:11:38+00:00","twitter_card":"summary_large_image","twitter_misc":{"Arvioitu lukuaika":"2 minuuttia"},"schema":{"@context":"https:\/\/schema.org","@graph":[{"@type":"WebPage","@id":"https:\/\/www.finbandy.fi\/fi\/bandyliiga\/kurinpitopaatokset\/","url":"https:\/\/www.finbandy.fi\/fi\/bandyliiga\/kurinpitopaatokset\/","name":"Kurinpitop\u00e4\u00e4t\u00f6kset - Suomen J\u00e4\u00e4palloliitto","isPartOf":{"@id":"https:\/\/www.finbandy.fi\/fi\/#website"},"datePublished":"2020-11-27T14:36:46+00:00","dateModified":"2026-03-09T09:11:38+00:00","breadcrumb":{"@id":"https:\/\/www.finbandy.fi\/fi\/bandyliiga\/kurinpitopaatokset\/#breadcrumb"},"inLanguage":"fi","potentialAction":[{"@type":"ReadAction","target":["https:\/\/www.finbandy.fi\/fi\/bandyliiga\/kurinpitopaatokset\/"]}]},{"@type":"BreadcrumbList","@id":"https:\/\/www.finbandy.fi\/fi\/bandyliiga\/kurinpitopaatokset\/#breadcrumb","itemListElement":[{"@type":"ListItem","position":1,"name":"Etusivu","item":"https:\/\/www.finbandy.fi\/fi\/"},{"@type":"ListItem","position":2,"name":"Bandyliiga","item":"https:\/\/www.finbandy.fi\/fi\/bandyliiga\/"},{"@type":"ListItem","position":3,"name":"Kurinpitop\u00e4\u00e4t\u00f6kset"}]},{"@type":"WebSite","@id":"https:\/\/www.finbandy.fi\/fi\/#website","url":"https:\/\/www.finbandy.fi\/fi\/","name":"Suomen J\u00e4\u00e4palloliitto","description":"","potentialAction":[{"@type":"SearchAction","target":{"@type":"EntryPoint","urlTemplate":"https:\/\/www.finbandy.fi\/fi\/?s={search_term_string}"},"query-input":"required name=search_term_string"}],"inLanguage":"fi"}]}},"_links":{"self":[{"href":"https:\/\/www.finbandy.fi\/fi\/wp-json\/wp\/v2\/pages\/17829"}],"collection":[{"href":"https:\/\/www.finbandy.fi\/fi\/wp-json\/wp\/v2\/pages"}],"about":[{"href":"https:\/\/www.finbandy.fi\/fi\/wp-json\/wp\/v2\/types\/page"}],"author":[{"embeddable":true,"href":"https:\/\/www.finbandy.fi\/fi\/wp-json\/wp\/v2\/users\/20"}],"replies":[{"embeddable":true,"href":"https:\/\/www.finbandy.fi\/fi\/wp-json\/wp\/v2\/comments?post=17829"}],"version-history":[{"count":99,"href":"https:\/\/www.finbandy.fi\/fi\/wp-json\/wp\/v2\/pages\/17829\/revisions"}],"predecessor-version":[{"id":24574,"href":"https:\/\/www.finbandy.fi\/fi\/wp-json\/wp\/v2\/pages\/17829\/revisions\/24574"}],"up":[{"embeddable":true,"href":"https:\/\/www.finbandy.fi\/fi\/wp-json\/wp\/v2\/pages\/242"}],"wp:attachment":[{"href":"https:\/\/www.finbandy.fi\/fi\/wp-json\/wp\/v2\/media?parent=17829"}],"curies":[{"name":"wp","href":"https:\/\/api.w.org\/{rel}","templated":true}]}}