{"id":19,"date":"2013-11-07T13:31:56","date_gmt":"2013-11-07T11:31:56","guid":{"rendered":"https:\/\/www.finbandy.fi\/fi\/?page_id=19"},"modified":"2020-03-03T09:40:42","modified_gmt":"2020-03-03T07:40:42","slug":"jaapallolehti","status":"publish","type":"page","link":"https:\/\/www.finbandy.fi\/fi\/uutiset\/jaapallolehti\/","title":{"rendered":"J\u00e4\u00e4pallokirja"},"content":{"rendered":"<div id=\"wp_fb_like_button\" style=\"margin:5px 0;float:none;height:50px;\"><script src=\"http:\/\/connect.facebook.net\/en_US\/all.js#xfbml=1\"><\/script><fb:like href=\"https:\/\/www.finbandy.fi\/fi\/uutiset\/jaapallolehti\/\" send=\"true\" layout=\"button_count\" width=\"400\" show_faces=\"false\" font=\"arial\" action=\"like\" colorscheme=\"light\"><\/fb:like><\/div><p>J\u00e4\u00e4pallokirja 2020, <a href=\"https:\/\/www.finbandy.fi\/fi\/wp-content\/uploads\/2019\/11\/JPK2020-net.pdf\">lue t\u00e4st\u00e4<\/a>.<\/p>\n<p>J\u00e4\u00e4pallokirja 2019 , <a href=\"http:\/\/www.finbandy.fi\/sjpl\/doc\/JPK2019.pdf\">lue t\u00e4st\u00e4<\/a>.<\/p>\n<p>J\u00e4\u00e4pallokirja 2018 <a href=\"http:\/\/www.finbandy.fi\/sjpl\/doc\/JPK 2018 net.pdf\">PDF muodossa<\/a><\/p>\n<p>J\u00e4\u00e4pallokirja 2017 <a href=\"http:\/\/www.finbandy.fi\/sjpl\/doc\/JPK2017net.pdf\">PDF muodossa<\/a><\/p>\n<p>J\u00e4\u00e4pallokirja 2016 <a href=\"http:\/\/www.finbandy.fi\/sjpl\/doc\/JPK2016.pdf\">PDF muodossa<\/a><\/p>\n<p>J\u00e4\u00e4pallokirja 2015 <a href=\"http:\/\/www.finbandy.fi\/sjpl\/doc\/JPK2015A.pdf\">PDF versiona<\/a><\/p>\n<p><a href=\"https:\/\/www.finbandy.fi\/fi\/wp-content\/uploads\/2018\/11\/2019.jpg\"><img fetchpriority=\"high\" decoding=\"async\" class=\"alignnone size-medium wp-image-14462\" src=\"https:\/\/www.finbandy.fi\/fi\/wp-content\/uploads\/2018\/11\/2019-211x300.jpg\" alt=\"\" width=\"211\" height=\"300\" srcset=\"https:\/\/www.finbandy.fi\/fi\/wp-content\/uploads\/2018\/11\/2019-211x300.jpg 211w, https:\/\/www.finbandy.fi\/fi\/wp-content\/uploads\/2018\/11\/2019.jpg 419w\" sizes=\"(max-width: 211px) 100vw, 211px\" \/><\/a><\/p>\n<p>ja selainversiona<\/p>\n<p><iframe style=\"width: 600px; height: 375px;\" src=\"http:\/\/online.fliphtml5.com\/ylqi\/kffc\/index.html\" width=\"320\" height=\"240\"><\/iframe><\/p>\n<p>Viimeisin j\u00e4\u00e4pallolehti PDF-muodossa [tiedoston koko on 6 Mb]<a href=\"http:\/\/www.gemini.fi\/jplehti\/2012.pdf\"> t\u00e4st\u00e4.<\/a><\/p>\n","protected":false},"excerpt":{"rendered":"<p>J\u00e4\u00e4pallokirja 2020, lue t\u00e4st\u00e4. J\u00e4\u00e4pallokirja 2019 , lue t\u00e4st\u00e4. J\u00e4\u00e4pallokirja 2018 PDF muodossa J\u00e4\u00e4pallokirja 2017 PDF muodossa J\u00e4\u00e4pallokirja 2016 PDF muodossa J\u00e4\u00e4pallokirja 2015 PDF versiona ja selainversiona Viimeisin j\u00e4\u00e4pallolehti PDF-muodossa [tiedoston koko on 6 Mb] t\u00e4st\u00e4.<\/p>\n","protected":false},"author":1,"featured_media":7087,"parent":11,"menu_order":3,"comment_status":"open","ping_status":"open","template":"yksittainen.php","meta":{"_monsterinsights_skip_tracking":false,"_monsterinsights_sitenote_active":false,"_monsterinsights_sitenote_note":"","_monsterinsights_sitenote_category":0,"site-sidebar-layout":"default","site-content-layout":"","ast-site-content-layout":"","site-content-style":"default","site-sidebar-style":"default","ast-global-header-display":"","ast-banner-title-visibility":"","ast-main-header-display":"","ast-hfb-above-header-display":"","ast-hfb-below-header-display":"","ast-hfb-mobile-header-display":"","site-post-title":"","ast-breadcrumbs-content":"","ast-featured-img":"","footer-sml-layout":"","theme-transparent-header-meta":"","adv-header-id-meta":"","stick-header-meta":"","header-above-stick-meta":"","header-main-stick-meta":"","header-below-stick-meta":"","astra-migrate-meta-layouts":"default","ast-page-background-enabled":"default","ast-page-background-meta":{"desktop":{"background-color":"var(--ast-global-color-4)","background-image":"","background-repeat":"repeat","background-position":"center center","background-size":"auto","background-attachment":"scroll","background-type":"","background-media":"","overlay-type":"","overlay-color":"","overlay-opacity":"","overlay-gradient":""},"tablet":{"background-color":"","background-image":"","background-repeat":"repeat","background-position":"center center","background-size":"auto","background-attachment":"scroll","background-type":"","background-media":"","overlay-type":"","overlay-color":"","overlay-opacity":"","overlay-gradient":""},"mobile":{"background-color":"","background-image":"","background-repeat":"repeat","background-position":"center center","background-size":"auto","background-attachment":"scroll","background-type":"","background-media":"","overlay-type":"","overlay-color":"","overlay-opacity":"","overlay-gradient":""}},"ast-content-background-meta":{"desktop":{"background-color":"var(--ast-global-color-5)","background-image":"","background-repeat":"repeat","background-position":"center center","background-size":"auto","background-attachment":"scroll","background-type":"","background-media":"","overlay-type":"","overlay-color":"","overlay-opacity":"","overlay-gradient":""},"tablet":{"background-color":"var(--ast-global-color-5)","background-image":"","background-repeat":"repeat","background-position":"center center","background-size":"auto","background-attachment":"scroll","background-type":"","background-media":"","overlay-type":"","overlay-color":"","overlay-opacity":"","overlay-gradient":""},"mobile":{"background-color":"var(--ast-global-color-5)","background-image":"","background-repeat":"repeat","background-position":"center center","background-size":"auto","background-attachment":"scroll","background-type":"","background-media":"","overlay-type":"","overlay-color":"","overlay-opacity":"","overlay-gradient":""}},"footnotes":"","_expiration-date-status":"saved","_expiration-date":0,"_expiration-date-type":"","_expiration-date-categories":[],"_expiration-date-options":[]},"class_list":["post-19","page","type-page","status-publish","has-post-thumbnail","hentry"],"yoast_head":"<!-- This site is optimized with the Yoast SEO plugin v19.7.1 - https:\/\/yoast.com\/wordpress\/plugins\/seo\/ -->\n<title>J\u00e4\u00e4pallokirja - Suomen J\u00e4\u00e4palloliitto<\/title>\n<meta name=\"robots\" content=\"index, follow, max-snippet:-1, max-image-preview:large, max-video-preview:-1\" \/>\n<link rel=\"canonical\" href=\"https:\/\/www.finbandy.fi\/fi\/uutiset\/jaapallolehti\/\" \/>\n<meta property=\"og:locale\" content=\"fi_FI\" \/>\n<meta property=\"og:type\" content=\"article\" \/>\n<meta property=\"og:title\" content=\"J\u00e4\u00e4pallokirja - Suomen J\u00e4\u00e4palloliitto\" \/>\n<meta property=\"og:description\" content=\"J\u00e4\u00e4pallokirja 2020, lue t\u00e4st\u00e4. J\u00e4\u00e4pallokirja 2019 , lue t\u00e4st\u00e4. J\u00e4\u00e4pallokirja 2018 PDF muodossa J\u00e4\u00e4pallokirja 2017 PDF muodossa J\u00e4\u00e4pallokirja 2016 PDF muodossa J\u00e4\u00e4pallokirja 2015 PDF versiona ja selainversiona Viimeisin j\u00e4\u00e4pallolehti PDF-muodossa [tiedoston koko on 6 Mb] t\u00e4st\u00e4.\" \/>\n<meta property=\"og:url\" content=\"https:\/\/www.finbandy.fi\/fi\/uutiset\/jaapallolehti\/\" \/>\n<meta property=\"og:site_name\" content=\"Suomen J\u00e4\u00e4palloliitto\" \/>\n<meta property=\"article:modified_time\" content=\"2020-03-03T07:40:42+00:00\" \/>\n<meta property=\"og:image\" content=\"https:\/\/www.finbandy.fi\/fi\/wp-content\/uploads\/2013\/11\/kansi1.jpg\" \/>\n\t<meta property=\"og:image:width\" content=\"414\" \/>\n\t<meta property=\"og:image:height\" content=\"591\" \/>\n\t<meta property=\"og:image:type\" content=\"image\/jpeg\" \/>\n<meta name=\"twitter:card\" content=\"summary_large_image\" \/>\n<script type=\"application\/ld+json\" class=\"yoast-schema-graph\">{\"@context\":\"https:\/\/schema.org\",\"@graph\":[{\"@type\":\"WebPage\",\"@id\":\"https:\/\/www.finbandy.fi\/fi\/uutiset\/jaapallolehti\/\",\"url\":\"https:\/\/www.finbandy.fi\/fi\/uutiset\/jaapallolehti\/\",\"name\":\"J\u00e4\u00e4pallokirja - Suomen J\u00e4\u00e4palloliitto\",\"isPartOf\":{\"@id\":\"https:\/\/www.finbandy.fi\/fi\/#website\"},\"datePublished\":\"2013-11-07T11:31:56+00:00\",\"dateModified\":\"2020-03-03T07:40:42+00:00\",\"breadcrumb\":{\"@id\":\"https:\/\/www.finbandy.fi\/fi\/uutiset\/jaapallolehti\/#breadcrumb\"},\"inLanguage\":\"fi\",\"potentialAction\":[{\"@type\":\"ReadAction\",\"target\":[\"https:\/\/www.finbandy.fi\/fi\/uutiset\/jaapallolehti\/\"]}]},{\"@type\":\"BreadcrumbList\",\"@id\":\"https:\/\/www.finbandy.fi\/fi\/uutiset\/jaapallolehti\/#breadcrumb\",\"itemListElement\":[{\"@type\":\"ListItem\",\"position\":1,\"name\":\"Etusivu\",\"item\":\"https:\/\/www.finbandy.fi\/fi\/\"},{\"@type\":\"ListItem\",\"position\":2,\"name\":\"Uutiset\",\"item\":\"https:\/\/www.finbandy.fi\/fi\/uutiset\/\"},{\"@type\":\"ListItem\",\"position\":3,\"name\":\"J\u00e4\u00e4pallokirja\"}]},{\"@type\":\"WebSite\",\"@id\":\"https:\/\/www.finbandy.fi\/fi\/#website\",\"url\":\"https:\/\/www.finbandy.fi\/fi\/\",\"name\":\"Suomen J\u00e4\u00e4palloliitto\",\"description\":\"\",\"potentialAction\":[{\"@type\":\"SearchAction\",\"target\":{\"@type\":\"EntryPoint\",\"urlTemplate\":\"https:\/\/www.finbandy.fi\/fi\/?s={search_term_string}\"},\"query-input\":\"required name=search_term_string\"}],\"inLanguage\":\"fi\"}]}<\/script>\n<!-- \/ Yoast SEO plugin. -->","yoast_head_json":{"title":"J\u00e4\u00e4pallokirja - Suomen J\u00e4\u00e4palloliitto","robots":{"index":"index","follow":"follow","max-snippet":"max-snippet:-1","max-image-preview":"max-image-preview:large","max-video-preview":"max-video-preview:-1"},"canonical":"https:\/\/www.finbandy.fi\/fi\/uutiset\/jaapallolehti\/","og_locale":"fi_FI","og_type":"article","og_title":"J\u00e4\u00e4pallokirja - Suomen J\u00e4\u00e4palloliitto","og_description":"J\u00e4\u00e4pallokirja 2020, lue t\u00e4st\u00e4. J\u00e4\u00e4pallokirja 2019 , lue t\u00e4st\u00e4. J\u00e4\u00e4pallokirja 2018 PDF muodossa J\u00e4\u00e4pallokirja 2017 PDF muodossa J\u00e4\u00e4pallokirja 2016 PDF muodossa J\u00e4\u00e4pallokirja 2015 PDF versiona ja selainversiona Viimeisin j\u00e4\u00e4pallolehti PDF-muodossa [tiedoston koko on 6 Mb] t\u00e4st\u00e4.","og_url":"https:\/\/www.finbandy.fi\/fi\/uutiset\/jaapallolehti\/","og_site_name":"Suomen J\u00e4\u00e4palloliitto","article_modified_time":"2020-03-03T07:40:42+00:00","og_image":[{"width":414,"height":591,"url":"https:\/\/www.finbandy.fi\/fi\/wp-content\/uploads\/2013\/11\/kansi1.jpg","type":"image\/jpeg"}],"twitter_card":"summary_large_image","schema":{"@context":"https:\/\/schema.org","@graph":[{"@type":"WebPage","@id":"https:\/\/www.finbandy.fi\/fi\/uutiset\/jaapallolehti\/","url":"https:\/\/www.finbandy.fi\/fi\/uutiset\/jaapallolehti\/","name":"J\u00e4\u00e4pallokirja - Suomen J\u00e4\u00e4palloliitto","isPartOf":{"@id":"https:\/\/www.finbandy.fi\/fi\/#website"},"datePublished":"2013-11-07T11:31:56+00:00","dateModified":"2020-03-03T07:40:42+00:00","breadcrumb":{"@id":"https:\/\/www.finbandy.fi\/fi\/uutiset\/jaapallolehti\/#breadcrumb"},"inLanguage":"fi","potentialAction":[{"@type":"ReadAction","target":["https:\/\/www.finbandy.fi\/fi\/uutiset\/jaapallolehti\/"]}]},{"@type":"BreadcrumbList","@id":"https:\/\/www.finbandy.fi\/fi\/uutiset\/jaapallolehti\/#breadcrumb","itemListElement":[{"@type":"ListItem","position":1,"name":"Etusivu","item":"https:\/\/www.finbandy.fi\/fi\/"},{"@type":"ListItem","position":2,"name":"Uutiset","item":"https:\/\/www.finbandy.fi\/fi\/uutiset\/"},{"@type":"ListItem","position":3,"name":"J\u00e4\u00e4pallokirja"}]},{"@type":"WebSite","@id":"https:\/\/www.finbandy.fi\/fi\/#website","url":"https:\/\/www.finbandy.fi\/fi\/","name":"Suomen J\u00e4\u00e4palloliitto","description":"","potentialAction":[{"@type":"SearchAction","target":{"@type":"EntryPoint","urlTemplate":"https:\/\/www.finbandy.fi\/fi\/?s={search_term_string}"},"query-input":"required name=search_term_string"}],"inLanguage":"fi"}]}},"_links":{"self":[{"href":"https:\/\/www.finbandy.fi\/fi\/wp-json\/wp\/v2\/pages\/19"}],"collection":[{"href":"https:\/\/www.finbandy.fi\/fi\/wp-json\/wp\/v2\/pages"}],"about":[{"href":"https:\/\/www.finbandy.fi\/fi\/wp-json\/wp\/v2\/types\/page"}],"author":[{"embeddable":true,"href":"https:\/\/www.finbandy.fi\/fi\/wp-json\/wp\/v2\/users\/1"}],"replies":[{"embeddable":true,"href":"https:\/\/www.finbandy.fi\/fi\/wp-json\/wp\/v2\/comments?post=19"}],"version-history":[{"count":21,"href":"https:\/\/www.finbandy.fi\/fi\/wp-json\/wp\/v2\/pages\/19\/revisions"}],"predecessor-version":[{"id":16955,"href":"https:\/\/www.finbandy.fi\/fi\/wp-json\/wp\/v2\/pages\/19\/revisions\/16955"}],"up":[{"embeddable":true,"href":"https:\/\/www.finbandy.fi\/fi\/wp-json\/wp\/v2\/pages\/11"}],"wp:featuredmedia":[{"embeddable":true,"href":"https:\/\/www.finbandy.fi\/fi\/wp-json\/wp\/v2\/media\/7087"}],"wp:attachment":[{"href":"https:\/\/www.finbandy.fi\/fi\/wp-json\/wp\/v2\/media?parent=19"}],"curies":[{"name":"wp","href":"https:\/\/api.w.org\/{rel}","templated":true}]}}