{"id":1934,"date":"2014-01-02T08:53:25","date_gmt":"2014-01-02T06:53:25","guid":{"rendered":"https:\/\/www.finbandy.fi\/fi\/?page_id=1934"},"modified":"2019-10-10T13:43:02","modified_gmt":"2019-10-10T10:43:02","slug":"botnia-69-ry-botnia","status":"publish","type":"page","link":"https:\/\/www.finbandy.fi\/fi\/bandyliiga\/liiga-joukkueet\/botnia-69-ry-botnia\/","title":{"rendered":"BOTNIA-69 ry, Botnia"},"content":{"rendered":"<div id=\"wp_fb_like_button\" style=\"margin:5px 0;float:none;height:50px;\"><script src=\"http:\/\/connect.facebook.net\/en_US\/all.js#xfbml=1\"><\/script><fb:like href=\"https:\/\/www.finbandy.fi\/fi\/bandyliiga\/liiga-joukkueet\/botnia-69-ry-botnia\/\" send=\"true\" layout=\"button_count\" width=\"400\" show_faces=\"false\" font=\"arial\" action=\"like\" colorscheme=\"light\"><\/fb:like><\/div><p>Kotipaikka: Helsinki<br \/>\nPerustettu: 1969<\/p>\n<p>Botnia 69 ry co Vesa Per\u00e4j\u00e4rvi<\/p>\n<p>Sysimiehentie 53 bB, 00670 Helsinki<\/p>\n<p>Puheenjohtaja:\u00a0 Vesa Per\u00e4j\u00e4rvi 050 4689 850 edustus@botniabandy.fi<\/p>\n<p>Tiedottaja: Vesa Per\u00e4j\u00e4rvi<\/p>\n<p>Lisenssivastaavat: Edustusjoukkue Vesa Per\u00e4j\u00e4rvi<br \/>\nNuoret Antti Ilves, 050 379 0284, junioripaallikko@botniabandy.fi<\/p>\n<p>BL yhteyshenkil\u00f6: Vesa Per\u00e4j\u00e4rvi 050 4689850, edustus@botniabandy.fi<\/p>\n<p>Turvallisuusvastaava: Teukka Ulander 0400, 811 941 teukka.ulander@bewesport.fi<\/p>\n<p>Kotikentt\u00e4: Oulunkyl\u00e4n tekoj\u00e4\u00e4, K\u00e4skynhaltijantie 11, Helsinki<br \/>\n09 3108 7887<\/p>\n<p>Seuran Internet-sivut: <a href=\"http:\/\/www.botniabandy.fi\">www.botniabandy.fi<\/a><\/p>\n<p>Miesten SM-mitalit: 4 SM (1989,1992,1997), 4 SM-hopeaa, 2 SM-pronssia sek\u00e4 4 naisten ja 38 nuorten mestaruutta.<br \/>\nPohjalaisten opiskelijoiden perustama Botnia pelasi Suomi-sarjassa 8 kautta 1970-77. J\u00e4\u00e4palloliiton liittokokouksen p\u00e4\u00e4t\u00f6ksell\u00e4 Botnia nostettiin SM-sarjaan 10. joukkueena kev\u00e4\u00e4ll\u00e4 1977. Seura on pelannut kautta 1980-81 lukuunottamatta p\u00e4\u00e4sarjatasolla yht\u00e4jaksoisesti 39 kautta ja on maratontaulukossa 8. sijalla.<\/p>\n<p>Seuran historian merkitt\u00e4vimpi\u00e4 henkil\u00f6hahmoja ovat olleet mm. seuran perustajaj\u00e4sen ja vuodesta 1972 puheenjohtajana toiminut Pekka Anttinen, Martti Raikamo, Risto Alaviuhkola, Martti Kosunen, Tuomo Rantalankila, Jari Taimela, Petri K\u00e4rkk\u00e4inen ja Esa M\u00e4\u00e4tt\u00e4. Botnian menestyksellisi\u00e4 valmentajia ovat olleet mm. Pertti Koponen, Antti Parviainen, Toivo Mutanen, Jukka Kaijalainen, Pekka Liikanen ja Esa M\u00e4\u00e4tt\u00e4. Tunnetuimpia pelaajia ovat olleet Esa M\u00e4\u00e4tt\u00e4, Esko Korhonen, Esko Tammilehto, Pasi Inoranta, Ari Kukkonen, Jukka Korhonen, Jukka Salmivaara, Juha Snellman, Stefan K\u00e4mpe, Mikko Aro ja Ville Luostarinen.<\/p>\n<p><strong>Valmentajat 1999-<\/strong><br \/>\n1999-2001 Pertti Koponen<br \/>\n2001-2002 Tapio Tarvainen<br \/>\n2002-2004 Timo Partanen, Pasi Inoranta<br \/>\n2004-2006 Jukka Korhonen<br \/>\n2006-2007 Jouni Tiainen<br \/>\n2007-2008 Jari Hyttinen, Jouni Tiainen<br \/>\n2008-2009 Joona Kovaniemi, Simo Aulavuo, Samuli Heiskala<br \/>\n2009-2010 Joona Kovaniemi, Simo Aulavuo, Esa M\u00e4\u00e4tt\u00e4<\/p>\n<p>2010-2011 Esa M\u00e4\u00e4tt\u00e4<br \/>\n2011-2012 Esa M\u00e4\u00e4tt\u00e4 ja Samuli Heiska2012-2016 Esa M\u00e4\u00e4tt\u00e4 ja Mikko Helme<\/p>\n<p>2016-2017 Esa M\u00e4\u00e4tt\u00e4<\/p>\n<p>2017-2018 Jussi Tapio<\/p>\n<p>2018-2019 Jussi Tapio, Jari Hattunen, Jukka Salmivaara<\/p>\n<p>2019-2020 Artur Fedorov, Tero M\u00e4\u00e4tt\u00e4l\u00e4<\/p>\n","protected":false},"excerpt":{"rendered":"<p>Kotipaikka: Helsinki Perustettu: 1969 Botnia 69 ry co Vesa Per\u00e4j\u00e4rvi Sysimiehentie 53 bB, 00670 Helsinki Puheenjohtaja:\u00a0 Vesa Per\u00e4j\u00e4rvi 050 4689 850 edustus@botniabandy.fi Tiedottaja: Vesa Per\u00e4j\u00e4rvi Lisenssivastaavat: Edustusjoukkue Vesa Per\u00e4j\u00e4rvi Nuoret Antti Ilves, 050 379 0284, junioripaallikko@botniabandy.fi BL yhteyshenkil\u00f6: Vesa Per\u00e4j\u00e4rvi 050 4689850, edustus@botniabandy.fi Turvallisuusvastaava: Teukka Ulander 0400, 811 941 teukka.ulander@bewesport.fi Kotikentt\u00e4: Oulunkyl\u00e4n tekoj\u00e4\u00e4, K\u00e4skynhaltijantie 11, [&hellip;]<\/p>\n","protected":false},"author":1,"featured_media":0,"parent":249,"menu_order":2,"comment_status":"open","ping_status":"open","template":"yksittainen.php","meta":{"_monsterinsights_skip_tracking":false,"_monsterinsights_sitenote_active":false,"_monsterinsights_sitenote_note":"","_monsterinsights_sitenote_category":0,"site-sidebar-layout":"default","site-content-layout":"","ast-site-content-layout":"","site-content-style":"default","site-sidebar-style":"default","ast-global-header-display":"","ast-banner-title-visibility":"","ast-main-header-display":"","ast-hfb-above-header-display":"","ast-hfb-below-header-display":"","ast-hfb-mobile-header-display":"","site-post-title":"","ast-breadcrumbs-content":"","ast-featured-img":"","footer-sml-layout":"","theme-transparent-header-meta":"","adv-header-id-meta":"","stick-header-meta":"","header-above-stick-meta":"","header-main-stick-meta":"","header-below-stick-meta":"","astra-migrate-meta-layouts":"default","ast-page-background-enabled":"default","ast-page-background-meta":{"desktop":{"background-color":"var(--ast-global-color-4)","background-image":"","background-repeat":"repeat","background-position":"center center","background-size":"auto","background-attachment":"scroll","background-type":"","background-media":"","overlay-type":"","overlay-color":"","overlay-opacity":"","overlay-gradient":""},"tablet":{"background-color":"","background-image":"","background-repeat":"repeat","background-position":"center center","background-size":"auto","background-attachment":"scroll","background-type":"","background-media":"","overlay-type":"","overlay-color":"","overlay-opacity":"","overlay-gradient":""},"mobile":{"background-color":"","background-image":"","background-repeat":"repeat","background-position":"center center","background-size":"auto","background-attachment":"scroll","background-type":"","background-media":"","overlay-type":"","overlay-color":"","overlay-opacity":"","overlay-gradient":""}},"ast-content-background-meta":{"desktop":{"background-color":"var(--ast-global-color-5)","background-image":"","background-repeat":"repeat","background-position":"center center","background-size":"auto","background-attachment":"scroll","background-type":"","background-media":"","overlay-type":"","overlay-color":"","overlay-opacity":"","overlay-gradient":""},"tablet":{"background-color":"var(--ast-global-color-5)","background-image":"","background-repeat":"repeat","background-position":"center center","background-size":"auto","background-attachment":"scroll","background-type":"","background-media":"","overlay-type":"","overlay-color":"","overlay-opacity":"","overlay-gradient":""},"mobile":{"background-color":"var(--ast-global-color-5)","background-image":"","background-repeat":"repeat","background-position":"center center","background-size":"auto","background-attachment":"scroll","background-type":"","background-media":"","overlay-type":"","overlay-color":"","overlay-opacity":"","overlay-gradient":""}},"footnotes":"","_expiration-date-status":"saved","_expiration-date":0,"_expiration-date-type":"","_expiration-date-categories":[],"_expiration-date-options":[]},"class_list":["post-1934","page","type-page","status-publish","hentry"],"yoast_head":"<!-- This site is optimized with the Yoast SEO plugin v19.7.1 - https:\/\/yoast.com\/wordpress\/plugins\/seo\/ -->\n<title>BOTNIA-69 ry, Botnia - Suomen J\u00e4\u00e4palloliitto<\/title>\n<meta name=\"robots\" content=\"index, follow, max-snippet:-1, max-image-preview:large, max-video-preview:-1\" \/>\n<link rel=\"canonical\" href=\"https:\/\/www.finbandy.fi\/fi\/bandyliiga\/liiga-joukkueet\/botnia-69-ry-botnia\/\" \/>\n<meta property=\"og:locale\" content=\"fi_FI\" \/>\n<meta property=\"og:type\" content=\"article\" \/>\n<meta property=\"og:title\" content=\"BOTNIA-69 ry, Botnia - Suomen J\u00e4\u00e4palloliitto\" \/>\n<meta property=\"og:description\" content=\"Kotipaikka: Helsinki Perustettu: 1969 Botnia 69 ry co Vesa Per\u00e4j\u00e4rvi Sysimiehentie 53 bB, 00670 Helsinki Puheenjohtaja:\u00a0 Vesa Per\u00e4j\u00e4rvi 050 4689 850 edustus@botniabandy.fi Tiedottaja: Vesa Per\u00e4j\u00e4rvi Lisenssivastaavat: Edustusjoukkue Vesa Per\u00e4j\u00e4rvi Nuoret Antti Ilves, 050 379 0284, junioripaallikko@botniabandy.fi BL yhteyshenkil\u00f6: Vesa Per\u00e4j\u00e4rvi 050 4689850, edustus@botniabandy.fi Turvallisuusvastaava: Teukka Ulander 0400, 811 941 teukka.ulander@bewesport.fi Kotikentt\u00e4: Oulunkyl\u00e4n tekoj\u00e4\u00e4, K\u00e4skynhaltijantie 11, [&hellip;]\" \/>\n<meta property=\"og:url\" content=\"https:\/\/www.finbandy.fi\/fi\/bandyliiga\/liiga-joukkueet\/botnia-69-ry-botnia\/\" \/>\n<meta property=\"og:site_name\" content=\"Suomen J\u00e4\u00e4palloliitto\" \/>\n<meta property=\"article:modified_time\" content=\"2019-10-10T10:43:02+00:00\" \/>\n<meta name=\"twitter:card\" content=\"summary_large_image\" \/>\n<meta name=\"twitter:label1\" content=\"Arvioitu lukuaika\" \/>\n\t<meta name=\"twitter:data1\" content=\"1 minuutti\" \/>\n<script type=\"application\/ld+json\" class=\"yoast-schema-graph\">{\"@context\":\"https:\/\/schema.org\",\"@graph\":[{\"@type\":\"WebPage\",\"@id\":\"https:\/\/www.finbandy.fi\/fi\/bandyliiga\/liiga-joukkueet\/botnia-69-ry-botnia\/\",\"url\":\"https:\/\/www.finbandy.fi\/fi\/bandyliiga\/liiga-joukkueet\/botnia-69-ry-botnia\/\",\"name\":\"BOTNIA-69 ry, Botnia - Suomen J\u00e4\u00e4palloliitto\",\"isPartOf\":{\"@id\":\"https:\/\/www.finbandy.fi\/fi\/#website\"},\"datePublished\":\"2014-01-02T06:53:25+00:00\",\"dateModified\":\"2019-10-10T10:43:02+00:00\",\"breadcrumb\":{\"@id\":\"https:\/\/www.finbandy.fi\/fi\/bandyliiga\/liiga-joukkueet\/botnia-69-ry-botnia\/#breadcrumb\"},\"inLanguage\":\"fi\",\"potentialAction\":[{\"@type\":\"ReadAction\",\"target\":[\"https:\/\/www.finbandy.fi\/fi\/bandyliiga\/liiga-joukkueet\/botnia-69-ry-botnia\/\"]}]},{\"@type\":\"BreadcrumbList\",\"@id\":\"https:\/\/www.finbandy.fi\/fi\/bandyliiga\/liiga-joukkueet\/botnia-69-ry-botnia\/#breadcrumb\",\"itemListElement\":[{\"@type\":\"ListItem\",\"position\":1,\"name\":\"Etusivu\",\"item\":\"https:\/\/www.finbandy.fi\/fi\/\"},{\"@type\":\"ListItem\",\"position\":2,\"name\":\"Bandyliiga\",\"item\":\"https:\/\/www.finbandy.fi\/fi\/bandyliiga\/\"},{\"@type\":\"ListItem\",\"position\":3,\"name\":\"Liigajoukkueet\",\"item\":\"https:\/\/www.finbandy.fi\/fi\/bandyliiga\/liiga-joukkueet\/\"},{\"@type\":\"ListItem\",\"position\":4,\"name\":\"BOTNIA-69 ry, Botnia\"}]},{\"@type\":\"WebSite\",\"@id\":\"https:\/\/www.finbandy.fi\/fi\/#website\",\"url\":\"https:\/\/www.finbandy.fi\/fi\/\",\"name\":\"Suomen J\u00e4\u00e4palloliitto\",\"description\":\"\",\"potentialAction\":[{\"@type\":\"SearchAction\",\"target\":{\"@type\":\"EntryPoint\",\"urlTemplate\":\"https:\/\/www.finbandy.fi\/fi\/?s={search_term_string}\"},\"query-input\":\"required name=search_term_string\"}],\"inLanguage\":\"fi\"}]}<\/script>\n<!-- \/ Yoast SEO plugin. -->","yoast_head_json":{"title":"BOTNIA-69 ry, Botnia - Suomen J\u00e4\u00e4palloliitto","robots":{"index":"index","follow":"follow","max-snippet":"max-snippet:-1","max-image-preview":"max-image-preview:large","max-video-preview":"max-video-preview:-1"},"canonical":"https:\/\/www.finbandy.fi\/fi\/bandyliiga\/liiga-joukkueet\/botnia-69-ry-botnia\/","og_locale":"fi_FI","og_type":"article","og_title":"BOTNIA-69 ry, Botnia - Suomen J\u00e4\u00e4palloliitto","og_description":"Kotipaikka: Helsinki Perustettu: 1969 Botnia 69 ry co Vesa Per\u00e4j\u00e4rvi Sysimiehentie 53 bB, 00670 Helsinki Puheenjohtaja:\u00a0 Vesa Per\u00e4j\u00e4rvi 050 4689 850 edustus@botniabandy.fi Tiedottaja: Vesa Per\u00e4j\u00e4rvi Lisenssivastaavat: Edustusjoukkue Vesa Per\u00e4j\u00e4rvi Nuoret Antti Ilves, 050 379 0284, junioripaallikko@botniabandy.fi BL yhteyshenkil\u00f6: Vesa Per\u00e4j\u00e4rvi 050 4689850, edustus@botniabandy.fi Turvallisuusvastaava: Teukka Ulander 0400, 811 941 teukka.ulander@bewesport.fi Kotikentt\u00e4: Oulunkyl\u00e4n tekoj\u00e4\u00e4, K\u00e4skynhaltijantie 11, [&hellip;]","og_url":"https:\/\/www.finbandy.fi\/fi\/bandyliiga\/liiga-joukkueet\/botnia-69-ry-botnia\/","og_site_name":"Suomen J\u00e4\u00e4palloliitto","article_modified_time":"2019-10-10T10:43:02+00:00","twitter_card":"summary_large_image","twitter_misc":{"Arvioitu lukuaika":"1 minuutti"},"schema":{"@context":"https:\/\/schema.org","@graph":[{"@type":"WebPage","@id":"https:\/\/www.finbandy.fi\/fi\/bandyliiga\/liiga-joukkueet\/botnia-69-ry-botnia\/","url":"https:\/\/www.finbandy.fi\/fi\/bandyliiga\/liiga-joukkueet\/botnia-69-ry-botnia\/","name":"BOTNIA-69 ry, Botnia - Suomen J\u00e4\u00e4palloliitto","isPartOf":{"@id":"https:\/\/www.finbandy.fi\/fi\/#website"},"datePublished":"2014-01-02T06:53:25+00:00","dateModified":"2019-10-10T10:43:02+00:00","breadcrumb":{"@id":"https:\/\/www.finbandy.fi\/fi\/bandyliiga\/liiga-joukkueet\/botnia-69-ry-botnia\/#breadcrumb"},"inLanguage":"fi","potentialAction":[{"@type":"ReadAction","target":["https:\/\/www.finbandy.fi\/fi\/bandyliiga\/liiga-joukkueet\/botnia-69-ry-botnia\/"]}]},{"@type":"BreadcrumbList","@id":"https:\/\/www.finbandy.fi\/fi\/bandyliiga\/liiga-joukkueet\/botnia-69-ry-botnia\/#breadcrumb","itemListElement":[{"@type":"ListItem","position":1,"name":"Etusivu","item":"https:\/\/www.finbandy.fi\/fi\/"},{"@type":"ListItem","position":2,"name":"Bandyliiga","item":"https:\/\/www.finbandy.fi\/fi\/bandyliiga\/"},{"@type":"ListItem","position":3,"name":"Liigajoukkueet","item":"https:\/\/www.finbandy.fi\/fi\/bandyliiga\/liiga-joukkueet\/"},{"@type":"ListItem","position":4,"name":"BOTNIA-69 ry, Botnia"}]},{"@type":"WebSite","@id":"https:\/\/www.finbandy.fi\/fi\/#website","url":"https:\/\/www.finbandy.fi\/fi\/","name":"Suomen J\u00e4\u00e4palloliitto","description":"","potentialAction":[{"@type":"SearchAction","target":{"@type":"EntryPoint","urlTemplate":"https:\/\/www.finbandy.fi\/fi\/?s={search_term_string}"},"query-input":"required name=search_term_string"}],"inLanguage":"fi"}]}},"_links":{"self":[{"href":"https:\/\/www.finbandy.fi\/fi\/wp-json\/wp\/v2\/pages\/1934"}],"collection":[{"href":"https:\/\/www.finbandy.fi\/fi\/wp-json\/wp\/v2\/pages"}],"about":[{"href":"https:\/\/www.finbandy.fi\/fi\/wp-json\/wp\/v2\/types\/page"}],"author":[{"embeddable":true,"href":"https:\/\/www.finbandy.fi\/fi\/wp-json\/wp\/v2\/users\/1"}],"replies":[{"embeddable":true,"href":"https:\/\/www.finbandy.fi\/fi\/wp-json\/wp\/v2\/comments?post=1934"}],"version-history":[{"count":17,"href":"https:\/\/www.finbandy.fi\/fi\/wp-json\/wp\/v2\/pages\/1934\/revisions"}],"predecessor-version":[{"id":19656,"href":"https:\/\/www.finbandy.fi\/fi\/wp-json\/wp\/v2\/pages\/1934\/revisions\/19656"}],"up":[{"embeddable":true,"href":"https:\/\/www.finbandy.fi\/fi\/wp-json\/wp\/v2\/pages\/249"}],"wp:attachment":[{"href":"https:\/\/www.finbandy.fi\/fi\/wp-json\/wp\/v2\/media?parent=1934"}],"curies":[{"name":"wp","href":"https:\/\/api.w.org\/{rel}","templated":true}]}}