{"id":1939,"date":"2014-01-02T08:55:27","date_gmt":"2014-01-02T06:55:27","guid":{"rendered":"https:\/\/www.finbandy.fi\/fi\/?page_id=1939"},"modified":"2022-11-30T10:21:32","modified_gmt":"2022-11-30T08:21:32","slug":"hifk-bandy-ry-hifk","status":"publish","type":"page","link":"https:\/\/www.finbandy.fi\/fi\/bandyliiga\/liiga-joukkueet\/hifk-bandy-ry-hifk\/","title":{"rendered":"HIFK Bandy ry, HIFK"},"content":{"rendered":"<div id=\"wp_fb_like_button\" style=\"margin:5px 0;float:none;height:50px;\"><script src=\"http:\/\/connect.facebook.net\/en_US\/all.js#xfbml=1\"><\/script><fb:like href=\"https:\/\/www.finbandy.fi\/fi\/bandyliiga\/liiga-joukkueet\/hifk-bandy-ry-hifk\/\" send=\"true\" layout=\"button_count\" width=\"400\" show_faces=\"false\" font=\"arial\" action=\"like\" colorscheme=\"light\"><\/fb:like><\/div><p>Kotipaikka: Helsinki<br \/>\nPerustettu: 1897<\/p>\n<p>J\u00e4\u00e4pallojaoston puheenjohtaja: Erik H\u00f6rhammer, puh. +358 44 988 6908, s-posti: erik.horhammer@hifk-bandy.fi<\/p>\n<p>Juniorivastaava: Tommi Paajanen, 0500 359 108, tommi.paajanen(at)edu.hel.fi<\/p>\n<p>Kotikentt\u00e4: Kallion kentt\u00e4, Helsinginkatu 23, Helsinki<br \/>\n09 3103 1642, 050 555 9442<\/p>\n<p>Seuran Internet-sivut:\u00a0<a href=\"http:\/\/www.hifk-bandy.fi\/\">www.hifk-bandy.fi<\/a>, https:\/\/twitter.com\/HIFKBandy<\/p>\n<p>Miesten SM-mitalit: 17 SM, 23 SM-hopeaa, 10 SM-pronssia sek\u00e4 3 naisten ja 18 nuorten mestaruutta.<br \/>\nYleisseurana 1897 perustettu IFK Helsingfors aloitti j\u00e4\u00e4pallotoiminnan Viking Hulld\u00e8nin johdolla syksyll\u00e4 1907. IFK oli toisena finalistina kahdella ensimm\u00e4isell\u00e4 kaudella 1908 ja 1909. Teekkareiden urheiluseura PUS voitti molemmat finaalit ja kaksi ensimm\u00e4ist\u00e4 mestaruutta. Sen j\u00e4lkeen alkoi IFK:n menestysputki, joka toi seuralle nelj\u00e4 mestaruutta per\u00e4kk\u00e4in 1910-13. HIFK on pelannut p\u00e4\u00e4sarjatasolla 75 kautta ja on t\u00e4ll\u00e4 hetkell\u00e4 maratontaulukossa 2. sijalla OLS:n j\u00e4lkeen.<\/p>\n<p>Helsingin IFK:n j\u00e4\u00e4pallohistorian merkitt\u00e4vimpi\u00e4 henk\u00f6hahmoja ovat olleet mm. Pehr \u201dPelle\u201d Lindholm, Sture Svanstr\u00f6m, Elof \u201dLoffe\u201d Landgren, Rauno \u201dAksu\u201d Kauria, Hannes Julkunen, Olli Kivi, Veikko \u201dVeka\u201d Niemel\u00e4, Jouko Jurvainen ja Kauko Rautiainen. T\u00e4htirintojen legendaarisimpia pelaajia ovat mm. Erik \u201dAsken\u201d \u00c5berg, Torsten \u201dTjycken\u201d Svanstr\u00f6m, Herbert \u201dH\u00e4bi\u201d Lundstr\u00f6m, Kalevi \u201dMuku\u201d Pirkola, Jarmo \u201dJallu\u201d Haavisto, Veikko \u201dVetsa\u201d Niemikorpi ja Mika \u201dMuti\u201d Mutikainen.<\/p>\n<p><strong>Valmentajat 1999-<\/strong><\/p>\n<p style=\"margin: 0cm; margin-bottom: .0001pt;\">1999-2000 Timo Wallius<br \/>\n2000-2001 Ari Kukkonen<br \/>\n2001-2002 Tuomo S\u00e4\u00e4v\u00e4l\u00e4, Timo Wallius<br \/>\n2002-2003 Tuomo S\u00e4\u00e4v\u00e4l\u00e4<br \/>\n2003-2006 Juha Laitinen<br \/>\n2006-2008 Timo Partanen<br \/>\n2008-2011 Ari Kukkonen ja Juha Laitinen<br \/>\n2011-2015 Juha Laitinen, Jari Hyttinen, Ari Kukkonen ja Petri Laakso<\/p>\n<p style=\"margin: 0cm; margin-bottom: .0001pt;\">2015-2016 Jari Hyttinen ja Juha Laitinen<\/p>\n<p style=\"margin: 0cm; margin-bottom: .0001pt;\">2016-2017 Ari Kukkonen ja Juha Laitinen<\/p>\n<p style=\"margin: 0cm; margin-bottom: .0001pt;\">2017-2019 Juha Laitinen ja Teemu Laitinen<\/p>\n<p>2019-2020 Juha Laitinen, Teemu Laitinen, Ari Kukkonen, Petri Laakso<\/p>\n","protected":false},"excerpt":{"rendered":"<p>Kotipaikka: Helsinki Perustettu: 1897 J\u00e4\u00e4pallojaoston puheenjohtaja: Erik H\u00f6rhammer, puh. +358 44 988 6908, s-posti: erik.horhammer@hifk-bandy.fi Juniorivastaava: Tommi Paajanen, 0500 359 108, tommi.paajanen(at)edu.hel.fi Kotikentt\u00e4: Kallion kentt\u00e4, Helsinginkatu 23, Helsinki 09 3103 1642, 050 555 9442 Seuran Internet-sivut:\u00a0www.hifk-bandy.fi, https:\/\/twitter.com\/HIFKBandy Miesten SM-mitalit: 17 SM, 23 SM-hopeaa, 10 SM-pronssia sek\u00e4 3 naisten ja 18 nuorten mestaruutta. Yleisseurana 1897 perustettu [&hellip;]<\/p>\n","protected":false},"author":1,"featured_media":0,"parent":249,"menu_order":3,"comment_status":"open","ping_status":"open","template":"","meta":{"_monsterinsights_skip_tracking":false,"_monsterinsights_sitenote_active":false,"_monsterinsights_sitenote_note":"","_monsterinsights_sitenote_category":0,"site-sidebar-layout":"default","site-content-layout":"default","ast-site-content-layout":"","site-content-style":"default","site-sidebar-style":"default","ast-global-header-display":"","ast-banner-title-visibility":"","ast-main-header-display":"","ast-hfb-above-header-display":"","ast-hfb-below-header-display":"","ast-hfb-mobile-header-display":"","site-post-title":"","ast-breadcrumbs-content":"","ast-featured-img":"","footer-sml-layout":"","theme-transparent-header-meta":"default","adv-header-id-meta":"","stick-header-meta":"","header-above-stick-meta":"","header-main-stick-meta":"","header-below-stick-meta":"","astra-migrate-meta-layouts":"default","ast-page-background-enabled":"default","ast-page-background-meta":{"desktop":{"background-color":"var(--ast-global-color-4)","background-image":"","background-repeat":"repeat","background-position":"center center","background-size":"auto","background-attachment":"scroll","background-type":"","background-media":"","overlay-type":"","overlay-color":"","overlay-opacity":"","overlay-gradient":""},"tablet":{"background-color":"","background-image":"","background-repeat":"repeat","background-position":"center center","background-size":"auto","background-attachment":"scroll","background-type":"","background-media":"","overlay-type":"","overlay-color":"","overlay-opacity":"","overlay-gradient":""},"mobile":{"background-color":"","background-image":"","background-repeat":"repeat","background-position":"center center","background-size":"auto","background-attachment":"scroll","background-type":"","background-media":"","overlay-type":"","overlay-color":"","overlay-opacity":"","overlay-gradient":""}},"ast-content-background-meta":{"desktop":{"background-color":"var(--ast-global-color-5)","background-image":"","background-repeat":"repeat","background-position":"center center","background-size":"auto","background-attachment":"scroll","background-type":"","background-media":"","overlay-type":"","overlay-color":"","overlay-opacity":"","overlay-gradient":""},"tablet":{"background-color":"var(--ast-global-color-5)","background-image":"","background-repeat":"repeat","background-position":"center center","background-size":"auto","background-attachment":"scroll","background-type":"","background-media":"","overlay-type":"","overlay-color":"","overlay-opacity":"","overlay-gradient":""},"mobile":{"background-color":"var(--ast-global-color-5)","background-image":"","background-repeat":"repeat","background-position":"center center","background-size":"auto","background-attachment":"scroll","background-type":"","background-media":"","overlay-type":"","overlay-color":"","overlay-opacity":"","overlay-gradient":""}},"footnotes":"","_expiration-date-status":"","_expiration-date":0,"_expiration-date-type":"","_expiration-date-categories":[],"_expiration-date-options":[]},"class_list":["post-1939","page","type-page","status-publish","hentry"],"yoast_head":"<!-- This site is optimized with the Yoast SEO plugin v19.7.1 - https:\/\/yoast.com\/wordpress\/plugins\/seo\/ -->\n<title>HIFK Bandy ry, HIFK - Suomen J\u00e4\u00e4palloliitto<\/title>\n<meta name=\"robots\" content=\"index, follow, max-snippet:-1, max-image-preview:large, max-video-preview:-1\" \/>\n<link rel=\"canonical\" href=\"https:\/\/www.finbandy.fi\/fi\/bandyliiga\/liiga-joukkueet\/hifk-bandy-ry-hifk\/\" \/>\n<meta property=\"og:locale\" content=\"fi_FI\" \/>\n<meta property=\"og:type\" content=\"article\" \/>\n<meta property=\"og:title\" content=\"HIFK Bandy ry, HIFK - Suomen J\u00e4\u00e4palloliitto\" \/>\n<meta property=\"og:description\" content=\"Kotipaikka: Helsinki Perustettu: 1897 J\u00e4\u00e4pallojaoston puheenjohtaja: Erik H\u00f6rhammer, puh. +358 44 988 6908, s-posti: erik.horhammer@hifk-bandy.fi Juniorivastaava: Tommi Paajanen, 0500 359 108, tommi.paajanen(at)edu.hel.fi Kotikentt\u00e4: Kallion kentt\u00e4, Helsinginkatu 23, Helsinki 09 3103 1642, 050 555 9442 Seuran Internet-sivut:\u00a0www.hifk-bandy.fi, https:\/\/twitter.com\/HIFKBandy Miesten SM-mitalit: 17 SM, 23 SM-hopeaa, 10 SM-pronssia sek\u00e4 3 naisten ja 18 nuorten mestaruutta. Yleisseurana 1897 perustettu [&hellip;]\" \/>\n<meta property=\"og:url\" content=\"https:\/\/www.finbandy.fi\/fi\/bandyliiga\/liiga-joukkueet\/hifk-bandy-ry-hifk\/\" \/>\n<meta property=\"og:site_name\" content=\"Suomen J\u00e4\u00e4palloliitto\" \/>\n<meta property=\"article:modified_time\" content=\"2022-11-30T08:21:32+00:00\" \/>\n<meta name=\"twitter:card\" content=\"summary_large_image\" \/>\n<meta name=\"twitter:label1\" content=\"Arvioitu lukuaika\" \/>\n\t<meta name=\"twitter:data1\" content=\"2 minuuttia\" \/>\n<script type=\"application\/ld+json\" class=\"yoast-schema-graph\">{\"@context\":\"https:\/\/schema.org\",\"@graph\":[{\"@type\":\"WebPage\",\"@id\":\"https:\/\/www.finbandy.fi\/fi\/bandyliiga\/liiga-joukkueet\/hifk-bandy-ry-hifk\/\",\"url\":\"https:\/\/www.finbandy.fi\/fi\/bandyliiga\/liiga-joukkueet\/hifk-bandy-ry-hifk\/\",\"name\":\"HIFK Bandy ry, HIFK - Suomen J\u00e4\u00e4palloliitto\",\"isPartOf\":{\"@id\":\"https:\/\/www.finbandy.fi\/fi\/#website\"},\"datePublished\":\"2014-01-02T06:55:27+00:00\",\"dateModified\":\"2022-11-30T08:21:32+00:00\",\"breadcrumb\":{\"@id\":\"https:\/\/www.finbandy.fi\/fi\/bandyliiga\/liiga-joukkueet\/hifk-bandy-ry-hifk\/#breadcrumb\"},\"inLanguage\":\"fi\",\"potentialAction\":[{\"@type\":\"ReadAction\",\"target\":[\"https:\/\/www.finbandy.fi\/fi\/bandyliiga\/liiga-joukkueet\/hifk-bandy-ry-hifk\/\"]}]},{\"@type\":\"BreadcrumbList\",\"@id\":\"https:\/\/www.finbandy.fi\/fi\/bandyliiga\/liiga-joukkueet\/hifk-bandy-ry-hifk\/#breadcrumb\",\"itemListElement\":[{\"@type\":\"ListItem\",\"position\":1,\"name\":\"Etusivu\",\"item\":\"https:\/\/www.finbandy.fi\/fi\/\"},{\"@type\":\"ListItem\",\"position\":2,\"name\":\"Bandyliiga\",\"item\":\"https:\/\/www.finbandy.fi\/fi\/bandyliiga\/\"},{\"@type\":\"ListItem\",\"position\":3,\"name\":\"Liigajoukkueet\",\"item\":\"https:\/\/www.finbandy.fi\/fi\/bandyliiga\/liiga-joukkueet\/\"},{\"@type\":\"ListItem\",\"position\":4,\"name\":\"HIFK Bandy ry, HIFK\"}]},{\"@type\":\"WebSite\",\"@id\":\"https:\/\/www.finbandy.fi\/fi\/#website\",\"url\":\"https:\/\/www.finbandy.fi\/fi\/\",\"name\":\"Suomen J\u00e4\u00e4palloliitto\",\"description\":\"\",\"potentialAction\":[{\"@type\":\"SearchAction\",\"target\":{\"@type\":\"EntryPoint\",\"urlTemplate\":\"https:\/\/www.finbandy.fi\/fi\/?s={search_term_string}\"},\"query-input\":\"required name=search_term_string\"}],\"inLanguage\":\"fi\"}]}<\/script>\n<!-- \/ Yoast SEO plugin. -->","yoast_head_json":{"title":"HIFK Bandy ry, HIFK - Suomen J\u00e4\u00e4palloliitto","robots":{"index":"index","follow":"follow","max-snippet":"max-snippet:-1","max-image-preview":"max-image-preview:large","max-video-preview":"max-video-preview:-1"},"canonical":"https:\/\/www.finbandy.fi\/fi\/bandyliiga\/liiga-joukkueet\/hifk-bandy-ry-hifk\/","og_locale":"fi_FI","og_type":"article","og_title":"HIFK Bandy ry, HIFK - Suomen J\u00e4\u00e4palloliitto","og_description":"Kotipaikka: Helsinki Perustettu: 1897 J\u00e4\u00e4pallojaoston puheenjohtaja: Erik H\u00f6rhammer, puh. +358 44 988 6908, s-posti: erik.horhammer@hifk-bandy.fi Juniorivastaava: Tommi Paajanen, 0500 359 108, tommi.paajanen(at)edu.hel.fi Kotikentt\u00e4: Kallion kentt\u00e4, Helsinginkatu 23, Helsinki 09 3103 1642, 050 555 9442 Seuran Internet-sivut:\u00a0www.hifk-bandy.fi, https:\/\/twitter.com\/HIFKBandy Miesten SM-mitalit: 17 SM, 23 SM-hopeaa, 10 SM-pronssia sek\u00e4 3 naisten ja 18 nuorten mestaruutta. Yleisseurana 1897 perustettu [&hellip;]","og_url":"https:\/\/www.finbandy.fi\/fi\/bandyliiga\/liiga-joukkueet\/hifk-bandy-ry-hifk\/","og_site_name":"Suomen J\u00e4\u00e4palloliitto","article_modified_time":"2022-11-30T08:21:32+00:00","twitter_card":"summary_large_image","twitter_misc":{"Arvioitu lukuaika":"2 minuuttia"},"schema":{"@context":"https:\/\/schema.org","@graph":[{"@type":"WebPage","@id":"https:\/\/www.finbandy.fi\/fi\/bandyliiga\/liiga-joukkueet\/hifk-bandy-ry-hifk\/","url":"https:\/\/www.finbandy.fi\/fi\/bandyliiga\/liiga-joukkueet\/hifk-bandy-ry-hifk\/","name":"HIFK Bandy ry, HIFK - Suomen J\u00e4\u00e4palloliitto","isPartOf":{"@id":"https:\/\/www.finbandy.fi\/fi\/#website"},"datePublished":"2014-01-02T06:55:27+00:00","dateModified":"2022-11-30T08:21:32+00:00","breadcrumb":{"@id":"https:\/\/www.finbandy.fi\/fi\/bandyliiga\/liiga-joukkueet\/hifk-bandy-ry-hifk\/#breadcrumb"},"inLanguage":"fi","potentialAction":[{"@type":"ReadAction","target":["https:\/\/www.finbandy.fi\/fi\/bandyliiga\/liiga-joukkueet\/hifk-bandy-ry-hifk\/"]}]},{"@type":"BreadcrumbList","@id":"https:\/\/www.finbandy.fi\/fi\/bandyliiga\/liiga-joukkueet\/hifk-bandy-ry-hifk\/#breadcrumb","itemListElement":[{"@type":"ListItem","position":1,"name":"Etusivu","item":"https:\/\/www.finbandy.fi\/fi\/"},{"@type":"ListItem","position":2,"name":"Bandyliiga","item":"https:\/\/www.finbandy.fi\/fi\/bandyliiga\/"},{"@type":"ListItem","position":3,"name":"Liigajoukkueet","item":"https:\/\/www.finbandy.fi\/fi\/bandyliiga\/liiga-joukkueet\/"},{"@type":"ListItem","position":4,"name":"HIFK Bandy ry, HIFK"}]},{"@type":"WebSite","@id":"https:\/\/www.finbandy.fi\/fi\/#website","url":"https:\/\/www.finbandy.fi\/fi\/","name":"Suomen J\u00e4\u00e4palloliitto","description":"","potentialAction":[{"@type":"SearchAction","target":{"@type":"EntryPoint","urlTemplate":"https:\/\/www.finbandy.fi\/fi\/?s={search_term_string}"},"query-input":"required name=search_term_string"}],"inLanguage":"fi"}]}},"_links":{"self":[{"href":"https:\/\/www.finbandy.fi\/fi\/wp-json\/wp\/v2\/pages\/1939"}],"collection":[{"href":"https:\/\/www.finbandy.fi\/fi\/wp-json\/wp\/v2\/pages"}],"about":[{"href":"https:\/\/www.finbandy.fi\/fi\/wp-json\/wp\/v2\/types\/page"}],"author":[{"embeddable":true,"href":"https:\/\/www.finbandy.fi\/fi\/wp-json\/wp\/v2\/users\/1"}],"replies":[{"embeddable":true,"href":"https:\/\/www.finbandy.fi\/fi\/wp-json\/wp\/v2\/comments?post=1939"}],"version-history":[{"count":15,"href":"https:\/\/www.finbandy.fi\/fi\/wp-json\/wp\/v2\/pages\/1939\/revisions"}],"predecessor-version":[{"id":21245,"href":"https:\/\/www.finbandy.fi\/fi\/wp-json\/wp\/v2\/pages\/1939\/revisions\/21245"}],"up":[{"embeddable":true,"href":"https:\/\/www.finbandy.fi\/fi\/wp-json\/wp\/v2\/pages\/249"}],"wp:attachment":[{"href":"https:\/\/www.finbandy.fi\/fi\/wp-json\/wp\/v2\/media?parent=1939"}],"curies":[{"name":"wp","href":"https:\/\/api.w.org\/{rel}","templated":true}]}}