{"id":1941,"date":"2014-01-02T08:58:02","date_gmt":"2014-01-02T06:58:02","guid":{"rendered":"https:\/\/www.finbandy.fi\/fi\/?page_id=1941"},"modified":"2019-10-10T13:47:51","modified_gmt":"2019-10-10T10:47:51","slug":"jyvaskylan-seudun-palloseura-ry-jps","status":"publish","type":"page","link":"https:\/\/www.finbandy.fi\/fi\/bandyliiga\/liiga-joukkueet\/jyvaskylan-seudun-palloseura-ry-jps\/","title":{"rendered":"Jyv\u00e4skyl\u00e4n Seudun Palloseura ry, JPS"},"content":{"rendered":"<div id=\"wp_fb_like_button\" style=\"margin:5px 0;float:none;height:50px;\"><script src=\"http:\/\/connect.facebook.net\/en_US\/all.js#xfbml=1\"><\/script><fb:like href=\"https:\/\/www.finbandy.fi\/fi\/bandyliiga\/liiga-joukkueet\/jyvaskylan-seudun-palloseura-ry-jps\/\" send=\"true\" layout=\"button_count\" width=\"400\" show_faces=\"false\" font=\"arial\" action=\"like\" colorscheme=\"light\"><\/fb:like><\/div><p>Kotipaikka: Jyv\u00e4skyl\u00e4<br \/>Perustettu: 1962<\/p>\n<p>Puheenjohtaja: Pertti Helin, Kiramo 5 A 3, 40100 Jyv\u00e4skyl\u00e4, 0500 547 747, pertti.helin[at]phrak.fi<\/p>\n<p>Juniorivastaava: \u00a0\u00a0\u00a0\u00a0\u00a0\u00a0\u00a0\u00a0\u00a0\u00a0\u00a0\u00a0\u00a0\u00a0\u00a0\u00a0\u00a0\u00a0\u00a0\u00a0\u00a0\u00a0\u00a0\u00a0\u00a0\u00a0\u00a0 JPS- Juniorit\/Jarkko Lampinen, 040 553 5305, jarkko.lampinen[at]mac.com<\/p>\n<p>Laskutusosoite:\u00a0\u00a0\u00a0\u00a0\u00a0\u00a0\u00a0\u00a0\u00a0\u00a0\u00a0\u00a0\u00a0\u00a0\u00a0\u00a0\u00a0\u00a0\u00a0\u00a0\u00a0\u00a0\u00a0\u00a0\u00a0\u00a0\u00a0\u00a0\u00a0 C\/O Laskentasatama Oy, Kauppakatu 14 A 7, 40100 Jyv\u00e4skyl\u00e4<\/p>\n<p>Tiedottaja: \u00a0\u00a0\u00a0\u00a0\u00a0\u00a0\u00a0\u00a0\u00a0\u00a0\u00a0\u00a0\u00a0\u00a0\u00a0\u00a0\u00a0\u00a0\u00a0\u00a0\u00a0\u00a0\u00a0\u00a0\u00a0\u00a0\u00a0\u00a0\u00a0\u00a0\u00a0\u00a0\u00a0\u00a0\u00a0\u00a0 Toni Laatanaho, 040 833 5988, toni.laatanaho[at]luukku.com<\/p>\n<p>Tulospalvelu (BL, P21): \u00a0\u00a0\u00a0\u00a0\u00a0\u00a0\u00a0\u00a0\u00a0\u00a0\u00a0\u00a0\u00a0\u00a0\u00a0 Tahvo Anttila 0500 746 571, tahvo.anttila[at]kolumbus.fi<\/p>\n<p>Turvallisuusvastaava: \u00a0\u00a0\u00a0\u00a0\u00a0\u00a0\u00a0\u00a0\u00a0\u00a0\u00a0\u00a0\u00a0\u00a0\u00a0\u00a0\u00a0\u00a0 Pertti Helin, tiedot yll\u00e4<\/p>\n<p>Lisenssivastaavat:<\/p>\n<p>Kari V\u00e4nttinen, kvanttin[at]gmail.com (Bandyliiga)<\/p>\n<p>Jarkko Lampinen, jarkko.lampinen[at]mac.com (JPS-Juniorit)<\/p>\n<p>Kotikentt\u00e4: \u00a0\u00a0\u00a0\u00a0\u00a0\u00a0\u00a0\u00a0\u00a0\u00a0\u00a0\u00a0\u00a0\u00a0\u00a0\u00a0\u00a0\u00a0\u00a0\u00a0\u00a0\u00a0\u00a0\u00a0\u00a0\u00a0\u00a0\u00a0\u00a0\u00a0\u00a0\u00a0\u00a0\u00a0\u00a0\u00a0 Viitaniemen Liikuntapuisto, Kisakatu 18, Jyv\u00e4skyl\u00e4, 0142664289<\/p>\n<p>Seuran Internet-sivut:\u00a0\u00a0\u00a0\u00a0\u00a0\u00a0\u00a0\u00a0\u00a0\u00a0\u00a0\u00a0\u00a0\u00a0\u00a0\u00a0\u00a0 <a href=\"http:\/\/www.jps.fi\">www.jps.fi<\/a><\/p>\n<p>JPS on pelannut 32 kautta p\u00e4\u00e4sarjassa. Seura voitti ensimm\u00e4isen miesten Suomen mestaruuden kaudella 2018-19. \u00a0Lis\u00e4ksi JPS on voittanut hopeaa kaudella 2013-14, pronssia 2016-17. Joukkue voitti Suomen Cupin 2017. Seura on saavuttanut 5 naisten ja lukuisia nuorten mestaruuksia. Kaikkien aikojen maratontaulukossa JPS sijoittuu 11 sijalle.<\/p>\n<p>Jyv\u00e4skyl\u00e4n seudun Palloseura (alun perin Jyv\u00e4skyl\u00e4n Palloseura) perustettiin 1960-luvun alussa Jyv\u00e4skyl\u00e4n Pallon (JyP) jatkajaksi j\u00e4\u00e4pallossa. Vaajakosken Pallo (VaPa) on p\u00e4\u00e4sarjatasolla esiintynyt keskisuomalainen joukkue. VaPa pelasi yhden kauden SM-sarjassa 1949. Mestaruussarjaan JPS nousi ensi kerran kaudelle 1981-82.<\/p>\n<p>JPS:n merkitt\u00e4vimpi\u00e4 seurajohtajia ja taustavaikuttajia ovat olleet Olavi Hakala, Ilmo \u201dInni\u201d Viitanen, Timo Knuuttila, Seppo Hiltunen, Pertti Helin, Pekka Halonen, Esko Tammilehto ja Aatto Vainio.<\/p>\n<p>Seuran n\u00e4kyvimpi\u00e4 pelaajahahmoja ovat olleet Esko \u201dElli\u201d Tammilehto, Mika \u201dSilu\u201d Sillgren, Kari \u201dKapuri\u201d Jaatinen, Olli \u201dOla\u201d Manninen, Rauno \u201dRane\u201d Minkkinen, Janne Sairanen, Antti Viitanen, Atte H\u00e4nninen, Mikko Rytk\u00f6nen ja Markus Hiukka.<\/p>\n<p><strong>Valmentajat 1999-<\/strong><\/p>\n<p>1999\u20132000\u00a0\u00a0\u00a0 Jussi Harjuoja<br \/>2000\u20132002\u00a0\u00a0\u00a0 Mika Sillgren, Ari Koponen<br \/>2002\u20132004 \u00a0\u00a0 Vladimir Baranov, Mika Hypp\u00f6nen<br \/>2004\u20132005 \u00a0\u00a0 Mika Sillgren, Mika Hypp\u00f6nen<br \/>2005\u20132006 \u00a0\u00a0 Mika Sillgren, Vladimir Baranov<br \/>2006\u20132008 \u00a0\u00a0 Markku Kautto, Kari Hokkanen<br \/>2008\u20132009 \u00a0\u00a0 Kari Hokkanen, Tommy Lausanto<br \/>2009\u20132010 \u00a0\u00a0 Timo Knuuttila<br \/>2010\u20132011 \u00a0\u00a0 Timo Knuuttila ja Sami Kalaja<br \/>2011\u20132013 \u00a0\u00a0 Mika Sillgren, Timo Knuuttila ja Sami Kalaja<br \/>2013\u20132014 \u00a0\u00a0 Esko Tammilehto, Sami Kalaja ja Sampsa Purhonen<br \/>2014\u20132017 \u00a0\u00a0 Esko Tammilehto ja Ari Koponen<\/p>\n<p>2017\u20132019\u00a0\u00a0\u00a0 Mika Hypp\u00f6nen, Janne Sairanen ja Jari Linjala<\/p>\n<p>2019-2020\u00a0\u00a0\u00a0\u00a0 Timo Wallius<\/p>\n\n\n<p><\/p>\n","protected":false},"excerpt":{"rendered":"<p>Kotipaikka: Jyv\u00e4skyl\u00e4Perustettu: 1962 Puheenjohtaja: Pertti Helin, Kiramo 5 A 3, 40100 Jyv\u00e4skyl\u00e4, 0500 547 747, pertti.helin[at]phrak.fi Juniorivastaava: \u00a0\u00a0\u00a0\u00a0\u00a0\u00a0\u00a0\u00a0\u00a0\u00a0\u00a0\u00a0\u00a0\u00a0\u00a0\u00a0\u00a0\u00a0\u00a0\u00a0\u00a0\u00a0\u00a0\u00a0\u00a0\u00a0\u00a0 JPS- Juniorit\/Jarkko Lampinen, 040 553 5305, jarkko.lampinen[at]mac.com Laskutusosoite:\u00a0\u00a0\u00a0\u00a0\u00a0\u00a0\u00a0\u00a0\u00a0\u00a0\u00a0\u00a0\u00a0\u00a0\u00a0\u00a0\u00a0\u00a0\u00a0\u00a0\u00a0\u00a0\u00a0\u00a0\u00a0\u00a0\u00a0\u00a0\u00a0 C\/O Laskentasatama Oy, Kauppakatu 14 A 7, 40100 Jyv\u00e4skyl\u00e4 Tiedottaja: \u00a0\u00a0\u00a0\u00a0\u00a0\u00a0\u00a0\u00a0\u00a0\u00a0\u00a0\u00a0\u00a0\u00a0\u00a0\u00a0\u00a0\u00a0\u00a0\u00a0\u00a0\u00a0\u00a0\u00a0\u00a0\u00a0\u00a0\u00a0\u00a0\u00a0\u00a0\u00a0\u00a0\u00a0\u00a0\u00a0 Toni Laatanaho, 040 833 5988, toni.laatanaho[at]luukku.com Tulospalvelu (BL, P21): \u00a0\u00a0\u00a0\u00a0\u00a0\u00a0\u00a0\u00a0\u00a0\u00a0\u00a0\u00a0\u00a0\u00a0\u00a0 Tahvo Anttila 0500 746 571, tahvo.anttila[at]kolumbus.fi Turvallisuusvastaava: \u00a0\u00a0\u00a0\u00a0\u00a0\u00a0\u00a0\u00a0\u00a0\u00a0\u00a0\u00a0\u00a0\u00a0\u00a0\u00a0\u00a0\u00a0 [&hellip;]<\/p>\n","protected":false},"author":1,"featured_media":0,"parent":249,"menu_order":4,"comment_status":"open","ping_status":"open","template":"yksittainen.php","meta":{"_monsterinsights_skip_tracking":false,"_monsterinsights_sitenote_active":false,"_monsterinsights_sitenote_note":"","_monsterinsights_sitenote_category":0,"site-sidebar-layout":"default","site-content-layout":"","ast-site-content-layout":"","site-content-style":"default","site-sidebar-style":"default","ast-global-header-display":"","ast-banner-title-visibility":"","ast-main-header-display":"","ast-hfb-above-header-display":"","ast-hfb-below-header-display":"","ast-hfb-mobile-header-display":"","site-post-title":"","ast-breadcrumbs-content":"","ast-featured-img":"","footer-sml-layout":"","theme-transparent-header-meta":"","adv-header-id-meta":"","stick-header-meta":"","header-above-stick-meta":"","header-main-stick-meta":"","header-below-stick-meta":"","astra-migrate-meta-layouts":"default","ast-page-background-enabled":"default","ast-page-background-meta":{"desktop":{"background-color":"var(--ast-global-color-4)","background-image":"","background-repeat":"repeat","background-position":"center center","background-size":"auto","background-attachment":"scroll","background-type":"","background-media":"","overlay-type":"","overlay-color":"","overlay-opacity":"","overlay-gradient":""},"tablet":{"background-color":"","background-image":"","background-repeat":"repeat","background-position":"center center","background-size":"auto","background-attachment":"scroll","background-type":"","background-media":"","overlay-type":"","overlay-color":"","overlay-opacity":"","overlay-gradient":""},"mobile":{"background-color":"","background-image":"","background-repeat":"repeat","background-position":"center center","background-size":"auto","background-attachment":"scroll","background-type":"","background-media":"","overlay-type":"","overlay-color":"","overlay-opacity":"","overlay-gradient":""}},"ast-content-background-meta":{"desktop":{"background-color":"var(--ast-global-color-5)","background-image":"","background-repeat":"repeat","background-position":"center center","background-size":"auto","background-attachment":"scroll","background-type":"","background-media":"","overlay-type":"","overlay-color":"","overlay-opacity":"","overlay-gradient":""},"tablet":{"background-color":"var(--ast-global-color-5)","background-image":"","background-repeat":"repeat","background-position":"center center","background-size":"auto","background-attachment":"scroll","background-type":"","background-media":"","overlay-type":"","overlay-color":"","overlay-opacity":"","overlay-gradient":""},"mobile":{"background-color":"var(--ast-global-color-5)","background-image":"","background-repeat":"repeat","background-position":"center center","background-size":"auto","background-attachment":"scroll","background-type":"","background-media":"","overlay-type":"","overlay-color":"","overlay-opacity":"","overlay-gradient":""}},"footnotes":"","_expiration-date-status":"saved","_expiration-date":0,"_expiration-date-type":"","_expiration-date-categories":[],"_expiration-date-options":[]},"class_list":["post-1941","page","type-page","status-publish","hentry"],"yoast_head":"<!-- This site is optimized with the Yoast SEO plugin v19.7.1 - https:\/\/yoast.com\/wordpress\/plugins\/seo\/ -->\n<title>Jyv\u00e4skyl\u00e4n Seudun Palloseura ry, JPS - Suomen J\u00e4\u00e4palloliitto<\/title>\n<meta name=\"robots\" content=\"index, follow, max-snippet:-1, max-image-preview:large, max-video-preview:-1\" \/>\n<link rel=\"canonical\" href=\"https:\/\/www.finbandy.fi\/fi\/bandyliiga\/liiga-joukkueet\/jyvaskylan-seudun-palloseura-ry-jps\/\" \/>\n<meta property=\"og:locale\" content=\"fi_FI\" \/>\n<meta property=\"og:type\" content=\"article\" \/>\n<meta property=\"og:title\" content=\"Jyv\u00e4skyl\u00e4n Seudun Palloseura ry, JPS - Suomen J\u00e4\u00e4palloliitto\" \/>\n<meta property=\"og:description\" content=\"Kotipaikka: Jyv\u00e4skyl\u00e4Perustettu: 1962 Puheenjohtaja: Pertti Helin, Kiramo 5 A 3, 40100 Jyv\u00e4skyl\u00e4, 0500 547 747, pertti.helin[at]phrak.fi Juniorivastaava: \u00a0\u00a0\u00a0\u00a0\u00a0\u00a0\u00a0\u00a0\u00a0\u00a0\u00a0\u00a0\u00a0\u00a0\u00a0\u00a0\u00a0\u00a0\u00a0\u00a0\u00a0\u00a0\u00a0\u00a0\u00a0\u00a0\u00a0 JPS- Juniorit\/Jarkko Lampinen, 040 553 5305, jarkko.lampinen[at]mac.com Laskutusosoite:\u00a0\u00a0\u00a0\u00a0\u00a0\u00a0\u00a0\u00a0\u00a0\u00a0\u00a0\u00a0\u00a0\u00a0\u00a0\u00a0\u00a0\u00a0\u00a0\u00a0\u00a0\u00a0\u00a0\u00a0\u00a0\u00a0\u00a0\u00a0\u00a0 C\/O Laskentasatama Oy, Kauppakatu 14 A 7, 40100 Jyv\u00e4skyl\u00e4 Tiedottaja: \u00a0\u00a0\u00a0\u00a0\u00a0\u00a0\u00a0\u00a0\u00a0\u00a0\u00a0\u00a0\u00a0\u00a0\u00a0\u00a0\u00a0\u00a0\u00a0\u00a0\u00a0\u00a0\u00a0\u00a0\u00a0\u00a0\u00a0\u00a0\u00a0\u00a0\u00a0\u00a0\u00a0\u00a0\u00a0\u00a0 Toni Laatanaho, 040 833 5988, toni.laatanaho[at]luukku.com Tulospalvelu (BL, P21): \u00a0\u00a0\u00a0\u00a0\u00a0\u00a0\u00a0\u00a0\u00a0\u00a0\u00a0\u00a0\u00a0\u00a0\u00a0 Tahvo Anttila 0500 746 571, tahvo.anttila[at]kolumbus.fi Turvallisuusvastaava: \u00a0\u00a0\u00a0\u00a0\u00a0\u00a0\u00a0\u00a0\u00a0\u00a0\u00a0\u00a0\u00a0\u00a0\u00a0\u00a0\u00a0\u00a0 [&hellip;]\" \/>\n<meta property=\"og:url\" content=\"https:\/\/www.finbandy.fi\/fi\/bandyliiga\/liiga-joukkueet\/jyvaskylan-seudun-palloseura-ry-jps\/\" \/>\n<meta property=\"og:site_name\" content=\"Suomen J\u00e4\u00e4palloliitto\" \/>\n<meta property=\"article:modified_time\" content=\"2019-10-10T10:47:51+00:00\" \/>\n<meta name=\"twitter:card\" content=\"summary_large_image\" \/>\n<meta name=\"twitter:label1\" content=\"Arvioitu lukuaika\" \/>\n\t<meta name=\"twitter:data1\" content=\"2 minuuttia\" \/>\n<script type=\"application\/ld+json\" class=\"yoast-schema-graph\">{\"@context\":\"https:\/\/schema.org\",\"@graph\":[{\"@type\":\"WebPage\",\"@id\":\"https:\/\/www.finbandy.fi\/fi\/bandyliiga\/liiga-joukkueet\/jyvaskylan-seudun-palloseura-ry-jps\/\",\"url\":\"https:\/\/www.finbandy.fi\/fi\/bandyliiga\/liiga-joukkueet\/jyvaskylan-seudun-palloseura-ry-jps\/\",\"name\":\"Jyv\u00e4skyl\u00e4n Seudun Palloseura ry, JPS - Suomen J\u00e4\u00e4palloliitto\",\"isPartOf\":{\"@id\":\"https:\/\/www.finbandy.fi\/fi\/#website\"},\"datePublished\":\"2014-01-02T06:58:02+00:00\",\"dateModified\":\"2019-10-10T10:47:51+00:00\",\"breadcrumb\":{\"@id\":\"https:\/\/www.finbandy.fi\/fi\/bandyliiga\/liiga-joukkueet\/jyvaskylan-seudun-palloseura-ry-jps\/#breadcrumb\"},\"inLanguage\":\"fi\",\"potentialAction\":[{\"@type\":\"ReadAction\",\"target\":[\"https:\/\/www.finbandy.fi\/fi\/bandyliiga\/liiga-joukkueet\/jyvaskylan-seudun-palloseura-ry-jps\/\"]}]},{\"@type\":\"BreadcrumbList\",\"@id\":\"https:\/\/www.finbandy.fi\/fi\/bandyliiga\/liiga-joukkueet\/jyvaskylan-seudun-palloseura-ry-jps\/#breadcrumb\",\"itemListElement\":[{\"@type\":\"ListItem\",\"position\":1,\"name\":\"Etusivu\",\"item\":\"https:\/\/www.finbandy.fi\/fi\/\"},{\"@type\":\"ListItem\",\"position\":2,\"name\":\"Bandyliiga\",\"item\":\"https:\/\/www.finbandy.fi\/fi\/bandyliiga\/\"},{\"@type\":\"ListItem\",\"position\":3,\"name\":\"Liigajoukkueet\",\"item\":\"https:\/\/www.finbandy.fi\/fi\/bandyliiga\/liiga-joukkueet\/\"},{\"@type\":\"ListItem\",\"position\":4,\"name\":\"Jyv\u00e4skyl\u00e4n Seudun Palloseura ry, JPS\"}]},{\"@type\":\"WebSite\",\"@id\":\"https:\/\/www.finbandy.fi\/fi\/#website\",\"url\":\"https:\/\/www.finbandy.fi\/fi\/\",\"name\":\"Suomen J\u00e4\u00e4palloliitto\",\"description\":\"\",\"potentialAction\":[{\"@type\":\"SearchAction\",\"target\":{\"@type\":\"EntryPoint\",\"urlTemplate\":\"https:\/\/www.finbandy.fi\/fi\/?s={search_term_string}\"},\"query-input\":\"required name=search_term_string\"}],\"inLanguage\":\"fi\"}]}<\/script>\n<!-- \/ Yoast SEO plugin. -->","yoast_head_json":{"title":"Jyv\u00e4skyl\u00e4n Seudun Palloseura ry, JPS - Suomen J\u00e4\u00e4palloliitto","robots":{"index":"index","follow":"follow","max-snippet":"max-snippet:-1","max-image-preview":"max-image-preview:large","max-video-preview":"max-video-preview:-1"},"canonical":"https:\/\/www.finbandy.fi\/fi\/bandyliiga\/liiga-joukkueet\/jyvaskylan-seudun-palloseura-ry-jps\/","og_locale":"fi_FI","og_type":"article","og_title":"Jyv\u00e4skyl\u00e4n Seudun Palloseura ry, JPS - Suomen J\u00e4\u00e4palloliitto","og_description":"Kotipaikka: Jyv\u00e4skyl\u00e4Perustettu: 1962 Puheenjohtaja: Pertti Helin, Kiramo 5 A 3, 40100 Jyv\u00e4skyl\u00e4, 0500 547 747, pertti.helin[at]phrak.fi Juniorivastaava: \u00a0\u00a0\u00a0\u00a0\u00a0\u00a0\u00a0\u00a0\u00a0\u00a0\u00a0\u00a0\u00a0\u00a0\u00a0\u00a0\u00a0\u00a0\u00a0\u00a0\u00a0\u00a0\u00a0\u00a0\u00a0\u00a0\u00a0 JPS- Juniorit\/Jarkko Lampinen, 040 553 5305, jarkko.lampinen[at]mac.com Laskutusosoite:\u00a0\u00a0\u00a0\u00a0\u00a0\u00a0\u00a0\u00a0\u00a0\u00a0\u00a0\u00a0\u00a0\u00a0\u00a0\u00a0\u00a0\u00a0\u00a0\u00a0\u00a0\u00a0\u00a0\u00a0\u00a0\u00a0\u00a0\u00a0\u00a0 C\/O Laskentasatama Oy, Kauppakatu 14 A 7, 40100 Jyv\u00e4skyl\u00e4 Tiedottaja: \u00a0\u00a0\u00a0\u00a0\u00a0\u00a0\u00a0\u00a0\u00a0\u00a0\u00a0\u00a0\u00a0\u00a0\u00a0\u00a0\u00a0\u00a0\u00a0\u00a0\u00a0\u00a0\u00a0\u00a0\u00a0\u00a0\u00a0\u00a0\u00a0\u00a0\u00a0\u00a0\u00a0\u00a0\u00a0\u00a0 Toni Laatanaho, 040 833 5988, toni.laatanaho[at]luukku.com Tulospalvelu (BL, P21): \u00a0\u00a0\u00a0\u00a0\u00a0\u00a0\u00a0\u00a0\u00a0\u00a0\u00a0\u00a0\u00a0\u00a0\u00a0 Tahvo Anttila 0500 746 571, tahvo.anttila[at]kolumbus.fi Turvallisuusvastaava: \u00a0\u00a0\u00a0\u00a0\u00a0\u00a0\u00a0\u00a0\u00a0\u00a0\u00a0\u00a0\u00a0\u00a0\u00a0\u00a0\u00a0\u00a0 [&hellip;]","og_url":"https:\/\/www.finbandy.fi\/fi\/bandyliiga\/liiga-joukkueet\/jyvaskylan-seudun-palloseura-ry-jps\/","og_site_name":"Suomen J\u00e4\u00e4palloliitto","article_modified_time":"2019-10-10T10:47:51+00:00","twitter_card":"summary_large_image","twitter_misc":{"Arvioitu lukuaika":"2 minuuttia"},"schema":{"@context":"https:\/\/schema.org","@graph":[{"@type":"WebPage","@id":"https:\/\/www.finbandy.fi\/fi\/bandyliiga\/liiga-joukkueet\/jyvaskylan-seudun-palloseura-ry-jps\/","url":"https:\/\/www.finbandy.fi\/fi\/bandyliiga\/liiga-joukkueet\/jyvaskylan-seudun-palloseura-ry-jps\/","name":"Jyv\u00e4skyl\u00e4n Seudun Palloseura ry, JPS - Suomen J\u00e4\u00e4palloliitto","isPartOf":{"@id":"https:\/\/www.finbandy.fi\/fi\/#website"},"datePublished":"2014-01-02T06:58:02+00:00","dateModified":"2019-10-10T10:47:51+00:00","breadcrumb":{"@id":"https:\/\/www.finbandy.fi\/fi\/bandyliiga\/liiga-joukkueet\/jyvaskylan-seudun-palloseura-ry-jps\/#breadcrumb"},"inLanguage":"fi","potentialAction":[{"@type":"ReadAction","target":["https:\/\/www.finbandy.fi\/fi\/bandyliiga\/liiga-joukkueet\/jyvaskylan-seudun-palloseura-ry-jps\/"]}]},{"@type":"BreadcrumbList","@id":"https:\/\/www.finbandy.fi\/fi\/bandyliiga\/liiga-joukkueet\/jyvaskylan-seudun-palloseura-ry-jps\/#breadcrumb","itemListElement":[{"@type":"ListItem","position":1,"name":"Etusivu","item":"https:\/\/www.finbandy.fi\/fi\/"},{"@type":"ListItem","position":2,"name":"Bandyliiga","item":"https:\/\/www.finbandy.fi\/fi\/bandyliiga\/"},{"@type":"ListItem","position":3,"name":"Liigajoukkueet","item":"https:\/\/www.finbandy.fi\/fi\/bandyliiga\/liiga-joukkueet\/"},{"@type":"ListItem","position":4,"name":"Jyv\u00e4skyl\u00e4n Seudun Palloseura ry, JPS"}]},{"@type":"WebSite","@id":"https:\/\/www.finbandy.fi\/fi\/#website","url":"https:\/\/www.finbandy.fi\/fi\/","name":"Suomen J\u00e4\u00e4palloliitto","description":"","potentialAction":[{"@type":"SearchAction","target":{"@type":"EntryPoint","urlTemplate":"https:\/\/www.finbandy.fi\/fi\/?s={search_term_string}"},"query-input":"required name=search_term_string"}],"inLanguage":"fi"}]}},"_links":{"self":[{"href":"https:\/\/www.finbandy.fi\/fi\/wp-json\/wp\/v2\/pages\/1941"}],"collection":[{"href":"https:\/\/www.finbandy.fi\/fi\/wp-json\/wp\/v2\/pages"}],"about":[{"href":"https:\/\/www.finbandy.fi\/fi\/wp-json\/wp\/v2\/types\/page"}],"author":[{"embeddable":true,"href":"https:\/\/www.finbandy.fi\/fi\/wp-json\/wp\/v2\/users\/1"}],"replies":[{"embeddable":true,"href":"https:\/\/www.finbandy.fi\/fi\/wp-json\/wp\/v2\/comments?post=1941"}],"version-history":[{"count":15,"href":"https:\/\/www.finbandy.fi\/fi\/wp-json\/wp\/v2\/pages\/1941\/revisions"}],"predecessor-version":[{"id":16360,"href":"https:\/\/www.finbandy.fi\/fi\/wp-json\/wp\/v2\/pages\/1941\/revisions\/16360"}],"up":[{"embeddable":true,"href":"https:\/\/www.finbandy.fi\/fi\/wp-json\/wp\/v2\/pages\/249"}],"wp:attachment":[{"href":"https:\/\/www.finbandy.fi\/fi\/wp-json\/wp\/v2\/media?parent=1941"}],"curies":[{"name":"wp","href":"https:\/\/api.w.org\/{rel}","templated":true}]}}