{"id":1945,"date":"2014-01-02T09:08:13","date_gmt":"2014-01-02T07:08:13","guid":{"rendered":"https:\/\/www.finbandy.fi\/fi\/?page_id=1945"},"modified":"2019-10-10T13:55:40","modified_gmt":"2019-10-10T10:55:40","slug":"porin-narukera-ry-narukera","status":"publish","type":"page","link":"https:\/\/www.finbandy.fi\/fi\/bandyliiga\/liiga-joukkueet\/porin-narukera-ry-narukera\/","title":{"rendered":"Porin Naruker\u00e4 ry, Naruker\u00e4"},"content":{"rendered":"<div id=\"wp_fb_like_button\" style=\"margin:5px 0;float:none;height:50px;\"><script src=\"http:\/\/connect.facebook.net\/en_US\/all.js#xfbml=1\"><\/script><fb:like href=\"https:\/\/www.finbandy.fi\/fi\/bandyliiga\/liiga-joukkueet\/porin-narukera-ry-narukera\/\" send=\"true\" layout=\"button_count\" width=\"400\" show_faces=\"false\" font=\"arial\" action=\"like\" colorscheme=\"light\"><\/fb:like><\/div><p>Kotipaikka: Pori<br \/>\nPerustettu: 1964<\/p>\n<p>Kimmo Aho, Kettulantie 8, 29100 Luvia, puh 040 721 3688, kimmo.aho(at)terveystalo.com<\/p>\n<p>Puheenjohtaja,Kimmo Aho, ks. yll\u00e4<\/p>\n<p>tiedottaja:<\/p>\n<p>Lisenssivastaava: Esa Kauti, 045 311 3919, esa.kauti@gmail.com<\/p>\n<p>Turvallisuusvastaava:\u00a0\u00a0 Markku Heikkil\u00e4, 044 986 2195, markku.heikkila(at)gmail.com<\/p>\n<p>Juniorivastaava: Tuomas Erkkil\u00e4, 044 793 0902<\/p>\n<p>Kotikentt\u00e4: Amiko Arena, Pori<\/p>\n<p>Seuran Internet-sivut: <a href=\"http:\/\/www.porinnarukera.fi\/\">www.porinnarukera.fi<\/a><\/p>\n<p>Miesten SM-mitalit: 1 SM, 3 SM-hopea ja 6 SM-pronssia. Nuorten sarjoissa Naruker\u00e4 on saavuttanut 13 SM kultaa.<br \/>\nPorin Naruker\u00e4 perustettiin 1960-luvulla jatkamaan porilaisia j\u00e4\u00e4palloperinteit\u00e4. Porin K\u00e4rp\u00e4t on pelannut 5 kautta SM-sarjassa 1940\u201350-luvulla ja RU-38 yhden kauden p\u00e4\u00e4sarjassa.<br \/>\nNaruker\u00e4 on pelannut bandyliigassa 28 kautta ja on t\u00e4ll\u00e4 hetkell\u00e4 maratontaulukossa 9. sijalla. Naruker\u00e4n merkitt\u00e4vimpi\u00e4 johtohahmoja ovat olleet 1960\u201370-luvulla Aarne Wilen ja 1980-luvulta l\u00e4htien Risto Suves, Pertti Ratsula, Hannu Neva, Toivo Kivel\u00e4 ja Erkki V\u00e4kiparta. Porilaisista huippupelaajista voidaan mainita mm. Juri Suves, Petri Isonen, Heikki Hyv\u00f6nen, Jarno ja Janne V\u00e4kiparta, Pauli Riento, Timo Oksanen, Ville Aaltonen ja Lauri Arponen.<\/p>\n<p><strong>Valmentajat 1999-<\/strong><\/p>\n<p>1999\u20132002 Jouko Visuri<br \/>\n2002\u20132004 Tomi Leivo, Jouko Visuri<br \/>\n2004\u20132007 Jouko Visuri, Seppo Koskinen<br \/>\n2007\u20132009 Tomi Leivo, Seppo Koskinen<br \/>\n2009\u20132011 Jouko Visuri, Seppo Koskinen<br \/>\n2011-2012 Timo Aaltonen ja Petteri Joukamaa<br \/>\n2012-2013 Timo Aaltonen, Tuomas Erkkil\u00e4, Petteri Joukamaa, Kjell Ljusberg<br \/>\n2013-2014 Tuomas Erkkil\u00e4 ja Petri Joukamaa<br \/>\n2014\u20132015 Heikki Hyv\u00f6nen, Lasse M\u00e4ntyl\u00e4, Petteri Joukamaa<br \/>\n2015\u20132018 Heikki Hyv\u00f6nen, Lasse M\u00e4ntyl\u00e4, Juha-Matti Aaltola<\/p>\n<p>2018-2019 Jani Raukko, Petri Perkaus, Juha-Matti Aaltola<\/p>\n<p>2019-2020 Jani Raukko, Tuomas Erkkil\u00e4, Juha-Matti Aaltola, Olli Ruotsalainen<\/p>\n","protected":false},"excerpt":{"rendered":"<p>Kotipaikka: Pori Perustettu: 1964 Kimmo Aho, Kettulantie 8, 29100 Luvia, puh 040 721 3688, kimmo.aho(at)terveystalo.com Puheenjohtaja,Kimmo Aho, ks. yll\u00e4 tiedottaja: Lisenssivastaava: Esa Kauti, 045 311 3919, esa.kauti@gmail.com Turvallisuusvastaava:\u00a0\u00a0 Markku Heikkil\u00e4, 044 986 2195, markku.heikkila(at)gmail.com Juniorivastaava: Tuomas Erkkil\u00e4, 044 793 0902 Kotikentt\u00e4: Amiko Arena, Pori Seuran Internet-sivut: www.porinnarukera.fi Miesten SM-mitalit: 1 SM, 3 SM-hopea ja 6 [&hellip;]<\/p>\n","protected":false},"author":1,"featured_media":0,"parent":249,"menu_order":6,"comment_status":"open","ping_status":"open","template":"yksittainen.php","meta":{"_monsterinsights_skip_tracking":false,"_monsterinsights_sitenote_active":false,"_monsterinsights_sitenote_note":"","_monsterinsights_sitenote_category":0,"site-sidebar-layout":"default","site-content-layout":"","ast-site-content-layout":"","site-content-style":"default","site-sidebar-style":"default","ast-global-header-display":"","ast-banner-title-visibility":"","ast-main-header-display":"","ast-hfb-above-header-display":"","ast-hfb-below-header-display":"","ast-hfb-mobile-header-display":"","site-post-title":"","ast-breadcrumbs-content":"","ast-featured-img":"","footer-sml-layout":"","theme-transparent-header-meta":"","adv-header-id-meta":"","stick-header-meta":"","header-above-stick-meta":"","header-main-stick-meta":"","header-below-stick-meta":"","astra-migrate-meta-layouts":"default","ast-page-background-enabled":"default","ast-page-background-meta":{"desktop":{"background-color":"var(--ast-global-color-4)","background-image":"","background-repeat":"repeat","background-position":"center center","background-size":"auto","background-attachment":"scroll","background-type":"","background-media":"","overlay-type":"","overlay-color":"","overlay-opacity":"","overlay-gradient":""},"tablet":{"background-color":"","background-image":"","background-repeat":"repeat","background-position":"center center","background-size":"auto","background-attachment":"scroll","background-type":"","background-media":"","overlay-type":"","overlay-color":"","overlay-opacity":"","overlay-gradient":""},"mobile":{"background-color":"","background-image":"","background-repeat":"repeat","background-position":"center center","background-size":"auto","background-attachment":"scroll","background-type":"","background-media":"","overlay-type":"","overlay-color":"","overlay-opacity":"","overlay-gradient":""}},"ast-content-background-meta":{"desktop":{"background-color":"var(--ast-global-color-5)","background-image":"","background-repeat":"repeat","background-position":"center center","background-size":"auto","background-attachment":"scroll","background-type":"","background-media":"","overlay-type":"","overlay-color":"","overlay-opacity":"","overlay-gradient":""},"tablet":{"background-color":"var(--ast-global-color-5)","background-image":"","background-repeat":"repeat","background-position":"center center","background-size":"auto","background-attachment":"scroll","background-type":"","background-media":"","overlay-type":"","overlay-color":"","overlay-opacity":"","overlay-gradient":""},"mobile":{"background-color":"var(--ast-global-color-5)","background-image":"","background-repeat":"repeat","background-position":"center center","background-size":"auto","background-attachment":"scroll","background-type":"","background-media":"","overlay-type":"","overlay-color":"","overlay-opacity":"","overlay-gradient":""}},"footnotes":"","_expiration-date-status":"saved","_expiration-date":0,"_expiration-date-type":"","_expiration-date-categories":[],"_expiration-date-options":[]},"class_list":["post-1945","page","type-page","status-publish","hentry"],"yoast_head":"<!-- This site is optimized with the Yoast SEO plugin v19.7.1 - https:\/\/yoast.com\/wordpress\/plugins\/seo\/ -->\n<title>Porin Naruker\u00e4 ry, Naruker\u00e4 - Suomen J\u00e4\u00e4palloliitto<\/title>\n<meta name=\"robots\" content=\"index, follow, max-snippet:-1, max-image-preview:large, max-video-preview:-1\" \/>\n<link rel=\"canonical\" href=\"https:\/\/www.finbandy.fi\/fi\/bandyliiga\/liiga-joukkueet\/porin-narukera-ry-narukera\/\" \/>\n<meta property=\"og:locale\" content=\"fi_FI\" \/>\n<meta property=\"og:type\" content=\"article\" \/>\n<meta property=\"og:title\" content=\"Porin Naruker\u00e4 ry, Naruker\u00e4 - Suomen J\u00e4\u00e4palloliitto\" \/>\n<meta property=\"og:description\" content=\"Kotipaikka: Pori Perustettu: 1964 Kimmo Aho, Kettulantie 8, 29100 Luvia, puh 040 721 3688, kimmo.aho(at)terveystalo.com Puheenjohtaja,Kimmo Aho, ks. yll\u00e4 tiedottaja: Lisenssivastaava: Esa Kauti, 045 311 3919, esa.kauti@gmail.com Turvallisuusvastaava:\u00a0\u00a0 Markku Heikkil\u00e4, 044 986 2195, markku.heikkila(at)gmail.com Juniorivastaava: Tuomas Erkkil\u00e4, 044 793 0902 Kotikentt\u00e4: Amiko Arena, Pori Seuran Internet-sivut: www.porinnarukera.fi Miesten SM-mitalit: 1 SM, 3 SM-hopea ja 6 [&hellip;]\" \/>\n<meta property=\"og:url\" content=\"https:\/\/www.finbandy.fi\/fi\/bandyliiga\/liiga-joukkueet\/porin-narukera-ry-narukera\/\" \/>\n<meta property=\"og:site_name\" content=\"Suomen J\u00e4\u00e4palloliitto\" \/>\n<meta property=\"article:modified_time\" content=\"2019-10-10T10:55:40+00:00\" \/>\n<meta name=\"twitter:card\" content=\"summary_large_image\" \/>\n<meta name=\"twitter:label1\" content=\"Arvioitu lukuaika\" \/>\n\t<meta name=\"twitter:data1\" content=\"1 minuutti\" \/>\n<script type=\"application\/ld+json\" class=\"yoast-schema-graph\">{\"@context\":\"https:\/\/schema.org\",\"@graph\":[{\"@type\":\"WebPage\",\"@id\":\"https:\/\/www.finbandy.fi\/fi\/bandyliiga\/liiga-joukkueet\/porin-narukera-ry-narukera\/\",\"url\":\"https:\/\/www.finbandy.fi\/fi\/bandyliiga\/liiga-joukkueet\/porin-narukera-ry-narukera\/\",\"name\":\"Porin Naruker\u00e4 ry, Naruker\u00e4 - Suomen J\u00e4\u00e4palloliitto\",\"isPartOf\":{\"@id\":\"https:\/\/www.finbandy.fi\/fi\/#website\"},\"datePublished\":\"2014-01-02T07:08:13+00:00\",\"dateModified\":\"2019-10-10T10:55:40+00:00\",\"breadcrumb\":{\"@id\":\"https:\/\/www.finbandy.fi\/fi\/bandyliiga\/liiga-joukkueet\/porin-narukera-ry-narukera\/#breadcrumb\"},\"inLanguage\":\"fi\",\"potentialAction\":[{\"@type\":\"ReadAction\",\"target\":[\"https:\/\/www.finbandy.fi\/fi\/bandyliiga\/liiga-joukkueet\/porin-narukera-ry-narukera\/\"]}]},{\"@type\":\"BreadcrumbList\",\"@id\":\"https:\/\/www.finbandy.fi\/fi\/bandyliiga\/liiga-joukkueet\/porin-narukera-ry-narukera\/#breadcrumb\",\"itemListElement\":[{\"@type\":\"ListItem\",\"position\":1,\"name\":\"Etusivu\",\"item\":\"https:\/\/www.finbandy.fi\/fi\/\"},{\"@type\":\"ListItem\",\"position\":2,\"name\":\"Bandyliiga\",\"item\":\"https:\/\/www.finbandy.fi\/fi\/bandyliiga\/\"},{\"@type\":\"ListItem\",\"position\":3,\"name\":\"Liigajoukkueet\",\"item\":\"https:\/\/www.finbandy.fi\/fi\/bandyliiga\/liiga-joukkueet\/\"},{\"@type\":\"ListItem\",\"position\":4,\"name\":\"Porin Naruker\u00e4 ry, Naruker\u00e4\"}]},{\"@type\":\"WebSite\",\"@id\":\"https:\/\/www.finbandy.fi\/fi\/#website\",\"url\":\"https:\/\/www.finbandy.fi\/fi\/\",\"name\":\"Suomen J\u00e4\u00e4palloliitto\",\"description\":\"\",\"potentialAction\":[{\"@type\":\"SearchAction\",\"target\":{\"@type\":\"EntryPoint\",\"urlTemplate\":\"https:\/\/www.finbandy.fi\/fi\/?s={search_term_string}\"},\"query-input\":\"required name=search_term_string\"}],\"inLanguage\":\"fi\"}]}<\/script>\n<!-- \/ Yoast SEO plugin. -->","yoast_head_json":{"title":"Porin Naruker\u00e4 ry, Naruker\u00e4 - Suomen J\u00e4\u00e4palloliitto","robots":{"index":"index","follow":"follow","max-snippet":"max-snippet:-1","max-image-preview":"max-image-preview:large","max-video-preview":"max-video-preview:-1"},"canonical":"https:\/\/www.finbandy.fi\/fi\/bandyliiga\/liiga-joukkueet\/porin-narukera-ry-narukera\/","og_locale":"fi_FI","og_type":"article","og_title":"Porin Naruker\u00e4 ry, Naruker\u00e4 - Suomen J\u00e4\u00e4palloliitto","og_description":"Kotipaikka: Pori Perustettu: 1964 Kimmo Aho, Kettulantie 8, 29100 Luvia, puh 040 721 3688, kimmo.aho(at)terveystalo.com Puheenjohtaja,Kimmo Aho, ks. yll\u00e4 tiedottaja: Lisenssivastaava: Esa Kauti, 045 311 3919, esa.kauti@gmail.com Turvallisuusvastaava:\u00a0\u00a0 Markku Heikkil\u00e4, 044 986 2195, markku.heikkila(at)gmail.com Juniorivastaava: Tuomas Erkkil\u00e4, 044 793 0902 Kotikentt\u00e4: Amiko Arena, Pori Seuran Internet-sivut: www.porinnarukera.fi Miesten SM-mitalit: 1 SM, 3 SM-hopea ja 6 [&hellip;]","og_url":"https:\/\/www.finbandy.fi\/fi\/bandyliiga\/liiga-joukkueet\/porin-narukera-ry-narukera\/","og_site_name":"Suomen J\u00e4\u00e4palloliitto","article_modified_time":"2019-10-10T10:55:40+00:00","twitter_card":"summary_large_image","twitter_misc":{"Arvioitu lukuaika":"1 minuutti"},"schema":{"@context":"https:\/\/schema.org","@graph":[{"@type":"WebPage","@id":"https:\/\/www.finbandy.fi\/fi\/bandyliiga\/liiga-joukkueet\/porin-narukera-ry-narukera\/","url":"https:\/\/www.finbandy.fi\/fi\/bandyliiga\/liiga-joukkueet\/porin-narukera-ry-narukera\/","name":"Porin Naruker\u00e4 ry, Naruker\u00e4 - Suomen J\u00e4\u00e4palloliitto","isPartOf":{"@id":"https:\/\/www.finbandy.fi\/fi\/#website"},"datePublished":"2014-01-02T07:08:13+00:00","dateModified":"2019-10-10T10:55:40+00:00","breadcrumb":{"@id":"https:\/\/www.finbandy.fi\/fi\/bandyliiga\/liiga-joukkueet\/porin-narukera-ry-narukera\/#breadcrumb"},"inLanguage":"fi","potentialAction":[{"@type":"ReadAction","target":["https:\/\/www.finbandy.fi\/fi\/bandyliiga\/liiga-joukkueet\/porin-narukera-ry-narukera\/"]}]},{"@type":"BreadcrumbList","@id":"https:\/\/www.finbandy.fi\/fi\/bandyliiga\/liiga-joukkueet\/porin-narukera-ry-narukera\/#breadcrumb","itemListElement":[{"@type":"ListItem","position":1,"name":"Etusivu","item":"https:\/\/www.finbandy.fi\/fi\/"},{"@type":"ListItem","position":2,"name":"Bandyliiga","item":"https:\/\/www.finbandy.fi\/fi\/bandyliiga\/"},{"@type":"ListItem","position":3,"name":"Liigajoukkueet","item":"https:\/\/www.finbandy.fi\/fi\/bandyliiga\/liiga-joukkueet\/"},{"@type":"ListItem","position":4,"name":"Porin Naruker\u00e4 ry, Naruker\u00e4"}]},{"@type":"WebSite","@id":"https:\/\/www.finbandy.fi\/fi\/#website","url":"https:\/\/www.finbandy.fi\/fi\/","name":"Suomen J\u00e4\u00e4palloliitto","description":"","potentialAction":[{"@type":"SearchAction","target":{"@type":"EntryPoint","urlTemplate":"https:\/\/www.finbandy.fi\/fi\/?s={search_term_string}"},"query-input":"required name=search_term_string"}],"inLanguage":"fi"}]}},"_links":{"self":[{"href":"https:\/\/www.finbandy.fi\/fi\/wp-json\/wp\/v2\/pages\/1945"}],"collection":[{"href":"https:\/\/www.finbandy.fi\/fi\/wp-json\/wp\/v2\/pages"}],"about":[{"href":"https:\/\/www.finbandy.fi\/fi\/wp-json\/wp\/v2\/types\/page"}],"author":[{"embeddable":true,"href":"https:\/\/www.finbandy.fi\/fi\/wp-json\/wp\/v2\/users\/1"}],"replies":[{"embeddable":true,"href":"https:\/\/www.finbandy.fi\/fi\/wp-json\/wp\/v2\/comments?post=1945"}],"version-history":[{"count":8,"href":"https:\/\/www.finbandy.fi\/fi\/wp-json\/wp\/v2\/pages\/1945\/revisions"}],"predecessor-version":[{"id":16363,"href":"https:\/\/www.finbandy.fi\/fi\/wp-json\/wp\/v2\/pages\/1945\/revisions\/16363"}],"up":[{"embeddable":true,"href":"https:\/\/www.finbandy.fi\/fi\/wp-json\/wp\/v2\/pages\/249"}],"wp:attachment":[{"href":"https:\/\/www.finbandy.fi\/fi\/wp-json\/wp\/v2\/media?parent=1945"}],"curies":[{"name":"wp","href":"https:\/\/api.w.org\/{rel}","templated":true}]}}