{"id":1948,"date":"2014-01-02T09:11:22","date_gmt":"2014-01-02T07:11:22","guid":{"rendered":"https:\/\/www.finbandy.fi\/fi\/?page_id=1948"},"modified":"2019-10-10T14:03:01","modified_gmt":"2019-10-10T11:03:01","slug":"oulun-luistinseura-ry-ols","status":"publish","type":"page","link":"https:\/\/www.finbandy.fi\/fi\/bandyliiga\/liiga-joukkueet\/oulun-luistinseura-ry-ols\/","title":{"rendered":"Oulun Luistinseura ry, OLS"},"content":{"rendered":"<div id=\"wp_fb_like_button\" style=\"margin:5px 0;float:none;height:50px;\"><script src=\"http:\/\/connect.facebook.net\/en_US\/all.js#xfbml=1\"><\/script><fb:like href=\"https:\/\/www.finbandy.fi\/fi\/bandyliiga\/liiga-joukkueet\/oulun-luistinseura-ry-ols\/\" send=\"true\" layout=\"button_count\" width=\"400\" show_faces=\"false\" font=\"arial\" action=\"like\" colorscheme=\"light\"><\/fb:like><\/div><p>Kotipaikka: Oulu<br \/>\nPerustettu: 1880<\/p>\n<p>OLS-j\u00e4\u00e4pallo, Rommakkokatu 30, 90120 Oulu, 0400 680 555, bandy(at)ols.fi<\/p>\n<p>Seurajohtaja: Samuli Niskanen, Rommakkokatu 30, 90120 Oulu, 0400 680 555, samuli.niskanen(at)ols.fi<\/p>\n<p>BL yhteyshenkil\u00f6: Pauli Ahmala, 0500-586 720, pauli.ahmala(at)ols.fi<\/p>\n<p>Jaoston puheenjohtaja: Jukka Jaatinen, 0400 688\u00a0914, jaatinenjukka(at)gmail.com<\/p>\n<p>Lisenssivastaavat: Jukka Jaatinen ja Samuli Niskanen, yhteystiedot yll\u00e4<\/p>\n<p>Kotikentt\u00e4: Raksilan tekoj\u00e4\u00e4, Oulu<br \/>\n08 558 48175, 044 703 8021<\/p>\n<p>Seuran Internet-sivut:\u00a0http:\/\/www.jaapallo.ols.fi\/<\/p>\n<p>Miesten SM-mitalit: 16 SM, 12 SM-hopeaa ja 9 SM-pronssia ja 3 naisten Suomen mestaruutta. Nuorten sarjoissa OLS on saavuttanut 20 Suomen mestaruutta.<\/p>\n<p>OLS on perustettu vuonna 1880 ja on Suomen vanhin palloiluseura. OLS on pelannut 72 kautta SM-tasolla ja johtaa t\u00e4ll\u00e4 hetkell\u00e4 maratontaulukkoa ennen HIFK:ta. Ensimm\u00e4isen Suomen mestaruuden Luistinseura saavutti 1970 ja on kuulunut siit\u00e4 l\u00e4htien l\u00e4hes vuosittain p\u00e4\u00e4sarjan finaali- tai mitalijoukkueisiin.<\/p>\n<p>OLS:n merkitt\u00e4vimpi\u00e4 johtohenkil\u00f6it\u00e4 1930\u20131940-luvulla olivat Toivo &#8221;Topi&#8221; Wuotila ja Arvo &#8221;Api&#8221; Rounaja. Kaarlo &#8221;Kalle&#8221; Kerhola ja Asko Haikala olivat seuran aktiivisia taustahahmoja 1950\u201360-luvulla. Matti Leinonen, Pentti Palinsaari ja Erkki Makkonen olivat 1970- ja 1980-luvun johtohahmoja. Seppo Rounaja jatkoi puheenjohtajana Matti Leinosen pitk\u00e4n kauden j\u00e4lkeen. Toiminnanjohtaja Veijo Kyll\u00f6nen oli vahva operatiivinen johtaja seurassa 1980-luvulla. J\u00e4\u00e4pallojaoston puheenjohtajana toimi my\u00f6s ansiokkaasti useita vuosia edesmennyt Jukka Kumpuvaara.<\/p>\n<p>2000-luvulla vahvoja toimijoita OLS:ssa ovat olleet Teuvo Sakko j\u00e4\u00e4pallojaoston puheenjohtajana, edustusjoukkueen managerina edelleen toimiva Pauli &#8221;Punu&#8221; Ahmala\u00a0sek\u00e4 seurajohtaja ja nykyinen seuran puheenjohtaja Samuli Niskanen.<\/p>\n<p>OLS:n edustusjoukkueen kaikkien aikojen menestynein valmentaja on edesmennyt Reijo \u201dRekke\u201d Karppinen, joka toimi valmentajana parikymment\u00e4 kautta 1960-70- ja 80-luvulla. H\u00e4n johti OLS:n per\u00e4ti kahdeksaan Suomen mestaruuteen. Karppinen toimi 70-luvun lopulla pari vuotta A-maajoukkueen valmentajana. OLS:n 1940\u20131950-luvun pelaajahahmoja olivat Erkki &#8221;H\u00f6yry&#8221; Hyrynkangas, Erkki &#8221;Eikka&#8221; Pasanen, Erkki &#8221;Eppe&#8221; Hedman, Kaarlo &#8221;Kalle&#8221; Kerhola ja Veikko &#8221;Vetsa&#8221; Allinen. Eero Hautala ja Seppo Rounaja olivat 1960-luvun t\u00e4htipelaajia. Samana vuonna (1950) syntyneet lahjakkaat Matti Alatalo, Pekka Vartiainen ja Veikko Torkkeli nousivat huipulle ja maajoukkueeseen 1960\u20131970-luvun vaihteessa. Eero Hamari, Timo Okkonen ja Seppo Jolkkonen olivat my\u00f6s 1970-luvun pelaajahahmoja. 1980\u20131990-luvun merkitt\u00e4vimpi\u00e4 pelaajia olivat Risto Kontturi, Asko Eskola, Markku Niemitalo ja Jouni Vesterinen.<\/p>\n<p>OPS:sta Luistinseuraan 1988 siirtynyt Samuli \u201dSamppa\u201d Niskanen ansaitsee oman merkint\u00e4ns\u00e4: pelattuaan pitk\u00e4n ja menestyksellisen uran Ruotsin Ruotsin huippuseuroissa h\u00e4n palasi takaisin OLS:aan 1999. Paluun j\u00e4lkeen Niskanen on toiminut joukkueessa sek\u00e4 pelaajan ett\u00e4 my\u00f6s pelaajavalmentajan roolissa ja h\u00e4n on ollut 2000-luvun mestaruustaistoissa OLS:n pelillinen ja henkinen johtaja.<\/p>\n<p><strong>Valmentajat 1999-<\/strong><\/p>\n<p>1999-2007 Timo Tiusanen, Samuli Niskanen<br \/>\n2007-2008 Timo Tiusanen, Petteri Luomansuu<br \/>\n2008-2009 Samuli Niskanen, Jukka Kanto, Jouko K\u00e4m\u00e4r\u00e4inen<br \/>\n2009-2010 Samuli Niskanen, Jouko K\u00e4m\u00e4r\u00e4inen<br \/>\n2010-2011 Jari Loukkola, Samuli Niskanen, Jouko K\u00e4m\u00e4r\u00e4inen<br \/>\n2011-2012 Arto Loukkola, Jouko K\u00e4m\u00e4r\u00e4inen, Samuli Niskanen<br \/>\n2012-2014 Arto Loukkola, Jouko K\u00e4m\u00e4r\u00e4inen<br \/>\n2014-2015 Jouko K\u00e4m\u00e4r\u00e4inen, Hannu Simoska<br \/>\n2015-2017 Petteri Luomansuu, Samuli Koivuniemi<\/p>\n<p>2017-2018 Samuli Koivuniemi<\/p>\n<p>2018-2020 Samuli Koivuniemi, Jouko Parkkinen<\/p>\n","protected":false},"excerpt":{"rendered":"<p>Kotipaikka: Oulu Perustettu: 1880 OLS-j\u00e4\u00e4pallo, Rommakkokatu 30, 90120 Oulu, 0400 680 555, bandy(at)ols.fi Seurajohtaja: Samuli Niskanen, Rommakkokatu 30, 90120 Oulu, 0400 680 555, samuli.niskanen(at)ols.fi BL yhteyshenkil\u00f6: Pauli Ahmala, 0500-586 720, pauli.ahmala(at)ols.fi Jaoston puheenjohtaja: Jukka Jaatinen, 0400 688\u00a0914, jaatinenjukka(at)gmail.com Lisenssivastaavat: Jukka Jaatinen ja Samuli Niskanen, yhteystiedot yll\u00e4 Kotikentt\u00e4: Raksilan tekoj\u00e4\u00e4, Oulu 08 558 48175, 044 703 [&hellip;]<\/p>\n","protected":false},"author":1,"featured_media":0,"parent":249,"menu_order":7,"comment_status":"open","ping_status":"open","template":"yksittainen.php","meta":{"_monsterinsights_skip_tracking":false,"_monsterinsights_sitenote_active":false,"_monsterinsights_sitenote_note":"","_monsterinsights_sitenote_category":0,"site-sidebar-layout":"default","site-content-layout":"","ast-site-content-layout":"","site-content-style":"default","site-sidebar-style":"default","ast-global-header-display":"","ast-banner-title-visibility":"","ast-main-header-display":"","ast-hfb-above-header-display":"","ast-hfb-below-header-display":"","ast-hfb-mobile-header-display":"","site-post-title":"","ast-breadcrumbs-content":"","ast-featured-img":"","footer-sml-layout":"","theme-transparent-header-meta":"","adv-header-id-meta":"","stick-header-meta":"","header-above-stick-meta":"","header-main-stick-meta":"","header-below-stick-meta":"","astra-migrate-meta-layouts":"default","ast-page-background-enabled":"default","ast-page-background-meta":{"desktop":{"background-color":"var(--ast-global-color-4)","background-image":"","background-repeat":"repeat","background-position":"center center","background-size":"auto","background-attachment":"scroll","background-type":"","background-media":"","overlay-type":"","overlay-color":"","overlay-opacity":"","overlay-gradient":""},"tablet":{"background-color":"","background-image":"","background-repeat":"repeat","background-position":"center center","background-size":"auto","background-attachment":"scroll","background-type":"","background-media":"","overlay-type":"","overlay-color":"","overlay-opacity":"","overlay-gradient":""},"mobile":{"background-color":"","background-image":"","background-repeat":"repeat","background-position":"center center","background-size":"auto","background-attachment":"scroll","background-type":"","background-media":"","overlay-type":"","overlay-color":"","overlay-opacity":"","overlay-gradient":""}},"ast-content-background-meta":{"desktop":{"background-color":"var(--ast-global-color-5)","background-image":"","background-repeat":"repeat","background-position":"center center","background-size":"auto","background-attachment":"scroll","background-type":"","background-media":"","overlay-type":"","overlay-color":"","overlay-opacity":"","overlay-gradient":""},"tablet":{"background-color":"var(--ast-global-color-5)","background-image":"","background-repeat":"repeat","background-position":"center center","background-size":"auto","background-attachment":"scroll","background-type":"","background-media":"","overlay-type":"","overlay-color":"","overlay-opacity":"","overlay-gradient":""},"mobile":{"background-color":"var(--ast-global-color-5)","background-image":"","background-repeat":"repeat","background-position":"center center","background-size":"auto","background-attachment":"scroll","background-type":"","background-media":"","overlay-type":"","overlay-color":"","overlay-opacity":"","overlay-gradient":""}},"footnotes":"","_expiration-date-status":"saved","_expiration-date":0,"_expiration-date-type":"","_expiration-date-categories":[],"_expiration-date-options":[]},"class_list":["post-1948","page","type-page","status-publish","hentry"],"yoast_head":"<!-- This site is optimized with the Yoast SEO plugin v19.7.1 - https:\/\/yoast.com\/wordpress\/plugins\/seo\/ -->\n<title>Oulun Luistinseura ry, OLS - Suomen J\u00e4\u00e4palloliitto<\/title>\n<meta name=\"robots\" content=\"index, follow, max-snippet:-1, max-image-preview:large, max-video-preview:-1\" \/>\n<link rel=\"canonical\" href=\"https:\/\/www.finbandy.fi\/fi\/bandyliiga\/liiga-joukkueet\/oulun-luistinseura-ry-ols\/\" \/>\n<meta property=\"og:locale\" content=\"fi_FI\" \/>\n<meta property=\"og:type\" content=\"article\" \/>\n<meta property=\"og:title\" content=\"Oulun Luistinseura ry, OLS - Suomen J\u00e4\u00e4palloliitto\" \/>\n<meta property=\"og:description\" content=\"Kotipaikka: Oulu Perustettu: 1880 OLS-j\u00e4\u00e4pallo, Rommakkokatu 30, 90120 Oulu, 0400 680 555, bandy(at)ols.fi Seurajohtaja: Samuli Niskanen, Rommakkokatu 30, 90120 Oulu, 0400 680 555, samuli.niskanen(at)ols.fi BL yhteyshenkil\u00f6: Pauli Ahmala, 0500-586 720, pauli.ahmala(at)ols.fi Jaoston puheenjohtaja: Jukka Jaatinen, 0400 688\u00a0914, jaatinenjukka(at)gmail.com Lisenssivastaavat: Jukka Jaatinen ja Samuli Niskanen, yhteystiedot yll\u00e4 Kotikentt\u00e4: Raksilan tekoj\u00e4\u00e4, Oulu 08 558 48175, 044 703 [&hellip;]\" \/>\n<meta property=\"og:url\" content=\"https:\/\/www.finbandy.fi\/fi\/bandyliiga\/liiga-joukkueet\/oulun-luistinseura-ry-ols\/\" \/>\n<meta property=\"og:site_name\" content=\"Suomen J\u00e4\u00e4palloliitto\" \/>\n<meta property=\"article:modified_time\" content=\"2019-10-10T11:03:01+00:00\" \/>\n<meta name=\"twitter:card\" content=\"summary_large_image\" \/>\n<meta name=\"twitter:label1\" content=\"Arvioitu lukuaika\" \/>\n\t<meta name=\"twitter:data1\" content=\"2 minuuttia\" \/>\n<script type=\"application\/ld+json\" class=\"yoast-schema-graph\">{\"@context\":\"https:\/\/schema.org\",\"@graph\":[{\"@type\":\"WebPage\",\"@id\":\"https:\/\/www.finbandy.fi\/fi\/bandyliiga\/liiga-joukkueet\/oulun-luistinseura-ry-ols\/\",\"url\":\"https:\/\/www.finbandy.fi\/fi\/bandyliiga\/liiga-joukkueet\/oulun-luistinseura-ry-ols\/\",\"name\":\"Oulun Luistinseura ry, OLS - Suomen J\u00e4\u00e4palloliitto\",\"isPartOf\":{\"@id\":\"https:\/\/www.finbandy.fi\/fi\/#website\"},\"datePublished\":\"2014-01-02T07:11:22+00:00\",\"dateModified\":\"2019-10-10T11:03:01+00:00\",\"breadcrumb\":{\"@id\":\"https:\/\/www.finbandy.fi\/fi\/bandyliiga\/liiga-joukkueet\/oulun-luistinseura-ry-ols\/#breadcrumb\"},\"inLanguage\":\"fi\",\"potentialAction\":[{\"@type\":\"ReadAction\",\"target\":[\"https:\/\/www.finbandy.fi\/fi\/bandyliiga\/liiga-joukkueet\/oulun-luistinseura-ry-ols\/\"]}]},{\"@type\":\"BreadcrumbList\",\"@id\":\"https:\/\/www.finbandy.fi\/fi\/bandyliiga\/liiga-joukkueet\/oulun-luistinseura-ry-ols\/#breadcrumb\",\"itemListElement\":[{\"@type\":\"ListItem\",\"position\":1,\"name\":\"Etusivu\",\"item\":\"https:\/\/www.finbandy.fi\/fi\/\"},{\"@type\":\"ListItem\",\"position\":2,\"name\":\"Bandyliiga\",\"item\":\"https:\/\/www.finbandy.fi\/fi\/bandyliiga\/\"},{\"@type\":\"ListItem\",\"position\":3,\"name\":\"Liigajoukkueet\",\"item\":\"https:\/\/www.finbandy.fi\/fi\/bandyliiga\/liiga-joukkueet\/\"},{\"@type\":\"ListItem\",\"position\":4,\"name\":\"Oulun Luistinseura ry, OLS\"}]},{\"@type\":\"WebSite\",\"@id\":\"https:\/\/www.finbandy.fi\/fi\/#website\",\"url\":\"https:\/\/www.finbandy.fi\/fi\/\",\"name\":\"Suomen J\u00e4\u00e4palloliitto\",\"description\":\"\",\"potentialAction\":[{\"@type\":\"SearchAction\",\"target\":{\"@type\":\"EntryPoint\",\"urlTemplate\":\"https:\/\/www.finbandy.fi\/fi\/?s={search_term_string}\"},\"query-input\":\"required name=search_term_string\"}],\"inLanguage\":\"fi\"}]}<\/script>\n<!-- \/ Yoast SEO plugin. -->","yoast_head_json":{"title":"Oulun Luistinseura ry, OLS - Suomen J\u00e4\u00e4palloliitto","robots":{"index":"index","follow":"follow","max-snippet":"max-snippet:-1","max-image-preview":"max-image-preview:large","max-video-preview":"max-video-preview:-1"},"canonical":"https:\/\/www.finbandy.fi\/fi\/bandyliiga\/liiga-joukkueet\/oulun-luistinseura-ry-ols\/","og_locale":"fi_FI","og_type":"article","og_title":"Oulun Luistinseura ry, OLS - Suomen J\u00e4\u00e4palloliitto","og_description":"Kotipaikka: Oulu Perustettu: 1880 OLS-j\u00e4\u00e4pallo, Rommakkokatu 30, 90120 Oulu, 0400 680 555, bandy(at)ols.fi Seurajohtaja: Samuli Niskanen, Rommakkokatu 30, 90120 Oulu, 0400 680 555, samuli.niskanen(at)ols.fi BL yhteyshenkil\u00f6: Pauli Ahmala, 0500-586 720, pauli.ahmala(at)ols.fi Jaoston puheenjohtaja: Jukka Jaatinen, 0400 688\u00a0914, jaatinenjukka(at)gmail.com Lisenssivastaavat: Jukka Jaatinen ja Samuli Niskanen, yhteystiedot yll\u00e4 Kotikentt\u00e4: Raksilan tekoj\u00e4\u00e4, Oulu 08 558 48175, 044 703 [&hellip;]","og_url":"https:\/\/www.finbandy.fi\/fi\/bandyliiga\/liiga-joukkueet\/oulun-luistinseura-ry-ols\/","og_site_name":"Suomen J\u00e4\u00e4palloliitto","article_modified_time":"2019-10-10T11:03:01+00:00","twitter_card":"summary_large_image","twitter_misc":{"Arvioitu lukuaika":"2 minuuttia"},"schema":{"@context":"https:\/\/schema.org","@graph":[{"@type":"WebPage","@id":"https:\/\/www.finbandy.fi\/fi\/bandyliiga\/liiga-joukkueet\/oulun-luistinseura-ry-ols\/","url":"https:\/\/www.finbandy.fi\/fi\/bandyliiga\/liiga-joukkueet\/oulun-luistinseura-ry-ols\/","name":"Oulun Luistinseura ry, OLS - Suomen J\u00e4\u00e4palloliitto","isPartOf":{"@id":"https:\/\/www.finbandy.fi\/fi\/#website"},"datePublished":"2014-01-02T07:11:22+00:00","dateModified":"2019-10-10T11:03:01+00:00","breadcrumb":{"@id":"https:\/\/www.finbandy.fi\/fi\/bandyliiga\/liiga-joukkueet\/oulun-luistinseura-ry-ols\/#breadcrumb"},"inLanguage":"fi","potentialAction":[{"@type":"ReadAction","target":["https:\/\/www.finbandy.fi\/fi\/bandyliiga\/liiga-joukkueet\/oulun-luistinseura-ry-ols\/"]}]},{"@type":"BreadcrumbList","@id":"https:\/\/www.finbandy.fi\/fi\/bandyliiga\/liiga-joukkueet\/oulun-luistinseura-ry-ols\/#breadcrumb","itemListElement":[{"@type":"ListItem","position":1,"name":"Etusivu","item":"https:\/\/www.finbandy.fi\/fi\/"},{"@type":"ListItem","position":2,"name":"Bandyliiga","item":"https:\/\/www.finbandy.fi\/fi\/bandyliiga\/"},{"@type":"ListItem","position":3,"name":"Liigajoukkueet","item":"https:\/\/www.finbandy.fi\/fi\/bandyliiga\/liiga-joukkueet\/"},{"@type":"ListItem","position":4,"name":"Oulun Luistinseura ry, OLS"}]},{"@type":"WebSite","@id":"https:\/\/www.finbandy.fi\/fi\/#website","url":"https:\/\/www.finbandy.fi\/fi\/","name":"Suomen J\u00e4\u00e4palloliitto","description":"","potentialAction":[{"@type":"SearchAction","target":{"@type":"EntryPoint","urlTemplate":"https:\/\/www.finbandy.fi\/fi\/?s={search_term_string}"},"query-input":"required name=search_term_string"}],"inLanguage":"fi"}]}},"_links":{"self":[{"href":"https:\/\/www.finbandy.fi\/fi\/wp-json\/wp\/v2\/pages\/1948"}],"collection":[{"href":"https:\/\/www.finbandy.fi\/fi\/wp-json\/wp\/v2\/pages"}],"about":[{"href":"https:\/\/www.finbandy.fi\/fi\/wp-json\/wp\/v2\/types\/page"}],"author":[{"embeddable":true,"href":"https:\/\/www.finbandy.fi\/fi\/wp-json\/wp\/v2\/users\/1"}],"replies":[{"embeddable":true,"href":"https:\/\/www.finbandy.fi\/fi\/wp-json\/wp\/v2\/comments?post=1948"}],"version-history":[{"count":11,"href":"https:\/\/www.finbandy.fi\/fi\/wp-json\/wp\/v2\/pages\/1948\/revisions"}],"predecessor-version":[{"id":16364,"href":"https:\/\/www.finbandy.fi\/fi\/wp-json\/wp\/v2\/pages\/1948\/revisions\/16364"}],"up":[{"embeddable":true,"href":"https:\/\/www.finbandy.fi\/fi\/wp-json\/wp\/v2\/pages\/249"}],"wp:attachment":[{"href":"https:\/\/www.finbandy.fi\/fi\/wp-json\/wp\/v2\/media?parent=1948"}],"curies":[{"name":"wp","href":"https:\/\/api.w.org\/{rel}","templated":true}]}}