{"id":19502,"date":"2021-06-14T22:58:07","date_gmt":"2021-06-14T19:58:07","guid":{"rendered":"https:\/\/www.finbandy.fi\/fi\/?page_id=19502"},"modified":"2021-09-06T13:15:01","modified_gmt":"2021-09-06T10:15:01","slug":"jaapalloliiton-arvot","status":"publish","type":"page","link":"https:\/\/www.finbandy.fi\/fi\/jaapalloliiton-arvot\/","title":{"rendered":"J\u00e4\u00e4palloliiton arvot"},"content":{"rendered":"<div id=\"wp_fb_like_button\" style=\"margin:5px 0;float:none;height:50px;\"><script src=\"http:\/\/connect.facebook.net\/en_US\/all.js#xfbml=1\"><\/script><fb:like href=\"https:\/\/www.finbandy.fi\/fi\/jaapalloliiton-arvot\/\" send=\"true\" layout=\"button_count\" width=\"400\" show_faces=\"false\" font=\"arial\" action=\"like\" colorscheme=\"light\"><\/fb:like><\/div>\n<p><u><b>ARVOT<\/b><\/u><\/p>\n<p>Ammattimaisuus ja urheilullisuus<\/p>\n<p>Vastuullisuus ja turvallisuus<\/p>\n<p>Yhteis\u00f6llisyys ja el\u00e4myksellisyys<\/p>\n<p><u><b>ARVOPOHJA<\/b><\/u><\/p>\n<p>Annamme tasa-arvoisesti mahdollisuuden kaikille \u2013 lapsille, aikuisille, naisille, miehille \u2013 olla mukana j\u00e4\u00e4pallon parissa. J\u00e4\u00e4pallossa kunnioitamme kaikkia toimintaan osallistuvia.<\/p>\n<p>J\u00e4\u00e4pallopelaajalta vaaditaan monipuolisesti ominaisuuksien kehitt\u00e4mist\u00e4 ja laaja-alaista urheilullisuutta. Lajimme on turvallinen kaikille, niin pelaajille kuin yleis\u00f6lle. Ottelun seuraaminen on katsojalle el\u00e4myksellist\u00e4 \u2013 vauhtia ja taitoa s\u00e4\u00e4ss\u00e4 kuin s\u00e4\u00e4ss\u00e4. Tuotamme toiminnallamme hyvinvointia ja terveytt\u00e4.\u00a0<\/p>\n<p>Suomen J\u00e4\u00e4palloliitto on vastuullinen urheiluj\u00e4rjest\u00f6 ja noudatamme lakeja, s\u00e4\u00e4nt\u00f6j\u00e4 ja hyv\u00e4\u00e4 hallintotapaa kaikessa toiminnassamme. Kaikki prosessimme, kaikilla osa-alueilla, tehd\u00e4\u00e4n ammattimaisesti. Kehit\u00e4mme j\u00e4\u00e4palloyhteis\u00f6\u00e4 yhdess\u00e4 kaikkien toimijoiden kanssa ja parhaimmillaan toiminta luo elinik\u00e4isi\u00e4 yst\u00e4vyyssuhteita.<\/p>\n<p>\u00a0<\/p>\n<p>\u00a0<\/p>\n","protected":false},"excerpt":{"rendered":"<p>ARVOT Ammattimaisuus ja urheilullisuus Vastuullisuus ja turvallisuus Yhteis\u00f6llisyys ja el\u00e4myksellisyys ARVOPOHJA Annamme tasa-arvoisesti mahdollisuuden kaikille \u2013 lapsille, aikuisille, naisille, miehille \u2013 olla mukana j\u00e4\u00e4pallon parissa. J\u00e4\u00e4pallossa kunnioitamme kaikkia toimintaan osallistuvia. J\u00e4\u00e4pallopelaajalta vaaditaan monipuolisesti ominaisuuksien kehitt\u00e4mist\u00e4 ja laaja-alaista urheilullisuutta. Lajimme on turvallinen kaikille, niin pelaajille kuin yleis\u00f6lle. Ottelun seuraaminen on katsojalle el\u00e4myksellist\u00e4 \u2013 vauhtia ja taitoa [&hellip;]<\/p>\n","protected":false},"author":22,"featured_media":0,"parent":0,"menu_order":0,"comment_status":"closed","ping_status":"closed","template":"","meta":{"_monsterinsights_skip_tracking":false,"_monsterinsights_sitenote_active":false,"_monsterinsights_sitenote_note":"","_monsterinsights_sitenote_category":0,"site-sidebar-layout":"default","site-content-layout":"default","ast-site-content-layout":"","site-content-style":"default","site-sidebar-style":"default","ast-global-header-display":"","ast-banner-title-visibility":"","ast-main-header-display":"","ast-hfb-above-header-display":"","ast-hfb-below-header-display":"","ast-hfb-mobile-header-display":"","site-post-title":"","ast-breadcrumbs-content":"","ast-featured-img":"","footer-sml-layout":"","theme-transparent-header-meta":"default","adv-header-id-meta":"","stick-header-meta":"","header-above-stick-meta":"","header-main-stick-meta":"","header-below-stick-meta":"","astra-migrate-meta-layouts":"default","ast-page-background-enabled":"default","ast-page-background-meta":{"desktop":{"background-color":"var(--ast-global-color-4)","background-image":"","background-repeat":"repeat","background-position":"center center","background-size":"auto","background-attachment":"scroll","background-type":"","background-media":"","overlay-type":"","overlay-color":"","overlay-opacity":"","overlay-gradient":""},"tablet":{"background-color":"","background-image":"","background-repeat":"repeat","background-position":"center center","background-size":"auto","background-attachment":"scroll","background-type":"","background-media":"","overlay-type":"","overlay-color":"","overlay-opacity":"","overlay-gradient":""},"mobile":{"background-color":"","background-image":"","background-repeat":"repeat","background-position":"center center","background-size":"auto","background-attachment":"scroll","background-type":"","background-media":"","overlay-type":"","overlay-color":"","overlay-opacity":"","overlay-gradient":""}},"ast-content-background-meta":{"desktop":{"background-color":"var(--ast-global-color-5)","background-image":"","background-repeat":"repeat","background-position":"center center","background-size":"auto","background-attachment":"scroll","background-type":"","background-media":"","overlay-type":"","overlay-color":"","overlay-opacity":"","overlay-gradient":""},"tablet":{"background-color":"var(--ast-global-color-5)","background-image":"","background-repeat":"repeat","background-position":"center center","background-size":"auto","background-attachment":"scroll","background-type":"","background-media":"","overlay-type":"","overlay-color":"","overlay-opacity":"","overlay-gradient":""},"mobile":{"background-color":"var(--ast-global-color-5)","background-image":"","background-repeat":"repeat","background-position":"center center","background-size":"auto","background-attachment":"scroll","background-type":"","background-media":"","overlay-type":"","overlay-color":"","overlay-opacity":"","overlay-gradient":""}},"footnotes":"","_expiration-date-status":"saved","_expiration-date":0,"_expiration-date-type":"","_expiration-date-categories":[],"_expiration-date-options":[]},"class_list":["post-19502","page","type-page","status-publish","hentry"],"yoast_head":"<!-- This site is optimized with the Yoast SEO plugin v19.7.1 - https:\/\/yoast.com\/wordpress\/plugins\/seo\/ -->\n<title>J\u00e4\u00e4palloliiton arvot - Suomen J\u00e4\u00e4palloliitto<\/title>\n<meta name=\"robots\" content=\"index, follow, max-snippet:-1, max-image-preview:large, max-video-preview:-1\" \/>\n<link rel=\"canonical\" href=\"https:\/\/www.finbandy.fi\/fi\/jaapalloliiton-arvot\/\" \/>\n<meta property=\"og:locale\" content=\"fi_FI\" \/>\n<meta property=\"og:type\" content=\"article\" \/>\n<meta property=\"og:title\" content=\"J\u00e4\u00e4palloliiton arvot - Suomen J\u00e4\u00e4palloliitto\" \/>\n<meta property=\"og:description\" content=\"ARVOT Ammattimaisuus ja urheilullisuus Vastuullisuus ja turvallisuus Yhteis\u00f6llisyys ja el\u00e4myksellisyys ARVOPOHJA Annamme tasa-arvoisesti mahdollisuuden kaikille \u2013 lapsille, aikuisille, naisille, miehille \u2013 olla mukana j\u00e4\u00e4pallon parissa. J\u00e4\u00e4pallossa kunnioitamme kaikkia toimintaan osallistuvia. J\u00e4\u00e4pallopelaajalta vaaditaan monipuolisesti ominaisuuksien kehitt\u00e4mist\u00e4 ja laaja-alaista urheilullisuutta. Lajimme on turvallinen kaikille, niin pelaajille kuin yleis\u00f6lle. Ottelun seuraaminen on katsojalle el\u00e4myksellist\u00e4 \u2013 vauhtia ja taitoa [&hellip;]\" \/>\n<meta property=\"og:url\" content=\"https:\/\/www.finbandy.fi\/fi\/jaapalloliiton-arvot\/\" \/>\n<meta property=\"og:site_name\" content=\"Suomen J\u00e4\u00e4palloliitto\" \/>\n<meta property=\"article:modified_time\" content=\"2021-09-06T10:15:01+00:00\" \/>\n<meta name=\"twitter:card\" content=\"summary_large_image\" \/>\n<meta name=\"twitter:label1\" content=\"Arvioitu lukuaika\" \/>\n\t<meta name=\"twitter:data1\" content=\"1 minuutti\" \/>\n<script type=\"application\/ld+json\" class=\"yoast-schema-graph\">{\"@context\":\"https:\/\/schema.org\",\"@graph\":[{\"@type\":\"WebPage\",\"@id\":\"https:\/\/www.finbandy.fi\/fi\/jaapalloliiton-arvot\/\",\"url\":\"https:\/\/www.finbandy.fi\/fi\/jaapalloliiton-arvot\/\",\"name\":\"J\u00e4\u00e4palloliiton arvot - Suomen J\u00e4\u00e4palloliitto\",\"isPartOf\":{\"@id\":\"https:\/\/www.finbandy.fi\/fi\/#website\"},\"datePublished\":\"2021-06-14T19:58:07+00:00\",\"dateModified\":\"2021-09-06T10:15:01+00:00\",\"breadcrumb\":{\"@id\":\"https:\/\/www.finbandy.fi\/fi\/jaapalloliiton-arvot\/#breadcrumb\"},\"inLanguage\":\"fi\",\"potentialAction\":[{\"@type\":\"ReadAction\",\"target\":[\"https:\/\/www.finbandy.fi\/fi\/jaapalloliiton-arvot\/\"]}]},{\"@type\":\"BreadcrumbList\",\"@id\":\"https:\/\/www.finbandy.fi\/fi\/jaapalloliiton-arvot\/#breadcrumb\",\"itemListElement\":[{\"@type\":\"ListItem\",\"position\":1,\"name\":\"Etusivu\",\"item\":\"https:\/\/www.finbandy.fi\/fi\/\"},{\"@type\":\"ListItem\",\"position\":2,\"name\":\"J\u00e4\u00e4palloliiton arvot\"}]},{\"@type\":\"WebSite\",\"@id\":\"https:\/\/www.finbandy.fi\/fi\/#website\",\"url\":\"https:\/\/www.finbandy.fi\/fi\/\",\"name\":\"Suomen J\u00e4\u00e4palloliitto\",\"description\":\"\",\"potentialAction\":[{\"@type\":\"SearchAction\",\"target\":{\"@type\":\"EntryPoint\",\"urlTemplate\":\"https:\/\/www.finbandy.fi\/fi\/?s={search_term_string}\"},\"query-input\":\"required name=search_term_string\"}],\"inLanguage\":\"fi\"}]}<\/script>\n<!-- \/ Yoast SEO plugin. -->","yoast_head_json":{"title":"J\u00e4\u00e4palloliiton arvot - Suomen J\u00e4\u00e4palloliitto","robots":{"index":"index","follow":"follow","max-snippet":"max-snippet:-1","max-image-preview":"max-image-preview:large","max-video-preview":"max-video-preview:-1"},"canonical":"https:\/\/www.finbandy.fi\/fi\/jaapalloliiton-arvot\/","og_locale":"fi_FI","og_type":"article","og_title":"J\u00e4\u00e4palloliiton arvot - Suomen J\u00e4\u00e4palloliitto","og_description":"ARVOT Ammattimaisuus ja urheilullisuus Vastuullisuus ja turvallisuus Yhteis\u00f6llisyys ja el\u00e4myksellisyys ARVOPOHJA Annamme tasa-arvoisesti mahdollisuuden kaikille \u2013 lapsille, aikuisille, naisille, miehille \u2013 olla mukana j\u00e4\u00e4pallon parissa. J\u00e4\u00e4pallossa kunnioitamme kaikkia toimintaan osallistuvia. J\u00e4\u00e4pallopelaajalta vaaditaan monipuolisesti ominaisuuksien kehitt\u00e4mist\u00e4 ja laaja-alaista urheilullisuutta. Lajimme on turvallinen kaikille, niin pelaajille kuin yleis\u00f6lle. Ottelun seuraaminen on katsojalle el\u00e4myksellist\u00e4 \u2013 vauhtia ja taitoa [&hellip;]","og_url":"https:\/\/www.finbandy.fi\/fi\/jaapalloliiton-arvot\/","og_site_name":"Suomen J\u00e4\u00e4palloliitto","article_modified_time":"2021-09-06T10:15:01+00:00","twitter_card":"summary_large_image","twitter_misc":{"Arvioitu lukuaika":"1 minuutti"},"schema":{"@context":"https:\/\/schema.org","@graph":[{"@type":"WebPage","@id":"https:\/\/www.finbandy.fi\/fi\/jaapalloliiton-arvot\/","url":"https:\/\/www.finbandy.fi\/fi\/jaapalloliiton-arvot\/","name":"J\u00e4\u00e4palloliiton arvot - Suomen J\u00e4\u00e4palloliitto","isPartOf":{"@id":"https:\/\/www.finbandy.fi\/fi\/#website"},"datePublished":"2021-06-14T19:58:07+00:00","dateModified":"2021-09-06T10:15:01+00:00","breadcrumb":{"@id":"https:\/\/www.finbandy.fi\/fi\/jaapalloliiton-arvot\/#breadcrumb"},"inLanguage":"fi","potentialAction":[{"@type":"ReadAction","target":["https:\/\/www.finbandy.fi\/fi\/jaapalloliiton-arvot\/"]}]},{"@type":"BreadcrumbList","@id":"https:\/\/www.finbandy.fi\/fi\/jaapalloliiton-arvot\/#breadcrumb","itemListElement":[{"@type":"ListItem","position":1,"name":"Etusivu","item":"https:\/\/www.finbandy.fi\/fi\/"},{"@type":"ListItem","position":2,"name":"J\u00e4\u00e4palloliiton arvot"}]},{"@type":"WebSite","@id":"https:\/\/www.finbandy.fi\/fi\/#website","url":"https:\/\/www.finbandy.fi\/fi\/","name":"Suomen J\u00e4\u00e4palloliitto","description":"","potentialAction":[{"@type":"SearchAction","target":{"@type":"EntryPoint","urlTemplate":"https:\/\/www.finbandy.fi\/fi\/?s={search_term_string}"},"query-input":"required name=search_term_string"}],"inLanguage":"fi"}]}},"_links":{"self":[{"href":"https:\/\/www.finbandy.fi\/fi\/wp-json\/wp\/v2\/pages\/19502"}],"collection":[{"href":"https:\/\/www.finbandy.fi\/fi\/wp-json\/wp\/v2\/pages"}],"about":[{"href":"https:\/\/www.finbandy.fi\/fi\/wp-json\/wp\/v2\/types\/page"}],"author":[{"embeddable":true,"href":"https:\/\/www.finbandy.fi\/fi\/wp-json\/wp\/v2\/users\/22"}],"replies":[{"embeddable":true,"href":"https:\/\/www.finbandy.fi\/fi\/wp-json\/wp\/v2\/comments?post=19502"}],"version-history":[{"count":2,"href":"https:\/\/www.finbandy.fi\/fi\/wp-json\/wp\/v2\/pages\/19502\/revisions"}],"predecessor-version":[{"id":19978,"href":"https:\/\/www.finbandy.fi\/fi\/wp-json\/wp\/v2\/pages\/19502\/revisions\/19978"}],"wp:attachment":[{"href":"https:\/\/www.finbandy.fi\/fi\/wp-json\/wp\/v2\/media?parent=19502"}],"curies":[{"name":"wp","href":"https:\/\/api.w.org\/{rel}","templated":true}]}}