{"id":1952,"date":"2014-01-02T09:14:09","date_gmt":"2014-01-02T07:14:09","guid":{"rendered":"https:\/\/www.finbandy.fi\/fi\/?page_id=1952"},"modified":"2019-10-10T14:17:29","modified_gmt":"2019-10-10T11:17:29","slug":"warkauden-pallo-35-wp-35","status":"publish","type":"page","link":"https:\/\/www.finbandy.fi\/fi\/bandyliiga\/liiga-joukkueet\/warkauden-pallo-35-wp-35\/","title":{"rendered":"Warkauden Pallo-35, WP 35"},"content":{"rendered":"<div id=\"wp_fb_like_button\" style=\"margin:5px 0;float:none;height:50px;\"><script src=\"http:\/\/connect.facebook.net\/en_US\/all.js#xfbml=1\"><\/script><fb:like href=\"https:\/\/www.finbandy.fi\/fi\/bandyliiga\/liiga-joukkueet\/warkauden-pallo-35-wp-35\/\" send=\"true\" layout=\"button_count\" width=\"400\" show_faces=\"false\" font=\"arial\" action=\"like\" colorscheme=\"light\"><\/fb:like><\/div><p>Kotipaikka: Varkaus<br \/>Perustettu: 1935<\/p>\n<p>WP 35 ry, Ilkka Hoffren, Lukkarinkatu 31 D, 78400 Varkaus, 040 555 71 58 ilkka.hoffren(at)aft-global.com<\/p>\n<p>Puheenjohtaja Pekka Kinnunen<strong>, <\/strong>puh 0400 460 085<\/p>\n<p>Bandyliigan yhteyshenkil\u00f6 sek\u00e4 tiedottaja: Ilkka Hoffren yhteystiedot yll\u00e4<\/p>\n<p>Nuorten joukkueiden yhteyshenkil\u00f6 ja tiedottaja: Ilkka Hoffr\u00e9n, yhteystiedot yll\u00e4.<\/p>\n<p>Turvallisuusvastaava:<\/p>\n<p>Lisenssivastaava: Ilkka\u00a0Hoffr\u00e9n yhteystiedot yll\u00e4<\/p>\n<p>Kotikentt\u00e4: K\u00e4m\u00e4ri, Rehnstr\u00f6minkatu 10, 78250 Varkaus, 040 702 3900, jaahalli(at)varkaus.fi<\/p>\n<p>Seuran Internet-sivut: <a href=\"http:\/\/www.wp35.net\/\">www.wp35.net<\/a><\/p>\n<p>Miesten SM-mitalit: 16 SM, 6 SM-hopeaa ja 14 SM-pronssia. Nuorten sarjoissa seura on saavuttanut 18 Suomen mestaruutta.<br \/>WP 35 on pelannut p\u00e4\u00e4sarjatasolla yht\u00e4jaksoisesti vuodesta 1937 alkaen 76 kautta. Kaikkien aikojen maratontaulukossa WP 35 on t\u00e4ll\u00e4 hetkell\u00e4 kolmantena OLS:n ja HIFK:n j\u00e4lkeen. WP saavutti ensimm\u00e4isen Suomen mestaruuden sota-aikana 1943 pelatussa Cup-kilpailussa. WP 35:n menestysvuodet ajoittuvat 1940-, 60- ja 90-luvulle, jolloin Varkaus saavutti useita mestaruuksia per\u00e4kk\u00e4in.<br \/>Varkauden merkitt\u00e4vimpi\u00e4 johtomiehi\u00e4 ja taustavaikuttajia ovat olleet Eemeli Koponen, Rudolf Kallas, Heikki Karikoski, Kauko Herve, Helmuth Blauberg, V\u00e4in\u00f6 Asikainen, Pentti Jokinen, Teemu Reponen ja Pekka Koponen.<br \/>WP35:n t\u00e4htipelaajia ovat olleet mm. V\u00e4in\u00f6 Markkanen, Martti Veps\u00e4l\u00e4inen, Ville Kantanen, Martti Nyyss\u00f6nen, Leo Tukiainen, Pekka Kettunen, Pentti Jokinen, Pauli Auvinen, Esko ja Ari Holopainen, Eero Hautala, Seppo, Lasse ja Sami Laakkonen sek\u00e4 Jorma Saastamoinen ja Harri Kauhanen.<\/p>\n<p><strong>Valmentajat 1999-<\/strong><\/p>\n<p>1999-2000 Tapio Tarvainen<br \/>2000-2001 Juha Auvinen<br \/>2001-2002 Sami Jokinen, Jukka Soininen<br \/>2002-2005 Jorma Saastamoinen, Jukka Soininen<br \/>2005-2006 Jorma Saastamoinen<br \/>2006-2007 Tapio Herranen, Juha J\u00e4rvel\u00e4inen<br \/>2007-2009 Jorma Saastamoinen, Henrik Kosonen<br \/>2009-2010 Juha J\u00e4rvel\u00e4inen, Henrik Kosonen<br \/>2010-2011 Juha J\u00e4rvel\u00e4inen<br \/>2011-2012 Jorma Saastamoinen ja Harri Kauhanen<br \/>2012-2013 Harri Kauhanen, Sami Jokinen<br \/>2013-2014 Jorma Saastamoinen, Pertti Koponen ja Jari Tolvanen<br \/>2014-2015 Jouni Nissinen, Ilkka Hoffren, Jari Tolvanen<br \/>2015-2016 Jouni Nissinen, Ilkka Hoffren, Jukka Soininen, Juha J\u00e4rvel\u00e4inen<\/p>\n<p>2016-2017 Juha J\u00e4rvel\u00e4inen, Ilkka Hoffren, Janne P\u00f6ll\u00e4nen<\/p>\n<p>2017-2018 Tuomas Erkkil\u00e4, Ilkka Hoffren<\/p>\n<p>2018-2019 Timo Wallius<\/p>\n<p>2019-2020 Ilkka Hoffr\u00e9n, Jorma Saastamoinen<\/p>\n<p>\u00a0<\/p>\n\n\n<p><\/p>\n","protected":false},"excerpt":{"rendered":"<p>Kotipaikka: VarkausPerustettu: 1935 WP 35 ry, Ilkka Hoffren, Lukkarinkatu 31 D, 78400 Varkaus, 040 555 71 58 ilkka.hoffren(at)aft-global.com Puheenjohtaja Pekka Kinnunen, puh 0400 460 085 Bandyliigan yhteyshenkil\u00f6 sek\u00e4 tiedottaja: Ilkka Hoffren yhteystiedot yll\u00e4 Nuorten joukkueiden yhteyshenkil\u00f6 ja tiedottaja: Ilkka Hoffr\u00e9n, yhteystiedot yll\u00e4. Turvallisuusvastaava: Lisenssivastaava: Ilkka\u00a0Hoffr\u00e9n yhteystiedot yll\u00e4 Kotikentt\u00e4: K\u00e4m\u00e4ri, Rehnstr\u00f6minkatu 10, 78250 Varkaus, 040 702 [&hellip;]<\/p>\n","protected":false},"author":1,"featured_media":0,"parent":249,"menu_order":9,"comment_status":"open","ping_status":"open","template":"yksittainen.php","meta":{"_monsterinsights_skip_tracking":false,"_monsterinsights_sitenote_active":false,"_monsterinsights_sitenote_note":"","_monsterinsights_sitenote_category":0,"site-sidebar-layout":"default","site-content-layout":"","ast-site-content-layout":"","site-content-style":"default","site-sidebar-style":"default","ast-global-header-display":"","ast-banner-title-visibility":"","ast-main-header-display":"","ast-hfb-above-header-display":"","ast-hfb-below-header-display":"","ast-hfb-mobile-header-display":"","site-post-title":"","ast-breadcrumbs-content":"","ast-featured-img":"","footer-sml-layout":"","theme-transparent-header-meta":"","adv-header-id-meta":"","stick-header-meta":"","header-above-stick-meta":"","header-main-stick-meta":"","header-below-stick-meta":"","astra-migrate-meta-layouts":"default","ast-page-background-enabled":"default","ast-page-background-meta":{"desktop":{"background-color":"var(--ast-global-color-4)","background-image":"","background-repeat":"repeat","background-position":"center center","background-size":"auto","background-attachment":"scroll","background-type":"","background-media":"","overlay-type":"","overlay-color":"","overlay-opacity":"","overlay-gradient":""},"tablet":{"background-color":"","background-image":"","background-repeat":"repeat","background-position":"center center","background-size":"auto","background-attachment":"scroll","background-type":"","background-media":"","overlay-type":"","overlay-color":"","overlay-opacity":"","overlay-gradient":""},"mobile":{"background-color":"","background-image":"","background-repeat":"repeat","background-position":"center center","background-size":"auto","background-attachment":"scroll","background-type":"","background-media":"","overlay-type":"","overlay-color":"","overlay-opacity":"","overlay-gradient":""}},"ast-content-background-meta":{"desktop":{"background-color":"var(--ast-global-color-5)","background-image":"","background-repeat":"repeat","background-position":"center center","background-size":"auto","background-attachment":"scroll","background-type":"","background-media":"","overlay-type":"","overlay-color":"","overlay-opacity":"","overlay-gradient":""},"tablet":{"background-color":"var(--ast-global-color-5)","background-image":"","background-repeat":"repeat","background-position":"center center","background-size":"auto","background-attachment":"scroll","background-type":"","background-media":"","overlay-type":"","overlay-color":"","overlay-opacity":"","overlay-gradient":""},"mobile":{"background-color":"var(--ast-global-color-5)","background-image":"","background-repeat":"repeat","background-position":"center center","background-size":"auto","background-attachment":"scroll","background-type":"","background-media":"","overlay-type":"","overlay-color":"","overlay-opacity":"","overlay-gradient":""}},"footnotes":"","_expiration-date-status":"saved","_expiration-date":0,"_expiration-date-type":"","_expiration-date-categories":[],"_expiration-date-options":[]},"class_list":["post-1952","page","type-page","status-publish","hentry"],"yoast_head":"<!-- This site is optimized with the Yoast SEO plugin v19.7.1 - https:\/\/yoast.com\/wordpress\/plugins\/seo\/ -->\n<title>Warkauden Pallo-35, WP 35 - Suomen J\u00e4\u00e4palloliitto<\/title>\n<meta name=\"robots\" content=\"index, follow, max-snippet:-1, max-image-preview:large, max-video-preview:-1\" \/>\n<link rel=\"canonical\" href=\"https:\/\/www.finbandy.fi\/fi\/bandyliiga\/liiga-joukkueet\/warkauden-pallo-35-wp-35\/\" \/>\n<meta property=\"og:locale\" content=\"fi_FI\" \/>\n<meta property=\"og:type\" content=\"article\" \/>\n<meta property=\"og:title\" content=\"Warkauden Pallo-35, WP 35 - Suomen J\u00e4\u00e4palloliitto\" \/>\n<meta property=\"og:description\" content=\"Kotipaikka: VarkausPerustettu: 1935 WP 35 ry, Ilkka Hoffren, Lukkarinkatu 31 D, 78400 Varkaus, 040 555 71 58 ilkka.hoffren(at)aft-global.com Puheenjohtaja Pekka Kinnunen, puh 0400 460 085 Bandyliigan yhteyshenkil\u00f6 sek\u00e4 tiedottaja: Ilkka Hoffren yhteystiedot yll\u00e4 Nuorten joukkueiden yhteyshenkil\u00f6 ja tiedottaja: Ilkka Hoffr\u00e9n, yhteystiedot yll\u00e4. Turvallisuusvastaava: Lisenssivastaava: Ilkka\u00a0Hoffr\u00e9n yhteystiedot yll\u00e4 Kotikentt\u00e4: K\u00e4m\u00e4ri, Rehnstr\u00f6minkatu 10, 78250 Varkaus, 040 702 [&hellip;]\" \/>\n<meta property=\"og:url\" content=\"https:\/\/www.finbandy.fi\/fi\/bandyliiga\/liiga-joukkueet\/warkauden-pallo-35-wp-35\/\" \/>\n<meta property=\"og:site_name\" content=\"Suomen J\u00e4\u00e4palloliitto\" \/>\n<meta property=\"article:modified_time\" content=\"2019-10-10T11:17:29+00:00\" \/>\n<meta name=\"twitter:card\" content=\"summary_large_image\" \/>\n<meta name=\"twitter:label1\" content=\"Arvioitu lukuaika\" \/>\n\t<meta name=\"twitter:data1\" content=\"2 minuuttia\" \/>\n<script type=\"application\/ld+json\" class=\"yoast-schema-graph\">{\"@context\":\"https:\/\/schema.org\",\"@graph\":[{\"@type\":\"WebPage\",\"@id\":\"https:\/\/www.finbandy.fi\/fi\/bandyliiga\/liiga-joukkueet\/warkauden-pallo-35-wp-35\/\",\"url\":\"https:\/\/www.finbandy.fi\/fi\/bandyliiga\/liiga-joukkueet\/warkauden-pallo-35-wp-35\/\",\"name\":\"Warkauden Pallo-35, WP 35 - Suomen J\u00e4\u00e4palloliitto\",\"isPartOf\":{\"@id\":\"https:\/\/www.finbandy.fi\/fi\/#website\"},\"datePublished\":\"2014-01-02T07:14:09+00:00\",\"dateModified\":\"2019-10-10T11:17:29+00:00\",\"breadcrumb\":{\"@id\":\"https:\/\/www.finbandy.fi\/fi\/bandyliiga\/liiga-joukkueet\/warkauden-pallo-35-wp-35\/#breadcrumb\"},\"inLanguage\":\"fi\",\"potentialAction\":[{\"@type\":\"ReadAction\",\"target\":[\"https:\/\/www.finbandy.fi\/fi\/bandyliiga\/liiga-joukkueet\/warkauden-pallo-35-wp-35\/\"]}]},{\"@type\":\"BreadcrumbList\",\"@id\":\"https:\/\/www.finbandy.fi\/fi\/bandyliiga\/liiga-joukkueet\/warkauden-pallo-35-wp-35\/#breadcrumb\",\"itemListElement\":[{\"@type\":\"ListItem\",\"position\":1,\"name\":\"Etusivu\",\"item\":\"https:\/\/www.finbandy.fi\/fi\/\"},{\"@type\":\"ListItem\",\"position\":2,\"name\":\"Bandyliiga\",\"item\":\"https:\/\/www.finbandy.fi\/fi\/bandyliiga\/\"},{\"@type\":\"ListItem\",\"position\":3,\"name\":\"Liigajoukkueet\",\"item\":\"https:\/\/www.finbandy.fi\/fi\/bandyliiga\/liiga-joukkueet\/\"},{\"@type\":\"ListItem\",\"position\":4,\"name\":\"Warkauden Pallo-35, WP 35\"}]},{\"@type\":\"WebSite\",\"@id\":\"https:\/\/www.finbandy.fi\/fi\/#website\",\"url\":\"https:\/\/www.finbandy.fi\/fi\/\",\"name\":\"Suomen J\u00e4\u00e4palloliitto\",\"description\":\"\",\"potentialAction\":[{\"@type\":\"SearchAction\",\"target\":{\"@type\":\"EntryPoint\",\"urlTemplate\":\"https:\/\/www.finbandy.fi\/fi\/?s={search_term_string}\"},\"query-input\":\"required name=search_term_string\"}],\"inLanguage\":\"fi\"}]}<\/script>\n<!-- \/ Yoast SEO plugin. -->","yoast_head_json":{"title":"Warkauden Pallo-35, WP 35 - Suomen J\u00e4\u00e4palloliitto","robots":{"index":"index","follow":"follow","max-snippet":"max-snippet:-1","max-image-preview":"max-image-preview:large","max-video-preview":"max-video-preview:-1"},"canonical":"https:\/\/www.finbandy.fi\/fi\/bandyliiga\/liiga-joukkueet\/warkauden-pallo-35-wp-35\/","og_locale":"fi_FI","og_type":"article","og_title":"Warkauden Pallo-35, WP 35 - Suomen J\u00e4\u00e4palloliitto","og_description":"Kotipaikka: VarkausPerustettu: 1935 WP 35 ry, Ilkka Hoffren, Lukkarinkatu 31 D, 78400 Varkaus, 040 555 71 58 ilkka.hoffren(at)aft-global.com Puheenjohtaja Pekka Kinnunen, puh 0400 460 085 Bandyliigan yhteyshenkil\u00f6 sek\u00e4 tiedottaja: Ilkka Hoffren yhteystiedot yll\u00e4 Nuorten joukkueiden yhteyshenkil\u00f6 ja tiedottaja: Ilkka Hoffr\u00e9n, yhteystiedot yll\u00e4. Turvallisuusvastaava: Lisenssivastaava: Ilkka\u00a0Hoffr\u00e9n yhteystiedot yll\u00e4 Kotikentt\u00e4: K\u00e4m\u00e4ri, Rehnstr\u00f6minkatu 10, 78250 Varkaus, 040 702 [&hellip;]","og_url":"https:\/\/www.finbandy.fi\/fi\/bandyliiga\/liiga-joukkueet\/warkauden-pallo-35-wp-35\/","og_site_name":"Suomen J\u00e4\u00e4palloliitto","article_modified_time":"2019-10-10T11:17:29+00:00","twitter_card":"summary_large_image","twitter_misc":{"Arvioitu lukuaika":"2 minuuttia"},"schema":{"@context":"https:\/\/schema.org","@graph":[{"@type":"WebPage","@id":"https:\/\/www.finbandy.fi\/fi\/bandyliiga\/liiga-joukkueet\/warkauden-pallo-35-wp-35\/","url":"https:\/\/www.finbandy.fi\/fi\/bandyliiga\/liiga-joukkueet\/warkauden-pallo-35-wp-35\/","name":"Warkauden Pallo-35, WP 35 - Suomen J\u00e4\u00e4palloliitto","isPartOf":{"@id":"https:\/\/www.finbandy.fi\/fi\/#website"},"datePublished":"2014-01-02T07:14:09+00:00","dateModified":"2019-10-10T11:17:29+00:00","breadcrumb":{"@id":"https:\/\/www.finbandy.fi\/fi\/bandyliiga\/liiga-joukkueet\/warkauden-pallo-35-wp-35\/#breadcrumb"},"inLanguage":"fi","potentialAction":[{"@type":"ReadAction","target":["https:\/\/www.finbandy.fi\/fi\/bandyliiga\/liiga-joukkueet\/warkauden-pallo-35-wp-35\/"]}]},{"@type":"BreadcrumbList","@id":"https:\/\/www.finbandy.fi\/fi\/bandyliiga\/liiga-joukkueet\/warkauden-pallo-35-wp-35\/#breadcrumb","itemListElement":[{"@type":"ListItem","position":1,"name":"Etusivu","item":"https:\/\/www.finbandy.fi\/fi\/"},{"@type":"ListItem","position":2,"name":"Bandyliiga","item":"https:\/\/www.finbandy.fi\/fi\/bandyliiga\/"},{"@type":"ListItem","position":3,"name":"Liigajoukkueet","item":"https:\/\/www.finbandy.fi\/fi\/bandyliiga\/liiga-joukkueet\/"},{"@type":"ListItem","position":4,"name":"Warkauden Pallo-35, WP 35"}]},{"@type":"WebSite","@id":"https:\/\/www.finbandy.fi\/fi\/#website","url":"https:\/\/www.finbandy.fi\/fi\/","name":"Suomen J\u00e4\u00e4palloliitto","description":"","potentialAction":[{"@type":"SearchAction","target":{"@type":"EntryPoint","urlTemplate":"https:\/\/www.finbandy.fi\/fi\/?s={search_term_string}"},"query-input":"required name=search_term_string"}],"inLanguage":"fi"}]}},"_links":{"self":[{"href":"https:\/\/www.finbandy.fi\/fi\/wp-json\/wp\/v2\/pages\/1952"}],"collection":[{"href":"https:\/\/www.finbandy.fi\/fi\/wp-json\/wp\/v2\/pages"}],"about":[{"href":"https:\/\/www.finbandy.fi\/fi\/wp-json\/wp\/v2\/types\/page"}],"author":[{"embeddable":true,"href":"https:\/\/www.finbandy.fi\/fi\/wp-json\/wp\/v2\/users\/1"}],"replies":[{"embeddable":true,"href":"https:\/\/www.finbandy.fi\/fi\/wp-json\/wp\/v2\/comments?post=1952"}],"version-history":[{"count":17,"href":"https:\/\/www.finbandy.fi\/fi\/wp-json\/wp\/v2\/pages\/1952\/revisions"}],"predecessor-version":[{"id":16367,"href":"https:\/\/www.finbandy.fi\/fi\/wp-json\/wp\/v2\/pages\/1952\/revisions\/16367"}],"up":[{"embeddable":true,"href":"https:\/\/www.finbandy.fi\/fi\/wp-json\/wp\/v2\/pages\/249"}],"wp:attachment":[{"href":"https:\/\/www.finbandy.fi\/fi\/wp-json\/wp\/v2\/media?parent=1952"}],"curies":[{"name":"wp","href":"https:\/\/api.w.org\/{rel}","templated":true}]}}