{"id":1954,"date":"2014-01-02T09:14:55","date_gmt":"2014-01-02T07:14:55","guid":{"rendered":"https:\/\/www.finbandy.fi\/fi\/?page_id=1954"},"modified":"2019-10-10T14:07:15","modified_gmt":"2019-10-10T11:07:15","slug":"veitera-2","status":"publish","type":"page","link":"https:\/\/www.finbandy.fi\/fi\/bandyliiga\/liiga-joukkueet\/veitera-2\/","title":{"rendered":"Veiter\u00e4"},"content":{"rendered":"<div id=\"wp_fb_like_button\" style=\"margin:5px 0;float:none;height:50px;\"><script src=\"http:\/\/connect.facebook.net\/en_US\/all.js#xfbml=1\"><\/script><fb:like href=\"https:\/\/www.finbandy.fi\/fi\/bandyliiga\/liiga-joukkueet\/veitera-2\/\" send=\"true\" layout=\"button_count\" width=\"400\" show_faces=\"false\" font=\"arial\" action=\"like\" colorscheme=\"light\"><\/fb:like><\/div><p>Kotipaikka: Lappeenranta<br \/>\nPerustettu: 1950<\/p>\n<p>Puheenjohtaja: Martti Tepponen, Harjulankuja 7, 49510 Husula, 044 053 3575, martti.tepponen(at)disas.fi<\/p>\n<p>Bandyliigan yhteyshenkil\u00f6 sek\u00e4 lisenssivastaava: Harri Peuhkuri, harri.peuhkuri(at)maalaus-peuhkuri.fi<\/p>\n<p>Lisenssivastaavat nuoret: Mika Simpura mika.simpur(at)saunalahti.fi, Anu Simpura anu.simpura(at)gmail.com<\/p>\n<p>Kotikentt\u00e4: Kisapuiston tekoj\u00e4\u00e4rata, Kisakatu 9, 53200 Lappeenranta<br \/>\n05 616 3029, 0400 639 791<\/p>\n<p>Seuran Internet-sivut:\u00a0\u00a0\u00a0\u00a0\u00a0\u00a0\u00a0 www.veitera.fi<\/p>\n<p>Miesten SM-mitalit: 5 SM, 7 SM-hopeaa ja 8 SM-pronssia, 1 naisten Suomen mestaruus. Seura on saavuttanut nuorten sarjoissa 28 Suomen mestaruutta.<\/p>\n<p>Lappeenrannan Veiter\u00e4 perustettiin 1950, kun Lappeenrannan Urheilu-Miehet (LUM) p\u00e4\u00e4tti lopettaa palloilutoimintansa. LUM saavutti Suomen mestaruuden 1949. Veiter\u00e4 seura voitti mestaruuden heti ensimm\u00e4isell\u00e4 kaudella1950-51. Lappeenrannan Pallo (LaPa) nousi 60-luvulla kaupungin ykk\u00f6sseuraksi. LaPa lopetti j\u00e4\u00e4pallon syksyll\u00e4 1976 ja seuran pelaajat siirtyiv\u00e4t Veiter\u00e4\u00e4n, joka palasi takaisin kotimaiselle j\u00e4\u00e4pallohuipulle. Nelj\u00e4nnen Suomen mestaruuden Veiter\u00e4 saavutti 1980. Veiter\u00e4 on pelannut p\u00e4\u00e4sarjassa 60 kautta ja on maratontaulukossa t\u00e4ll\u00e4 hetkell\u00e4 5. sijalla.<br \/>\nVeiter\u00e4n merkitt\u00e4vimpi\u00e4 johtohahmoja ja taustahenkil\u00f6it\u00e4 olivat 1950- ja 60-luvulla Yrj\u00f6 Kainlauri, Heikki Sistonen, Viljo Pulli ja Erkki Paukkonen. T\u00e4rkeit\u00e4 toimijoita Veiter\u00e4n uudelleen organisoinnissa olivat mm. Kalle Tynkkynen, Rauno Penttinen, Veikko Kiiski ja Esko Heltola. Heikki Tynkkynen, Matti ja Raimo Kantola, Kalevi Hurskainen ja Pirjo Karhu olivat seuran t\u00e4rkeit\u00e4 toimihenkil\u00f6it\u00e4 1990-luvulla. Veiter\u00e4n johtohenkil\u00f6it\u00e4 t\u00e4ll\u00e4 vuosikymmenell\u00e4 ovat olleet mm. Tarmo H\u00e4kkinen, Kari Pulli, Harri Iljin ja Petri Krohns.<br \/>\nVeiter\u00e4n huippupelaajia 1950-luvulla olivat mm. Veikko Partanen, Arvo Raitavuo, Pentti Immonen, Matti Serenius, Risto Ovaska ja Kullervo Muurinen. Urho Partanen, Esko Heltola, Leo Segerman, Timo Serenius, Heikki Raitavuo ja Kari Peuhkuri olivat 1970\u201380-luvun t\u00e4htipelaajia. Veiter\u00e4n 90-luvun nimekk\u00e4it\u00e4 pelaajia olivat mm. Tommi Pajukari, Ilkka Per\u00e4l\u00e4, Jukka Linden, Sergei Maksimenko ja Timo Partanen ja t\u00e4ll\u00e4 vuosituhannella mm. Miikka Tujula, Janne Hauska, Tomi Hauska, Sakke Haapiainen, Juha Mustalahti ja Sasu S\u00f6derholm.<\/p>\n<p><strong>Valmentajat 1999-<\/strong><\/p>\n<p>1999\u20132001 Pekka Petril\u00e4inen, Kari Kankkunen<br \/>\n2001\u20132002 Ilkka Hauska, Mikko Pyysing<br \/>\n2002\u20132005 Ilkka Per\u00e4l\u00e4<br \/>\n2005\u20132007 Jukka Tirkkonen<br \/>\n2007\u20132008 Markus Saukkonen<br \/>\n2008\u20132009 Lauri Segerman<br \/>\n2009\u20132010 Anssi Peuhkuri, Sakke Haapiainen, Jukka P\u00f6ntinen<br \/>\n2010\u20132011 Anssi Peuhkuri ja Markus Saukkonen<br \/>\n2011\u20132015 Juuso Pyysing ja Toni Saukkonen<br \/>\n2015\u20132016 Tuomas Erkkil\u00e4<\/p>\n<p>2016-2019 Alexej Nikisov<\/p>\n<p>2019-2020 Valeri Gratsev<\/p>\n","protected":false},"excerpt":{"rendered":"<p>Kotipaikka: Lappeenranta Perustettu: 1950 Puheenjohtaja: Martti Tepponen, Harjulankuja 7, 49510 Husula, 044 053 3575, martti.tepponen(at)disas.fi Bandyliigan yhteyshenkil\u00f6 sek\u00e4 lisenssivastaava: Harri Peuhkuri, harri.peuhkuri(at)maalaus-peuhkuri.fi Lisenssivastaavat nuoret: Mika Simpura mika.simpur(at)saunalahti.fi, Anu Simpura anu.simpura(at)gmail.com Kotikentt\u00e4: Kisapuiston tekoj\u00e4\u00e4rata, Kisakatu 9, 53200 Lappeenranta 05 616 3029, 0400 639 791 Seuran Internet-sivut:\u00a0\u00a0\u00a0\u00a0\u00a0\u00a0\u00a0 www.veitera.fi Miesten SM-mitalit: 5 SM, 7 SM-hopeaa ja 8 SM-pronssia, [&hellip;]<\/p>\n","protected":false},"author":1,"featured_media":0,"parent":249,"menu_order":10,"comment_status":"open","ping_status":"open","template":"yksittainen.php","meta":{"_monsterinsights_skip_tracking":false,"_monsterinsights_sitenote_active":false,"_monsterinsights_sitenote_note":"","_monsterinsights_sitenote_category":0,"site-sidebar-layout":"default","site-content-layout":"","ast-site-content-layout":"","site-content-style":"default","site-sidebar-style":"default","ast-global-header-display":"","ast-banner-title-visibility":"","ast-main-header-display":"","ast-hfb-above-header-display":"","ast-hfb-below-header-display":"","ast-hfb-mobile-header-display":"","site-post-title":"","ast-breadcrumbs-content":"","ast-featured-img":"","footer-sml-layout":"","theme-transparent-header-meta":"","adv-header-id-meta":"","stick-header-meta":"","header-above-stick-meta":"","header-main-stick-meta":"","header-below-stick-meta":"","astra-migrate-meta-layouts":"default","ast-page-background-enabled":"default","ast-page-background-meta":{"desktop":{"background-color":"var(--ast-global-color-4)","background-image":"","background-repeat":"repeat","background-position":"center center","background-size":"auto","background-attachment":"scroll","background-type":"","background-media":"","overlay-type":"","overlay-color":"","overlay-opacity":"","overlay-gradient":""},"tablet":{"background-color":"","background-image":"","background-repeat":"repeat","background-position":"center center","background-size":"auto","background-attachment":"scroll","background-type":"","background-media":"","overlay-type":"","overlay-color":"","overlay-opacity":"","overlay-gradient":""},"mobile":{"background-color":"","background-image":"","background-repeat":"repeat","background-position":"center center","background-size":"auto","background-attachment":"scroll","background-type":"","background-media":"","overlay-type":"","overlay-color":"","overlay-opacity":"","overlay-gradient":""}},"ast-content-background-meta":{"desktop":{"background-color":"var(--ast-global-color-5)","background-image":"","background-repeat":"repeat","background-position":"center center","background-size":"auto","background-attachment":"scroll","background-type":"","background-media":"","overlay-type":"","overlay-color":"","overlay-opacity":"","overlay-gradient":""},"tablet":{"background-color":"var(--ast-global-color-5)","background-image":"","background-repeat":"repeat","background-position":"center center","background-size":"auto","background-attachment":"scroll","background-type":"","background-media":"","overlay-type":"","overlay-color":"","overlay-opacity":"","overlay-gradient":""},"mobile":{"background-color":"var(--ast-global-color-5)","background-image":"","background-repeat":"repeat","background-position":"center center","background-size":"auto","background-attachment":"scroll","background-type":"","background-media":"","overlay-type":"","overlay-color":"","overlay-opacity":"","overlay-gradient":""}},"footnotes":"","_expiration-date-status":"saved","_expiration-date":0,"_expiration-date-type":"","_expiration-date-categories":[],"_expiration-date-options":[]},"class_list":["post-1954","page","type-page","status-publish","hentry"],"yoast_head":"<!-- This site is optimized with the Yoast SEO plugin v19.7.1 - https:\/\/yoast.com\/wordpress\/plugins\/seo\/ -->\n<title>Veiter\u00e4 - Suomen J\u00e4\u00e4palloliitto<\/title>\n<meta name=\"robots\" content=\"index, follow, max-snippet:-1, max-image-preview:large, max-video-preview:-1\" \/>\n<link rel=\"canonical\" href=\"https:\/\/www.finbandy.fi\/fi\/bandyliiga\/liiga-joukkueet\/veitera-2\/\" \/>\n<meta property=\"og:locale\" content=\"fi_FI\" \/>\n<meta property=\"og:type\" content=\"article\" \/>\n<meta property=\"og:title\" content=\"Veiter\u00e4 - Suomen J\u00e4\u00e4palloliitto\" \/>\n<meta property=\"og:description\" content=\"Kotipaikka: Lappeenranta Perustettu: 1950 Puheenjohtaja: Martti Tepponen, Harjulankuja 7, 49510 Husula, 044 053 3575, martti.tepponen(at)disas.fi Bandyliigan yhteyshenkil\u00f6 sek\u00e4 lisenssivastaava: Harri Peuhkuri, harri.peuhkuri(at)maalaus-peuhkuri.fi Lisenssivastaavat nuoret: Mika Simpura mika.simpur(at)saunalahti.fi, Anu Simpura anu.simpura(at)gmail.com Kotikentt\u00e4: Kisapuiston tekoj\u00e4\u00e4rata, Kisakatu 9, 53200 Lappeenranta 05 616 3029, 0400 639 791 Seuran Internet-sivut:\u00a0\u00a0\u00a0\u00a0\u00a0\u00a0\u00a0 www.veitera.fi Miesten SM-mitalit: 5 SM, 7 SM-hopeaa ja 8 SM-pronssia, [&hellip;]\" \/>\n<meta property=\"og:url\" content=\"https:\/\/www.finbandy.fi\/fi\/bandyliiga\/liiga-joukkueet\/veitera-2\/\" \/>\n<meta property=\"og:site_name\" content=\"Suomen J\u00e4\u00e4palloliitto\" \/>\n<meta property=\"article:modified_time\" content=\"2019-10-10T11:07:15+00:00\" \/>\n<meta name=\"twitter:card\" content=\"summary_large_image\" \/>\n<meta name=\"twitter:label1\" content=\"Arvioitu lukuaika\" \/>\n\t<meta name=\"twitter:data1\" content=\"2 minuuttia\" \/>\n<script type=\"application\/ld+json\" class=\"yoast-schema-graph\">{\"@context\":\"https:\/\/schema.org\",\"@graph\":[{\"@type\":\"WebPage\",\"@id\":\"https:\/\/www.finbandy.fi\/fi\/bandyliiga\/liiga-joukkueet\/veitera-2\/\",\"url\":\"https:\/\/www.finbandy.fi\/fi\/bandyliiga\/liiga-joukkueet\/veitera-2\/\",\"name\":\"Veiter\u00e4 - Suomen J\u00e4\u00e4palloliitto\",\"isPartOf\":{\"@id\":\"https:\/\/www.finbandy.fi\/fi\/#website\"},\"datePublished\":\"2014-01-02T07:14:55+00:00\",\"dateModified\":\"2019-10-10T11:07:15+00:00\",\"breadcrumb\":{\"@id\":\"https:\/\/www.finbandy.fi\/fi\/bandyliiga\/liiga-joukkueet\/veitera-2\/#breadcrumb\"},\"inLanguage\":\"fi\",\"potentialAction\":[{\"@type\":\"ReadAction\",\"target\":[\"https:\/\/www.finbandy.fi\/fi\/bandyliiga\/liiga-joukkueet\/veitera-2\/\"]}]},{\"@type\":\"BreadcrumbList\",\"@id\":\"https:\/\/www.finbandy.fi\/fi\/bandyliiga\/liiga-joukkueet\/veitera-2\/#breadcrumb\",\"itemListElement\":[{\"@type\":\"ListItem\",\"position\":1,\"name\":\"Etusivu\",\"item\":\"https:\/\/www.finbandy.fi\/fi\/\"},{\"@type\":\"ListItem\",\"position\":2,\"name\":\"Bandyliiga\",\"item\":\"https:\/\/www.finbandy.fi\/fi\/bandyliiga\/\"},{\"@type\":\"ListItem\",\"position\":3,\"name\":\"Liigajoukkueet\",\"item\":\"https:\/\/www.finbandy.fi\/fi\/bandyliiga\/liiga-joukkueet\/\"},{\"@type\":\"ListItem\",\"position\":4,\"name\":\"Veiter\u00e4\"}]},{\"@type\":\"WebSite\",\"@id\":\"https:\/\/www.finbandy.fi\/fi\/#website\",\"url\":\"https:\/\/www.finbandy.fi\/fi\/\",\"name\":\"Suomen J\u00e4\u00e4palloliitto\",\"description\":\"\",\"potentialAction\":[{\"@type\":\"SearchAction\",\"target\":{\"@type\":\"EntryPoint\",\"urlTemplate\":\"https:\/\/www.finbandy.fi\/fi\/?s={search_term_string}\"},\"query-input\":\"required name=search_term_string\"}],\"inLanguage\":\"fi\"}]}<\/script>\n<!-- \/ Yoast SEO plugin. -->","yoast_head_json":{"title":"Veiter\u00e4 - Suomen J\u00e4\u00e4palloliitto","robots":{"index":"index","follow":"follow","max-snippet":"max-snippet:-1","max-image-preview":"max-image-preview:large","max-video-preview":"max-video-preview:-1"},"canonical":"https:\/\/www.finbandy.fi\/fi\/bandyliiga\/liiga-joukkueet\/veitera-2\/","og_locale":"fi_FI","og_type":"article","og_title":"Veiter\u00e4 - Suomen J\u00e4\u00e4palloliitto","og_description":"Kotipaikka: Lappeenranta Perustettu: 1950 Puheenjohtaja: Martti Tepponen, Harjulankuja 7, 49510 Husula, 044 053 3575, martti.tepponen(at)disas.fi Bandyliigan yhteyshenkil\u00f6 sek\u00e4 lisenssivastaava: Harri Peuhkuri, harri.peuhkuri(at)maalaus-peuhkuri.fi Lisenssivastaavat nuoret: Mika Simpura mika.simpur(at)saunalahti.fi, Anu Simpura anu.simpura(at)gmail.com Kotikentt\u00e4: Kisapuiston tekoj\u00e4\u00e4rata, Kisakatu 9, 53200 Lappeenranta 05 616 3029, 0400 639 791 Seuran Internet-sivut:\u00a0\u00a0\u00a0\u00a0\u00a0\u00a0\u00a0 www.veitera.fi Miesten SM-mitalit: 5 SM, 7 SM-hopeaa ja 8 SM-pronssia, [&hellip;]","og_url":"https:\/\/www.finbandy.fi\/fi\/bandyliiga\/liiga-joukkueet\/veitera-2\/","og_site_name":"Suomen J\u00e4\u00e4palloliitto","article_modified_time":"2019-10-10T11:07:15+00:00","twitter_card":"summary_large_image","twitter_misc":{"Arvioitu lukuaika":"2 minuuttia"},"schema":{"@context":"https:\/\/schema.org","@graph":[{"@type":"WebPage","@id":"https:\/\/www.finbandy.fi\/fi\/bandyliiga\/liiga-joukkueet\/veitera-2\/","url":"https:\/\/www.finbandy.fi\/fi\/bandyliiga\/liiga-joukkueet\/veitera-2\/","name":"Veiter\u00e4 - Suomen J\u00e4\u00e4palloliitto","isPartOf":{"@id":"https:\/\/www.finbandy.fi\/fi\/#website"},"datePublished":"2014-01-02T07:14:55+00:00","dateModified":"2019-10-10T11:07:15+00:00","breadcrumb":{"@id":"https:\/\/www.finbandy.fi\/fi\/bandyliiga\/liiga-joukkueet\/veitera-2\/#breadcrumb"},"inLanguage":"fi","potentialAction":[{"@type":"ReadAction","target":["https:\/\/www.finbandy.fi\/fi\/bandyliiga\/liiga-joukkueet\/veitera-2\/"]}]},{"@type":"BreadcrumbList","@id":"https:\/\/www.finbandy.fi\/fi\/bandyliiga\/liiga-joukkueet\/veitera-2\/#breadcrumb","itemListElement":[{"@type":"ListItem","position":1,"name":"Etusivu","item":"https:\/\/www.finbandy.fi\/fi\/"},{"@type":"ListItem","position":2,"name":"Bandyliiga","item":"https:\/\/www.finbandy.fi\/fi\/bandyliiga\/"},{"@type":"ListItem","position":3,"name":"Liigajoukkueet","item":"https:\/\/www.finbandy.fi\/fi\/bandyliiga\/liiga-joukkueet\/"},{"@type":"ListItem","position":4,"name":"Veiter\u00e4"}]},{"@type":"WebSite","@id":"https:\/\/www.finbandy.fi\/fi\/#website","url":"https:\/\/www.finbandy.fi\/fi\/","name":"Suomen J\u00e4\u00e4palloliitto","description":"","potentialAction":[{"@type":"SearchAction","target":{"@type":"EntryPoint","urlTemplate":"https:\/\/www.finbandy.fi\/fi\/?s={search_term_string}"},"query-input":"required name=search_term_string"}],"inLanguage":"fi"}]}},"_links":{"self":[{"href":"https:\/\/www.finbandy.fi\/fi\/wp-json\/wp\/v2\/pages\/1954"}],"collection":[{"href":"https:\/\/www.finbandy.fi\/fi\/wp-json\/wp\/v2\/pages"}],"about":[{"href":"https:\/\/www.finbandy.fi\/fi\/wp-json\/wp\/v2\/types\/page"}],"author":[{"embeddable":true,"href":"https:\/\/www.finbandy.fi\/fi\/wp-json\/wp\/v2\/users\/1"}],"replies":[{"embeddable":true,"href":"https:\/\/www.finbandy.fi\/fi\/wp-json\/wp\/v2\/comments?post=1954"}],"version-history":[{"count":18,"href":"https:\/\/www.finbandy.fi\/fi\/wp-json\/wp\/v2\/pages\/1954\/revisions"}],"predecessor-version":[{"id":16366,"href":"https:\/\/www.finbandy.fi\/fi\/wp-json\/wp\/v2\/pages\/1954\/revisions\/16366"}],"up":[{"embeddable":true,"href":"https:\/\/www.finbandy.fi\/fi\/wp-json\/wp\/v2\/pages\/249"}],"wp:attachment":[{"href":"https:\/\/www.finbandy.fi\/fi\/wp-json\/wp\/v2\/media?parent=1954"}],"curies":[{"name":"wp","href":"https:\/\/api.w.org\/{rel}","templated":true}]}}