{"id":2002,"date":"2014-01-06T11:36:13","date_gmt":"2014-01-06T09:36:13","guid":{"rendered":"https:\/\/www.finbandy.fi\/fi\/?page_id=2002"},"modified":"2023-05-22T10:38:40","modified_gmt":"2023-05-22T07:38:40","slug":"the-finnish-bandy-federation-in-english","status":"publish","type":"page","link":"https:\/\/www.finbandy.fi\/fi\/yhteystiedot\/the-finnish-bandy-federation-in-english\/","title":{"rendered":"The Finnish Bandy Federation"},"content":{"rendered":"<div id=\"wp_fb_like_button\" style=\"margin:5px 0;float:none;height:50px;\"><script src=\"http:\/\/connect.facebook.net\/en_US\/all.js#xfbml=1\"><\/script><fb:like href=\"https:\/\/www.finbandy.fi\/fi\/yhteystiedot\/the-finnish-bandy-federation-in-english\/\" send=\"true\" layout=\"button_count\" width=\"400\" show_faces=\"false\" font=\"arial\" action=\"like\" colorscheme=\"light\"><\/fb:like><\/div><p>Bandy is one of the oldest team sports in Finland and in the World, and Finland was one of the original founders of International Bandy Federation (nowadays FIB, the Federation of the International Bandy).<\/p>\n<p>Post address:<br \/>\nThe Finnish Bandy Federation<br \/>\nValimotie 10<br \/>\n00380 Helsinki<br \/>\nFINLAND<\/p>\n<p>Contact persons:<\/p>\n<p>Chairman of the board:<\/p>\n<p>ANTTI PARVIEINEN member of FIB<br \/>\nantti.parviainen@sdo.fi\/+358 505 997 490<\/p>\n<p>Secretary General:<\/p>\n<p>TOBIAS KARLSSON<br \/>\ntobias.karlsson@finbandy.fi \/ +358 400 278 069<\/p>\n<p>Competition &#8211; and Communications Coordinator:<\/p>\n<p>ANDREAS SJ\u00d6BLOM<br \/>\nandreas.sjoblom@finbandy.fi \/ +358 40 181 9255<\/p>\n<p><a href=\"http:\/\/finbandy.turnauspalvelu.fi\/\">Result service\u00a0<\/a><br \/>\n<a href=\"https:\/\/www.finbandy.fi\/fi\/?page_id=23\">Home pages of the highest league teams<\/a><\/p>\n<p>BANDY IN FINLAND<br \/>\nBandy came to Finland from St. Petersburg at the end of the 1890s, entrenching itself most strongly in Vyborg. Merchant Otto W\u00e4chter from Vyborg, who was also the chairman of Viborgs Skridskoklubb, brought the discipline to Finland. On 21 March 1899, the Skridskoklubb team played its first game in St. Petersburg, losing 4-5 to St. Petersburg Amateur Sport Verein.<\/p>\n<p>The winter games held in Sweden at the beginning of 1900 were a predecessor of the Winter Olympic Games and bandy was included in the programme. In 1907, similar winter games were held in Helsinki and bandy was again included. The team from Vyborg was not interested in participating, but the club Polyteknikkojen Urheiluseura (PUS) qualified to compete. The winner of the competition was a combined team from Sweden, which defeated PUS as well as the team from St. Petersburg.<\/p>\n<p>Bandy was gradually played all over the country, and after the Football Association of Finland was founded in 1907, activities began to be organised. The first Finnish Championships were played in 1908. In the finals, PUS beat HIFK 8-3. Bandy is the classic Finnish team ball game because it was in this discipline that the first Finnish Championships were played.<\/p>\n<p>The men\u2019s Finnish Championships in bandy have been determined on an annual basis since 1908, with the exception of the years 1918, 1941 and 1942. The Finnish Championships at A-junior level (under 19 years) were launched in 1943. However, it was not until 1969 that the next junior-level Finnish Championships, E-junior level (under 11 years), were introduced. Today, national championships are organised at five junior levels. In addition, tournaments between districts and within districts are played.<\/p>\n<p>In the discipline\u2019s initial stages from the 1910s to the 1930s, the leading bandy teams in Finland were Viipurin Sudet from Vyborg and Helsingin IFK from Helsinki. These clubs have won 14 Finnish Championships. Most national championships have been taken by Warkauden Pallo 35 (WP 35), which since the 1940s has been, and continues to be, one of our most successful bandy clubs. WP 35 has won a total of 16 Finnish Championships. Bandy clubs from Oulu have been serious contenders from the 1950s onwards. Oulun Palloseura won seven Finnish Championships in the 1950s and 1960s. Oulun Luistinseura (OLS) has been one of our leading bandy clubs since the 1970s, achieving 13 Finnish Championships to date (2004). Another successful bandy team in the 1990s and 2000s is Tornion Palloveikot, which has won three national championships in this decade.<\/p>\n<p>After Finland became independent, it was possible to set up a national team. The historic Finnish team was almost entirely composed of the team Viipurin Sudet. Finland faced off against Sweden in Helsinki on 23 February 1919 and won 4-1 in front of 6000 spectators. One of the spectators was regent C.G.E. Mannerheim. Finland\u2019s second national team opponent was Estonia, against whom Finland played six times in the period 1923-34. Today, these national teams meet each other during the short, intensive season at the World Championships and the Russian Government Cup.<\/p>\n<p>The Football Association of Finland was founded in 1907, and alongside football, bandy was taken into the programme. Already in the 1950s, the bandy clubs and their players wanted to found an independent association, but after a vote, decided to continue within the Football Association of Finland. The Finnish Bandy Association was founded on 18 March 1972.<\/p>\n<p>The first large artificial ice rink was planned in the 1960s but was not actually built until 1977 in Oulunkyl\u00e4, Helsinki. Other rink projects started slowly, and today (2004) there are 11 artificial ice rinks in eight different places. The metropolitan area has three artificial ice rinks: in Oulunkyl\u00e4, Kallio and K\u00e4pyl\u00e4. The other artificial ice rinks are situated in Jyv\u00e4skyl\u00e4, Lappeenranta, Oulu, Pori, Porvoo, Sein\u00e4joki, Turku and Varkaus.<br \/>\nThe World Championships in bandy have been organised six times in Finland. The first World Championships were organised in association with the 50th anniversary of the Football Association of Finland at the Olympic Stadium in Helsinki in 1957. Finland has also hosted the World Championships in 1967, 1975, 1983, 1991 and 2001.<\/p>\n<p>Up to the year 2004, Finland has achieved six silver and 15 bronze medals at international World Championship level. At this year\u2019s (2004) World Championships in Sweden, Finland surprised everyone by winning the gold medal for the first time. Finland defeated Russia in the semi-finals and beat Sweden in the finals with a score of 5-4. The Finnish stars were Ari Holopainen in the game against Russia (7 goals), and in the finals, goalkeeper Timo Oksanen and Sami Laakkonen, who scored the decisive World Championship goal in overtime. With his 61 goals, Ari Holopainen heads the all-time goal scoring statistics of the World Championships.<br \/>\nTop Finnish players in the 1940s include Sakari \u201dSaku\u201d Salo and Erik \u201dAsken\u201d \u00c5berg; in the 1950s, Kullervo Muurinen, Kauko Korpela, Tauno Timoska and Alpo Aho; in the 1960s, Pentti Jokinen, Pauli Heiskanen, Lars N\u00e4sman, Kalevi Pirkola, Esko Holopainen, Pauli Auvinen and Urho Partanen; in the 1970s and 1980s, Veikko Niemikorpi, Jarmo Haavisto, Matti Alatalo, Timo Okkonen, Timo Serenius, Leo Segerman, Esko Tammilehto and Jukka Ohtonen; and in the 1990s, Ari Holopainen, Samuli Niskanen, Sami Laakkonen and Pasi Inoranta.<br \/>\nThe most successful national team coach in the 1960s was Reino \u201dTimpe\u201d Arvola; in the 1980s and 1990s, Seppo Jolkkonen; and in the 2000s, Esko Tammilehto, who led Finland to its first ever World Championship victory in 2004. Club coach Reijo Karppinen has been successful at the international level, leading the OLS to win the World Cup in 1976 (Dex Cup) and the silver medal at the European Cup in 1977.<\/p>\n","protected":false},"excerpt":{"rendered":"<p>Bandy is one of the oldest team sports in Finland and in the World, and Finland was one of the original founders of International Bandy Federation (nowadays FIB, the Federation of the International Bandy). Post address: The Finnish Bandy Federation Valimotie 10 00380 Helsinki FINLAND Contact persons: Chairman of the board: ANTTI PARVIEINEN member of [&hellip;]<\/p>\n","protected":false},"author":1,"featured_media":0,"parent":1262,"menu_order":1,"comment_status":"open","ping_status":"open","template":"","meta":{"_monsterinsights_skip_tracking":false,"_monsterinsights_sitenote_active":false,"_monsterinsights_sitenote_note":"","_monsterinsights_sitenote_category":0,"site-sidebar-layout":"default","site-content-layout":"default","ast-site-content-layout":"","site-content-style":"default","site-sidebar-style":"default","ast-global-header-display":"","ast-banner-title-visibility":"","ast-main-header-display":"","ast-hfb-above-header-display":"","ast-hfb-below-header-display":"","ast-hfb-mobile-header-display":"","site-post-title":"","ast-breadcrumbs-content":"","ast-featured-img":"","footer-sml-layout":"","theme-transparent-header-meta":"default","adv-header-id-meta":"","stick-header-meta":"","header-above-stick-meta":"","header-main-stick-meta":"","header-below-stick-meta":"","astra-migrate-meta-layouts":"default","ast-page-background-enabled":"default","ast-page-background-meta":{"desktop":{"background-color":"var(--ast-global-color-4)","background-image":"","background-repeat":"repeat","background-position":"center center","background-size":"auto","background-attachment":"scroll","background-type":"","background-media":"","overlay-type":"","overlay-color":"","overlay-opacity":"","overlay-gradient":""},"tablet":{"background-color":"","background-image":"","background-repeat":"repeat","background-position":"center center","background-size":"auto","background-attachment":"scroll","background-type":"","background-media":"","overlay-type":"","overlay-color":"","overlay-opacity":"","overlay-gradient":""},"mobile":{"background-color":"","background-image":"","background-repeat":"repeat","background-position":"center center","background-size":"auto","background-attachment":"scroll","background-type":"","background-media":"","overlay-type":"","overlay-color":"","overlay-opacity":"","overlay-gradient":""}},"ast-content-background-meta":{"desktop":{"background-color":"var(--ast-global-color-5)","background-image":"","background-repeat":"repeat","background-position":"center center","background-size":"auto","background-attachment":"scroll","background-type":"","background-media":"","overlay-type":"","overlay-color":"","overlay-opacity":"","overlay-gradient":""},"tablet":{"background-color":"var(--ast-global-color-5)","background-image":"","background-repeat":"repeat","background-position":"center center","background-size":"auto","background-attachment":"scroll","background-type":"","background-media":"","overlay-type":"","overlay-color":"","overlay-opacity":"","overlay-gradient":""},"mobile":{"background-color":"var(--ast-global-color-5)","background-image":"","background-repeat":"repeat","background-position":"center center","background-size":"auto","background-attachment":"scroll","background-type":"","background-media":"","overlay-type":"","overlay-color":"","overlay-opacity":"","overlay-gradient":""}},"footnotes":"","_expiration-date-status":"","_expiration-date":1684740978,"_expiration-date-type":"draft","_expiration-date-categories":[],"_expiration-date-options":[]},"class_list":["post-2002","page","type-page","status-publish","hentry"],"yoast_head":"<!-- This site is optimized with the Yoast SEO plugin v19.7.1 - https:\/\/yoast.com\/wordpress\/plugins\/seo\/ -->\n<title>The Finnish Bandy Federation - Suomen J\u00e4\u00e4palloliitto<\/title>\n<meta name=\"robots\" content=\"index, follow, max-snippet:-1, max-image-preview:large, max-video-preview:-1\" \/>\n<link rel=\"canonical\" href=\"https:\/\/www.finbandy.fi\/fi\/yhteystiedot\/the-finnish-bandy-federation-in-english\/\" \/>\n<meta property=\"og:locale\" content=\"fi_FI\" \/>\n<meta property=\"og:type\" content=\"article\" \/>\n<meta property=\"og:title\" content=\"The Finnish Bandy Federation - Suomen J\u00e4\u00e4palloliitto\" \/>\n<meta property=\"og:description\" content=\"Bandy is one of the oldest team sports in Finland and in the World, and Finland was one of the original founders of International Bandy Federation (nowadays FIB, the Federation of the International Bandy). Post address: The Finnish Bandy Federation Valimotie 10 00380 Helsinki FINLAND Contact persons: Chairman of the board: ANTTI PARVIEINEN member of [&hellip;]\" \/>\n<meta property=\"og:url\" content=\"https:\/\/www.finbandy.fi\/fi\/yhteystiedot\/the-finnish-bandy-federation-in-english\/\" \/>\n<meta property=\"og:site_name\" content=\"Suomen J\u00e4\u00e4palloliitto\" \/>\n<meta property=\"article:modified_time\" content=\"2023-05-22T07:38:40+00:00\" \/>\n<meta name=\"twitter:card\" content=\"summary_large_image\" \/>\n<meta name=\"twitter:label1\" content=\"Arvioitu lukuaika\" \/>\n\t<meta name=\"twitter:data1\" content=\"7 minuuttia\" \/>\n<script type=\"application\/ld+json\" class=\"yoast-schema-graph\">{\"@context\":\"https:\/\/schema.org\",\"@graph\":[{\"@type\":\"WebPage\",\"@id\":\"https:\/\/www.finbandy.fi\/fi\/yhteystiedot\/the-finnish-bandy-federation-in-english\/\",\"url\":\"https:\/\/www.finbandy.fi\/fi\/yhteystiedot\/the-finnish-bandy-federation-in-english\/\",\"name\":\"The Finnish Bandy Federation - Suomen J\u00e4\u00e4palloliitto\",\"isPartOf\":{\"@id\":\"https:\/\/www.finbandy.fi\/fi\/#website\"},\"datePublished\":\"2014-01-06T09:36:13+00:00\",\"dateModified\":\"2023-05-22T07:38:40+00:00\",\"breadcrumb\":{\"@id\":\"https:\/\/www.finbandy.fi\/fi\/yhteystiedot\/the-finnish-bandy-federation-in-english\/#breadcrumb\"},\"inLanguage\":\"fi\",\"potentialAction\":[{\"@type\":\"ReadAction\",\"target\":[\"https:\/\/www.finbandy.fi\/fi\/yhteystiedot\/the-finnish-bandy-federation-in-english\/\"]}]},{\"@type\":\"BreadcrumbList\",\"@id\":\"https:\/\/www.finbandy.fi\/fi\/yhteystiedot\/the-finnish-bandy-federation-in-english\/#breadcrumb\",\"itemListElement\":[{\"@type\":\"ListItem\",\"position\":1,\"name\":\"Etusivu\",\"item\":\"https:\/\/www.finbandy.fi\/fi\/\"},{\"@type\":\"ListItem\",\"position\":2,\"name\":\"Yhteystiedot\",\"item\":\"https:\/\/www.finbandy.fi\/fi\/yhteystiedot\/\"},{\"@type\":\"ListItem\",\"position\":3,\"name\":\"The Finnish Bandy Federation\"}]},{\"@type\":\"WebSite\",\"@id\":\"https:\/\/www.finbandy.fi\/fi\/#website\",\"url\":\"https:\/\/www.finbandy.fi\/fi\/\",\"name\":\"Suomen J\u00e4\u00e4palloliitto\",\"description\":\"\",\"potentialAction\":[{\"@type\":\"SearchAction\",\"target\":{\"@type\":\"EntryPoint\",\"urlTemplate\":\"https:\/\/www.finbandy.fi\/fi\/?s={search_term_string}\"},\"query-input\":\"required name=search_term_string\"}],\"inLanguage\":\"fi\"}]}<\/script>\n<!-- \/ Yoast SEO plugin. -->","yoast_head_json":{"title":"The Finnish Bandy Federation - Suomen J\u00e4\u00e4palloliitto","robots":{"index":"index","follow":"follow","max-snippet":"max-snippet:-1","max-image-preview":"max-image-preview:large","max-video-preview":"max-video-preview:-1"},"canonical":"https:\/\/www.finbandy.fi\/fi\/yhteystiedot\/the-finnish-bandy-federation-in-english\/","og_locale":"fi_FI","og_type":"article","og_title":"The Finnish Bandy Federation - Suomen J\u00e4\u00e4palloliitto","og_description":"Bandy is one of the oldest team sports in Finland and in the World, and Finland was one of the original founders of International Bandy Federation (nowadays FIB, the Federation of the International Bandy). Post address: The Finnish Bandy Federation Valimotie 10 00380 Helsinki FINLAND Contact persons: Chairman of the board: ANTTI PARVIEINEN member of [&hellip;]","og_url":"https:\/\/www.finbandy.fi\/fi\/yhteystiedot\/the-finnish-bandy-federation-in-english\/","og_site_name":"Suomen J\u00e4\u00e4palloliitto","article_modified_time":"2023-05-22T07:38:40+00:00","twitter_card":"summary_large_image","twitter_misc":{"Arvioitu lukuaika":"7 minuuttia"},"schema":{"@context":"https:\/\/schema.org","@graph":[{"@type":"WebPage","@id":"https:\/\/www.finbandy.fi\/fi\/yhteystiedot\/the-finnish-bandy-federation-in-english\/","url":"https:\/\/www.finbandy.fi\/fi\/yhteystiedot\/the-finnish-bandy-federation-in-english\/","name":"The Finnish Bandy Federation - Suomen J\u00e4\u00e4palloliitto","isPartOf":{"@id":"https:\/\/www.finbandy.fi\/fi\/#website"},"datePublished":"2014-01-06T09:36:13+00:00","dateModified":"2023-05-22T07:38:40+00:00","breadcrumb":{"@id":"https:\/\/www.finbandy.fi\/fi\/yhteystiedot\/the-finnish-bandy-federation-in-english\/#breadcrumb"},"inLanguage":"fi","potentialAction":[{"@type":"ReadAction","target":["https:\/\/www.finbandy.fi\/fi\/yhteystiedot\/the-finnish-bandy-federation-in-english\/"]}]},{"@type":"BreadcrumbList","@id":"https:\/\/www.finbandy.fi\/fi\/yhteystiedot\/the-finnish-bandy-federation-in-english\/#breadcrumb","itemListElement":[{"@type":"ListItem","position":1,"name":"Etusivu","item":"https:\/\/www.finbandy.fi\/fi\/"},{"@type":"ListItem","position":2,"name":"Yhteystiedot","item":"https:\/\/www.finbandy.fi\/fi\/yhteystiedot\/"},{"@type":"ListItem","position":3,"name":"The Finnish Bandy Federation"}]},{"@type":"WebSite","@id":"https:\/\/www.finbandy.fi\/fi\/#website","url":"https:\/\/www.finbandy.fi\/fi\/","name":"Suomen J\u00e4\u00e4palloliitto","description":"","potentialAction":[{"@type":"SearchAction","target":{"@type":"EntryPoint","urlTemplate":"https:\/\/www.finbandy.fi\/fi\/?s={search_term_string}"},"query-input":"required name=search_term_string"}],"inLanguage":"fi"}]}},"_links":{"self":[{"href":"https:\/\/www.finbandy.fi\/fi\/wp-json\/wp\/v2\/pages\/2002"}],"collection":[{"href":"https:\/\/www.finbandy.fi\/fi\/wp-json\/wp\/v2\/pages"}],"about":[{"href":"https:\/\/www.finbandy.fi\/fi\/wp-json\/wp\/v2\/types\/page"}],"author":[{"embeddable":true,"href":"https:\/\/www.finbandy.fi\/fi\/wp-json\/wp\/v2\/users\/1"}],"replies":[{"embeddable":true,"href":"https:\/\/www.finbandy.fi\/fi\/wp-json\/wp\/v2\/comments?post=2002"}],"version-history":[{"count":13,"href":"https:\/\/www.finbandy.fi\/fi\/wp-json\/wp\/v2\/pages\/2002\/revisions"}],"predecessor-version":[{"id":21782,"href":"https:\/\/www.finbandy.fi\/fi\/wp-json\/wp\/v2\/pages\/2002\/revisions\/21782"}],"up":[{"embeddable":true,"href":"https:\/\/www.finbandy.fi\/fi\/wp-json\/wp\/v2\/pages\/1262"}],"wp:attachment":[{"href":"https:\/\/www.finbandy.fi\/fi\/wp-json\/wp\/v2\/media?parent=2002"}],"curies":[{"name":"wp","href":"https:\/\/api.w.org\/{rel}","templated":true}]}}