{"id":2006,"date":"2014-01-06T11:39:09","date_gmt":"2014-01-06T09:39:09","guid":{"rendered":"https:\/\/www.finbandy.fi\/fi\/?page_id=2006"},"modified":"2023-05-22T10:35:32","modified_gmt":"2023-05-22T07:35:32","slug":"finlands-bandyforbund-rf-pa-svenska","status":"publish","type":"page","link":"https:\/\/www.finbandy.fi\/fi\/yhteystiedot\/finlands-bandyforbund-rf-pa-svenska\/","title":{"rendered":"Finlands Bandyf\u00f6rbund RF"},"content":{"rendered":"<div id=\"wp_fb_like_button\" style=\"margin:5px 0;float:none;height:50px;\"><script src=\"http:\/\/connect.facebook.net\/en_US\/all.js#xfbml=1\"><\/script><fb:like href=\"https:\/\/www.finbandy.fi\/fi\/yhteystiedot\/finlands-bandyforbund-rf-pa-svenska\/\" send=\"true\" layout=\"button_count\" width=\"400\" show_faces=\"false\" font=\"arial\" action=\"like\" colorscheme=\"light\"><\/fb:like><\/div><p>Bandy \u00e4r en av \u00e4ldsta lagsporterna i Finland eller i v\u00e4rlden \u00f6verhuvudtaget. Finland var en av de grundande medlemmarna i internationella Bandyf\u00f6rbundet, numera the Federation of International Bandy.<\/p>\n<p>Finlands Bandyf\u00f6rbund<br \/>\nValimotie 10<br \/>\n00380 Helsinki<br \/>\nFINLAND<\/p>\n<p>Kontaktpersoner:<\/p>\n<p>Styrelseordf\u00f6rande:<\/p>\n<p>ANTTI PARVIEINEN medlem i FIB<br \/>\nantti.parviainen@sdo.fi\/+358 505 997 490<\/p>\n<p>Generalsekreterare:<\/p>\n<p>TOBIAS KARLSSON<br \/>\ntobias.karlsson@finbandy.fi \/ +358 400 278 069,<\/p>\n<p>T\u00e4vlings\u2013 och kommunikationskoordinator:<\/p>\n<p>ANDREAS SJ\u00d6BLOM<br \/>\nandreas.sjoblom@finbandy.fi \/ +358 40 181 9255<\/p>\n<p><strong><a href=\"http:\/\/finbandy.turnauspalvelu.fi\/\">T\u00e4vling och resultat<\/a><\/strong><\/p>\n<p>Allfinskan &#8211; aktuella resultat -klicka otteluohjelma, -bandyliiga, -bandyliiga, -runkosarja, -sarjataulukko<br \/>\nJuniorserierna, damerna och flickorna &#8211; aktuella resultat -klicka otteluohjelma, -nuorten sarjat, valitse taso, -runkosarja, -sarjataulukko<br \/>\n<strong><a href=\"https:\/\/www.finbandy.fi\/fi\/?page_id=23\">De finska klubbarnas hemsidor<\/a><\/strong><\/p>\n<p>Bandyn i Finland<\/p>\n<p>Bandyn kom till Finland i slutet av 1800-talet fr\u00e5n St.Petersburg. Sporten introducerades av k\u00f6pman Otto W\u00e4chter fr\u00e5n Viborg. Han blev ordf\u00f6rande f\u00f6r Viborgs Skridskoklubb, samtidigt som Viborg utgjorde grunden f\u00f6r sportens utbredning i Finland. Den 21 mars 1899 spelade klubben sin f\u00f6rsta match i St.Petersburg mot d\u00e4rvarande Amat\u00f6rsportf\u00f6reningen, med en f\u00f6rlust 4-5 som slutresultat.<br \/>\nVinterspelen som arrangerades i Sverige i b\u00f6rjan av 1900-talet var en f\u00f6reg\u00e5ngare till vinterolympiaden. Bandy ingick i programmet.<\/p>\n<p>\u00c5r 1907 h\u00f6lls spelen i Helsingfors, ocks\u00e5 nu med bandy som t\u00e4vlingsgren. Ett kombinerat svenskt lag besegrade b\u00e5de Polyteknikernas lag (Hfrs tekn.stud) samt ett lag fr\u00e5n St.Petersburg.<br \/>\nBandyn utbredde sig gradvis \u00f6ver Finland. I och med grundandet av Finlands Bollf\u00f6rbund \u00e5r 1907, med bandyn som en avdelning vid sidan av fotbollen, blev aktiviteten mer organiserad. Det f\u00f6rsta finska m\u00e4sterskapet avgjordes \u00e5r 1908, varvid teknologerna PUS besegrade IFK Hfrs med 8-3. Detta m\u00e4sterskap \u00e4r klassiskt d\u00e5 det samtidigt \u00e4r det f\u00f6rsta n\u00e5gonsin i en lagsport. Fr\u00e5n och med detta \u00e5r, 1908, har man \u00e5rligen spelat om finska m\u00e4sterskapet, med undantag f\u00f6r krigs\u00e5ren 1918 och 1941-42. I detta sammanhang b\u00f6r den historiska &#8221;krigslandskampen&#8221; mellan Sverige och Finland omn\u00e4mnas. Matchen spelades mitt under brinnande krig i februari 1940 p\u00e5 ett fullsatt Stockholms stadion i n\u00e4rvaro av kung Gustav V. Denna bandymatch kom att symbolisera den heroiska kamp som Finland utk\u00e4mpade f\u00f6r att \u00f6verleva som sj\u00e4lvst\u00e4ndig nation. Sverige manifesterade broderfolket sin solidaritet medan man kunde ana att hotet fr\u00e5n Sovjetunionen ocks\u00e5 kunde drabba Sverige. Den \u00f6desm\u00e4ttade st\u00e4mning som r\u00e5dde d\u00e5 Ella Eronen deklamerade V\u00e5rt Land \u00e4r legendarisk b\u00e5de f\u00f6r bandyn och f\u00f6r Finland.<\/p>\n<p>P\u00e5 ungdomsniv\u00e5 har man avgjort m\u00e4sterskap sedan 1943, U-19, och 1969, U-11. Idag spelar man om m\u00e4sterskap p\u00e5 fem olika ungdomsniv\u00e5er. D\u00e4rut\u00f6ver spelar man om lokala distriktsm\u00e4sterskap samt distrikten emellan.<\/p>\n<p>Under bandyns tidigare period fr\u00e5n 1910 till 30-talet var Viborgs Vargarna (Viipurin Sudet) och IFK Helsingfors de ledande klubbarna i landet. Dessa f\u00f6reningar har tagit inalles 14 m\u00e4sterskap. Det st\u00f6rsta antalet titlar har tagits av Warkauden Pallo -35 (WP 35) som sedan 40-talet varit en av det mest framtr\u00e4dande f\u00f6reningar, med totalt 16 m\u00e4sterskap. Fr\u00e5n 50-talet fram\u00e5t har Ule\u00e5borgs klubben OPS med sju titlar samt lokal konkurrenten OLS med 13 varit mycket framg\u00e5ngsrika. Under det senaste decenniet har Torne\u00e5klubben ToPV varit dominerande med sex m\u00e4sterskap i f\u00f6ljd.<\/p>\n<p>I och med att Finland blev sj\u00e4lvst\u00e4ndigt \u00e5r 1917 blev det m\u00f6jligt att uppst\u00e4lla ett landslag. Det f\u00f6rsta landslaget, som var n\u00e4stan indentiskt med Viipurin Sudet, begick sin premi\u00e4r som nationslag mot Sverige i Helsingfors den 23 februari 1919. Inf\u00f6r en publik p\u00e5 6000 \u00e5sk\u00e5dare med bland andra riksf\u00f6rest\u00e5ndare Mannerheim, utgick Finland med segern, 4-1 mot Estland spelade man sex landskamper under \u00e5ren 1923-34.<br \/>\nP\u00e5 1950-talet h\u00f6jdes r\u00f6ster bland klubbarna om att grunda ett eget f\u00f6rbund. Dessa planer antog konkret form d\u00e5 Finlands bandyf\u00f6rbund bildades den 18.3 1972.<\/p>\n<p>P\u00e5 1960-talet planerades en konstisbana men dett projekt f\u00f6rverkligades f\u00f6rst \u00e5r 1977 d\u00e5 konstisen i \u00c5ggelby i Helsingfors togs i bruk. Detta kan j\u00e4mf\u00f6ras med att man redan 1969 hade 50 konstisbanor i Sverige. D\u00e4rmed kunde man i Sverige uppr\u00e4tth\u00e5lla sin h\u00f6ga bandykultur som \u00e4r central f\u00f6r sportens kontinuitet. I l\u00e5ngsam takt har nya banor byggts och idag finns det 11 banor runtom i landet.<br \/>\nV\u00e4rldsm\u00e4sterskapen i bandy har avgjorts sex g\u00e5nger i Finland. Det f\u00f6rsta VM \u00f6verhuvud spelades i anslutning till Finlands Bollf\u00f6rbunds 50 \u00e5rs jubileum 1957. Sk\u00e5deplatsen f\u00f6r evenemanget var Olympiastadion i Helsingfors och den st\u00f6rsta VM titeln gick till Sovjet. Finland har d\u00e4rut\u00f6ver st\u00e5tt som v\u00e4rd f\u00f6r VM \u00e5ren -67, -75,-83,-91 och 2001.<\/p>\n<p>Finland hade framtill \u00e5r 2004 er\u00f6vrat sex silver &#8211; och 15 bronsmedaljer. Under VM detta \u00e5r slog Finland VM v\u00e4rlde med h\u00e4pnad och tog sin f\u00f6rsta VM titel. Finland slog Ryssland b\u00e5de i gruppspelet och i semifinalen och \u00f6verrraskade sedan Sverige i finalen med 5-4. Finska stj\u00e4rnspelare var bl.a Ari Holopainen med sju m\u00e5l mot Ryssland samt mv Timo Oksanen och Sami Laakkonen (golden goal) i finalmatchen. Med sina 61 VM m\u00e5l var Holopainen tabelletta som alltime m\u00e5lspottare. bland finska toppspelare under olika \u00e5rtionden kan n\u00e4mnas Sakari &#8221;Saku&#8221;Salo och Erik &#8221;Asken&#8221; \u00c5berg (40-talet) ; Kullervo Muurinen, Kauko Korpela, Tauno Timoska, Alpo Aho (50-talet) ; Pentti Jokinen, Pauli Heiskanen, Lars N\u00e4sman, Kalevi Pirkola, Esko Holopainen, Pauli Auvinen, Urho Partanen (60-talet) ; Veikko Niemikorpi, Jarmo Haavisto, Matti Alatalo, Timo Okkonen, Timo Serenius, Leo Segerman, Esko Tammilehto, Jukka Ohtonen (70-80-talet) ; Ari Holopainen, Samuli Niskanen, Sami Laakkonen, Pasi Inoranta (90-talet).<\/p>\n<p>Bland framg\u00e5ngsrika f\u00f6rbundskaptener kan n\u00e4mnas Reino &#8221;Timpe&#8221; Arvola p\u00e5 60-talet och Seppo Jolkkonen, 80-90-talen samt Esko Tammilehto som ledde Finland till sin f\u00f6rsta VM titel \u00e5r 2004.<br \/>\nBland klubbtr\u00e4nare kan man speciellt n\u00e4mna Reijo Karppinen som tr\u00e4nade OLS till seger i World Cup \u00e5r 1976 och silver i Europacupen \u00e5r 1977.<\/p>\n","protected":false},"excerpt":{"rendered":"<p>Bandy \u00e4r en av \u00e4ldsta lagsporterna i Finland eller i v\u00e4rlden \u00f6verhuvudtaget. Finland var en av de grundande medlemmarna i internationella Bandyf\u00f6rbundet, numera the Federation of International Bandy. Finlands Bandyf\u00f6rbund Valimotie 10 00380 Helsinki FINLAND Kontaktpersoner: Styrelseordf\u00f6rande: ANTTI PARVIEINEN medlem i FIB antti.parviainen@sdo.fi\/+358 505 997 490 Generalsekreterare: TOBIAS KARLSSON tobias.karlsson@finbandy.fi \/ +358 400 278 069, [&hellip;]<\/p>\n","protected":false},"author":1,"featured_media":0,"parent":1262,"menu_order":2,"comment_status":"open","ping_status":"open","template":"","meta":{"_monsterinsights_skip_tracking":false,"_monsterinsights_sitenote_active":false,"_monsterinsights_sitenote_note":"","_monsterinsights_sitenote_category":0,"site-sidebar-layout":"default","site-content-layout":"default","ast-site-content-layout":"","site-content-style":"default","site-sidebar-style":"default","ast-global-header-display":"","ast-banner-title-visibility":"","ast-main-header-display":"","ast-hfb-above-header-display":"","ast-hfb-below-header-display":"","ast-hfb-mobile-header-display":"","site-post-title":"","ast-breadcrumbs-content":"","ast-featured-img":"","footer-sml-layout":"","theme-transparent-header-meta":"default","adv-header-id-meta":"","stick-header-meta":"","header-above-stick-meta":"","header-main-stick-meta":"","header-below-stick-meta":"","astra-migrate-meta-layouts":"default","ast-page-background-enabled":"default","ast-page-background-meta":{"desktop":{"background-color":"var(--ast-global-color-4)","background-image":"","background-repeat":"repeat","background-position":"center center","background-size":"auto","background-attachment":"scroll","background-type":"","background-media":"","overlay-type":"","overlay-color":"","overlay-opacity":"","overlay-gradient":""},"tablet":{"background-color":"","background-image":"","background-repeat":"repeat","background-position":"center center","background-size":"auto","background-attachment":"scroll","background-type":"","background-media":"","overlay-type":"","overlay-color":"","overlay-opacity":"","overlay-gradient":""},"mobile":{"background-color":"","background-image":"","background-repeat":"repeat","background-position":"center center","background-size":"auto","background-attachment":"scroll","background-type":"","background-media":"","overlay-type":"","overlay-color":"","overlay-opacity":"","overlay-gradient":""}},"ast-content-background-meta":{"desktop":{"background-color":"var(--ast-global-color-5)","background-image":"","background-repeat":"repeat","background-position":"center center","background-size":"auto","background-attachment":"scroll","background-type":"","background-media":"","overlay-type":"","overlay-color":"","overlay-opacity":"","overlay-gradient":""},"tablet":{"background-color":"var(--ast-global-color-5)","background-image":"","background-repeat":"repeat","background-position":"center center","background-size":"auto","background-attachment":"scroll","background-type":"","background-media":"","overlay-type":"","overlay-color":"","overlay-opacity":"","overlay-gradient":""},"mobile":{"background-color":"var(--ast-global-color-5)","background-image":"","background-repeat":"repeat","background-position":"center center","background-size":"auto","background-attachment":"scroll","background-type":"","background-media":"","overlay-type":"","overlay-color":"","overlay-opacity":"","overlay-gradient":""}},"footnotes":"","_expiration-date-status":"","_expiration-date":1684740734,"_expiration-date-type":"draft","_expiration-date-categories":[],"_expiration-date-options":[]},"class_list":["post-2006","page","type-page","status-publish","hentry"],"yoast_head":"<!-- This site is optimized with the Yoast SEO plugin v19.7.1 - https:\/\/yoast.com\/wordpress\/plugins\/seo\/ -->\n<title>Finlands Bandyf\u00f6rbund RF - Suomen J\u00e4\u00e4palloliitto<\/title>\n<meta name=\"robots\" content=\"index, follow, max-snippet:-1, max-image-preview:large, max-video-preview:-1\" \/>\n<link rel=\"canonical\" href=\"https:\/\/www.finbandy.fi\/fi\/yhteystiedot\/finlands-bandyforbund-rf-pa-svenska\/\" \/>\n<meta property=\"og:locale\" content=\"fi_FI\" \/>\n<meta property=\"og:type\" content=\"article\" \/>\n<meta property=\"og:title\" content=\"Finlands Bandyf\u00f6rbund RF - Suomen J\u00e4\u00e4palloliitto\" \/>\n<meta property=\"og:description\" content=\"Bandy \u00e4r en av \u00e4ldsta lagsporterna i Finland eller i v\u00e4rlden \u00f6verhuvudtaget. Finland var en av de grundande medlemmarna i internationella Bandyf\u00f6rbundet, numera the Federation of International Bandy. Finlands Bandyf\u00f6rbund Valimotie 10 00380 Helsinki FINLAND Kontaktpersoner: Styrelseordf\u00f6rande: ANTTI PARVIEINEN medlem i FIB antti.parviainen@sdo.fi\/+358 505 997 490 Generalsekreterare: TOBIAS KARLSSON tobias.karlsson@finbandy.fi \/ +358 400 278 069, [&hellip;]\" \/>\n<meta property=\"og:url\" content=\"https:\/\/www.finbandy.fi\/fi\/yhteystiedot\/finlands-bandyforbund-rf-pa-svenska\/\" \/>\n<meta property=\"og:site_name\" content=\"Suomen J\u00e4\u00e4palloliitto\" \/>\n<meta property=\"article:modified_time\" content=\"2023-05-22T07:35:32+00:00\" \/>\n<meta name=\"twitter:card\" content=\"summary_large_image\" \/>\n<meta name=\"twitter:label1\" content=\"Arvioitu lukuaika\" \/>\n\t<meta name=\"twitter:data1\" content=\"6 minuuttia\" \/>\n<script type=\"application\/ld+json\" class=\"yoast-schema-graph\">{\"@context\":\"https:\/\/schema.org\",\"@graph\":[{\"@type\":\"WebPage\",\"@id\":\"https:\/\/www.finbandy.fi\/fi\/yhteystiedot\/finlands-bandyforbund-rf-pa-svenska\/\",\"url\":\"https:\/\/www.finbandy.fi\/fi\/yhteystiedot\/finlands-bandyforbund-rf-pa-svenska\/\",\"name\":\"Finlands Bandyf\u00f6rbund RF - Suomen J\u00e4\u00e4palloliitto\",\"isPartOf\":{\"@id\":\"https:\/\/www.finbandy.fi\/fi\/#website\"},\"datePublished\":\"2014-01-06T09:39:09+00:00\",\"dateModified\":\"2023-05-22T07:35:32+00:00\",\"breadcrumb\":{\"@id\":\"https:\/\/www.finbandy.fi\/fi\/yhteystiedot\/finlands-bandyforbund-rf-pa-svenska\/#breadcrumb\"},\"inLanguage\":\"fi\",\"potentialAction\":[{\"@type\":\"ReadAction\",\"target\":[\"https:\/\/www.finbandy.fi\/fi\/yhteystiedot\/finlands-bandyforbund-rf-pa-svenska\/\"]}]},{\"@type\":\"BreadcrumbList\",\"@id\":\"https:\/\/www.finbandy.fi\/fi\/yhteystiedot\/finlands-bandyforbund-rf-pa-svenska\/#breadcrumb\",\"itemListElement\":[{\"@type\":\"ListItem\",\"position\":1,\"name\":\"Etusivu\",\"item\":\"https:\/\/www.finbandy.fi\/fi\/\"},{\"@type\":\"ListItem\",\"position\":2,\"name\":\"Yhteystiedot\",\"item\":\"https:\/\/www.finbandy.fi\/fi\/yhteystiedot\/\"},{\"@type\":\"ListItem\",\"position\":3,\"name\":\"Finlands Bandyf\u00f6rbund RF\"}]},{\"@type\":\"WebSite\",\"@id\":\"https:\/\/www.finbandy.fi\/fi\/#website\",\"url\":\"https:\/\/www.finbandy.fi\/fi\/\",\"name\":\"Suomen J\u00e4\u00e4palloliitto\",\"description\":\"\",\"potentialAction\":[{\"@type\":\"SearchAction\",\"target\":{\"@type\":\"EntryPoint\",\"urlTemplate\":\"https:\/\/www.finbandy.fi\/fi\/?s={search_term_string}\"},\"query-input\":\"required name=search_term_string\"}],\"inLanguage\":\"fi\"}]}<\/script>\n<!-- \/ Yoast SEO plugin. -->","yoast_head_json":{"title":"Finlands Bandyf\u00f6rbund RF - Suomen J\u00e4\u00e4palloliitto","robots":{"index":"index","follow":"follow","max-snippet":"max-snippet:-1","max-image-preview":"max-image-preview:large","max-video-preview":"max-video-preview:-1"},"canonical":"https:\/\/www.finbandy.fi\/fi\/yhteystiedot\/finlands-bandyforbund-rf-pa-svenska\/","og_locale":"fi_FI","og_type":"article","og_title":"Finlands Bandyf\u00f6rbund RF - Suomen J\u00e4\u00e4palloliitto","og_description":"Bandy \u00e4r en av \u00e4ldsta lagsporterna i Finland eller i v\u00e4rlden \u00f6verhuvudtaget. Finland var en av de grundande medlemmarna i internationella Bandyf\u00f6rbundet, numera the Federation of International Bandy. Finlands Bandyf\u00f6rbund Valimotie 10 00380 Helsinki FINLAND Kontaktpersoner: Styrelseordf\u00f6rande: ANTTI PARVIEINEN medlem i FIB antti.parviainen@sdo.fi\/+358 505 997 490 Generalsekreterare: TOBIAS KARLSSON tobias.karlsson@finbandy.fi \/ +358 400 278 069, [&hellip;]","og_url":"https:\/\/www.finbandy.fi\/fi\/yhteystiedot\/finlands-bandyforbund-rf-pa-svenska\/","og_site_name":"Suomen J\u00e4\u00e4palloliitto","article_modified_time":"2023-05-22T07:35:32+00:00","twitter_card":"summary_large_image","twitter_misc":{"Arvioitu lukuaika":"6 minuuttia"},"schema":{"@context":"https:\/\/schema.org","@graph":[{"@type":"WebPage","@id":"https:\/\/www.finbandy.fi\/fi\/yhteystiedot\/finlands-bandyforbund-rf-pa-svenska\/","url":"https:\/\/www.finbandy.fi\/fi\/yhteystiedot\/finlands-bandyforbund-rf-pa-svenska\/","name":"Finlands Bandyf\u00f6rbund RF - Suomen J\u00e4\u00e4palloliitto","isPartOf":{"@id":"https:\/\/www.finbandy.fi\/fi\/#website"},"datePublished":"2014-01-06T09:39:09+00:00","dateModified":"2023-05-22T07:35:32+00:00","breadcrumb":{"@id":"https:\/\/www.finbandy.fi\/fi\/yhteystiedot\/finlands-bandyforbund-rf-pa-svenska\/#breadcrumb"},"inLanguage":"fi","potentialAction":[{"@type":"ReadAction","target":["https:\/\/www.finbandy.fi\/fi\/yhteystiedot\/finlands-bandyforbund-rf-pa-svenska\/"]}]},{"@type":"BreadcrumbList","@id":"https:\/\/www.finbandy.fi\/fi\/yhteystiedot\/finlands-bandyforbund-rf-pa-svenska\/#breadcrumb","itemListElement":[{"@type":"ListItem","position":1,"name":"Etusivu","item":"https:\/\/www.finbandy.fi\/fi\/"},{"@type":"ListItem","position":2,"name":"Yhteystiedot","item":"https:\/\/www.finbandy.fi\/fi\/yhteystiedot\/"},{"@type":"ListItem","position":3,"name":"Finlands Bandyf\u00f6rbund RF"}]},{"@type":"WebSite","@id":"https:\/\/www.finbandy.fi\/fi\/#website","url":"https:\/\/www.finbandy.fi\/fi\/","name":"Suomen J\u00e4\u00e4palloliitto","description":"","potentialAction":[{"@type":"SearchAction","target":{"@type":"EntryPoint","urlTemplate":"https:\/\/www.finbandy.fi\/fi\/?s={search_term_string}"},"query-input":"required name=search_term_string"}],"inLanguage":"fi"}]}},"_links":{"self":[{"href":"https:\/\/www.finbandy.fi\/fi\/wp-json\/wp\/v2\/pages\/2006"}],"collection":[{"href":"https:\/\/www.finbandy.fi\/fi\/wp-json\/wp\/v2\/pages"}],"about":[{"href":"https:\/\/www.finbandy.fi\/fi\/wp-json\/wp\/v2\/types\/page"}],"author":[{"embeddable":true,"href":"https:\/\/www.finbandy.fi\/fi\/wp-json\/wp\/v2\/users\/1"}],"replies":[{"embeddable":true,"href":"https:\/\/www.finbandy.fi\/fi\/wp-json\/wp\/v2\/comments?post=2006"}],"version-history":[{"count":12,"href":"https:\/\/www.finbandy.fi\/fi\/wp-json\/wp\/v2\/pages\/2006\/revisions"}],"predecessor-version":[{"id":21780,"href":"https:\/\/www.finbandy.fi\/fi\/wp-json\/wp\/v2\/pages\/2006\/revisions\/21780"}],"up":[{"embeddable":true,"href":"https:\/\/www.finbandy.fi\/fi\/wp-json\/wp\/v2\/pages\/1262"}],"wp:attachment":[{"href":"https:\/\/www.finbandy.fi\/fi\/wp-json\/wp\/v2\/media?parent=2006"}],"curies":[{"name":"wp","href":"https:\/\/api.w.org\/{rel}","templated":true}]}}