{"id":20064,"date":"2021-09-10T09:27:16","date_gmt":"2021-09-10T06:27:16","guid":{"rendered":"https:\/\/www.finbandy.fi\/fi\/?page_id=20064"},"modified":"2025-10-17T08:24:40","modified_gmt":"2025-10-17T05:24:40","slug":"u12-turnaukset","status":"publish","type":"page","link":"https:\/\/www.finbandy.fi\/fi\/u12-turnaukset\/","title":{"rendered":"U12- ja U10-turnaukset"},"content":{"rendered":"<div id=\"wp_fb_like_button\" style=\"margin:5px 0;float:none;height:50px;\"><script src=\"http:\/\/connect.facebook.net\/en_US\/all.js#xfbml=1\"><\/script><fb:like href=\"https:\/\/www.finbandy.fi\/fi\/u12-turnaukset\/\" send=\"true\" layout=\"button_count\" width=\"400\" show_faces=\"false\" font=\"arial\" action=\"like\" colorscheme=\"light\"><\/fb:like><\/div>\t\t<div data-elementor-type=\"wp-page\" data-elementor-id=\"20064\" class=\"elementor elementor-20064\" data-elementor-post-type=\"page\">\n\t\t\t\t\t\t<section class=\"elementor-section elementor-top-section elementor-element elementor-element-35ba84c5 elementor-section-boxed elementor-section-height-default elementor-section-height-default\" data-id=\"35ba84c5\" data-element_type=\"section\">\n\t\t\t\t\t\t<div class=\"elementor-container elementor-column-gap-default\">\n\t\t\t\t\t<div class=\"elementor-column elementor-col-100 elementor-top-column elementor-element elementor-element-53b5b33b\" data-id=\"53b5b33b\" data-element_type=\"column\">\n\t\t\t<div class=\"elementor-widget-wrap elementor-element-populated\">\n\t\t\t\t\t\t<div class=\"elementor-element elementor-element-4684e81b elementor-widget elementor-widget-text-editor\" data-id=\"4684e81b\" data-element_type=\"widget\" data-widget_type=\"text-editor.default\">\n\t\t\t\t<div class=\"elementor-widget-container\">\n\t\t\t\t\t\t\t<p><!-- wp:tadv\/classic-paragraph --><\/p>\n<h4><strong>Viitaniemi, Jyv\u00e4skyl\u00e4 23.11.2025 (JPS Juniorit)<\/strong><\/h4>\n<ul>\n<li>Haastajapelej\u00e4 muutaman joukkueen voimin.<\/li>\n<li>Turnaukseen otetaan joukkueita ilmoittautumisj\u00e4rjestyksess\u00e4<\/li>\n<li>Ilmoittautuminen 16.11.2025 menness\u00e4<\/li>\n<li>Ilmoittautumisen j\u00e4lkeen selvi\u00e4\u00e4 otteluohjelmat ja maksut.<\/li>\n<li>Ilmoittautumiset ja lis\u00e4tiedot: Antti Laitinen, laitinen.anttijussi@gmail.com, puh. 040 768 1443.<\/li>\n<\/ul>\n<h4><strong>Viitaniemi, Jyv\u00e4skyl\u00e4 14.12.2025 (JPS Juniorit)<\/strong><\/h4>\n<ul>\n<li>U12-sarjan osaturnaus, U10-turnaus.<\/li>\n<li>Turnaukseen otetaan joukkueita ilmoittautumisj\u00e4rjestyksess\u00e4<\/li>\n<li>Ilmoittautuminen 7.12.2025 menness\u00e4<\/li>\n<li>Ilmoittautumisen j\u00e4lkeen selvi\u00e4\u00e4 otteluohjelmat ja maksut.<\/li>\n<li>Ilmoittautumiset ja lis\u00e4tiedot: Antti Laitinen, laitinen.anttijussi@gmail.com, puh. 040 768 1443.<\/li>\n<\/ul>\n<h4><strong>Basso Areena, Pori, 3.1.2026 (Naruker\u00e4)<\/strong><\/h4>\n<ul>\n<li>U12-sarjan osaturnaus, U10-turnaus.<\/li>\n<li>Ilmoittautuminen 20.12.2025 menness\u00e4.<\/li>\n<li>Turnaukseen otetaan joukkueita ilmoittautumisj\u00e4rjestyksess\u00e4.<\/li>\n<li>Ilmoittautumisien j\u00e4lkeen selvi\u00e4\u00e4 otteluohjelmat ja maksut.<\/li>\n<li>Yhteydenotot, ilmoittautumiset ja tiedustelut:\u00a0 Raisa Koppelom\u00e4ki, rkoppelomaki@gmail.com, puh. 040 563 2098.<\/li>\n<\/ul>\n<h4><strong>Pallokentt\u00e4, Porvoo, 24.1.2026 (Akilles)<\/strong><\/h4>\n<ul>\n<li>U12-sarjan osaturnaus, U10-turnaus.<\/li>\n<li>Ilmoittautuminen 17.1.2026 menness\u00e4.<\/li>\n<li>Turnaukseen otetaan joukkueita ilmoittautumisj\u00e4rjestyksess\u00e4.<\/li>\n<li>Ilmoittautumisien j\u00e4lkeen selvi\u00e4\u00e4 otteluohjelmat ja maksut.<\/li>\n<li>Yhteydenotot, ilmoittautumiset ja tiedustelut:\u00a0 Anders Skog, anders.skog@neste.com, puh. 050 458 2423.<\/li>\n<\/ul>\n<h4><strong>J\u00e4tk\u00e4saari, Helsinki 31.1.2026 (HIFK)<\/strong><\/h4>\n<ul>\n<li>U12-sarjan osaturnaus klo 10-18.30.<\/li>\n<li>Ilmoittautuminen 24.1.2026 menness\u00e4.<\/li>\n<li>Turnaukseen otetaan joukkueita ilmoittautumisj\u00e4rjestyksess\u00e4.<\/li>\n<li>Ilmoittautumisien j\u00e4lkeen selvi\u00e4\u00e4 otteluohjelmat ja maksut.<\/li>\n<li>Yhteydenotot, ilmoittautumiset ja tiedustelut:\u00a0 Martin S\u00f6derstr\u00f6m, soderstrom.martin@gmail.com, puh. 0400 265 594.<\/li>\n<\/ul>\n<p><!-- \/wp:tadv\/classic-paragraph --><!-- wp:tadv\/classic-paragraph \/--><\/p>\t\t\t\t\t\t<\/div>\n\t\t\t\t<\/div>\n\t\t\t\t\t<\/div>\n\t\t<\/div>\n\t\t\t\t\t<\/div>\n\t\t<\/section>\n\t\t\t\t<\/div>\n\t\t","protected":false},"excerpt":{"rendered":"<p>Viitaniemi, Jyv\u00e4skyl\u00e4 23.11.2025 (JPS Juniorit) Haastajapelej\u00e4 muutaman joukkueen voimin. Turnaukseen otetaan joukkueita ilmoittautumisj\u00e4rjestyksess\u00e4 Ilmoittautuminen 16.11.2025 menness\u00e4 Ilmoittautumisen j\u00e4lkeen selvi\u00e4\u00e4 otteluohjelmat ja maksut. Ilmoittautumiset ja lis\u00e4tiedot: Antti Laitinen, laitinen.anttijussi@gmail.com, puh. 040 768 1443. Viitaniemi, Jyv\u00e4skyl\u00e4 14.12.2025 (JPS Juniorit) U12-sarjan osaturnaus, U10-turnaus. Turnaukseen otetaan joukkueita ilmoittautumisj\u00e4rjestyksess\u00e4 Ilmoittautuminen 7.12.2025 menness\u00e4 Ilmoittautumisen j\u00e4lkeen selvi\u00e4\u00e4 otteluohjelmat ja maksut. Ilmoittautumiset ja [&hellip;]<\/p>\n","protected":false},"author":23,"featured_media":0,"parent":0,"menu_order":0,"comment_status":"closed","ping_status":"closed","template":"","meta":{"_monsterinsights_skip_tracking":false,"_monsterinsights_sitenote_active":false,"_monsterinsights_sitenote_note":"","_monsterinsights_sitenote_category":0,"site-sidebar-layout":"default","site-content-layout":"default","ast-site-content-layout":"default","site-content-style":"default","site-sidebar-style":"default","ast-global-header-display":"","ast-banner-title-visibility":"","ast-main-header-display":"","ast-hfb-above-header-display":"","ast-hfb-below-header-display":"","ast-hfb-mobile-header-display":"","site-post-title":"","ast-breadcrumbs-content":"","ast-featured-img":"","footer-sml-layout":"","theme-transparent-header-meta":"default","adv-header-id-meta":"","stick-header-meta":"","header-above-stick-meta":"","header-main-stick-meta":"","header-below-stick-meta":"","astra-migrate-meta-layouts":"set","ast-page-background-enabled":"default","ast-page-background-meta":{"desktop":{"background-color":"var(--ast-global-color-4)","background-image":"","background-repeat":"repeat","background-position":"center center","background-size":"auto","background-attachment":"scroll","background-type":"","background-media":"","overlay-type":"","overlay-color":"","overlay-opacity":"","overlay-gradient":""},"tablet":{"background-color":"","background-image":"","background-repeat":"repeat","background-position":"center center","background-size":"auto","background-attachment":"scroll","background-type":"","background-media":"","overlay-type":"","overlay-color":"","overlay-opacity":"","overlay-gradient":""},"mobile":{"background-color":"","background-image":"","background-repeat":"repeat","background-position":"center center","background-size":"auto","background-attachment":"scroll","background-type":"","background-media":"","overlay-type":"","overlay-color":"","overlay-opacity":"","overlay-gradient":""}},"ast-content-background-meta":{"desktop":{"background-color":"var(--ast-global-color-5)","background-image":"","background-repeat":"repeat","background-position":"center center","background-size":"auto","background-attachment":"scroll","background-type":"","background-media":"","overlay-type":"","overlay-color":"","overlay-opacity":"","overlay-gradient":""},"tablet":{"background-color":"var(--ast-global-color-5)","background-image":"","background-repeat":"repeat","background-position":"center center","background-size":"auto","background-attachment":"scroll","background-type":"","background-media":"","overlay-type":"","overlay-color":"","overlay-opacity":"","overlay-gradient":""},"mobile":{"background-color":"var(--ast-global-color-5)","background-image":"","background-repeat":"repeat","background-position":"center center","background-size":"auto","background-attachment":"scroll","background-type":"","background-media":"","overlay-type":"","overlay-color":"","overlay-opacity":"","overlay-gradient":""}},"footnotes":"","_expiration-date-status":"","_expiration-date":0,"_expiration-date-type":"","_expiration-date-categories":[],"_expiration-date-options":[]},"class_list":["post-20064","page","type-page","status-publish","hentry"],"yoast_head":"<!-- This site is optimized with the Yoast SEO plugin v19.7.1 - https:\/\/yoast.com\/wordpress\/plugins\/seo\/ -->\n<title>U12- ja U10-turnaukset - Suomen J\u00e4\u00e4palloliitto<\/title>\n<meta name=\"robots\" content=\"index, follow, max-snippet:-1, max-image-preview:large, max-video-preview:-1\" \/>\n<link rel=\"canonical\" href=\"https:\/\/www.finbandy.fi\/fi\/u12-turnaukset\/\" \/>\n<meta property=\"og:locale\" content=\"fi_FI\" \/>\n<meta property=\"og:type\" content=\"article\" \/>\n<meta property=\"og:title\" content=\"U12- ja U10-turnaukset - Suomen J\u00e4\u00e4palloliitto\" \/>\n<meta property=\"og:description\" content=\"Viitaniemi, Jyv\u00e4skyl\u00e4 23.11.2025 (JPS Juniorit) Haastajapelej\u00e4 muutaman joukkueen voimin. Turnaukseen otetaan joukkueita ilmoittautumisj\u00e4rjestyksess\u00e4 Ilmoittautuminen 16.11.2025 menness\u00e4 Ilmoittautumisen j\u00e4lkeen selvi\u00e4\u00e4 otteluohjelmat ja maksut. Ilmoittautumiset ja lis\u00e4tiedot: Antti Laitinen, laitinen.anttijussi@gmail.com, puh. 040 768 1443. Viitaniemi, Jyv\u00e4skyl\u00e4 14.12.2025 (JPS Juniorit) U12-sarjan osaturnaus, U10-turnaus. Turnaukseen otetaan joukkueita ilmoittautumisj\u00e4rjestyksess\u00e4 Ilmoittautuminen 7.12.2025 menness\u00e4 Ilmoittautumisen j\u00e4lkeen selvi\u00e4\u00e4 otteluohjelmat ja maksut. Ilmoittautumiset ja [&hellip;]\" \/>\n<meta property=\"og:url\" content=\"https:\/\/www.finbandy.fi\/fi\/u12-turnaukset\/\" \/>\n<meta property=\"og:site_name\" content=\"Suomen J\u00e4\u00e4palloliitto\" \/>\n<meta property=\"article:modified_time\" content=\"2025-10-17T05:24:40+00:00\" \/>\n<meta name=\"twitter:card\" content=\"summary_large_image\" \/>\n<meta name=\"twitter:label1\" content=\"Arvioitu lukuaika\" \/>\n\t<meta name=\"twitter:data1\" content=\"1 minuutti\" \/>\n<script type=\"application\/ld+json\" class=\"yoast-schema-graph\">{\"@context\":\"https:\/\/schema.org\",\"@graph\":[{\"@type\":\"WebPage\",\"@id\":\"https:\/\/www.finbandy.fi\/fi\/u12-turnaukset\/\",\"url\":\"https:\/\/www.finbandy.fi\/fi\/u12-turnaukset\/\",\"name\":\"U12- ja U10-turnaukset - Suomen J\u00e4\u00e4palloliitto\",\"isPartOf\":{\"@id\":\"https:\/\/www.finbandy.fi\/fi\/#website\"},\"datePublished\":\"2021-09-10T06:27:16+00:00\",\"dateModified\":\"2025-10-17T05:24:40+00:00\",\"breadcrumb\":{\"@id\":\"https:\/\/www.finbandy.fi\/fi\/u12-turnaukset\/#breadcrumb\"},\"inLanguage\":\"fi\",\"potentialAction\":[{\"@type\":\"ReadAction\",\"target\":[\"https:\/\/www.finbandy.fi\/fi\/u12-turnaukset\/\"]}]},{\"@type\":\"BreadcrumbList\",\"@id\":\"https:\/\/www.finbandy.fi\/fi\/u12-turnaukset\/#breadcrumb\",\"itemListElement\":[{\"@type\":\"ListItem\",\"position\":1,\"name\":\"Etusivu\",\"item\":\"https:\/\/www.finbandy.fi\/fi\/\"},{\"@type\":\"ListItem\",\"position\":2,\"name\":\"U12- ja U10-turnaukset\"}]},{\"@type\":\"WebSite\",\"@id\":\"https:\/\/www.finbandy.fi\/fi\/#website\",\"url\":\"https:\/\/www.finbandy.fi\/fi\/\",\"name\":\"Suomen J\u00e4\u00e4palloliitto\",\"description\":\"\",\"potentialAction\":[{\"@type\":\"SearchAction\",\"target\":{\"@type\":\"EntryPoint\",\"urlTemplate\":\"https:\/\/www.finbandy.fi\/fi\/?s={search_term_string}\"},\"query-input\":\"required name=search_term_string\"}],\"inLanguage\":\"fi\"}]}<\/script>\n<!-- \/ Yoast SEO plugin. -->","yoast_head_json":{"title":"U12- ja U10-turnaukset - Suomen J\u00e4\u00e4palloliitto","robots":{"index":"index","follow":"follow","max-snippet":"max-snippet:-1","max-image-preview":"max-image-preview:large","max-video-preview":"max-video-preview:-1"},"canonical":"https:\/\/www.finbandy.fi\/fi\/u12-turnaukset\/","og_locale":"fi_FI","og_type":"article","og_title":"U12- ja U10-turnaukset - Suomen J\u00e4\u00e4palloliitto","og_description":"Viitaniemi, Jyv\u00e4skyl\u00e4 23.11.2025 (JPS Juniorit) Haastajapelej\u00e4 muutaman joukkueen voimin. Turnaukseen otetaan joukkueita ilmoittautumisj\u00e4rjestyksess\u00e4 Ilmoittautuminen 16.11.2025 menness\u00e4 Ilmoittautumisen j\u00e4lkeen selvi\u00e4\u00e4 otteluohjelmat ja maksut. Ilmoittautumiset ja lis\u00e4tiedot: Antti Laitinen, laitinen.anttijussi@gmail.com, puh. 040 768 1443. Viitaniemi, Jyv\u00e4skyl\u00e4 14.12.2025 (JPS Juniorit) U12-sarjan osaturnaus, U10-turnaus. Turnaukseen otetaan joukkueita ilmoittautumisj\u00e4rjestyksess\u00e4 Ilmoittautuminen 7.12.2025 menness\u00e4 Ilmoittautumisen j\u00e4lkeen selvi\u00e4\u00e4 otteluohjelmat ja maksut. Ilmoittautumiset ja [&hellip;]","og_url":"https:\/\/www.finbandy.fi\/fi\/u12-turnaukset\/","og_site_name":"Suomen J\u00e4\u00e4palloliitto","article_modified_time":"2025-10-17T05:24:40+00:00","twitter_card":"summary_large_image","twitter_misc":{"Arvioitu lukuaika":"1 minuutti"},"schema":{"@context":"https:\/\/schema.org","@graph":[{"@type":"WebPage","@id":"https:\/\/www.finbandy.fi\/fi\/u12-turnaukset\/","url":"https:\/\/www.finbandy.fi\/fi\/u12-turnaukset\/","name":"U12- ja U10-turnaukset - Suomen J\u00e4\u00e4palloliitto","isPartOf":{"@id":"https:\/\/www.finbandy.fi\/fi\/#website"},"datePublished":"2021-09-10T06:27:16+00:00","dateModified":"2025-10-17T05:24:40+00:00","breadcrumb":{"@id":"https:\/\/www.finbandy.fi\/fi\/u12-turnaukset\/#breadcrumb"},"inLanguage":"fi","potentialAction":[{"@type":"ReadAction","target":["https:\/\/www.finbandy.fi\/fi\/u12-turnaukset\/"]}]},{"@type":"BreadcrumbList","@id":"https:\/\/www.finbandy.fi\/fi\/u12-turnaukset\/#breadcrumb","itemListElement":[{"@type":"ListItem","position":1,"name":"Etusivu","item":"https:\/\/www.finbandy.fi\/fi\/"},{"@type":"ListItem","position":2,"name":"U12- ja U10-turnaukset"}]},{"@type":"WebSite","@id":"https:\/\/www.finbandy.fi\/fi\/#website","url":"https:\/\/www.finbandy.fi\/fi\/","name":"Suomen J\u00e4\u00e4palloliitto","description":"","potentialAction":[{"@type":"SearchAction","target":{"@type":"EntryPoint","urlTemplate":"https:\/\/www.finbandy.fi\/fi\/?s={search_term_string}"},"query-input":"required name=search_term_string"}],"inLanguage":"fi"}]}},"_links":{"self":[{"href":"https:\/\/www.finbandy.fi\/fi\/wp-json\/wp\/v2\/pages\/20064"}],"collection":[{"href":"https:\/\/www.finbandy.fi\/fi\/wp-json\/wp\/v2\/pages"}],"about":[{"href":"https:\/\/www.finbandy.fi\/fi\/wp-json\/wp\/v2\/types\/page"}],"author":[{"embeddable":true,"href":"https:\/\/www.finbandy.fi\/fi\/wp-json\/wp\/v2\/users\/23"}],"replies":[{"embeddable":true,"href":"https:\/\/www.finbandy.fi\/fi\/wp-json\/wp\/v2\/comments?post=20064"}],"version-history":[{"count":70,"href":"https:\/\/www.finbandy.fi\/fi\/wp-json\/wp\/v2\/pages\/20064\/revisions"}],"predecessor-version":[{"id":23944,"href":"https:\/\/www.finbandy.fi\/fi\/wp-json\/wp\/v2\/pages\/20064\/revisions\/23944"}],"wp:attachment":[{"href":"https:\/\/www.finbandy.fi\/fi\/wp-json\/wp\/v2\/media?parent=20064"}],"curies":[{"name":"wp","href":"https:\/\/api.w.org\/{rel}","templated":true}]}}