{"id":21214,"date":"2022-11-24T09:40:55","date_gmt":"2022-11-24T07:40:55","guid":{"rendered":"https:\/\/www.finbandy.fi\/fi\/?page_id=21214"},"modified":"2026-01-02T14:31:51","modified_gmt":"2026-01-02T12:31:51","slug":"tulospalveluohjeet","status":"publish","type":"page","link":"https:\/\/www.finbandy.fi\/fi\/tulospalveluohjeet\/","title":{"rendered":"Tulospalveluohjeet"},"content":{"rendered":"<div id=\"wp_fb_like_button\" style=\"margin:5px 0;float:none;height:50px;\"><script src=\"http:\/\/connect.facebook.net\/en_US\/all.js#xfbml=1\"><\/script><fb:like href=\"https:\/\/www.finbandy.fi\/fi\/tulospalveluohjeet\/\" send=\"true\" layout=\"button_count\" width=\"400\" show_faces=\"false\" font=\"arial\" action=\"like\" colorscheme=\"light\"><\/fb:like><\/div>\t\t<div data-elementor-type=\"wp-page\" data-elementor-id=\"21214\" class=\"elementor elementor-21214\" data-elementor-post-type=\"page\">\n\t\t\t\t\t\t<section class=\"elementor-section elementor-top-section elementor-element elementor-element-233d4594 elementor-section-boxed elementor-section-height-default elementor-section-height-default\" data-id=\"233d4594\" data-element_type=\"section\">\n\t\t\t\t\t\t<div class=\"elementor-container elementor-column-gap-default\">\n\t\t\t\t\t<div class=\"elementor-column elementor-col-100 elementor-top-column elementor-element elementor-element-779b88f5\" data-id=\"779b88f5\" data-element_type=\"column\">\n\t\t\t<div class=\"elementor-widget-wrap elementor-element-populated\">\n\t\t\t\t\t\t<div class=\"elementor-element elementor-element-701b013f elementor-widget elementor-widget-text-editor\" data-id=\"701b013f\" data-element_type=\"widget\" data-widget_type=\"text-editor.default\">\n\t\t\t\t<div class=\"elementor-widget-container\">\n\t\t\t\t\t\t\t<!-- wp:tadv\/classic-paragraph -->\n<p>Tulospalveluohjeet kaudelle 2025-2026 l\u00f6ytyv\u00e4t <a href=\"https:\/\/www.finbandy.fi\/fi\/wp-content\/uploads\/2026\/01\/Ohjeita-tulospalveluun-2025-2026.pdf\">t\u00e4\u00e4lt\u00e4<\/a>.<\/p>\n<p>Tulospalveluohjeet erotuomareille ja Bandylliigajoukkueille kaudelle 2025-2026 l\u00f6ytyv\u00e4t <a href=\"https:\/\/www.finbandy.fi\/fi\/wp-content\/uploads\/2026\/01\/Tulospalveluohjeet-erotuomarit-ja-BL-joukkueet-2025-2026.pdf\">t\u00e4\u00e4lt\u00e4<\/a>.<\/p>\n<p>S\u00e4hk\u00f6isen p\u00f6yt\u00e4kirjan (liveseurannan) ohjeet l\u00f6ytyv\u00e4t <a href=\"https:\/\/www.finbandy.fi\/fi\/wp-content\/uploads\/2026\/01\/Testiohjeet-sahkoinen-poytakirja-2025-26.pdf\">t\u00e4\u00e4lt\u00e4<\/a>.<\/p>\n<!-- \/wp:tadv\/classic-paragraph --><!-- wp:tadv\/classic-paragraph \/-->\t\t\t\t\t\t<\/div>\n\t\t\t\t<\/div>\n\t\t\t\t\t<\/div>\n\t\t<\/div>\n\t\t\t\t\t<\/div>\n\t\t<\/section>\n\t\t\t\t<\/div>\n\t\t","protected":false},"excerpt":{"rendered":"<p>Tulospalveluohjeet kaudelle 2025-2026 l\u00f6ytyv\u00e4t t\u00e4\u00e4lt\u00e4. Tulospalveluohjeet erotuomareille ja Bandylliigajoukkueille kaudelle 2025-2026 l\u00f6ytyv\u00e4t t\u00e4\u00e4lt\u00e4. S\u00e4hk\u00f6isen p\u00f6yt\u00e4kirjan (liveseurannan) ohjeet l\u00f6ytyv\u00e4t t\u00e4\u00e4lt\u00e4.<\/p>\n","protected":false},"author":21,"featured_media":0,"parent":0,"menu_order":0,"comment_status":"closed","ping_status":"closed","template":"","meta":{"_monsterinsights_skip_tracking":false,"_monsterinsights_sitenote_active":false,"_monsterinsights_sitenote_note":"","_monsterinsights_sitenote_category":0,"site-sidebar-layout":"default","site-content-layout":"default","ast-site-content-layout":"default","site-content-style":"default","site-sidebar-style":"default","ast-global-header-display":"","ast-banner-title-visibility":"","ast-main-header-display":"","ast-hfb-above-header-display":"","ast-hfb-below-header-display":"","ast-hfb-mobile-header-display":"","site-post-title":"","ast-breadcrumbs-content":"","ast-featured-img":"","footer-sml-layout":"","theme-transparent-header-meta":"default","adv-header-id-meta":"","stick-header-meta":"","header-above-stick-meta":"","header-main-stick-meta":"","header-below-stick-meta":"","astra-migrate-meta-layouts":"set","ast-page-background-enabled":"default","ast-page-background-meta":{"desktop":{"background-color":"var(--ast-global-color-4)","background-image":"","background-repeat":"repeat","background-position":"center center","background-size":"auto","background-attachment":"scroll","background-type":"","background-media":"","overlay-type":"","overlay-color":"","overlay-opacity":"","overlay-gradient":""},"tablet":{"background-color":"","background-image":"","background-repeat":"repeat","background-position":"center center","background-size":"auto","background-attachment":"scroll","background-type":"","background-media":"","overlay-type":"","overlay-color":"","overlay-opacity":"","overlay-gradient":""},"mobile":{"background-color":"","background-image":"","background-repeat":"repeat","background-position":"center center","background-size":"auto","background-attachment":"scroll","background-type":"","background-media":"","overlay-type":"","overlay-color":"","overlay-opacity":"","overlay-gradient":""}},"ast-content-background-meta":{"desktop":{"background-color":"var(--ast-global-color-5)","background-image":"","background-repeat":"repeat","background-position":"center center","background-size":"auto","background-attachment":"scroll","background-type":"","background-media":"","overlay-type":"","overlay-color":"","overlay-opacity":"","overlay-gradient":""},"tablet":{"background-color":"var(--ast-global-color-5)","background-image":"","background-repeat":"repeat","background-position":"center center","background-size":"auto","background-attachment":"scroll","background-type":"","background-media":"","overlay-type":"","overlay-color":"","overlay-opacity":"","overlay-gradient":""},"mobile":{"background-color":"var(--ast-global-color-5)","background-image":"","background-repeat":"repeat","background-position":"center center","background-size":"auto","background-attachment":"scroll","background-type":"","background-media":"","overlay-type":"","overlay-color":"","overlay-opacity":"","overlay-gradient":""}},"footnotes":"","_expiration-date-status":"","_expiration-date":0,"_expiration-date-type":"","_expiration-date-categories":[],"_expiration-date-options":[]},"class_list":["post-21214","page","type-page","status-publish","hentry"],"yoast_head":"<!-- This site is optimized with the Yoast SEO plugin v19.7.1 - https:\/\/yoast.com\/wordpress\/plugins\/seo\/ -->\n<title>Tulospalveluohjeet - Suomen J\u00e4\u00e4palloliitto<\/title>\n<meta name=\"robots\" content=\"index, follow, max-snippet:-1, max-image-preview:large, max-video-preview:-1\" \/>\n<link rel=\"canonical\" href=\"https:\/\/www.finbandy.fi\/fi\/tulospalveluohjeet\/\" \/>\n<meta property=\"og:locale\" content=\"fi_FI\" \/>\n<meta property=\"og:type\" content=\"article\" \/>\n<meta property=\"og:title\" content=\"Tulospalveluohjeet - Suomen J\u00e4\u00e4palloliitto\" \/>\n<meta property=\"og:description\" content=\"Tulospalveluohjeet kaudelle 2025-2026 l\u00f6ytyv\u00e4t t\u00e4\u00e4lt\u00e4. Tulospalveluohjeet erotuomareille ja Bandylliigajoukkueille kaudelle 2025-2026 l\u00f6ytyv\u00e4t t\u00e4\u00e4lt\u00e4. S\u00e4hk\u00f6isen p\u00f6yt\u00e4kirjan (liveseurannan) ohjeet l\u00f6ytyv\u00e4t t\u00e4\u00e4lt\u00e4.\" \/>\n<meta property=\"og:url\" content=\"https:\/\/www.finbandy.fi\/fi\/tulospalveluohjeet\/\" \/>\n<meta property=\"og:site_name\" content=\"Suomen J\u00e4\u00e4palloliitto\" \/>\n<meta property=\"article:modified_time\" content=\"2026-01-02T12:31:51+00:00\" \/>\n<meta name=\"twitter:card\" content=\"summary_large_image\" \/>\n<meta name=\"twitter:label1\" content=\"Arvioitu lukuaika\" \/>\n\t<meta name=\"twitter:data1\" content=\"1 minuutti\" \/>\n<script type=\"application\/ld+json\" class=\"yoast-schema-graph\">{\"@context\":\"https:\/\/schema.org\",\"@graph\":[{\"@type\":\"WebPage\",\"@id\":\"https:\/\/www.finbandy.fi\/fi\/tulospalveluohjeet\/\",\"url\":\"https:\/\/www.finbandy.fi\/fi\/tulospalveluohjeet\/\",\"name\":\"Tulospalveluohjeet - Suomen J\u00e4\u00e4palloliitto\",\"isPartOf\":{\"@id\":\"https:\/\/www.finbandy.fi\/fi\/#website\"},\"datePublished\":\"2022-11-24T07:40:55+00:00\",\"dateModified\":\"2026-01-02T12:31:51+00:00\",\"breadcrumb\":{\"@id\":\"https:\/\/www.finbandy.fi\/fi\/tulospalveluohjeet\/#breadcrumb\"},\"inLanguage\":\"fi\",\"potentialAction\":[{\"@type\":\"ReadAction\",\"target\":[\"https:\/\/www.finbandy.fi\/fi\/tulospalveluohjeet\/\"]}]},{\"@type\":\"BreadcrumbList\",\"@id\":\"https:\/\/www.finbandy.fi\/fi\/tulospalveluohjeet\/#breadcrumb\",\"itemListElement\":[{\"@type\":\"ListItem\",\"position\":1,\"name\":\"Etusivu\",\"item\":\"https:\/\/www.finbandy.fi\/fi\/\"},{\"@type\":\"ListItem\",\"position\":2,\"name\":\"Tulospalveluohjeet\"}]},{\"@type\":\"WebSite\",\"@id\":\"https:\/\/www.finbandy.fi\/fi\/#website\",\"url\":\"https:\/\/www.finbandy.fi\/fi\/\",\"name\":\"Suomen J\u00e4\u00e4palloliitto\",\"description\":\"\",\"potentialAction\":[{\"@type\":\"SearchAction\",\"target\":{\"@type\":\"EntryPoint\",\"urlTemplate\":\"https:\/\/www.finbandy.fi\/fi\/?s={search_term_string}\"},\"query-input\":\"required name=search_term_string\"}],\"inLanguage\":\"fi\"}]}<\/script>\n<!-- \/ Yoast SEO plugin. -->","yoast_head_json":{"title":"Tulospalveluohjeet - Suomen J\u00e4\u00e4palloliitto","robots":{"index":"index","follow":"follow","max-snippet":"max-snippet:-1","max-image-preview":"max-image-preview:large","max-video-preview":"max-video-preview:-1"},"canonical":"https:\/\/www.finbandy.fi\/fi\/tulospalveluohjeet\/","og_locale":"fi_FI","og_type":"article","og_title":"Tulospalveluohjeet - Suomen J\u00e4\u00e4palloliitto","og_description":"Tulospalveluohjeet kaudelle 2025-2026 l\u00f6ytyv\u00e4t t\u00e4\u00e4lt\u00e4. Tulospalveluohjeet erotuomareille ja Bandylliigajoukkueille kaudelle 2025-2026 l\u00f6ytyv\u00e4t t\u00e4\u00e4lt\u00e4. S\u00e4hk\u00f6isen p\u00f6yt\u00e4kirjan (liveseurannan) ohjeet l\u00f6ytyv\u00e4t t\u00e4\u00e4lt\u00e4.","og_url":"https:\/\/www.finbandy.fi\/fi\/tulospalveluohjeet\/","og_site_name":"Suomen J\u00e4\u00e4palloliitto","article_modified_time":"2026-01-02T12:31:51+00:00","twitter_card":"summary_large_image","twitter_misc":{"Arvioitu lukuaika":"1 minuutti"},"schema":{"@context":"https:\/\/schema.org","@graph":[{"@type":"WebPage","@id":"https:\/\/www.finbandy.fi\/fi\/tulospalveluohjeet\/","url":"https:\/\/www.finbandy.fi\/fi\/tulospalveluohjeet\/","name":"Tulospalveluohjeet - Suomen J\u00e4\u00e4palloliitto","isPartOf":{"@id":"https:\/\/www.finbandy.fi\/fi\/#website"},"datePublished":"2022-11-24T07:40:55+00:00","dateModified":"2026-01-02T12:31:51+00:00","breadcrumb":{"@id":"https:\/\/www.finbandy.fi\/fi\/tulospalveluohjeet\/#breadcrumb"},"inLanguage":"fi","potentialAction":[{"@type":"ReadAction","target":["https:\/\/www.finbandy.fi\/fi\/tulospalveluohjeet\/"]}]},{"@type":"BreadcrumbList","@id":"https:\/\/www.finbandy.fi\/fi\/tulospalveluohjeet\/#breadcrumb","itemListElement":[{"@type":"ListItem","position":1,"name":"Etusivu","item":"https:\/\/www.finbandy.fi\/fi\/"},{"@type":"ListItem","position":2,"name":"Tulospalveluohjeet"}]},{"@type":"WebSite","@id":"https:\/\/www.finbandy.fi\/fi\/#website","url":"https:\/\/www.finbandy.fi\/fi\/","name":"Suomen J\u00e4\u00e4palloliitto","description":"","potentialAction":[{"@type":"SearchAction","target":{"@type":"EntryPoint","urlTemplate":"https:\/\/www.finbandy.fi\/fi\/?s={search_term_string}"},"query-input":"required name=search_term_string"}],"inLanguage":"fi"}]}},"_links":{"self":[{"href":"https:\/\/www.finbandy.fi\/fi\/wp-json\/wp\/v2\/pages\/21214"}],"collection":[{"href":"https:\/\/www.finbandy.fi\/fi\/wp-json\/wp\/v2\/pages"}],"about":[{"href":"https:\/\/www.finbandy.fi\/fi\/wp-json\/wp\/v2\/types\/page"}],"author":[{"embeddable":true,"href":"https:\/\/www.finbandy.fi\/fi\/wp-json\/wp\/v2\/users\/21"}],"replies":[{"embeddable":true,"href":"https:\/\/www.finbandy.fi\/fi\/wp-json\/wp\/v2\/comments?post=21214"}],"version-history":[{"count":11,"href":"https:\/\/www.finbandy.fi\/fi\/wp-json\/wp\/v2\/pages\/21214\/revisions"}],"predecessor-version":[{"id":24303,"href":"https:\/\/www.finbandy.fi\/fi\/wp-json\/wp\/v2\/pages\/21214\/revisions\/24303"}],"wp:attachment":[{"href":"https:\/\/www.finbandy.fi\/fi\/wp-json\/wp\/v2\/media?parent=21214"}],"curies":[{"name":"wp","href":"https:\/\/api.w.org\/{rel}","templated":true}]}}