{"id":22018,"date":"2023-10-12T16:39:56","date_gmt":"2023-10-12T13:39:56","guid":{"rendered":"https:\/\/www.finbandy.fi\/fi\/?page_id=22018"},"modified":"2025-10-21T13:22:03","modified_gmt":"2025-10-21T10:22:03","slug":"kilpailumanipulaation-torjuntaohjelma","status":"publish","type":"page","link":"https:\/\/www.finbandy.fi\/fi\/kilpailumanipulaation-torjuntaohjelma\/","title":{"rendered":"Kilpailumanipulaation torjuntaohje"},"content":{"rendered":"<div id=\"wp_fb_like_button\" style=\"margin:5px 0;float:none;height:50px;\"><script src=\"http:\/\/connect.facebook.net\/en_US\/all.js#xfbml=1\"><\/script><fb:like href=\"https:\/\/www.finbandy.fi\/fi\/kilpailumanipulaation-torjuntaohjelma\/\" send=\"true\" layout=\"button_count\" width=\"400\" show_faces=\"false\" font=\"arial\" action=\"like\" colorscheme=\"light\"><\/fb:like><\/div>\t\t<div data-elementor-type=\"wp-page\" data-elementor-id=\"22018\" class=\"elementor elementor-22018\" data-elementor-post-type=\"page\">\n\t\t\t\t\t\t<section class=\"elementor-section elementor-top-section elementor-element elementor-element-6c93d1b3 elementor-section-boxed elementor-section-height-default elementor-section-height-default\" data-id=\"6c93d1b3\" data-element_type=\"section\">\n\t\t\t\t\t\t<div class=\"elementor-container elementor-column-gap-default\">\n\t\t\t\t\t<div class=\"elementor-column elementor-col-100 elementor-top-column elementor-element elementor-element-4e4eab86\" data-id=\"4e4eab86\" data-element_type=\"column\">\n\t\t\t<div class=\"elementor-widget-wrap elementor-element-populated\">\n\t\t\t\t\t\t<div class=\"elementor-element elementor-element-383123da elementor-widget elementor-widget-text-editor\" data-id=\"383123da\" data-element_type=\"widget\" data-widget_type=\"text-editor.default\">\n\t\t\t\t<div class=\"elementor-widget-container\">\n\t\t\t\t\t\t\t<!-- wp:tadv\/classic-paragraph -->\n<p><strong><a href=\"https:\/\/www.finbandy.fi\/fi\/wp-content\/uploads\/2023\/10\/SJPL-Kilpailumanipulaation-torjuntaohje.pdf\">Suomen J\u00e4\u00e4palloliiton Kilpailumanipulaation Torjuntaohje <\/a>on hyv\u00e4ksytty hallituksessa 26.2.2023.<\/strong><\/p>\n<p>Jokaisella on oikeus ilmoittaa, jos ep\u00e4ilee doping-, kilpailumanipulaatio- tai katsomoturvallisuusrikkomusta tai uuta eettist\u00e4 rikkomusta urheilussa. Linkki SUEK:in (Suomen urheilun eettinen keskus SUEK ry) ILMO-palveluun l\u00f6ytyy <a href=\"https:\/\/ilmo.suek.fi\/\">t\u00e4\u00e4lt\u00e4<\/a>.<\/p>\n<p>Reilusti Paras on verkkokoulutus, jonka avulla niin urheilijat, urheilijan tukihenkil\u00f6t kuin kaikki muutkin urheilutoimijat voivat oppia ja varmistaa tietonsa kilpailumanipulaatioon liittyvist\u00e4 asioista. Linkki Reilusti Paras-verkkokoulutukseen l\u00f6ytyy <a href=\"https:\/\/suek.fi\/koulutus\/koulutusmateriaalit\/reilusti-paras-verkkokoulutus\/\">t\u00e4\u00e4lt\u00e4.<\/a><\/p>\n<p>Lis\u00e4tietoja kilpailumanipulaatioon liittyvist\u00e4 asioista saa osoitteesta <a href=\"https:\/\/suek.fi\/\">www.suek.fi<\/a><\/p>\n<p>\u00a0<\/p>\n<!-- \/wp:tadv\/classic-paragraph -->\t\t\t\t\t\t<\/div>\n\t\t\t\t<\/div>\n\t\t\t\t\t<\/div>\n\t\t<\/div>\n\t\t\t\t\t<\/div>\n\t\t<\/section>\n\t\t\t\t<\/div>\n\t\t","protected":false},"excerpt":{"rendered":"<p>Suomen J\u00e4\u00e4palloliiton Kilpailumanipulaation Torjuntaohje on hyv\u00e4ksytty hallituksessa 26.2.2023. Jokaisella on oikeus ilmoittaa, jos ep\u00e4ilee doping-, kilpailumanipulaatio- tai katsomoturvallisuusrikkomusta tai uuta eettist\u00e4 rikkomusta urheilussa. Linkki SUEK:in (Suomen urheilun eettinen keskus SUEK ry) ILMO-palveluun l\u00f6ytyy t\u00e4\u00e4lt\u00e4. Reilusti Paras on verkkokoulutus, jonka avulla niin urheilijat, urheilijan tukihenkil\u00f6t kuin kaikki muutkin urheilutoimijat voivat oppia ja varmistaa tietonsa kilpailumanipulaatioon liittyvist\u00e4 [&hellip;]<\/p>\n","protected":false},"author":21,"featured_media":0,"parent":0,"menu_order":0,"comment_status":"closed","ping_status":"closed","template":"","meta":{"_monsterinsights_skip_tracking":false,"_monsterinsights_sitenote_active":false,"_monsterinsights_sitenote_note":"","_monsterinsights_sitenote_category":0,"site-sidebar-layout":"default","site-content-layout":"default","ast-site-content-layout":"","site-content-style":"default","site-sidebar-style":"default","ast-global-header-display":"","ast-banner-title-visibility":"","ast-main-header-display":"","ast-hfb-above-header-display":"","ast-hfb-below-header-display":"","ast-hfb-mobile-header-display":"","site-post-title":"","ast-breadcrumbs-content":"","ast-featured-img":"","footer-sml-layout":"","theme-transparent-header-meta":"default","adv-header-id-meta":"","stick-header-meta":"","header-above-stick-meta":"","header-main-stick-meta":"","header-below-stick-meta":"","astra-migrate-meta-layouts":"default","ast-page-background-enabled":"default","ast-page-background-meta":{"desktop":{"background-color":"var(--ast-global-color-4)","background-image":"","background-repeat":"repeat","background-position":"center center","background-size":"auto","background-attachment":"scroll","background-type":"","background-media":"","overlay-type":"","overlay-color":"","overlay-opacity":"","overlay-gradient":""},"tablet":{"background-color":"","background-image":"","background-repeat":"repeat","background-position":"center center","background-size":"auto","background-attachment":"scroll","background-type":"","background-media":"","overlay-type":"","overlay-color":"","overlay-opacity":"","overlay-gradient":""},"mobile":{"background-color":"","background-image":"","background-repeat":"repeat","background-position":"center center","background-size":"auto","background-attachment":"scroll","background-type":"","background-media":"","overlay-type":"","overlay-color":"","overlay-opacity":"","overlay-gradient":""}},"ast-content-background-meta":{"desktop":{"background-color":"var(--ast-global-color-5)","background-image":"","background-repeat":"repeat","background-position":"center center","background-size":"auto","background-attachment":"scroll","background-type":"","background-media":"","overlay-type":"","overlay-color":"","overlay-opacity":"","overlay-gradient":""},"tablet":{"background-color":"var(--ast-global-color-5)","background-image":"","background-repeat":"repeat","background-position":"center center","background-size":"auto","background-attachment":"scroll","background-type":"","background-media":"","overlay-type":"","overlay-color":"","overlay-opacity":"","overlay-gradient":""},"mobile":{"background-color":"var(--ast-global-color-5)","background-image":"","background-repeat":"repeat","background-position":"center center","background-size":"auto","background-attachment":"scroll","background-type":"","background-media":"","overlay-type":"","overlay-color":"","overlay-opacity":"","overlay-gradient":""}},"footnotes":"","_expiration-date-status":"","_expiration-date":0,"_expiration-date-type":"","_expiration-date-categories":[],"_expiration-date-options":[]},"class_list":["post-22018","page","type-page","status-publish","hentry"],"yoast_head":"<!-- This site is optimized with the Yoast SEO plugin v19.7.1 - https:\/\/yoast.com\/wordpress\/plugins\/seo\/ -->\n<title>Kilpailumanipulaation torjuntaohje - Suomen J\u00e4\u00e4palloliitto<\/title>\n<meta name=\"robots\" content=\"index, follow, max-snippet:-1, max-image-preview:large, max-video-preview:-1\" \/>\n<link rel=\"canonical\" href=\"https:\/\/www.finbandy.fi\/fi\/kilpailumanipulaation-torjuntaohjelma\/\" \/>\n<meta property=\"og:locale\" content=\"fi_FI\" \/>\n<meta property=\"og:type\" content=\"article\" \/>\n<meta property=\"og:title\" content=\"Kilpailumanipulaation torjuntaohje - Suomen J\u00e4\u00e4palloliitto\" \/>\n<meta property=\"og:description\" content=\"Suomen J\u00e4\u00e4palloliiton Kilpailumanipulaation Torjuntaohje on hyv\u00e4ksytty hallituksessa 26.2.2023. Jokaisella on oikeus ilmoittaa, jos ep\u00e4ilee doping-, kilpailumanipulaatio- tai katsomoturvallisuusrikkomusta tai uuta eettist\u00e4 rikkomusta urheilussa. Linkki SUEK:in (Suomen urheilun eettinen keskus SUEK ry) ILMO-palveluun l\u00f6ytyy t\u00e4\u00e4lt\u00e4. Reilusti Paras on verkkokoulutus, jonka avulla niin urheilijat, urheilijan tukihenkil\u00f6t kuin kaikki muutkin urheilutoimijat voivat oppia ja varmistaa tietonsa kilpailumanipulaatioon liittyvist\u00e4 [&hellip;]\" \/>\n<meta property=\"og:url\" content=\"https:\/\/www.finbandy.fi\/fi\/kilpailumanipulaation-torjuntaohjelma\/\" \/>\n<meta property=\"og:site_name\" content=\"Suomen J\u00e4\u00e4palloliitto\" \/>\n<meta property=\"article:modified_time\" content=\"2025-10-21T10:22:03+00:00\" \/>\n<meta name=\"twitter:card\" content=\"summary_large_image\" \/>\n<meta name=\"twitter:label1\" content=\"Arvioitu lukuaika\" \/>\n\t<meta name=\"twitter:data1\" content=\"1 minuutti\" \/>\n<script type=\"application\/ld+json\" class=\"yoast-schema-graph\">{\"@context\":\"https:\/\/schema.org\",\"@graph\":[{\"@type\":\"WebPage\",\"@id\":\"https:\/\/www.finbandy.fi\/fi\/kilpailumanipulaation-torjuntaohjelma\/\",\"url\":\"https:\/\/www.finbandy.fi\/fi\/kilpailumanipulaation-torjuntaohjelma\/\",\"name\":\"Kilpailumanipulaation torjuntaohje - Suomen J\u00e4\u00e4palloliitto\",\"isPartOf\":{\"@id\":\"https:\/\/www.finbandy.fi\/fi\/#website\"},\"datePublished\":\"2023-10-12T13:39:56+00:00\",\"dateModified\":\"2025-10-21T10:22:03+00:00\",\"breadcrumb\":{\"@id\":\"https:\/\/www.finbandy.fi\/fi\/kilpailumanipulaation-torjuntaohjelma\/#breadcrumb\"},\"inLanguage\":\"fi\",\"potentialAction\":[{\"@type\":\"ReadAction\",\"target\":[\"https:\/\/www.finbandy.fi\/fi\/kilpailumanipulaation-torjuntaohjelma\/\"]}]},{\"@type\":\"BreadcrumbList\",\"@id\":\"https:\/\/www.finbandy.fi\/fi\/kilpailumanipulaation-torjuntaohjelma\/#breadcrumb\",\"itemListElement\":[{\"@type\":\"ListItem\",\"position\":1,\"name\":\"Etusivu\",\"item\":\"https:\/\/www.finbandy.fi\/fi\/\"},{\"@type\":\"ListItem\",\"position\":2,\"name\":\"Kilpailumanipulaation torjuntaohje\"}]},{\"@type\":\"WebSite\",\"@id\":\"https:\/\/www.finbandy.fi\/fi\/#website\",\"url\":\"https:\/\/www.finbandy.fi\/fi\/\",\"name\":\"Suomen J\u00e4\u00e4palloliitto\",\"description\":\"\",\"potentialAction\":[{\"@type\":\"SearchAction\",\"target\":{\"@type\":\"EntryPoint\",\"urlTemplate\":\"https:\/\/www.finbandy.fi\/fi\/?s={search_term_string}\"},\"query-input\":\"required name=search_term_string\"}],\"inLanguage\":\"fi\"}]}<\/script>\n<!-- \/ Yoast SEO plugin. -->","yoast_head_json":{"title":"Kilpailumanipulaation torjuntaohje - Suomen J\u00e4\u00e4palloliitto","robots":{"index":"index","follow":"follow","max-snippet":"max-snippet:-1","max-image-preview":"max-image-preview:large","max-video-preview":"max-video-preview:-1"},"canonical":"https:\/\/www.finbandy.fi\/fi\/kilpailumanipulaation-torjuntaohjelma\/","og_locale":"fi_FI","og_type":"article","og_title":"Kilpailumanipulaation torjuntaohje - Suomen J\u00e4\u00e4palloliitto","og_description":"Suomen J\u00e4\u00e4palloliiton Kilpailumanipulaation Torjuntaohje on hyv\u00e4ksytty hallituksessa 26.2.2023. Jokaisella on oikeus ilmoittaa, jos ep\u00e4ilee doping-, kilpailumanipulaatio- tai katsomoturvallisuusrikkomusta tai uuta eettist\u00e4 rikkomusta urheilussa. Linkki SUEK:in (Suomen urheilun eettinen keskus SUEK ry) ILMO-palveluun l\u00f6ytyy t\u00e4\u00e4lt\u00e4. Reilusti Paras on verkkokoulutus, jonka avulla niin urheilijat, urheilijan tukihenkil\u00f6t kuin kaikki muutkin urheilutoimijat voivat oppia ja varmistaa tietonsa kilpailumanipulaatioon liittyvist\u00e4 [&hellip;]","og_url":"https:\/\/www.finbandy.fi\/fi\/kilpailumanipulaation-torjuntaohjelma\/","og_site_name":"Suomen J\u00e4\u00e4palloliitto","article_modified_time":"2025-10-21T10:22:03+00:00","twitter_card":"summary_large_image","twitter_misc":{"Arvioitu lukuaika":"1 minuutti"},"schema":{"@context":"https:\/\/schema.org","@graph":[{"@type":"WebPage","@id":"https:\/\/www.finbandy.fi\/fi\/kilpailumanipulaation-torjuntaohjelma\/","url":"https:\/\/www.finbandy.fi\/fi\/kilpailumanipulaation-torjuntaohjelma\/","name":"Kilpailumanipulaation torjuntaohje - Suomen J\u00e4\u00e4palloliitto","isPartOf":{"@id":"https:\/\/www.finbandy.fi\/fi\/#website"},"datePublished":"2023-10-12T13:39:56+00:00","dateModified":"2025-10-21T10:22:03+00:00","breadcrumb":{"@id":"https:\/\/www.finbandy.fi\/fi\/kilpailumanipulaation-torjuntaohjelma\/#breadcrumb"},"inLanguage":"fi","potentialAction":[{"@type":"ReadAction","target":["https:\/\/www.finbandy.fi\/fi\/kilpailumanipulaation-torjuntaohjelma\/"]}]},{"@type":"BreadcrumbList","@id":"https:\/\/www.finbandy.fi\/fi\/kilpailumanipulaation-torjuntaohjelma\/#breadcrumb","itemListElement":[{"@type":"ListItem","position":1,"name":"Etusivu","item":"https:\/\/www.finbandy.fi\/fi\/"},{"@type":"ListItem","position":2,"name":"Kilpailumanipulaation torjuntaohje"}]},{"@type":"WebSite","@id":"https:\/\/www.finbandy.fi\/fi\/#website","url":"https:\/\/www.finbandy.fi\/fi\/","name":"Suomen J\u00e4\u00e4palloliitto","description":"","potentialAction":[{"@type":"SearchAction","target":{"@type":"EntryPoint","urlTemplate":"https:\/\/www.finbandy.fi\/fi\/?s={search_term_string}"},"query-input":"required name=search_term_string"}],"inLanguage":"fi"}]}},"_links":{"self":[{"href":"https:\/\/www.finbandy.fi\/fi\/wp-json\/wp\/v2\/pages\/22018"}],"collection":[{"href":"https:\/\/www.finbandy.fi\/fi\/wp-json\/wp\/v2\/pages"}],"about":[{"href":"https:\/\/www.finbandy.fi\/fi\/wp-json\/wp\/v2\/types\/page"}],"author":[{"embeddable":true,"href":"https:\/\/www.finbandy.fi\/fi\/wp-json\/wp\/v2\/users\/21"}],"replies":[{"embeddable":true,"href":"https:\/\/www.finbandy.fi\/fi\/wp-json\/wp\/v2\/comments?post=22018"}],"version-history":[{"count":12,"href":"https:\/\/www.finbandy.fi\/fi\/wp-json\/wp\/v2\/pages\/22018\/revisions"}],"predecessor-version":[{"id":23966,"href":"https:\/\/www.finbandy.fi\/fi\/wp-json\/wp\/v2\/pages\/22018\/revisions\/23966"}],"wp:attachment":[{"href":"https:\/\/www.finbandy.fi\/fi\/wp-json\/wp\/v2\/media?parent=22018"}],"curies":[{"name":"wp","href":"https:\/\/api.w.org\/{rel}","templated":true}]}}