{"id":22927,"date":"2024-11-01T15:42:49","date_gmt":"2024-11-01T13:42:49","guid":{"rendered":"https:\/\/www.finbandy.fi\/fi\/?page_id=22927"},"modified":"2024-11-07T15:37:16","modified_gmt":"2024-11-07T13:37:16","slug":"finbandytv","status":"publish","type":"page","link":"https:\/\/www.finbandy.fi\/fi\/finbandytv\/","title":{"rendered":"Finbandytv"},"content":{"rendered":"<div id=\"wp_fb_like_button\" style=\"margin:5px 0;float:none;height:50px;\"><script src=\"http:\/\/connect.facebook.net\/en_US\/all.js#xfbml=1\"><\/script><fb:like href=\"https:\/\/www.finbandy.fi\/fi\/finbandytv\/\" send=\"true\" layout=\"button_count\" width=\"400\" show_faces=\"false\" font=\"arial\" action=\"like\" colorscheme=\"light\"><\/fb:like><\/div>\n<p>Suomen J\u00e4\u00e4palloliitto on tehnyt sopimuksen ruotsalaisen Stayliven kanssa suoratoistopalvelun tekemisest\u00e4 Suomen J\u00e4\u00e4palloliitolle.<\/p>\n<p>Sopimuksen my\u00f6t\u00e4 on syntynyt j\u00e4\u00e4pallon uusi koti Finbandy TV, joka l\u00f6ytyy osoitteesta <a href=\"https:\/\/www.finbandytv.fi\/\">www.finbandytv.fi.<\/a><\/p>\n<p>Finbandy TV:n kautta kaudella 2024-2025 n\u00e4hd\u00e4\u00e4n kahdeksan runkosarjan ottelua. Finbandy TV:n ottelul\u00e4hetykset ovat maksullisia. Kausikortin Bandyliigan otteluihin, joka sis\u00e4lt\u00e4\u00e4 kaikki kahdeksan runkosarjan ottelua, voi ostaa hintaan 49,99 euroa. Sen lis\u00e4ksi on mahdollista ostaa katseluoikeus yksitt\u00e4iseen otteluun hintaan 9,99 euroa \/ per ottelu.<\/p>\n","protected":false},"excerpt":{"rendered":"<p>Suomen J\u00e4\u00e4palloliitto on tehnyt sopimuksen ruotsalaisen Stayliven kanssa suoratoistopalvelun tekemisest\u00e4 Suomen J\u00e4\u00e4palloliitolle. Sopimuksen my\u00f6t\u00e4 on syntynyt j\u00e4\u00e4pallon uusi koti Finbandy TV, joka l\u00f6ytyy osoitteesta www.finbandytv.fi. Finbandy TV:n kautta kaudella 2024-2025 n\u00e4hd\u00e4\u00e4n kahdeksan runkosarjan ottelua. Finbandy TV:n ottelul\u00e4hetykset ovat maksullisia. Kausikortin Bandyliigan otteluihin, joka sis\u00e4lt\u00e4\u00e4 kaikki kahdeksan runkosarjan ottelua, voi ostaa hintaan 49,99 euroa. Sen lis\u00e4ksi [&hellip;]<\/p>\n","protected":false},"author":21,"featured_media":0,"parent":0,"menu_order":0,"comment_status":"closed","ping_status":"closed","template":"","meta":{"_monsterinsights_skip_tracking":false,"_monsterinsights_sitenote_active":false,"_monsterinsights_sitenote_note":"","_monsterinsights_sitenote_category":0,"site-sidebar-layout":"default","site-content-layout":"","ast-site-content-layout":"default","site-content-style":"default","site-sidebar-style":"default","ast-global-header-display":"","ast-banner-title-visibility":"","ast-main-header-display":"","ast-hfb-above-header-display":"","ast-hfb-below-header-display":"","ast-hfb-mobile-header-display":"","site-post-title":"","ast-breadcrumbs-content":"","ast-featured-img":"","footer-sml-layout":"","theme-transparent-header-meta":"","adv-header-id-meta":"","stick-header-meta":"","header-above-stick-meta":"","header-main-stick-meta":"","header-below-stick-meta":"","astra-migrate-meta-layouts":"set","ast-page-background-enabled":"default","ast-page-background-meta":{"desktop":{"background-color":"var(--ast-global-color-4)","background-image":"","background-repeat":"repeat","background-position":"center center","background-size":"auto","background-attachment":"scroll","background-type":"","background-media":"","overlay-type":"","overlay-color":"","overlay-opacity":"","overlay-gradient":""},"tablet":{"background-color":"","background-image":"","background-repeat":"repeat","background-position":"center center","background-size":"auto","background-attachment":"scroll","background-type":"","background-media":"","overlay-type":"","overlay-color":"","overlay-opacity":"","overlay-gradient":""},"mobile":{"background-color":"","background-image":"","background-repeat":"repeat","background-position":"center center","background-size":"auto","background-attachment":"scroll","background-type":"","background-media":"","overlay-type":"","overlay-color":"","overlay-opacity":"","overlay-gradient":""}},"ast-content-background-meta":{"desktop":{"background-color":"var(--ast-global-color-5)","background-image":"","background-repeat":"repeat","background-position":"center center","background-size":"auto","background-attachment":"scroll","background-type":"","background-media":"","overlay-type":"","overlay-color":"","overlay-opacity":"","overlay-gradient":""},"tablet":{"background-color":"var(--ast-global-color-5)","background-image":"","background-repeat":"repeat","background-position":"center center","background-size":"auto","background-attachment":"scroll","background-type":"","background-media":"","overlay-type":"","overlay-color":"","overlay-opacity":"","overlay-gradient":""},"mobile":{"background-color":"var(--ast-global-color-5)","background-image":"","background-repeat":"repeat","background-position":"center center","background-size":"auto","background-attachment":"scroll","background-type":"","background-media":"","overlay-type":"","overlay-color":"","overlay-opacity":"","overlay-gradient":""}},"footnotes":"","_expiration-date-status":"","_expiration-date":1730986497,"_expiration-date-type":"draft","_expiration-date-categories":[],"_expiration-date-options":[]},"class_list":["post-22927","page","type-page","status-publish","hentry"],"yoast_head":"<!-- This site is optimized with the Yoast SEO plugin v19.7.1 - https:\/\/yoast.com\/wordpress\/plugins\/seo\/ -->\n<title>Finbandytv - Suomen J\u00e4\u00e4palloliitto<\/title>\n<meta name=\"robots\" content=\"index, follow, max-snippet:-1, max-image-preview:large, max-video-preview:-1\" \/>\n<link rel=\"canonical\" href=\"https:\/\/www.finbandy.fi\/fi\/finbandytv\/\" \/>\n<meta property=\"og:locale\" content=\"fi_FI\" \/>\n<meta property=\"og:type\" content=\"article\" \/>\n<meta property=\"og:title\" content=\"Finbandytv - Suomen J\u00e4\u00e4palloliitto\" \/>\n<meta property=\"og:description\" content=\"Suomen J\u00e4\u00e4palloliitto on tehnyt sopimuksen ruotsalaisen Stayliven kanssa suoratoistopalvelun tekemisest\u00e4 Suomen J\u00e4\u00e4palloliitolle. Sopimuksen my\u00f6t\u00e4 on syntynyt j\u00e4\u00e4pallon uusi koti Finbandy TV, joka l\u00f6ytyy osoitteesta www.finbandytv.fi. Finbandy TV:n kautta kaudella 2024-2025 n\u00e4hd\u00e4\u00e4n kahdeksan runkosarjan ottelua. Finbandy TV:n ottelul\u00e4hetykset ovat maksullisia. Kausikortin Bandyliigan otteluihin, joka sis\u00e4lt\u00e4\u00e4 kaikki kahdeksan runkosarjan ottelua, voi ostaa hintaan 49,99 euroa. Sen lis\u00e4ksi [&hellip;]\" \/>\n<meta property=\"og:url\" content=\"https:\/\/www.finbandy.fi\/fi\/finbandytv\/\" \/>\n<meta property=\"og:site_name\" content=\"Suomen J\u00e4\u00e4palloliitto\" \/>\n<meta property=\"article:modified_time\" content=\"2024-11-07T13:37:16+00:00\" \/>\n<meta name=\"twitter:card\" content=\"summary_large_image\" \/>\n<meta name=\"twitter:label1\" content=\"Arvioitu lukuaika\" \/>\n\t<meta name=\"twitter:data1\" content=\"1 minuutti\" \/>\n<script type=\"application\/ld+json\" class=\"yoast-schema-graph\">{\"@context\":\"https:\/\/schema.org\",\"@graph\":[{\"@type\":\"WebPage\",\"@id\":\"https:\/\/www.finbandy.fi\/fi\/finbandytv\/\",\"url\":\"https:\/\/www.finbandy.fi\/fi\/finbandytv\/\",\"name\":\"Finbandytv - Suomen J\u00e4\u00e4palloliitto\",\"isPartOf\":{\"@id\":\"https:\/\/www.finbandy.fi\/fi\/#website\"},\"datePublished\":\"2024-11-01T13:42:49+00:00\",\"dateModified\":\"2024-11-07T13:37:16+00:00\",\"breadcrumb\":{\"@id\":\"https:\/\/www.finbandy.fi\/fi\/finbandytv\/#breadcrumb\"},\"inLanguage\":\"fi\",\"potentialAction\":[{\"@type\":\"ReadAction\",\"target\":[\"https:\/\/www.finbandy.fi\/fi\/finbandytv\/\"]}]},{\"@type\":\"BreadcrumbList\",\"@id\":\"https:\/\/www.finbandy.fi\/fi\/finbandytv\/#breadcrumb\",\"itemListElement\":[{\"@type\":\"ListItem\",\"position\":1,\"name\":\"Etusivu\",\"item\":\"https:\/\/www.finbandy.fi\/fi\/\"},{\"@type\":\"ListItem\",\"position\":2,\"name\":\"Finbandytv\"}]},{\"@type\":\"WebSite\",\"@id\":\"https:\/\/www.finbandy.fi\/fi\/#website\",\"url\":\"https:\/\/www.finbandy.fi\/fi\/\",\"name\":\"Suomen J\u00e4\u00e4palloliitto\",\"description\":\"\",\"potentialAction\":[{\"@type\":\"SearchAction\",\"target\":{\"@type\":\"EntryPoint\",\"urlTemplate\":\"https:\/\/www.finbandy.fi\/fi\/?s={search_term_string}\"},\"query-input\":\"required name=search_term_string\"}],\"inLanguage\":\"fi\"}]}<\/script>\n<!-- \/ Yoast SEO plugin. -->","yoast_head_json":{"title":"Finbandytv - Suomen J\u00e4\u00e4palloliitto","robots":{"index":"index","follow":"follow","max-snippet":"max-snippet:-1","max-image-preview":"max-image-preview:large","max-video-preview":"max-video-preview:-1"},"canonical":"https:\/\/www.finbandy.fi\/fi\/finbandytv\/","og_locale":"fi_FI","og_type":"article","og_title":"Finbandytv - Suomen J\u00e4\u00e4palloliitto","og_description":"Suomen J\u00e4\u00e4palloliitto on tehnyt sopimuksen ruotsalaisen Stayliven kanssa suoratoistopalvelun tekemisest\u00e4 Suomen J\u00e4\u00e4palloliitolle. Sopimuksen my\u00f6t\u00e4 on syntynyt j\u00e4\u00e4pallon uusi koti Finbandy TV, joka l\u00f6ytyy osoitteesta www.finbandytv.fi. Finbandy TV:n kautta kaudella 2024-2025 n\u00e4hd\u00e4\u00e4n kahdeksan runkosarjan ottelua. Finbandy TV:n ottelul\u00e4hetykset ovat maksullisia. Kausikortin Bandyliigan otteluihin, joka sis\u00e4lt\u00e4\u00e4 kaikki kahdeksan runkosarjan ottelua, voi ostaa hintaan 49,99 euroa. Sen lis\u00e4ksi [&hellip;]","og_url":"https:\/\/www.finbandy.fi\/fi\/finbandytv\/","og_site_name":"Suomen J\u00e4\u00e4palloliitto","article_modified_time":"2024-11-07T13:37:16+00:00","twitter_card":"summary_large_image","twitter_misc":{"Arvioitu lukuaika":"1 minuutti"},"schema":{"@context":"https:\/\/schema.org","@graph":[{"@type":"WebPage","@id":"https:\/\/www.finbandy.fi\/fi\/finbandytv\/","url":"https:\/\/www.finbandy.fi\/fi\/finbandytv\/","name":"Finbandytv - Suomen J\u00e4\u00e4palloliitto","isPartOf":{"@id":"https:\/\/www.finbandy.fi\/fi\/#website"},"datePublished":"2024-11-01T13:42:49+00:00","dateModified":"2024-11-07T13:37:16+00:00","breadcrumb":{"@id":"https:\/\/www.finbandy.fi\/fi\/finbandytv\/#breadcrumb"},"inLanguage":"fi","potentialAction":[{"@type":"ReadAction","target":["https:\/\/www.finbandy.fi\/fi\/finbandytv\/"]}]},{"@type":"BreadcrumbList","@id":"https:\/\/www.finbandy.fi\/fi\/finbandytv\/#breadcrumb","itemListElement":[{"@type":"ListItem","position":1,"name":"Etusivu","item":"https:\/\/www.finbandy.fi\/fi\/"},{"@type":"ListItem","position":2,"name":"Finbandytv"}]},{"@type":"WebSite","@id":"https:\/\/www.finbandy.fi\/fi\/#website","url":"https:\/\/www.finbandy.fi\/fi\/","name":"Suomen J\u00e4\u00e4palloliitto","description":"","potentialAction":[{"@type":"SearchAction","target":{"@type":"EntryPoint","urlTemplate":"https:\/\/www.finbandy.fi\/fi\/?s={search_term_string}"},"query-input":"required name=search_term_string"}],"inLanguage":"fi"}]}},"_links":{"self":[{"href":"https:\/\/www.finbandy.fi\/fi\/wp-json\/wp\/v2\/pages\/22927"}],"collection":[{"href":"https:\/\/www.finbandy.fi\/fi\/wp-json\/wp\/v2\/pages"}],"about":[{"href":"https:\/\/www.finbandy.fi\/fi\/wp-json\/wp\/v2\/types\/page"}],"author":[{"embeddable":true,"href":"https:\/\/www.finbandy.fi\/fi\/wp-json\/wp\/v2\/users\/21"}],"replies":[{"embeddable":true,"href":"https:\/\/www.finbandy.fi\/fi\/wp-json\/wp\/v2\/comments?post=22927"}],"version-history":[{"count":2,"href":"https:\/\/www.finbandy.fi\/fi\/wp-json\/wp\/v2\/pages\/22927\/revisions"}],"predecessor-version":[{"id":22972,"href":"https:\/\/www.finbandy.fi\/fi\/wp-json\/wp\/v2\/pages\/22927\/revisions\/22972"}],"wp:attachment":[{"href":"https:\/\/www.finbandy.fi\/fi\/wp-json\/wp\/v2\/media?parent=22927"}],"curies":[{"name":"wp","href":"https:\/\/api.w.org\/{rel}","templated":true}]}}