{"id":23,"date":"2013-11-07T13:34:08","date_gmt":"2013-11-07T11:34:08","guid":{"rendered":"https:\/\/www.finbandy.fi\/fi\/?page_id=23"},"modified":"2019-04-24T13:08:19","modified_gmt":"2019-04-24T10:08:19","slug":"linkit","status":"publish","type":"page","link":"https:\/\/www.finbandy.fi\/fi\/uutiset\/linkit\/","title":{"rendered":"Linkit"},"content":{"rendered":"<div id=\"wp_fb_like_button\" style=\"margin:5px 0;float:none;height:50px;\"><script src=\"http:\/\/connect.facebook.net\/en_US\/all.js#xfbml=1\"><\/script><fb:like href=\"https:\/\/www.finbandy.fi\/fi\/uutiset\/linkit\/\" send=\"true\" layout=\"button_count\" width=\"400\" show_faces=\"false\" font=\"arial\" action=\"like\" colorscheme=\"light\"><\/fb:like><\/div><h3>J\u00e4\u00e4palloon ja urheiluun liittyvi\u00e4 kotisivuja<\/h3>\n<p><strong>Suomi, Bandyliiga<br \/>\n<\/strong><\/p>\n<p><a href=\"http:\/\/bandy.akilles.fi\/\">Akilles<br \/>\n<\/a><\/p>\n<p><a href=\"http:\/\/botniabandy.fi\/\">Botnia<br \/>\n<\/a><\/p>\n<p><a href=\"http:\/\/www.hifk-bandy.fi\/\">HIFK<\/a><\/p>\n<p><a href=\"http:\/\/www.jps.fi\/\">JPS<br \/>\n<\/a><\/p>\n<p><a href=\"http:\/\/www.kampparit.fi\/\">Kampparit<\/a><\/p>\n<p><a href=\"http:\/\/lrk.kotisivukone.com\/\">LRK<\/a>, Tornio<\/p>\n<p><a href=\"http:\/\/www.porinnarukera.fi\/\">Naruker\u00e4<\/a><\/p>\n<p><a href=\"http:\/\/www.jaapallo.ols.fi\/\">OLS<\/a><\/p>\n<p><a href=\"http:\/\/www.veitera.fi\/\">Veiter\u00e4<\/a><\/p>\n<p><a href=\"http:\/\/www.wp35.net\/\">WP 35<\/a><\/p>\n<p><strong>Muita SJPL:n j\u00e4senyhdistysten kotisivuja:<br \/>\n<\/strong><\/p>\n<p><a href=\"http:\/\/www.bewesport.fi\/2006\/\">Bewe-Sport<\/a><\/p>\n<p><a href=\"https:\/\/sites.google.com\/site\/ekopa75ry\/\">Ekopa<\/a><\/p>\n<p><a href=\"http:\/\/www.kaukalopallo.fi\/\">Helsingin kaukalopallo<\/a><\/p>\n<p><a href=\"http:\/\/www.svenskalag.se\/HaparandaSKT\">HSKT<\/a><\/p>\n<p><a href=\"http:\/\/www.pasabandy.fi\/\">PaSa Bandy Imatra<\/a><\/p>\n<p><a class=\"MsoNormal\" style=\"text-align: left;\" href=\"http:\/\/www.tobk.net\/\">Tolkkis Bollklub<\/a><\/p>\n<p><a href=\"http:\/\/www.topv.net\/\">ToPV<\/a><\/p>\n<p><a href=\"http:\/\/www.toolonvesa.com\/\">T\u00f6\u00f6l\u00f6n Vesa<\/a><\/p>\n<p><a href=\"http:\/\/www.uifk.fi\/\">Ule\u00e5borgs IFK<\/a><\/p>\n<p><a href=\"http:\/\/vesta-bandy.net\/\">Vesta<\/a><\/p>\n<p><a href=\"http:\/\/wiipurinsudet.fi\/\">Wiipurin Sudet<\/a><\/p>\n<p>Veitsiluodon Vastus,<a href=\"https:\/\/www.facebook.com\/pages\/Veitsiluodon-Vastus-Naiset\/498228153531709\"> naiset facebook<\/a><\/p>\n<p><a href=\"http:\/\/www.finbandy.fi\/helsinki\/\">Helsingin piiri<\/a><\/p>\n<p><a href=\"http:\/\/www.luisteluareena.com\/\">Helsingin luisteluAreena<\/a><\/p>\n<p style=\"text-align: left;\">Erotuomarikerhot<\/p>\n<p><a href=\"http:\/\/jvek.fi\/\">J\u00e4\u00e4pallon valioerotuomarit<\/a><\/p>\n<p class=\"MsoNormal\" style=\"text-align: left;\"><a href=\"http:\/\/www.hek.fi\/\">Helsingin erotuomarikerho<\/a><\/p>\n<p><a href=\"http:\/\/www.oulunerotuomarikerho.net\/\">Oulun erotuomarikerho<\/a><\/p>\n<p class=\"MsoNormal\" style=\"text-align: left;\"><a href=\"http:\/\/varkaudenurheiluseurat.fi\/yhteystiedot\/jasenyhdistykset\/varkauden-erotuomarikerho-ry\/\">Varkauden erotuomarikerho<\/a><\/p>\n<p><a href=\"https:\/\/www.facebook.com\/pages\/J%C3%A4%C3%A4pallon-yst%C3%A4v%C3%A4t\/116404281753861\">J\u00e4\u00e4pallon yst\u00e4v\u00e4t Facebook sivusto<\/a><\/p>\n<p><a href=\"http:\/\/ukbandycup.omasivu.fi\/\">Etel\u00e4-Karjalan harrastesarja<\/a><\/p>\n<p>Kv. kotisivuja<\/p>\n<p><a href=\"http:\/\/www.worldbandy.com\/\">Kv. j\u00e4\u00e4palloliitto<\/a><\/p>\n<p>Muut maat<\/p>\n<p><a href=\"http:\/\/iof1.idrottonline.se\/SvenskaBandyforbundet\/\">Ruotsin j\u00e4\u00e4palloliitto<\/a><\/p>\n<p><strong>Ruotsalaisia fanisivuja<br \/>\n<\/strong><\/p>\n<p><a href=\"http:\/\/www.svenskafans.com\/bandy\/\">Svenska fans<\/a><\/p>\n<p><a href=\"http:\/\/bandyfeber.com\/\">Bandyfeber<\/a><\/p>\n<p><a href=\"http:\/\/www.bandyworld.se\/\">Bandyworld.se<\/a><\/p>\n<p><a href=\"http:\/\/www.bandysidan.nu\/\">Bandysidan.nu<\/a><\/p>\n<p><a href=\"http:\/\/bandypuls.se\/\">Bandypuls.se<\/a><\/p>\n<p><a href=\"http:\/\/www.rusbandy.ru\/\">Ven\u00e4j\u00e4n j\u00e4\u00e4palloliitto<\/a><br \/>\n<a href=\"http:\/\/bandynet.ru\/\">Ven\u00e4l\u00e4inen fanisivusto<\/a><br \/>\n<a href=\"http:\/\/translate.google.fi\/translate?hl=fi&amp;sl=ru&amp;u=http:\/\/www.rusbandy.ru\/&amp;prev=\/search%3Fq%3Drusbandy%26biw%3D1366%26bih%3D664\">google k\u00e4\u00e4nt\u00e4j\u00e4<\/a><\/p>\n<p><a href=\"http:\/\/www.bandyforbundet.no\/bandy\/\">Norjan J\u00e4\u00e4palloliitto<\/a><\/p>\n<p><a href=\"http:\/\/www.usabandy.com\/\">USA:n j\u00e4\u00e4palloliitto<\/a><\/p>\n<p><a href=\"http:\/\/www.bandybond.nl\/\">Hollannin j\u00e4\u00e4palloliitto<\/a><\/p>\n<p><a href=\"https:\/\/bandyjapan.jimdofree.com\/\">Japanin j\u00e4\u00e4palloliitto,\u00a0<\/a>\u00a0<a href=\"http:\/\/translate.google.fi\/translate?hl=fi&amp;sl=ja&amp;tl=fi&amp;u=https%3A%2F%2Fbandyjapan.jimdofree.com%2F&amp;sandbox=1\">google k\u00e4\u00e4nt\u00e4j\u00e4<\/a><\/p>\n<p><a href=\"http:\/\/www.chinabandy.org\/#modern-organic-thai\">Kiinan j\u00e4\u00e4palloliitto,<\/a>\u00a0<a href=\"http:\/\/translate.google.fi\/translate?hl=fi&amp;sl=zh-CN&amp;tl=fi&amp;u=http%3A%2F%2Fwww.chinabandy.org%2F\">google k\u00e4\u00e4nt\u00e4j\u00e4<\/a><\/p>\n<p><a href=\"http:\/\/www.gbbandyfederation.uk\/home-page\">Englannin j\u00e4\u00e4palloliitto<\/a><\/p>\n<p><a href=\"http:\/\/www.bandy.lv\/\">Latvian j\u00e4\u00e4palloliitto<\/a><\/p>\n<p><a href=\"http:\/\/bandy-bund.de\/index.php?page=news\">Saksan j\u00e4\u00e4palloliitto<\/a><\/p>\n<p><a href=\"https:\/\/www.facebook.com\/Slovak-Bandy-642621149275457\/\">Slovakian j\u00e4\u00e4palloliitto<\/a><\/p>\n<p><a href=\"http:\/\/www.swissbandy.ch\/\">Sveitsin j\u00e4\u00e4palloliitto<\/a><\/p>\n<p><a href=\"http:\/\/www.czechbandy.cz\/\">Tsekin j\u00e4\u00e4palloliitto <\/a><\/p>\n<p><a href=\"http:\/\/ukrbandy.org.ua\/index_en.html\">Ukrainan j\u00e4\u00e4palloliitto<\/a><\/p>\n<p><a href=\"http:\/\/bandy.hu\/\/index.php?lang=hungarian\">Unkari, Budabest Rangers<\/a><\/p>\n<p><a href=\"http:\/\/www.somaliabandy.com\/\">Somalian j\u00e4\u00e4palloliitto<\/a><\/p>\n<p><a href=\"http:\/\/www.patinajesobrehielo.org.co\/category\/bandy\/\">Columbian j\u00e4\u00e4palloliitto<\/a><\/p>\n<p>Armenia<\/p>\n<p>Afganistan<\/p>\n<p>Intia<\/p>\n<p>Kanada<\/p>\n<p>Mongolia<\/p>\n<p>Viro<\/p>\n<p><a href=\"http:\/\/www.worldbandy.com\/members.html\">FIB:n j\u00e4senmaat<\/a><\/p>\n<p>27 j\u00e4senmaata 22.8.2018<\/p>\n<p>Muita sivuja<\/p>\n<p><a href=\"http:\/\/www.minedu.fi\/OPM\/\">Opetus- ja kulttuuriministeri\u00f6<\/a><\/p>\n<p><a href=\"https:\/\/www.olympiakomitea.fi\/\">Olympiakomitea<\/a><\/p>\n<p><a href=\"https:\/\/www.suek.fi\/\">Suomen urheilun eettinen keskus SUEK ry<\/a><\/p>\n<h3 class=\"r\"><\/h3>\n","protected":false},"excerpt":{"rendered":"<p>J\u00e4\u00e4palloon ja urheiluun liittyvi\u00e4 kotisivuja Suomi, Bandyliiga Akilles Botnia HIFK JPS Kampparit LRK, Tornio Naruker\u00e4 OLS Veiter\u00e4 WP 35 Muita SJPL:n j\u00e4senyhdistysten kotisivuja: Bewe-Sport Ekopa Helsingin kaukalopallo HSKT PaSa Bandy Imatra Tolkkis Bollklub ToPV T\u00f6\u00f6l\u00f6n Vesa Ule\u00e5borgs IFK Vesta Wiipurin Sudet Veitsiluodon Vastus, naiset facebook Helsingin piiri Helsingin luisteluAreena Erotuomarikerhot J\u00e4\u00e4pallon valioerotuomarit Helsingin erotuomarikerho Oulun [&hellip;]<\/p>\n","protected":false},"author":1,"featured_media":0,"parent":11,"menu_order":7,"comment_status":"open","ping_status":"open","template":"yksittainen.php","meta":{"_monsterinsights_skip_tracking":false,"_monsterinsights_sitenote_active":false,"_monsterinsights_sitenote_note":"","_monsterinsights_sitenote_category":0,"site-sidebar-layout":"default","site-content-layout":"","ast-site-content-layout":"","site-content-style":"default","site-sidebar-style":"default","ast-global-header-display":"","ast-banner-title-visibility":"","ast-main-header-display":"","ast-hfb-above-header-display":"","ast-hfb-below-header-display":"","ast-hfb-mobile-header-display":"","site-post-title":"","ast-breadcrumbs-content":"","ast-featured-img":"","footer-sml-layout":"","theme-transparent-header-meta":"","adv-header-id-meta":"","stick-header-meta":"","header-above-stick-meta":"","header-main-stick-meta":"","header-below-stick-meta":"","astra-migrate-meta-layouts":"default","ast-page-background-enabled":"default","ast-page-background-meta":{"desktop":{"background-color":"var(--ast-global-color-4)","background-image":"","background-repeat":"repeat","background-position":"center center","background-size":"auto","background-attachment":"scroll","background-type":"","background-media":"","overlay-type":"","overlay-color":"","overlay-opacity":"","overlay-gradient":""},"tablet":{"background-color":"","background-image":"","background-repeat":"repeat","background-position":"center center","background-size":"auto","background-attachment":"scroll","background-type":"","background-media":"","overlay-type":"","overlay-color":"","overlay-opacity":"","overlay-gradient":""},"mobile":{"background-color":"","background-image":"","background-repeat":"repeat","background-position":"center center","background-size":"auto","background-attachment":"scroll","background-type":"","background-media":"","overlay-type":"","overlay-color":"","overlay-opacity":"","overlay-gradient":""}},"ast-content-background-meta":{"desktop":{"background-color":"var(--ast-global-color-5)","background-image":"","background-repeat":"repeat","background-position":"center center","background-size":"auto","background-attachment":"scroll","background-type":"","background-media":"","overlay-type":"","overlay-color":"","overlay-opacity":"","overlay-gradient":""},"tablet":{"background-color":"var(--ast-global-color-5)","background-image":"","background-repeat":"repeat","background-position":"center center","background-size":"auto","background-attachment":"scroll","background-type":"","background-media":"","overlay-type":"","overlay-color":"","overlay-opacity":"","overlay-gradient":""},"mobile":{"background-color":"var(--ast-global-color-5)","background-image":"","background-repeat":"repeat","background-position":"center center","background-size":"auto","background-attachment":"scroll","background-type":"","background-media":"","overlay-type":"","overlay-color":"","overlay-opacity":"","overlay-gradient":""}},"footnotes":"","_expiration-date-status":"saved","_expiration-date":0,"_expiration-date-type":"","_expiration-date-categories":[],"_expiration-date-options":[]},"class_list":["post-23","page","type-page","status-publish","hentry"],"yoast_head":"<!-- This site is optimized with the Yoast SEO plugin v19.7.1 - https:\/\/yoast.com\/wordpress\/plugins\/seo\/ -->\n<title>Linkit - Suomen J\u00e4\u00e4palloliitto<\/title>\n<meta name=\"robots\" content=\"index, follow, max-snippet:-1, max-image-preview:large, max-video-preview:-1\" \/>\n<link rel=\"canonical\" href=\"https:\/\/www.finbandy.fi\/fi\/uutiset\/linkit\/\" \/>\n<meta property=\"og:locale\" content=\"fi_FI\" \/>\n<meta property=\"og:type\" content=\"article\" \/>\n<meta property=\"og:title\" content=\"Linkit - Suomen J\u00e4\u00e4palloliitto\" \/>\n<meta property=\"og:description\" content=\"J\u00e4\u00e4palloon ja urheiluun liittyvi\u00e4 kotisivuja Suomi, Bandyliiga Akilles Botnia HIFK JPS Kampparit LRK, Tornio Naruker\u00e4 OLS Veiter\u00e4 WP 35 Muita SJPL:n j\u00e4senyhdistysten kotisivuja: Bewe-Sport Ekopa Helsingin kaukalopallo HSKT PaSa Bandy Imatra Tolkkis Bollklub ToPV T\u00f6\u00f6l\u00f6n Vesa Ule\u00e5borgs IFK Vesta Wiipurin Sudet Veitsiluodon Vastus, naiset facebook Helsingin piiri Helsingin luisteluAreena Erotuomarikerhot J\u00e4\u00e4pallon valioerotuomarit Helsingin erotuomarikerho Oulun [&hellip;]\" \/>\n<meta property=\"og:url\" content=\"https:\/\/www.finbandy.fi\/fi\/uutiset\/linkit\/\" \/>\n<meta property=\"og:site_name\" content=\"Suomen J\u00e4\u00e4palloliitto\" \/>\n<meta property=\"article:modified_time\" content=\"2019-04-24T10:08:19+00:00\" \/>\n<meta name=\"twitter:card\" content=\"summary_large_image\" \/>\n<meta name=\"twitter:label1\" content=\"Arvioitu lukuaika\" \/>\n\t<meta name=\"twitter:data1\" content=\"1 minuutti\" \/>\n<script type=\"application\/ld+json\" class=\"yoast-schema-graph\">{\"@context\":\"https:\/\/schema.org\",\"@graph\":[{\"@type\":\"WebPage\",\"@id\":\"https:\/\/www.finbandy.fi\/fi\/uutiset\/linkit\/\",\"url\":\"https:\/\/www.finbandy.fi\/fi\/uutiset\/linkit\/\",\"name\":\"Linkit - Suomen J\u00e4\u00e4palloliitto\",\"isPartOf\":{\"@id\":\"https:\/\/www.finbandy.fi\/fi\/#website\"},\"datePublished\":\"2013-11-07T11:34:08+00:00\",\"dateModified\":\"2019-04-24T10:08:19+00:00\",\"breadcrumb\":{\"@id\":\"https:\/\/www.finbandy.fi\/fi\/uutiset\/linkit\/#breadcrumb\"},\"inLanguage\":\"fi\",\"potentialAction\":[{\"@type\":\"ReadAction\",\"target\":[\"https:\/\/www.finbandy.fi\/fi\/uutiset\/linkit\/\"]}]},{\"@type\":\"BreadcrumbList\",\"@id\":\"https:\/\/www.finbandy.fi\/fi\/uutiset\/linkit\/#breadcrumb\",\"itemListElement\":[{\"@type\":\"ListItem\",\"position\":1,\"name\":\"Etusivu\",\"item\":\"https:\/\/www.finbandy.fi\/fi\/\"},{\"@type\":\"ListItem\",\"position\":2,\"name\":\"Uutiset\",\"item\":\"https:\/\/www.finbandy.fi\/fi\/uutiset\/\"},{\"@type\":\"ListItem\",\"position\":3,\"name\":\"Linkit\"}]},{\"@type\":\"WebSite\",\"@id\":\"https:\/\/www.finbandy.fi\/fi\/#website\",\"url\":\"https:\/\/www.finbandy.fi\/fi\/\",\"name\":\"Suomen J\u00e4\u00e4palloliitto\",\"description\":\"\",\"potentialAction\":[{\"@type\":\"SearchAction\",\"target\":{\"@type\":\"EntryPoint\",\"urlTemplate\":\"https:\/\/www.finbandy.fi\/fi\/?s={search_term_string}\"},\"query-input\":\"required name=search_term_string\"}],\"inLanguage\":\"fi\"}]}<\/script>\n<!-- \/ Yoast SEO plugin. -->","yoast_head_json":{"title":"Linkit - Suomen J\u00e4\u00e4palloliitto","robots":{"index":"index","follow":"follow","max-snippet":"max-snippet:-1","max-image-preview":"max-image-preview:large","max-video-preview":"max-video-preview:-1"},"canonical":"https:\/\/www.finbandy.fi\/fi\/uutiset\/linkit\/","og_locale":"fi_FI","og_type":"article","og_title":"Linkit - Suomen J\u00e4\u00e4palloliitto","og_description":"J\u00e4\u00e4palloon ja urheiluun liittyvi\u00e4 kotisivuja Suomi, Bandyliiga Akilles Botnia HIFK JPS Kampparit LRK, Tornio Naruker\u00e4 OLS Veiter\u00e4 WP 35 Muita SJPL:n j\u00e4senyhdistysten kotisivuja: Bewe-Sport Ekopa Helsingin kaukalopallo HSKT PaSa Bandy Imatra Tolkkis Bollklub ToPV T\u00f6\u00f6l\u00f6n Vesa Ule\u00e5borgs IFK Vesta Wiipurin Sudet Veitsiluodon Vastus, naiset facebook Helsingin piiri Helsingin luisteluAreena Erotuomarikerhot J\u00e4\u00e4pallon valioerotuomarit Helsingin erotuomarikerho Oulun [&hellip;]","og_url":"https:\/\/www.finbandy.fi\/fi\/uutiset\/linkit\/","og_site_name":"Suomen J\u00e4\u00e4palloliitto","article_modified_time":"2019-04-24T10:08:19+00:00","twitter_card":"summary_large_image","twitter_misc":{"Arvioitu lukuaika":"1 minuutti"},"schema":{"@context":"https:\/\/schema.org","@graph":[{"@type":"WebPage","@id":"https:\/\/www.finbandy.fi\/fi\/uutiset\/linkit\/","url":"https:\/\/www.finbandy.fi\/fi\/uutiset\/linkit\/","name":"Linkit - Suomen J\u00e4\u00e4palloliitto","isPartOf":{"@id":"https:\/\/www.finbandy.fi\/fi\/#website"},"datePublished":"2013-11-07T11:34:08+00:00","dateModified":"2019-04-24T10:08:19+00:00","breadcrumb":{"@id":"https:\/\/www.finbandy.fi\/fi\/uutiset\/linkit\/#breadcrumb"},"inLanguage":"fi","potentialAction":[{"@type":"ReadAction","target":["https:\/\/www.finbandy.fi\/fi\/uutiset\/linkit\/"]}]},{"@type":"BreadcrumbList","@id":"https:\/\/www.finbandy.fi\/fi\/uutiset\/linkit\/#breadcrumb","itemListElement":[{"@type":"ListItem","position":1,"name":"Etusivu","item":"https:\/\/www.finbandy.fi\/fi\/"},{"@type":"ListItem","position":2,"name":"Uutiset","item":"https:\/\/www.finbandy.fi\/fi\/uutiset\/"},{"@type":"ListItem","position":3,"name":"Linkit"}]},{"@type":"WebSite","@id":"https:\/\/www.finbandy.fi\/fi\/#website","url":"https:\/\/www.finbandy.fi\/fi\/","name":"Suomen J\u00e4\u00e4palloliitto","description":"","potentialAction":[{"@type":"SearchAction","target":{"@type":"EntryPoint","urlTemplate":"https:\/\/www.finbandy.fi\/fi\/?s={search_term_string}"},"query-input":"required name=search_term_string"}],"inLanguage":"fi"}]}},"_links":{"self":[{"href":"https:\/\/www.finbandy.fi\/fi\/wp-json\/wp\/v2\/pages\/23"}],"collection":[{"href":"https:\/\/www.finbandy.fi\/fi\/wp-json\/wp\/v2\/pages"}],"about":[{"href":"https:\/\/www.finbandy.fi\/fi\/wp-json\/wp\/v2\/types\/page"}],"author":[{"embeddable":true,"href":"https:\/\/www.finbandy.fi\/fi\/wp-json\/wp\/v2\/users\/1"}],"replies":[{"embeddable":true,"href":"https:\/\/www.finbandy.fi\/fi\/wp-json\/wp\/v2\/comments?post=23"}],"version-history":[{"count":69,"href":"https:\/\/www.finbandy.fi\/fi\/wp-json\/wp\/v2\/pages\/23\/revisions"}],"predecessor-version":[{"id":16046,"href":"https:\/\/www.finbandy.fi\/fi\/wp-json\/wp\/v2\/pages\/23\/revisions\/16046"}],"up":[{"embeddable":true,"href":"https:\/\/www.finbandy.fi\/fi\/wp-json\/wp\/v2\/pages\/11"}],"wp:attachment":[{"href":"https:\/\/www.finbandy.fi\/fi\/wp-json\/wp\/v2\/media?parent=23"}],"curies":[{"name":"wp","href":"https:\/\/api.w.org\/{rel}","templated":true}]}}