{"id":24154,"date":"2025-11-20T21:44:04","date_gmt":"2025-11-20T19:44:04","guid":{"rendered":"https:\/\/www.finbandy.fi\/fi\/?page_id=24154"},"modified":"2025-11-20T21:51:35","modified_gmt":"2025-11-20T19:51:35","slug":"jaapallon-mm-kisat-2","status":"publish","type":"page","link":"https:\/\/www.finbandy.fi\/fi\/jaapallon-mm-kisat-2\/","title":{"rendered":"J\u00e4\u00e4pallon MM-kisat"},"content":{"rendered":"<div id=\"wp_fb_like_button\" style=\"margin:5px 0;float:none;height:50px;\"><script src=\"http:\/\/connect.facebook.net\/en_US\/all.js#xfbml=1\"><\/script><fb:like href=\"https:\/\/www.finbandy.fi\/fi\/jaapallon-mm-kisat-2\/\" send=\"true\" layout=\"button_count\" width=\"400\" show_faces=\"false\" font=\"arial\" action=\"like\" colorscheme=\"light\"><\/fb:like><\/div>\n\n\n<p>J\u00e4\u00e4pallon MM-kisat pelataan 25 vuoden tauon j\u00e4lkeen Suomessa ja Porissa 12.-18.1.2025. Viralliset MM-kisasivut l\u00f6ytyv\u00e4t osoitteesta\u00a0<a href=\"https:\/\/www.bandywc2026.fi\/\">https:\/\/www.bandywc2026.fi\/<\/a>.<\/p>\n<p>\u00a0<\/p>\n\n\n\n<p><img fetchpriority=\"high\" decoding=\"async\" class=\"alignnone size-medium wp-image-24025\" src=\"https:\/\/www.finbandy.fi\/fi\/wp-content\/uploads\/2025\/11\/BANDY2026_VISU_1920x1080-600x338.jpg\" alt=\"\" width=\"600\" height=\"338\" srcset=\"https:\/\/www.finbandy.fi\/fi\/wp-content\/uploads\/2025\/11\/BANDY2026_VISU_1920x1080-600x338.jpg 600w, https:\/\/www.finbandy.fi\/fi\/wp-content\/uploads\/2025\/11\/BANDY2026_VISU_1920x1080-300x169.jpg 300w, https:\/\/www.finbandy.fi\/fi\/wp-content\/uploads\/2025\/11\/BANDY2026_VISU_1920x1080-768x432.jpg 768w, https:\/\/www.finbandy.fi\/fi\/wp-content\/uploads\/2025\/11\/BANDY2026_VISU_1920x1080-1536x864.jpg 1536w, https:\/\/www.finbandy.fi\/fi\/wp-content\/uploads\/2025\/11\/BANDY2026_VISU_1920x1080.jpg 1920w\" sizes=\"(max-width: 600px) 100vw, 600px\" \/><\/p>\n","protected":false},"excerpt":{"rendered":"<p>J\u00e4\u00e4pallon MM-kisat pelataan 25 vuoden tauon j\u00e4lkeen Suomessa ja Porissa 12.-18.1.2025. Viralliset MM-kisasivut l\u00f6ytyv\u00e4t osoitteesta\u00a0https:\/\/www.bandywc2026.fi\/. \u00a0<\/p>\n","protected":false},"author":21,"featured_media":0,"parent":0,"menu_order":0,"comment_status":"closed","ping_status":"closed","template":"","meta":{"_monsterinsights_skip_tracking":false,"_monsterinsights_sitenote_active":false,"_monsterinsights_sitenote_note":"","_monsterinsights_sitenote_category":0,"site-sidebar-layout":"default","site-content-layout":"","ast-site-content-layout":"default","site-content-style":"default","site-sidebar-style":"default","ast-global-header-display":"","ast-banner-title-visibility":"","ast-main-header-display":"","ast-hfb-above-header-display":"","ast-hfb-below-header-display":"","ast-hfb-mobile-header-display":"","site-post-title":"","ast-breadcrumbs-content":"","ast-featured-img":"","footer-sml-layout":"","theme-transparent-header-meta":"","adv-header-id-meta":"","stick-header-meta":"","header-above-stick-meta":"","header-main-stick-meta":"","header-below-stick-meta":"","astra-migrate-meta-layouts":"set","ast-page-background-enabled":"default","ast-page-background-meta":{"desktop":{"background-color":"var(--ast-global-color-4)","background-image":"","background-repeat":"repeat","background-position":"center center","background-size":"auto","background-attachment":"scroll","background-type":"","background-media":"","overlay-type":"","overlay-color":"","overlay-opacity":"","overlay-gradient":""},"tablet":{"background-color":"","background-image":"","background-repeat":"repeat","background-position":"center center","background-size":"auto","background-attachment":"scroll","background-type":"","background-media":"","overlay-type":"","overlay-color":"","overlay-opacity":"","overlay-gradient":""},"mobile":{"background-color":"","background-image":"","background-repeat":"repeat","background-position":"center center","background-size":"auto","background-attachment":"scroll","background-type":"","background-media":"","overlay-type":"","overlay-color":"","overlay-opacity":"","overlay-gradient":""}},"ast-content-background-meta":{"desktop":{"background-color":"var(--ast-global-color-5)","background-image":"","background-repeat":"repeat","background-position":"center center","background-size":"auto","background-attachment":"scroll","background-type":"","background-media":"","overlay-type":"","overlay-color":"","overlay-opacity":"","overlay-gradient":""},"tablet":{"background-color":"var(--ast-global-color-5)","background-image":"","background-repeat":"repeat","background-position":"center center","background-size":"auto","background-attachment":"scroll","background-type":"","background-media":"","overlay-type":"","overlay-color":"","overlay-opacity":"","overlay-gradient":""},"mobile":{"background-color":"var(--ast-global-color-5)","background-image":"","background-repeat":"repeat","background-position":"center center","background-size":"auto","background-attachment":"scroll","background-type":"","background-media":"","overlay-type":"","overlay-color":"","overlay-opacity":"","overlay-gradient":""}},"footnotes":"","_expiration-date-status":"","_expiration-date":0,"_expiration-date-type":"","_expiration-date-categories":[],"_expiration-date-options":[]},"class_list":["post-24154","page","type-page","status-publish","hentry"],"yoast_head":"<!-- This site is optimized with the Yoast SEO plugin v19.7.1 - https:\/\/yoast.com\/wordpress\/plugins\/seo\/ -->\n<title>J\u00e4\u00e4pallon MM-kisat - Suomen J\u00e4\u00e4palloliitto<\/title>\n<meta name=\"robots\" content=\"index, follow, max-snippet:-1, max-image-preview:large, max-video-preview:-1\" \/>\n<link rel=\"canonical\" href=\"https:\/\/www.finbandy.fi\/fi\/jaapallon-mm-kisat-2\/\" \/>\n<meta property=\"og:locale\" content=\"fi_FI\" \/>\n<meta property=\"og:type\" content=\"article\" \/>\n<meta property=\"og:title\" content=\"J\u00e4\u00e4pallon MM-kisat - Suomen J\u00e4\u00e4palloliitto\" \/>\n<meta property=\"og:description\" content=\"J\u00e4\u00e4pallon MM-kisat pelataan 25 vuoden tauon j\u00e4lkeen Suomessa ja Porissa 12.-18.1.2025. Viralliset MM-kisasivut l\u00f6ytyv\u00e4t osoitteesta\u00a0https:\/\/www.bandywc2026.fi\/. \u00a0\" \/>\n<meta property=\"og:url\" content=\"https:\/\/www.finbandy.fi\/fi\/jaapallon-mm-kisat-2\/\" \/>\n<meta property=\"og:site_name\" content=\"Suomen J\u00e4\u00e4palloliitto\" \/>\n<meta property=\"article:modified_time\" content=\"2025-11-20T19:51:35+00:00\" \/>\n<meta property=\"og:image\" content=\"https:\/\/www.finbandy.fi\/fi\/wp-content\/uploads\/2025\/11\/BANDY2026_VISU_1920x1080-600x338.jpg\" \/>\n<meta name=\"twitter:card\" content=\"summary_large_image\" \/>\n<meta name=\"twitter:label1\" content=\"Arvioitu lukuaika\" \/>\n\t<meta name=\"twitter:data1\" content=\"1 minuutti\" \/>\n<script type=\"application\/ld+json\" class=\"yoast-schema-graph\">{\"@context\":\"https:\/\/schema.org\",\"@graph\":[{\"@type\":\"WebPage\",\"@id\":\"https:\/\/www.finbandy.fi\/fi\/jaapallon-mm-kisat-2\/\",\"url\":\"https:\/\/www.finbandy.fi\/fi\/jaapallon-mm-kisat-2\/\",\"name\":\"J\u00e4\u00e4pallon MM-kisat - Suomen J\u00e4\u00e4palloliitto\",\"isPartOf\":{\"@id\":\"https:\/\/www.finbandy.fi\/fi\/#website\"},\"datePublished\":\"2025-11-20T19:44:04+00:00\",\"dateModified\":\"2025-11-20T19:51:35+00:00\",\"breadcrumb\":{\"@id\":\"https:\/\/www.finbandy.fi\/fi\/jaapallon-mm-kisat-2\/#breadcrumb\"},\"inLanguage\":\"fi\",\"potentialAction\":[{\"@type\":\"ReadAction\",\"target\":[\"https:\/\/www.finbandy.fi\/fi\/jaapallon-mm-kisat-2\/\"]}]},{\"@type\":\"BreadcrumbList\",\"@id\":\"https:\/\/www.finbandy.fi\/fi\/jaapallon-mm-kisat-2\/#breadcrumb\",\"itemListElement\":[{\"@type\":\"ListItem\",\"position\":1,\"name\":\"Etusivu\",\"item\":\"https:\/\/www.finbandy.fi\/fi\/\"},{\"@type\":\"ListItem\",\"position\":2,\"name\":\"J\u00e4\u00e4pallon MM-kisat\"}]},{\"@type\":\"WebSite\",\"@id\":\"https:\/\/www.finbandy.fi\/fi\/#website\",\"url\":\"https:\/\/www.finbandy.fi\/fi\/\",\"name\":\"Suomen J\u00e4\u00e4palloliitto\",\"description\":\"\",\"potentialAction\":[{\"@type\":\"SearchAction\",\"target\":{\"@type\":\"EntryPoint\",\"urlTemplate\":\"https:\/\/www.finbandy.fi\/fi\/?s={search_term_string}\"},\"query-input\":\"required name=search_term_string\"}],\"inLanguage\":\"fi\"}]}<\/script>\n<!-- \/ Yoast SEO plugin. -->","yoast_head_json":{"title":"J\u00e4\u00e4pallon MM-kisat - Suomen J\u00e4\u00e4palloliitto","robots":{"index":"index","follow":"follow","max-snippet":"max-snippet:-1","max-image-preview":"max-image-preview:large","max-video-preview":"max-video-preview:-1"},"canonical":"https:\/\/www.finbandy.fi\/fi\/jaapallon-mm-kisat-2\/","og_locale":"fi_FI","og_type":"article","og_title":"J\u00e4\u00e4pallon MM-kisat - Suomen J\u00e4\u00e4palloliitto","og_description":"J\u00e4\u00e4pallon MM-kisat pelataan 25 vuoden tauon j\u00e4lkeen Suomessa ja Porissa 12.-18.1.2025. Viralliset MM-kisasivut l\u00f6ytyv\u00e4t osoitteesta\u00a0https:\/\/www.bandywc2026.fi\/. \u00a0","og_url":"https:\/\/www.finbandy.fi\/fi\/jaapallon-mm-kisat-2\/","og_site_name":"Suomen J\u00e4\u00e4palloliitto","article_modified_time":"2025-11-20T19:51:35+00:00","og_image":[{"url":"https:\/\/www.finbandy.fi\/fi\/wp-content\/uploads\/2025\/11\/BANDY2026_VISU_1920x1080-600x338.jpg"}],"twitter_card":"summary_large_image","twitter_misc":{"Arvioitu lukuaika":"1 minuutti"},"schema":{"@context":"https:\/\/schema.org","@graph":[{"@type":"WebPage","@id":"https:\/\/www.finbandy.fi\/fi\/jaapallon-mm-kisat-2\/","url":"https:\/\/www.finbandy.fi\/fi\/jaapallon-mm-kisat-2\/","name":"J\u00e4\u00e4pallon MM-kisat - Suomen J\u00e4\u00e4palloliitto","isPartOf":{"@id":"https:\/\/www.finbandy.fi\/fi\/#website"},"datePublished":"2025-11-20T19:44:04+00:00","dateModified":"2025-11-20T19:51:35+00:00","breadcrumb":{"@id":"https:\/\/www.finbandy.fi\/fi\/jaapallon-mm-kisat-2\/#breadcrumb"},"inLanguage":"fi","potentialAction":[{"@type":"ReadAction","target":["https:\/\/www.finbandy.fi\/fi\/jaapallon-mm-kisat-2\/"]}]},{"@type":"BreadcrumbList","@id":"https:\/\/www.finbandy.fi\/fi\/jaapallon-mm-kisat-2\/#breadcrumb","itemListElement":[{"@type":"ListItem","position":1,"name":"Etusivu","item":"https:\/\/www.finbandy.fi\/fi\/"},{"@type":"ListItem","position":2,"name":"J\u00e4\u00e4pallon MM-kisat"}]},{"@type":"WebSite","@id":"https:\/\/www.finbandy.fi\/fi\/#website","url":"https:\/\/www.finbandy.fi\/fi\/","name":"Suomen J\u00e4\u00e4palloliitto","description":"","potentialAction":[{"@type":"SearchAction","target":{"@type":"EntryPoint","urlTemplate":"https:\/\/www.finbandy.fi\/fi\/?s={search_term_string}"},"query-input":"required name=search_term_string"}],"inLanguage":"fi"}]}},"_links":{"self":[{"href":"https:\/\/www.finbandy.fi\/fi\/wp-json\/wp\/v2\/pages\/24154"}],"collection":[{"href":"https:\/\/www.finbandy.fi\/fi\/wp-json\/wp\/v2\/pages"}],"about":[{"href":"https:\/\/www.finbandy.fi\/fi\/wp-json\/wp\/v2\/types\/page"}],"author":[{"embeddable":true,"href":"https:\/\/www.finbandy.fi\/fi\/wp-json\/wp\/v2\/users\/21"}],"replies":[{"embeddable":true,"href":"https:\/\/www.finbandy.fi\/fi\/wp-json\/wp\/v2\/comments?post=24154"}],"version-history":[{"count":2,"href":"https:\/\/www.finbandy.fi\/fi\/wp-json\/wp\/v2\/pages\/24154\/revisions"}],"predecessor-version":[{"id":24159,"href":"https:\/\/www.finbandy.fi\/fi\/wp-json\/wp\/v2\/pages\/24154\/revisions\/24159"}],"wp:attachment":[{"href":"https:\/\/www.finbandy.fi\/fi\/wp-json\/wp\/v2\/media?parent=24154"}],"curies":[{"name":"wp","href":"https:\/\/api.w.org\/{rel}","templated":true}]}}