{"id":244,"date":"2013-11-07T16:06:33","date_gmt":"2013-11-07T14:06:33","guid":{"rendered":"https:\/\/www.finbandy.fi\/fi\/?page_id=244"},"modified":"2021-01-20T09:35:46","modified_gmt":"2021-01-20T07:35:46","slug":"yleista-tieto-bandyliigasta","status":"publish","type":"page","link":"https:\/\/www.finbandy.fi\/fi\/bandyliiga\/yleista-tieto-bandyliigasta\/","title":{"rendered":"Yleist\u00e4 tietoa Bandyliigasta"},"content":{"rendered":"<div id=\"wp_fb_like_button\" style=\"margin:5px 0;float:none;height:50px;\"><script src=\"http:\/\/connect.facebook.net\/en_US\/all.js#xfbml=1\"><\/script><fb:like href=\"https:\/\/www.finbandy.fi\/fi\/bandyliiga\/yleista-tieto-bandyliigasta\/\" send=\"true\" layout=\"button_count\" width=\"400\" show_faces=\"false\" font=\"arial\" action=\"like\" colorscheme=\"light\"><\/fb:like><\/div><div>\n<p><strong>J\u00e4\u00e4pallon SM sarja &#8211; Bandyliiga<\/strong><\/p>\n<p>J\u00e4\u00e4pallon miesten SM-kilpailu on suomalaisen palloilun klassikko. J\u00e4\u00e4pallo on suomalaisen urheilun pioneereja, koska vuoden 1908 mestaruuskilpailu oli samalla ensimm\u00e4inen palloilun joukkuelajin mestaruuskilpailu. Vuoteen 1991 saakka pelattiin SM sarjaa ja kaudella 1991-92 sarjan nimi muuttui Bandyliigaksi. Kaudella 2009\/10 ratkaistiin sadas miesten Suomen mestaruus. 2018 Suomen mestaruuden voitti Veiter\u00e4 Lappeenrannasta.<\/p>\n<p><strong>Historiaa<\/strong><\/p>\n<p>Ennen organisoitua kilpailutoimintaa Suomeen tuli j\u00e4\u00e4pallovaikutteita Ruotsista ja Ven\u00e4j\u00e4lt\u00e4. valtakunnallisia sarjoja ei pelattu. Suomalaisj\u00e4\u00e4palloilijat olivat ensimm\u00e4isen kerran tulessa 1899, jolloin Viipurilaisseura Skridskoklubb pelasi Pietarissa h\u00e4viten kuitenkin ven\u00e4l\u00e4iselle joukkueelle 5-4. Viipurin lis\u00e4ksi j\u00e4\u00e4palloa pelailtiin vuosituhannen vaihteessa ainakin Oulussa, Haminassa ja Helsingiss\u00e4.<br \/>\nSuomessa j\u00e4\u00e4palloilun kilpailutoiminta alkoi organisoitua Suomen Palloliiton perustamisen my\u00f6t\u00e4 vuonna 1907. Jo vuonna 1908 ratkaistiin ensimm\u00e4inen Suomen mestaruus, kun Polyteknikkojen Urheiluseura voitti Helsingin IFK:n finaalissa maalein 8\u20133. Siit\u00e4 l\u00e4htien j\u00e4\u00e4palloilun Suomen mestaruus on ratkaistu vuosittain, ainoastaan vuosina 1918, 1940 ja 1942 mestaruus on j\u00e4\u00e4nyt ratkaisematta sotien vuoksi.<\/p>\n<p>Mestaruudesta ratkaistiin cup-kilpailuna aina vuoteen 1931 saakka, jolloin siirryttiin yksinkertaiseen sarjaan, jota jatkettiin aina vuoteen 1937 asti. Sen j\u00e4lkeen oli kaksilohkoinen sarja. Vuonna 1941 oli kolmilohkoinen ja sotatalvina 1943 ja 1944 pelattiin j\u00e4lleen cup-kilpailuna. Nelilohkoinen mestaruussarja k\u00e4ynnistyi sodan j\u00e4lkeen. Kaksilohkoiseen palattiin kahden kauden j\u00e4lkeen 1947 ja edelleen yksilohkoiseen 1953. TUL:n seurat tulivat Palloliiton sarjoihin 1956. Yksilohkoista sarjaa pelattiin vuoteen 1969 saakka, Poikkeuksena vuosi 1965, jolloin pelattiin kahdessa SM-sarjan lohkossa. Kaksikertainen yksilohkoinen sarja k\u00e4ynnistyi kaudella 1969\u20131970 ja siihen lis\u00e4ttiin pudotuspelit kaudella 1976\u20131977.<\/p>\n<p>Suomen parhaimpia j\u00e4\u00e4palloseuroja lajin alkuvuosikymmenin\u00e4 1910 luvulta 1930 luvulle olivat Viipurin Sudet (aluksi nimell\u00e4 Viipurin Bandy- ja Jalkapalloseura) sek\u00e4 Helsingin IFK. Warkauden Pallo-35 on ollut johtavia seuroja 1940 l\u00e4htien, ja se onkin voittanut kaikkiaan enn\u00e4tykselliset 16 Suomen mestaruutta. Oulu nousi kaupunkina j\u00e4\u00e4pallokartalle 1950-luvulla Oulun Palloseuran johdolla. OPS voitti 1950- ja 1960-luvulla kaikkiaan seitsem\u00e4n mestaruutta, joista viisi per\u00e4kk\u00e4in, mik\u00e4 on per\u00e4kk\u00e4isten voitettujen j\u00e4\u00e4pallon Suomen mestaruuksien enn\u00e4tys. OPS:n valtakauden p\u00e4\u00e4ttyess\u00e4 suomalaisessa j\u00e4\u00e4palloilussa 1970-luvulla alkoi toisen oululaisseuran, Oulun Luistinseuran nousu, ja OLS on ollut Suomen johtavia j\u00e4\u00e4palloseuroja siit\u00e4 l\u00e4htien 15 mestaruudellaan. 1990-luvulla Suomen k\u00e4rkijoukkueiden joukkoon liittyi Tornion Palloveikot, joka on ollut 2000-luvulla menestynein suomalainen j\u00e4\u00e4palloseura saavuttamalla kuusi SM-kultaa.<\/p>\n<p><a href=\"https:\/\/www.finbandy.fi\/fi\/wp-content\/uploads\/2013\/11\/suomen_bandy_100.jpg\"><img decoding=\"async\" class=\"alignleft wp-image-245 size-full\" src=\"https:\/\/www.finbandy.fi\/fi\/wp-content\/uploads\/2013\/11\/suomen_bandy_100.jpg\" alt=\"suomen_bandy_100\" width=\"150\" height=\"94\" \/><\/a>Vuonna 2008 tuli kuluneeksi 100 vuotta ensimm\u00e4isen j\u00e4\u00e4palloilun Suomen mestaruuden ratkaisusta. Helsingiss\u00e4 pelatussa juhlafinaalissa Oulun Luistinseura voitti Tornion Palloveikot rangaistusly\u00f6ntien j\u00e4lkeen. Vuonna 2010 ratkaistiin sadas Suomen mestaruus. Helsingiss\u00e4 HIFK voitti OLS:n toistamiseen ja otteluvoitoin 2-0 kirjattiin mestaruus HIFK:lle. 2012 Mikkelin Kampparit tuli uutena joukkueena mestaritilastoon. LRK Torniosta tuli kaudella 2017-18 j\u00e4\u00e4pallon 61 korkeimman sarjatason joukkue.<\/p>\n<\/div>\n","protected":false},"excerpt":{"rendered":"<p>J\u00e4\u00e4pallon SM sarja &#8211; Bandyliiga J\u00e4\u00e4pallon miesten SM-kilpailu on suomalaisen palloilun klassikko. J\u00e4\u00e4pallo on suomalaisen urheilun pioneereja, koska vuoden 1908 mestaruuskilpailu oli samalla ensimm\u00e4inen palloilun joukkuelajin mestaruuskilpailu. Vuoteen 1991 saakka pelattiin SM sarjaa ja kaudella 1991-92 sarjan nimi muuttui Bandyliigaksi. Kaudella 2009\/10 ratkaistiin sadas miesten Suomen mestaruus. 2018 Suomen mestaruuden voitti Veiter\u00e4 Lappeenrannasta. Historiaa Ennen [&hellip;]<\/p>\n","protected":false},"author":1,"featured_media":0,"parent":242,"menu_order":1,"comment_status":"open","ping_status":"open","template":"yksittainen.php","meta":{"_monsterinsights_skip_tracking":false,"_monsterinsights_sitenote_active":false,"_monsterinsights_sitenote_note":"","_monsterinsights_sitenote_category":0,"site-sidebar-layout":"default","site-content-layout":"","ast-site-content-layout":"","site-content-style":"default","site-sidebar-style":"default","ast-global-header-display":"","ast-banner-title-visibility":"","ast-main-header-display":"","ast-hfb-above-header-display":"","ast-hfb-below-header-display":"","ast-hfb-mobile-header-display":"","site-post-title":"","ast-breadcrumbs-content":"","ast-featured-img":"","footer-sml-layout":"","theme-transparent-header-meta":"","adv-header-id-meta":"","stick-header-meta":"","header-above-stick-meta":"","header-main-stick-meta":"","header-below-stick-meta":"","astra-migrate-meta-layouts":"default","ast-page-background-enabled":"default","ast-page-background-meta":{"desktop":{"background-color":"var(--ast-global-color-4)","background-image":"","background-repeat":"repeat","background-position":"center center","background-size":"auto","background-attachment":"scroll","background-type":"","background-media":"","overlay-type":"","overlay-color":"","overlay-opacity":"","overlay-gradient":""},"tablet":{"background-color":"","background-image":"","background-repeat":"repeat","background-position":"center center","background-size":"auto","background-attachment":"scroll","background-type":"","background-media":"","overlay-type":"","overlay-color":"","overlay-opacity":"","overlay-gradient":""},"mobile":{"background-color":"","background-image":"","background-repeat":"repeat","background-position":"center center","background-size":"auto","background-attachment":"scroll","background-type":"","background-media":"","overlay-type":"","overlay-color":"","overlay-opacity":"","overlay-gradient":""}},"ast-content-background-meta":{"desktop":{"background-color":"var(--ast-global-color-5)","background-image":"","background-repeat":"repeat","background-position":"center center","background-size":"auto","background-attachment":"scroll","background-type":"","background-media":"","overlay-type":"","overlay-color":"","overlay-opacity":"","overlay-gradient":""},"tablet":{"background-color":"var(--ast-global-color-5)","background-image":"","background-repeat":"repeat","background-position":"center center","background-size":"auto","background-attachment":"scroll","background-type":"","background-media":"","overlay-type":"","overlay-color":"","overlay-opacity":"","overlay-gradient":""},"mobile":{"background-color":"var(--ast-global-color-5)","background-image":"","background-repeat":"repeat","background-position":"center center","background-size":"auto","background-attachment":"scroll","background-type":"","background-media":"","overlay-type":"","overlay-color":"","overlay-opacity":"","overlay-gradient":""}},"footnotes":"","_expiration-date-status":"saved","_expiration-date":0,"_expiration-date-type":"","_expiration-date-categories":[],"_expiration-date-options":[]},"class_list":["post-244","page","type-page","status-publish","hentry"],"yoast_head":"<!-- This site is optimized with the Yoast SEO plugin v19.7.1 - https:\/\/yoast.com\/wordpress\/plugins\/seo\/ -->\n<title>Yleist\u00e4 tietoa Bandyliigasta - Suomen J\u00e4\u00e4palloliitto<\/title>\n<meta name=\"robots\" content=\"index, follow, max-snippet:-1, max-image-preview:large, max-video-preview:-1\" \/>\n<link rel=\"canonical\" href=\"https:\/\/www.finbandy.fi\/fi\/bandyliiga\/yleista-tieto-bandyliigasta\/\" \/>\n<meta property=\"og:locale\" content=\"fi_FI\" \/>\n<meta property=\"og:type\" content=\"article\" \/>\n<meta property=\"og:title\" content=\"Yleist\u00e4 tietoa Bandyliigasta - Suomen J\u00e4\u00e4palloliitto\" \/>\n<meta property=\"og:description\" content=\"J\u00e4\u00e4pallon SM sarja &#8211; Bandyliiga J\u00e4\u00e4pallon miesten SM-kilpailu on suomalaisen palloilun klassikko. J\u00e4\u00e4pallo on suomalaisen urheilun pioneereja, koska vuoden 1908 mestaruuskilpailu oli samalla ensimm\u00e4inen palloilun joukkuelajin mestaruuskilpailu. Vuoteen 1991 saakka pelattiin SM sarjaa ja kaudella 1991-92 sarjan nimi muuttui Bandyliigaksi. Kaudella 2009\/10 ratkaistiin sadas miesten Suomen mestaruus. 2018 Suomen mestaruuden voitti Veiter\u00e4 Lappeenrannasta. Historiaa Ennen [&hellip;]\" \/>\n<meta property=\"og:url\" content=\"https:\/\/www.finbandy.fi\/fi\/bandyliiga\/yleista-tieto-bandyliigasta\/\" \/>\n<meta property=\"og:site_name\" content=\"Suomen J\u00e4\u00e4palloliitto\" \/>\n<meta property=\"article:modified_time\" content=\"2021-01-20T07:35:46+00:00\" \/>\n<meta property=\"og:image\" content=\"http:\/\/www.finbandy.fi\/fi\/wp-content\/uploads\/2013\/11\/suomen_bandy_100.jpg\" \/>\n<meta name=\"twitter:card\" content=\"summary_large_image\" \/>\n<meta name=\"twitter:label1\" content=\"Arvioitu lukuaika\" \/>\n\t<meta name=\"twitter:data1\" content=\"2 minuuttia\" \/>\n<script type=\"application\/ld+json\" class=\"yoast-schema-graph\">{\"@context\":\"https:\/\/schema.org\",\"@graph\":[{\"@type\":\"WebPage\",\"@id\":\"https:\/\/www.finbandy.fi\/fi\/bandyliiga\/yleista-tieto-bandyliigasta\/\",\"url\":\"https:\/\/www.finbandy.fi\/fi\/bandyliiga\/yleista-tieto-bandyliigasta\/\",\"name\":\"Yleist\u00e4 tietoa Bandyliigasta - Suomen J\u00e4\u00e4palloliitto\",\"isPartOf\":{\"@id\":\"https:\/\/www.finbandy.fi\/fi\/#website\"},\"datePublished\":\"2013-11-07T14:06:33+00:00\",\"dateModified\":\"2021-01-20T07:35:46+00:00\",\"breadcrumb\":{\"@id\":\"https:\/\/www.finbandy.fi\/fi\/bandyliiga\/yleista-tieto-bandyliigasta\/#breadcrumb\"},\"inLanguage\":\"fi\",\"potentialAction\":[{\"@type\":\"ReadAction\",\"target\":[\"https:\/\/www.finbandy.fi\/fi\/bandyliiga\/yleista-tieto-bandyliigasta\/\"]}]},{\"@type\":\"BreadcrumbList\",\"@id\":\"https:\/\/www.finbandy.fi\/fi\/bandyliiga\/yleista-tieto-bandyliigasta\/#breadcrumb\",\"itemListElement\":[{\"@type\":\"ListItem\",\"position\":1,\"name\":\"Etusivu\",\"item\":\"https:\/\/www.finbandy.fi\/fi\/\"},{\"@type\":\"ListItem\",\"position\":2,\"name\":\"Bandyliiga\",\"item\":\"https:\/\/www.finbandy.fi\/fi\/bandyliiga\/\"},{\"@type\":\"ListItem\",\"position\":3,\"name\":\"Yleist\u00e4 tietoa Bandyliigasta\"}]},{\"@type\":\"WebSite\",\"@id\":\"https:\/\/www.finbandy.fi\/fi\/#website\",\"url\":\"https:\/\/www.finbandy.fi\/fi\/\",\"name\":\"Suomen J\u00e4\u00e4palloliitto\",\"description\":\"\",\"potentialAction\":[{\"@type\":\"SearchAction\",\"target\":{\"@type\":\"EntryPoint\",\"urlTemplate\":\"https:\/\/www.finbandy.fi\/fi\/?s={search_term_string}\"},\"query-input\":\"required name=search_term_string\"}],\"inLanguage\":\"fi\"}]}<\/script>\n<!-- \/ Yoast SEO plugin. -->","yoast_head_json":{"title":"Yleist\u00e4 tietoa Bandyliigasta - Suomen J\u00e4\u00e4palloliitto","robots":{"index":"index","follow":"follow","max-snippet":"max-snippet:-1","max-image-preview":"max-image-preview:large","max-video-preview":"max-video-preview:-1"},"canonical":"https:\/\/www.finbandy.fi\/fi\/bandyliiga\/yleista-tieto-bandyliigasta\/","og_locale":"fi_FI","og_type":"article","og_title":"Yleist\u00e4 tietoa Bandyliigasta - Suomen J\u00e4\u00e4palloliitto","og_description":"J\u00e4\u00e4pallon SM sarja &#8211; Bandyliiga J\u00e4\u00e4pallon miesten SM-kilpailu on suomalaisen palloilun klassikko. J\u00e4\u00e4pallo on suomalaisen urheilun pioneereja, koska vuoden 1908 mestaruuskilpailu oli samalla ensimm\u00e4inen palloilun joukkuelajin mestaruuskilpailu. Vuoteen 1991 saakka pelattiin SM sarjaa ja kaudella 1991-92 sarjan nimi muuttui Bandyliigaksi. Kaudella 2009\/10 ratkaistiin sadas miesten Suomen mestaruus. 2018 Suomen mestaruuden voitti Veiter\u00e4 Lappeenrannasta. Historiaa Ennen [&hellip;]","og_url":"https:\/\/www.finbandy.fi\/fi\/bandyliiga\/yleista-tieto-bandyliigasta\/","og_site_name":"Suomen J\u00e4\u00e4palloliitto","article_modified_time":"2021-01-20T07:35:46+00:00","og_image":[{"url":"http:\/\/www.finbandy.fi\/fi\/wp-content\/uploads\/2013\/11\/suomen_bandy_100.jpg"}],"twitter_card":"summary_large_image","twitter_misc":{"Arvioitu lukuaika":"2 minuuttia"},"schema":{"@context":"https:\/\/schema.org","@graph":[{"@type":"WebPage","@id":"https:\/\/www.finbandy.fi\/fi\/bandyliiga\/yleista-tieto-bandyliigasta\/","url":"https:\/\/www.finbandy.fi\/fi\/bandyliiga\/yleista-tieto-bandyliigasta\/","name":"Yleist\u00e4 tietoa Bandyliigasta - Suomen J\u00e4\u00e4palloliitto","isPartOf":{"@id":"https:\/\/www.finbandy.fi\/fi\/#website"},"datePublished":"2013-11-07T14:06:33+00:00","dateModified":"2021-01-20T07:35:46+00:00","breadcrumb":{"@id":"https:\/\/www.finbandy.fi\/fi\/bandyliiga\/yleista-tieto-bandyliigasta\/#breadcrumb"},"inLanguage":"fi","potentialAction":[{"@type":"ReadAction","target":["https:\/\/www.finbandy.fi\/fi\/bandyliiga\/yleista-tieto-bandyliigasta\/"]}]},{"@type":"BreadcrumbList","@id":"https:\/\/www.finbandy.fi\/fi\/bandyliiga\/yleista-tieto-bandyliigasta\/#breadcrumb","itemListElement":[{"@type":"ListItem","position":1,"name":"Etusivu","item":"https:\/\/www.finbandy.fi\/fi\/"},{"@type":"ListItem","position":2,"name":"Bandyliiga","item":"https:\/\/www.finbandy.fi\/fi\/bandyliiga\/"},{"@type":"ListItem","position":3,"name":"Yleist\u00e4 tietoa Bandyliigasta"}]},{"@type":"WebSite","@id":"https:\/\/www.finbandy.fi\/fi\/#website","url":"https:\/\/www.finbandy.fi\/fi\/","name":"Suomen J\u00e4\u00e4palloliitto","description":"","potentialAction":[{"@type":"SearchAction","target":{"@type":"EntryPoint","urlTemplate":"https:\/\/www.finbandy.fi\/fi\/?s={search_term_string}"},"query-input":"required name=search_term_string"}],"inLanguage":"fi"}]}},"_links":{"self":[{"href":"https:\/\/www.finbandy.fi\/fi\/wp-json\/wp\/v2\/pages\/244"}],"collection":[{"href":"https:\/\/www.finbandy.fi\/fi\/wp-json\/wp\/v2\/pages"}],"about":[{"href":"https:\/\/www.finbandy.fi\/fi\/wp-json\/wp\/v2\/types\/page"}],"author":[{"embeddable":true,"href":"https:\/\/www.finbandy.fi\/fi\/wp-json\/wp\/v2\/users\/1"}],"replies":[{"embeddable":true,"href":"https:\/\/www.finbandy.fi\/fi\/wp-json\/wp\/v2\/comments?post=244"}],"version-history":[{"count":9,"href":"https:\/\/www.finbandy.fi\/fi\/wp-json\/wp\/v2\/pages\/244\/revisions"}],"predecessor-version":[{"id":18342,"href":"https:\/\/www.finbandy.fi\/fi\/wp-json\/wp\/v2\/pages\/244\/revisions\/18342"}],"up":[{"embeddable":true,"href":"https:\/\/www.finbandy.fi\/fi\/wp-json\/wp\/v2\/pages\/242"}],"wp:attachment":[{"href":"https:\/\/www.finbandy.fi\/fi\/wp-json\/wp\/v2\/media?parent=244"}],"curies":[{"name":"wp","href":"https:\/\/api.w.org\/{rel}","templated":true}]}}