{"id":249,"date":"2013-11-07T16:08:14","date_gmt":"2013-11-07T14:08:14","guid":{"rendered":"https:\/\/www.finbandy.fi\/fi\/?page_id=249"},"modified":"2021-06-23T21:56:23","modified_gmt":"2021-06-23T18:56:23","slug":"liiga-joukkueet","status":"publish","type":"page","link":"https:\/\/www.finbandy.fi\/fi\/bandyliiga\/liiga-joukkueet\/","title":{"rendered":"Liigajoukkueet"},"content":{"rendered":"<div id=\"wp_fb_like_button\" style=\"margin:5px 0;float:none;height:50px;\"><script src=\"http:\/\/connect.facebook.net\/en_US\/all.js#xfbml=1\"><\/script><fb:like href=\"https:\/\/www.finbandy.fi\/fi\/bandyliiga\/liiga-joukkueet\/\" send=\"true\" layout=\"button_count\" width=\"400\" show_faces=\"false\" font=\"arial\" action=\"like\" colorscheme=\"light\"><\/fb:like><\/div><p><img decoding=\"async\" class=\"size-full wp-image-1926 alignnone\" src=\"https:\/\/www.finbandy.fi\/fi\/wp-content\/uploads\/2013\/11\/akilles1.jpg\" alt=\"akilles\" width=\"80\" height=\"80\" \/><a href=\"http:\/\/bandy.akilles.fi\/fi\/etusivu\/?fbclid=IwAR2aorK7EITDaMrKLQhjipps52cCatWWiP_HmNAaT9EnvO-UL8Zg3TpvVac\" target=\"_blank\" rel=\"noopener nofollow\" data-lynx-mode=\"asynclazy\" data-lynx-uri=\"https:\/\/l.facebook.com\/l.php?u=http%3A%2F%2Fbandy.akilles.fi%2Ffi%2Fetusivu%2F%3Ffbclid%3DIwAR2aorK7EITDaMrKLQhjipps52cCatWWiP_HmNAaT9EnvO-UL8Zg3TpvVac&amp;h=AT1ouTo2PXDJy_nFEtXR7dqlpNGVoBQPm8a50CijmIpDDtk_2ljmg1psnZEk11gkfJfYVN-lGv9Emb5I5armPQQtp5gAFKMYg2xDR5QOPOm9MnefuNgUwuuJ2kgqRL4kVz0\">Akilles<\/a>, Porvoo<\/p>\n<p><a href=\"https:\/\/www.finbandy.fi\/fi\/?page_id=1934\"><img decoding=\"async\" class=\"size-full wp-image-253 alignnone\" src=\"https:\/\/www.finbandy.fi\/fi\/wp-content\/uploads\/2013\/11\/botnia69.jpg\" alt=\"botnia69\" width=\"80\" height=\"80\" \/><\/a><a href=\"http:\/\/botniabandy.fi\/?fbclid=IwAR1FA-7Rx3UXnee0kk86NqIx2InNuofnuvp1W8T2rJ7bnR9VxdfQSlNAfpg\" target=\"_blank\" rel=\"noopener nofollow\" data-lynx-mode=\"asynclazy\" data-lynx-uri=\"https:\/\/l.facebook.com\/l.php?u=http%3A%2F%2Fbotniabandy.fi%2F%3Ffbclid%3DIwAR1FA-7Rx3UXnee0kk86NqIx2InNuofnuvp1W8T2rJ7bnR9VxdfQSlNAfpg&amp;h=AT1MSaRmWnXRuaywFtkuav_z55CwUMPjSmHFkoA0SuGmEGDtZDiHXqlG7jwXyLNt59zGUNLb1YdOP5_ar-ZU0iWoJ46hyIGK6b8dtfEvN7CA4Z18Xvu_s_n24nTNdpkSzAo\">Botnia<\/a>, Helsinki<\/p>\n<p><a href=\"https:\/\/www.finbandy.fi\/fi\/?page_id=1939\"><img decoding=\"async\" class=\"size-full wp-image-254 alignnone\" src=\"https:\/\/www.finbandy.fi\/fi\/wp-content\/uploads\/2013\/11\/ifk.jpg\" alt=\"ifk\" width=\"80\" height=\"80\" \/><\/a><a href=\"http:\/\/www.hifk-bandy.fi\/?fbclid=IwAR2UZ5lFUmdBIxAm2ZG1R0VuiOzrH7gnL7YhXQP5ss8LonracLfaxgwCoGk\" target=\"_blank\" rel=\"noopener nofollow\" data-lynx-mode=\"asynclazy\" data-lynx-uri=\"https:\/\/l.facebook.com\/l.php?u=http%3A%2F%2Fwww.hifk-bandy.fi%2F%3Ffbclid%3DIwAR2UZ5lFUmdBIxAm2ZG1R0VuiOzrH7gnL7YhXQP5ss8LonracLfaxgwCoGk&amp;h=AT0l4UsSCmpoptvx5s6b2tXMNm7lbFL4EvGk1qssZZw_n0EVUAkCVobG9a2CvnPdUngeOPtqcK8Eb5WGXrOBtqcuykY4K9EnVVGab9bvUDOo12nrTB29FSyxcHzeZY_pbL0\">HIFK<\/a>, Helsinki<\/p>\n<p><a href=\"https:\/\/www.finbandy.fi\/fi\/?page_id=1941\"><img loading=\"lazy\" decoding=\"async\" class=\"size-full wp-image-256 alignnone\" src=\"https:\/\/www.finbandy.fi\/fi\/wp-content\/uploads\/2013\/11\/jps.jpg\" alt=\"jps\" width=\"80\" height=\"80\" \/><\/a><a href=\"https:\/\/l.facebook.com\/l.php?u=https%3A%2F%2Fjps.fi%2Fjoukkueet%2Fjaapallo%2Fbandyliiga%3Ffbclid%3DIwAR18_JpX9IcJbWfZl6Jg5ZMs1FnIt5bN3ifAZiceiR-SYtAHonUz3a3tmXM&amp;h=AT31Qduj6f065qsCCS2ICDYok8ePARBmGWt-8IrO8tfB8VAQcTJ__gPmzNhoJLMyO_cg3Ko4kJ39F6pD5AeUJyZe6rDSwPhG9uRhsf9ynvp2KRFmS6rRAooJJZV1rpRUqFY\" target=\"_blank\" rel=\"noopener nofollow\" data-lynx-mode=\"asynclazy\">JPS<\/a>, Jyv\u00e4skyl\u00e4<\/p>\n<p><a href=\"https:\/\/l.facebook.com\/l.php?u=http%3A%2F%2Fwww.kampparit.fi%2F%3Ffbclid%3DIwAR2BeATpt0iJebFSLk1Z9LAubdHZy3P_c7ZE3-Xi9n5KXiavZhJUY96v-wU&amp;h=AT02cL-1ctUs-b-LipIqvn7oDAoLqDsDO67TT2ZAiW1uQr_xQIz3Bp2WM8QlJVQaOrSXhReu6q_PKTpOGRoo9OzK3BBsSItfMH7w11B1zW12ZjHnDakMn1qm5GJppFZKpgw\" target=\"_blank\" rel=\"noopener nofollow\" data-lynx-mode=\"asynclazy\">\u00a0 \u00a0<\/a><a href=\"https:\/\/www.finbandy.fi\/fi\/wp-content\/uploads\/2013\/11\/Kampparit-logo-png.png\"><img loading=\"lazy\" decoding=\"async\" class=\"alignnone wp-image-12743\" src=\"https:\/\/www.finbandy.fi\/fi\/wp-content\/uploads\/2013\/11\/Kampparit-logo-png-240x300.png\" alt=\"\" width=\"52\" height=\"65\" srcset=\"https:\/\/www.finbandy.fi\/fi\/wp-content\/uploads\/2013\/11\/Kampparit-logo-png-240x300.png 240w, https:\/\/www.finbandy.fi\/fi\/wp-content\/uploads\/2013\/11\/Kampparit-logo-png-768x962.png 768w, https:\/\/www.finbandy.fi\/fi\/wp-content\/uploads\/2013\/11\/Kampparit-logo-png.png 800w\" sizes=\"(max-width: 52px) 100vw, 52px\" \/><\/a><a href=\"https:\/\/l.facebook.com\/l.php?u=http%3A%2F%2Fwww.kampparit.fi%2F%3Ffbclid%3DIwAR2BeATpt0iJebFSLk1Z9LAubdHZy3P_c7ZE3-Xi9n5KXiavZhJUY96v-wU&amp;h=AT02cL-1ctUs-b-LipIqvn7oDAoLqDsDO67TT2ZAiW1uQr_xQIz3Bp2WM8QlJVQaOrSXhReu6q_PKTpOGRoo9OzK3BBsSItfMH7w11B1zW12ZjHnDakMn1qm5GJppFZKpgw\" target=\"_blank\" rel=\"noopener nofollow\" data-lynx-mode=\"asynclazy\">\u00a0\u00a0 \u00a0Kampparit<\/a>, Mikkeli<\/p>\n<p><a href=\"https:\/\/www.finbandy.fi\/fi\/?page_id=1945\"><img loading=\"lazy\" decoding=\"async\" class=\"size-full wp-image-258 alignnone\" src=\"https:\/\/www.finbandy.fi\/fi\/wp-content\/uploads\/2013\/11\/narukera.jpg\" alt=\"narukera\" width=\"80\" height=\"80\" \/><\/a><a href=\"https:\/\/www.porinnarukera.fi\/jaapallo\/joukkueet\/3601?fbclid=IwAR0JOopLphc3pyhcgRXtpYa1G8oCYBnJ5IfP0lnWsAWy1PSYcu9te93HpkI\" target=\"_blank\" rel=\"noopener nofollow\" data-lynx-mode=\"asynclazy\" data-lynx-uri=\"https:\/\/l.facebook.com\/l.php?u=https%3A%2F%2Fwww.porinnarukera.fi%2Fjaapallo%2Fjoukkueet%2F3601%3Ffbclid%3DIwAR0JOopLphc3pyhcgRXtpYa1G8oCYBnJ5IfP0lnWsAWy1PSYcu9te93HpkI&amp;h=AT0C95PTwrhCVe9DREhkbtbnSOtwu9cLugR8vQB5HIFl_dk20CSGpWN3chwqY8kRQkTEX1PYfj_u5owl8TJ99VDF3FKKeiLewfm0Z9-7QGdDGV3x4F3G5RBN8pK8Sw8plX4\">Naruker\u00e4<\/a>, Pori<\/p>\n<p><a href=\"https:\/\/www.finbandy.fi\/fi\/?page_id=1948\"><img loading=\"lazy\" decoding=\"async\" class=\"size-full wp-image-259 alignnone\" src=\"https:\/\/www.finbandy.fi\/fi\/wp-content\/uploads\/2013\/11\/ols.jpg\" alt=\"ols\" width=\"80\" height=\"80\" \/><\/a><a href=\"https:\/\/l.facebook.com\/l.php?u=http%3A%2F%2Fjaapallo.ols.fi%2Fjoukkue1%3Ffbclid%3DIwAR1PMInDtBZNf37Ma2lR48ZiqocRR4tdYn6C0HSOzobVSx6gBvQIY4vUBfE&amp;h=AT3nrVUbKRYOdPfzlicNcbtwXDMrqb3fD-Bi2gganGf0NRuSJicyTqQJdjoGTrBsfGpbHNFEhJiQ8RzOS5LLoQ7nri-s97e7fqkfQOFLeKWeKkJYm2_piN6TiLAOwJNVYs0\" target=\"_blank\" rel=\"noopener nofollow\" data-lynx-mode=\"asynclazy\">OLS<\/a>, Oulu<\/p>\n<p><a href=\"https:\/\/www.finbandy.fi\/fi\/?page_id=1954\"><img loading=\"lazy\" decoding=\"async\" class=\"size-full wp-image-262 alignnone\" src=\"https:\/\/www.finbandy.fi\/fi\/wp-content\/uploads\/2013\/11\/veitera.jpg\" alt=\"veitera\" width=\"80\" height=\"80\" \/><\/a><a href=\"https:\/\/l.facebook.com\/l.php?u=https%3A%2F%2Fveitera.fi%2Fedustus%2F%3Ffbclid%3DIwAR3D7w9ARZBXOMS7DIYzztSMF-JwCgdTiY3LIv7xesoYPOkgfxyUBMRM2Is&amp;h=AT3lWmX2vTuwmntRnFboUFX-TgpTl45sQ7rJJNE97ykGVi1kr_tU2Jrl5vZVs3QAUQ0sWLiIZylP9H8ZzRWW7YV2ufCs380CSsq8JuODiKb8NOi_Ymf4n4jXzL8HqRpHBqk\" target=\"_blank\" rel=\"noopener nofollow\" data-lynx-mode=\"asynclazy\">Veiter\u00e4<\/a>, Lappeenranta<\/p>\n<p><a href=\"https:\/\/www.finbandy.fi\/fi\/?page_id=1952\"><img loading=\"lazy\" decoding=\"async\" class=\"size-full wp-image-261 alignnone\" src=\"https:\/\/www.finbandy.fi\/fi\/wp-content\/uploads\/2013\/11\/wp35.jpg\" alt=\"wp35\" width=\"80\" height=\"80\" \/><\/a><a href=\"https:\/\/l.facebook.com\/l.php?u=http%3A%2F%2Fwww.wp35.net%2F%3Ffbclid%3DIwAR1DM4ld1CBhvPgQNP6uJGbJ2UsKNLwHxRIIT7Gk2L9vVFMb9UtRWuAlhnw&amp;h=AT0CjGosU3Cs1KIKmKLcv1sK0A8O50QoCAO-rwM56cStdlTA81UxGEsqHMt-u9JOjPOOAjzVX0VRe-IjbwSNUTp8rYbCwM08eAxRtgEAMSLx5Ur76jV89bXSUvLUCIYN0_g\" target=\"_blank\" rel=\"noopener nofollow\" data-lynx-mode=\"asynclazy\">WP 35<\/a>, Varkaus<\/p>\n","protected":false},"excerpt":{"rendered":"<p>Akilles, Porvoo Botnia, Helsinki HIFK, Helsinki JPS, Jyv\u00e4skyl\u00e4 \u00a0 \u00a0\u00a0\u00a0 \u00a0Kampparit, Mikkeli Naruker\u00e4, Pori OLS, Oulu Veiter\u00e4, Lappeenranta WP 35, Varkaus<\/p>\n","protected":false},"author":1,"featured_media":0,"parent":242,"menu_order":1,"comment_status":"closed","ping_status":"closed","template":"","meta":{"_monsterinsights_skip_tracking":false,"_monsterinsights_sitenote_active":false,"_monsterinsights_sitenote_note":"","_monsterinsights_sitenote_category":0,"site-sidebar-layout":"default","site-content-layout":"default","ast-site-content-layout":"","site-content-style":"default","site-sidebar-style":"default","ast-global-header-display":"","ast-banner-title-visibility":"","ast-main-header-display":"","ast-hfb-above-header-display":"","ast-hfb-below-header-display":"","ast-hfb-mobile-header-display":"","site-post-title":"","ast-breadcrumbs-content":"","ast-featured-img":"","footer-sml-layout":"","theme-transparent-header-meta":"default","adv-header-id-meta":"","stick-header-meta":"","header-above-stick-meta":"","header-main-stick-meta":"","header-below-stick-meta":"","astra-migrate-meta-layouts":"default","ast-page-background-enabled":"default","ast-page-background-meta":{"desktop":{"background-color":"var(--ast-global-color-4)","background-image":"","background-repeat":"repeat","background-position":"center center","background-size":"auto","background-attachment":"scroll","background-type":"","background-media":"","overlay-type":"","overlay-color":"","overlay-opacity":"","overlay-gradient":""},"tablet":{"background-color":"","background-image":"","background-repeat":"repeat","background-position":"center center","background-size":"auto","background-attachment":"scroll","background-type":"","background-media":"","overlay-type":"","overlay-color":"","overlay-opacity":"","overlay-gradient":""},"mobile":{"background-color":"","background-image":"","background-repeat":"repeat","background-position":"center center","background-size":"auto","background-attachment":"scroll","background-type":"","background-media":"","overlay-type":"","overlay-color":"","overlay-opacity":"","overlay-gradient":""}},"ast-content-background-meta":{"desktop":{"background-color":"var(--ast-global-color-5)","background-image":"","background-repeat":"repeat","background-position":"center center","background-size":"auto","background-attachment":"scroll","background-type":"","background-media":"","overlay-type":"","overlay-color":"","overlay-opacity":"","overlay-gradient":""},"tablet":{"background-color":"var(--ast-global-color-5)","background-image":"","background-repeat":"repeat","background-position":"center center","background-size":"auto","background-attachment":"scroll","background-type":"","background-media":"","overlay-type":"","overlay-color":"","overlay-opacity":"","overlay-gradient":""},"mobile":{"background-color":"var(--ast-global-color-5)","background-image":"","background-repeat":"repeat","background-position":"center center","background-size":"auto","background-attachment":"scroll","background-type":"","background-media":"","overlay-type":"","overlay-color":"","overlay-opacity":"","overlay-gradient":""}},"footnotes":"","_expiration-date-status":"saved","_expiration-date":0,"_expiration-date-type":"","_expiration-date-categories":[],"_expiration-date-options":[]},"class_list":["post-249","page","type-page","status-publish","hentry"],"yoast_head":"<!-- This site is optimized with the Yoast SEO plugin v19.7.1 - https:\/\/yoast.com\/wordpress\/plugins\/seo\/ -->\n<title>Liigajoukkueet - Suomen J\u00e4\u00e4palloliitto<\/title>\n<meta name=\"robots\" content=\"index, follow, max-snippet:-1, max-image-preview:large, max-video-preview:-1\" \/>\n<link rel=\"canonical\" href=\"https:\/\/www.finbandy.fi\/fi\/bandyliiga\/liiga-joukkueet\/\" \/>\n<meta property=\"og:locale\" content=\"fi_FI\" \/>\n<meta property=\"og:type\" content=\"article\" \/>\n<meta property=\"og:title\" content=\"Liigajoukkueet - Suomen J\u00e4\u00e4palloliitto\" \/>\n<meta property=\"og:description\" content=\"Akilles, Porvoo Botnia, Helsinki HIFK, Helsinki JPS, Jyv\u00e4skyl\u00e4 \u00a0 \u00a0\u00a0\u00a0 \u00a0Kampparit, Mikkeli Naruker\u00e4, Pori OLS, Oulu Veiter\u00e4, Lappeenranta WP 35, Varkaus\" \/>\n<meta property=\"og:url\" content=\"https:\/\/www.finbandy.fi\/fi\/bandyliiga\/liiga-joukkueet\/\" \/>\n<meta property=\"og:site_name\" content=\"Suomen J\u00e4\u00e4palloliitto\" \/>\n<meta property=\"article:modified_time\" content=\"2021-06-23T18:56:23+00:00\" \/>\n<meta property=\"og:image\" content=\"http:\/\/www.finbandy.fi\/fi\/wp-content\/uploads\/2013\/11\/akilles1.jpg\" \/>\n<meta name=\"twitter:card\" content=\"summary_large_image\" \/>\n<meta name=\"twitter:label1\" content=\"Arvioitu lukuaika\" \/>\n\t<meta name=\"twitter:data1\" content=\"2 minuuttia\" \/>\n<script type=\"application\/ld+json\" class=\"yoast-schema-graph\">{\"@context\":\"https:\/\/schema.org\",\"@graph\":[{\"@type\":\"WebPage\",\"@id\":\"https:\/\/www.finbandy.fi\/fi\/bandyliiga\/liiga-joukkueet\/\",\"url\":\"https:\/\/www.finbandy.fi\/fi\/bandyliiga\/liiga-joukkueet\/\",\"name\":\"Liigajoukkueet - Suomen J\u00e4\u00e4palloliitto\",\"isPartOf\":{\"@id\":\"https:\/\/www.finbandy.fi\/fi\/#website\"},\"datePublished\":\"2013-11-07T14:08:14+00:00\",\"dateModified\":\"2021-06-23T18:56:23+00:00\",\"breadcrumb\":{\"@id\":\"https:\/\/www.finbandy.fi\/fi\/bandyliiga\/liiga-joukkueet\/#breadcrumb\"},\"inLanguage\":\"fi\",\"potentialAction\":[{\"@type\":\"ReadAction\",\"target\":[\"https:\/\/www.finbandy.fi\/fi\/bandyliiga\/liiga-joukkueet\/\"]}]},{\"@type\":\"BreadcrumbList\",\"@id\":\"https:\/\/www.finbandy.fi\/fi\/bandyliiga\/liiga-joukkueet\/#breadcrumb\",\"itemListElement\":[{\"@type\":\"ListItem\",\"position\":1,\"name\":\"Etusivu\",\"item\":\"https:\/\/www.finbandy.fi\/fi\/\"},{\"@type\":\"ListItem\",\"position\":2,\"name\":\"Bandyliiga\",\"item\":\"https:\/\/www.finbandy.fi\/fi\/bandyliiga\/\"},{\"@type\":\"ListItem\",\"position\":3,\"name\":\"Liigajoukkueet\"}]},{\"@type\":\"WebSite\",\"@id\":\"https:\/\/www.finbandy.fi\/fi\/#website\",\"url\":\"https:\/\/www.finbandy.fi\/fi\/\",\"name\":\"Suomen J\u00e4\u00e4palloliitto\",\"description\":\"\",\"potentialAction\":[{\"@type\":\"SearchAction\",\"target\":{\"@type\":\"EntryPoint\",\"urlTemplate\":\"https:\/\/www.finbandy.fi\/fi\/?s={search_term_string}\"},\"query-input\":\"required name=search_term_string\"}],\"inLanguage\":\"fi\"}]}<\/script>\n<!-- \/ Yoast SEO plugin. -->","yoast_head_json":{"title":"Liigajoukkueet - Suomen J\u00e4\u00e4palloliitto","robots":{"index":"index","follow":"follow","max-snippet":"max-snippet:-1","max-image-preview":"max-image-preview:large","max-video-preview":"max-video-preview:-1"},"canonical":"https:\/\/www.finbandy.fi\/fi\/bandyliiga\/liiga-joukkueet\/","og_locale":"fi_FI","og_type":"article","og_title":"Liigajoukkueet - Suomen J\u00e4\u00e4palloliitto","og_description":"Akilles, Porvoo Botnia, Helsinki HIFK, Helsinki JPS, Jyv\u00e4skyl\u00e4 \u00a0 \u00a0\u00a0\u00a0 \u00a0Kampparit, Mikkeli Naruker\u00e4, Pori OLS, Oulu Veiter\u00e4, Lappeenranta WP 35, Varkaus","og_url":"https:\/\/www.finbandy.fi\/fi\/bandyliiga\/liiga-joukkueet\/","og_site_name":"Suomen J\u00e4\u00e4palloliitto","article_modified_time":"2021-06-23T18:56:23+00:00","og_image":[{"url":"http:\/\/www.finbandy.fi\/fi\/wp-content\/uploads\/2013\/11\/akilles1.jpg"}],"twitter_card":"summary_large_image","twitter_misc":{"Arvioitu lukuaika":"2 minuuttia"},"schema":{"@context":"https:\/\/schema.org","@graph":[{"@type":"WebPage","@id":"https:\/\/www.finbandy.fi\/fi\/bandyliiga\/liiga-joukkueet\/","url":"https:\/\/www.finbandy.fi\/fi\/bandyliiga\/liiga-joukkueet\/","name":"Liigajoukkueet - Suomen J\u00e4\u00e4palloliitto","isPartOf":{"@id":"https:\/\/www.finbandy.fi\/fi\/#website"},"datePublished":"2013-11-07T14:08:14+00:00","dateModified":"2021-06-23T18:56:23+00:00","breadcrumb":{"@id":"https:\/\/www.finbandy.fi\/fi\/bandyliiga\/liiga-joukkueet\/#breadcrumb"},"inLanguage":"fi","potentialAction":[{"@type":"ReadAction","target":["https:\/\/www.finbandy.fi\/fi\/bandyliiga\/liiga-joukkueet\/"]}]},{"@type":"BreadcrumbList","@id":"https:\/\/www.finbandy.fi\/fi\/bandyliiga\/liiga-joukkueet\/#breadcrumb","itemListElement":[{"@type":"ListItem","position":1,"name":"Etusivu","item":"https:\/\/www.finbandy.fi\/fi\/"},{"@type":"ListItem","position":2,"name":"Bandyliiga","item":"https:\/\/www.finbandy.fi\/fi\/bandyliiga\/"},{"@type":"ListItem","position":3,"name":"Liigajoukkueet"}]},{"@type":"WebSite","@id":"https:\/\/www.finbandy.fi\/fi\/#website","url":"https:\/\/www.finbandy.fi\/fi\/","name":"Suomen J\u00e4\u00e4palloliitto","description":"","potentialAction":[{"@type":"SearchAction","target":{"@type":"EntryPoint","urlTemplate":"https:\/\/www.finbandy.fi\/fi\/?s={search_term_string}"},"query-input":"required name=search_term_string"}],"inLanguage":"fi"}]}},"_links":{"self":[{"href":"https:\/\/www.finbandy.fi\/fi\/wp-json\/wp\/v2\/pages\/249"}],"collection":[{"href":"https:\/\/www.finbandy.fi\/fi\/wp-json\/wp\/v2\/pages"}],"about":[{"href":"https:\/\/www.finbandy.fi\/fi\/wp-json\/wp\/v2\/types\/page"}],"author":[{"embeddable":true,"href":"https:\/\/www.finbandy.fi\/fi\/wp-json\/wp\/v2\/users\/1"}],"replies":[{"embeddable":true,"href":"https:\/\/www.finbandy.fi\/fi\/wp-json\/wp\/v2\/comments?post=249"}],"version-history":[{"count":25,"href":"https:\/\/www.finbandy.fi\/fi\/wp-json\/wp\/v2\/pages\/249\/revisions"}],"predecessor-version":[{"id":19714,"href":"https:\/\/www.finbandy.fi\/fi\/wp-json\/wp\/v2\/pages\/249\/revisions\/19714"}],"up":[{"embeddable":true,"href":"https:\/\/www.finbandy.fi\/fi\/wp-json\/wp\/v2\/pages\/242"}],"wp:attachment":[{"href":"https:\/\/www.finbandy.fi\/fi\/wp-json\/wp\/v2\/media?parent=249"}],"curies":[{"name":"wp","href":"https:\/\/api.w.org\/{rel}","templated":true}]}}