{"id":264,"date":"2014-08-01T13:44:39","date_gmt":"2014-08-01T10:44:39","guid":{"rendered":"https:\/\/www.finbandy.fi\/fi\/?page_id=264"},"modified":"2025-10-15T11:02:37","modified_gmt":"2025-10-15T08:02:37","slug":"liigaohjelma","status":"publish","type":"page","link":"https:\/\/www.finbandy.fi\/fi\/bandyliiga\/liigaohjelma\/","title":{"rendered":"Sarjaohjelma"},"content":{"rendered":"<div id=\"wp_fb_like_button\" style=\"margin:5px 0;float:none;height:50px;\"><script src=\"http:\/\/connect.facebook.net\/en_US\/all.js#xfbml=1\"><\/script><fb:like href=\"https:\/\/www.finbandy.fi\/fi\/bandyliiga\/liigaohjelma\/\" send=\"true\" layout=\"button_count\" width=\"400\" show_faces=\"false\" font=\"arial\" action=\"like\" colorscheme=\"light\"><\/fb:like><\/div><p>MIESTEN BANDYLIIGA 2025-2026<\/p>\n<p>Miesten Bandyliigan runkosarjan otteluohjelma on kokonaisuudessaan n\u00e4ht\u00e4vill\u00e4 <a href=\"https:\/\/finbandy.torneopal.fi\/taso\/sarja.php?turnaus=sjpl_2526&amp;sarja=MBL&amp;ottelut=1\">t\u00e4\u00e4lt\u00e4<\/a>.<\/p>\n<p><strong>Paremmuus sarjassa tasapisteiss\u00e4 <\/strong><\/p>\n<p>Joukkueiden j\u00e4rjestys sarjassa m\u00e4\u00e4r\u00e4ytyy saavutettujen pisteiden perusteella. Voitosta saa kaksi pistett\u00e4, tasapelist\u00e4 yhden pisteen ja tappiosta nolla pistett\u00e4.<\/p>\n<p>Mik\u00e4li tasapisteet niin ylemm\u00e4ss\u00e4 kaikki ottelut ja alemmassa alemman sarjan kokonaisuus, kun l\u00e4hdet\u00e4\u00e4n nollista.<\/p>\n<p>Tasapisteiden sattuessa joukkueiden keskin\u00e4inen paremmuus m\u00e4\u00e4r\u00e4ytyy seuraavasti:<\/p>\n<ol>\n<li>a) kaikkien tasapisteisiin p\u00e4\u00e4tyneiden joukkueiden keskin\u00e4isten otteluiden pisteet<\/li>\n<li>b) keskin\u00e4isten otteluiden maaliero eli tehtyjen ja p\u00e4\u00e4stettyjen maalien ero<\/li>\n<li>c) keskin\u00e4isten otteluiden tehtyjen maalien lukum\u00e4\u00e4r\u00e4<\/li>\n<li>d) kaikkien otteluiden maaliero<\/li>\n<li>e) kaikkien otteluiden tehtyjen maalien lukum\u00e4\u00e4r\u00e4<\/li>\n<li>f) arpa<\/li>\n<\/ol>\n<p><strong>Runkosarja<\/strong><\/p>\n<p>Pelataan kaksinkertainen runkosarja (16 ottelua). Runkosarjan otteluohjelma on n\u00e4ht\u00e4viss\u00e4 <a href=\"https:\/\/finbandy.torneopal.fi\/taso\/sarja.php?turnaus=sjpl_2526&amp;sarja=MBL&amp;ottelut=1\" data-wplink-edit=\"true\">t\u00e4\u00e4lt\u00e4<\/a>.<\/p>\n<p><strong>Jatkosarjat<\/strong><\/p>\n<p>Ylempi jatkosarja (4 runkosarjan parasta), runkosarjassa sijoille 1\u20134\u00a0 sijoittuneet. Pelataan yksinkertainen sarja (3 ottelua), runkosarjan maalit ja pisteet voimassa.<\/p>\n<p>Alempi jatkosarja (5 runkosarjan huonointa), runkosarjassa sijoille 5\u20139 sijoittuneet. Pelataan yksinkertainen sarja (4 ottelua), l\u00e4ht\u00f6pisteet (5. 2 pistett\u00e4, 6. 1 pistett\u00e4, 7. 0 pistett\u00e4, 8. 0 pistett\u00e4, 9. 0 pistett\u00e4), runkosarjan kaikki pisteet ja maalit nollataan.<\/p>\n<p>Jatkosarjojen pelip\u00e4iv\u00e4t: keskiviikko 4.2., perjantai 6.2., lauantai 7.2., sunnuntai 8.2., keskiviikko 11.2., perjantai 13.2., lauantai 14.2., sunnuntai 15.2.<\/p>\n<p><strong>Puoliv\u00e4lier\u00e4t, v\u00e4lier\u00e4t, pronssi- ja loppuottelu<\/strong><\/p>\n<p><strong>Puoliv\u00e4lier\u00e4t pelataan paras kolmesta \u2013 periaatteella. <\/strong><\/p>\n<p>Puoliv\u00e4lier\u00e4t pelataan seuraavasti:<\/p>\n<p>Ottelu A: Ylemm\u00e4n sarjan 3. \u2013 Alemman sarjan 2.<\/p>\n<p>Ottelu B: Ylemm\u00e4n sarjan 4. \u2013 Alemman sarjan 1.<\/p>\n<p>Puoliv\u00e4lier\u00e4ottelut pelataan keskiviikkona 18.2, perjantaina 20.2 ja mahdollinen kolmas ottelu sunnuntaina 22.2.<\/p>\n<p>Ottelut aloitetaan keskiviikkona Ylemm\u00e4ss\u00e4 jatkosarjassa paremmin sijoittuneen kotikent\u00e4ll\u00e4, perjantaina pelataan huonommin sijoittuneen kotikent\u00e4ll\u00e4 ja mahdollinen kolmas ottelu paremmin sijoittuneen kotikent\u00e4ll\u00e4 sunnuntaina.<\/p>\n<p><strong>V\u00e4lier\u00e4t pelataan paras viidest\u00e4 \u2013 periaatteella. <\/strong><\/p>\n<p>V\u00e4lier\u00e4t pelataan seuraavasti:<\/p>\n<p>V\u00e4lier\u00e4 I: Ylemm\u00e4n sarjan 1. \u2013 Voittaja ottelusta B.<\/p>\n<p>V\u00e4lier\u00e4 II: Ylemm\u00e4n sarjan 2. \u2013 Voittaja ottelusta A.<\/p>\n<p>V\u00e4lier\u00e4ottelut pelataan keskiviikkona 25.2, lauantaina 28.2, keskiviikkona 4.3, perjantaina 6.3 ja mahdollinen viides ottelu sunnuntaina 8.3.<\/p>\n<p>Ottelut aloitetaan keskiviikkona Ylemm\u00e4ss\u00e4 jatkosarjassa paremmin sijoittuneen kotikent\u00e4ll\u00e4, lauantaina pelataan huonommin sijoittuneen kotikent\u00e4ll\u00e4, keskiviikkona paremmin sijoittuneen kotikent\u00e4ll\u00e4, perjantaina huonommin sijoittuneen kotikent\u00e4ll\u00e4 ja mahdollinen viides ottelu paremmin sijoittuneen kotikent\u00e4ll\u00e4 sunnuntaina.<\/p>\n<p>Voittajat finaaliin ja h\u00e4vi\u00e4j\u00e4t pronssiotteluun.<\/p>\n<p>Pronssiottelu pelataan jatkosarjassa paremmin sijoittuneen kotikent\u00e4ll\u00e4 kotikent\u00e4ll\u00e4 perjantaina 13.3.<\/p>\n<p>Miesten Bandyliigan finaali pelataan jatkosarjassa paremmin sijoittuneen kotikent\u00e4ll\u00e4 lauantaina 14.3.<\/p>\n","protected":false},"excerpt":{"rendered":"<p>MIESTEN BANDYLIIGA 2025-2026 Miesten Bandyliigan runkosarjan otteluohjelma on kokonaisuudessaan n\u00e4ht\u00e4vill\u00e4 t\u00e4\u00e4lt\u00e4. Paremmuus sarjassa tasapisteiss\u00e4 Joukkueiden j\u00e4rjestys sarjassa m\u00e4\u00e4r\u00e4ytyy saavutettujen pisteiden perusteella. Voitosta saa kaksi pistett\u00e4, tasapelist\u00e4 yhden pisteen ja tappiosta nolla pistett\u00e4. Mik\u00e4li tasapisteet niin ylemm\u00e4ss\u00e4 kaikki ottelut ja alemmassa alemman sarjan kokonaisuus, kun l\u00e4hdet\u00e4\u00e4n nollista. Tasapisteiden sattuessa joukkueiden keskin\u00e4inen paremmuus m\u00e4\u00e4r\u00e4ytyy seuraavasti: a) kaikkien [&hellip;]<\/p>\n","protected":false},"author":1,"featured_media":0,"parent":242,"menu_order":3,"comment_status":"open","ping_status":"open","template":"","meta":{"_monsterinsights_skip_tracking":false,"_monsterinsights_sitenote_active":false,"_monsterinsights_sitenote_note":"","_monsterinsights_sitenote_category":0,"site-sidebar-layout":"default","site-content-layout":"default","ast-site-content-layout":"default","site-content-style":"default","site-sidebar-style":"default","ast-global-header-display":"","ast-banner-title-visibility":"","ast-main-header-display":"","ast-hfb-above-header-display":"","ast-hfb-below-header-display":"","ast-hfb-mobile-header-display":"","site-post-title":"","ast-breadcrumbs-content":"","ast-featured-img":"","footer-sml-layout":"","theme-transparent-header-meta":"default","adv-header-id-meta":"","stick-header-meta":"","header-above-stick-meta":"","header-main-stick-meta":"","header-below-stick-meta":"","astra-migrate-meta-layouts":"set","ast-page-background-enabled":"default","ast-page-background-meta":{"desktop":{"background-color":"var(--ast-global-color-4)","background-image":"","background-repeat":"repeat","background-position":"center center","background-size":"auto","background-attachment":"scroll","background-type":"","background-media":"","overlay-type":"","overlay-color":"","overlay-opacity":"","overlay-gradient":""},"tablet":{"background-color":"","background-image":"","background-repeat":"repeat","background-position":"center center","background-size":"auto","background-attachment":"scroll","background-type":"","background-media":"","overlay-type":"","overlay-color":"","overlay-opacity":"","overlay-gradient":""},"mobile":{"background-color":"","background-image":"","background-repeat":"repeat","background-position":"center center","background-size":"auto","background-attachment":"scroll","background-type":"","background-media":"","overlay-type":"","overlay-color":"","overlay-opacity":"","overlay-gradient":""}},"ast-content-background-meta":{"desktop":{"background-color":"var(--ast-global-color-5)","background-image":"","background-repeat":"repeat","background-position":"center center","background-size":"auto","background-attachment":"scroll","background-type":"","background-media":"","overlay-type":"","overlay-color":"","overlay-opacity":"","overlay-gradient":""},"tablet":{"background-color":"var(--ast-global-color-5)","background-image":"","background-repeat":"repeat","background-position":"center center","background-size":"auto","background-attachment":"scroll","background-type":"","background-media":"","overlay-type":"","overlay-color":"","overlay-opacity":"","overlay-gradient":""},"mobile":{"background-color":"var(--ast-global-color-5)","background-image":"","background-repeat":"repeat","background-position":"center center","background-size":"auto","background-attachment":"scroll","background-type":"","background-media":"","overlay-type":"","overlay-color":"","overlay-opacity":"","overlay-gradient":""}},"footnotes":"","_expiration-date-status":"","_expiration-date":1760514872,"_expiration-date-type":"draft","_expiration-date-categories":[],"_expiration-date-options":[]},"class_list":["post-264","page","type-page","status-publish","hentry"],"yoast_head":"<!-- This site is optimized with the Yoast SEO plugin v19.7.1 - https:\/\/yoast.com\/wordpress\/plugins\/seo\/ -->\n<title>Sarjaohjelma - Suomen J\u00e4\u00e4palloliitto<\/title>\n<meta name=\"robots\" content=\"index, follow, max-snippet:-1, max-image-preview:large, max-video-preview:-1\" \/>\n<link rel=\"canonical\" href=\"https:\/\/www.finbandy.fi\/fi\/bandyliiga\/liigaohjelma\/\" \/>\n<meta property=\"og:locale\" content=\"fi_FI\" \/>\n<meta property=\"og:type\" content=\"article\" \/>\n<meta property=\"og:title\" content=\"Sarjaohjelma - Suomen J\u00e4\u00e4palloliitto\" \/>\n<meta property=\"og:description\" content=\"MIESTEN BANDYLIIGA 2025-2026 Miesten Bandyliigan runkosarjan otteluohjelma on kokonaisuudessaan n\u00e4ht\u00e4vill\u00e4 t\u00e4\u00e4lt\u00e4. Paremmuus sarjassa tasapisteiss\u00e4 Joukkueiden j\u00e4rjestys sarjassa m\u00e4\u00e4r\u00e4ytyy saavutettujen pisteiden perusteella. Voitosta saa kaksi pistett\u00e4, tasapelist\u00e4 yhden pisteen ja tappiosta nolla pistett\u00e4. Mik\u00e4li tasapisteet niin ylemm\u00e4ss\u00e4 kaikki ottelut ja alemmassa alemman sarjan kokonaisuus, kun l\u00e4hdet\u00e4\u00e4n nollista. Tasapisteiden sattuessa joukkueiden keskin\u00e4inen paremmuus m\u00e4\u00e4r\u00e4ytyy seuraavasti: a) kaikkien [&hellip;]\" \/>\n<meta property=\"og:url\" content=\"https:\/\/www.finbandy.fi\/fi\/bandyliiga\/liigaohjelma\/\" \/>\n<meta property=\"og:site_name\" content=\"Suomen J\u00e4\u00e4palloliitto\" \/>\n<meta property=\"article:modified_time\" content=\"2025-10-15T08:02:37+00:00\" \/>\n<meta name=\"twitter:card\" content=\"summary_large_image\" \/>\n<meta name=\"twitter:label1\" content=\"Arvioitu lukuaika\" \/>\n\t<meta name=\"twitter:data1\" content=\"3 minuuttia\" \/>\n<script type=\"application\/ld+json\" class=\"yoast-schema-graph\">{\"@context\":\"https:\/\/schema.org\",\"@graph\":[{\"@type\":\"WebPage\",\"@id\":\"https:\/\/www.finbandy.fi\/fi\/bandyliiga\/liigaohjelma\/\",\"url\":\"https:\/\/www.finbandy.fi\/fi\/bandyliiga\/liigaohjelma\/\",\"name\":\"Sarjaohjelma - Suomen J\u00e4\u00e4palloliitto\",\"isPartOf\":{\"@id\":\"https:\/\/www.finbandy.fi\/fi\/#website\"},\"datePublished\":\"2014-08-01T10:44:39+00:00\",\"dateModified\":\"2025-10-15T08:02:37+00:00\",\"breadcrumb\":{\"@id\":\"https:\/\/www.finbandy.fi\/fi\/bandyliiga\/liigaohjelma\/#breadcrumb\"},\"inLanguage\":\"fi\",\"potentialAction\":[{\"@type\":\"ReadAction\",\"target\":[\"https:\/\/www.finbandy.fi\/fi\/bandyliiga\/liigaohjelma\/\"]}]},{\"@type\":\"BreadcrumbList\",\"@id\":\"https:\/\/www.finbandy.fi\/fi\/bandyliiga\/liigaohjelma\/#breadcrumb\",\"itemListElement\":[{\"@type\":\"ListItem\",\"position\":1,\"name\":\"Etusivu\",\"item\":\"https:\/\/www.finbandy.fi\/fi\/\"},{\"@type\":\"ListItem\",\"position\":2,\"name\":\"Bandyliiga\",\"item\":\"https:\/\/www.finbandy.fi\/fi\/bandyliiga\/\"},{\"@type\":\"ListItem\",\"position\":3,\"name\":\"Sarjaohjelma\"}]},{\"@type\":\"WebSite\",\"@id\":\"https:\/\/www.finbandy.fi\/fi\/#website\",\"url\":\"https:\/\/www.finbandy.fi\/fi\/\",\"name\":\"Suomen J\u00e4\u00e4palloliitto\",\"description\":\"\",\"potentialAction\":[{\"@type\":\"SearchAction\",\"target\":{\"@type\":\"EntryPoint\",\"urlTemplate\":\"https:\/\/www.finbandy.fi\/fi\/?s={search_term_string}\"},\"query-input\":\"required name=search_term_string\"}],\"inLanguage\":\"fi\"}]}<\/script>\n<!-- \/ Yoast SEO plugin. -->","yoast_head_json":{"title":"Sarjaohjelma - Suomen J\u00e4\u00e4palloliitto","robots":{"index":"index","follow":"follow","max-snippet":"max-snippet:-1","max-image-preview":"max-image-preview:large","max-video-preview":"max-video-preview:-1"},"canonical":"https:\/\/www.finbandy.fi\/fi\/bandyliiga\/liigaohjelma\/","og_locale":"fi_FI","og_type":"article","og_title":"Sarjaohjelma - Suomen J\u00e4\u00e4palloliitto","og_description":"MIESTEN BANDYLIIGA 2025-2026 Miesten Bandyliigan runkosarjan otteluohjelma on kokonaisuudessaan n\u00e4ht\u00e4vill\u00e4 t\u00e4\u00e4lt\u00e4. Paremmuus sarjassa tasapisteiss\u00e4 Joukkueiden j\u00e4rjestys sarjassa m\u00e4\u00e4r\u00e4ytyy saavutettujen pisteiden perusteella. Voitosta saa kaksi pistett\u00e4, tasapelist\u00e4 yhden pisteen ja tappiosta nolla pistett\u00e4. Mik\u00e4li tasapisteet niin ylemm\u00e4ss\u00e4 kaikki ottelut ja alemmassa alemman sarjan kokonaisuus, kun l\u00e4hdet\u00e4\u00e4n nollista. Tasapisteiden sattuessa joukkueiden keskin\u00e4inen paremmuus m\u00e4\u00e4r\u00e4ytyy seuraavasti: a) kaikkien [&hellip;]","og_url":"https:\/\/www.finbandy.fi\/fi\/bandyliiga\/liigaohjelma\/","og_site_name":"Suomen J\u00e4\u00e4palloliitto","article_modified_time":"2025-10-15T08:02:37+00:00","twitter_card":"summary_large_image","twitter_misc":{"Arvioitu lukuaika":"3 minuuttia"},"schema":{"@context":"https:\/\/schema.org","@graph":[{"@type":"WebPage","@id":"https:\/\/www.finbandy.fi\/fi\/bandyliiga\/liigaohjelma\/","url":"https:\/\/www.finbandy.fi\/fi\/bandyliiga\/liigaohjelma\/","name":"Sarjaohjelma - Suomen J\u00e4\u00e4palloliitto","isPartOf":{"@id":"https:\/\/www.finbandy.fi\/fi\/#website"},"datePublished":"2014-08-01T10:44:39+00:00","dateModified":"2025-10-15T08:02:37+00:00","breadcrumb":{"@id":"https:\/\/www.finbandy.fi\/fi\/bandyliiga\/liigaohjelma\/#breadcrumb"},"inLanguage":"fi","potentialAction":[{"@type":"ReadAction","target":["https:\/\/www.finbandy.fi\/fi\/bandyliiga\/liigaohjelma\/"]}]},{"@type":"BreadcrumbList","@id":"https:\/\/www.finbandy.fi\/fi\/bandyliiga\/liigaohjelma\/#breadcrumb","itemListElement":[{"@type":"ListItem","position":1,"name":"Etusivu","item":"https:\/\/www.finbandy.fi\/fi\/"},{"@type":"ListItem","position":2,"name":"Bandyliiga","item":"https:\/\/www.finbandy.fi\/fi\/bandyliiga\/"},{"@type":"ListItem","position":3,"name":"Sarjaohjelma"}]},{"@type":"WebSite","@id":"https:\/\/www.finbandy.fi\/fi\/#website","url":"https:\/\/www.finbandy.fi\/fi\/","name":"Suomen J\u00e4\u00e4palloliitto","description":"","potentialAction":[{"@type":"SearchAction","target":{"@type":"EntryPoint","urlTemplate":"https:\/\/www.finbandy.fi\/fi\/?s={search_term_string}"},"query-input":"required name=search_term_string"}],"inLanguage":"fi"}]}},"_links":{"self":[{"href":"https:\/\/www.finbandy.fi\/fi\/wp-json\/wp\/v2\/pages\/264"}],"collection":[{"href":"https:\/\/www.finbandy.fi\/fi\/wp-json\/wp\/v2\/pages"}],"about":[{"href":"https:\/\/www.finbandy.fi\/fi\/wp-json\/wp\/v2\/types\/page"}],"author":[{"embeddable":true,"href":"https:\/\/www.finbandy.fi\/fi\/wp-json\/wp\/v2\/users\/1"}],"replies":[{"embeddable":true,"href":"https:\/\/www.finbandy.fi\/fi\/wp-json\/wp\/v2\/comments?post=264"}],"version-history":[{"count":87,"href":"https:\/\/www.finbandy.fi\/fi\/wp-json\/wp\/v2\/pages\/264\/revisions"}],"predecessor-version":[{"id":23898,"href":"https:\/\/www.finbandy.fi\/fi\/wp-json\/wp\/v2\/pages\/264\/revisions\/23898"}],"up":[{"embeddable":true,"href":"https:\/\/www.finbandy.fi\/fi\/wp-json\/wp\/v2\/pages\/242"}],"wp:attachment":[{"href":"https:\/\/www.finbandy.fi\/fi\/wp-json\/wp\/v2\/media?parent=264"}],"curies":[{"name":"wp","href":"https:\/\/api.w.org\/{rel}","templated":true}]}}