{"id":271,"date":"2013-11-07T16:34:57","date_gmt":"2013-11-07T14:34:57","guid":{"rendered":"https:\/\/www.finbandy.fi\/fi\/?page_id=271"},"modified":"2016-07-13T10:50:36","modified_gmt":"2016-07-13T07:50:36","slug":"katsojan-opas","status":"publish","type":"page","link":"https:\/\/www.finbandy.fi\/fi\/bandyliiga\/katsojan-opas\/","title":{"rendered":"Katsojan opas"},"content":{"rendered":"<div id=\"wp_fb_like_button\" style=\"margin:5px 0;float:none;height:50px;\"><script src=\"http:\/\/connect.facebook.net\/en_US\/all.js#xfbml=1\"><\/script><fb:like href=\"https:\/\/www.finbandy.fi\/fi\/bandyliiga\/katsojan-opas\/\" send=\"true\" layout=\"button_count\" width=\"400\" show_faces=\"false\" font=\"arial\" action=\"like\" colorscheme=\"light\"><\/fb:like><\/div><h3>Katsojan opas &#8211; enemm\u00e4n irti bandymatsista!<\/h3>\n<p>&nbsp;<\/p>\n<p><strong>Katsojan varusteet<\/strong><\/p>\n<p>&nbsp;<\/p>\n<p>J\u00e4\u00e4pallo on ulkolaji ja siksi on suojauduttava tarvittaessa tuulta, lunta, r\u00e4nt\u00e4\u00e4, vesisadetta ja pakkasta vastaan. Kev\u00e4tj\u00e4ill\u00e4 kirkkaassa auringonpaisteessa aurinkolasit ja \u2013voiteet kuuluvat my\u00f6s asiaan.<\/p>\n<p>&nbsp;<\/p>\n<p><strong>Peliaika<\/strong><\/p>\n<p>&nbsp;<\/p>\n<p>Ottelu kest\u00e4\u00e4 2 kertaa 45 minuuttia ja erien v\u00e4liss\u00e4 on 15 min tauko virvokkeiden ja kisamakkaroiden ostoon.<\/p>\n<p>&nbsp;<\/p>\n<p><strong>Aikalis\u00e4<\/strong><\/p>\n<p>&nbsp;<\/p>\n<p>Joukkueet voivat ottaa pelin aikana yhden minuutin aikalis\u00e4n.<\/p>\n<p>&nbsp;<\/p>\n<p><strong>Joukkueet<\/strong><\/p>\n<p>&nbsp;<\/p>\n<p>Joukkueessa kent\u00e4ll\u00e4 on maalivahti ja 10 kentt\u00e4pelaajaa. Useimmiten joukkueessa kent\u00e4ll\u00e4 alimpana pelaa libero ja h\u00e4nen edess\u00e4\u00e4n kaksi puolustajaa sek\u00e4 kaksi sivutukea. Keskikent\u00e4ll\u00e4 on 2-3 v\u00e4lihy\u00f6kk\u00e4\u00e4j\u00e4\u00e4 ja ylemp\u00e4n\u00e4 laidoilla on laitahy\u00f6kk\u00e4\u00e4j\u00e4t ja keskell\u00e4 keskushy\u00f6kk\u00e4\u00e4j\u00e4. Vaihtopenkill\u00e4 on yleens\u00e4 varamaalivahti ja 4 kentt\u00e4pelaajaa. Vaihtoja saa tehd\u00e4 rajattomasti.<\/p>\n<p>&nbsp;<\/p>\n<p><strong>Varusteet<\/strong><\/p>\n<p>&nbsp;<\/p>\n<p>Maalivahdeilla ei ole mailaa kuten kentt\u00e4pelaajilla. Pakollisia varusteita ovat kyp\u00e4r\u00e4, kaulasuoja, suusuoja ja maalivahdilla kasvosuoja. Maalivahti saa pit\u00e4\u00e4 palloa viisi sekuntia, sitten se on laitettava liikkeelle.<\/p>\n<p>&nbsp;<\/p>\n<p><strong>Erotuomarit<\/strong><\/p>\n<p>&nbsp;<\/p>\n<p>Ottelun tuomitsee kolme erotuomaria, joista yksi on p\u00e4\u00e4tuomari ja kaksi muuta ovat linjatuomareita.<\/p>\n<p>&nbsp;<\/p>\n<p><strong>Pelin aloitus<\/strong><\/p>\n<p>&nbsp;<\/p>\n<p>Ottelu alkaa erotuomarin merkinannon j\u00e4lkeen pelikent\u00e4n keskipisteest\u00e4. Pelaajien on oltava alkuly\u00f6nnin aikana omalla kentt\u00e4puoliskollaan.<\/p>\n<p>&nbsp;<\/p>\n<p><strong>Maalivahti<\/strong><\/p>\n<p>&nbsp;<\/p>\n<p>Maalivahti saa omalla rangaistusalueellaan pys\u00e4ytt\u00e4\u00e4, pit\u00e4\u00e4 hallussa, ohjata, ly\u00f6d\u00e4, heitt\u00e4\u00e4 tai potkaista palloa mill\u00e4 hyv\u00e4ns\u00e4 kehonosalla, mukaan lukien k\u00e4sivarret ja k\u00e4det. Muutoin maalivahtia koskevat samat s\u00e4\u00e4nn\u00f6t kuin kentt\u00e4pelaajiakin.<\/p>\n<p>&nbsp;<\/p>\n<p><strong>Maaliheitto<\/strong><\/p>\n<p>&nbsp;<\/p>\n<p>Kun pallo on pelattu p\u00e4\u00e4tyrajan yli ja palloon on viimeisen\u00e4 koskenut hy\u00f6kk\u00e4\u00e4j\u00e4pelaaja, suorittaa puolustavan joukkueen maalivahti maaliheiton pelin k\u00e4ynnist\u00e4miseksi. Hy\u00f6kk\u00e4\u00e4v\u00e4n joukkueen pelaajien on oltava maaliheiton aikana rangaistusalueen ulkopuolella.<\/p>\n<p>&nbsp;<\/p>\n<p><strong>Vapaaly\u00f6nti<\/strong><\/p>\n<p>&nbsp;<\/p>\n<p>Rikkeen j\u00e4lkeen peli\u00e4 jatketaan useimmiten vapaaly\u00f6nnill\u00e4. Toisen joukkueen pelaajien on ment\u00e4v\u00e4 v\u00e4hint\u00e4\u00e4n viiden metrin p\u00e4\u00e4h\u00e4n pallosta.<\/p>\n<p>&nbsp;<\/p>\n<p><strong>Kulmaly\u00f6nti<\/strong><\/p>\n<p>&nbsp;<\/p>\n<p>Pallon menty\u00e4 p\u00e4\u00e4tyviivan yli puolustavasta pelaajasta erotuomari tuomitsee kulmaly\u00f6nnin hy\u00f6kk\u00e4\u00e4v\u00e4lle joukkueelle. Hy\u00f6kk\u00e4\u00e4v\u00e4ll\u00e4 joukkueella on ainoastaan yksi kulmaly\u00f6nti &#8211; toinen kulma voidaan tuomita kun puolustavan joukkueen pelaaja on pelannut palloa tai pallo on k\u00e4ynyt rangaistusalueen ulkopuolella. Jos puolustavan joukkueen pelaaja tarkoituksellisesti pelaa pallon yli p\u00e4\u00e4tyrajan, tuomitaan uusi kulma<\/p>\n<p>&nbsp;<\/p>\n<p><strong>Paitsio (m\u00e4\u00e4ritelm\u00e4)<\/strong><\/p>\n<p>&nbsp;<\/p>\n<p>\u201dPelaaja on paitsioasemassa, kun h\u00e4n on vastajoukkueen kentt\u00e4puoliskolla l\u00e4hemp\u00e4n\u00e4 p\u00e4\u00e4tyrajaa kuin pallo ja h\u00e4nen itsens\u00e4 ja vastajoukkueen p\u00e4\u00e4tyrajan v\u00e4liss\u00e4 on v\u00e4hemm\u00e4n kuin kaksi vastapelaajaa sill\u00e4 hetkell\u00e4 kun pelaajan kanssapelaaja pelaa pallon h\u00e4nelle\u201d<\/p>\n<p>&nbsp;<\/p>\n<p><strong>Hy\u00f6ty<\/strong><\/p>\n<p>&nbsp;<\/p>\n<p>Erotuomari soveltaa ottelussa hy\u00f6tyn\u00e4k\u00f6kohtaa rikkomuksissa, joista seuraa joko j\u00e4\u00e4hy tai vapaaly\u00f6nti. Mik\u00e4li rikotulla joukkueella on rikkeen j\u00e4lkeen edelleen pallo hallussa, voi erotuomari antaa pelin jatkua jos t\u00e4st\u00e4 on enemm\u00e4n hy\u00f6ty\u00e4 kuin esim. vapaaly\u00f6nnist\u00e4.<\/p>\n<p>&nbsp;<\/p>\n<p><strong>J\u00e4\u00e4hyt<\/strong><\/p>\n<p>&nbsp;<\/p>\n<p>Erotuomari voi ottelussa tuomita pelaajalle 5 min tai 10 min j\u00e4\u00e4hyn riippuen rikkeen laadusta. T\u00f6rkeiss\u00e4 tapauksissaerotuomari voi poistaa pelaajan pelikent\u00e4lt\u00e4 ja t\u00e4ll\u00f6in joukkue pelaajaa vajaamiehisen\u00e4 ottelun loppuun.<\/p>\n<p>&nbsp;<\/p>\n<p><strong>Siirretty j\u00e4\u00e4hy<\/strong><\/p>\n<p>&nbsp;<\/p>\n<p>Jos erotuomari soveltaa hy\u00f6tyn\u00e4k\u00f6kohtaa rikkomuksessa, josta seuraa j\u00e4\u00e4hy, h\u00e4nen on nostettava toinen k\u00e4si suoraan yl\u00f6s. Hy\u00f6tytilanteen menty\u00e4 ohi rikkomuksen tehneelle pelaajalle tuomitaan j\u00e4\u00e4hy.<\/p>\n<p>&nbsp;<\/p>\n<p><strong>Vastapelaaja<\/strong><\/p>\n<p>&nbsp;<\/p>\n<p>Vastapelaajaan kohdistuva potkiminen,kampitus, k\u00e4dell\u00e4 \/ mailalla ly\u00f6minen, ty\u00f6nt\u00e4minen tai est\u00e4minen, kiinni tarttuminen, mailan heitt\u00e4minen vastapelaajaa tai palloa kohti on kielletty. On my\u00f6s kielletty ly\u00f6d\u00e4, huitoa, nostaa tai painaa vastapelaajan mailaa sek\u00e4 est\u00e4\u00e4 vastapelaajaa k\u00e4ytt\u00e4m\u00e4st\u00e4 mailaa. Kaikki v\u00e4kivaltainen, vaarallinen ja ep\u00e4urheilijamainenn peli on ehdottomasti kielletty.<\/p>\n<p>&nbsp;<\/p>\n<p><strong>Rangaistusly\u00f6nti<\/strong><\/p>\n<p>&nbsp;<\/p>\n<p>Rangaistusalueella tapahtuneesta puolustavan joukkueen pelaajan rikkomuksesta voidaan tuomita rangaistusly\u00f6nti. Rangaistusly\u00f6nti\u00e4 edelt\u00e4neest\u00e4 rikkomuksesta seuraa v\u00e4hint\u00e4\u00e4n j\u00e4\u00e4hy.<\/p>\n<p>&nbsp;<\/p>\n<p><strong>Maali<\/strong><\/p>\n<p>&nbsp;<\/p>\n<p>Maalit ovat pelin suola ja pippuri! Maali voidaan tehd\u00e4 suoraan alku-, vapaa-, kulma- tai rangaistusly\u00f6nnist\u00e4 sek\u00e4 erotuomaripallosta. Maali voidaan tehd\u00e4 vain mailalla<\/p>\n<p>&nbsp;<\/p>\n<p><strong>Yleisimm\u00e4t rikkeet<\/strong><\/p>\n<p>&nbsp;<\/p>\n<p>Yleisimpi\u00e4 rikkeit\u00e4 on korkea maila, mailaan ly\u00f6nti, kiinnipit\u00e4minen, pelin viivytt\u00e4minen, huitominen, sopimaton k\u00e4yt\u00f6s sek\u00e4 kampitus<\/p>\n<p>&nbsp;<\/p>\n<h3>Taktiikkaa:<\/h3>\n<p>&nbsp;<\/p>\n<p><strong>Pelij\u00e4rjestelm\u00e4<\/strong><\/p>\n<p>&nbsp;<\/p>\n<p>Yleisimmin joukkueet pelaavat 3-4-3 j\u00e4rjestelm\u00e4ll\u00e4: kolme alakerran pelaajaa, nelj\u00e4 keskikentt\u00e4pelaajaa ja kolme hy\u00f6kk\u00e4\u00e4j\u00e4\u00e4. J\u00e4rjestelm\u00e4\u00e4 muutetaan lis\u00e4\u00e4m\u00e4ll\u00e4 keskikentt\u00e4\/alakerran pelaajien m\u00e4\u00e4r\u00e4\u00e4<\/p>\n<p>&nbsp;<\/p>\n<p><strong>Puolustaminen<\/strong><\/p>\n<p>&nbsp;<\/p>\n<p>Puolustaminen tapahtuu koko joukkueen voimalla ja se on joko aktiivinen ylemp\u00e4\u00e4 aloitettava puolustaminen tai ns. valuva keskialueelta alkava puolustaminen.<\/p>\n<p>&nbsp;<\/p>\n<p><strong>Hy\u00f6kk\u00e4\u00e4minen<\/strong><\/p>\n<p>&nbsp;<\/p>\n<p>Hy\u00f6kk\u00e4ys on joko nopea tai hidas. Nopea hy\u00f6kk\u00e4ys tehd\u00e4\u00e4n heti pallonriiston, sy\u00f6t\u00f6n katkon j\u00e4lkeen tai maalivahdin pitk\u00e4ll\u00e4 avauksella. Hidas hy\u00f6kk\u00e4ys k\u00e4ynnistyy omalta pelialueelta. Tarkoitus on eri kuvioilla ohittaa vastustajan yl\u00e4karvaus ja p\u00e4\u00e4st\u00e4 hyviin asetelmiin keskell\u00e4 pelialuetta.<\/p>\n<p>&nbsp;<\/p>\n<h3>Muista nauttia my\u00f6s perinteinen kisamakkara! Se on parasta raikkaassa ulkoilmassa&#8230;<\/h3>\n","protected":false},"excerpt":{"rendered":"<p>Katsojan opas &#8211; enemm\u00e4n irti bandymatsista! &nbsp; Katsojan varusteet &nbsp; J\u00e4\u00e4pallo on ulkolaji ja siksi on suojauduttava tarvittaessa tuulta, lunta, r\u00e4nt\u00e4\u00e4, vesisadetta ja pakkasta vastaan. Kev\u00e4tj\u00e4ill\u00e4 kirkkaassa auringonpaisteessa aurinkolasit ja \u2013voiteet kuuluvat my\u00f6s asiaan. &nbsp; Peliaika &nbsp; Ottelu kest\u00e4\u00e4 2 kertaa 45 minuuttia ja erien v\u00e4liss\u00e4 on 15 min tauko virvokkeiden ja kisamakkaroiden ostoon. &nbsp; [&hellip;]<\/p>\n","protected":false},"author":1,"featured_media":0,"parent":242,"menu_order":5,"comment_status":"open","ping_status":"open","template":"yksittainen.php","meta":{"_monsterinsights_skip_tracking":false,"_monsterinsights_sitenote_active":false,"_monsterinsights_sitenote_note":"","_monsterinsights_sitenote_category":0,"site-sidebar-layout":"default","site-content-layout":"","ast-site-content-layout":"","site-content-style":"default","site-sidebar-style":"default","ast-global-header-display":"","ast-banner-title-visibility":"","ast-main-header-display":"","ast-hfb-above-header-display":"","ast-hfb-below-header-display":"","ast-hfb-mobile-header-display":"","site-post-title":"","ast-breadcrumbs-content":"","ast-featured-img":"","footer-sml-layout":"","theme-transparent-header-meta":"","adv-header-id-meta":"","stick-header-meta":"","header-above-stick-meta":"","header-main-stick-meta":"","header-below-stick-meta":"","astra-migrate-meta-layouts":"default","ast-page-background-enabled":"default","ast-page-background-meta":{"desktop":{"background-color":"var(--ast-global-color-4)","background-image":"","background-repeat":"repeat","background-position":"center center","background-size":"auto","background-attachment":"scroll","background-type":"","background-media":"","overlay-type":"","overlay-color":"","overlay-opacity":"","overlay-gradient":""},"tablet":{"background-color":"","background-image":"","background-repeat":"repeat","background-position":"center center","background-size":"auto","background-attachment":"scroll","background-type":"","background-media":"","overlay-type":"","overlay-color":"","overlay-opacity":"","overlay-gradient":""},"mobile":{"background-color":"","background-image":"","background-repeat":"repeat","background-position":"center center","background-size":"auto","background-attachment":"scroll","background-type":"","background-media":"","overlay-type":"","overlay-color":"","overlay-opacity":"","overlay-gradient":""}},"ast-content-background-meta":{"desktop":{"background-color":"var(--ast-global-color-5)","background-image":"","background-repeat":"repeat","background-position":"center center","background-size":"auto","background-attachment":"scroll","background-type":"","background-media":"","overlay-type":"","overlay-color":"","overlay-opacity":"","overlay-gradient":""},"tablet":{"background-color":"var(--ast-global-color-5)","background-image":"","background-repeat":"repeat","background-position":"center center","background-size":"auto","background-attachment":"scroll","background-type":"","background-media":"","overlay-type":"","overlay-color":"","overlay-opacity":"","overlay-gradient":""},"mobile":{"background-color":"var(--ast-global-color-5)","background-image":"","background-repeat":"repeat","background-position":"center center","background-size":"auto","background-attachment":"scroll","background-type":"","background-media":"","overlay-type":"","overlay-color":"","overlay-opacity":"","overlay-gradient":""}},"footnotes":"","_expiration-date-status":"saved","_expiration-date":0,"_expiration-date-type":"","_expiration-date-categories":[],"_expiration-date-options":[]},"class_list":["post-271","page","type-page","status-publish","hentry"],"yoast_head":"<!-- This site is optimized with the Yoast SEO plugin v19.7.1 - https:\/\/yoast.com\/wordpress\/plugins\/seo\/ -->\n<title>Katsojan opas - Suomen J\u00e4\u00e4palloliitto<\/title>\n<meta name=\"robots\" content=\"index, follow, max-snippet:-1, max-image-preview:large, max-video-preview:-1\" \/>\n<link rel=\"canonical\" href=\"https:\/\/www.finbandy.fi\/fi\/bandyliiga\/katsojan-opas\/\" \/>\n<meta property=\"og:locale\" content=\"fi_FI\" \/>\n<meta property=\"og:type\" content=\"article\" \/>\n<meta property=\"og:title\" content=\"Katsojan opas - Suomen J\u00e4\u00e4palloliitto\" \/>\n<meta property=\"og:description\" content=\"Katsojan opas &#8211; enemm\u00e4n irti bandymatsista! &nbsp; Katsojan varusteet &nbsp; J\u00e4\u00e4pallo on ulkolaji ja siksi on suojauduttava tarvittaessa tuulta, lunta, r\u00e4nt\u00e4\u00e4, vesisadetta ja pakkasta vastaan. Kev\u00e4tj\u00e4ill\u00e4 kirkkaassa auringonpaisteessa aurinkolasit ja \u2013voiteet kuuluvat my\u00f6s asiaan. &nbsp; Peliaika &nbsp; Ottelu kest\u00e4\u00e4 2 kertaa 45 minuuttia ja erien v\u00e4liss\u00e4 on 15 min tauko virvokkeiden ja kisamakkaroiden ostoon. &nbsp; [&hellip;]\" \/>\n<meta property=\"og:url\" content=\"https:\/\/www.finbandy.fi\/fi\/bandyliiga\/katsojan-opas\/\" \/>\n<meta property=\"og:site_name\" content=\"Suomen J\u00e4\u00e4palloliitto\" \/>\n<meta property=\"article:modified_time\" content=\"2016-07-13T07:50:36+00:00\" \/>\n<meta name=\"twitter:card\" content=\"summary_large_image\" \/>\n<meta name=\"twitter:label1\" content=\"Arvioitu lukuaika\" \/>\n\t<meta name=\"twitter:data1\" content=\"4 minuuttia\" \/>\n<script type=\"application\/ld+json\" class=\"yoast-schema-graph\">{\"@context\":\"https:\/\/schema.org\",\"@graph\":[{\"@type\":\"WebPage\",\"@id\":\"https:\/\/www.finbandy.fi\/fi\/bandyliiga\/katsojan-opas\/\",\"url\":\"https:\/\/www.finbandy.fi\/fi\/bandyliiga\/katsojan-opas\/\",\"name\":\"Katsojan opas - Suomen J\u00e4\u00e4palloliitto\",\"isPartOf\":{\"@id\":\"https:\/\/www.finbandy.fi\/fi\/#website\"},\"datePublished\":\"2013-11-07T14:34:57+00:00\",\"dateModified\":\"2016-07-13T07:50:36+00:00\",\"breadcrumb\":{\"@id\":\"https:\/\/www.finbandy.fi\/fi\/bandyliiga\/katsojan-opas\/#breadcrumb\"},\"inLanguage\":\"fi\",\"potentialAction\":[{\"@type\":\"ReadAction\",\"target\":[\"https:\/\/www.finbandy.fi\/fi\/bandyliiga\/katsojan-opas\/\"]}]},{\"@type\":\"BreadcrumbList\",\"@id\":\"https:\/\/www.finbandy.fi\/fi\/bandyliiga\/katsojan-opas\/#breadcrumb\",\"itemListElement\":[{\"@type\":\"ListItem\",\"position\":1,\"name\":\"Etusivu\",\"item\":\"https:\/\/www.finbandy.fi\/fi\/\"},{\"@type\":\"ListItem\",\"position\":2,\"name\":\"Bandyliiga\",\"item\":\"https:\/\/www.finbandy.fi\/fi\/bandyliiga\/\"},{\"@type\":\"ListItem\",\"position\":3,\"name\":\"Katsojan opas\"}]},{\"@type\":\"WebSite\",\"@id\":\"https:\/\/www.finbandy.fi\/fi\/#website\",\"url\":\"https:\/\/www.finbandy.fi\/fi\/\",\"name\":\"Suomen J\u00e4\u00e4palloliitto\",\"description\":\"\",\"potentialAction\":[{\"@type\":\"SearchAction\",\"target\":{\"@type\":\"EntryPoint\",\"urlTemplate\":\"https:\/\/www.finbandy.fi\/fi\/?s={search_term_string}\"},\"query-input\":\"required name=search_term_string\"}],\"inLanguage\":\"fi\"}]}<\/script>\n<!-- \/ Yoast SEO plugin. -->","yoast_head_json":{"title":"Katsojan opas - Suomen J\u00e4\u00e4palloliitto","robots":{"index":"index","follow":"follow","max-snippet":"max-snippet:-1","max-image-preview":"max-image-preview:large","max-video-preview":"max-video-preview:-1"},"canonical":"https:\/\/www.finbandy.fi\/fi\/bandyliiga\/katsojan-opas\/","og_locale":"fi_FI","og_type":"article","og_title":"Katsojan opas - Suomen J\u00e4\u00e4palloliitto","og_description":"Katsojan opas &#8211; enemm\u00e4n irti bandymatsista! &nbsp; Katsojan varusteet &nbsp; J\u00e4\u00e4pallo on ulkolaji ja siksi on suojauduttava tarvittaessa tuulta, lunta, r\u00e4nt\u00e4\u00e4, vesisadetta ja pakkasta vastaan. Kev\u00e4tj\u00e4ill\u00e4 kirkkaassa auringonpaisteessa aurinkolasit ja \u2013voiteet kuuluvat my\u00f6s asiaan. &nbsp; Peliaika &nbsp; Ottelu kest\u00e4\u00e4 2 kertaa 45 minuuttia ja erien v\u00e4liss\u00e4 on 15 min tauko virvokkeiden ja kisamakkaroiden ostoon. &nbsp; [&hellip;]","og_url":"https:\/\/www.finbandy.fi\/fi\/bandyliiga\/katsojan-opas\/","og_site_name":"Suomen J\u00e4\u00e4palloliitto","article_modified_time":"2016-07-13T07:50:36+00:00","twitter_card":"summary_large_image","twitter_misc":{"Arvioitu lukuaika":"4 minuuttia"},"schema":{"@context":"https:\/\/schema.org","@graph":[{"@type":"WebPage","@id":"https:\/\/www.finbandy.fi\/fi\/bandyliiga\/katsojan-opas\/","url":"https:\/\/www.finbandy.fi\/fi\/bandyliiga\/katsojan-opas\/","name":"Katsojan opas - Suomen J\u00e4\u00e4palloliitto","isPartOf":{"@id":"https:\/\/www.finbandy.fi\/fi\/#website"},"datePublished":"2013-11-07T14:34:57+00:00","dateModified":"2016-07-13T07:50:36+00:00","breadcrumb":{"@id":"https:\/\/www.finbandy.fi\/fi\/bandyliiga\/katsojan-opas\/#breadcrumb"},"inLanguage":"fi","potentialAction":[{"@type":"ReadAction","target":["https:\/\/www.finbandy.fi\/fi\/bandyliiga\/katsojan-opas\/"]}]},{"@type":"BreadcrumbList","@id":"https:\/\/www.finbandy.fi\/fi\/bandyliiga\/katsojan-opas\/#breadcrumb","itemListElement":[{"@type":"ListItem","position":1,"name":"Etusivu","item":"https:\/\/www.finbandy.fi\/fi\/"},{"@type":"ListItem","position":2,"name":"Bandyliiga","item":"https:\/\/www.finbandy.fi\/fi\/bandyliiga\/"},{"@type":"ListItem","position":3,"name":"Katsojan opas"}]},{"@type":"WebSite","@id":"https:\/\/www.finbandy.fi\/fi\/#website","url":"https:\/\/www.finbandy.fi\/fi\/","name":"Suomen J\u00e4\u00e4palloliitto","description":"","potentialAction":[{"@type":"SearchAction","target":{"@type":"EntryPoint","urlTemplate":"https:\/\/www.finbandy.fi\/fi\/?s={search_term_string}"},"query-input":"required name=search_term_string"}],"inLanguage":"fi"}]}},"_links":{"self":[{"href":"https:\/\/www.finbandy.fi\/fi\/wp-json\/wp\/v2\/pages\/271"}],"collection":[{"href":"https:\/\/www.finbandy.fi\/fi\/wp-json\/wp\/v2\/pages"}],"about":[{"href":"https:\/\/www.finbandy.fi\/fi\/wp-json\/wp\/v2\/types\/page"}],"author":[{"embeddable":true,"href":"https:\/\/www.finbandy.fi\/fi\/wp-json\/wp\/v2\/users\/1"}],"replies":[{"embeddable":true,"href":"https:\/\/www.finbandy.fi\/fi\/wp-json\/wp\/v2\/comments?post=271"}],"version-history":[{"count":2,"href":"https:\/\/www.finbandy.fi\/fi\/wp-json\/wp\/v2\/pages\/271\/revisions"}],"predecessor-version":[{"id":9143,"href":"https:\/\/www.finbandy.fi\/fi\/wp-json\/wp\/v2\/pages\/271\/revisions\/9143"}],"up":[{"embeddable":true,"href":"https:\/\/www.finbandy.fi\/fi\/wp-json\/wp\/v2\/pages\/242"}],"wp:attachment":[{"href":"https:\/\/www.finbandy.fi\/fi\/wp-json\/wp\/v2\/media?parent=271"}],"curies":[{"name":"wp","href":"https:\/\/api.w.org\/{rel}","templated":true}]}}