{"id":29,"date":"2013-11-07T13:42:41","date_gmt":"2013-11-07T11:42:41","guid":{"rendered":"https:\/\/www.finbandy.fi\/fi\/?page_id=29"},"modified":"2021-01-20T09:32:56","modified_gmt":"2021-01-20T07:32:56","slug":"videot","status":"publish","type":"page","link":"https:\/\/www.finbandy.fi\/fi\/uutiset\/videot\/","title":{"rendered":"Videot"},"content":{"rendered":"<div id=\"wp_fb_like_button\" style=\"margin:5px 0;float:none;height:50px;\"><script src=\"http:\/\/connect.facebook.net\/en_US\/all.js#xfbml=1\"><\/script><fb:like href=\"https:\/\/www.finbandy.fi\/fi\/uutiset\/videot\/\" send=\"true\" layout=\"button_count\" width=\"400\" show_faces=\"false\" font=\"arial\" action=\"like\" colorscheme=\"light\"><\/fb:like><\/div><h3>J\u00e4\u00e4pallovideot<\/h3>\n<p>Yle arkisto <a href=\"https:\/\/yle.fi\/aihe\/artikkeli\/2007\/01\/17\/jaapallon-ensimmainen-mm-turnaus\">MM-kisat 1957<\/a><\/p>\n<p><a href=\"http:\/\/vimeo.com\/87221222\">J\u00e4\u00e4pallon esittelyvideo <\/a>p\u00e4ivitetty 15.10.2014<\/p>\n<p>J\u00e4\u00e4palloa Youtubessa:<\/p>\n<p><a href=\"http:\/\/www.youtube.com\/watch?v=Vwb_Ed2GYFQ\">J\u00e4\u00e4pallo Olympiakisoihin <\/a><\/p>\n<p>FIB:n lajin <a href=\"http:\/\/www.youtube.com\/watch?v=d8ohXICY760\">esittelyvideo<\/a><\/p>\n<p><a href=\"http:\/\/www.youtube.com\/watch?v=Vn_8JwV0w6c\">P17 MM-finaali 2013 Ven\u00e4j\u00e4<\/a>\u00a0&#8211;<a href=\"http:\/\/www.youtube.com\/watch?v=Vn_8JwV0w6c\">\u00a0Suomi 5-7<br \/>\n<\/a><a href=\"http:\/\/www.youtube.com\/watch?v=Vn_8JwV0w6c\">P17 MM-finaalin 2013 Krasnojarsk, Ven\u00e4j\u00e4<br \/>\n<\/a><a href=\"http:\/\/www.youtube.com\/watch?v=4oZX7C5JMRI\">USA:n joukkue Almatyn MM-kisoissa<br \/>\n<\/a><a href=\"http:\/\/www.youtube.com\/results?search_query=%D1%85%D0%BE%D0%BA%D0%BA%D0%B5%D1%8F+%D1%81+%D0%BC%D1%8F%D1%87%D0%BE%D0%BC&amp;aq=f\">\u0445\u043e\u043a\u043a\u0435\u044f \u0441 \u043c\u044f\u0447\u043e\u043c<br \/>\n<\/a><a href=\"http:\/\/www.youtube.com\/results?search_query=j%C3%A4%C3%A4pallo&amp;aq=f\">j\u00e4\u00e4pallo<br \/>\n<\/a><a href=\"http:\/\/www.youtube.com\/results?search_query=bandy&amp;aq=f\">bandy<\/a><\/p>\n<p><a href=\"https:\/\/www.youtube.com\/watch?v=0vcvxd9vgRQ\">Sami Laakkosen 2004 MM finaalin jatkoaikamaali<\/a><\/p>\n<p>Vesa Harinen on tehnyt Sami Laakkosesta<a href=\"https:\/\/www.youtube.com\/watch?v=15r9m_3Kdl8&amp;feature=youtu.be\"> videon<\/a> Legendoja ja kohtaamisia, joka pohjautuu Antti Torvisen pakinaan J\u00e4\u00e4pallolegendoja ja kohtaamisia.<\/p>\n<p>Pasi Virtasen<a href=\"http:\/\/www.youtube.com\/watch?v=YCyEXa2_lT0\"> j\u00e4\u00e4pallo on kivaa<\/a><\/p>\n<p><a href=\"https:\/\/www.youtube.com\/watch?v=LN9w4vdAYd0\">Irkutsk MM 2014 kooste<\/a><\/p>\n","protected":false},"excerpt":{"rendered":"<p>J\u00e4\u00e4pallovideot Yle arkisto MM-kisat 1957 J\u00e4\u00e4pallon esittelyvideo p\u00e4ivitetty 15.10.2014 J\u00e4\u00e4palloa Youtubessa: J\u00e4\u00e4pallo Olympiakisoihin FIB:n lajin esittelyvideo P17 MM-finaali 2013 Ven\u00e4j\u00e4\u00a0&#8211;\u00a0Suomi 5-7 P17 MM-finaalin 2013 Krasnojarsk, Ven\u00e4j\u00e4 USA:n joukkue Almatyn MM-kisoissa \u0445\u043e\u043a\u043a\u0435\u044f \u0441 \u043c\u044f\u0447\u043e\u043c j\u00e4\u00e4pallo bandy Sami Laakkosen 2004 MM finaalin jatkoaikamaali Vesa Harinen on tehnyt Sami Laakkosesta videon Legendoja ja kohtaamisia, joka pohjautuu Antti Torvisen [&hellip;]<\/p>\n","protected":false},"author":1,"featured_media":0,"parent":11,"menu_order":6,"comment_status":"open","ping_status":"open","template":"yksittainen.php","meta":{"_monsterinsights_skip_tracking":false,"_monsterinsights_sitenote_active":false,"_monsterinsights_sitenote_note":"","_monsterinsights_sitenote_category":0,"site-sidebar-layout":"default","site-content-layout":"","ast-site-content-layout":"","site-content-style":"default","site-sidebar-style":"default","ast-global-header-display":"","ast-banner-title-visibility":"","ast-main-header-display":"","ast-hfb-above-header-display":"","ast-hfb-below-header-display":"","ast-hfb-mobile-header-display":"","site-post-title":"","ast-breadcrumbs-content":"","ast-featured-img":"","footer-sml-layout":"","theme-transparent-header-meta":"","adv-header-id-meta":"","stick-header-meta":"","header-above-stick-meta":"","header-main-stick-meta":"","header-below-stick-meta":"","astra-migrate-meta-layouts":"default","ast-page-background-enabled":"default","ast-page-background-meta":{"desktop":{"background-color":"var(--ast-global-color-4)","background-image":"","background-repeat":"repeat","background-position":"center center","background-size":"auto","background-attachment":"scroll","background-type":"","background-media":"","overlay-type":"","overlay-color":"","overlay-opacity":"","overlay-gradient":""},"tablet":{"background-color":"","background-image":"","background-repeat":"repeat","background-position":"center center","background-size":"auto","background-attachment":"scroll","background-type":"","background-media":"","overlay-type":"","overlay-color":"","overlay-opacity":"","overlay-gradient":""},"mobile":{"background-color":"","background-image":"","background-repeat":"repeat","background-position":"center center","background-size":"auto","background-attachment":"scroll","background-type":"","background-media":"","overlay-type":"","overlay-color":"","overlay-opacity":"","overlay-gradient":""}},"ast-content-background-meta":{"desktop":{"background-color":"var(--ast-global-color-5)","background-image":"","background-repeat":"repeat","background-position":"center center","background-size":"auto","background-attachment":"scroll","background-type":"","background-media":"","overlay-type":"","overlay-color":"","overlay-opacity":"","overlay-gradient":""},"tablet":{"background-color":"var(--ast-global-color-5)","background-image":"","background-repeat":"repeat","background-position":"center center","background-size":"auto","background-attachment":"scroll","background-type":"","background-media":"","overlay-type":"","overlay-color":"","overlay-opacity":"","overlay-gradient":""},"mobile":{"background-color":"var(--ast-global-color-5)","background-image":"","background-repeat":"repeat","background-position":"center center","background-size":"auto","background-attachment":"scroll","background-type":"","background-media":"","overlay-type":"","overlay-color":"","overlay-opacity":"","overlay-gradient":""}},"footnotes":"","_expiration-date-status":"saved","_expiration-date":0,"_expiration-date-type":"","_expiration-date-categories":[],"_expiration-date-options":[]},"class_list":["post-29","page","type-page","status-publish","hentry"],"yoast_head":"<!-- This site is optimized with the Yoast SEO plugin v19.7.1 - https:\/\/yoast.com\/wordpress\/plugins\/seo\/ -->\n<title>Videot - Suomen J\u00e4\u00e4palloliitto<\/title>\n<meta name=\"robots\" content=\"index, follow, max-snippet:-1, max-image-preview:large, max-video-preview:-1\" \/>\n<link rel=\"canonical\" href=\"https:\/\/www.finbandy.fi\/fi\/uutiset\/videot\/\" \/>\n<meta property=\"og:locale\" content=\"fi_FI\" \/>\n<meta property=\"og:type\" content=\"article\" \/>\n<meta property=\"og:title\" content=\"Videot - Suomen J\u00e4\u00e4palloliitto\" \/>\n<meta property=\"og:description\" content=\"J\u00e4\u00e4pallovideot Yle arkisto MM-kisat 1957 J\u00e4\u00e4pallon esittelyvideo p\u00e4ivitetty 15.10.2014 J\u00e4\u00e4palloa Youtubessa: J\u00e4\u00e4pallo Olympiakisoihin FIB:n lajin esittelyvideo P17 MM-finaali 2013 Ven\u00e4j\u00e4\u00a0&#8211;\u00a0Suomi 5-7 P17 MM-finaalin 2013 Krasnojarsk, Ven\u00e4j\u00e4 USA:n joukkue Almatyn MM-kisoissa \u0445\u043e\u043a\u043a\u0435\u044f \u0441 \u043c\u044f\u0447\u043e\u043c j\u00e4\u00e4pallo bandy Sami Laakkosen 2004 MM finaalin jatkoaikamaali Vesa Harinen on tehnyt Sami Laakkosesta videon Legendoja ja kohtaamisia, joka pohjautuu Antti Torvisen [&hellip;]\" \/>\n<meta property=\"og:url\" content=\"https:\/\/www.finbandy.fi\/fi\/uutiset\/videot\/\" \/>\n<meta property=\"og:site_name\" content=\"Suomen J\u00e4\u00e4palloliitto\" \/>\n<meta property=\"article:modified_time\" content=\"2021-01-20T07:32:56+00:00\" \/>\n<meta name=\"twitter:card\" content=\"summary_large_image\" \/>\n<script type=\"application\/ld+json\" class=\"yoast-schema-graph\">{\"@context\":\"https:\/\/schema.org\",\"@graph\":[{\"@type\":\"WebPage\",\"@id\":\"https:\/\/www.finbandy.fi\/fi\/uutiset\/videot\/\",\"url\":\"https:\/\/www.finbandy.fi\/fi\/uutiset\/videot\/\",\"name\":\"Videot - Suomen J\u00e4\u00e4palloliitto\",\"isPartOf\":{\"@id\":\"https:\/\/www.finbandy.fi\/fi\/#website\"},\"datePublished\":\"2013-11-07T11:42:41+00:00\",\"dateModified\":\"2021-01-20T07:32:56+00:00\",\"breadcrumb\":{\"@id\":\"https:\/\/www.finbandy.fi\/fi\/uutiset\/videot\/#breadcrumb\"},\"inLanguage\":\"fi\",\"potentialAction\":[{\"@type\":\"ReadAction\",\"target\":[\"https:\/\/www.finbandy.fi\/fi\/uutiset\/videot\/\"]}]},{\"@type\":\"BreadcrumbList\",\"@id\":\"https:\/\/www.finbandy.fi\/fi\/uutiset\/videot\/#breadcrumb\",\"itemListElement\":[{\"@type\":\"ListItem\",\"position\":1,\"name\":\"Etusivu\",\"item\":\"https:\/\/www.finbandy.fi\/fi\/\"},{\"@type\":\"ListItem\",\"position\":2,\"name\":\"Uutiset\",\"item\":\"https:\/\/www.finbandy.fi\/fi\/uutiset\/\"},{\"@type\":\"ListItem\",\"position\":3,\"name\":\"Videot\"}]},{\"@type\":\"WebSite\",\"@id\":\"https:\/\/www.finbandy.fi\/fi\/#website\",\"url\":\"https:\/\/www.finbandy.fi\/fi\/\",\"name\":\"Suomen J\u00e4\u00e4palloliitto\",\"description\":\"\",\"potentialAction\":[{\"@type\":\"SearchAction\",\"target\":{\"@type\":\"EntryPoint\",\"urlTemplate\":\"https:\/\/www.finbandy.fi\/fi\/?s={search_term_string}\"},\"query-input\":\"required name=search_term_string\"}],\"inLanguage\":\"fi\"}]}<\/script>\n<!-- \/ Yoast SEO plugin. -->","yoast_head_json":{"title":"Videot - Suomen J\u00e4\u00e4palloliitto","robots":{"index":"index","follow":"follow","max-snippet":"max-snippet:-1","max-image-preview":"max-image-preview:large","max-video-preview":"max-video-preview:-1"},"canonical":"https:\/\/www.finbandy.fi\/fi\/uutiset\/videot\/","og_locale":"fi_FI","og_type":"article","og_title":"Videot - Suomen J\u00e4\u00e4palloliitto","og_description":"J\u00e4\u00e4pallovideot Yle arkisto MM-kisat 1957 J\u00e4\u00e4pallon esittelyvideo p\u00e4ivitetty 15.10.2014 J\u00e4\u00e4palloa Youtubessa: J\u00e4\u00e4pallo Olympiakisoihin FIB:n lajin esittelyvideo P17 MM-finaali 2013 Ven\u00e4j\u00e4\u00a0&#8211;\u00a0Suomi 5-7 P17 MM-finaalin 2013 Krasnojarsk, Ven\u00e4j\u00e4 USA:n joukkue Almatyn MM-kisoissa \u0445\u043e\u043a\u043a\u0435\u044f \u0441 \u043c\u044f\u0447\u043e\u043c j\u00e4\u00e4pallo bandy Sami Laakkosen 2004 MM finaalin jatkoaikamaali Vesa Harinen on tehnyt Sami Laakkosesta videon Legendoja ja kohtaamisia, joka pohjautuu Antti Torvisen [&hellip;]","og_url":"https:\/\/www.finbandy.fi\/fi\/uutiset\/videot\/","og_site_name":"Suomen J\u00e4\u00e4palloliitto","article_modified_time":"2021-01-20T07:32:56+00:00","twitter_card":"summary_large_image","schema":{"@context":"https:\/\/schema.org","@graph":[{"@type":"WebPage","@id":"https:\/\/www.finbandy.fi\/fi\/uutiset\/videot\/","url":"https:\/\/www.finbandy.fi\/fi\/uutiset\/videot\/","name":"Videot - Suomen J\u00e4\u00e4palloliitto","isPartOf":{"@id":"https:\/\/www.finbandy.fi\/fi\/#website"},"datePublished":"2013-11-07T11:42:41+00:00","dateModified":"2021-01-20T07:32:56+00:00","breadcrumb":{"@id":"https:\/\/www.finbandy.fi\/fi\/uutiset\/videot\/#breadcrumb"},"inLanguage":"fi","potentialAction":[{"@type":"ReadAction","target":["https:\/\/www.finbandy.fi\/fi\/uutiset\/videot\/"]}]},{"@type":"BreadcrumbList","@id":"https:\/\/www.finbandy.fi\/fi\/uutiset\/videot\/#breadcrumb","itemListElement":[{"@type":"ListItem","position":1,"name":"Etusivu","item":"https:\/\/www.finbandy.fi\/fi\/"},{"@type":"ListItem","position":2,"name":"Uutiset","item":"https:\/\/www.finbandy.fi\/fi\/uutiset\/"},{"@type":"ListItem","position":3,"name":"Videot"}]},{"@type":"WebSite","@id":"https:\/\/www.finbandy.fi\/fi\/#website","url":"https:\/\/www.finbandy.fi\/fi\/","name":"Suomen J\u00e4\u00e4palloliitto","description":"","potentialAction":[{"@type":"SearchAction","target":{"@type":"EntryPoint","urlTemplate":"https:\/\/www.finbandy.fi\/fi\/?s={search_term_string}"},"query-input":"required name=search_term_string"}],"inLanguage":"fi"}]}},"_links":{"self":[{"href":"https:\/\/www.finbandy.fi\/fi\/wp-json\/wp\/v2\/pages\/29"}],"collection":[{"href":"https:\/\/www.finbandy.fi\/fi\/wp-json\/wp\/v2\/pages"}],"about":[{"href":"https:\/\/www.finbandy.fi\/fi\/wp-json\/wp\/v2\/types\/page"}],"author":[{"embeddable":true,"href":"https:\/\/www.finbandy.fi\/fi\/wp-json\/wp\/v2\/users\/1"}],"replies":[{"embeddable":true,"href":"https:\/\/www.finbandy.fi\/fi\/wp-json\/wp\/v2\/comments?post=29"}],"version-history":[{"count":15,"href":"https:\/\/www.finbandy.fi\/fi\/wp-json\/wp\/v2\/pages\/29\/revisions"}],"predecessor-version":[{"id":18340,"href":"https:\/\/www.finbandy.fi\/fi\/wp-json\/wp\/v2\/pages\/29\/revisions\/18340"}],"up":[{"embeddable":true,"href":"https:\/\/www.finbandy.fi\/fi\/wp-json\/wp\/v2\/pages\/11"}],"wp:attachment":[{"href":"https:\/\/www.finbandy.fi\/fi\/wp-json\/wp\/v2\/media?parent=29"}],"curies":[{"name":"wp","href":"https:\/\/api.w.org\/{rel}","templated":true}]}}