{"id":3858,"date":"2014-10-23T10:52:33","date_gmt":"2014-10-23T07:52:33","guid":{"rendered":"https:\/\/www.finbandy.fi\/fi\/?page_id=3858"},"modified":"2025-10-15T11:12:38","modified_gmt":"2025-10-15T08:12:38","slug":"kilpailukalenteri","status":"publish","type":"page","link":"https:\/\/www.finbandy.fi\/fi\/maajoukkueet\/kilpailukalenteri\/","title":{"rendered":"Kilpailukalenteri"},"content":{"rendered":"<div id=\"wp_fb_like_button\" style=\"margin:5px 0;float:none;height:50px;\"><script src=\"http:\/\/connect.facebook.net\/en_US\/all.js#xfbml=1\"><\/script><fb:like href=\"https:\/\/www.finbandy.fi\/fi\/maajoukkueet\/kilpailukalenteri\/\" send=\"true\" layout=\"button_count\" width=\"400\" show_faces=\"false\" font=\"arial\" action=\"like\" colorscheme=\"light\"><\/fb:like><\/div>\n<p>Maajoukkueiden sek\u00e4 seurajoukkueiden kansainv\u00e4liset kilpailukalenterit l\u00f6ytyv\u00e4t kansainv\u00e4lisen j\u00e4\u00e4palloliiton FIB:n sivuilta.<\/p>\n<p>T\u00e4ss\u00e4 <a href=\"https:\/\/www.finbandy.fi\/fi\/wp-content\/uploads\/2025\/10\/FIB-Timetable-2025-10-13.pdf\">linkki<\/a> kilpailukalenteriin.<\/p>\n","protected":false},"excerpt":{"rendered":"<p>Maajoukkueiden sek\u00e4 seurajoukkueiden kansainv\u00e4liset kilpailukalenterit l\u00f6ytyv\u00e4t kansainv\u00e4lisen j\u00e4\u00e4palloliiton FIB:n sivuilta. T\u00e4ss\u00e4 linkki kilpailukalenteriin.<\/p>\n","protected":false},"author":4,"featured_media":0,"parent":744,"menu_order":15,"comment_status":"open","ping_status":"open","template":"","meta":{"_monsterinsights_skip_tracking":false,"_monsterinsights_sitenote_active":false,"_monsterinsights_sitenote_note":"","_monsterinsights_sitenote_category":0,"site-sidebar-layout":"default","site-content-layout":"default","ast-site-content-layout":"default","site-content-style":"default","site-sidebar-style":"default","ast-global-header-display":"","ast-banner-title-visibility":"","ast-main-header-display":"","ast-hfb-above-header-display":"","ast-hfb-below-header-display":"","ast-hfb-mobile-header-display":"","site-post-title":"","ast-breadcrumbs-content":"","ast-featured-img":"","footer-sml-layout":"","theme-transparent-header-meta":"default","adv-header-id-meta":"","stick-header-meta":"","header-above-stick-meta":"","header-main-stick-meta":"","header-below-stick-meta":"","astra-migrate-meta-layouts":"set","ast-page-background-enabled":"default","ast-page-background-meta":{"desktop":{"background-color":"var(--ast-global-color-4)","background-image":"","background-repeat":"repeat","background-position":"center center","background-size":"auto","background-attachment":"scroll","background-type":"","background-media":"","overlay-type":"","overlay-color":"","overlay-opacity":"","overlay-gradient":""},"tablet":{"background-color":"","background-image":"","background-repeat":"repeat","background-position":"center center","background-size":"auto","background-attachment":"scroll","background-type":"","background-media":"","overlay-type":"","overlay-color":"","overlay-opacity":"","overlay-gradient":""},"mobile":{"background-color":"","background-image":"","background-repeat":"repeat","background-position":"center center","background-size":"auto","background-attachment":"scroll","background-type":"","background-media":"","overlay-type":"","overlay-color":"","overlay-opacity":"","overlay-gradient":""}},"ast-content-background-meta":{"desktop":{"background-color":"var(--ast-global-color-5)","background-image":"","background-repeat":"repeat","background-position":"center center","background-size":"auto","background-attachment":"scroll","background-type":"","background-media":"","overlay-type":"","overlay-color":"","overlay-opacity":"","overlay-gradient":""},"tablet":{"background-color":"var(--ast-global-color-5)","background-image":"","background-repeat":"repeat","background-position":"center center","background-size":"auto","background-attachment":"scroll","background-type":"","background-media":"","overlay-type":"","overlay-color":"","overlay-opacity":"","overlay-gradient":""},"mobile":{"background-color":"var(--ast-global-color-5)","background-image":"","background-repeat":"repeat","background-position":"center center","background-size":"auto","background-attachment":"scroll","background-type":"","background-media":"","overlay-type":"","overlay-color":"","overlay-opacity":"","overlay-gradient":""}},"footnotes":"","_expiration-date-status":"","_expiration-date":1760515938,"_expiration-date-type":"draft","_expiration-date-categories":[],"_expiration-date-options":[]},"class_list":["post-3858","page","type-page","status-publish","hentry"],"yoast_head":"<!-- This site is optimized with the Yoast SEO plugin v19.7.1 - https:\/\/yoast.com\/wordpress\/plugins\/seo\/ -->\n<title>Kilpailukalenteri - Suomen J\u00e4\u00e4palloliitto<\/title>\n<meta name=\"robots\" content=\"index, follow, max-snippet:-1, max-image-preview:large, max-video-preview:-1\" \/>\n<link rel=\"canonical\" href=\"https:\/\/www.finbandy.fi\/fi\/maajoukkueet\/kilpailukalenteri\/\" \/>\n<meta property=\"og:locale\" content=\"fi_FI\" \/>\n<meta property=\"og:type\" content=\"article\" \/>\n<meta property=\"og:title\" content=\"Kilpailukalenteri - Suomen J\u00e4\u00e4palloliitto\" \/>\n<meta property=\"og:description\" content=\"Maajoukkueiden sek\u00e4 seurajoukkueiden kansainv\u00e4liset kilpailukalenterit l\u00f6ytyv\u00e4t kansainv\u00e4lisen j\u00e4\u00e4palloliiton FIB:n sivuilta. T\u00e4ss\u00e4 linkki kilpailukalenteriin.\" \/>\n<meta property=\"og:url\" content=\"https:\/\/www.finbandy.fi\/fi\/maajoukkueet\/kilpailukalenteri\/\" \/>\n<meta property=\"og:site_name\" content=\"Suomen J\u00e4\u00e4palloliitto\" \/>\n<meta property=\"article:modified_time\" content=\"2025-10-15T08:12:38+00:00\" \/>\n<meta name=\"twitter:card\" content=\"summary_large_image\" \/>\n<meta name=\"twitter:label1\" content=\"Arvioitu lukuaika\" \/>\n\t<meta name=\"twitter:data1\" content=\"1 minuutti\" \/>\n<script type=\"application\/ld+json\" class=\"yoast-schema-graph\">{\"@context\":\"https:\/\/schema.org\",\"@graph\":[{\"@type\":\"WebPage\",\"@id\":\"https:\/\/www.finbandy.fi\/fi\/maajoukkueet\/kilpailukalenteri\/\",\"url\":\"https:\/\/www.finbandy.fi\/fi\/maajoukkueet\/kilpailukalenteri\/\",\"name\":\"Kilpailukalenteri - Suomen J\u00e4\u00e4palloliitto\",\"isPartOf\":{\"@id\":\"https:\/\/www.finbandy.fi\/fi\/#website\"},\"datePublished\":\"2014-10-23T07:52:33+00:00\",\"dateModified\":\"2025-10-15T08:12:38+00:00\",\"breadcrumb\":{\"@id\":\"https:\/\/www.finbandy.fi\/fi\/maajoukkueet\/kilpailukalenteri\/#breadcrumb\"},\"inLanguage\":\"fi\",\"potentialAction\":[{\"@type\":\"ReadAction\",\"target\":[\"https:\/\/www.finbandy.fi\/fi\/maajoukkueet\/kilpailukalenteri\/\"]}]},{\"@type\":\"BreadcrumbList\",\"@id\":\"https:\/\/www.finbandy.fi\/fi\/maajoukkueet\/kilpailukalenteri\/#breadcrumb\",\"itemListElement\":[{\"@type\":\"ListItem\",\"position\":1,\"name\":\"Etusivu\",\"item\":\"https:\/\/www.finbandy.fi\/fi\/\"},{\"@type\":\"ListItem\",\"position\":2,\"name\":\"Maajoukkueet\",\"item\":\"https:\/\/www.finbandy.fi\/fi\/maajoukkueet\/\"},{\"@type\":\"ListItem\",\"position\":3,\"name\":\"Kilpailukalenteri\"}]},{\"@type\":\"WebSite\",\"@id\":\"https:\/\/www.finbandy.fi\/fi\/#website\",\"url\":\"https:\/\/www.finbandy.fi\/fi\/\",\"name\":\"Suomen J\u00e4\u00e4palloliitto\",\"description\":\"\",\"potentialAction\":[{\"@type\":\"SearchAction\",\"target\":{\"@type\":\"EntryPoint\",\"urlTemplate\":\"https:\/\/www.finbandy.fi\/fi\/?s={search_term_string}\"},\"query-input\":\"required name=search_term_string\"}],\"inLanguage\":\"fi\"}]}<\/script>\n<!-- \/ Yoast SEO plugin. -->","yoast_head_json":{"title":"Kilpailukalenteri - Suomen J\u00e4\u00e4palloliitto","robots":{"index":"index","follow":"follow","max-snippet":"max-snippet:-1","max-image-preview":"max-image-preview:large","max-video-preview":"max-video-preview:-1"},"canonical":"https:\/\/www.finbandy.fi\/fi\/maajoukkueet\/kilpailukalenteri\/","og_locale":"fi_FI","og_type":"article","og_title":"Kilpailukalenteri - Suomen J\u00e4\u00e4palloliitto","og_description":"Maajoukkueiden sek\u00e4 seurajoukkueiden kansainv\u00e4liset kilpailukalenterit l\u00f6ytyv\u00e4t kansainv\u00e4lisen j\u00e4\u00e4palloliiton FIB:n sivuilta. T\u00e4ss\u00e4 linkki kilpailukalenteriin.","og_url":"https:\/\/www.finbandy.fi\/fi\/maajoukkueet\/kilpailukalenteri\/","og_site_name":"Suomen J\u00e4\u00e4palloliitto","article_modified_time":"2025-10-15T08:12:38+00:00","twitter_card":"summary_large_image","twitter_misc":{"Arvioitu lukuaika":"1 minuutti"},"schema":{"@context":"https:\/\/schema.org","@graph":[{"@type":"WebPage","@id":"https:\/\/www.finbandy.fi\/fi\/maajoukkueet\/kilpailukalenteri\/","url":"https:\/\/www.finbandy.fi\/fi\/maajoukkueet\/kilpailukalenteri\/","name":"Kilpailukalenteri - Suomen J\u00e4\u00e4palloliitto","isPartOf":{"@id":"https:\/\/www.finbandy.fi\/fi\/#website"},"datePublished":"2014-10-23T07:52:33+00:00","dateModified":"2025-10-15T08:12:38+00:00","breadcrumb":{"@id":"https:\/\/www.finbandy.fi\/fi\/maajoukkueet\/kilpailukalenteri\/#breadcrumb"},"inLanguage":"fi","potentialAction":[{"@type":"ReadAction","target":["https:\/\/www.finbandy.fi\/fi\/maajoukkueet\/kilpailukalenteri\/"]}]},{"@type":"BreadcrumbList","@id":"https:\/\/www.finbandy.fi\/fi\/maajoukkueet\/kilpailukalenteri\/#breadcrumb","itemListElement":[{"@type":"ListItem","position":1,"name":"Etusivu","item":"https:\/\/www.finbandy.fi\/fi\/"},{"@type":"ListItem","position":2,"name":"Maajoukkueet","item":"https:\/\/www.finbandy.fi\/fi\/maajoukkueet\/"},{"@type":"ListItem","position":3,"name":"Kilpailukalenteri"}]},{"@type":"WebSite","@id":"https:\/\/www.finbandy.fi\/fi\/#website","url":"https:\/\/www.finbandy.fi\/fi\/","name":"Suomen J\u00e4\u00e4palloliitto","description":"","potentialAction":[{"@type":"SearchAction","target":{"@type":"EntryPoint","urlTemplate":"https:\/\/www.finbandy.fi\/fi\/?s={search_term_string}"},"query-input":"required name=search_term_string"}],"inLanguage":"fi"}]}},"_links":{"self":[{"href":"https:\/\/www.finbandy.fi\/fi\/wp-json\/wp\/v2\/pages\/3858"}],"collection":[{"href":"https:\/\/www.finbandy.fi\/fi\/wp-json\/wp\/v2\/pages"}],"about":[{"href":"https:\/\/www.finbandy.fi\/fi\/wp-json\/wp\/v2\/types\/page"}],"author":[{"embeddable":true,"href":"https:\/\/www.finbandy.fi\/fi\/wp-json\/wp\/v2\/users\/4"}],"replies":[{"embeddable":true,"href":"https:\/\/www.finbandy.fi\/fi\/wp-json\/wp\/v2\/comments?post=3858"}],"version-history":[{"count":6,"href":"https:\/\/www.finbandy.fi\/fi\/wp-json\/wp\/v2\/pages\/3858\/revisions"}],"predecessor-version":[{"id":23904,"href":"https:\/\/www.finbandy.fi\/fi\/wp-json\/wp\/v2\/pages\/3858\/revisions\/23904"}],"up":[{"embeddable":true,"href":"https:\/\/www.finbandy.fi\/fi\/wp-json\/wp\/v2\/pages\/744"}],"wp:attachment":[{"href":"https:\/\/www.finbandy.fi\/fi\/wp-json\/wp\/v2\/media?parent=3858"}],"curies":[{"name":"wp","href":"https:\/\/api.w.org\/{rel}","templated":true}]}}