{"id":3860,"date":"2014-10-23T10:53:49","date_gmt":"2014-10-23T07:53:49","guid":{"rendered":"https:\/\/www.finbandy.fi\/fi\/?page_id=3860"},"modified":"2025-11-06T20:57:35","modified_gmt":"2025-11-06T18:57:35","slug":"suomen-jaapalloliitto","status":"publish","type":"page","link":"https:\/\/www.finbandy.fi\/fi\/yhteystiedot\/suomen-jaapalloliitto\/","title":{"rendered":"Suomen J\u00e4\u00e4palloliitto ry"},"content":{"rendered":"<div id=\"wp_fb_like_button\" style=\"margin:5px 0;float:none;height:50px;\"><script src=\"http:\/\/connect.facebook.net\/en_US\/all.js#xfbml=1\"><\/script><fb:like href=\"https:\/\/www.finbandy.fi\/fi\/yhteystiedot\/suomen-jaapalloliitto\/\" send=\"true\" layout=\"button_count\" width=\"400\" show_faces=\"false\" font=\"arial\" action=\"like\" colorscheme=\"light\"><\/fb:like><\/div>\t\t<div data-elementor-type=\"wp-page\" data-elementor-id=\"3860\" class=\"elementor elementor-3860\" data-elementor-post-type=\"page\">\n\t\t\t\t\t\t<section class=\"elementor-section elementor-top-section elementor-element elementor-element-aa45e76 elementor-section-boxed elementor-section-height-default elementor-section-height-default\" data-id=\"aa45e76\" data-element_type=\"section\">\n\t\t\t\t\t\t<div class=\"elementor-container elementor-column-gap-default\">\n\t\t\t\t\t<div class=\"elementor-column elementor-col-100 elementor-top-column elementor-element elementor-element-43d49f8b\" data-id=\"43d49f8b\" data-element_type=\"column\">\n\t\t\t<div class=\"elementor-widget-wrap elementor-element-populated\">\n\t\t\t\t\t\t<div class=\"elementor-element elementor-element-355a2055 elementor-widget elementor-widget-text-editor\" data-id=\"355a2055\" data-element_type=\"widget\" data-widget_type=\"text-editor.default\">\n\t\t\t\t<div class=\"elementor-widget-container\">\n\t\t\t\t\t\t\t<h3>\u00a0<\/h3>\n<h3><strong>LIITON TOIMISTO<\/strong><\/h3>\n<p>\u00a0<\/p>\n<p>Suomen J\u00e4\u00e4palloliitto ry<br \/>Y-tunnus: 0202138-2<\/p>\n<p>Sporttitalo<br \/>Valimotie 10 (6. krs)<br \/>00380 Helsinki<\/p>\n<p>\u00a0<\/p>\n<p><strong>Henkil\u00f6st\u00f6<\/strong><\/p>\n<p>Toiminnanjohtaja<br \/>TOBIAS KARLSSON<br \/>tobias.karlsson(at)finbandy.fi \/\u00a0+358 400 278 069<\/p>\n<p>Kilpailu- ja viestint\u00e4koordinaattori<br \/>ANDREAS SJ\u00d6BLOM<br \/>andreas.sjoblom(at)finbandy.fi \/ +358 40 181 9255<\/p>\n<p>\u00a0<\/p>\n<h4>LASKUTUSTIEDOT<\/h4>\n<p>Suomen J\u00e4\u00e4palloliitto ry<br \/>Y-tunnus: 0202138-2<\/p>\n<p><strong>1. Verkkolaskut<br \/><\/strong>Suomen J\u00e4\u00e4palloliitto ry, 02020138-2<br \/>Verkkolaskuosoite: 003702021382<br \/>Operaattori: Maventa (003721291126)<br \/>V\u00e4litt\u00e4j\u00e4tunnus pankkiverkosta l\u00e4hetett\u00e4ess\u00e4: DABAFIHH*<br \/>*k\u00e4ytt\u00e4k\u00e4\u00e4 t\u00e4t\u00e4 v\u00e4litt\u00e4j\u00e4tunnusta mik\u00e4li k\u00e4yt\u00f6ss\u00e4nne olevasta verkkolaskuohjelmasta<br \/>ei voi l\u00e4hett\u00e4\u00e4 laskuja suoraan Maventan v\u00e4litt\u00e4j\u00e4tunnukselle.<\/p>\n<p>Verkkolaskuosoite: FI7020011800089073<br \/>Operaattori: Nordea Pankki Suomi Oyj (NDEAFIHH)<\/p>\n<p><strong>2.Laskujen vastaanotto s\u00e4hk\u00f6postitse skannauspalveluun<br \/><\/strong>Toivomme, ett\u00e4 l\u00e4het\u00e4tte t\u00e4h\u00e4n osoitteeseen ainoastaan laskuja.<br \/>Laskut l\u00e4hetet\u00e4\u00e4n palveluun s\u00e4hk\u00f6postin PDF-muotoisina liitetiedostoina ja laskun liitteiden <br \/>tulee olla samassa tiedostossa itse laskun kanssa.<\/p>\n<p>S\u00e4hk\u00f6postilaskun osoite: 02021382@scan.netvisor.fi<\/p>\n<p>\u2022 Voit l\u00e4hett\u00e4\u00e4 useita laskuja yhdess\u00e4 s\u00e4hk\u00f6postiviestiss\u00e4, kunhan jokainen lasku on erillisen\u00e4 liitetiedostona. <br \/>Kaikilla tiedostoilla tulee olla eri nimi.<br \/>\u2022 Yhden s\u00e4hk\u00f6postin maksimikoko on 5Mb.<br \/>\u2022 PDF-tiedostojen tulee olla aitoja PDF-dokumentteja (PDF- versio 1.3 tai uudempi).<br \/>\u2022 PDF-tiedostot eiv\u00e4t saa olla lukittuja tai salasanalla suojattuja.<br \/>\u2022 Dokumentin ulkomitta voi olla maksimissaan 210 x 297 mm.<br \/>\u2022 Liitteen nimen sallitut merkit ovat tavallisia kirjoitusmerkkej\u00e4, a-z, A-Z, 0-9. <br \/>Eth\u00e4n k\u00e4yt\u00e4 erikoismerkkej\u00e4 liitteiden nime\u00e4miseen.<\/p>\n<p><strong>3. Laskujen vastaanotto postitse skannauspalveluun<\/strong><br \/>Osoitetietojen tulee olla t\u00e4ydellisin\u00e4 sek\u00e4 laskussa ett\u00e4 kirjekuoressa,<br \/>jotta lasku v\u00e4littyy nopeasti ja luotettavasti vastaanottajalleen.<\/p>\n<p>Suomen J\u00e4\u00e4palloliitto ry<br \/>02021382<br \/>PL 100<br \/>80020 Kollektor Scan<\/p>\n<p>\u2022 L\u00e4het\u00e4th\u00e4n skannausosoitteeseen ainoastaan laskumateriaalia. N\u00e4m\u00e4 postit luetaan automaattisesti yrityksemme reskontraan, <br \/>eik\u00e4\u00a0mik\u00e4\u00e4n muu materiaali (esimerkiksi kuitit, liikelahjat, luottokortit ja p\u00e4\u00e4syliput) saavuta vastaanottajaansa t\u00e4t\u00e4 kautta.<br \/>\u2022 K\u00e4yt\u00e4th\u00e4n mieluiten tekstiss\u00e4 vain mustaa v\u00e4ri\u00e4 valkoisella pohjalla: se antaa selkeimm\u00e4n lopputuloksen laskun tietojen tunnistusta\u00a0varten.<br \/>\u2022 Eth\u00e4n k\u00e4yt\u00e4 niittej\u00e4 skannauspalveluun l\u00e4hetetyiss\u00e4 laskuissa.<\/p>\n<p>Muu postitus tulee toimittaa\u00a0liiton k\u00e4yntiosoitteeseen.<\/p>\n<p>\u00a0<\/p>\n<p><!-- wp:heading {\"level\":3} --><\/p>\n<h3>LIITTOHALLITUS 2025-2026<\/h3>\n<p><!-- \/wp:heading --><!-- wp:paragraph --><\/p>\n<p><a href=\"https:\/\/www.finbandy.fi\/fi\/wp-content\/uploads\/2025\/08\/Liittohallitus-2025-2026.pdf\">Liittohallituksen yhteystiedot<\/a><\/p>\n<p><!-- \/wp:paragraph --><!-- wp:spacer {\"height\":\"43px\"} --><\/p>\n<p><!-- \/wp:spacer --><!-- wp:heading {\"level\":3} --><\/p>\n<h3>VALIOKUNNAT 2025-2026<\/h3>\n<p><!-- \/wp:heading --><!-- wp:paragraph --><\/p>\n<p><a href=\"https:\/\/www.finbandy.fi\/fi\/wp-content\/uploads\/2025\/11\/Valiokunnat-kaudella-2025-2026.pdf\">Valiokuntien yhteystiedot<\/a><\/p>\n<p><!-- \/wp:paragraph --><!-- wp:spacer {\"height\":\"46px\"} --><\/p>\n<p><!-- \/wp:spacer --><!-- wp:spacer {\"height\":\"46px\"} --><\/p>\n<p><!-- \/wp:spacer --><!-- wp:heading {\"level\":3} --><\/p>\n<h3>VALIOEROTUOMARIT 2025-26<\/h3>\n<p><!-- \/wp:heading --><!-- wp:paragraph --><\/p>\n<p><a href=\"https:\/\/www.finbandy.fi\/fi\/wp-content\/uploads\/2025\/11\/Valioerotuomarit-2025-2026.pdf\">Valioerotuomareiden yhteystiedot<\/a><\/p>\n<p><!-- \/wp:paragraph --><\/p>\t\t\t\t\t\t<\/div>\n\t\t\t\t<\/div>\n\t\t\t\t\t<\/div>\n\t\t<\/div>\n\t\t\t\t\t<\/div>\n\t\t<\/section>\n\t\t\t\t<\/div>\n\t\t","protected":false},"excerpt":{"rendered":"<p>\u00a0 LIITON TOIMISTO \u00a0 Suomen J\u00e4\u00e4palloliitto ryY-tunnus: 0202138-2 SporttitaloValimotie 10 (6. krs)00380 Helsinki \u00a0 Henkil\u00f6st\u00f6 ToiminnanjohtajaTOBIAS KARLSSONtobias.karlsson(at)finbandy.fi \/\u00a0+358 400 278 069 Kilpailu- ja viestint\u00e4koordinaattoriANDREAS SJ\u00d6BLOMandreas.sjoblom(at)finbandy.fi \/ +358 40 181 9255 \u00a0 LASKUTUSTIEDOT Suomen J\u00e4\u00e4palloliitto ryY-tunnus: 0202138-2 1. VerkkolaskutSuomen J\u00e4\u00e4palloliitto ry, 02020138-2Verkkolaskuosoite: 003702021382Operaattori: Maventa (003721291126)V\u00e4litt\u00e4j\u00e4tunnus pankkiverkosta l\u00e4hetett\u00e4ess\u00e4: DABAFIHH**k\u00e4ytt\u00e4k\u00e4\u00e4 t\u00e4t\u00e4 v\u00e4litt\u00e4j\u00e4tunnusta mik\u00e4li k\u00e4yt\u00f6ss\u00e4nne olevasta verkkolaskuohjelmastaei voi l\u00e4hett\u00e4\u00e4 [&hellip;]<\/p>\n","protected":false},"author":4,"featured_media":0,"parent":1262,"menu_order":0,"comment_status":"open","ping_status":"open","template":"","meta":{"_monsterinsights_skip_tracking":false,"_monsterinsights_sitenote_active":false,"_monsterinsights_sitenote_note":"","_monsterinsights_sitenote_category":0,"site-sidebar-layout":"default","site-content-layout":"default","ast-site-content-layout":"","site-content-style":"default","site-sidebar-style":"default","ast-global-header-display":"","ast-banner-title-visibility":"","ast-main-header-display":"","ast-hfb-above-header-display":"","ast-hfb-below-header-display":"","ast-hfb-mobile-header-display":"","site-post-title":"","ast-breadcrumbs-content":"","ast-featured-img":"","footer-sml-layout":"","theme-transparent-header-meta":"default","adv-header-id-meta":"","stick-header-meta":"","header-above-stick-meta":"","header-main-stick-meta":"","header-below-stick-meta":"","astra-migrate-meta-layouts":"default","ast-page-background-enabled":"default","ast-page-background-meta":{"desktop":{"background-color":"var(--ast-global-color-4)","background-image":"","background-repeat":"repeat","background-position":"center center","background-size":"auto","background-attachment":"scroll","background-type":"","background-media":"","overlay-type":"","overlay-color":"","overlay-opacity":"","overlay-gradient":""},"tablet":{"background-color":"","background-image":"","background-repeat":"repeat","background-position":"center center","background-size":"auto","background-attachment":"scroll","background-type":"","background-media":"","overlay-type":"","overlay-color":"","overlay-opacity":"","overlay-gradient":""},"mobile":{"background-color":"","background-image":"","background-repeat":"repeat","background-position":"center center","background-size":"auto","background-attachment":"scroll","background-type":"","background-media":"","overlay-type":"","overlay-color":"","overlay-opacity":"","overlay-gradient":""}},"ast-content-background-meta":{"desktop":{"background-color":"var(--ast-global-color-5)","background-image":"","background-repeat":"repeat","background-position":"center center","background-size":"auto","background-attachment":"scroll","background-type":"","background-media":"","overlay-type":"","overlay-color":"","overlay-opacity":"","overlay-gradient":""},"tablet":{"background-color":"var(--ast-global-color-5)","background-image":"","background-repeat":"repeat","background-position":"center center","background-size":"auto","background-attachment":"scroll","background-type":"","background-media":"","overlay-type":"","overlay-color":"","overlay-opacity":"","overlay-gradient":""},"mobile":{"background-color":"var(--ast-global-color-5)","background-image":"","background-repeat":"repeat","background-position":"center center","background-size":"auto","background-attachment":"scroll","background-type":"","background-media":"","overlay-type":"","overlay-color":"","overlay-opacity":"","overlay-gradient":""}},"footnotes":"","_expiration-date-status":"","_expiration-date":0,"_expiration-date-type":"","_expiration-date-categories":[],"_expiration-date-options":[]},"class_list":["post-3860","page","type-page","status-publish","hentry"],"yoast_head":"<!-- This site is optimized with the Yoast SEO plugin v19.7.1 - https:\/\/yoast.com\/wordpress\/plugins\/seo\/ -->\n<title>Suomen J\u00e4\u00e4palloliitto ry - Suomen J\u00e4\u00e4palloliitto<\/title>\n<meta name=\"robots\" content=\"index, follow, max-snippet:-1, max-image-preview:large, max-video-preview:-1\" \/>\n<link rel=\"canonical\" href=\"https:\/\/www.finbandy.fi\/fi\/yhteystiedot\/suomen-jaapalloliitto\/\" \/>\n<meta property=\"og:locale\" content=\"fi_FI\" \/>\n<meta property=\"og:type\" content=\"article\" \/>\n<meta property=\"og:title\" content=\"Suomen J\u00e4\u00e4palloliitto ry - Suomen J\u00e4\u00e4palloliitto\" \/>\n<meta property=\"og:description\" content=\"\u00a0 LIITON TOIMISTO \u00a0 Suomen J\u00e4\u00e4palloliitto ryY-tunnus: 0202138-2 SporttitaloValimotie 10 (6. krs)00380 Helsinki \u00a0 Henkil\u00f6st\u00f6 ToiminnanjohtajaTOBIAS KARLSSONtobias.karlsson(at)finbandy.fi \/\u00a0+358 400 278 069 Kilpailu- ja viestint\u00e4koordinaattoriANDREAS SJ\u00d6BLOMandreas.sjoblom(at)finbandy.fi \/ +358 40 181 9255 \u00a0 LASKUTUSTIEDOT Suomen J\u00e4\u00e4palloliitto ryY-tunnus: 0202138-2 1. VerkkolaskutSuomen J\u00e4\u00e4palloliitto ry, 02020138-2Verkkolaskuosoite: 003702021382Operaattori: Maventa (003721291126)V\u00e4litt\u00e4j\u00e4tunnus pankkiverkosta l\u00e4hetett\u00e4ess\u00e4: DABAFIHH**k\u00e4ytt\u00e4k\u00e4\u00e4 t\u00e4t\u00e4 v\u00e4litt\u00e4j\u00e4tunnusta mik\u00e4li k\u00e4yt\u00f6ss\u00e4nne olevasta verkkolaskuohjelmastaei voi l\u00e4hett\u00e4\u00e4 [&hellip;]\" \/>\n<meta property=\"og:url\" content=\"https:\/\/www.finbandy.fi\/fi\/yhteystiedot\/suomen-jaapalloliitto\/\" \/>\n<meta property=\"og:site_name\" content=\"Suomen J\u00e4\u00e4palloliitto\" \/>\n<meta property=\"article:modified_time\" content=\"2025-11-06T18:57:35+00:00\" \/>\n<meta name=\"twitter:card\" content=\"summary_large_image\" \/>\n<meta name=\"twitter:label1\" content=\"Arvioitu lukuaika\" \/>\n\t<meta name=\"twitter:data1\" content=\"2 minuuttia\" \/>\n<script type=\"application\/ld+json\" class=\"yoast-schema-graph\">{\"@context\":\"https:\/\/schema.org\",\"@graph\":[{\"@type\":\"WebPage\",\"@id\":\"https:\/\/www.finbandy.fi\/fi\/yhteystiedot\/suomen-jaapalloliitto\/\",\"url\":\"https:\/\/www.finbandy.fi\/fi\/yhteystiedot\/suomen-jaapalloliitto\/\",\"name\":\"Suomen J\u00e4\u00e4palloliitto ry - Suomen J\u00e4\u00e4palloliitto\",\"isPartOf\":{\"@id\":\"https:\/\/www.finbandy.fi\/fi\/#website\"},\"datePublished\":\"2014-10-23T07:53:49+00:00\",\"dateModified\":\"2025-11-06T18:57:35+00:00\",\"breadcrumb\":{\"@id\":\"https:\/\/www.finbandy.fi\/fi\/yhteystiedot\/suomen-jaapalloliitto\/#breadcrumb\"},\"inLanguage\":\"fi\",\"potentialAction\":[{\"@type\":\"ReadAction\",\"target\":[\"https:\/\/www.finbandy.fi\/fi\/yhteystiedot\/suomen-jaapalloliitto\/\"]}]},{\"@type\":\"BreadcrumbList\",\"@id\":\"https:\/\/www.finbandy.fi\/fi\/yhteystiedot\/suomen-jaapalloliitto\/#breadcrumb\",\"itemListElement\":[{\"@type\":\"ListItem\",\"position\":1,\"name\":\"Etusivu\",\"item\":\"https:\/\/www.finbandy.fi\/fi\/\"},{\"@type\":\"ListItem\",\"position\":2,\"name\":\"Yhteystiedot\",\"item\":\"https:\/\/www.finbandy.fi\/fi\/yhteystiedot\/\"},{\"@type\":\"ListItem\",\"position\":3,\"name\":\"Suomen J\u00e4\u00e4palloliitto ry\"}]},{\"@type\":\"WebSite\",\"@id\":\"https:\/\/www.finbandy.fi\/fi\/#website\",\"url\":\"https:\/\/www.finbandy.fi\/fi\/\",\"name\":\"Suomen J\u00e4\u00e4palloliitto\",\"description\":\"\",\"potentialAction\":[{\"@type\":\"SearchAction\",\"target\":{\"@type\":\"EntryPoint\",\"urlTemplate\":\"https:\/\/www.finbandy.fi\/fi\/?s={search_term_string}\"},\"query-input\":\"required name=search_term_string\"}],\"inLanguage\":\"fi\"}]}<\/script>\n<!-- \/ Yoast SEO plugin. -->","yoast_head_json":{"title":"Suomen J\u00e4\u00e4palloliitto ry - Suomen J\u00e4\u00e4palloliitto","robots":{"index":"index","follow":"follow","max-snippet":"max-snippet:-1","max-image-preview":"max-image-preview:large","max-video-preview":"max-video-preview:-1"},"canonical":"https:\/\/www.finbandy.fi\/fi\/yhteystiedot\/suomen-jaapalloliitto\/","og_locale":"fi_FI","og_type":"article","og_title":"Suomen J\u00e4\u00e4palloliitto ry - Suomen J\u00e4\u00e4palloliitto","og_description":"\u00a0 LIITON TOIMISTO \u00a0 Suomen J\u00e4\u00e4palloliitto ryY-tunnus: 0202138-2 SporttitaloValimotie 10 (6. krs)00380 Helsinki \u00a0 Henkil\u00f6st\u00f6 ToiminnanjohtajaTOBIAS KARLSSONtobias.karlsson(at)finbandy.fi \/\u00a0+358 400 278 069 Kilpailu- ja viestint\u00e4koordinaattoriANDREAS SJ\u00d6BLOMandreas.sjoblom(at)finbandy.fi \/ +358 40 181 9255 \u00a0 LASKUTUSTIEDOT Suomen J\u00e4\u00e4palloliitto ryY-tunnus: 0202138-2 1. VerkkolaskutSuomen J\u00e4\u00e4palloliitto ry, 02020138-2Verkkolaskuosoite: 003702021382Operaattori: Maventa (003721291126)V\u00e4litt\u00e4j\u00e4tunnus pankkiverkosta l\u00e4hetett\u00e4ess\u00e4: DABAFIHH**k\u00e4ytt\u00e4k\u00e4\u00e4 t\u00e4t\u00e4 v\u00e4litt\u00e4j\u00e4tunnusta mik\u00e4li k\u00e4yt\u00f6ss\u00e4nne olevasta verkkolaskuohjelmastaei voi l\u00e4hett\u00e4\u00e4 [&hellip;]","og_url":"https:\/\/www.finbandy.fi\/fi\/yhteystiedot\/suomen-jaapalloliitto\/","og_site_name":"Suomen J\u00e4\u00e4palloliitto","article_modified_time":"2025-11-06T18:57:35+00:00","twitter_card":"summary_large_image","twitter_misc":{"Arvioitu lukuaika":"2 minuuttia"},"schema":{"@context":"https:\/\/schema.org","@graph":[{"@type":"WebPage","@id":"https:\/\/www.finbandy.fi\/fi\/yhteystiedot\/suomen-jaapalloliitto\/","url":"https:\/\/www.finbandy.fi\/fi\/yhteystiedot\/suomen-jaapalloliitto\/","name":"Suomen J\u00e4\u00e4palloliitto ry - Suomen J\u00e4\u00e4palloliitto","isPartOf":{"@id":"https:\/\/www.finbandy.fi\/fi\/#website"},"datePublished":"2014-10-23T07:53:49+00:00","dateModified":"2025-11-06T18:57:35+00:00","breadcrumb":{"@id":"https:\/\/www.finbandy.fi\/fi\/yhteystiedot\/suomen-jaapalloliitto\/#breadcrumb"},"inLanguage":"fi","potentialAction":[{"@type":"ReadAction","target":["https:\/\/www.finbandy.fi\/fi\/yhteystiedot\/suomen-jaapalloliitto\/"]}]},{"@type":"BreadcrumbList","@id":"https:\/\/www.finbandy.fi\/fi\/yhteystiedot\/suomen-jaapalloliitto\/#breadcrumb","itemListElement":[{"@type":"ListItem","position":1,"name":"Etusivu","item":"https:\/\/www.finbandy.fi\/fi\/"},{"@type":"ListItem","position":2,"name":"Yhteystiedot","item":"https:\/\/www.finbandy.fi\/fi\/yhteystiedot\/"},{"@type":"ListItem","position":3,"name":"Suomen J\u00e4\u00e4palloliitto ry"}]},{"@type":"WebSite","@id":"https:\/\/www.finbandy.fi\/fi\/#website","url":"https:\/\/www.finbandy.fi\/fi\/","name":"Suomen J\u00e4\u00e4palloliitto","description":"","potentialAction":[{"@type":"SearchAction","target":{"@type":"EntryPoint","urlTemplate":"https:\/\/www.finbandy.fi\/fi\/?s={search_term_string}"},"query-input":"required name=search_term_string"}],"inLanguage":"fi"}]}},"_links":{"self":[{"href":"https:\/\/www.finbandy.fi\/fi\/wp-json\/wp\/v2\/pages\/3860"}],"collection":[{"href":"https:\/\/www.finbandy.fi\/fi\/wp-json\/wp\/v2\/pages"}],"about":[{"href":"https:\/\/www.finbandy.fi\/fi\/wp-json\/wp\/v2\/types\/page"}],"author":[{"embeddable":true,"href":"https:\/\/www.finbandy.fi\/fi\/wp-json\/wp\/v2\/users\/4"}],"replies":[{"embeddable":true,"href":"https:\/\/www.finbandy.fi\/fi\/wp-json\/wp\/v2\/comments?post=3860"}],"version-history":[{"count":222,"href":"https:\/\/www.finbandy.fi\/fi\/wp-json\/wp\/v2\/pages\/3860\/revisions"}],"predecessor-version":[{"id":24034,"href":"https:\/\/www.finbandy.fi\/fi\/wp-json\/wp\/v2\/pages\/3860\/revisions\/24034"}],"up":[{"embeddable":true,"href":"https:\/\/www.finbandy.fi\/fi\/wp-json\/wp\/v2\/pages\/1262"}],"wp:attachment":[{"href":"https:\/\/www.finbandy.fi\/fi\/wp-json\/wp\/v2\/media?parent=3860"}],"curies":[{"name":"wp","href":"https:\/\/api.w.org\/{rel}","templated":true}]}}