{"id":3864,"date":"2014-10-23T10:57:12","date_gmt":"2014-10-23T07:57:12","guid":{"rendered":"https:\/\/www.finbandy.fi\/fi\/?page_id=3864"},"modified":"2016-06-16T12:11:56","modified_gmt":"2016-06-16T09:11:56","slug":"pelaajasopimusmalli","status":"publish","type":"page","link":"https:\/\/www.finbandy.fi\/fi\/asiointi-lomakkeet\/lomakkeet\/pelaajasopimusmalli\/","title":{"rendered":"Pelaajasopimusmalli"},"content":{"rendered":"<div id=\"wp_fb_like_button\" style=\"margin:5px 0;float:none;height:50px;\"><script src=\"http:\/\/connect.facebook.net\/en_US\/all.js#xfbml=1\"><\/script><fb:like href=\"https:\/\/www.finbandy.fi\/fi\/asiointi-lomakkeet\/lomakkeet\/pelaajasopimusmalli\/\" send=\"true\" layout=\"button_count\" width=\"400\" show_faces=\"false\" font=\"arial\" action=\"like\" colorscheme=\"light\"><\/fb:like><\/div><p>&nbsp;<\/p>\n<p>MALLI<\/p>\n<p>&nbsp;<\/p>\n<p><strong>PELAAJASOPIMUS<\/strong><\/p>\n<p>&nbsp;<\/p>\n<p><strong>1 OSAPUOLET<\/strong><\/p>\n<p>Urheilija __________________________________ Henkil\u00f6tunnus______________<\/p>\n<p>Yhteystiedot_________________________________________________________<\/p>\n<p>Seura_______________________________________________________________<\/p>\n<p>Yhteystiedot_________________________________________________________<\/p>\n<p>Yhteyshenkil\u00f6________________________________________________________<\/p>\n<p><strong>2 SOPIMUSKAUSI<\/strong><\/p>\n<p>T\u00e4m\u00e4n sopimuksen voimassaolo alkaa_____________________________________<\/p>\n<p>Sopimus p\u00e4\u00e4ttyy ilman irtisanomista_______________________________________<\/p>\n<p>(Mahdollinen optio sopimuksen jatkamiseksi ________________________________)<\/p>\n<p><strong>3 KOEAIKA<\/strong><\/p>\n<p>Sopimussuhteen alussa on ___ kuukauden koeaika, jonka kuluessa ty\u00f6sopimus voidaan molemmin puolin purkaa. Sopimusta ei kuitenkaan saa purkaa ty\u00f6sopimuslain 3 \u00a7:ss\u00e4 tarkoitetulla ep\u00e4asiallisella perusteella.<\/p>\n<p><em>(Koeaika sopeutettava lajin pelaajasiirtom\u00e4\u00e4r\u00e4yksiin.)\u00a0\u00a0\u00a0\u00a0\u00a0\u00a0\u00a0\u00a0\u00a0\u00a0\u00a0\u00a0\u00a0\u00a0\u00a0\u00a0 <\/em><\/p>\n<p>&nbsp;<\/p>\n<p><strong>4 SOPIMUKSEN TOTEUTTAMINEN<\/strong><\/p>\n<p>T\u00e4ll\u00e4 sopimuksella sovitaan seuran ja urheilijan v\u00e4lisest\u00e4 suhteesta seuran kilpailumenestyksen edist\u00e4miseksi siten, ett\u00e4 urheilijalle annetaan mahdollisuus kehitt\u00e4\u00e4 itse\u00e4\u00e4n t\u00e4ysipainoisesti urheilijana. Urheilija sitoutuu pelaamaan ja harjoittelemaan seuran valmennusjohdon m\u00e4\u00e4r\u00e4ysten mukaisesti siin\u00e4 seuran joukkueessa, jonka seuran johto osoittaa.<\/p>\n<p>&nbsp;<\/p>\n<p>Seuran ja urheilijan yhteisell\u00e4 sopimuksella urheilijan edustusoikeus voidaan siirt\u00e4\u00e4 toiseen seuraan m\u00e4\u00e4r\u00e4ajaksi kohdassa 2 mainitun sopimuskauden aikana. Urheilija sitoutuu pelaamaan ja harjoittelemaan toisen seuran valmennusjohdon m\u00e4\u00e4r\u00e4ysten mukaisesti siin\u00e4 seuran joukkueessa, jonka toisen seuran johto osoittaa.<\/p>\n<p>&nbsp;<\/p>\n<p>Urheilija sitoutuu osallistumaan seuran muuhun toimintaan seuraavasti:<\/p>\n<p>___________________________________________________________________<\/p>\n<p>___________________________________________________________________<\/p>\n<p>___________________________________________________________________<\/p>\n<p>___________________________________________________________________<\/p>\n<p>&nbsp;<\/p>\n<p>Muusta toiminnasta, joka ei koske harjoittelua ja pelaamista, sovitaan yhdess\u00e4 joukkueenjohdon kanssa.<\/p>\n<p>&nbsp;<\/p>\n<p><strong>5 PALKKA JA KULUKORVAUKSET<\/strong><\/p>\n<p>Seura suorittaa urheilijalle urheilijapalkkaa ja kulukorvausta. Palkasta perit\u00e4\u00e4n<\/p>\n<p>verokortin mukainen ennakonpid\u00e4tys.<\/p>\n<p>Urheilijapalkasta ja kulukorvauksesta sovitaan erillisell\u00e4 t\u00e4m\u00e4n sopimuksen talousliitteell\u00e4.<\/p>\n<p>&nbsp;<\/p>\n<p><strong>6\u00a0 TY\u00d6AIKA JA VUOSILOMA<\/strong><\/p>\n<p>Ty\u00f6ajoissa noudatetaan ty\u00f6aikalakia. Vuosilomaoikeus ja vuosilomapalkka tai -korvaus m\u00e4\u00e4r\u00e4ytyv\u00e4t vuosilomalain mukaan. Vuosilomapalkka tai -korvaus on kirjattu talousliitteeseen.<\/p>\n<p>&nbsp;<\/p>\n<h4>7 VAKUUTUKSET<\/h4>\n<p>Seuran on vakuutettava urheilija v\u00e4hint\u00e4\u00e4n liiton m\u00e4\u00e4r\u00e4\u00e4m\u00e4ll\u00e4 tavalla.<\/p>\n<p>Jos urheilijan veronalainen urheilijapalkkio on v\u00e4hint\u00e4\u00e4n 11 4000euroa kalenteri\u00advuodessa tai pelikaudella, j\u00e4rjest\u00e4\u00e4 seura urheilijalle vakuutuksella el\u00e4keturvan ja tapaturmaturvan asetuksessa s\u00e4\u00e4detyll\u00e4 tavalla.<\/p>\n<p>Urheilija suostuu siihen, ett\u00e4 seura antaa tiedot vakuutuksista valtakunnalliselleliitolle.<\/p>\n<p>&nbsp;<\/p>\n<h3>\u00a08 TERVEYDENHUOLTO<\/h3>\n<p>1 Ilmoitusvelvollisuus<\/p>\n<p>Mik\u00e4li urheilija loukkaantuu tai sairastuu sopimuskauden aikana, h\u00e4nen on\u00a0 ilmoitettava siit\u00e4 v\u00e4litt\u00f6m\u00e4sti seuran valmennusjohdolle.<\/p>\n<p>2 L\u00e4\u00e4kkeiden yms. k\u00e4ytt\u00f6<\/p>\n<p>Urheilija sitoutuu l\u00e4\u00e4kitsem\u00e4\u00e4n itse\u00e4\u00e4n vain l\u00e4\u00e4k\u00e4rin ohjeiden mukaan.<\/p>\n<p>3 Loukkaantuminen seuran tilaisuuksissa<\/p>\n<p>Mik\u00e4li urheilijan loukkaantuminen on sattunut seuran ottelussa, harjoituksissa, ottelu-\u00a0\u00a0\u00a0 tai harjoitusmatkalla tai urheilijan huolehtiessa omatoimisesti peruskunnostaan tai osallistuessa seuran luvalla muihin urheilutilaisuuksiin ja seuran nime\u00e4m\u00e4 l\u00e4\u00e4k\u00e4ri toteaa urheilijan pelikyvytt\u00f6m\u00e4ksi, seura suorittaa urheilijalle kuluvan pelikaudenkorvaukset t\u00e4ysim\u00e4\u00e4r\u00e4isesti loukkaantumisesta huolimatta.<\/p>\n<p>Mik\u00e4li urheilija on tyytym\u00e4t\u00f6n seuran l\u00e4\u00e4k\u00e4rin lausuntoon urheilijan pelikyvyst\u00e4, h\u00e4n on velvollinen suostumaan seuran ulkopuolisen erikoisl\u00e4\u00e4k\u00e4rin tutkittavaksi. Seura ja urheilija sitoutuvat tyytym\u00e4\u00e4n erikoisl\u00e4\u00e4k\u00e4rin p\u00e4\u00e4t\u00f6kseen urheilijan pelikyvyst\u00e4.<\/p>\n<p>4 Muu sairastuminen tai loukkaantuminen<\/p>\n<p>Mik\u00e4li urheilija loukkaantuu tai sairastuu muusta kuin edell\u00e4 kohdan 3 syyst\u00e4,\u00a0 urheilijalla on oikeus saada urheilijapalkkiot v\u00e4hint\u00e4\u00e4n _________________ajalta sairastumisesta tai loukkaantumisesta lukien, ei kuitenkaan silloin, kun kohdan 10.2 m\u00e4\u00e4r\u00e4yst\u00e4 on rikottu.<\/p>\n<p>Sairaus- ja loukkaantumisajan p\u00e4\u00e4ttymisen m\u00e4\u00e4rittelyss\u00e4 noudatetaan kohdan 8.3 m\u00e4\u00e4r\u00e4yksi\u00e4, jos urheilijan pelikyvyst\u00e4 syntyy erimielisyyksi\u00e4.<\/p>\n<p>5 Vahinkoilmoituksen tekeminen vakuutusyhti\u00f6lle<\/p>\n<p>Urheilijan kuuluessa lisenssivakuutuksen piiriin, tekee vahinkoilmoituksen urheilija.<\/p>\n<p>Urheilijan kuuluessa sosiaaliturvan piiriin, tekee vahinkoilmoituksen ty\u00f6nantaja.<\/p>\n<p>Ty\u00f6nantaja perii sairausajan p\u00e4iv\u00e4rahat kansanel\u00e4kelaitokselta <em>(edellytyksen\u00e4, ett\u00e4 on maksanut sairausajan palkan).<\/em><\/p>\n<p>&nbsp;<\/p>\n<h2>9\u00a0 MAINOSSOPIMUKSET<\/h2>\n<p>Sopimuskauden aikana urheilijan on noudatettava seuran tekemi\u00e4 mainossopimuksia ja k\u00e4ytett\u00e4v\u00e4 seuran johdon m\u00e4\u00e4r\u00e4\u00e4mi\u00e4 varusteita.<\/p>\n<p>Urheilijalla ei ole oikeutta poiketa tehdyist\u00e4 mainossopimuksista eik\u00e4 tehd\u00e4 omia mainossopimuksia ilman seuran lupaa.<\/p>\n<p>Seuralla on yksinoikeus urheilijasta peliasussa otettuun valokuvaan. Urheilijalle on oikeus k\u00e4ytt\u00e4\u00e4 ko. valokuvaa sopimalla siit\u00e4 erikseen seuran kanssa.<\/p>\n<p>Urheilija sitoutuu kohtuullisessa m\u00e4\u00e4rin edustamaan seuraa pr- tai kaupallisissa tilaisuuksissa.<\/p>\n<p>&nbsp;<\/p>\n<h3>10 URHEILIJAN VELVOLLISUUDET<\/h3>\n<p>1 Varusteet<\/p>\n<p>Seuran harjoituksissa, otteluissa ja muissa seuran edustustilaisuuksissa urheilijan on k\u00e4ytett\u00e4v\u00e4 seuran hyv\u00e4ksym\u00e4\u00e4 asua ja pelivarusteita joukkueen- ja seuran johdon antamien ohjeiden mukaisesti.<\/p>\n<p>Urheilija voi tehd\u00e4 seuran yleissopimuksesta poikkeavan varustesopimuksen vain seuran luvalla. Sopimuskauden p\u00e4\u00e4tytty\u00e4 urheilijan on luovutettava seuralle kuuluvat varusteet ja muu seuralle kuuluva omaisuus.<\/p>\n<p>2 Muun urheilemisen rajat<\/p>\n<p>Urheilija ei saa ilman seuran lupaa osallistua muiden kuin seuran, liiton tai liigan j\u00e4rjest\u00e4miin otteluihin. Urheilija ei ole oikeutettu harrastamaan muita urheilulajeja\u00a0 ilman seuran lupaa. Muiden urheilulajien tavanomainen harrastaminen on kuitenkin sallittu, mik\u00e4li harrastaminen ei ole omiaan heikent\u00e4m\u00e4\u00e4n urheilijan suorituskyky\u00e4.<\/p>\n<p>3 K\u00e4ytt\u00e4ytyminen<\/p>\n<p>Urheilijan on k\u00e4ytt\u00e4ydytt\u00e4v\u00e4 niin, ettei h\u00e4n menettelyll\u00e4\u00e4n tai ep\u00e4urheilijamaisella k\u00e4ytt\u00e4ytymisell\u00e4\u00e4n aiheuta huomauttavaa vahinkoa seuralleen, lajilleen tai urheilulle yleens\u00e4. Urheilija sitoutuu noudattamaan liiton kilpailutoimintaa ohjaavia s\u00e4\u00e4nt\u00f6j\u00e4 ja niihin liittyvi\u00e4 kurinpitom\u00e4\u00e4r\u00e4yksi\u00e4. Urheilija sitoutuu lis\u00e4ksi noudattamaan lajin kansainv\u00e4lisen ja kansallisen liiton dopings\u00e4\u00e4nt\u00f6j\u00e4.<\/p>\n<p><em>(Keskeiset ep\u00e4urheilijamaisen k\u00e4ytt\u00e4ytymisen muodot ovat sopimuksen liitteen\u00e4.)<\/em><\/p>\n<p>Urheilijalla ei ole oikeutta itse tai edustajan kautta osallistua vedonly\u00f6ntiin omasta lajitapahtumasta.<\/p>\n<p>4 Pakollinen este<\/p>\n<p>Jos urheilija on pakottavasta syyst\u00e4 estynyt osallistumaan seuran harjoituksiin tai otteluihin, h\u00e4nen on ilmoitettava este ja sen syy v\u00e4litt\u00f6m\u00e4sti seuran valmennusjohdolle. Mik\u00e4li urheilija on estynyt em. syyst\u00e4 osallistumaan seuran muuhun tilaisuuteen, on vastaava ilmoitus teht\u00e4v\u00e4 seuran johdolle.<\/p>\n<p><strong>11 EDUSTUSTEHT\u00c4V\u00c4T<\/strong><\/p>\n<p>Maajoukkueeseen tai maajoukkuevalmennukseen valitulla urheilijalla on oikeus seuran est\u00e4m\u00e4tt\u00e4 osallistua maajoukkueteht\u00e4viin.<\/p>\n<p><strong>12 SOPIMUSRIKKOMUKSET<\/strong><\/p>\n<p>1 Purkaminen<\/p>\n<p>Mik\u00e4li seura tai urheilija olennaisesti rikkoo t\u00e4m\u00e4n sopimuksen m\u00e4\u00e4r\u00e4yksi\u00e4, toisella sopijapuolella on oikeus purkaa t\u00e4m\u00e4 sopimus p\u00e4\u00e4ttym\u00e4\u00e4n v\u00e4litt\u00f6m\u00e4sti. Mik\u00e4li urheilijan havaitaan k\u00e4ytt\u00e4neen kiellettyj\u00e4 dopingaineita tai mik\u00e4li urheilijan on todettu kielt\u00e4ytyneen doping-testeist\u00e4, on seuralla oikeus purkaa ty\u00f6sopimus v\u00e4litt\u00f6m\u00e4sti<\/p>\n<p>2 Vahingonkorvaus<\/p>\n<p>Jos urheilija tai seura tahallisesti tai tuottamuksellisesti rikkoo t\u00e4m\u00e4n sopimuksen ehtoja, on toinen sopijapuoli velvollinen korvaamaan sopimusrikkomuksesta aiheutuneen vahingon.<\/p>\n<p>3 Suorituksesta pid\u00e4tt\u00e4ytyminen<\/p>\n<p>Mik\u00e4li seura ei t\u00e4yt\u00e4 t\u00e4ss\u00e4 sopimuksessa sovittuja velvollisuuksiaan, voi urheilija pid\u00e4tt\u00e4yty\u00e4 omasta\u00a0 suorituksestaan, kunnes seura t\u00e4ytt\u00e4\u00e4 velvollisuutensa.<\/p>\n<p>Mik\u00e4li urheilija ei t\u00e4yt\u00e4 t\u00e4ss\u00e4 sopimuksessa sovittuja velvollisuuksiaan, voi seura pid\u00e4tty\u00e4 omasta suorituksestaan,\u00a0 kunnes urheilija t\u00e4ytt\u00e4\u00e4 velvollisuutensa.<\/p>\n<p><strong>13 IRTISANOMINEN\u00a0\u00a0\u00a0\u00a0\u00a0\u00a0\u00a0\u00a0\u00a0\u00a0\u00a0\u00a0\u00a0\u00a0\u00a0 <\/strong><\/p>\n<p>T\u00e4m\u00e4 sopimus on voimassa aiemmin m\u00e4\u00e4ritellyn sopimuskauden siin\u00e4 tapauksessa, ett\u00e4 seuran sarjapaikka s\u00e4ilyy. Jos seura putoaa alemmalle sarjatasolle, molemmilla osapuolilla on oikeus irtisanoa sopimus ilman irtisanomisaikaa (tai jos halutaan irtisanomisaika, esim. kuukauden irtisanomisaikaa noudattaen) sen sarjakauden lopussa, jolloin seura tippuu alemmalle sarjatasolle.<\/p>\n<p>&nbsp;<\/p>\n<p><strong>14 MENETTELY RIITATAPAUKSISSA<\/strong><\/p>\n<p>T\u00e4st\u00e4 sopimuksesta johtuvat riitaisuudet ratkaistaan <em>vaihtoehtoisesti esimerkiksi <\/em><\/p>\n<p>&#8211; (lajin) kilpailus\u00e4\u00e4nn\u00f6iss\u00e4 p\u00e4\u00e4tetyll\u00e4 tavalla, josta voi valittaa Urheilun oikeusturva\u00adlautakunnalle<\/p>\n<p>&#8211; v\u00e4limiesmenettelyst\u00e4 annetun lain\u00a0 mukaisesti; v\u00e4limiesoikeuteen kuuluu kolme j\u00e4sent\u00e4, joista urheilija nime\u00e4\u00e4 yhden j\u00e4senen, seura yhden j\u00e4senen ja n\u00e4m\u00e4 valitsevat yhdess\u00e4 v\u00e4limiesoikeuden puheenjohtajan.<\/p>\n<p>&nbsp;<\/p>\n<p>Sitoudumme noudattamaan t\u00e4m\u00e4n sopimuksen ehtoja.<\/p>\n<p>&nbsp;<\/p>\n<p>Paikka____________________________ Aika_______________________________<\/p>\n<p>&nbsp;<\/p>\n<p>__________________________________________________________ry:n puolesta<\/p>\n<p>&nbsp;<\/p>\n<p>_________________________________\u00a0\u00a0 _________________________________<\/p>\n<p>&nbsp;<\/p>\n<p>Urheilijan allekirjoitus___________________________________________________<\/p>\n<p>&nbsp;<\/p>\n","protected":false},"excerpt":{"rendered":"<p>&nbsp; MALLI &nbsp; PELAAJASOPIMUS &nbsp; 1 OSAPUOLET Urheilija __________________________________ Henkil\u00f6tunnus______________ Yhteystiedot_________________________________________________________ Seura_______________________________________________________________ Yhteystiedot_________________________________________________________ Yhteyshenkil\u00f6________________________________________________________ 2 SOPIMUSKAUSI T\u00e4m\u00e4n sopimuksen voimassaolo alkaa_____________________________________ Sopimus p\u00e4\u00e4ttyy ilman irtisanomista_______________________________________ (Mahdollinen optio sopimuksen jatkamiseksi ________________________________) 3 KOEAIKA Sopimussuhteen alussa on ___ kuukauden koeaika, jonka kuluessa ty\u00f6sopimus voidaan molemmin puolin purkaa. Sopimusta ei kuitenkaan saa purkaa ty\u00f6sopimuslain 3 \u00a7:ss\u00e4 tarkoitetulla ep\u00e4asiallisella perusteella. [&hellip;]<\/p>\n","protected":false},"author":4,"featured_media":0,"parent":1080,"menu_order":0,"comment_status":"open","ping_status":"open","template":"yksittainen.php","meta":{"_monsterinsights_skip_tracking":false,"_monsterinsights_sitenote_active":false,"_monsterinsights_sitenote_note":"","_monsterinsights_sitenote_category":0,"site-sidebar-layout":"default","site-content-layout":"","ast-site-content-layout":"","site-content-style":"default","site-sidebar-style":"default","ast-global-header-display":"","ast-banner-title-visibility":"","ast-main-header-display":"","ast-hfb-above-header-display":"","ast-hfb-below-header-display":"","ast-hfb-mobile-header-display":"","site-post-title":"","ast-breadcrumbs-content":"","ast-featured-img":"","footer-sml-layout":"","theme-transparent-header-meta":"","adv-header-id-meta":"","stick-header-meta":"","header-above-stick-meta":"","header-main-stick-meta":"","header-below-stick-meta":"","astra-migrate-meta-layouts":"default","ast-page-background-enabled":"default","ast-page-background-meta":{"desktop":{"background-color":"var(--ast-global-color-4)","background-image":"","background-repeat":"repeat","background-position":"center center","background-size":"auto","background-attachment":"scroll","background-type":"","background-media":"","overlay-type":"","overlay-color":"","overlay-opacity":"","overlay-gradient":""},"tablet":{"background-color":"","background-image":"","background-repeat":"repeat","background-position":"center center","background-size":"auto","background-attachment":"scroll","background-type":"","background-media":"","overlay-type":"","overlay-color":"","overlay-opacity":"","overlay-gradient":""},"mobile":{"background-color":"","background-image":"","background-repeat":"repeat","background-position":"center center","background-size":"auto","background-attachment":"scroll","background-type":"","background-media":"","overlay-type":"","overlay-color":"","overlay-opacity":"","overlay-gradient":""}},"ast-content-background-meta":{"desktop":{"background-color":"var(--ast-global-color-5)","background-image":"","background-repeat":"repeat","background-position":"center center","background-size":"auto","background-attachment":"scroll","background-type":"","background-media":"","overlay-type":"","overlay-color":"","overlay-opacity":"","overlay-gradient":""},"tablet":{"background-color":"var(--ast-global-color-5)","background-image":"","background-repeat":"repeat","background-position":"center center","background-size":"auto","background-attachment":"scroll","background-type":"","background-media":"","overlay-type":"","overlay-color":"","overlay-opacity":"","overlay-gradient":""},"mobile":{"background-color":"var(--ast-global-color-5)","background-image":"","background-repeat":"repeat","background-position":"center center","background-size":"auto","background-attachment":"scroll","background-type":"","background-media":"","overlay-type":"","overlay-color":"","overlay-opacity":"","overlay-gradient":""}},"footnotes":"","_expiration-date-status":"saved","_expiration-date":0,"_expiration-date-type":"","_expiration-date-categories":[],"_expiration-date-options":[]},"class_list":["post-3864","page","type-page","status-publish","hentry"],"yoast_head":"<!-- This site is optimized with the Yoast SEO plugin v19.7.1 - https:\/\/yoast.com\/wordpress\/plugins\/seo\/ -->\n<title>Pelaajasopimusmalli - Suomen J\u00e4\u00e4palloliitto<\/title>\n<meta name=\"robots\" content=\"index, follow, max-snippet:-1, max-image-preview:large, max-video-preview:-1\" \/>\n<link rel=\"canonical\" href=\"https:\/\/www.finbandy.fi\/fi\/asiointi-lomakkeet\/lomakkeet\/pelaajasopimusmalli\/\" \/>\n<meta property=\"og:locale\" content=\"fi_FI\" \/>\n<meta property=\"og:type\" content=\"article\" \/>\n<meta property=\"og:title\" content=\"Pelaajasopimusmalli - Suomen J\u00e4\u00e4palloliitto\" \/>\n<meta property=\"og:description\" content=\"&nbsp; MALLI &nbsp; PELAAJASOPIMUS &nbsp; 1 OSAPUOLET Urheilija __________________________________ Henkil\u00f6tunnus______________ Yhteystiedot_________________________________________________________ Seura_______________________________________________________________ Yhteystiedot_________________________________________________________ Yhteyshenkil\u00f6________________________________________________________ 2 SOPIMUSKAUSI T\u00e4m\u00e4n sopimuksen voimassaolo alkaa_____________________________________ Sopimus p\u00e4\u00e4ttyy ilman irtisanomista_______________________________________ (Mahdollinen optio sopimuksen jatkamiseksi ________________________________) 3 KOEAIKA Sopimussuhteen alussa on ___ kuukauden koeaika, jonka kuluessa ty\u00f6sopimus voidaan molemmin puolin purkaa. Sopimusta ei kuitenkaan saa purkaa ty\u00f6sopimuslain 3 \u00a7:ss\u00e4 tarkoitetulla ep\u00e4asiallisella perusteella. [&hellip;]\" \/>\n<meta property=\"og:url\" content=\"https:\/\/www.finbandy.fi\/fi\/asiointi-lomakkeet\/lomakkeet\/pelaajasopimusmalli\/\" \/>\n<meta property=\"og:site_name\" content=\"Suomen J\u00e4\u00e4palloliitto\" \/>\n<meta property=\"article:modified_time\" content=\"2016-06-16T09:11:56+00:00\" \/>\n<meta name=\"twitter:card\" content=\"summary_large_image\" \/>\n<meta name=\"twitter:label1\" content=\"Arvioitu lukuaika\" \/>\n\t<meta name=\"twitter:data1\" content=\"5 minuuttia\" \/>\n<script type=\"application\/ld+json\" class=\"yoast-schema-graph\">{\"@context\":\"https:\/\/schema.org\",\"@graph\":[{\"@type\":\"WebPage\",\"@id\":\"https:\/\/www.finbandy.fi\/fi\/asiointi-lomakkeet\/lomakkeet\/pelaajasopimusmalli\/\",\"url\":\"https:\/\/www.finbandy.fi\/fi\/asiointi-lomakkeet\/lomakkeet\/pelaajasopimusmalli\/\",\"name\":\"Pelaajasopimusmalli - Suomen J\u00e4\u00e4palloliitto\",\"isPartOf\":{\"@id\":\"https:\/\/www.finbandy.fi\/fi\/#website\"},\"datePublished\":\"2014-10-23T07:57:12+00:00\",\"dateModified\":\"2016-06-16T09:11:56+00:00\",\"breadcrumb\":{\"@id\":\"https:\/\/www.finbandy.fi\/fi\/asiointi-lomakkeet\/lomakkeet\/pelaajasopimusmalli\/#breadcrumb\"},\"inLanguage\":\"fi\",\"potentialAction\":[{\"@type\":\"ReadAction\",\"target\":[\"https:\/\/www.finbandy.fi\/fi\/asiointi-lomakkeet\/lomakkeet\/pelaajasopimusmalli\/\"]}]},{\"@type\":\"BreadcrumbList\",\"@id\":\"https:\/\/www.finbandy.fi\/fi\/asiointi-lomakkeet\/lomakkeet\/pelaajasopimusmalli\/#breadcrumb\",\"itemListElement\":[{\"@type\":\"ListItem\",\"position\":1,\"name\":\"Etusivu\",\"item\":\"https:\/\/www.finbandy.fi\/fi\/\"},{\"@type\":\"ListItem\",\"position\":2,\"name\":\"Asiointi &#038; Lomakkeet\",\"item\":\"https:\/\/www.finbandy.fi\/fi\/asiointi-lomakkeet\/\"},{\"@type\":\"ListItem\",\"position\":3,\"name\":\"Lomakkeet\",\"item\":\"https:\/\/www.finbandy.fi\/fi\/asiointi-lomakkeet\/lomakkeet\/\"},{\"@type\":\"ListItem\",\"position\":4,\"name\":\"Pelaajasopimusmalli\"}]},{\"@type\":\"WebSite\",\"@id\":\"https:\/\/www.finbandy.fi\/fi\/#website\",\"url\":\"https:\/\/www.finbandy.fi\/fi\/\",\"name\":\"Suomen J\u00e4\u00e4palloliitto\",\"description\":\"\",\"potentialAction\":[{\"@type\":\"SearchAction\",\"target\":{\"@type\":\"EntryPoint\",\"urlTemplate\":\"https:\/\/www.finbandy.fi\/fi\/?s={search_term_string}\"},\"query-input\":\"required name=search_term_string\"}],\"inLanguage\":\"fi\"}]}<\/script>\n<!-- \/ Yoast SEO plugin. -->","yoast_head_json":{"title":"Pelaajasopimusmalli - Suomen J\u00e4\u00e4palloliitto","robots":{"index":"index","follow":"follow","max-snippet":"max-snippet:-1","max-image-preview":"max-image-preview:large","max-video-preview":"max-video-preview:-1"},"canonical":"https:\/\/www.finbandy.fi\/fi\/asiointi-lomakkeet\/lomakkeet\/pelaajasopimusmalli\/","og_locale":"fi_FI","og_type":"article","og_title":"Pelaajasopimusmalli - Suomen J\u00e4\u00e4palloliitto","og_description":"&nbsp; MALLI &nbsp; PELAAJASOPIMUS &nbsp; 1 OSAPUOLET Urheilija __________________________________ Henkil\u00f6tunnus______________ Yhteystiedot_________________________________________________________ Seura_______________________________________________________________ Yhteystiedot_________________________________________________________ Yhteyshenkil\u00f6________________________________________________________ 2 SOPIMUSKAUSI T\u00e4m\u00e4n sopimuksen voimassaolo alkaa_____________________________________ Sopimus p\u00e4\u00e4ttyy ilman irtisanomista_______________________________________ (Mahdollinen optio sopimuksen jatkamiseksi ________________________________) 3 KOEAIKA Sopimussuhteen alussa on ___ kuukauden koeaika, jonka kuluessa ty\u00f6sopimus voidaan molemmin puolin purkaa. Sopimusta ei kuitenkaan saa purkaa ty\u00f6sopimuslain 3 \u00a7:ss\u00e4 tarkoitetulla ep\u00e4asiallisella perusteella. [&hellip;]","og_url":"https:\/\/www.finbandy.fi\/fi\/asiointi-lomakkeet\/lomakkeet\/pelaajasopimusmalli\/","og_site_name":"Suomen J\u00e4\u00e4palloliitto","article_modified_time":"2016-06-16T09:11:56+00:00","twitter_card":"summary_large_image","twitter_misc":{"Arvioitu lukuaika":"5 minuuttia"},"schema":{"@context":"https:\/\/schema.org","@graph":[{"@type":"WebPage","@id":"https:\/\/www.finbandy.fi\/fi\/asiointi-lomakkeet\/lomakkeet\/pelaajasopimusmalli\/","url":"https:\/\/www.finbandy.fi\/fi\/asiointi-lomakkeet\/lomakkeet\/pelaajasopimusmalli\/","name":"Pelaajasopimusmalli - Suomen J\u00e4\u00e4palloliitto","isPartOf":{"@id":"https:\/\/www.finbandy.fi\/fi\/#website"},"datePublished":"2014-10-23T07:57:12+00:00","dateModified":"2016-06-16T09:11:56+00:00","breadcrumb":{"@id":"https:\/\/www.finbandy.fi\/fi\/asiointi-lomakkeet\/lomakkeet\/pelaajasopimusmalli\/#breadcrumb"},"inLanguage":"fi","potentialAction":[{"@type":"ReadAction","target":["https:\/\/www.finbandy.fi\/fi\/asiointi-lomakkeet\/lomakkeet\/pelaajasopimusmalli\/"]}]},{"@type":"BreadcrumbList","@id":"https:\/\/www.finbandy.fi\/fi\/asiointi-lomakkeet\/lomakkeet\/pelaajasopimusmalli\/#breadcrumb","itemListElement":[{"@type":"ListItem","position":1,"name":"Etusivu","item":"https:\/\/www.finbandy.fi\/fi\/"},{"@type":"ListItem","position":2,"name":"Asiointi &#038; Lomakkeet","item":"https:\/\/www.finbandy.fi\/fi\/asiointi-lomakkeet\/"},{"@type":"ListItem","position":3,"name":"Lomakkeet","item":"https:\/\/www.finbandy.fi\/fi\/asiointi-lomakkeet\/lomakkeet\/"},{"@type":"ListItem","position":4,"name":"Pelaajasopimusmalli"}]},{"@type":"WebSite","@id":"https:\/\/www.finbandy.fi\/fi\/#website","url":"https:\/\/www.finbandy.fi\/fi\/","name":"Suomen J\u00e4\u00e4palloliitto","description":"","potentialAction":[{"@type":"SearchAction","target":{"@type":"EntryPoint","urlTemplate":"https:\/\/www.finbandy.fi\/fi\/?s={search_term_string}"},"query-input":"required name=search_term_string"}],"inLanguage":"fi"}]}},"_links":{"self":[{"href":"https:\/\/www.finbandy.fi\/fi\/wp-json\/wp\/v2\/pages\/3864"}],"collection":[{"href":"https:\/\/www.finbandy.fi\/fi\/wp-json\/wp\/v2\/pages"}],"about":[{"href":"https:\/\/www.finbandy.fi\/fi\/wp-json\/wp\/v2\/types\/page"}],"author":[{"embeddable":true,"href":"https:\/\/www.finbandy.fi\/fi\/wp-json\/wp\/v2\/users\/4"}],"replies":[{"embeddable":true,"href":"https:\/\/www.finbandy.fi\/fi\/wp-json\/wp\/v2\/comments?post=3864"}],"version-history":[{"count":2,"href":"https:\/\/www.finbandy.fi\/fi\/wp-json\/wp\/v2\/pages\/3864\/revisions"}],"predecessor-version":[{"id":9103,"href":"https:\/\/www.finbandy.fi\/fi\/wp-json\/wp\/v2\/pages\/3864\/revisions\/9103"}],"up":[{"embeddable":true,"href":"https:\/\/www.finbandy.fi\/fi\/wp-json\/wp\/v2\/pages\/1080"}],"wp:attachment":[{"href":"https:\/\/www.finbandy.fi\/fi\/wp-json\/wp\/v2\/media?parent=3864"}],"curies":[{"name":"wp","href":"https:\/\/api.w.org\/{rel}","templated":true}]}}