{"id":608,"date":"2013-11-08T11:49:30","date_gmt":"2013-11-08T09:49:30","guid":{"rendered":"https:\/\/www.finbandy.fi\/fi\/?page_id=608"},"modified":"2016-09-05T15:26:37","modified_gmt":"2016-09-05T12:26:37","slug":"aluesarja","status":"publish","type":"page","link":"https:\/\/www.finbandy.fi\/fi\/sarjat\/aluesarja\/","title":{"rendered":"Aluesarja"},"content":{"rendered":"<div id=\"wp_fb_like_button\" style=\"margin:5px 0;float:none;height:50px;\"><script src=\"http:\/\/connect.facebook.net\/en_US\/all.js#xfbml=1\"><\/script><fb:like href=\"https:\/\/www.finbandy.fi\/fi\/sarjat\/aluesarja\/\" send=\"true\" layout=\"button_count\" width=\"400\" show_faces=\"false\" font=\"arial\" action=\"like\" colorscheme=\"light\"><\/fb:like><\/div><p>Alueellisia sarjoja pelataan <a href=\"http:\/\/finbandy.torneopal.fi\/taso\/sarja.php?turnaus=sjpl_1617&amp;sarja=PIC\">Helsingiss\u00e4<\/a>, Lappeenrannassa, Porissa, Mikkeliss\u00e4 ja Kemiss\u00e4.<\/p>\n<p>Helsingin piiri<\/p>\n<p>Yhdyshenkil\u00f6t:<\/p>\n<p>&nbsp;<\/p>\n<p>Lappeenrannan yhdyshenkil\u00f6t<\/p>\n<p>&nbsp;<\/p>\n<p>Porin yhdyshenkil\u00f6t<\/p>\n<p>&nbsp;<\/p>\n<p>Mikkelin yhdyshenkil\u00f6t<\/p>\n<p>&nbsp;<\/p>\n<p>Kemin yhdyshenkil\u00f6t<\/p>\n<p>&nbsp;<\/p>\n<p>&nbsp;<\/p>\n","protected":false},"excerpt":{"rendered":"<p>Alueellisia sarjoja pelataan Helsingiss\u00e4, Lappeenrannassa, Porissa, Mikkeliss\u00e4 ja Kemiss\u00e4. Helsingin piiri Yhdyshenkil\u00f6t: &nbsp; Lappeenrannan yhdyshenkil\u00f6t &nbsp; Porin yhdyshenkil\u00f6t &nbsp; Mikkelin yhdyshenkil\u00f6t &nbsp; Kemin yhdyshenkil\u00f6t &nbsp; &nbsp;<\/p>\n","protected":false},"author":1,"featured_media":0,"parent":234,"menu_order":3,"comment_status":"open","ping_status":"open","template":"yksittainen.php","meta":{"_monsterinsights_skip_tracking":false,"_monsterinsights_sitenote_active":false,"_monsterinsights_sitenote_note":"","_monsterinsights_sitenote_category":0,"site-sidebar-layout":"default","site-content-layout":"","ast-site-content-layout":"","site-content-style":"default","site-sidebar-style":"default","ast-global-header-display":"","ast-banner-title-visibility":"","ast-main-header-display":"","ast-hfb-above-header-display":"","ast-hfb-below-header-display":"","ast-hfb-mobile-header-display":"","site-post-title":"","ast-breadcrumbs-content":"","ast-featured-img":"","footer-sml-layout":"","theme-transparent-header-meta":"","adv-header-id-meta":"","stick-header-meta":"","header-above-stick-meta":"","header-main-stick-meta":"","header-below-stick-meta":"","astra-migrate-meta-layouts":"default","ast-page-background-enabled":"default","ast-page-background-meta":{"desktop":{"background-color":"var(--ast-global-color-4)","background-image":"","background-repeat":"repeat","background-position":"center center","background-size":"auto","background-attachment":"scroll","background-type":"","background-media":"","overlay-type":"","overlay-color":"","overlay-opacity":"","overlay-gradient":""},"tablet":{"background-color":"","background-image":"","background-repeat":"repeat","background-position":"center center","background-size":"auto","background-attachment":"scroll","background-type":"","background-media":"","overlay-type":"","overlay-color":"","overlay-opacity":"","overlay-gradient":""},"mobile":{"background-color":"","background-image":"","background-repeat":"repeat","background-position":"center center","background-size":"auto","background-attachment":"scroll","background-type":"","background-media":"","overlay-type":"","overlay-color":"","overlay-opacity":"","overlay-gradient":""}},"ast-content-background-meta":{"desktop":{"background-color":"var(--ast-global-color-5)","background-image":"","background-repeat":"repeat","background-position":"center center","background-size":"auto","background-attachment":"scroll","background-type":"","background-media":"","overlay-type":"","overlay-color":"","overlay-opacity":"","overlay-gradient":""},"tablet":{"background-color":"var(--ast-global-color-5)","background-image":"","background-repeat":"repeat","background-position":"center center","background-size":"auto","background-attachment":"scroll","background-type":"","background-media":"","overlay-type":"","overlay-color":"","overlay-opacity":"","overlay-gradient":""},"mobile":{"background-color":"var(--ast-global-color-5)","background-image":"","background-repeat":"repeat","background-position":"center center","background-size":"auto","background-attachment":"scroll","background-type":"","background-media":"","overlay-type":"","overlay-color":"","overlay-opacity":"","overlay-gradient":""}},"footnotes":"","_expiration-date-status":"saved","_expiration-date":0,"_expiration-date-type":"","_expiration-date-categories":[],"_expiration-date-options":[]},"class_list":["post-608","page","type-page","status-publish","hentry"],"yoast_head":"<!-- This site is optimized with the Yoast SEO plugin v19.7.1 - https:\/\/yoast.com\/wordpress\/plugins\/seo\/ -->\n<title>Aluesarja - Suomen J\u00e4\u00e4palloliitto<\/title>\n<meta name=\"robots\" content=\"index, follow, max-snippet:-1, max-image-preview:large, max-video-preview:-1\" \/>\n<link rel=\"canonical\" href=\"https:\/\/www.finbandy.fi\/fi\/sarjat\/aluesarja\/\" \/>\n<meta property=\"og:locale\" content=\"fi_FI\" \/>\n<meta property=\"og:type\" content=\"article\" \/>\n<meta property=\"og:title\" content=\"Aluesarja - Suomen J\u00e4\u00e4palloliitto\" \/>\n<meta property=\"og:description\" content=\"Alueellisia sarjoja pelataan Helsingiss\u00e4, Lappeenrannassa, Porissa, Mikkeliss\u00e4 ja Kemiss\u00e4. Helsingin piiri Yhdyshenkil\u00f6t: &nbsp; Lappeenrannan yhdyshenkil\u00f6t &nbsp; Porin yhdyshenkil\u00f6t &nbsp; Mikkelin yhdyshenkil\u00f6t &nbsp; Kemin yhdyshenkil\u00f6t &nbsp; &nbsp;\" \/>\n<meta property=\"og:url\" content=\"https:\/\/www.finbandy.fi\/fi\/sarjat\/aluesarja\/\" \/>\n<meta property=\"og:site_name\" content=\"Suomen J\u00e4\u00e4palloliitto\" \/>\n<meta property=\"article:modified_time\" content=\"2016-09-05T12:26:37+00:00\" \/>\n<meta name=\"twitter:card\" content=\"summary_large_image\" \/>\n<script type=\"application\/ld+json\" class=\"yoast-schema-graph\">{\"@context\":\"https:\/\/schema.org\",\"@graph\":[{\"@type\":\"WebPage\",\"@id\":\"https:\/\/www.finbandy.fi\/fi\/sarjat\/aluesarja\/\",\"url\":\"https:\/\/www.finbandy.fi\/fi\/sarjat\/aluesarja\/\",\"name\":\"Aluesarja - Suomen J\u00e4\u00e4palloliitto\",\"isPartOf\":{\"@id\":\"https:\/\/www.finbandy.fi\/fi\/#website\"},\"datePublished\":\"2013-11-08T09:49:30+00:00\",\"dateModified\":\"2016-09-05T12:26:37+00:00\",\"breadcrumb\":{\"@id\":\"https:\/\/www.finbandy.fi\/fi\/sarjat\/aluesarja\/#breadcrumb\"},\"inLanguage\":\"fi\",\"potentialAction\":[{\"@type\":\"ReadAction\",\"target\":[\"https:\/\/www.finbandy.fi\/fi\/sarjat\/aluesarja\/\"]}]},{\"@type\":\"BreadcrumbList\",\"@id\":\"https:\/\/www.finbandy.fi\/fi\/sarjat\/aluesarja\/#breadcrumb\",\"itemListElement\":[{\"@type\":\"ListItem\",\"position\":1,\"name\":\"Etusivu\",\"item\":\"https:\/\/www.finbandy.fi\/fi\/\"},{\"@type\":\"ListItem\",\"position\":2,\"name\":\"Sarjat\",\"item\":\"https:\/\/www.finbandy.fi\/fi\/sarjat\/\"},{\"@type\":\"ListItem\",\"position\":3,\"name\":\"Aluesarja\"}]},{\"@type\":\"WebSite\",\"@id\":\"https:\/\/www.finbandy.fi\/fi\/#website\",\"url\":\"https:\/\/www.finbandy.fi\/fi\/\",\"name\":\"Suomen J\u00e4\u00e4palloliitto\",\"description\":\"\",\"potentialAction\":[{\"@type\":\"SearchAction\",\"target\":{\"@type\":\"EntryPoint\",\"urlTemplate\":\"https:\/\/www.finbandy.fi\/fi\/?s={search_term_string}\"},\"query-input\":\"required name=search_term_string\"}],\"inLanguage\":\"fi\"}]}<\/script>\n<!-- \/ Yoast SEO plugin. -->","yoast_head_json":{"title":"Aluesarja - Suomen J\u00e4\u00e4palloliitto","robots":{"index":"index","follow":"follow","max-snippet":"max-snippet:-1","max-image-preview":"max-image-preview:large","max-video-preview":"max-video-preview:-1"},"canonical":"https:\/\/www.finbandy.fi\/fi\/sarjat\/aluesarja\/","og_locale":"fi_FI","og_type":"article","og_title":"Aluesarja - Suomen J\u00e4\u00e4palloliitto","og_description":"Alueellisia sarjoja pelataan Helsingiss\u00e4, Lappeenrannassa, Porissa, Mikkeliss\u00e4 ja Kemiss\u00e4. Helsingin piiri Yhdyshenkil\u00f6t: &nbsp; Lappeenrannan yhdyshenkil\u00f6t &nbsp; Porin yhdyshenkil\u00f6t &nbsp; Mikkelin yhdyshenkil\u00f6t &nbsp; Kemin yhdyshenkil\u00f6t &nbsp; &nbsp;","og_url":"https:\/\/www.finbandy.fi\/fi\/sarjat\/aluesarja\/","og_site_name":"Suomen J\u00e4\u00e4palloliitto","article_modified_time":"2016-09-05T12:26:37+00:00","twitter_card":"summary_large_image","schema":{"@context":"https:\/\/schema.org","@graph":[{"@type":"WebPage","@id":"https:\/\/www.finbandy.fi\/fi\/sarjat\/aluesarja\/","url":"https:\/\/www.finbandy.fi\/fi\/sarjat\/aluesarja\/","name":"Aluesarja - Suomen J\u00e4\u00e4palloliitto","isPartOf":{"@id":"https:\/\/www.finbandy.fi\/fi\/#website"},"datePublished":"2013-11-08T09:49:30+00:00","dateModified":"2016-09-05T12:26:37+00:00","breadcrumb":{"@id":"https:\/\/www.finbandy.fi\/fi\/sarjat\/aluesarja\/#breadcrumb"},"inLanguage":"fi","potentialAction":[{"@type":"ReadAction","target":["https:\/\/www.finbandy.fi\/fi\/sarjat\/aluesarja\/"]}]},{"@type":"BreadcrumbList","@id":"https:\/\/www.finbandy.fi\/fi\/sarjat\/aluesarja\/#breadcrumb","itemListElement":[{"@type":"ListItem","position":1,"name":"Etusivu","item":"https:\/\/www.finbandy.fi\/fi\/"},{"@type":"ListItem","position":2,"name":"Sarjat","item":"https:\/\/www.finbandy.fi\/fi\/sarjat\/"},{"@type":"ListItem","position":3,"name":"Aluesarja"}]},{"@type":"WebSite","@id":"https:\/\/www.finbandy.fi\/fi\/#website","url":"https:\/\/www.finbandy.fi\/fi\/","name":"Suomen J\u00e4\u00e4palloliitto","description":"","potentialAction":[{"@type":"SearchAction","target":{"@type":"EntryPoint","urlTemplate":"https:\/\/www.finbandy.fi\/fi\/?s={search_term_string}"},"query-input":"required name=search_term_string"}],"inLanguage":"fi"}]}},"_links":{"self":[{"href":"https:\/\/www.finbandy.fi\/fi\/wp-json\/wp\/v2\/pages\/608"}],"collection":[{"href":"https:\/\/www.finbandy.fi\/fi\/wp-json\/wp\/v2\/pages"}],"about":[{"href":"https:\/\/www.finbandy.fi\/fi\/wp-json\/wp\/v2\/types\/page"}],"author":[{"embeddable":true,"href":"https:\/\/www.finbandy.fi\/fi\/wp-json\/wp\/v2\/users\/1"}],"replies":[{"embeddable":true,"href":"https:\/\/www.finbandy.fi\/fi\/wp-json\/wp\/v2\/comments?post=608"}],"version-history":[{"count":9,"href":"https:\/\/www.finbandy.fi\/fi\/wp-json\/wp\/v2\/pages\/608\/revisions"}],"predecessor-version":[{"id":9311,"href":"https:\/\/www.finbandy.fi\/fi\/wp-json\/wp\/v2\/pages\/608\/revisions\/9311"}],"up":[{"embeddable":true,"href":"https:\/\/www.finbandy.fi\/fi\/wp-json\/wp\/v2\/pages\/234"}],"wp:attachment":[{"href":"https:\/\/www.finbandy.fi\/fi\/wp-json\/wp\/v2\/media?parent=608"}],"curies":[{"name":"wp","href":"https:\/\/api.w.org\/{rel}","templated":true}]}}