{"id":615,"date":"2018-05-28T11:30:04","date_gmt":"2018-05-28T08:30:04","guid":{"rendered":"https:\/\/www.finbandy.fi\/fi\/?page_id=615"},"modified":"2025-10-15T11:33:56","modified_gmt":"2025-10-15T08:33:56","slug":"naisten-bandyliiga","status":"publish","type":"page","link":"https:\/\/www.finbandy.fi\/fi\/sarjat\/naisten-bandyliiga\/","title":{"rendered":"Naisten Bandyliiga"},"content":{"rendered":"<div id=\"wp_fb_like_button\" style=\"margin:5px 0;float:none;height:50px;\"><script src=\"http:\/\/connect.facebook.net\/en_US\/all.js#xfbml=1\"><\/script><fb:like href=\"https:\/\/www.finbandy.fi\/fi\/sarjat\/naisten-bandyliiga\/\" send=\"true\" layout=\"button_count\" width=\"400\" show_faces=\"false\" font=\"arial\" action=\"like\" colorscheme=\"light\"><\/fb:like><\/div>\t\t<div data-elementor-type=\"wp-page\" data-elementor-id=\"615\" class=\"elementor elementor-615\" data-elementor-post-type=\"page\">\n\t\t\t\t\t\t<section class=\"elementor-section elementor-top-section elementor-element elementor-element-759a2d82 elementor-section-boxed elementor-section-height-default elementor-section-height-default\" data-id=\"759a2d82\" data-element_type=\"section\">\n\t\t\t\t\t\t<div class=\"elementor-container elementor-column-gap-default\">\n\t\t\t\t\t<div class=\"elementor-column elementor-col-100 elementor-top-column elementor-element elementor-element-764bc602\" data-id=\"764bc602\" data-element_type=\"column\">\n\t\t\t<div class=\"elementor-widget-wrap elementor-element-populated\">\n\t\t\t\t\t\t<div class=\"elementor-element elementor-element-1d5dec58 elementor-widget elementor-widget-text-editor\" data-id=\"1d5dec58\" data-element_type=\"widget\" data-widget_type=\"text-editor.default\">\n\t\t\t\t<div class=\"elementor-widget-container\">\n\t\t\t\t\t\t\t<p>NAISTEN BANDYLIIGA KAUSI 2025-26<\/p>\n<p>Pelataan turnausmuotoisena sarjana, turnaukset Porvoossa, Lappeenrannassa ja Haaparannassa\/Kalixissa.&nbsp;<\/p>\n<p>Naisten finaaliottelu pelataan joko puolueettomalla kent\u00e4ll\u00e4 tai runkosarjan voittajan valitsemalla kent\u00e4ll\u00e4 la 21.2.2026 tai su 22.2.2026.<\/p>\n<p>Loppuottelun peliaika on 2 x 45 minuuttia.<\/p>\n<p>Sarjaan osallistuu kolme joukkuetta: Akilles, Sudet sek\u00e4 KBK (Kalix\/Botnia\/Kampparit).<\/p>\n<p>&nbsp;<img decoding=\"async\" class=\"alignnone wp-image-21442 \" src=\"https:\/\/www.finbandy.fi\/fi\/wp-content\/uploads\/2023\/01\/Akilles-logo.jpg\" alt=\"\" width=\"104\" height=\"103\">&nbsp; &nbsp; &nbsp; <img decoding=\"async\" class=\"alignnone wp-image-23870 \" src=\"https:\/\/www.finbandy.fi\/fi\/wp-content\/uploads\/2025\/10\/Sudet-uusi-logo.jpg\" alt=\"\" width=\"138\" height=\"138\" srcset=\"https:\/\/www.finbandy.fi\/fi\/wp-content\/uploads\/2025\/10\/Sudet-uusi-logo.jpg 500w, https:\/\/www.finbandy.fi\/fi\/wp-content\/uploads\/2025\/10\/Sudet-uusi-logo-300x300.jpg 300w\" sizes=\"(max-width: 138px) 100vw, 138px\" \/> &nbsp; <img decoding=\"async\" class=\"alignnone wp-image-23868 \" src=\"https:\/\/www.finbandy.fi\/fi\/wp-content\/uploads\/2025\/10\/KBK-1.png\" alt=\"\" width=\"154\" height=\"154\" srcset=\"https:\/\/www.finbandy.fi\/fi\/wp-content\/uploads\/2025\/10\/KBK-1.png 500w, https:\/\/www.finbandy.fi\/fi\/wp-content\/uploads\/2025\/10\/KBK-1-300x300.png 300w\" sizes=\"(max-width: 154px) 100vw, 154px\" \/><\/p>\n<p><\/p>\n<p><!-- wp:tadv\/classic-paragraph \/--><\/p>\t\t\t\t\t\t<\/div>\n\t\t\t\t<\/div>\n\t\t\t\t\t<\/div>\n\t\t<\/div>\n\t\t\t\t\t<\/div>\n\t\t<\/section>\n\t\t\t\t<\/div>\n\t\t","protected":false},"excerpt":{"rendered":"<p>NAISTEN BANDYLIIGA KAUSI 2025-26 Pelataan turnausmuotoisena sarjana, turnaukset Porvoossa, Lappeenrannassa ja Haaparannassa\/Kalixissa.&nbsp; Naisten finaaliottelu pelataan joko puolueettomalla kent\u00e4ll\u00e4 tai runkosarjan voittajan valitsemalla kent\u00e4ll\u00e4 la 21.2.2026 tai su 22.2.2026. Loppuottelun peliaika on 2 x 45 minuuttia. Sarjaan osallistuu kolme joukkuetta: Akilles, Sudet sek\u00e4 KBK (Kalix\/Botnia\/Kampparit). &nbsp;&nbsp; &nbsp; &nbsp; &nbsp;<\/p>\n","protected":false},"author":1,"featured_media":0,"parent":234,"menu_order":4,"comment_status":"open","ping_status":"open","template":"","meta":{"_monsterinsights_skip_tracking":false,"_monsterinsights_sitenote_active":false,"_monsterinsights_sitenote_note":"","_monsterinsights_sitenote_category":0,"site-sidebar-layout":"default","site-content-layout":"default","ast-site-content-layout":"","site-content-style":"default","site-sidebar-style":"default","ast-global-header-display":"","ast-banner-title-visibility":"","ast-main-header-display":"","ast-hfb-above-header-display":"","ast-hfb-below-header-display":"","ast-hfb-mobile-header-display":"","site-post-title":"","ast-breadcrumbs-content":"","ast-featured-img":"","footer-sml-layout":"","theme-transparent-header-meta":"default","adv-header-id-meta":"","stick-header-meta":"","header-above-stick-meta":"","header-main-stick-meta":"","header-below-stick-meta":"","astra-migrate-meta-layouts":"default","ast-page-background-enabled":"default","ast-page-background-meta":{"desktop":{"background-color":"var(--ast-global-color-4)","background-image":"","background-repeat":"repeat","background-position":"center center","background-size":"auto","background-attachment":"scroll","background-type":"","background-media":"","overlay-type":"","overlay-color":"","overlay-opacity":"","overlay-gradient":""},"tablet":{"background-color":"","background-image":"","background-repeat":"repeat","background-position":"center center","background-size":"auto","background-attachment":"scroll","background-type":"","background-media":"","overlay-type":"","overlay-color":"","overlay-opacity":"","overlay-gradient":""},"mobile":{"background-color":"","background-image":"","background-repeat":"repeat","background-position":"center center","background-size":"auto","background-attachment":"scroll","background-type":"","background-media":"","overlay-type":"","overlay-color":"","overlay-opacity":"","overlay-gradient":""}},"ast-content-background-meta":{"desktop":{"background-color":"var(--ast-global-color-5)","background-image":"","background-repeat":"repeat","background-position":"center center","background-size":"auto","background-attachment":"scroll","background-type":"","background-media":"","overlay-type":"","overlay-color":"","overlay-opacity":"","overlay-gradient":""},"tablet":{"background-color":"var(--ast-global-color-5)","background-image":"","background-repeat":"repeat","background-position":"center center","background-size":"auto","background-attachment":"scroll","background-type":"","background-media":"","overlay-type":"","overlay-color":"","overlay-opacity":"","overlay-gradient":""},"mobile":{"background-color":"var(--ast-global-color-5)","background-image":"","background-repeat":"repeat","background-position":"center center","background-size":"auto","background-attachment":"scroll","background-type":"","background-media":"","overlay-type":"","overlay-color":"","overlay-opacity":"","overlay-gradient":""}},"footnotes":"","_expiration-date-status":"","_expiration-date":0,"_expiration-date-type":"","_expiration-date-categories":[],"_expiration-date-options":[]},"class_list":["post-615","page","type-page","status-publish","hentry"],"yoast_head":"<!-- This site is optimized with the Yoast SEO plugin v19.7.1 - https:\/\/yoast.com\/wordpress\/plugins\/seo\/ -->\n<title>Naisten Bandyliiga - Suomen J\u00e4\u00e4palloliitto<\/title>\n<meta name=\"robots\" content=\"index, follow, max-snippet:-1, max-image-preview:large, max-video-preview:-1\" \/>\n<link rel=\"canonical\" href=\"https:\/\/www.finbandy.fi\/fi\/sarjat\/naisten-bandyliiga\/\" \/>\n<meta property=\"og:locale\" content=\"fi_FI\" \/>\n<meta property=\"og:type\" content=\"article\" \/>\n<meta property=\"og:title\" content=\"Naisten Bandyliiga - Suomen J\u00e4\u00e4palloliitto\" \/>\n<meta property=\"og:description\" content=\"NAISTEN BANDYLIIGA KAUSI 2025-26 Pelataan turnausmuotoisena sarjana, turnaukset Porvoossa, Lappeenrannassa ja Haaparannassa\/Kalixissa.&nbsp; Naisten finaaliottelu pelataan joko puolueettomalla kent\u00e4ll\u00e4 tai runkosarjan voittajan valitsemalla kent\u00e4ll\u00e4 la 21.2.2026 tai su 22.2.2026. Loppuottelun peliaika on 2 x 45 minuuttia. Sarjaan osallistuu kolme joukkuetta: Akilles, Sudet sek\u00e4 KBK (Kalix\/Botnia\/Kampparit). &nbsp;&nbsp; &nbsp; &nbsp; &nbsp;\" \/>\n<meta property=\"og:url\" content=\"https:\/\/www.finbandy.fi\/fi\/sarjat\/naisten-bandyliiga\/\" \/>\n<meta property=\"og:site_name\" content=\"Suomen J\u00e4\u00e4palloliitto\" \/>\n<meta property=\"article:modified_time\" content=\"2025-10-15T08:33:56+00:00\" \/>\n<meta property=\"og:image\" content=\"https:\/\/www.finbandy.fi\/fi\/wp-content\/uploads\/2023\/01\/Akilles-logo.jpg\" \/>\n<meta name=\"twitter:card\" content=\"summary_large_image\" \/>\n<meta name=\"twitter:label1\" content=\"Arvioitu lukuaika\" \/>\n\t<meta name=\"twitter:data1\" content=\"1 minuutti\" \/>\n<script type=\"application\/ld+json\" class=\"yoast-schema-graph\">{\"@context\":\"https:\/\/schema.org\",\"@graph\":[{\"@type\":\"WebPage\",\"@id\":\"https:\/\/www.finbandy.fi\/fi\/sarjat\/naisten-bandyliiga\/\",\"url\":\"https:\/\/www.finbandy.fi\/fi\/sarjat\/naisten-bandyliiga\/\",\"name\":\"Naisten Bandyliiga - Suomen J\u00e4\u00e4palloliitto\",\"isPartOf\":{\"@id\":\"https:\/\/www.finbandy.fi\/fi\/#website\"},\"datePublished\":\"2018-05-28T08:30:04+00:00\",\"dateModified\":\"2025-10-15T08:33:56+00:00\",\"breadcrumb\":{\"@id\":\"https:\/\/www.finbandy.fi\/fi\/sarjat\/naisten-bandyliiga\/#breadcrumb\"},\"inLanguage\":\"fi\",\"potentialAction\":[{\"@type\":\"ReadAction\",\"target\":[\"https:\/\/www.finbandy.fi\/fi\/sarjat\/naisten-bandyliiga\/\"]}]},{\"@type\":\"BreadcrumbList\",\"@id\":\"https:\/\/www.finbandy.fi\/fi\/sarjat\/naisten-bandyliiga\/#breadcrumb\",\"itemListElement\":[{\"@type\":\"ListItem\",\"position\":1,\"name\":\"Etusivu\",\"item\":\"https:\/\/www.finbandy.fi\/fi\/\"},{\"@type\":\"ListItem\",\"position\":2,\"name\":\"Sarjat\",\"item\":\"https:\/\/www.finbandy.fi\/fi\/sarjat\/\"},{\"@type\":\"ListItem\",\"position\":3,\"name\":\"Naisten Bandyliiga\"}]},{\"@type\":\"WebSite\",\"@id\":\"https:\/\/www.finbandy.fi\/fi\/#website\",\"url\":\"https:\/\/www.finbandy.fi\/fi\/\",\"name\":\"Suomen J\u00e4\u00e4palloliitto\",\"description\":\"\",\"potentialAction\":[{\"@type\":\"SearchAction\",\"target\":{\"@type\":\"EntryPoint\",\"urlTemplate\":\"https:\/\/www.finbandy.fi\/fi\/?s={search_term_string}\"},\"query-input\":\"required name=search_term_string\"}],\"inLanguage\":\"fi\"}]}<\/script>\n<!-- \/ Yoast SEO plugin. -->","yoast_head_json":{"title":"Naisten Bandyliiga - Suomen J\u00e4\u00e4palloliitto","robots":{"index":"index","follow":"follow","max-snippet":"max-snippet:-1","max-image-preview":"max-image-preview:large","max-video-preview":"max-video-preview:-1"},"canonical":"https:\/\/www.finbandy.fi\/fi\/sarjat\/naisten-bandyliiga\/","og_locale":"fi_FI","og_type":"article","og_title":"Naisten Bandyliiga - Suomen J\u00e4\u00e4palloliitto","og_description":"NAISTEN BANDYLIIGA KAUSI 2025-26 Pelataan turnausmuotoisena sarjana, turnaukset Porvoossa, Lappeenrannassa ja Haaparannassa\/Kalixissa.&nbsp; Naisten finaaliottelu pelataan joko puolueettomalla kent\u00e4ll\u00e4 tai runkosarjan voittajan valitsemalla kent\u00e4ll\u00e4 la 21.2.2026 tai su 22.2.2026. Loppuottelun peliaika on 2 x 45 minuuttia. Sarjaan osallistuu kolme joukkuetta: Akilles, Sudet sek\u00e4 KBK (Kalix\/Botnia\/Kampparit). &nbsp;&nbsp; &nbsp; &nbsp; &nbsp;","og_url":"https:\/\/www.finbandy.fi\/fi\/sarjat\/naisten-bandyliiga\/","og_site_name":"Suomen J\u00e4\u00e4palloliitto","article_modified_time":"2025-10-15T08:33:56+00:00","og_image":[{"url":"https:\/\/www.finbandy.fi\/fi\/wp-content\/uploads\/2023\/01\/Akilles-logo.jpg"}],"twitter_card":"summary_large_image","twitter_misc":{"Arvioitu lukuaika":"1 minuutti"},"schema":{"@context":"https:\/\/schema.org","@graph":[{"@type":"WebPage","@id":"https:\/\/www.finbandy.fi\/fi\/sarjat\/naisten-bandyliiga\/","url":"https:\/\/www.finbandy.fi\/fi\/sarjat\/naisten-bandyliiga\/","name":"Naisten Bandyliiga - Suomen J\u00e4\u00e4palloliitto","isPartOf":{"@id":"https:\/\/www.finbandy.fi\/fi\/#website"},"datePublished":"2018-05-28T08:30:04+00:00","dateModified":"2025-10-15T08:33:56+00:00","breadcrumb":{"@id":"https:\/\/www.finbandy.fi\/fi\/sarjat\/naisten-bandyliiga\/#breadcrumb"},"inLanguage":"fi","potentialAction":[{"@type":"ReadAction","target":["https:\/\/www.finbandy.fi\/fi\/sarjat\/naisten-bandyliiga\/"]}]},{"@type":"BreadcrumbList","@id":"https:\/\/www.finbandy.fi\/fi\/sarjat\/naisten-bandyliiga\/#breadcrumb","itemListElement":[{"@type":"ListItem","position":1,"name":"Etusivu","item":"https:\/\/www.finbandy.fi\/fi\/"},{"@type":"ListItem","position":2,"name":"Sarjat","item":"https:\/\/www.finbandy.fi\/fi\/sarjat\/"},{"@type":"ListItem","position":3,"name":"Naisten Bandyliiga"}]},{"@type":"WebSite","@id":"https:\/\/www.finbandy.fi\/fi\/#website","url":"https:\/\/www.finbandy.fi\/fi\/","name":"Suomen J\u00e4\u00e4palloliitto","description":"","potentialAction":[{"@type":"SearchAction","target":{"@type":"EntryPoint","urlTemplate":"https:\/\/www.finbandy.fi\/fi\/?s={search_term_string}"},"query-input":"required name=search_term_string"}],"inLanguage":"fi"}]}},"_links":{"self":[{"href":"https:\/\/www.finbandy.fi\/fi\/wp-json\/wp\/v2\/pages\/615"}],"collection":[{"href":"https:\/\/www.finbandy.fi\/fi\/wp-json\/wp\/v2\/pages"}],"about":[{"href":"https:\/\/www.finbandy.fi\/fi\/wp-json\/wp\/v2\/types\/page"}],"author":[{"embeddable":true,"href":"https:\/\/www.finbandy.fi\/fi\/wp-json\/wp\/v2\/users\/1"}],"replies":[{"embeddable":true,"href":"https:\/\/www.finbandy.fi\/fi\/wp-json\/wp\/v2\/comments?post=615"}],"version-history":[{"count":43,"href":"https:\/\/www.finbandy.fi\/fi\/wp-json\/wp\/v2\/pages\/615\/revisions"}],"predecessor-version":[{"id":23910,"href":"https:\/\/www.finbandy.fi\/fi\/wp-json\/wp\/v2\/pages\/615\/revisions\/23910"}],"up":[{"embeddable":true,"href":"https:\/\/www.finbandy.fi\/fi\/wp-json\/wp\/v2\/pages\/234"}],"wp:attachment":[{"href":"https:\/\/www.finbandy.fi\/fi\/wp-json\/wp\/v2\/media?parent=615"}],"curies":[{"name":"wp","href":"https:\/\/api.w.org\/{rel}","templated":true}]}}