{"id":7230,"date":"2015-12-02T17:33:56","date_gmt":"2015-12-02T15:33:56","guid":{"rendered":"https:\/\/www.finbandy.fi\/fi\/?page_id=7230"},"modified":"2018-05-28T11:51:34","modified_gmt":"2018-05-28T08:51:34","slug":"kilpailuvalineet","status":"publish","type":"page","link":"https:\/\/www.finbandy.fi\/fi\/sarjat\/kilpailuvalineet\/","title":{"rendered":"Kilpailuv\u00e4lineet"},"content":{"rendered":"<div id=\"wp_fb_like_button\" style=\"margin:5px 0;float:none;height:50px;\"><script src=\"http:\/\/connect.facebook.net\/en_US\/all.js#xfbml=1\"><\/script><fb:like href=\"https:\/\/www.finbandy.fi\/fi\/sarjat\/kilpailuvalineet\/\" send=\"true\" layout=\"button_count\" width=\"400\" show_faces=\"false\" font=\"arial\" action=\"like\" colorscheme=\"light\"><\/fb:like><\/div><h1>Hyv\u00e4ksytyt kilpailuv\u00e4lineet 2018-19<\/h1>\n<p>Ainoastaan alla mainittuja virallisia v\u00e4lineit\u00e4 saa k\u00e4ytt\u00e4\u00e4 SJPL:n ja sen j\u00e4rjest\u00e4miss\u00e4 ja valvomissa j\u00e4\u00e4- ja kaukalopallo-otteluissa.<\/p>\n<p><strong>Kaudesta 2012-13 alkaen varusteiden tulee olla CE merkittyj\u00e4 (FIB:n varustelista).<\/strong><\/p>\n<ol>\n<li><strong> KAULASUOJUKSET<\/strong><br \/>\nErillinen kaulasuoja<\/li>\n<\/ol>\n<p>Canadien, CCM, Cooper, Easton, Itech, Jofa, Koho, Kosa, Bauer, Pallas, Tackla, Reebok<\/p>\n<ol start=\"2\">\n<li><strong> KASVOSUOJUKSET, VERKOT JA VISIIRIT *<\/strong><br \/>\nHuom! oltava merkkikohtaisesti yhteensopiva samanmerkkisen kyp\u00e4r\u00e4n kanssa eik\u00e4 saa tehd\u00e4 rakenteellisia muutoksia<\/li>\n<\/ol>\n<p>Canadien, CCM, Cooper, Itech, Jofa, Kosa, Bauer, Reebok<\/p>\n<ol start=\"3\">\n<li><strong> KYP\u00c4R\u00c4T<\/strong><\/li>\n<\/ol>\n<p>Canadien, CCM, Cooper, Itech, Jofa, Koho, Reebok, Bauer<\/p>\n<ol start=\"4\">\n<li><strong> LEUKA- ja HAMMASSUOJUKSET<\/strong><\/li>\n<\/ol>\n<p>Jofa, Reebok, Kosa, Bauer<\/p>\n<ol start=\"5\">\n<li><strong> MAILAT J\u00c4\u00c4PALLOON<\/strong><\/li>\n<\/ol>\n<p>Dynamo Vesta, Koho, Icefighter 3 eri mallia, Kosa mailat, RW-maila, Sirius, Sport EWA, TAC,<br \/>\nTitan, X-Bend, Icefighter XP, Nor Top, Jofa, CCM, One1More, RBK, BS, BS Nova, BS Hydra<br \/>\nV\u00e4nersborg, Optimized, X5 Carbon, Tackla Advantage 951, Tisa Master<\/p>\n<p>Muut mailat sovittava erikseen liiton kanssa.<\/p>\n<ol start=\"6\">\n<li><strong> MAILAT VAIN KAUKALOPALLOON<\/strong><\/li>\n<\/ol>\n<p>Huom! kaukalopallomailalla saa pelata vain kaukalopalloa ja kaukaloj\u00e4\u00e4palloa EI J\u00c4\u00c4PALLOA<\/p>\n<p>Canadien, Cooper, CCM, Jofa, Kaustick, Koho, Kosa, Laser Hema, Montreal, Tac, Tackla, Titan, One1more,<\/p>\n<p>Muut mailat sovittava erikseen liiton kanssa.<\/p>\n<ol start=\"7\">\n<li><strong> PALLOT<\/strong><\/li>\n<\/ol>\n<p>Kaikki sarjat pelataan 63 + 2 mm kokoisella pallolla ns. isolla pallolla<\/p>\n<p>Jofa, Kosa, Reebok, IPV<\/p>\n<ol start=\"8\">\n<li><strong> SUOJAT JA PELIK\u00c4SINEET<\/strong><\/li>\n<\/ol>\n<p>Canadien, Cooper, Easton, Jofa, Koho, Kosa, Bauer, Pallas, Sherwood, Reebok, Mv:n Powertek patjat. MV:n suojien maksimimitat: korkeus 80 cm ja leveys 30,5 cm.<\/p>\n<p>Huom! maalivahdin k\u00e4sineiss\u00e4 tulee sormien selv\u00e4sti erottua toisistaan. K\u00e4sineiden suurin leveys on 29 cm (peukalon kohdalta) ja etusormen kohdalta 24 cm. \u201dKorkeus suurimmillaan on 28 cm (keskisormi), 27 cm etusormen ja 24 cm pikkusormen kohdalla.<\/p>\n<p>SJPL:ll\u00e4 on oikeus tehd\u00e4 luetteloon muutoksia ja lis\u00e4yksi\u00e4.<\/p>\n<p><strong>KASVO- JA KAULASUOJUS &#8211; kansallinen kilpailutoiminta<\/strong><\/p>\n<p><strong>Kasvo<\/strong>&#8211; sek\u00e4 <strong>kaulasuojus<\/strong> ovat pakollisia kaikissa nuorten ja naisten sarjojen otteluissa. Kasvosuojuksen tulee olla koko kasvot peitt\u00e4v\u00e4.<\/p>\n<p>Maalivahtien ja kentt\u00e4pelaajien &#8211; jotka ovat syntyneet vuonna <strong>1997<\/strong> tai my\u00f6hemmin on k\u00e4ytett\u00e4v\u00e4 CE-hyv\u00e4ksytty\u00e4 kokokasvot peitt\u00e4v\u00e4\u00e4 suojusta.<\/p>\n<p>Pelaajat, jotka ovat syntyneet 1996 tai aikaisemmin voivat pelata ilman \u00bd\/kokokasvosuojaa.<\/p>\n<p>Lis\u00e4ksi he voivat p\u00e4\u00e4tt\u00e4\u00e4 k\u00e4ytt\u00e4v\u00e4tk\u00f6 CE-hyv\u00e4ksytty\u00e4 hammassuojaa tai vanhan tyypin leukasuojaa, tai molempia. Ns. vanhan mallisen leukasuojan ei tarvitse olla CE merkitty.<\/p>\n<p>Viiltosuojapaidalla saa pelata kaudella 2017\u20132018, mutta silloin viiltosuojapaidan lis\u00e4ksi pit\u00e4\u00e4 olla kaulasuoja.<\/p>\n<p>My\u00f6s P21-nuorissa pelaavien yli-ik\u00e4isten pelaajien on k\u00e4ytett\u00e4v\u00e4 CE-hyv\u00e4ksytty\u00e4 kokokasvot peitt\u00e4v\u00e4\u00e4 suojusta ja kaulasuojusta<\/p>\n<p><strong><em>Kansainv\u00e4lisess\u00e4 kilpailutoiminnassa<\/em><\/strong><em> kaudella 2017-18 pelaajat, jotka ovat syntyneet vuonna <strong>1997, <\/strong>96, 95, 94, 93, 92 ja 91 voivat k\u00e4ytt\u00e4\u00e4 CE-hyv\u00e4ksytty\u00e4 \u00bd-visiiri\u00e4 tai kokokasvot peitt\u00e4v\u00e4\u00e4 suojusta, mutta on my\u00f6s otettava joko CE-hyv\u00e4ksytty hammassuoja tai vanhan tyyppinen leukasuoja (tai k\u00e4ytt\u00e4\u00e4 molempia). <strong>1998 tai my\u00f6hemmin syntyneiden on k\u00e4ytett\u00e4v\u00e4 kokokasvot peitt\u00e4v\u00e4\u00e4 kasvosuojusta kv. kilpailutoiminnassa.<\/strong><\/em><\/p>\n<h3><strong><br \/>\n<\/strong><\/h3>\n<p>&nbsp;<\/p>\n<p><strong>\u00a0<\/strong><\/p>\n<p><strong><em>\u00a0<\/em><\/strong><\/p>\n","protected":false},"excerpt":{"rendered":"<p>Hyv\u00e4ksytyt kilpailuv\u00e4lineet 2018-19 Ainoastaan alla mainittuja virallisia v\u00e4lineit\u00e4 saa k\u00e4ytt\u00e4\u00e4 SJPL:n ja sen j\u00e4rjest\u00e4miss\u00e4 ja valvomissa j\u00e4\u00e4- ja kaukalopallo-otteluissa. Kaudesta 2012-13 alkaen varusteiden tulee olla CE merkittyj\u00e4 (FIB:n varustelista). KAULASUOJUKSET Erillinen kaulasuoja Canadien, CCM, Cooper, Easton, Itech, Jofa, Koho, Kosa, Bauer, Pallas, Tackla, Reebok KASVOSUOJUKSET, VERKOT JA VISIIRIT * Huom! oltava merkkikohtaisesti yhteensopiva samanmerkkisen kyp\u00e4r\u00e4n [&hellip;]<\/p>\n","protected":false},"author":4,"featured_media":0,"parent":234,"menu_order":62,"comment_status":"open","ping_status":"open","template":"yksittainen.php","meta":{"_monsterinsights_skip_tracking":false,"_monsterinsights_sitenote_active":false,"_monsterinsights_sitenote_note":"","_monsterinsights_sitenote_category":0,"site-sidebar-layout":"default","site-content-layout":"","ast-site-content-layout":"","site-content-style":"default","site-sidebar-style":"default","ast-global-header-display":"","ast-banner-title-visibility":"","ast-main-header-display":"","ast-hfb-above-header-display":"","ast-hfb-below-header-display":"","ast-hfb-mobile-header-display":"","site-post-title":"","ast-breadcrumbs-content":"","ast-featured-img":"","footer-sml-layout":"","theme-transparent-header-meta":"","adv-header-id-meta":"","stick-header-meta":"","header-above-stick-meta":"","header-main-stick-meta":"","header-below-stick-meta":"","astra-migrate-meta-layouts":"default","ast-page-background-enabled":"default","ast-page-background-meta":{"desktop":{"background-color":"var(--ast-global-color-4)","background-image":"","background-repeat":"repeat","background-position":"center center","background-size":"auto","background-attachment":"scroll","background-type":"","background-media":"","overlay-type":"","overlay-color":"","overlay-opacity":"","overlay-gradient":""},"tablet":{"background-color":"","background-image":"","background-repeat":"repeat","background-position":"center center","background-size":"auto","background-attachment":"scroll","background-type":"","background-media":"","overlay-type":"","overlay-color":"","overlay-opacity":"","overlay-gradient":""},"mobile":{"background-color":"","background-image":"","background-repeat":"repeat","background-position":"center center","background-size":"auto","background-attachment":"scroll","background-type":"","background-media":"","overlay-type":"","overlay-color":"","overlay-opacity":"","overlay-gradient":""}},"ast-content-background-meta":{"desktop":{"background-color":"var(--ast-global-color-5)","background-image":"","background-repeat":"repeat","background-position":"center center","background-size":"auto","background-attachment":"scroll","background-type":"","background-media":"","overlay-type":"","overlay-color":"","overlay-opacity":"","overlay-gradient":""},"tablet":{"background-color":"var(--ast-global-color-5)","background-image":"","background-repeat":"repeat","background-position":"center center","background-size":"auto","background-attachment":"scroll","background-type":"","background-media":"","overlay-type":"","overlay-color":"","overlay-opacity":"","overlay-gradient":""},"mobile":{"background-color":"var(--ast-global-color-5)","background-image":"","background-repeat":"repeat","background-position":"center center","background-size":"auto","background-attachment":"scroll","background-type":"","background-media":"","overlay-type":"","overlay-color":"","overlay-opacity":"","overlay-gradient":""}},"footnotes":"","_expiration-date-status":"saved","_expiration-date":0,"_expiration-date-type":"","_expiration-date-categories":[],"_expiration-date-options":[]},"class_list":["post-7230","page","type-page","status-publish","hentry"],"yoast_head":"<!-- This site is optimized with the Yoast SEO plugin v19.7.1 - https:\/\/yoast.com\/wordpress\/plugins\/seo\/ -->\n<title>Kilpailuv\u00e4lineet - Suomen J\u00e4\u00e4palloliitto<\/title>\n<meta name=\"robots\" content=\"index, follow, max-snippet:-1, max-image-preview:large, max-video-preview:-1\" \/>\n<link rel=\"canonical\" href=\"https:\/\/www.finbandy.fi\/fi\/sarjat\/kilpailuvalineet\/\" \/>\n<meta property=\"og:locale\" content=\"fi_FI\" \/>\n<meta property=\"og:type\" content=\"article\" \/>\n<meta property=\"og:title\" content=\"Kilpailuv\u00e4lineet - Suomen J\u00e4\u00e4palloliitto\" \/>\n<meta property=\"og:description\" content=\"Hyv\u00e4ksytyt kilpailuv\u00e4lineet 2018-19 Ainoastaan alla mainittuja virallisia v\u00e4lineit\u00e4 saa k\u00e4ytt\u00e4\u00e4 SJPL:n ja sen j\u00e4rjest\u00e4miss\u00e4 ja valvomissa j\u00e4\u00e4- ja kaukalopallo-otteluissa. Kaudesta 2012-13 alkaen varusteiden tulee olla CE merkittyj\u00e4 (FIB:n varustelista). KAULASUOJUKSET Erillinen kaulasuoja Canadien, CCM, Cooper, Easton, Itech, Jofa, Koho, Kosa, Bauer, Pallas, Tackla, Reebok KASVOSUOJUKSET, VERKOT JA VISIIRIT * Huom! oltava merkkikohtaisesti yhteensopiva samanmerkkisen kyp\u00e4r\u00e4n [&hellip;]\" \/>\n<meta property=\"og:url\" content=\"https:\/\/www.finbandy.fi\/fi\/sarjat\/kilpailuvalineet\/\" \/>\n<meta property=\"og:site_name\" content=\"Suomen J\u00e4\u00e4palloliitto\" \/>\n<meta property=\"article:modified_time\" content=\"2018-05-28T08:51:34+00:00\" \/>\n<meta name=\"twitter:card\" content=\"summary_large_image\" \/>\n<meta name=\"twitter:label1\" content=\"Arvioitu lukuaika\" \/>\n\t<meta name=\"twitter:data1\" content=\"2 minuuttia\" \/>\n<script type=\"application\/ld+json\" class=\"yoast-schema-graph\">{\"@context\":\"https:\/\/schema.org\",\"@graph\":[{\"@type\":\"WebPage\",\"@id\":\"https:\/\/www.finbandy.fi\/fi\/sarjat\/kilpailuvalineet\/\",\"url\":\"https:\/\/www.finbandy.fi\/fi\/sarjat\/kilpailuvalineet\/\",\"name\":\"Kilpailuv\u00e4lineet - Suomen J\u00e4\u00e4palloliitto\",\"isPartOf\":{\"@id\":\"https:\/\/www.finbandy.fi\/fi\/#website\"},\"datePublished\":\"2015-12-02T15:33:56+00:00\",\"dateModified\":\"2018-05-28T08:51:34+00:00\",\"breadcrumb\":{\"@id\":\"https:\/\/www.finbandy.fi\/fi\/sarjat\/kilpailuvalineet\/#breadcrumb\"},\"inLanguage\":\"fi\",\"potentialAction\":[{\"@type\":\"ReadAction\",\"target\":[\"https:\/\/www.finbandy.fi\/fi\/sarjat\/kilpailuvalineet\/\"]}]},{\"@type\":\"BreadcrumbList\",\"@id\":\"https:\/\/www.finbandy.fi\/fi\/sarjat\/kilpailuvalineet\/#breadcrumb\",\"itemListElement\":[{\"@type\":\"ListItem\",\"position\":1,\"name\":\"Etusivu\",\"item\":\"https:\/\/www.finbandy.fi\/fi\/\"},{\"@type\":\"ListItem\",\"position\":2,\"name\":\"Sarjat\",\"item\":\"https:\/\/www.finbandy.fi\/fi\/sarjat\/\"},{\"@type\":\"ListItem\",\"position\":3,\"name\":\"Kilpailuv\u00e4lineet\"}]},{\"@type\":\"WebSite\",\"@id\":\"https:\/\/www.finbandy.fi\/fi\/#website\",\"url\":\"https:\/\/www.finbandy.fi\/fi\/\",\"name\":\"Suomen J\u00e4\u00e4palloliitto\",\"description\":\"\",\"potentialAction\":[{\"@type\":\"SearchAction\",\"target\":{\"@type\":\"EntryPoint\",\"urlTemplate\":\"https:\/\/www.finbandy.fi\/fi\/?s={search_term_string}\"},\"query-input\":\"required name=search_term_string\"}],\"inLanguage\":\"fi\"}]}<\/script>\n<!-- \/ Yoast SEO plugin. -->","yoast_head_json":{"title":"Kilpailuv\u00e4lineet - Suomen J\u00e4\u00e4palloliitto","robots":{"index":"index","follow":"follow","max-snippet":"max-snippet:-1","max-image-preview":"max-image-preview:large","max-video-preview":"max-video-preview:-1"},"canonical":"https:\/\/www.finbandy.fi\/fi\/sarjat\/kilpailuvalineet\/","og_locale":"fi_FI","og_type":"article","og_title":"Kilpailuv\u00e4lineet - Suomen J\u00e4\u00e4palloliitto","og_description":"Hyv\u00e4ksytyt kilpailuv\u00e4lineet 2018-19 Ainoastaan alla mainittuja virallisia v\u00e4lineit\u00e4 saa k\u00e4ytt\u00e4\u00e4 SJPL:n ja sen j\u00e4rjest\u00e4miss\u00e4 ja valvomissa j\u00e4\u00e4- ja kaukalopallo-otteluissa. Kaudesta 2012-13 alkaen varusteiden tulee olla CE merkittyj\u00e4 (FIB:n varustelista). KAULASUOJUKSET Erillinen kaulasuoja Canadien, CCM, Cooper, Easton, Itech, Jofa, Koho, Kosa, Bauer, Pallas, Tackla, Reebok KASVOSUOJUKSET, VERKOT JA VISIIRIT * Huom! oltava merkkikohtaisesti yhteensopiva samanmerkkisen kyp\u00e4r\u00e4n [&hellip;]","og_url":"https:\/\/www.finbandy.fi\/fi\/sarjat\/kilpailuvalineet\/","og_site_name":"Suomen J\u00e4\u00e4palloliitto","article_modified_time":"2018-05-28T08:51:34+00:00","twitter_card":"summary_large_image","twitter_misc":{"Arvioitu lukuaika":"2 minuuttia"},"schema":{"@context":"https:\/\/schema.org","@graph":[{"@type":"WebPage","@id":"https:\/\/www.finbandy.fi\/fi\/sarjat\/kilpailuvalineet\/","url":"https:\/\/www.finbandy.fi\/fi\/sarjat\/kilpailuvalineet\/","name":"Kilpailuv\u00e4lineet - Suomen J\u00e4\u00e4palloliitto","isPartOf":{"@id":"https:\/\/www.finbandy.fi\/fi\/#website"},"datePublished":"2015-12-02T15:33:56+00:00","dateModified":"2018-05-28T08:51:34+00:00","breadcrumb":{"@id":"https:\/\/www.finbandy.fi\/fi\/sarjat\/kilpailuvalineet\/#breadcrumb"},"inLanguage":"fi","potentialAction":[{"@type":"ReadAction","target":["https:\/\/www.finbandy.fi\/fi\/sarjat\/kilpailuvalineet\/"]}]},{"@type":"BreadcrumbList","@id":"https:\/\/www.finbandy.fi\/fi\/sarjat\/kilpailuvalineet\/#breadcrumb","itemListElement":[{"@type":"ListItem","position":1,"name":"Etusivu","item":"https:\/\/www.finbandy.fi\/fi\/"},{"@type":"ListItem","position":2,"name":"Sarjat","item":"https:\/\/www.finbandy.fi\/fi\/sarjat\/"},{"@type":"ListItem","position":3,"name":"Kilpailuv\u00e4lineet"}]},{"@type":"WebSite","@id":"https:\/\/www.finbandy.fi\/fi\/#website","url":"https:\/\/www.finbandy.fi\/fi\/","name":"Suomen J\u00e4\u00e4palloliitto","description":"","potentialAction":[{"@type":"SearchAction","target":{"@type":"EntryPoint","urlTemplate":"https:\/\/www.finbandy.fi\/fi\/?s={search_term_string}"},"query-input":"required name=search_term_string"}],"inLanguage":"fi"}]}},"_links":{"self":[{"href":"https:\/\/www.finbandy.fi\/fi\/wp-json\/wp\/v2\/pages\/7230"}],"collection":[{"href":"https:\/\/www.finbandy.fi\/fi\/wp-json\/wp\/v2\/pages"}],"about":[{"href":"https:\/\/www.finbandy.fi\/fi\/wp-json\/wp\/v2\/types\/page"}],"author":[{"embeddable":true,"href":"https:\/\/www.finbandy.fi\/fi\/wp-json\/wp\/v2\/users\/4"}],"replies":[{"embeddable":true,"href":"https:\/\/www.finbandy.fi\/fi\/wp-json\/wp\/v2\/comments?post=7230"}],"version-history":[{"count":8,"href":"https:\/\/www.finbandy.fi\/fi\/wp-json\/wp\/v2\/pages\/7230\/revisions"}],"predecessor-version":[{"id":13765,"href":"https:\/\/www.finbandy.fi\/fi\/wp-json\/wp\/v2\/pages\/7230\/revisions\/13765"}],"up":[{"embeddable":true,"href":"https:\/\/www.finbandy.fi\/fi\/wp-json\/wp\/v2\/pages\/234"}],"wp:attachment":[{"href":"https:\/\/www.finbandy.fi\/fi\/wp-json\/wp\/v2\/media?parent=7230"}],"curies":[{"name":"wp","href":"https:\/\/api.w.org\/{rel}","templated":true}]}}