{"id":767,"date":"2013-11-08T14:41:42","date_gmt":"2013-11-08T12:41:42","guid":{"rendered":"https:\/\/www.finbandy.fi\/fi\/?page_id=767"},"modified":"2018-05-30T12:40:03","modified_gmt":"2018-05-30T09:40:03","slug":"miesten-mm-tilastot","status":"publish","type":"page","link":"https:\/\/www.finbandy.fi\/fi\/tilastot\/kansainvalinen-jaapallo\/miesten-mm-tilastot\/","title":{"rendered":"Miesten MM-tilastot"},"content":{"rendered":"<div id=\"wp_fb_like_button\" style=\"margin:5px 0;float:none;height:50px;\"><script src=\"http:\/\/connect.facebook.net\/en_US\/all.js#xfbml=1\"><\/script><fb:like href=\"https:\/\/www.finbandy.fi\/fi\/tilastot\/kansainvalinen-jaapallo\/miesten-mm-tilastot\/\" send=\"true\" layout=\"button_count\" width=\"400\" show_faces=\"false\" font=\"arial\" action=\"like\" colorscheme=\"light\"><\/fb:like><\/div><p><a href=\"http:\/\/fi.wikipedia.org\/wiki\/J%C3%A4%C3%A4pallon_maailmanmestaruuskilpailut\">Miesten MM-kisatilastot<\/a>, mestarit ja maratontaulukot. Lopussa on linkit my\u00f6s naisten ja nuorten MM-kisoihin.<\/p>\n<p>&nbsp;<\/p>\n<p><a href=\"https:\/\/www.finbandy.fi\/fi\/wp-content\/uploads\/2013\/11\/Kultajoukkue.png\"><img fetchpriority=\"high\" decoding=\"async\" class=\"alignnone size-medium wp-image-13844\" src=\"https:\/\/www.finbandy.fi\/fi\/wp-content\/uploads\/2013\/11\/Kultajoukkue-300x211.png\" alt=\"\" width=\"300\" height=\"211\" srcset=\"https:\/\/www.finbandy.fi\/fi\/wp-content\/uploads\/2013\/11\/Kultajoukkue-300x211.png 300w, https:\/\/www.finbandy.fi\/fi\/wp-content\/uploads\/2013\/11\/Kultajoukkue-768x540.png 768w, https:\/\/www.finbandy.fi\/fi\/wp-content\/uploads\/2013\/11\/Kultajoukkue.png 800w\" sizes=\"(max-width: 300px) 100vw, 300px\" \/><\/a><\/p>\n<p>Miesten MM kultajoukkue 2004<\/p>\n<p><a href=\"https:\/\/fi.wikipedia.org\/wiki\/Russian_Government_Cup\">Russian Government Cupin tulokset<\/a>\u00a0sek\u00e4<\/p>\n<p>Wikipedian tilastoja, l\u00f6ytyv\u00e4t my\u00f6s MM-kisatilastoista klikkaamalla j\u00e4rjest\u00e4misvuotta:<\/p>\n<p><a href=\"http:\/\/fi.wikipedia.org\/wiki\/J%C3%A4%C3%A4pallon_maailmanmestaruuskilpailut_2012\">Kazakstan 2012<\/a>,<\/p>\n<p><a href=\"https:\/\/fi.wikipedia.org\/wiki\/J%C3%A4%C3%A4pallon_maailmanmestaruuskilpailut_2013\">V\u00e4nersborg 2013, <\/a><\/p>\n<p><a href=\"http:\/\/fi.wikipedia.org\/wiki\/J%C3%A4%C3%A4pallon_maailmanmestaruuskilpailut_2014\">Irkutsk 2014\u00a0 <\/a><\/p>\n<p><a href=\"https:\/\/fi.wikipedia.org\/wiki\/J%C3%A4%C3%A4pallon_maailmanmestaruuskilpailut_2015\">Habarovsk 2015<\/a><\/p>\n<p><a href=\"https:\/\/fi.wikipedia.org\/wiki\/J%C3%A4%C3%A4pallon_maailmanmestaruuskilpailut_2016\">Uljanovsk 2016<\/a><\/p>\n<p>Miesten MM 2004 &#8211; <a href=\"https:\/\/www.youtube.com\/watch?v=0vcvxd9vgRQ\">Sami Laakkosen jatkoaikamaali<\/a><\/p>\n<p>Miesten MM 2004 finaali &#8211; <a href=\"https:\/\/www.youtube.com\/watch?v=lu3fR5hkPVo\">you tube<\/a><\/p>\n","protected":false},"excerpt":{"rendered":"<p>Miesten MM-kisatilastot, mestarit ja maratontaulukot. Lopussa on linkit my\u00f6s naisten ja nuorten MM-kisoihin. &nbsp; Miesten MM kultajoukkue 2004 Russian Government Cupin tulokset\u00a0sek\u00e4 Wikipedian tilastoja, l\u00f6ytyv\u00e4t my\u00f6s MM-kisatilastoista klikkaamalla j\u00e4rjest\u00e4misvuotta: Kazakstan 2012, V\u00e4nersborg 2013, Irkutsk 2014\u00a0 Habarovsk 2015 Uljanovsk 2016 Miesten MM 2004 &#8211; Sami Laakkosen jatkoaikamaali Miesten MM 2004 finaali &#8211; you tube<\/p>\n","protected":false},"author":1,"featured_media":0,"parent":3868,"menu_order":4,"comment_status":"open","ping_status":"open","template":"yksittainen.php","meta":{"_monsterinsights_skip_tracking":false,"_monsterinsights_sitenote_active":false,"_monsterinsights_sitenote_note":"","_monsterinsights_sitenote_category":0,"site-sidebar-layout":"default","site-content-layout":"","ast-site-content-layout":"","site-content-style":"default","site-sidebar-style":"default","ast-global-header-display":"","ast-banner-title-visibility":"","ast-main-header-display":"","ast-hfb-above-header-display":"","ast-hfb-below-header-display":"","ast-hfb-mobile-header-display":"","site-post-title":"","ast-breadcrumbs-content":"","ast-featured-img":"","footer-sml-layout":"","theme-transparent-header-meta":"","adv-header-id-meta":"","stick-header-meta":"","header-above-stick-meta":"","header-main-stick-meta":"","header-below-stick-meta":"","astra-migrate-meta-layouts":"default","ast-page-background-enabled":"default","ast-page-background-meta":{"desktop":{"background-color":"var(--ast-global-color-4)","background-image":"","background-repeat":"repeat","background-position":"center center","background-size":"auto","background-attachment":"scroll","background-type":"","background-media":"","overlay-type":"","overlay-color":"","overlay-opacity":"","overlay-gradient":""},"tablet":{"background-color":"","background-image":"","background-repeat":"repeat","background-position":"center center","background-size":"auto","background-attachment":"scroll","background-type":"","background-media":"","overlay-type":"","overlay-color":"","overlay-opacity":"","overlay-gradient":""},"mobile":{"background-color":"","background-image":"","background-repeat":"repeat","background-position":"center center","background-size":"auto","background-attachment":"scroll","background-type":"","background-media":"","overlay-type":"","overlay-color":"","overlay-opacity":"","overlay-gradient":""}},"ast-content-background-meta":{"desktop":{"background-color":"var(--ast-global-color-5)","background-image":"","background-repeat":"repeat","background-position":"center center","background-size":"auto","background-attachment":"scroll","background-type":"","background-media":"","overlay-type":"","overlay-color":"","overlay-opacity":"","overlay-gradient":""},"tablet":{"background-color":"var(--ast-global-color-5)","background-image":"","background-repeat":"repeat","background-position":"center center","background-size":"auto","background-attachment":"scroll","background-type":"","background-media":"","overlay-type":"","overlay-color":"","overlay-opacity":"","overlay-gradient":""},"mobile":{"background-color":"var(--ast-global-color-5)","background-image":"","background-repeat":"repeat","background-position":"center center","background-size":"auto","background-attachment":"scroll","background-type":"","background-media":"","overlay-type":"","overlay-color":"","overlay-opacity":"","overlay-gradient":""}},"footnotes":"","_expiration-date-status":"saved","_expiration-date":0,"_expiration-date-type":"","_expiration-date-categories":[],"_expiration-date-options":[]},"class_list":["post-767","page","type-page","status-publish","hentry"],"yoast_head":"<!-- This site is optimized with the Yoast SEO plugin v19.7.1 - https:\/\/yoast.com\/wordpress\/plugins\/seo\/ -->\n<title>Miesten MM-tilastot - Suomen J\u00e4\u00e4palloliitto<\/title>\n<meta name=\"robots\" content=\"index, follow, max-snippet:-1, max-image-preview:large, max-video-preview:-1\" \/>\n<link rel=\"canonical\" href=\"https:\/\/www.finbandy.fi\/fi\/tilastot\/kansainvalinen-jaapallo\/miesten-mm-tilastot\/\" \/>\n<meta property=\"og:locale\" content=\"fi_FI\" \/>\n<meta property=\"og:type\" content=\"article\" \/>\n<meta property=\"og:title\" content=\"Miesten MM-tilastot - Suomen J\u00e4\u00e4palloliitto\" \/>\n<meta property=\"og:description\" content=\"Miesten MM-kisatilastot, mestarit ja maratontaulukot. Lopussa on linkit my\u00f6s naisten ja nuorten MM-kisoihin. &nbsp; Miesten MM kultajoukkue 2004 Russian Government Cupin tulokset\u00a0sek\u00e4 Wikipedian tilastoja, l\u00f6ytyv\u00e4t my\u00f6s MM-kisatilastoista klikkaamalla j\u00e4rjest\u00e4misvuotta: Kazakstan 2012, V\u00e4nersborg 2013, Irkutsk 2014\u00a0 Habarovsk 2015 Uljanovsk 2016 Miesten MM 2004 &#8211; Sami Laakkosen jatkoaikamaali Miesten MM 2004 finaali &#8211; you tube\" \/>\n<meta property=\"og:url\" content=\"https:\/\/www.finbandy.fi\/fi\/tilastot\/kansainvalinen-jaapallo\/miesten-mm-tilastot\/\" \/>\n<meta property=\"og:site_name\" content=\"Suomen J\u00e4\u00e4palloliitto\" \/>\n<meta property=\"article:modified_time\" content=\"2018-05-30T09:40:03+00:00\" \/>\n<meta property=\"og:image\" content=\"http:\/\/www.finbandy.fi\/fi\/wp-content\/uploads\/2013\/11\/Kultajoukkue-300x211.png\" \/>\n<meta name=\"twitter:card\" content=\"summary_large_image\" \/>\n<script type=\"application\/ld+json\" class=\"yoast-schema-graph\">{\"@context\":\"https:\/\/schema.org\",\"@graph\":[{\"@type\":\"WebPage\",\"@id\":\"https:\/\/www.finbandy.fi\/fi\/tilastot\/kansainvalinen-jaapallo\/miesten-mm-tilastot\/\",\"url\":\"https:\/\/www.finbandy.fi\/fi\/tilastot\/kansainvalinen-jaapallo\/miesten-mm-tilastot\/\",\"name\":\"Miesten MM-tilastot - Suomen J\u00e4\u00e4palloliitto\",\"isPartOf\":{\"@id\":\"https:\/\/www.finbandy.fi\/fi\/#website\"},\"datePublished\":\"2013-11-08T12:41:42+00:00\",\"dateModified\":\"2018-05-30T09:40:03+00:00\",\"breadcrumb\":{\"@id\":\"https:\/\/www.finbandy.fi\/fi\/tilastot\/kansainvalinen-jaapallo\/miesten-mm-tilastot\/#breadcrumb\"},\"inLanguage\":\"fi\",\"potentialAction\":[{\"@type\":\"ReadAction\",\"target\":[\"https:\/\/www.finbandy.fi\/fi\/tilastot\/kansainvalinen-jaapallo\/miesten-mm-tilastot\/\"]}]},{\"@type\":\"BreadcrumbList\",\"@id\":\"https:\/\/www.finbandy.fi\/fi\/tilastot\/kansainvalinen-jaapallo\/miesten-mm-tilastot\/#breadcrumb\",\"itemListElement\":[{\"@type\":\"ListItem\",\"position\":1,\"name\":\"Etusivu\",\"item\":\"https:\/\/www.finbandy.fi\/fi\/\"},{\"@type\":\"ListItem\",\"position\":2,\"name\":\"Tilastot\",\"item\":\"https:\/\/www.finbandy.fi\/fi\/tilastot\/\"},{\"@type\":\"ListItem\",\"position\":3,\"name\":\"Kansainv\u00e4linen j\u00e4\u00e4pallo\",\"item\":\"https:\/\/www.finbandy.fi\/fi\/tilastot\/kansainvalinen-jaapallo\/\"},{\"@type\":\"ListItem\",\"position\":4,\"name\":\"Miesten MM-tilastot\"}]},{\"@type\":\"WebSite\",\"@id\":\"https:\/\/www.finbandy.fi\/fi\/#website\",\"url\":\"https:\/\/www.finbandy.fi\/fi\/\",\"name\":\"Suomen J\u00e4\u00e4palloliitto\",\"description\":\"\",\"potentialAction\":[{\"@type\":\"SearchAction\",\"target\":{\"@type\":\"EntryPoint\",\"urlTemplate\":\"https:\/\/www.finbandy.fi\/fi\/?s={search_term_string}\"},\"query-input\":\"required name=search_term_string\"}],\"inLanguage\":\"fi\"}]}<\/script>\n<!-- \/ Yoast SEO plugin. -->","yoast_head_json":{"title":"Miesten MM-tilastot - Suomen J\u00e4\u00e4palloliitto","robots":{"index":"index","follow":"follow","max-snippet":"max-snippet:-1","max-image-preview":"max-image-preview:large","max-video-preview":"max-video-preview:-1"},"canonical":"https:\/\/www.finbandy.fi\/fi\/tilastot\/kansainvalinen-jaapallo\/miesten-mm-tilastot\/","og_locale":"fi_FI","og_type":"article","og_title":"Miesten MM-tilastot - Suomen J\u00e4\u00e4palloliitto","og_description":"Miesten MM-kisatilastot, mestarit ja maratontaulukot. Lopussa on linkit my\u00f6s naisten ja nuorten MM-kisoihin. &nbsp; Miesten MM kultajoukkue 2004 Russian Government Cupin tulokset\u00a0sek\u00e4 Wikipedian tilastoja, l\u00f6ytyv\u00e4t my\u00f6s MM-kisatilastoista klikkaamalla j\u00e4rjest\u00e4misvuotta: Kazakstan 2012, V\u00e4nersborg 2013, Irkutsk 2014\u00a0 Habarovsk 2015 Uljanovsk 2016 Miesten MM 2004 &#8211; Sami Laakkosen jatkoaikamaali Miesten MM 2004 finaali &#8211; you tube","og_url":"https:\/\/www.finbandy.fi\/fi\/tilastot\/kansainvalinen-jaapallo\/miesten-mm-tilastot\/","og_site_name":"Suomen J\u00e4\u00e4palloliitto","article_modified_time":"2018-05-30T09:40:03+00:00","og_image":[{"url":"http:\/\/www.finbandy.fi\/fi\/wp-content\/uploads\/2013\/11\/Kultajoukkue-300x211.png"}],"twitter_card":"summary_large_image","schema":{"@context":"https:\/\/schema.org","@graph":[{"@type":"WebPage","@id":"https:\/\/www.finbandy.fi\/fi\/tilastot\/kansainvalinen-jaapallo\/miesten-mm-tilastot\/","url":"https:\/\/www.finbandy.fi\/fi\/tilastot\/kansainvalinen-jaapallo\/miesten-mm-tilastot\/","name":"Miesten MM-tilastot - Suomen J\u00e4\u00e4palloliitto","isPartOf":{"@id":"https:\/\/www.finbandy.fi\/fi\/#website"},"datePublished":"2013-11-08T12:41:42+00:00","dateModified":"2018-05-30T09:40:03+00:00","breadcrumb":{"@id":"https:\/\/www.finbandy.fi\/fi\/tilastot\/kansainvalinen-jaapallo\/miesten-mm-tilastot\/#breadcrumb"},"inLanguage":"fi","potentialAction":[{"@type":"ReadAction","target":["https:\/\/www.finbandy.fi\/fi\/tilastot\/kansainvalinen-jaapallo\/miesten-mm-tilastot\/"]}]},{"@type":"BreadcrumbList","@id":"https:\/\/www.finbandy.fi\/fi\/tilastot\/kansainvalinen-jaapallo\/miesten-mm-tilastot\/#breadcrumb","itemListElement":[{"@type":"ListItem","position":1,"name":"Etusivu","item":"https:\/\/www.finbandy.fi\/fi\/"},{"@type":"ListItem","position":2,"name":"Tilastot","item":"https:\/\/www.finbandy.fi\/fi\/tilastot\/"},{"@type":"ListItem","position":3,"name":"Kansainv\u00e4linen j\u00e4\u00e4pallo","item":"https:\/\/www.finbandy.fi\/fi\/tilastot\/kansainvalinen-jaapallo\/"},{"@type":"ListItem","position":4,"name":"Miesten MM-tilastot"}]},{"@type":"WebSite","@id":"https:\/\/www.finbandy.fi\/fi\/#website","url":"https:\/\/www.finbandy.fi\/fi\/","name":"Suomen J\u00e4\u00e4palloliitto","description":"","potentialAction":[{"@type":"SearchAction","target":{"@type":"EntryPoint","urlTemplate":"https:\/\/www.finbandy.fi\/fi\/?s={search_term_string}"},"query-input":"required name=search_term_string"}],"inLanguage":"fi"}]}},"_links":{"self":[{"href":"https:\/\/www.finbandy.fi\/fi\/wp-json\/wp\/v2\/pages\/767"}],"collection":[{"href":"https:\/\/www.finbandy.fi\/fi\/wp-json\/wp\/v2\/pages"}],"about":[{"href":"https:\/\/www.finbandy.fi\/fi\/wp-json\/wp\/v2\/types\/page"}],"author":[{"embeddable":true,"href":"https:\/\/www.finbandy.fi\/fi\/wp-json\/wp\/v2\/users\/1"}],"replies":[{"embeddable":true,"href":"https:\/\/www.finbandy.fi\/fi\/wp-json\/wp\/v2\/comments?post=767"}],"version-history":[{"count":16,"href":"https:\/\/www.finbandy.fi\/fi\/wp-json\/wp\/v2\/pages\/767\/revisions"}],"predecessor-version":[{"id":13846,"href":"https:\/\/www.finbandy.fi\/fi\/wp-json\/wp\/v2\/pages\/767\/revisions\/13846"}],"up":[{"embeddable":true,"href":"https:\/\/www.finbandy.fi\/fi\/wp-json\/wp\/v2\/pages\/3868"}],"wp:attachment":[{"href":"https:\/\/www.finbandy.fi\/fi\/wp-json\/wp\/v2\/media?parent=767"}],"curies":[{"name":"wp","href":"https:\/\/api.w.org\/{rel}","templated":true}]}}