{"id":770,"date":"2013-11-11T08:59:04","date_gmt":"2013-11-11T06:59:04","guid":{"rendered":"https:\/\/www.finbandy.fi\/fi\/?page_id=770"},"modified":"2025-08-13T11:23:59","modified_gmt":"2025-08-13T08:23:59","slug":"a-maajoukkue","status":"publish","type":"page","link":"https:\/\/www.finbandy.fi\/fi\/maajoukkueet\/a-maajoukkue\/","title":{"rendered":"A-maajoukkue"},"content":{"rendered":"<div id=\"wp_fb_like_button\" style=\"margin:5px 0;float:none;height:50px;\"><script src=\"http:\/\/connect.facebook.net\/en_US\/all.js#xfbml=1\"><\/script><fb:like href=\"https:\/\/www.finbandy.fi\/fi\/maajoukkueet\/a-maajoukkue\/\" send=\"true\" layout=\"button_count\" width=\"400\" show_faces=\"false\" font=\"arial\" action=\"like\" colorscheme=\"light\"><\/fb:like><\/div>\n<p><strong>Johtoryhm\u00e4<\/strong>:<\/p>\n<p>MANNINEN Olli, general manager<br \/>+358 44 973 2763, mannisolli65@gmail.com<\/p>\n<p>HOLOPAINEN Ari, p\u00e4\u00e4valmentaja<br \/>+46 703 447 773, ari.holopainen(at)lidanmarine.com<\/p>\n<p>HILTUNEN Pekka, valmentaja<br \/>+358 40 869 8112, pekka78(at)gmail.com<\/p>\n<p>HILTUNEN Pasi, joukkueenjohtaja\/huoltaja<br \/>+358 40 079 8488, pasihiltunen72(at)gmail.com<\/p>\n<p><span data-contrast=\"auto\">Huoltaja: Peter Tukiainen.<\/span><\/p>\n<p>\u00a0<\/p>\n<p>\u00a0<\/p>\n","protected":false},"excerpt":{"rendered":"<p>Johtoryhm\u00e4: MANNINEN Olli, general manager+358 44 973 2763, mannisolli65@gmail.com HOLOPAINEN Ari, p\u00e4\u00e4valmentaja+46 703 447 773, ari.holopainen(at)lidanmarine.com HILTUNEN Pekka, valmentaja+358 40 869 8112, pekka78(at)gmail.com HILTUNEN Pasi, joukkueenjohtaja\/huoltaja+358 40 079 8488, pasihiltunen72(at)gmail.com Huoltaja: Peter Tukiainen. \u00a0 \u00a0<\/p>\n","protected":false},"author":1,"featured_media":0,"parent":744,"menu_order":2,"comment_status":"open","ping_status":"open","template":"","meta":{"_monsterinsights_skip_tracking":false,"_monsterinsights_sitenote_active":false,"_monsterinsights_sitenote_note":"","_monsterinsights_sitenote_category":0,"site-sidebar-layout":"default","site-content-layout":"default","ast-site-content-layout":"default","site-content-style":"default","site-sidebar-style":"default","ast-global-header-display":"","ast-banner-title-visibility":"","ast-main-header-display":"","ast-hfb-above-header-display":"","ast-hfb-below-header-display":"","ast-hfb-mobile-header-display":"","site-post-title":"","ast-breadcrumbs-content":"","ast-featured-img":"","footer-sml-layout":"","theme-transparent-header-meta":"default","adv-header-id-meta":"","stick-header-meta":"","header-above-stick-meta":"","header-main-stick-meta":"","header-below-stick-meta":"","astra-migrate-meta-layouts":"set","ast-page-background-enabled":"default","ast-page-background-meta":{"desktop":{"background-color":"var(--ast-global-color-4)","background-image":"","background-repeat":"repeat","background-position":"center center","background-size":"auto","background-attachment":"scroll","background-type":"","background-media":"","overlay-type":"","overlay-color":"","overlay-opacity":"","overlay-gradient":""},"tablet":{"background-color":"","background-image":"","background-repeat":"repeat","background-position":"center center","background-size":"auto","background-attachment":"scroll","background-type":"","background-media":"","overlay-type":"","overlay-color":"","overlay-opacity":"","overlay-gradient":""},"mobile":{"background-color":"","background-image":"","background-repeat":"repeat","background-position":"center center","background-size":"auto","background-attachment":"scroll","background-type":"","background-media":"","overlay-type":"","overlay-color":"","overlay-opacity":"","overlay-gradient":""}},"ast-content-background-meta":{"desktop":{"background-color":"var(--ast-global-color-5)","background-image":"","background-repeat":"repeat","background-position":"center center","background-size":"auto","background-attachment":"scroll","background-type":"","background-media":"","overlay-type":"","overlay-color":"","overlay-opacity":"","overlay-gradient":""},"tablet":{"background-color":"var(--ast-global-color-5)","background-image":"","background-repeat":"repeat","background-position":"center center","background-size":"auto","background-attachment":"scroll","background-type":"","background-media":"","overlay-type":"","overlay-color":"","overlay-opacity":"","overlay-gradient":""},"mobile":{"background-color":"var(--ast-global-color-5)","background-image":"","background-repeat":"repeat","background-position":"center center","background-size":"auto","background-attachment":"scroll","background-type":"","background-media":"","overlay-type":"","overlay-color":"","overlay-opacity":"","overlay-gradient":""}},"footnotes":"","_expiration-date-status":"","_expiration-date":0,"_expiration-date-type":"","_expiration-date-categories":[],"_expiration-date-options":[]},"class_list":["post-770","page","type-page","status-publish","hentry"],"yoast_head":"<!-- This site is optimized with the Yoast SEO plugin v19.7.1 - https:\/\/yoast.com\/wordpress\/plugins\/seo\/ -->\n<title>A-maajoukkue - Suomen J\u00e4\u00e4palloliitto<\/title>\n<meta name=\"robots\" content=\"index, follow, max-snippet:-1, max-image-preview:large, max-video-preview:-1\" \/>\n<link rel=\"canonical\" href=\"https:\/\/www.finbandy.fi\/fi\/maajoukkueet\/a-maajoukkue\/\" \/>\n<meta property=\"og:locale\" content=\"fi_FI\" \/>\n<meta property=\"og:type\" content=\"article\" \/>\n<meta property=\"og:title\" content=\"A-maajoukkue - Suomen J\u00e4\u00e4palloliitto\" \/>\n<meta property=\"og:description\" content=\"Johtoryhm\u00e4: MANNINEN Olli, general manager+358 44 973 2763, mannisolli65@gmail.com HOLOPAINEN Ari, p\u00e4\u00e4valmentaja+46 703 447 773, ari.holopainen(at)lidanmarine.com HILTUNEN Pekka, valmentaja+358 40 869 8112, pekka78(at)gmail.com HILTUNEN Pasi, joukkueenjohtaja\/huoltaja+358 40 079 8488, pasihiltunen72(at)gmail.com Huoltaja: Peter Tukiainen. \u00a0 \u00a0\" \/>\n<meta property=\"og:url\" content=\"https:\/\/www.finbandy.fi\/fi\/maajoukkueet\/a-maajoukkue\/\" \/>\n<meta property=\"og:site_name\" content=\"Suomen J\u00e4\u00e4palloliitto\" \/>\n<meta property=\"article:modified_time\" content=\"2025-08-13T08:23:59+00:00\" \/>\n<meta name=\"twitter:card\" content=\"summary_large_image\" \/>\n<meta name=\"twitter:label1\" content=\"Arvioitu lukuaika\" \/>\n\t<meta name=\"twitter:data1\" content=\"1 minuutti\" \/>\n<script type=\"application\/ld+json\" class=\"yoast-schema-graph\">{\"@context\":\"https:\/\/schema.org\",\"@graph\":[{\"@type\":\"WebPage\",\"@id\":\"https:\/\/www.finbandy.fi\/fi\/maajoukkueet\/a-maajoukkue\/\",\"url\":\"https:\/\/www.finbandy.fi\/fi\/maajoukkueet\/a-maajoukkue\/\",\"name\":\"A-maajoukkue - Suomen J\u00e4\u00e4palloliitto\",\"isPartOf\":{\"@id\":\"https:\/\/www.finbandy.fi\/fi\/#website\"},\"datePublished\":\"2013-11-11T06:59:04+00:00\",\"dateModified\":\"2025-08-13T08:23:59+00:00\",\"breadcrumb\":{\"@id\":\"https:\/\/www.finbandy.fi\/fi\/maajoukkueet\/a-maajoukkue\/#breadcrumb\"},\"inLanguage\":\"fi\",\"potentialAction\":[{\"@type\":\"ReadAction\",\"target\":[\"https:\/\/www.finbandy.fi\/fi\/maajoukkueet\/a-maajoukkue\/\"]}]},{\"@type\":\"BreadcrumbList\",\"@id\":\"https:\/\/www.finbandy.fi\/fi\/maajoukkueet\/a-maajoukkue\/#breadcrumb\",\"itemListElement\":[{\"@type\":\"ListItem\",\"position\":1,\"name\":\"Etusivu\",\"item\":\"https:\/\/www.finbandy.fi\/fi\/\"},{\"@type\":\"ListItem\",\"position\":2,\"name\":\"Maajoukkueet\",\"item\":\"https:\/\/www.finbandy.fi\/fi\/maajoukkueet\/\"},{\"@type\":\"ListItem\",\"position\":3,\"name\":\"A-maajoukkue\"}]},{\"@type\":\"WebSite\",\"@id\":\"https:\/\/www.finbandy.fi\/fi\/#website\",\"url\":\"https:\/\/www.finbandy.fi\/fi\/\",\"name\":\"Suomen J\u00e4\u00e4palloliitto\",\"description\":\"\",\"potentialAction\":[{\"@type\":\"SearchAction\",\"target\":{\"@type\":\"EntryPoint\",\"urlTemplate\":\"https:\/\/www.finbandy.fi\/fi\/?s={search_term_string}\"},\"query-input\":\"required name=search_term_string\"}],\"inLanguage\":\"fi\"}]}<\/script>\n<!-- \/ Yoast SEO plugin. -->","yoast_head_json":{"title":"A-maajoukkue - Suomen J\u00e4\u00e4palloliitto","robots":{"index":"index","follow":"follow","max-snippet":"max-snippet:-1","max-image-preview":"max-image-preview:large","max-video-preview":"max-video-preview:-1"},"canonical":"https:\/\/www.finbandy.fi\/fi\/maajoukkueet\/a-maajoukkue\/","og_locale":"fi_FI","og_type":"article","og_title":"A-maajoukkue - Suomen J\u00e4\u00e4palloliitto","og_description":"Johtoryhm\u00e4: MANNINEN Olli, general manager+358 44 973 2763, mannisolli65@gmail.com HOLOPAINEN Ari, p\u00e4\u00e4valmentaja+46 703 447 773, ari.holopainen(at)lidanmarine.com HILTUNEN Pekka, valmentaja+358 40 869 8112, pekka78(at)gmail.com HILTUNEN Pasi, joukkueenjohtaja\/huoltaja+358 40 079 8488, pasihiltunen72(at)gmail.com Huoltaja: Peter Tukiainen. \u00a0 \u00a0","og_url":"https:\/\/www.finbandy.fi\/fi\/maajoukkueet\/a-maajoukkue\/","og_site_name":"Suomen J\u00e4\u00e4palloliitto","article_modified_time":"2025-08-13T08:23:59+00:00","twitter_card":"summary_large_image","twitter_misc":{"Arvioitu lukuaika":"1 minuutti"},"schema":{"@context":"https:\/\/schema.org","@graph":[{"@type":"WebPage","@id":"https:\/\/www.finbandy.fi\/fi\/maajoukkueet\/a-maajoukkue\/","url":"https:\/\/www.finbandy.fi\/fi\/maajoukkueet\/a-maajoukkue\/","name":"A-maajoukkue - Suomen J\u00e4\u00e4palloliitto","isPartOf":{"@id":"https:\/\/www.finbandy.fi\/fi\/#website"},"datePublished":"2013-11-11T06:59:04+00:00","dateModified":"2025-08-13T08:23:59+00:00","breadcrumb":{"@id":"https:\/\/www.finbandy.fi\/fi\/maajoukkueet\/a-maajoukkue\/#breadcrumb"},"inLanguage":"fi","potentialAction":[{"@type":"ReadAction","target":["https:\/\/www.finbandy.fi\/fi\/maajoukkueet\/a-maajoukkue\/"]}]},{"@type":"BreadcrumbList","@id":"https:\/\/www.finbandy.fi\/fi\/maajoukkueet\/a-maajoukkue\/#breadcrumb","itemListElement":[{"@type":"ListItem","position":1,"name":"Etusivu","item":"https:\/\/www.finbandy.fi\/fi\/"},{"@type":"ListItem","position":2,"name":"Maajoukkueet","item":"https:\/\/www.finbandy.fi\/fi\/maajoukkueet\/"},{"@type":"ListItem","position":3,"name":"A-maajoukkue"}]},{"@type":"WebSite","@id":"https:\/\/www.finbandy.fi\/fi\/#website","url":"https:\/\/www.finbandy.fi\/fi\/","name":"Suomen J\u00e4\u00e4palloliitto","description":"","potentialAction":[{"@type":"SearchAction","target":{"@type":"EntryPoint","urlTemplate":"https:\/\/www.finbandy.fi\/fi\/?s={search_term_string}"},"query-input":"required name=search_term_string"}],"inLanguage":"fi"}]}},"_links":{"self":[{"href":"https:\/\/www.finbandy.fi\/fi\/wp-json\/wp\/v2\/pages\/770"}],"collection":[{"href":"https:\/\/www.finbandy.fi\/fi\/wp-json\/wp\/v2\/pages"}],"about":[{"href":"https:\/\/www.finbandy.fi\/fi\/wp-json\/wp\/v2\/types\/page"}],"author":[{"embeddable":true,"href":"https:\/\/www.finbandy.fi\/fi\/wp-json\/wp\/v2\/users\/1"}],"replies":[{"embeddable":true,"href":"https:\/\/www.finbandy.fi\/fi\/wp-json\/wp\/v2\/comments?post=770"}],"version-history":[{"count":10,"href":"https:\/\/www.finbandy.fi\/fi\/wp-json\/wp\/v2\/pages\/770\/revisions"}],"predecessor-version":[{"id":23751,"href":"https:\/\/www.finbandy.fi\/fi\/wp-json\/wp\/v2\/pages\/770\/revisions\/23751"}],"up":[{"embeddable":true,"href":"https:\/\/www.finbandy.fi\/fi\/wp-json\/wp\/v2\/pages\/744"}],"wp:attachment":[{"href":"https:\/\/www.finbandy.fi\/fi\/wp-json\/wp\/v2\/media?parent=770"}],"curies":[{"name":"wp","href":"https:\/\/api.w.org\/{rel}","templated":true}]}}